{"id":4988,"date":"2022-06-02T21:14:33","date_gmt":"2022-06-02T21:14:33","guid":{"rendered":"http:\/\/localhost\/wordpress\/?post_type=product&#038;p=4988"},"modified":"2026-03-02T19:28:57","modified_gmt":"2026-03-02T19:28:57","slug":"sac-de-rangement-pour-les-fenetres-de-la-capote","status":"publish","type":"product","link":"https:\/\/ksproducts.ca\/fr\/product\/soft-top-window-storage-bag\/","title":{"rendered":"Rightline Gear Sac de rangement pour fen\u00eatre de capote de Jeep r\u00e9sistant aux intemp\u00e9ries"},"content":{"rendered":"<ul>\n<li>Dimensions : 55\u201d L x 6.5\u201d<\/li>\n<li>R\u00e9sistant aux intemp\u00e9ries gr\u00e2ce \u00e0 des coutures soud\u00e9es et \u00e0 une fermeture \u00e0 glissi\u00e8re recouverte d'ur\u00e9thane<\/li>\n<li>Convient : Wrangler JK (2 portes et 4 portes), TJ, LJ, YJ, CJ<\/li>\n<li>Sangles fix\u00e9es aux arceaux de s\u00e9curit\u00e9, derri\u00e8re les appuis-t\u00eate des si\u00e8ges arri\u00e8re ou derri\u00e8re les appuis-t\u00eate des si\u00e8ges avant, en position haute ou basse.<\/li>\n<li>Couleur : Noir<\/li>\n<li>Comprend : un sac, une housse de fen\u00eatre en n\u00e9opr\u00e8ne et un guide d'installation.<\/li>\n<\/ul>","protected":false},"excerpt":{"rendered":"<p>Un rangement de fen\u00eatre sans rayures qui se fixe \u00e0 votre Jeep Wrangler ! Le sac de rangement des vitres du toit souple Rightline Gear peut contenir 3 vitres dans des poches individuelles du manchon de vitres en n\u00e9opr\u00e8ne. Le manchon en n\u00e9opr\u00e8ne est non abrasif, hautement protecteur, r\u00e9sistant \u00e0 l'eau et ne ramasse pas la salet\u00e9, les peluches ou d'autres d\u00e9bris du sol. Le manchon est enroul\u00e9, la boucle de fermeture rapide serr\u00e9e et gliss\u00e9e \u00e0 l'int\u00e9rieur du sac de rangement de la fen\u00eatre. La barre de fen\u00eatre arri\u00e8re fournit une structure pour le sac, l'emp\u00eachant de s'affaisser ou de battre au vent. Le sac de rangement de fen\u00eatre Soft Top est fabriqu\u00e9 \u00e0 partir d'une maille enduite de PVC r\u00e9sistante, renforc\u00e9e pour la solidit\u00e9 et la protection contre les UV.<\/p>","protected":false},"featured_media":4989,"comment_status":"open","ping_status":"closed","template":"","meta":[],"product_cat":[430],"product_tag":[164,149,169],"class_list":{"0":"post-4988","1":"product","2":"type-product","3":"status-publish","4":"has-post-thumbnail","6":"product_brand-rightline-gear","7":"product_cat-automotive-gear","8":"product_tag-jeep-storage","9":"product_tag-rightline-gear","10":"product_tag-window-storage","11":"product_shipping_class-class-2","13":"first","14":"instock","15":"taxable","16":"shipping-taxable","17":"purchasable","18":"product-type-simple"},"yoast_head":"<!-- This site is optimized with the Yoast SEO plugin v27.3 - https:\/\/yoast.com\/product\/yoast-seo-wordpress\/ -->\n<title>Rightline Gear Weatherproof Jeep Soft Top Window Storage Bag - Ks Products<\/title>\n<meta name=\"robots\" content=\"index, follow, max-snippet:-1, max-image-preview:large, max-video-preview:-1\" \/>\n<link rel=\"canonical\" href=\"https:\/\/ksproducts.ca\/fr\/product\/sac-de-rangement-pour-les-fenetres-de-la-capote\/\" \/>\n<meta property=\"og:locale\" content=\"fr_CA\" \/>\n<meta property=\"og:type\" content=\"article\" \/>\n<meta property=\"og:title\" content=\"Rightline Gear Weatherproof Jeep Soft Top Window Storage Bag - Ks Products\" \/>\n<meta property=\"og:description\" content=\"Scratch-free window storage that attaches to your Jeep Wrangler! The Rightline Gear Soft Top Window Storage Bag holds (3) windows inside individual pockets of the neoprene window sleeve. The neoprene sleeve is nonabrasive, highly protective, water-resistant, and does not pick up dirt, lint, or other debris from the ground. The sleeve is rolled up, quick release buckled tight, and slid inside the Window Storage Bag. The rear window bar provides a structure for the bag, keeping it from sagging or flapping in the wind. The Soft Top Window Storage Bag is made from tough PVC Coated Mesh that is reinforced for strength and UV protection.\" \/>\n<meta property=\"og:url\" content=\"https:\/\/ksproducts.ca\/fr\/product\/sac-de-rangement-pour-les-fenetres-de-la-capote\/\" \/>\n<meta property=\"og:site_name\" content=\"Ks Products\" \/>\n<meta property=\"article:modified_time\" content=\"2026-03-02T19:28:57+00:00\" \/>\n<meta property=\"og:image\" content=\"https:\/\/ksproducts.ca\/wp-content\/uploads\/2022\/06\/100J78-B-1-dbaa8d23-jpg.webp\" \/>\n\t<meta property=\"og:image:width\" content=\"1024\" \/>\n\t<meta property=\"og:image:height\" content=\"683\" \/>\n\t<meta property=\"og:image:type\" content=\"image\/jpeg\" \/>\n<meta name=\"twitter:card\" content=\"summary_large_image\" \/>\n<meta name=\"twitter:label1\" content=\"Estimation du temps de lecture\" \/>\n\t<meta name=\"twitter:data1\" content=\"1 minute\" \/>\n<script type=\"application\/ld+json\" class=\"yoast-schema-graph\">{\"@context\":\"https:\\\/\\\/schema.org\",\"@graph\":[{\"@type\":\"WebPage\",\"@id\":\"https:\\\/\\\/ksproducts.ca\\\/product\\\/soft-top-window-storage-bag\\\/\",\"url\":\"https:\\\/\\\/ksproducts.ca\\\/product\\\/soft-top-window-storage-bag\\\/\",\"name\":\"Rightline Gear Weatherproof Jeep Soft Top Window Storage Bag - Ks Products\",\"isPartOf\":{\"@id\":\"https:\\\/\\\/ksproducts.ca\\\/#website\"},\"primaryImageOfPage\":{\"@id\":\"https:\\\/\\\/ksproducts.ca\\\/product\\\/soft-top-window-storage-bag\\\/#primaryimage\"},\"image\":{\"@id\":\"https:\\\/\\\/ksproducts.ca\\\/product\\\/soft-top-window-storage-bag\\\/#primaryimage\"},\"thumbnailUrl\":\"https:\\\/\\\/ksproducts.ca\\\/wp-content\\\/uploads\\\/2022\\\/06\\\/100J78-B-1-dbaa8d23-jpg.webp\",\"datePublished\":\"2022-06-02T21:14:33+00:00\",\"dateModified\":\"2026-03-02T19:28:57+00:00\",\"breadcrumb\":{\"@id\":\"https:\\\/\\\/ksproducts.ca\\\/product\\\/soft-top-window-storage-bag\\\/#breadcrumb\"},\"inLanguage\":\"fr-CA\",\"potentialAction\":[{\"@type\":\"ReadAction\",\"target\":[\"https:\\\/\\\/ksproducts.ca\\\/product\\\/soft-top-window-storage-bag\\\/\"]}]},{\"@type\":\"ImageObject\",\"inLanguage\":\"fr-CA\",\"@id\":\"https:\\\/\\\/ksproducts.ca\\\/product\\\/soft-top-window-storage-bag\\\/#primaryimage\",\"url\":\"https:\\\/\\\/ksproducts.ca\\\/wp-content\\\/uploads\\\/2022\\\/06\\\/100J78-B-1-dbaa8d23-jpg.webp\",\"contentUrl\":\"https:\\\/\\\/ksproducts.ca\\\/wp-content\\\/uploads\\\/2022\\\/06\\\/100J78-B-1-dbaa8d23-jpg.webp\",\"width\":1024,\"height\":683,\"caption\":\"100J78 B 1 dbaa8d23 jpg\"},{\"@type\":\"BreadcrumbList\",\"@id\":\"https:\\\/\\\/ksproducts.ca\\\/product\\\/soft-top-window-storage-bag\\\/#breadcrumb\",\"itemListElement\":[{\"@type\":\"ListItem\",\"position\":1,\"name\":\"Home\",\"item\":\"https:\\\/\\\/ksproducts.ca\\\/\"},{\"@type\":\"ListItem\",\"position\":2,\"name\":\"Shop\",\"item\":\"https:\\\/\\\/ksproducts.ca\\\/shop\\\/\"},{\"@type\":\"ListItem\",\"position\":3,\"name\":\"Rightline Gear Weatherproof Jeep Soft Top Window Storage Bag\"}]},{\"@type\":\"WebSite\",\"@id\":\"https:\\\/\\\/ksproducts.ca\\\/#website\",\"url\":\"https:\\\/\\\/ksproducts.ca\\\/\",\"name\":\"Ks Products\",\"description\":\"Outdoor cooking and living, made easy in Canada\",\"publisher\":{\"@id\":\"https:\\\/\\\/ksproducts.ca\\\/#organization\"},\"potentialAction\":[{\"@type\":\"SearchAction\",\"target\":{\"@type\":\"EntryPoint\",\"urlTemplate\":\"https:\\\/\\\/ksproducts.ca\\\/?s={search_term_string}\"},\"query-input\":{\"@type\":\"PropertyValueSpecification\",\"valueRequired\":true,\"valueName\":\"search_term_string\"}}],\"inLanguage\":\"fr-CA\"},{\"@type\":\"Organization\",\"@id\":\"https:\\\/\\\/ksproducts.ca\\\/#organization\",\"name\":\"Ks Products\",\"url\":\"https:\\\/\\\/ksproducts.ca\\\/\",\"logo\":{\"@type\":\"ImageObject\",\"inLanguage\":\"fr-CA\",\"@id\":\"https:\\\/\\\/ksproducts.ca\\\/#\\\/schema\\\/logo\\\/image\\\/\",\"url\":\"https:\\\/\\\/ksproducts.ca\\\/wp-content\\\/uploads\\\/2023\\\/09\\\/Kennedy-Sales-Logo-header-1.png\",\"contentUrl\":\"https:\\\/\\\/ksproducts.ca\\\/wp-content\\\/uploads\\\/2023\\\/09\\\/Kennedy-Sales-Logo-header-1.png\",\"width\":150,\"height\":77,\"caption\":\"Ks Products\"},\"image\":{\"@id\":\"https:\\\/\\\/ksproducts.ca\\\/#\\\/schema\\\/logo\\\/image\\\/\"}}]}<\/script>\n<!-- \/ Yoast SEO plugin. -->","yoast_head_json":{"title":"Sac de rangement pour fen\u00eatre de capote de Jeep r\u00e9sistant aux intemp\u00e9ries Rightline Gear - Ks Products","robots":{"index":"index","follow":"follow","max-snippet":"max-snippet:-1","max-image-preview":"max-image-preview:large","max-video-preview":"max-video-preview:-1"},"canonical":"https:\/\/ksproducts.ca\/fr\/product\/sac-de-rangement-pour-les-fenetres-de-la-capote\/","og_locale":"fr_CA","og_type":"article","og_title":"Rightline Gear Weatherproof Jeep Soft Top Window Storage Bag - Ks Products","og_description":"Scratch-free window storage that attaches to your Jeep Wrangler! The Rightline Gear Soft Top Window Storage Bag holds (3) windows inside individual pockets of the neoprene window sleeve. The neoprene sleeve is nonabrasive, highly protective, water-resistant, and does not pick up dirt, lint, or other debris from the ground. The sleeve is rolled up, quick release buckled tight, and slid inside the Window Storage Bag. The rear window bar provides a structure for the bag, keeping it from sagging or flapping in the wind. The Soft Top Window Storage Bag is made from tough PVC Coated Mesh that is reinforced for strength and UV protection.","og_url":"https:\/\/ksproducts.ca\/fr\/product\/sac-de-rangement-pour-les-fenetres-de-la-capote\/","og_site_name":"Ks Products","article_modified_time":"2026-03-02T19:28:57+00:00","og_image":[{"width":1024,"height":683,"url":"https:\/\/ksproducts.ca\/wp-content\/uploads\/2022\/06\/100J78-B-1-dbaa8d23-jpg.webp","type":"image\/jpeg"}],"twitter_card":"summary_large_image","twitter_misc":{"Estimation du temps de lecture":"1 minute"},"schema":{"@context":"https:\/\/schema.org","@graph":[{"@type":"WebPage","@id":"https:\/\/ksproducts.ca\/product\/soft-top-window-storage-bag\/","url":"https:\/\/ksproducts.ca\/product\/soft-top-window-storage-bag\/","name":"Sac de rangement pour fen\u00eatre de capote de Jeep r\u00e9sistant aux intemp\u00e9ries Rightline Gear - Ks Products","isPartOf":{"@id":"https:\/\/ksproducts.ca\/#website"},"primaryImageOfPage":{"@id":"https:\/\/ksproducts.ca\/product\/soft-top-window-storage-bag\/#primaryimage"},"image":{"@id":"https:\/\/ksproducts.ca\/product\/soft-top-window-storage-bag\/#primaryimage"},"thumbnailUrl":"https:\/\/ksproducts.ca\/wp-content\/uploads\/2022\/06\/100J78-B-1-dbaa8d23-jpg.webp","datePublished":"2022-06-02T21:14:33+00:00","dateModified":"2026-03-02T19:28:57+00:00","breadcrumb":{"@id":"https:\/\/ksproducts.ca\/product\/soft-top-window-storage-bag\/#breadcrumb"},"inLanguage":"fr-CA","potentialAction":[{"@type":"ReadAction","target":["https:\/\/ksproducts.ca\/product\/soft-top-window-storage-bag\/"]}]},{"@type":"ImageObject","inLanguage":"fr-CA","@id":"https:\/\/ksproducts.ca\/product\/soft-top-window-storage-bag\/#primaryimage","url":"https:\/\/ksproducts.ca\/wp-content\/uploads\/2022\/06\/100J78-B-1-dbaa8d23-jpg.webp","contentUrl":"https:\/\/ksproducts.ca\/wp-content\/uploads\/2022\/06\/100J78-B-1-dbaa8d23-jpg.webp","width":1024,"height":683,"caption":"100J78 B 1 dbaa8d23 jpg"},{"@type":"BreadcrumbList","@id":"https:\/\/ksproducts.ca\/product\/soft-top-window-storage-bag\/#breadcrumb","itemListElement":[{"@type":"ListItem","position":1,"name":"Home","item":"https:\/\/ksproducts.ca\/"},{"@type":"ListItem","position":2,"name":"Shop","item":"https:\/\/ksproducts.ca\/shop\/"},{"@type":"ListItem","position":3,"name":"Rightline Gear Weatherproof Jeep Soft Top Window Storage Bag"}]},{"@type":"WebSite","@id":"https:\/\/ksproducts.ca\/#website","url":"https:\/\/ksproducts.ca\/","name":"Produits Ks","description":"Cuisiner et vivre en plein air, c'est facile au Canada","publisher":{"@id":"https:\/\/ksproducts.ca\/#organization"},"potentialAction":[{"@type":"SearchAction","target":{"@type":"EntryPoint","urlTemplate":"https:\/\/ksproducts.ca\/?s={search_term_string}"},"query-input":{"@type":"PropertyValueSpecification","valueRequired":true,"valueName":"search_term_string"}}],"inLanguage":"fr-CA"},{"@type":"Organization","@id":"https:\/\/ksproducts.ca\/#organization","name":"Produits Ks","url":"https:\/\/ksproducts.ca\/","logo":{"@type":"ImageObject","inLanguage":"fr-CA","@id":"https:\/\/ksproducts.ca\/#\/schema\/logo\/image\/","url":"https:\/\/ksproducts.ca\/wp-content\/uploads\/2023\/09\/Kennedy-Sales-Logo-header-1.png","contentUrl":"https:\/\/ksproducts.ca\/wp-content\/uploads\/2023\/09\/Kennedy-Sales-Logo-header-1.png","width":150,"height":77,"caption":"Ks Products"},"image":{"@id":"https:\/\/ksproducts.ca\/#\/schema\/logo\/image\/"}}]}},"_links":{"self":[{"href":"https:\/\/ksproducts.ca\/fr\/wp-json\/wp\/v2\/product\/4988","targetHints":{"allow":["GET"]}}],"collection":[{"href":"https:\/\/ksproducts.ca\/fr\/wp-json\/wp\/v2\/product"}],"about":[{"href":"https:\/\/ksproducts.ca\/fr\/wp-json\/wp\/v2\/types\/product"}],"replies":[{"embeddable":true,"href":"https:\/\/ksproducts.ca\/fr\/wp-json\/wp\/v2\/comments?post=4988"}],"version-history":[{"count":3,"href":"https:\/\/ksproducts.ca\/fr\/wp-json\/wp\/v2\/product\/4988\/revisions"}],"predecessor-version":[{"id":10540,"href":"https:\/\/ksproducts.ca\/fr\/wp-json\/wp\/v2\/product\/4988\/revisions\/10540"}],"wp:featuredmedia":[{"embeddable":true,"href":"https:\/\/ksproducts.ca\/fr\/wp-json\/wp\/v2\/media\/4989"}],"wp:attachment":[{"href":"https:\/\/ksproducts.ca\/fr\/wp-json\/wp\/v2\/media?parent=4988"}],"wp:term":[{"taxonomy":"product_cat","embeddable":true,"href":"https:\/\/ksproducts.ca\/fr\/wp-json\/wp\/v2\/product_cat?post=4988"},{"taxonomy":"product_tag","embeddable":true,"href":"https:\/\/ksproducts.ca\/fr\/wp-json\/wp\/v2\/product_tag?post=4988"}],"curies":[{"name":"wp","href":"https:\/\/api.w.org\/{rel}","templated":true}]}}