{"id":5039,"date":"2022-06-06T19:33:09","date_gmt":"2022-06-06T19:33:09","guid":{"rendered":"http:\/\/localhost\/wordpress\/?post_type=product&#038;p=5039"},"modified":"2026-04-06T12:12:08","modified_gmt":"2026-04-06T12:12:08","slug":"filet-de-chargement-a-elastiques","status":"publish","type":"product","link":"https:\/\/ksproducts.ca\/fr\/product\/bungee-cargo-net\/","title":{"rendered":"Rightline Gear Filet de chargement de caisse de camion r\u00e9sistant aux intemp\u00e9ries avec b\u00e2che int\u00e9gr\u00e9e - 6\u2032 x 5\u2032"},"content":{"rendered":"<ul>\n<li>Dimensions : 5\u2019 W x 6\u2019L non \u00e9tir\u00e9<\/li>\n<li>Une taille unique pour tous les lits de camion : taille normale, taille moyenne et taille compacte.<\/li>\n<li>Les crochets rigides ne se plient pas et ne se cassent pas<\/li>\n<li>Les crochets sont con\u00e7us pour se connecter facilement dans les espaces restreints.<\/li>\n<li>Les crochets sont d\u00e9pla\u00e7ables pour ajuster la taille et la tension du filet.<\/li>\n<li>Comprend : filet de protection et (12) crochets<\/li>\n<\/ul>\n<p>&nbsp;<\/p>","protected":false},"excerpt":{"rendered":"<p>Le filet de chargement Rightline Gear Bungee permet de s\u00e9curiser votre mat\u00e9riel dans les coffres de camions de toutes tailles. Les crochets repositionnables peuvent \u00eatre rapproch\u00e9s du milieu du filet de chargement pour r\u00e9duire l'espace utilisable du filet ou pour ajuster la tension du filet. Les crochets sont rigides et conservent leur forme sous la pression ; ils ne se plient pas et ne se cassent pas. Les crochets sont con\u00e7us pour se connecter aux points d'attache dans les espaces restreints. Le filet est prot\u00e9g\u00e9 contre les UV afin de conserver son \u00e9lasticit\u00e9 et d'\u00e9viter la d\u00e9coloration ; id\u00e9al pour des ann\u00e9es d'utilisation continue !<\/p>","protected":false},"featured_media":5040,"comment_status":"open","ping_status":"closed","template":"","meta":[],"product_cat":[430,431],"product_tag":[198,192,197,149],"class_list":{"0":"post-5039","1":"product","2":"type-product","3":"status-publish","4":"has-post-thumbnail","6":"product_brand-rightline-gear","7":"product_cat-automotive-gear","8":"product_cat-camping-rv-essentials","9":"product_tag-bungee","10":"product_tag-cargo","11":"product_tag-cargo-net","12":"product_tag-rightline-gear","13":"product_shipping_class-class-1","15":"first","16":"instock","17":"taxable","18":"shipping-taxable","19":"purchasable","20":"product-type-simple"},"yoast_head":"<!-- This site is optimized with the Yoast SEO plugin v27.3 - https:\/\/yoast.com\/product\/yoast-seo-wordpress\/ -->\n<title>Rightline Gear Weatherproof Truck Bed Cargo Net with Built-in Tarp - 6&#039; x 5&#039; - Ks Products<\/title>\n<meta name=\"description\" content=\"The Rightline Gear Bungee Cargo Net works to secure your gear in all size truck beds. The relocatable hooks can be moved closer to the middle of the cargo net to make the usable net space smaller or to adjust the tension of the net.\" \/>\n<meta name=\"robots\" content=\"index, follow, max-snippet:-1, max-image-preview:large, max-video-preview:-1\" \/>\n<link rel=\"canonical\" href=\"https:\/\/ksproducts.ca\/fr\/product\/filet-de-chargement-a-elastiques\/\" \/>\n<meta property=\"og:locale\" content=\"fr_CA\" \/>\n<meta property=\"og:type\" content=\"article\" \/>\n<meta property=\"og:title\" content=\"Rightline Gear Weatherproof Truck Bed Cargo Net with Built-in Tarp - 6&#039; x 5&#039; - Ks Products\" \/>\n<meta property=\"og:description\" content=\"The Rightline Gear Bungee Cargo Net works to secure your gear in all size truck beds. The relocatable hooks can be moved closer to the middle of the cargo net to make the usable net space smaller or to adjust the tension of the net.\" \/>\n<meta property=\"og:url\" content=\"https:\/\/ksproducts.ca\/fr\/product\/filet-de-chargement-a-elastiques\/\" \/>\n<meta property=\"og:site_name\" content=\"Ks Products\" \/>\n<meta property=\"article:modified_time\" content=\"2026-04-06T12:12:08+00:00\" \/>\n<meta property=\"og:image\" content=\"https:\/\/ksproducts.ca\/wp-content\/uploads\/2022\/06\/bungee-cargo-net-1-Bungee-Net-in-Truck-Bed-b694b2ae-jpeg.webp\" \/>\n\t<meta property=\"og:image:width\" content=\"700\" \/>\n\t<meta property=\"og:image:height\" content=\"300\" \/>\n\t<meta property=\"og:image:type\" content=\"image\/jpeg\" \/>\n<meta name=\"twitter:card\" content=\"summary_large_image\" \/>\n<meta name=\"twitter:label1\" content=\"Estimation du temps de lecture\" \/>\n\t<meta name=\"twitter:data1\" content=\"1 minute\" \/>\n<script type=\"application\/ld+json\" class=\"yoast-schema-graph\">{\"@context\":\"https:\\\/\\\/schema.org\",\"@graph\":[{\"@type\":\"WebPage\",\"@id\":\"https:\\\/\\\/ksproducts.ca\\\/product\\\/bungee-cargo-net\\\/\",\"url\":\"https:\\\/\\\/ksproducts.ca\\\/product\\\/bungee-cargo-net\\\/\",\"name\":\"Rightline Gear Weatherproof Truck Bed Cargo Net with Built-in Tarp - 6' x 5' - Ks Products\",\"isPartOf\":{\"@id\":\"https:\\\/\\\/ksproducts.ca\\\/#website\"},\"primaryImageOfPage\":{\"@id\":\"https:\\\/\\\/ksproducts.ca\\\/product\\\/bungee-cargo-net\\\/#primaryimage\"},\"image\":{\"@id\":\"https:\\\/\\\/ksproducts.ca\\\/product\\\/bungee-cargo-net\\\/#primaryimage\"},\"thumbnailUrl\":\"https:\\\/\\\/ksproducts.ca\\\/wp-content\\\/uploads\\\/2022\\\/06\\\/bungee-cargo-net-1-Bungee-Net-in-Truck-Bed-b694b2ae-jpeg.webp\",\"datePublished\":\"2022-06-06T19:33:09+00:00\",\"dateModified\":\"2026-04-06T12:12:08+00:00\",\"description\":\"The Rightline Gear Bungee Cargo Net works to secure your gear in all size truck beds. The relocatable hooks can be moved closer to the middle of the cargo net to make the usable net space smaller or to adjust the tension of the net.\",\"breadcrumb\":{\"@id\":\"https:\\\/\\\/ksproducts.ca\\\/product\\\/bungee-cargo-net\\\/#breadcrumb\"},\"inLanguage\":\"fr-CA\",\"potentialAction\":[{\"@type\":\"ReadAction\",\"target\":[\"https:\\\/\\\/ksproducts.ca\\\/product\\\/bungee-cargo-net\\\/\"]}]},{\"@type\":\"ImageObject\",\"inLanguage\":\"fr-CA\",\"@id\":\"https:\\\/\\\/ksproducts.ca\\\/product\\\/bungee-cargo-net\\\/#primaryimage\",\"url\":\"https:\\\/\\\/ksproducts.ca\\\/wp-content\\\/uploads\\\/2022\\\/06\\\/bungee-cargo-net-1-Bungee-Net-in-Truck-Bed-b694b2ae-jpeg.webp\",\"contentUrl\":\"https:\\\/\\\/ksproducts.ca\\\/wp-content\\\/uploads\\\/2022\\\/06\\\/bungee-cargo-net-1-Bungee-Net-in-Truck-Bed-b694b2ae-jpeg.webp\",\"width\":700,\"height\":300,\"caption\":\"bungee cargo net 1 Bungee Net in Truck Bed b694b2ae jpeg\"},{\"@type\":\"BreadcrumbList\",\"@id\":\"https:\\\/\\\/ksproducts.ca\\\/product\\\/bungee-cargo-net\\\/#breadcrumb\",\"itemListElement\":[{\"@type\":\"ListItem\",\"position\":1,\"name\":\"Home\",\"item\":\"https:\\\/\\\/ksproducts.ca\\\/\"},{\"@type\":\"ListItem\",\"position\":2,\"name\":\"Shop\",\"item\":\"https:\\\/\\\/ksproducts.ca\\\/shop\\\/\"},{\"@type\":\"ListItem\",\"position\":3,\"name\":\"Rightline Gear Weatherproof Truck Bed Cargo Net with Built-in Tarp &#8211; 6&#8242; x 5&#8242;\"}]},{\"@type\":\"WebSite\",\"@id\":\"https:\\\/\\\/ksproducts.ca\\\/#website\",\"url\":\"https:\\\/\\\/ksproducts.ca\\\/\",\"name\":\"Ks Products\",\"description\":\"Outdoor cooking and living, made easy in Canada\",\"publisher\":{\"@id\":\"https:\\\/\\\/ksproducts.ca\\\/#organization\"},\"potentialAction\":[{\"@type\":\"SearchAction\",\"target\":{\"@type\":\"EntryPoint\",\"urlTemplate\":\"https:\\\/\\\/ksproducts.ca\\\/?s={search_term_string}\"},\"query-input\":{\"@type\":\"PropertyValueSpecification\",\"valueRequired\":true,\"valueName\":\"search_term_string\"}}],\"inLanguage\":\"fr-CA\"},{\"@type\":\"Organization\",\"@id\":\"https:\\\/\\\/ksproducts.ca\\\/#organization\",\"name\":\"Ks Products\",\"url\":\"https:\\\/\\\/ksproducts.ca\\\/\",\"logo\":{\"@type\":\"ImageObject\",\"inLanguage\":\"fr-CA\",\"@id\":\"https:\\\/\\\/ksproducts.ca\\\/#\\\/schema\\\/logo\\\/image\\\/\",\"url\":\"https:\\\/\\\/ksproducts.ca\\\/wp-content\\\/uploads\\\/2023\\\/09\\\/Kennedy-Sales-Logo-header-1.png\",\"contentUrl\":\"https:\\\/\\\/ksproducts.ca\\\/wp-content\\\/uploads\\\/2023\\\/09\\\/Kennedy-Sales-Logo-header-1.png\",\"width\":150,\"height\":77,\"caption\":\"Ks Products\"},\"image\":{\"@id\":\"https:\\\/\\\/ksproducts.ca\\\/#\\\/schema\\\/logo\\\/image\\\/\"}}]}<\/script>\n<!-- \/ Yoast SEO plugin. -->","yoast_head_json":{"title":"Filet de chargement de caisse de camion \u00e0 l'\u00e9preuve des intemp\u00e9ries Rightline Gear avec b\u00e2che int\u00e9gr\u00e9e - 6' x 5' - Ks Products","description":"Le filet de chargement Rightline Gear Bungee permet de s\u00e9curiser votre \u00e9quipement dans les lits de camions de toutes tailles. Les crochets repositionnables peuvent \u00eatre rapproch\u00e9s du milieu du filet de chargement pour r\u00e9duire l'espace utilisable du filet ou pour ajuster la tension du filet.","robots":{"index":"index","follow":"follow","max-snippet":"max-snippet:-1","max-image-preview":"max-image-preview:large","max-video-preview":"max-video-preview:-1"},"canonical":"https:\/\/ksproducts.ca\/fr\/product\/filet-de-chargement-a-elastiques\/","og_locale":"fr_CA","og_type":"article","og_title":"Rightline Gear Weatherproof Truck Bed Cargo Net with Built-in Tarp - 6' x 5' - Ks Products","og_description":"The Rightline Gear Bungee Cargo Net works to secure your gear in all size truck beds. The relocatable hooks can be moved closer to the middle of the cargo net to make the usable net space smaller or to adjust the tension of the net.","og_url":"https:\/\/ksproducts.ca\/fr\/product\/filet-de-chargement-a-elastiques\/","og_site_name":"Ks Products","article_modified_time":"2026-04-06T12:12:08+00:00","og_image":[{"width":700,"height":300,"url":"https:\/\/ksproducts.ca\/wp-content\/uploads\/2022\/06\/bungee-cargo-net-1-Bungee-Net-in-Truck-Bed-b694b2ae-jpeg.webp","type":"image\/jpeg"}],"twitter_card":"summary_large_image","twitter_misc":{"Estimation du temps de lecture":"1 minute"},"schema":{"@context":"https:\/\/schema.org","@graph":[{"@type":"WebPage","@id":"https:\/\/ksproducts.ca\/product\/bungee-cargo-net\/","url":"https:\/\/ksproducts.ca\/product\/bungee-cargo-net\/","name":"Filet de chargement de caisse de camion \u00e0 l'\u00e9preuve des intemp\u00e9ries Rightline Gear avec b\u00e2che int\u00e9gr\u00e9e - 6' x 5' - Ks Products","isPartOf":{"@id":"https:\/\/ksproducts.ca\/#website"},"primaryImageOfPage":{"@id":"https:\/\/ksproducts.ca\/product\/bungee-cargo-net\/#primaryimage"},"image":{"@id":"https:\/\/ksproducts.ca\/product\/bungee-cargo-net\/#primaryimage"},"thumbnailUrl":"https:\/\/ksproducts.ca\/wp-content\/uploads\/2022\/06\/bungee-cargo-net-1-Bungee-Net-in-Truck-Bed-b694b2ae-jpeg.webp","datePublished":"2022-06-06T19:33:09+00:00","dateModified":"2026-04-06T12:12:08+00:00","description":"Le filet de chargement Rightline Gear Bungee permet de s\u00e9curiser votre \u00e9quipement dans les lits de camions de toutes tailles. Les crochets repositionnables peuvent \u00eatre rapproch\u00e9s du milieu du filet de chargement pour r\u00e9duire l'espace utilisable du filet ou pour ajuster la tension du filet.","breadcrumb":{"@id":"https:\/\/ksproducts.ca\/product\/bungee-cargo-net\/#breadcrumb"},"inLanguage":"fr-CA","potentialAction":[{"@type":"ReadAction","target":["https:\/\/ksproducts.ca\/product\/bungee-cargo-net\/"]}]},{"@type":"ImageObject","inLanguage":"fr-CA","@id":"https:\/\/ksproducts.ca\/product\/bungee-cargo-net\/#primaryimage","url":"https:\/\/ksproducts.ca\/wp-content\/uploads\/2022\/06\/bungee-cargo-net-1-Bungee-Net-in-Truck-Bed-b694b2ae-jpeg.webp","contentUrl":"https:\/\/ksproducts.ca\/wp-content\/uploads\/2022\/06\/bungee-cargo-net-1-Bungee-Net-in-Truck-Bed-b694b2ae-jpeg.webp","width":700,"height":300,"caption":"bungee cargo net 1 Bungee Net in Truck Bed b694b2ae jpeg"},{"@type":"BreadcrumbList","@id":"https:\/\/ksproducts.ca\/product\/bungee-cargo-net\/#breadcrumb","itemListElement":[{"@type":"ListItem","position":1,"name":"Home","item":"https:\/\/ksproducts.ca\/"},{"@type":"ListItem","position":2,"name":"Shop","item":"https:\/\/ksproducts.ca\/shop\/"},{"@type":"ListItem","position":3,"name":"Rightline Gear Weatherproof Truck Bed Cargo Net with Built-in Tarp &#8211; 6&#8242; x 5&#8242;"}]},{"@type":"WebSite","@id":"https:\/\/ksproducts.ca\/#website","url":"https:\/\/ksproducts.ca\/","name":"Produits Ks","description":"Cuisiner et vivre en plein air, c'est facile au Canada","publisher":{"@id":"https:\/\/ksproducts.ca\/#organization"},"potentialAction":[{"@type":"SearchAction","target":{"@type":"EntryPoint","urlTemplate":"https:\/\/ksproducts.ca\/?s={search_term_string}"},"query-input":{"@type":"PropertyValueSpecification","valueRequired":true,"valueName":"search_term_string"}}],"inLanguage":"fr-CA"},{"@type":"Organization","@id":"https:\/\/ksproducts.ca\/#organization","name":"Produits Ks","url":"https:\/\/ksproducts.ca\/","logo":{"@type":"ImageObject","inLanguage":"fr-CA","@id":"https:\/\/ksproducts.ca\/#\/schema\/logo\/image\/","url":"https:\/\/ksproducts.ca\/wp-content\/uploads\/2023\/09\/Kennedy-Sales-Logo-header-1.png","contentUrl":"https:\/\/ksproducts.ca\/wp-content\/uploads\/2023\/09\/Kennedy-Sales-Logo-header-1.png","width":150,"height":77,"caption":"Ks Products"},"image":{"@id":"https:\/\/ksproducts.ca\/#\/schema\/logo\/image\/"}}]}},"_links":{"self":[{"href":"https:\/\/ksproducts.ca\/fr\/wp-json\/wp\/v2\/product\/5039","targetHints":{"allow":["GET"]}}],"collection":[{"href":"https:\/\/ksproducts.ca\/fr\/wp-json\/wp\/v2\/product"}],"about":[{"href":"https:\/\/ksproducts.ca\/fr\/wp-json\/wp\/v2\/types\/product"}],"replies":[{"embeddable":true,"href":"https:\/\/ksproducts.ca\/fr\/wp-json\/wp\/v2\/comments?post=5039"}],"version-history":[{"count":3,"href":"https:\/\/ksproducts.ca\/fr\/wp-json\/wp\/v2\/product\/5039\/revisions"}],"predecessor-version":[{"id":10534,"href":"https:\/\/ksproducts.ca\/fr\/wp-json\/wp\/v2\/product\/5039\/revisions\/10534"}],"wp:featuredmedia":[{"embeddable":true,"href":"https:\/\/ksproducts.ca\/fr\/wp-json\/wp\/v2\/media\/5040"}],"wp:attachment":[{"href":"https:\/\/ksproducts.ca\/fr\/wp-json\/wp\/v2\/media?parent=5039"}],"wp:term":[{"taxonomy":"product_cat","embeddable":true,"href":"https:\/\/ksproducts.ca\/fr\/wp-json\/wp\/v2\/product_cat?post=5039"},{"taxonomy":"product_tag","embeddable":true,"href":"https:\/\/ksproducts.ca\/fr\/wp-json\/wp\/v2\/product_tag?post=5039"}],"curies":[{"name":"wp","href":"https:\/\/api.w.org\/{rel}","templated":true}]}}