{"id":5057,"date":"2022-06-06T20:42:09","date_gmt":"2022-06-06T20:42:09","guid":{"rendered":"http:\/\/localhost\/wordpress\/?post_type=product&#038;p=5057"},"modified":"2026-04-23T20:02:11","modified_gmt":"2026-04-23T20:02:11","slug":"pas-de-porte-moki","status":"publish","type":"product","link":"https:\/\/ksproducts.ca\/fr\/product\/moki-door-step\/","title":{"rendered":"Rightline Gear Moki Universal Door Step - Extra Long"},"content":{"rendered":"<ul>\n<li>Dimensions : 8.75\u201d L x 3\u201d L x 5.25\u201d H L x 5.25\" H<\/li>\n<li>Aluminium de qualit\u00e9 a\u00e9ronautique avec une capacit\u00e9 de charge de 400 lb<\/li>\n<li>Adaptation universelle \u00e0 tous les v\u00e9hicules, tant pour les portes avant que pour les portes arri\u00e8re<\/li>\n<li>Le pare-chocs en caoutchouc et le crochet enduit prot\u00e8gent le v\u00e9hicule.<\/li>\n<li>Se range dans la console centrale, la bo\u00eete \u00e0 gants ou le compartiment de la roue de secours du v\u00e9hicule.<\/li>\n<li>Comprend : Pas de porte et guide d'installation<\/li>\n<\/ul>","protected":false},"excerpt":{"rendered":"<p>Le marchepied Rightline Gear Moki Door Step permet d'acc\u00e9der facilement au toit de votre v\u00e9hicule. Il suffit d'accrocher le marchepied sur le loquet en forme de U de chacune des portes de votre v\u00e9hicule. Le marchepied est utilis\u00e9 pour charger et attacher les sacs et caisses de chargement du toit de la voiture, les cano\u00ebs, les kayaks et les SUP, les skis et les snowboards, et les v\u00e9los. Vous pouvez m\u00eame l'utiliser pour laver le toit de votre v\u00e9hicule. Le marchepied offre une plate-forme confortable pour les deux pieds et permet une position debout \u00e9quilibr\u00e9e. Le Step brevet\u00e9 \u00e9limine les chaussures sales sur les si\u00e8ges des v\u00e9hicules et le besoin d'escabeau ou d'\u00e9chelle. Si vous \u00eates petit ou si votre v\u00e9hicule est grand, le marchepied de porte Moki vous permet de monter ou descendre votre \u00e9quipement du toit en un clin d'\u0153il !<\/p>","protected":false},"featured_media":5058,"comment_status":"open","ping_status":"closed","template":"","meta":[],"product_cat":[430],"product_tag":[207,208,205,184,209,206],"class_list":{"0":"post-5057","1":"product","2":"type-product","3":"status-publish","4":"has-post-thumbnail","6":"product_cat-automotive-gear","7":"product_tag-car","8":"product_tag-door","9":"product_tag-moki-door-step","10":"product_tag-rightline","11":"product_tag-step","12":"product_tag-truck","13":"product_shipping_class-class-1","15":"first","16":"instock","17":"taxable","18":"shipping-taxable","19":"purchasable","20":"product-type-simple"},"yoast_head":"<!-- This site is optimized with the Yoast SEO plugin v27.4 - https:\/\/yoast.com\/product\/yoast-seo-wordpress\/ -->\n<title>Rightline Gear Moki Universal Door Step - Extra Long - Ks Products<\/title>\n<meta name=\"description\" content=\"The Rightline Gear Moki Door Step provides easy access to your vehicle\u2019s roof. Simply hook the Door Step over the u-shaped door latch in each of your vehicle\u2019s doors.\" \/>\n<meta name=\"robots\" content=\"index, follow, max-snippet:-1, max-image-preview:large, max-video-preview:-1\" \/>\n<link rel=\"canonical\" href=\"https:\/\/ksproducts.ca\/fr\/product\/pas-de-porte-moki\/\" \/>\n<meta property=\"og:locale\" content=\"fr_CA\" \/>\n<meta property=\"og:type\" content=\"article\" \/>\n<meta property=\"og:title\" content=\"Rightline Gear Moki Universal Door Step - Extra Long - Ks Products\" \/>\n<meta property=\"og:description\" content=\"The Rightline Gear Moki Door Step provides easy access to your vehicle\u2019s roof. Simply hook the Door Step over the u-shaped door latch in each of your vehicle\u2019s doors.\" \/>\n<meta property=\"og:url\" content=\"https:\/\/ksproducts.ca\/fr\/product\/pas-de-porte-moki\/\" \/>\n<meta property=\"og:site_name\" content=\"Ks Products\" \/>\n<meta property=\"article:modified_time\" content=\"2026-04-23T20:02:11+00:00\" \/>\n<meta property=\"og:image\" content=\"https:\/\/ksproducts.ca\/wp-content\/uploads\/2022\/06\/1-Moki-Door-Step-m-5b845b47-jpg.webp\" \/>\n\t<meta property=\"og:image:width\" content=\"1024\" \/>\n\t<meta property=\"og:image:height\" content=\"439\" \/>\n\t<meta property=\"og:image:type\" content=\"image\/jpeg\" \/>\n<meta name=\"twitter:card\" content=\"summary_large_image\" \/>\n<meta name=\"twitter:label1\" content=\"Estimation du temps de lecture\" \/>\n\t<meta name=\"twitter:data1\" content=\"1 minute\" \/>\n<script type=\"application\/ld+json\" class=\"yoast-schema-graph\">{\"@context\":\"https:\\\/\\\/schema.org\",\"@graph\":[{\"@type\":\"WebPage\",\"@id\":\"https:\\\/\\\/ksproducts.ca\\\/product\\\/moki-door-step\\\/\",\"url\":\"https:\\\/\\\/ksproducts.ca\\\/product\\\/moki-door-step\\\/\",\"name\":\"Rightline Gear Moki Universal Door Step - Extra Long - Ks Products\",\"isPartOf\":{\"@id\":\"https:\\\/\\\/ksproducts.ca\\\/#website\"},\"primaryImageOfPage\":{\"@id\":\"https:\\\/\\\/ksproducts.ca\\\/product\\\/moki-door-step\\\/#primaryimage\"},\"image\":{\"@id\":\"https:\\\/\\\/ksproducts.ca\\\/product\\\/moki-door-step\\\/#primaryimage\"},\"thumbnailUrl\":\"https:\\\/\\\/ksproducts.ca\\\/wp-content\\\/uploads\\\/2022\\\/06\\\/1-Moki-Door-Step-m-5b845b47-jpg.webp\",\"datePublished\":\"2022-06-06T20:42:09+00:00\",\"dateModified\":\"2026-04-23T20:02:11+00:00\",\"description\":\"The Rightline Gear Moki Door Step provides easy access to your vehicle\u2019s roof. Simply hook the Door Step over the u-shaped door latch in each of your vehicle\u2019s doors.\",\"breadcrumb\":{\"@id\":\"https:\\\/\\\/ksproducts.ca\\\/product\\\/moki-door-step\\\/#breadcrumb\"},\"inLanguage\":\"fr-CA\",\"potentialAction\":[{\"@type\":\"ReadAction\",\"target\":[\"https:\\\/\\\/ksproducts.ca\\\/product\\\/moki-door-step\\\/\"]}]},{\"@type\":\"ImageObject\",\"inLanguage\":\"fr-CA\",\"@id\":\"https:\\\/\\\/ksproducts.ca\\\/product\\\/moki-door-step\\\/#primaryimage\",\"url\":\"https:\\\/\\\/ksproducts.ca\\\/wp-content\\\/uploads\\\/2022\\\/06\\\/1-Moki-Door-Step-m-5b845b47-jpg.webp\",\"contentUrl\":\"https:\\\/\\\/ksproducts.ca\\\/wp-content\\\/uploads\\\/2022\\\/06\\\/1-Moki-Door-Step-m-5b845b47-jpg.webp\",\"width\":1024,\"height\":439,\"caption\":\"1 Moki Door Step m 5b845b47 jpg\"},{\"@type\":\"BreadcrumbList\",\"@id\":\"https:\\\/\\\/ksproducts.ca\\\/product\\\/moki-door-step\\\/#breadcrumb\",\"itemListElement\":[{\"@type\":\"ListItem\",\"position\":1,\"name\":\"Home\",\"item\":\"https:\\\/\\\/ksproducts.ca\\\/\"},{\"@type\":\"ListItem\",\"position\":2,\"name\":\"Shop\",\"item\":\"https:\\\/\\\/ksproducts.ca\\\/shop\\\/\"},{\"@type\":\"ListItem\",\"position\":3,\"name\":\"Rightline Gear Moki Universal Door Step &#8211; Extra Long\"}]},{\"@type\":\"WebSite\",\"@id\":\"https:\\\/\\\/ksproducts.ca\\\/#website\",\"url\":\"https:\\\/\\\/ksproducts.ca\\\/\",\"name\":\"Ks Products\",\"description\":\"Outdoor cooking and living, made easy in Canada\",\"publisher\":{\"@id\":\"https:\\\/\\\/ksproducts.ca\\\/#organization\"},\"potentialAction\":[{\"@type\":\"SearchAction\",\"target\":{\"@type\":\"EntryPoint\",\"urlTemplate\":\"https:\\\/\\\/ksproducts.ca\\\/?s={search_term_string}\"},\"query-input\":{\"@type\":\"PropertyValueSpecification\",\"valueRequired\":true,\"valueName\":\"search_term_string\"}}],\"inLanguage\":\"fr-CA\"},{\"@type\":\"Organization\",\"@id\":\"https:\\\/\\\/ksproducts.ca\\\/#organization\",\"name\":\"Ks Products\",\"url\":\"https:\\\/\\\/ksproducts.ca\\\/\",\"logo\":{\"@type\":\"ImageObject\",\"inLanguage\":\"fr-CA\",\"@id\":\"https:\\\/\\\/ksproducts.ca\\\/#\\\/schema\\\/logo\\\/image\\\/\",\"url\":\"https:\\\/\\\/ksproducts.ca\\\/wp-content\\\/uploads\\\/2023\\\/09\\\/Kennedy-Sales-Logo-header-1.png\",\"contentUrl\":\"https:\\\/\\\/ksproducts.ca\\\/wp-content\\\/uploads\\\/2023\\\/09\\\/Kennedy-Sales-Logo-header-1.png\",\"width\":150,\"height\":77,\"caption\":\"Ks Products\"},\"image\":{\"@id\":\"https:\\\/\\\/ksproducts.ca\\\/#\\\/schema\\\/logo\\\/image\\\/\"}}]}<\/script>\n<!-- \/ Yoast SEO plugin. -->","yoast_head_json":{"title":"Rightline Gear Moki Universal Door Step - Extra Long - Ks Products","description":"Le marchepied Rightline Gear Moki Door Step permet d'acc\u00e9der facilement au toit de votre v\u00e9hicule. Il suffit d'accrocher le marchepied sur le loquet en forme de U de chaque porti\u00e8re de votre v\u00e9hicule.","robots":{"index":"index","follow":"follow","max-snippet":"max-snippet:-1","max-image-preview":"max-image-preview:large","max-video-preview":"max-video-preview:-1"},"canonical":"https:\/\/ksproducts.ca\/fr\/product\/pas-de-porte-moki\/","og_locale":"fr_CA","og_type":"article","og_title":"Rightline Gear Moki Universal Door Step - Extra Long - Ks Products","og_description":"The Rightline Gear Moki Door Step provides easy access to your vehicle\u2019s roof. Simply hook the Door Step over the u-shaped door latch in each of your vehicle\u2019s doors.","og_url":"https:\/\/ksproducts.ca\/fr\/product\/pas-de-porte-moki\/","og_site_name":"Ks Products","article_modified_time":"2026-04-23T20:02:11+00:00","og_image":[{"width":1024,"height":439,"url":"https:\/\/ksproducts.ca\/wp-content\/uploads\/2022\/06\/1-Moki-Door-Step-m-5b845b47-jpg.webp","type":"image\/jpeg"}],"twitter_card":"summary_large_image","twitter_misc":{"Estimation du temps de lecture":"1 minute"},"schema":{"@context":"https:\/\/schema.org","@graph":[{"@type":"WebPage","@id":"https:\/\/ksproducts.ca\/product\/moki-door-step\/","url":"https:\/\/ksproducts.ca\/product\/moki-door-step\/","name":"Rightline Gear Moki Universal Door Step - Extra Long - Ks Products","isPartOf":{"@id":"https:\/\/ksproducts.ca\/#website"},"primaryImageOfPage":{"@id":"https:\/\/ksproducts.ca\/product\/moki-door-step\/#primaryimage"},"image":{"@id":"https:\/\/ksproducts.ca\/product\/moki-door-step\/#primaryimage"},"thumbnailUrl":"https:\/\/ksproducts.ca\/wp-content\/uploads\/2022\/06\/1-Moki-Door-Step-m-5b845b47-jpg.webp","datePublished":"2022-06-06T20:42:09+00:00","dateModified":"2026-04-23T20:02:11+00:00","description":"Le marchepied Rightline Gear Moki Door Step permet d'acc\u00e9der facilement au toit de votre v\u00e9hicule. Il suffit d'accrocher le marchepied sur le loquet en forme de U de chaque porti\u00e8re de votre v\u00e9hicule.","breadcrumb":{"@id":"https:\/\/ksproducts.ca\/product\/moki-door-step\/#breadcrumb"},"inLanguage":"fr-CA","potentialAction":[{"@type":"ReadAction","target":["https:\/\/ksproducts.ca\/product\/moki-door-step\/"]}]},{"@type":"ImageObject","inLanguage":"fr-CA","@id":"https:\/\/ksproducts.ca\/product\/moki-door-step\/#primaryimage","url":"https:\/\/ksproducts.ca\/wp-content\/uploads\/2022\/06\/1-Moki-Door-Step-m-5b845b47-jpg.webp","contentUrl":"https:\/\/ksproducts.ca\/wp-content\/uploads\/2022\/06\/1-Moki-Door-Step-m-5b845b47-jpg.webp","width":1024,"height":439,"caption":"1 Moki Door Step m 5b845b47 jpg"},{"@type":"BreadcrumbList","@id":"https:\/\/ksproducts.ca\/product\/moki-door-step\/#breadcrumb","itemListElement":[{"@type":"ListItem","position":1,"name":"Home","item":"https:\/\/ksproducts.ca\/"},{"@type":"ListItem","position":2,"name":"Shop","item":"https:\/\/ksproducts.ca\/shop\/"},{"@type":"ListItem","position":3,"name":"Rightline Gear Moki Universal Door Step &#8211; Extra Long"}]},{"@type":"WebSite","@id":"https:\/\/ksproducts.ca\/#website","url":"https:\/\/ksproducts.ca\/","name":"Produits Ks","description":"Cuisiner et vivre en plein air, c'est facile au Canada","publisher":{"@id":"https:\/\/ksproducts.ca\/#organization"},"potentialAction":[{"@type":"SearchAction","target":{"@type":"EntryPoint","urlTemplate":"https:\/\/ksproducts.ca\/?s={search_term_string}"},"query-input":{"@type":"PropertyValueSpecification","valueRequired":true,"valueName":"search_term_string"}}],"inLanguage":"fr-CA"},{"@type":"Organization","@id":"https:\/\/ksproducts.ca\/#organization","name":"Produits Ks","url":"https:\/\/ksproducts.ca\/","logo":{"@type":"ImageObject","inLanguage":"fr-CA","@id":"https:\/\/ksproducts.ca\/#\/schema\/logo\/image\/","url":"https:\/\/ksproducts.ca\/wp-content\/uploads\/2023\/09\/Kennedy-Sales-Logo-header-1.png","contentUrl":"https:\/\/ksproducts.ca\/wp-content\/uploads\/2023\/09\/Kennedy-Sales-Logo-header-1.png","width":150,"height":77,"caption":"Ks Products"},"image":{"@id":"https:\/\/ksproducts.ca\/#\/schema\/logo\/image\/"}}]}},"_links":{"self":[{"href":"https:\/\/ksproducts.ca\/fr\/wp-json\/wp\/v2\/product\/5057","targetHints":{"allow":["GET"]}}],"collection":[{"href":"https:\/\/ksproducts.ca\/fr\/wp-json\/wp\/v2\/product"}],"about":[{"href":"https:\/\/ksproducts.ca\/fr\/wp-json\/wp\/v2\/types\/product"}],"replies":[{"embeddable":true,"href":"https:\/\/ksproducts.ca\/fr\/wp-json\/wp\/v2\/comments?post=5057"}],"version-history":[{"count":3,"href":"https:\/\/ksproducts.ca\/fr\/wp-json\/wp\/v2\/product\/5057\/revisions"}],"predecessor-version":[{"id":10532,"href":"https:\/\/ksproducts.ca\/fr\/wp-json\/wp\/v2\/product\/5057\/revisions\/10532"}],"wp:featuredmedia":[{"embeddable":true,"href":"https:\/\/ksproducts.ca\/fr\/wp-json\/wp\/v2\/media\/5058"}],"wp:attachment":[{"href":"https:\/\/ksproducts.ca\/fr\/wp-json\/wp\/v2\/media?parent=5057"}],"wp:term":[{"taxonomy":"product_cat","embeddable":true,"href":"https:\/\/ksproducts.ca\/fr\/wp-json\/wp\/v2\/product_cat?post=5057"},{"taxonomy":"product_tag","embeddable":true,"href":"https:\/\/ksproducts.ca\/fr\/wp-json\/wp\/v2\/product_tag?post=5057"}],"curies":[{"name":"wp","href":"https:\/\/api.w.org\/{rel}","templated":true}]}}