{"id":5088,"date":"2022-06-07T19:30:48","date_gmt":"2022-06-07T19:30:48","guid":{"rendered":"http:\/\/localhost\/wordpress\/?post_type=product&#038;p=5088"},"modified":"2026-02-04T18:36:55","modified_gmt":"2026-02-04T18:36:55","slug":"tente-suv","status":"publish","type":"product","link":"https:\/\/ksproducts.ca\/fr\/product\/suv-tent\/","title":{"rendered":"Rightline Gear Tente universelle pour SUV"},"content":{"rendered":"<ul>\n<li>Dimensions : 8\u2019 L x 8\u2019W x 7.2\u2019 H<\/li>\n<li>La tente peut accueillir 4 adultes et l'espace de chargement du v\u00e9hicule peut accueillir 2 adultes.<\/li>\n<li>Tissu r\u00e9sistant \u00e0 l'eau avec coutures scell\u00e9es (PU 2000mm)<\/li>\n<li>L'\u00e9tui pour v\u00e9hicule se fixe \u00e0 n'importe quel SUV, monospace, wagon ou pick-up muni d'un capuchon.<\/li>\n<li>Comprend : une tente, un double toit et un sac de transport avec un guide d'installation cousu.<\/li>\n<\/ul>","protected":false},"excerpt":{"rendered":"<p>La tente SUV de Rightline Gear vous permet de dormir \u00e0 l'abri du sol dans le confort de votre v\u00e9hicule. La tente se fixe \u00e0 l'arri\u00e8re d'un SUV, d'un monospace, d'un wagon ou d'un pick-up de n'importe quelle taille \u00e0 l'aide d'un capuchon. Les fen\u00eatres et les portes en maille no-see-um de grande taille sont dot\u00e9es de housses anti-temp\u00eate qui peuvent \u00eatre ferm\u00e9es pour plus d'intimit\u00e9. La tente SUV dispose de 2 poches pour le mat\u00e9riel, d'un crochet pour suspendre une lanterne et de tirettes de fermeture \u00e9clair phosphorescentes. La housse du v\u00e9hicule se d\u00e9connecte facilement, ce qui vous permet de laisser la tente derri\u00e8re vous pendant que vous vivez vos aventures de la journ\u00e9e.<\/p>","protected":false},"featured_media":5089,"comment_status":"open","ping_status":"closed","template":"","meta":[],"product_cat":[430,431],"product_tag":[215,184,218,213],"class_list":{"0":"post-5088","1":"product","2":"type-product","3":"status-publish","4":"has-post-thumbnail","6":"product_brand-rightline-gear","7":"product_cat-automotive-gear","8":"product_cat-camping-rv-essentials","9":"product_tag-camping","10":"product_tag-rightline","11":"product_tag-suv","12":"product_tag-tent","13":"product_shipping_class-class-3","15":"first","16":"instock","17":"featured","18":"taxable","19":"shipping-taxable","20":"purchasable","21":"product-type-simple"},"yoast_head":"<!-- This site is optimized with the Yoast SEO plugin v27.3 - https:\/\/yoast.com\/product\/yoast-seo-wordpress\/ -->\n<title>Rightline Gear Universal-Fit SUV Tent - Ks Products<\/title>\n<meta name=\"description\" content=\"The Rightline Gear SUV Tent lets you sleep off the ground in the comfort of your own vehicle. The tent connects to the back of any size SUV, minivan, wagon, or pick-up truck with cap.\" \/>\n<meta name=\"robots\" content=\"index, follow, max-snippet:-1, max-image-preview:large, max-video-preview:-1\" \/>\n<link rel=\"canonical\" href=\"https:\/\/ksproducts.ca\/fr\/product\/tente-suv\/\" \/>\n<meta property=\"og:locale\" content=\"fr_CA\" \/>\n<meta property=\"og:type\" content=\"article\" \/>\n<meta property=\"og:title\" content=\"Rightline Gear Universal-Fit SUV Tent - Ks Products\" \/>\n<meta property=\"og:description\" content=\"The Rightline Gear SUV Tent lets you sleep off the ground in the comfort of your own vehicle. The tent connects to the back of any size SUV, minivan, wagon, or pick-up truck with cap.\" \/>\n<meta property=\"og:url\" content=\"https:\/\/ksproducts.ca\/fr\/product\/tente-suv\/\" \/>\n<meta property=\"og:site_name\" content=\"Ks Products\" \/>\n<meta property=\"article:modified_time\" content=\"2026-02-04T18:36:55+00:00\" \/>\n<meta property=\"og:image\" content=\"https:\/\/ksproducts.ca\/wp-content\/uploads\/2022\/06\/suv-tent-1-SUV-Tent-on-SUV-dd2e945f-jpeg.webp\" \/>\n\t<meta property=\"og:image:width\" content=\"700\" \/>\n\t<meta property=\"og:image:height\" content=\"300\" \/>\n\t<meta property=\"og:image:type\" content=\"image\/jpeg\" \/>\n<meta name=\"twitter:card\" content=\"summary_large_image\" \/>\n<meta name=\"twitter:label1\" content=\"Estimation du temps de lecture\" \/>\n\t<meta name=\"twitter:data1\" content=\"1 minute\" \/>\n<script type=\"application\/ld+json\" class=\"yoast-schema-graph\">{\"@context\":\"https:\\\/\\\/schema.org\",\"@graph\":[{\"@type\":\"WebPage\",\"@id\":\"https:\\\/\\\/ksproducts.ca\\\/product\\\/suv-tent\\\/\",\"url\":\"https:\\\/\\\/ksproducts.ca\\\/product\\\/suv-tent\\\/\",\"name\":\"Rightline Gear Universal-Fit SUV Tent - Ks Products\",\"isPartOf\":{\"@id\":\"https:\\\/\\\/ksproducts.ca\\\/#website\"},\"primaryImageOfPage\":{\"@id\":\"https:\\\/\\\/ksproducts.ca\\\/product\\\/suv-tent\\\/#primaryimage\"},\"image\":{\"@id\":\"https:\\\/\\\/ksproducts.ca\\\/product\\\/suv-tent\\\/#primaryimage\"},\"thumbnailUrl\":\"https:\\\/\\\/ksproducts.ca\\\/wp-content\\\/uploads\\\/2022\\\/06\\\/suv-tent-1-SUV-Tent-on-SUV-dd2e945f-jpeg.webp\",\"datePublished\":\"2022-06-07T19:30:48+00:00\",\"dateModified\":\"2026-02-04T18:36:55+00:00\",\"description\":\"The Rightline Gear SUV Tent lets you sleep off the ground in the comfort of your own vehicle. The tent connects to the back of any size SUV, minivan, wagon, or pick-up truck with cap.\",\"breadcrumb\":{\"@id\":\"https:\\\/\\\/ksproducts.ca\\\/product\\\/suv-tent\\\/#breadcrumb\"},\"inLanguage\":\"fr-CA\",\"potentialAction\":[{\"@type\":\"ReadAction\",\"target\":[\"https:\\\/\\\/ksproducts.ca\\\/product\\\/suv-tent\\\/\"]}]},{\"@type\":\"ImageObject\",\"inLanguage\":\"fr-CA\",\"@id\":\"https:\\\/\\\/ksproducts.ca\\\/product\\\/suv-tent\\\/#primaryimage\",\"url\":\"https:\\\/\\\/ksproducts.ca\\\/wp-content\\\/uploads\\\/2022\\\/06\\\/suv-tent-1-SUV-Tent-on-SUV-dd2e945f-jpeg.webp\",\"contentUrl\":\"https:\\\/\\\/ksproducts.ca\\\/wp-content\\\/uploads\\\/2022\\\/06\\\/suv-tent-1-SUV-Tent-on-SUV-dd2e945f-jpeg.webp\",\"width\":700,\"height\":300,\"caption\":\"suv tent 1 SUV Tent on SUV dd2e945f jpeg\"},{\"@type\":\"BreadcrumbList\",\"@id\":\"https:\\\/\\\/ksproducts.ca\\\/product\\\/suv-tent\\\/#breadcrumb\",\"itemListElement\":[{\"@type\":\"ListItem\",\"position\":1,\"name\":\"Home\",\"item\":\"https:\\\/\\\/ksproducts.ca\\\/\"},{\"@type\":\"ListItem\",\"position\":2,\"name\":\"Shop\",\"item\":\"https:\\\/\\\/ksproducts.ca\\\/shop\\\/\"},{\"@type\":\"ListItem\",\"position\":3,\"name\":\"Rightline Gear Universal-Fit SUV Tent\"}]},{\"@type\":\"WebSite\",\"@id\":\"https:\\\/\\\/ksproducts.ca\\\/#website\",\"url\":\"https:\\\/\\\/ksproducts.ca\\\/\",\"name\":\"Ks Products\",\"description\":\"Outdoor cooking and living, made easy in Canada\",\"publisher\":{\"@id\":\"https:\\\/\\\/ksproducts.ca\\\/#organization\"},\"potentialAction\":[{\"@type\":\"SearchAction\",\"target\":{\"@type\":\"EntryPoint\",\"urlTemplate\":\"https:\\\/\\\/ksproducts.ca\\\/?s={search_term_string}\"},\"query-input\":{\"@type\":\"PropertyValueSpecification\",\"valueRequired\":true,\"valueName\":\"search_term_string\"}}],\"inLanguage\":\"fr-CA\"},{\"@type\":\"Organization\",\"@id\":\"https:\\\/\\\/ksproducts.ca\\\/#organization\",\"name\":\"Ks Products\",\"url\":\"https:\\\/\\\/ksproducts.ca\\\/\",\"logo\":{\"@type\":\"ImageObject\",\"inLanguage\":\"fr-CA\",\"@id\":\"https:\\\/\\\/ksproducts.ca\\\/#\\\/schema\\\/logo\\\/image\\\/\",\"url\":\"https:\\\/\\\/ksproducts.ca\\\/wp-content\\\/uploads\\\/2023\\\/09\\\/Kennedy-Sales-Logo-header-1.png\",\"contentUrl\":\"https:\\\/\\\/ksproducts.ca\\\/wp-content\\\/uploads\\\/2023\\\/09\\\/Kennedy-Sales-Logo-header-1.png\",\"width\":150,\"height\":77,\"caption\":\"Ks Products\"},\"image\":{\"@id\":\"https:\\\/\\\/ksproducts.ca\\\/#\\\/schema\\\/logo\\\/image\\\/\"}}]}<\/script>\n<!-- \/ Yoast SEO plugin. -->","yoast_head_json":{"title":"Rightline Gear Tente universelle pour SUV - Ks Products","description":"La tente SUV de Rightline Gear vous permet de dormir \u00e0 l'abri du sol dans le confort de votre v\u00e9hicule. La tente se connecte \u00e0 l'arri\u00e8re d'un SUV, d'un minivan, d'un wagon ou d'un pick-up de n'importe quelle taille \u00e0 l'aide d'un capuchon.","robots":{"index":"index","follow":"follow","max-snippet":"max-snippet:-1","max-image-preview":"max-image-preview:large","max-video-preview":"max-video-preview:-1"},"canonical":"https:\/\/ksproducts.ca\/fr\/product\/tente-suv\/","og_locale":"fr_CA","og_type":"article","og_title":"Rightline Gear Universal-Fit SUV Tent - Ks Products","og_description":"The Rightline Gear SUV Tent lets you sleep off the ground in the comfort of your own vehicle. The tent connects to the back of any size SUV, minivan, wagon, or pick-up truck with cap.","og_url":"https:\/\/ksproducts.ca\/fr\/product\/tente-suv\/","og_site_name":"Ks Products","article_modified_time":"2026-02-04T18:36:55+00:00","og_image":[{"width":700,"height":300,"url":"https:\/\/ksproducts.ca\/wp-content\/uploads\/2022\/06\/suv-tent-1-SUV-Tent-on-SUV-dd2e945f-jpeg.webp","type":"image\/jpeg"}],"twitter_card":"summary_large_image","twitter_misc":{"Estimation du temps de lecture":"1 minute"},"schema":{"@context":"https:\/\/schema.org","@graph":[{"@type":"WebPage","@id":"https:\/\/ksproducts.ca\/product\/suv-tent\/","url":"https:\/\/ksproducts.ca\/product\/suv-tent\/","name":"Rightline Gear Tente universelle pour SUV - Ks Products","isPartOf":{"@id":"https:\/\/ksproducts.ca\/#website"},"primaryImageOfPage":{"@id":"https:\/\/ksproducts.ca\/product\/suv-tent\/#primaryimage"},"image":{"@id":"https:\/\/ksproducts.ca\/product\/suv-tent\/#primaryimage"},"thumbnailUrl":"https:\/\/ksproducts.ca\/wp-content\/uploads\/2022\/06\/suv-tent-1-SUV-Tent-on-SUV-dd2e945f-jpeg.webp","datePublished":"2022-06-07T19:30:48+00:00","dateModified":"2026-02-04T18:36:55+00:00","description":"La tente SUV de Rightline Gear vous permet de dormir \u00e0 l'abri du sol dans le confort de votre v\u00e9hicule. La tente se connecte \u00e0 l'arri\u00e8re d'un SUV, d'un minivan, d'un wagon ou d'un pick-up de n'importe quelle taille \u00e0 l'aide d'un capuchon.","breadcrumb":{"@id":"https:\/\/ksproducts.ca\/product\/suv-tent\/#breadcrumb"},"inLanguage":"fr-CA","potentialAction":[{"@type":"ReadAction","target":["https:\/\/ksproducts.ca\/product\/suv-tent\/"]}]},{"@type":"ImageObject","inLanguage":"fr-CA","@id":"https:\/\/ksproducts.ca\/product\/suv-tent\/#primaryimage","url":"https:\/\/ksproducts.ca\/wp-content\/uploads\/2022\/06\/suv-tent-1-SUV-Tent-on-SUV-dd2e945f-jpeg.webp","contentUrl":"https:\/\/ksproducts.ca\/wp-content\/uploads\/2022\/06\/suv-tent-1-SUV-Tent-on-SUV-dd2e945f-jpeg.webp","width":700,"height":300,"caption":"suv tent 1 SUV Tent on SUV dd2e945f jpeg"},{"@type":"BreadcrumbList","@id":"https:\/\/ksproducts.ca\/product\/suv-tent\/#breadcrumb","itemListElement":[{"@type":"ListItem","position":1,"name":"Home","item":"https:\/\/ksproducts.ca\/"},{"@type":"ListItem","position":2,"name":"Shop","item":"https:\/\/ksproducts.ca\/shop\/"},{"@type":"ListItem","position":3,"name":"Rightline Gear Universal-Fit SUV Tent"}]},{"@type":"WebSite","@id":"https:\/\/ksproducts.ca\/#website","url":"https:\/\/ksproducts.ca\/","name":"Produits Ks","description":"Cuisiner et vivre en plein air, c'est facile au Canada","publisher":{"@id":"https:\/\/ksproducts.ca\/#organization"},"potentialAction":[{"@type":"SearchAction","target":{"@type":"EntryPoint","urlTemplate":"https:\/\/ksproducts.ca\/?s={search_term_string}"},"query-input":{"@type":"PropertyValueSpecification","valueRequired":true,"valueName":"search_term_string"}}],"inLanguage":"fr-CA"},{"@type":"Organization","@id":"https:\/\/ksproducts.ca\/#organization","name":"Produits Ks","url":"https:\/\/ksproducts.ca\/","logo":{"@type":"ImageObject","inLanguage":"fr-CA","@id":"https:\/\/ksproducts.ca\/#\/schema\/logo\/image\/","url":"https:\/\/ksproducts.ca\/wp-content\/uploads\/2023\/09\/Kennedy-Sales-Logo-header-1.png","contentUrl":"https:\/\/ksproducts.ca\/wp-content\/uploads\/2023\/09\/Kennedy-Sales-Logo-header-1.png","width":150,"height":77,"caption":"Ks Products"},"image":{"@id":"https:\/\/ksproducts.ca\/#\/schema\/logo\/image\/"}}]}},"_links":{"self":[{"href":"https:\/\/ksproducts.ca\/fr\/wp-json\/wp\/v2\/product\/5088","targetHints":{"allow":["GET"]}}],"collection":[{"href":"https:\/\/ksproducts.ca\/fr\/wp-json\/wp\/v2\/product"}],"about":[{"href":"https:\/\/ksproducts.ca\/fr\/wp-json\/wp\/v2\/types\/product"}],"replies":[{"embeddable":true,"href":"https:\/\/ksproducts.ca\/fr\/wp-json\/wp\/v2\/comments?post=5088"}],"version-history":[{"count":3,"href":"https:\/\/ksproducts.ca\/fr\/wp-json\/wp\/v2\/product\/5088\/revisions"}],"predecessor-version":[{"id":10530,"href":"https:\/\/ksproducts.ca\/fr\/wp-json\/wp\/v2\/product\/5088\/revisions\/10530"}],"wp:featuredmedia":[{"embeddable":true,"href":"https:\/\/ksproducts.ca\/fr\/wp-json\/wp\/v2\/media\/5089"}],"wp:attachment":[{"href":"https:\/\/ksproducts.ca\/fr\/wp-json\/wp\/v2\/media?parent=5088"}],"wp:term":[{"taxonomy":"product_cat","embeddable":true,"href":"https:\/\/ksproducts.ca\/fr\/wp-json\/wp\/v2\/product_cat?post=5088"},{"taxonomy":"product_tag","embeddable":true,"href":"https:\/\/ksproducts.ca\/fr\/wp-json\/wp\/v2\/product_tag?post=5088"}],"curies":[{"name":"wp","href":"https:\/\/api.w.org\/{rel}","templated":true}]}}