{"id":5093,"date":"2022-06-07T19:40:36","date_gmt":"2022-06-07T19:40:36","guid":{"rendered":"http:\/\/localhost\/wordpress\/?post_type=product&#038;p=5093"},"modified":"2026-02-13T19:35:34","modified_gmt":"2026-02-13T19:35:34","slug":"auvent-de-tailgating-pour-suv","status":"publish","type":"product","link":"https:\/\/ksproducts.ca\/fr\/product\/suv-tailgating-canopy\/","title":{"rendered":"Auvent de hayon de SUV \u00e0 montage universel Rightline Gear"},"content":{"rendered":"<ul>\n<li>Dimensions : 8\u2019 L x 6\u2019 L x 8.5\u2018 H<\/li>\n<li>Dimensions adapt\u00e9es aux places de parking des stades<\/li>\n<li>Se fixe sur le hayon arri\u00e8re de n'importe quel SUV, monospace, crossover, wagon, Jeep Wrangler hardtop ou pick-up avec capuchon.<\/li>\n<li>Cerclage protecteur imperm\u00e9able ; n'endommage pas la finition du v\u00e9hicule<\/li>\n<li>Couvre la fen\u00eatre du hayon arri\u00e8re pour donner de l'ombre \u00e0 l'int\u00e9rieur de l'espace de chargement du v\u00e9hicule.<\/li>\n<li>Tissu r\u00e9sistant \u00e0 l'eau avec coutures scell\u00e9es au ruban adh\u00e9sifComprend : auvent, (3) poteaux en fibre de verre et (2) poteaux en acier, (2) sacs de sable et sac de rangement avec guide d'installation cousu.<\/li>\n<\/ul>","protected":false},"excerpt":{"rendered":"<p>L'auvent Rightline Gear SUV Tailgating Canopy permet de se mettre \u00e0 l'ombre lors d'un match ou au camping. Le Canopy se fixe \u00e0 la porte de votre hayon arri\u00e8re et s'\u00e9tend \u00e0 l'ext\u00e9rieur du v\u00e9hicule. Les sacs de sable se fixent aux poteaux de l'auvent pour les maintenir fermement au sol, m\u00eame en cas de vent fort. Les tentes E-Z Up traditionnelles sont trop grandes pour les places de parking des stades, n\u00e9cessitent un long temps de montage et se d\u00e9placent dans le vent. Faites passer votre exp\u00e9rience de tailgating au niveau sup\u00e9rieur avec le SUV Tailgating Canopy !<\/p>","protected":false},"featured_media":5094,"comment_status":"open","ping_status":"closed","template":"","meta":[],"product_cat":[430,431],"product_tag":[216,184,218],"class_list":{"0":"post-5093","1":"product","2":"type-product","3":"status-publish","4":"has-post-thumbnail","6":"product_brand-rightline-gear","7":"product_cat-automotive-gear","8":"product_cat-camping-rv-essentials","9":"product_tag-canopy","10":"product_tag-rightline","11":"product_tag-suv","12":"product_shipping_class-class-2","14":"first","15":"instock","16":"taxable","17":"shipping-taxable","18":"purchasable","19":"product-type-simple"},"yoast_head":"<!-- This site is optimized with the Yoast SEO plugin v27.4 - https:\/\/yoast.com\/product\/yoast-seo-wordpress\/ -->\n<title>Rightline Gear Universal-Fit SUV Tailgate Canopy - Ks Products<\/title>\n<meta name=\"description\" content=\"The Rightline Gear SUV Tailgating Canopy provides easy shade at the game or the campground. The Canopy attaches to your rear hatch door and extends out from the vehicle.\" \/>\n<meta name=\"robots\" content=\"index, follow, max-snippet:-1, max-image-preview:large, max-video-preview:-1\" \/>\n<link rel=\"canonical\" href=\"https:\/\/ksproducts.ca\/fr\/product\/auvent-de-tailgating-pour-suv\/\" \/>\n<meta property=\"og:locale\" content=\"fr_CA\" \/>\n<meta property=\"og:type\" content=\"article\" \/>\n<meta property=\"og:title\" content=\"Rightline Gear Universal-Fit SUV Tailgate Canopy - Ks Products\" \/>\n<meta property=\"og:description\" content=\"The Rightline Gear SUV Tailgating Canopy provides easy shade at the game or the campground. The Canopy attaches to your rear hatch door and extends out from the vehicle.\" \/>\n<meta property=\"og:url\" content=\"https:\/\/ksproducts.ca\/fr\/product\/auvent-de-tailgating-pour-suv\/\" \/>\n<meta property=\"og:site_name\" content=\"Ks Products\" \/>\n<meta property=\"article:modified_time\" content=\"2026-02-13T19:35:34+00:00\" \/>\n<meta property=\"og:image\" content=\"https:\/\/ksproducts.ca\/wp-content\/uploads\/2022\/06\/1-Sized-for-Stadium-Parking-Spaces-j-bdeb133c-jpeg.webp\" \/>\n\t<meta property=\"og:image:width\" content=\"700\" \/>\n\t<meta property=\"og:image:height\" content=\"300\" \/>\n\t<meta property=\"og:image:type\" content=\"image\/jpeg\" \/>\n<meta name=\"twitter:card\" content=\"summary_large_image\" \/>\n<meta name=\"twitter:label1\" content=\"Estimation du temps de lecture\" \/>\n\t<meta name=\"twitter:data1\" content=\"1 minute\" \/>\n<script type=\"application\/ld+json\" class=\"yoast-schema-graph\">{\"@context\":\"https:\\\/\\\/schema.org\",\"@graph\":[{\"@type\":\"WebPage\",\"@id\":\"https:\\\/\\\/ksproducts.ca\\\/product\\\/suv-tailgating-canopy\\\/\",\"url\":\"https:\\\/\\\/ksproducts.ca\\\/product\\\/suv-tailgating-canopy\\\/\",\"name\":\"Rightline Gear Universal-Fit SUV Tailgate Canopy - Ks Products\",\"isPartOf\":{\"@id\":\"https:\\\/\\\/ksproducts.ca\\\/#website\"},\"primaryImageOfPage\":{\"@id\":\"https:\\\/\\\/ksproducts.ca\\\/product\\\/suv-tailgating-canopy\\\/#primaryimage\"},\"image\":{\"@id\":\"https:\\\/\\\/ksproducts.ca\\\/product\\\/suv-tailgating-canopy\\\/#primaryimage\"},\"thumbnailUrl\":\"https:\\\/\\\/ksproducts.ca\\\/wp-content\\\/uploads\\\/2022\\\/06\\\/1-Sized-for-Stadium-Parking-Spaces-j-bdeb133c-jpeg.webp\",\"datePublished\":\"2022-06-07T19:40:36+00:00\",\"dateModified\":\"2026-02-13T19:35:34+00:00\",\"description\":\"The Rightline Gear SUV Tailgating Canopy provides easy shade at the game or the campground. The Canopy attaches to your rear hatch door and extends out from the vehicle.\",\"breadcrumb\":{\"@id\":\"https:\\\/\\\/ksproducts.ca\\\/product\\\/suv-tailgating-canopy\\\/#breadcrumb\"},\"inLanguage\":\"fr-CA\",\"potentialAction\":[{\"@type\":\"ReadAction\",\"target\":[\"https:\\\/\\\/ksproducts.ca\\\/product\\\/suv-tailgating-canopy\\\/\"]}]},{\"@type\":\"ImageObject\",\"inLanguage\":\"fr-CA\",\"@id\":\"https:\\\/\\\/ksproducts.ca\\\/product\\\/suv-tailgating-canopy\\\/#primaryimage\",\"url\":\"https:\\\/\\\/ksproducts.ca\\\/wp-content\\\/uploads\\\/2022\\\/06\\\/1-Sized-for-Stadium-Parking-Spaces-j-bdeb133c-jpeg.webp\",\"contentUrl\":\"https:\\\/\\\/ksproducts.ca\\\/wp-content\\\/uploads\\\/2022\\\/06\\\/1-Sized-for-Stadium-Parking-Spaces-j-bdeb133c-jpeg.webp\",\"width\":700,\"height\":300,\"caption\":\"1 Sized for Stadium Parking Spaces j bdeb133c jpeg\"},{\"@type\":\"BreadcrumbList\",\"@id\":\"https:\\\/\\\/ksproducts.ca\\\/product\\\/suv-tailgating-canopy\\\/#breadcrumb\",\"itemListElement\":[{\"@type\":\"ListItem\",\"position\":1,\"name\":\"Home\",\"item\":\"https:\\\/\\\/ksproducts.ca\\\/\"},{\"@type\":\"ListItem\",\"position\":2,\"name\":\"Shop\",\"item\":\"https:\\\/\\\/ksproducts.ca\\\/shop\\\/\"},{\"@type\":\"ListItem\",\"position\":3,\"name\":\"Rightline Gear Universal-Fit SUV Tailgate Canopy\"}]},{\"@type\":\"WebSite\",\"@id\":\"https:\\\/\\\/ksproducts.ca\\\/#website\",\"url\":\"https:\\\/\\\/ksproducts.ca\\\/\",\"name\":\"Ks Products\",\"description\":\"Outdoor cooking and living, made easy in Canada\",\"publisher\":{\"@id\":\"https:\\\/\\\/ksproducts.ca\\\/#organization\"},\"potentialAction\":[{\"@type\":\"SearchAction\",\"target\":{\"@type\":\"EntryPoint\",\"urlTemplate\":\"https:\\\/\\\/ksproducts.ca\\\/?s={search_term_string}\"},\"query-input\":{\"@type\":\"PropertyValueSpecification\",\"valueRequired\":true,\"valueName\":\"search_term_string\"}}],\"inLanguage\":\"fr-CA\"},{\"@type\":\"Organization\",\"@id\":\"https:\\\/\\\/ksproducts.ca\\\/#organization\",\"name\":\"Ks Products\",\"url\":\"https:\\\/\\\/ksproducts.ca\\\/\",\"logo\":{\"@type\":\"ImageObject\",\"inLanguage\":\"fr-CA\",\"@id\":\"https:\\\/\\\/ksproducts.ca\\\/#\\\/schema\\\/logo\\\/image\\\/\",\"url\":\"https:\\\/\\\/ksproducts.ca\\\/wp-content\\\/uploads\\\/2023\\\/09\\\/Kennedy-Sales-Logo-header-1.png\",\"contentUrl\":\"https:\\\/\\\/ksproducts.ca\\\/wp-content\\\/uploads\\\/2023\\\/09\\\/Kennedy-Sales-Logo-header-1.png\",\"width\":150,\"height\":77,\"caption\":\"Ks Products\"},\"image\":{\"@id\":\"https:\\\/\\\/ksproducts.ca\\\/#\\\/schema\\\/logo\\\/image\\\/\"}}]}<\/script>\n<!-- \/ Yoast SEO plugin. -->","yoast_head_json":{"title":"Auvent de hayon de SUV \u00e0 montage universel Rightline Gear - Ks Products","description":"L'auvent Rightline Gear SUV Tailgating Canopy permet de se mettre \u00e0 l'ombre lors d'un match ou au camping. L'auvent se fixe \u00e0 la porte du hayon arri\u00e8re et s'\u00e9tend \u00e0 l'ext\u00e9rieur du v\u00e9hicule.","robots":{"index":"index","follow":"follow","max-snippet":"max-snippet:-1","max-image-preview":"max-image-preview:large","max-video-preview":"max-video-preview:-1"},"canonical":"https:\/\/ksproducts.ca\/fr\/product\/auvent-de-tailgating-pour-suv\/","og_locale":"fr_CA","og_type":"article","og_title":"Rightline Gear Universal-Fit SUV Tailgate Canopy - Ks Products","og_description":"The Rightline Gear SUV Tailgating Canopy provides easy shade at the game or the campground. The Canopy attaches to your rear hatch door and extends out from the vehicle.","og_url":"https:\/\/ksproducts.ca\/fr\/product\/auvent-de-tailgating-pour-suv\/","og_site_name":"Ks Products","article_modified_time":"2026-02-13T19:35:34+00:00","og_image":[{"width":700,"height":300,"url":"https:\/\/ksproducts.ca\/wp-content\/uploads\/2022\/06\/1-Sized-for-Stadium-Parking-Spaces-j-bdeb133c-jpeg.webp","type":"image\/jpeg"}],"twitter_card":"summary_large_image","twitter_misc":{"Estimation du temps de lecture":"1 minute"},"schema":{"@context":"https:\/\/schema.org","@graph":[{"@type":"WebPage","@id":"https:\/\/ksproducts.ca\/product\/suv-tailgating-canopy\/","url":"https:\/\/ksproducts.ca\/product\/suv-tailgating-canopy\/","name":"Auvent de hayon de SUV \u00e0 montage universel Rightline Gear - Ks Products","isPartOf":{"@id":"https:\/\/ksproducts.ca\/#website"},"primaryImageOfPage":{"@id":"https:\/\/ksproducts.ca\/product\/suv-tailgating-canopy\/#primaryimage"},"image":{"@id":"https:\/\/ksproducts.ca\/product\/suv-tailgating-canopy\/#primaryimage"},"thumbnailUrl":"https:\/\/ksproducts.ca\/wp-content\/uploads\/2022\/06\/1-Sized-for-Stadium-Parking-Spaces-j-bdeb133c-jpeg.webp","datePublished":"2022-06-07T19:40:36+00:00","dateModified":"2026-02-13T19:35:34+00:00","description":"L'auvent Rightline Gear SUV Tailgating Canopy permet de se mettre \u00e0 l'ombre lors d'un match ou au camping. L'auvent se fixe \u00e0 la porte du hayon arri\u00e8re et s'\u00e9tend \u00e0 l'ext\u00e9rieur du v\u00e9hicule.","breadcrumb":{"@id":"https:\/\/ksproducts.ca\/product\/suv-tailgating-canopy\/#breadcrumb"},"inLanguage":"fr-CA","potentialAction":[{"@type":"ReadAction","target":["https:\/\/ksproducts.ca\/product\/suv-tailgating-canopy\/"]}]},{"@type":"ImageObject","inLanguage":"fr-CA","@id":"https:\/\/ksproducts.ca\/product\/suv-tailgating-canopy\/#primaryimage","url":"https:\/\/ksproducts.ca\/wp-content\/uploads\/2022\/06\/1-Sized-for-Stadium-Parking-Spaces-j-bdeb133c-jpeg.webp","contentUrl":"https:\/\/ksproducts.ca\/wp-content\/uploads\/2022\/06\/1-Sized-for-Stadium-Parking-Spaces-j-bdeb133c-jpeg.webp","width":700,"height":300,"caption":"1 Sized for Stadium Parking Spaces j bdeb133c jpeg"},{"@type":"BreadcrumbList","@id":"https:\/\/ksproducts.ca\/product\/suv-tailgating-canopy\/#breadcrumb","itemListElement":[{"@type":"ListItem","position":1,"name":"Home","item":"https:\/\/ksproducts.ca\/"},{"@type":"ListItem","position":2,"name":"Shop","item":"https:\/\/ksproducts.ca\/shop\/"},{"@type":"ListItem","position":3,"name":"Rightline Gear Universal-Fit SUV Tailgate Canopy"}]},{"@type":"WebSite","@id":"https:\/\/ksproducts.ca\/#website","url":"https:\/\/ksproducts.ca\/","name":"Produits Ks","description":"Cuisiner et vivre en plein air, c'est facile au Canada","publisher":{"@id":"https:\/\/ksproducts.ca\/#organization"},"potentialAction":[{"@type":"SearchAction","target":{"@type":"EntryPoint","urlTemplate":"https:\/\/ksproducts.ca\/?s={search_term_string}"},"query-input":{"@type":"PropertyValueSpecification","valueRequired":true,"valueName":"search_term_string"}}],"inLanguage":"fr-CA"},{"@type":"Organization","@id":"https:\/\/ksproducts.ca\/#organization","name":"Produits Ks","url":"https:\/\/ksproducts.ca\/","logo":{"@type":"ImageObject","inLanguage":"fr-CA","@id":"https:\/\/ksproducts.ca\/#\/schema\/logo\/image\/","url":"https:\/\/ksproducts.ca\/wp-content\/uploads\/2023\/09\/Kennedy-Sales-Logo-header-1.png","contentUrl":"https:\/\/ksproducts.ca\/wp-content\/uploads\/2023\/09\/Kennedy-Sales-Logo-header-1.png","width":150,"height":77,"caption":"Ks Products"},"image":{"@id":"https:\/\/ksproducts.ca\/#\/schema\/logo\/image\/"}}]}},"_links":{"self":[{"href":"https:\/\/ksproducts.ca\/fr\/wp-json\/wp\/v2\/product\/5093","targetHints":{"allow":["GET"]}}],"collection":[{"href":"https:\/\/ksproducts.ca\/fr\/wp-json\/wp\/v2\/product"}],"about":[{"href":"https:\/\/ksproducts.ca\/fr\/wp-json\/wp\/v2\/types\/product"}],"replies":[{"embeddable":true,"href":"https:\/\/ksproducts.ca\/fr\/wp-json\/wp\/v2\/comments?post=5093"}],"version-history":[{"count":3,"href":"https:\/\/ksproducts.ca\/fr\/wp-json\/wp\/v2\/product\/5093\/revisions"}],"predecessor-version":[{"id":10528,"href":"https:\/\/ksproducts.ca\/fr\/wp-json\/wp\/v2\/product\/5093\/revisions\/10528"}],"wp:featuredmedia":[{"embeddable":true,"href":"https:\/\/ksproducts.ca\/fr\/wp-json\/wp\/v2\/media\/5094"}],"wp:attachment":[{"href":"https:\/\/ksproducts.ca\/fr\/wp-json\/wp\/v2\/media?parent=5093"}],"wp:term":[{"taxonomy":"product_cat","embeddable":true,"href":"https:\/\/ksproducts.ca\/fr\/wp-json\/wp\/v2\/product_cat?post=5093"},{"taxonomy":"product_tag","embeddable":true,"href":"https:\/\/ksproducts.ca\/fr\/wp-json\/wp\/v2\/product_tag?post=5093"}],"curies":[{"name":"wp","href":"https:\/\/api.w.org\/{rel}","templated":true}]}}