{"id":5129,"date":"2022-06-14T18:44:11","date_gmt":"2022-06-14T18:44:11","guid":{"rendered":"http:\/\/localhost\/wordpress\/?post_type=product&#038;p=5129"},"modified":"2026-02-02T20:07:34","modified_gmt":"2026-02-02T20:07:34","slug":"carrelage-de-sol-de-garage","status":"publish","type":"product","link":"https:\/\/ksproducts.ca\/fr\/product\/garage-floor-tile\/","title":{"rendered":"Garage Grip - Rev\u00eatement de sol antid\u00e9rapant de qualit\u00e9 professionnelle"},"content":{"rendered":"<p>Les rev\u00eatements de sol de garage antid\u00e9rapants GARAGEGRIP\u2122 premium sont fi\u00e8rement fabriqu\u00e9s aux \u00c9tats-Unis. Cette technologie brevet\u00e9e a \u00e9t\u00e9 d\u00e9velopp\u00e9e \u00e0 l'origine pour prot\u00e9ger l'environnement des d\u00e9versements dans les installations \u00e9nerg\u00e9tiques et industrielles \u00e0 travers l'Am\u00e9rique du Nord. GARAGE GRIP offre un rev\u00eatement de sol s\u00fbr, confortable et polyvalent pour transformer votre garage ou votre atelier en une aire de stationnement propre, une salle de sport \u00e0 domicile, un bureau, une salle de loisirs, une salle de jeux, et bien plus encore. Contrairement aux feuilles de polyvinyle qui se dilatent et se contractent de mani\u00e8re incontr\u00f4l\u00e9e en fonction des variations de temp\u00e9rature, le rev\u00eatement de sol innovant de GARAGEGRIP est renforc\u00e9 par des treillis afin de le stabiliser, d'augmenter sa durabilit\u00e9 et de maintenir sa flexibilit\u00e9 dans tous les environnements m\u00e9t\u00e9orologiques. Le support durable et imperm\u00e9able de GARAGE GRIP emp\u00eache les taches et les dommages caus\u00e9s au sol sous-jacent. GARAGE GRIP est facile \u00e0 nettoyer et r\u00e9siste naturellement aux taches. Il suffit de le d\u00e9plier ou de le d\u00e9rouler pour l'installer.<\/p>","protected":false},"excerpt":{"rendered":"<p><strong>Type de sol<\/strong>: Rev\u00eatement de sol enroulable<\/p>\n<p><strong>Mat\u00e9riau de surface antid\u00e9rapant<\/strong>: 100% polyester post-consommation<\/p>\n<p><strong>Surface antid\u00e9rapante<\/strong>: C\u00f4te<\/p>\n<p><strong>Composition du support<\/strong>: Polyol\u00e9fine thermoplastique renforc\u00e9e par une grille en polyester<\/p>\n<p><strong>R\u00e9pond \u00e0 la norme de test antid\u00e9rapant ANSI 137.1<\/strong>: Oui<\/p>\n<p><strong>R\u00e9pond \u00e0 la norme ASTM G21 relative au test de r\u00e9sistance aux champignons<\/strong>: Oui<\/p>\n<p><strong>Imperm\u00e9able \u00e0 l'eau<\/strong>: Oui<\/p>\n<p><strong>Auto-extinguible<\/strong>: Oui<\/p>\n<p><strong>\u00c9paisseur totale<\/strong>: 200 mil<\/p>\n<ul>\n<li>Imperm\u00e9able, antid\u00e9rapant et anti-fatigue<\/li>\n<li>R\u00e9sistant aux taches et facile \u00e0 nettoyer<\/li>\n<li>Surface durable fabriqu\u00e9e \u00e0 partir de fibres recycl\u00e9es<\/li>\n<li>Rapidit\u00e9 d'installation<\/li>\n<\/ul>","protected":false},"featured_media":5137,"comment_status":"open","ping_status":"closed","template":"","meta":[],"product_cat":[451],"product_tag":[],"class_list":{"0":"post-5129","1":"product","2":"type-product","3":"status-publish","4":"has-post-thumbnail","6":"product_cat-tools-equipment","7":"product_shipping_class-class-4","9":"first","10":"instock","11":"taxable","12":"shipping-taxable","13":"purchasable","14":"product-type-variable"},"yoast_head":"<!-- This site is optimized with the Yoast SEO plugin v27.4 - https:\/\/yoast.com\/product\/yoast-seo-wordpress\/ -->\n<title>Garage Grip - Professional Grade Non Slip Flooring Cover - Ks Products<\/title>\n<meta name=\"description\" content=\"GARAGEGRIP\u2122premiumnonslipgarageflooring is proudly manufactured in the USA\" \/>\n<meta name=\"robots\" content=\"index, follow, max-snippet:-1, max-image-preview:large, max-video-preview:-1\" \/>\n<link rel=\"canonical\" href=\"https:\/\/ksproducts.ca\/fr\/product\/carrelage-de-sol-de-garage\/\" \/>\n<meta property=\"og:locale\" content=\"fr_CA\" \/>\n<meta property=\"og:type\" content=\"article\" \/>\n<meta property=\"og:title\" content=\"Garage Grip - Professional Grade Non Slip Flooring Cover - Ks Products\" \/>\n<meta property=\"og:description\" content=\"GARAGEGRIP\u2122premiumnonslipgarageflooring is proudly manufactured in the USA\" \/>\n<meta property=\"og:url\" content=\"https:\/\/ksproducts.ca\/fr\/product\/carrelage-de-sol-de-garage\/\" \/>\n<meta property=\"og:site_name\" content=\"Ks Products\" \/>\n<meta property=\"article:modified_time\" content=\"2026-02-02T20:07:34+00:00\" \/>\n<meta property=\"og:image\" content=\"https:\/\/ksproducts.ca\/wp-content\/uploads\/2022\/06\/Garage6-jpg.webp\" \/>\n\t<meta property=\"og:image:width\" content=\"1024\" \/>\n\t<meta property=\"og:image:height\" content=\"683\" \/>\n\t<meta property=\"og:image:type\" content=\"image\/jpeg\" \/>\n<meta name=\"twitter:card\" content=\"summary_large_image\" \/>\n<meta name=\"twitter:label1\" content=\"Estimation du temps de lecture\" \/>\n\t<meta name=\"twitter:data1\" content=\"1 minute\" \/>\n<script type=\"application\/ld+json\" class=\"yoast-schema-graph\">{\"@context\":\"https:\\\/\\\/schema.org\",\"@graph\":[{\"@type\":\"WebPage\",\"@id\":\"https:\\\/\\\/ksproducts.ca\\\/product\\\/garage-floor-tile\\\/\",\"url\":\"https:\\\/\\\/ksproducts.ca\\\/product\\\/garage-floor-tile\\\/\",\"name\":\"Garage Grip - Professional Grade Non Slip Flooring Cover - Ks Products\",\"isPartOf\":{\"@id\":\"https:\\\/\\\/ksproducts.ca\\\/#website\"},\"primaryImageOfPage\":{\"@id\":\"https:\\\/\\\/ksproducts.ca\\\/product\\\/garage-floor-tile\\\/#primaryimage\"},\"image\":{\"@id\":\"https:\\\/\\\/ksproducts.ca\\\/product\\\/garage-floor-tile\\\/#primaryimage\"},\"thumbnailUrl\":\"https:\\\/\\\/ksproducts.ca\\\/wp-content\\\/uploads\\\/2022\\\/06\\\/Garage6-jpg.webp\",\"datePublished\":\"2022-06-14T18:44:11+00:00\",\"dateModified\":\"2026-02-02T20:07:34+00:00\",\"description\":\"GARAGEGRIP\u2122premiumnonslipgarageflooring is proudly manufactured in the USA\",\"breadcrumb\":{\"@id\":\"https:\\\/\\\/ksproducts.ca\\\/product\\\/garage-floor-tile\\\/#breadcrumb\"},\"inLanguage\":\"fr-CA\",\"potentialAction\":[{\"@type\":\"ReadAction\",\"target\":[\"https:\\\/\\\/ksproducts.ca\\\/product\\\/garage-floor-tile\\\/\"]}]},{\"@type\":\"ImageObject\",\"inLanguage\":\"fr-CA\",\"@id\":\"https:\\\/\\\/ksproducts.ca\\\/product\\\/garage-floor-tile\\\/#primaryimage\",\"url\":\"https:\\\/\\\/ksproducts.ca\\\/wp-content\\\/uploads\\\/2022\\\/06\\\/Garage6-jpg.webp\",\"contentUrl\":\"https:\\\/\\\/ksproducts.ca\\\/wp-content\\\/uploads\\\/2022\\\/06\\\/Garage6-jpg.webp\",\"width\":1024,\"height\":683,\"caption\":\"Garage6 jpg\"},{\"@type\":\"BreadcrumbList\",\"@id\":\"https:\\\/\\\/ksproducts.ca\\\/product\\\/garage-floor-tile\\\/#breadcrumb\",\"itemListElement\":[{\"@type\":\"ListItem\",\"position\":1,\"name\":\"Home\",\"item\":\"https:\\\/\\\/ksproducts.ca\\\/\"},{\"@type\":\"ListItem\",\"position\":2,\"name\":\"Shop\",\"item\":\"https:\\\/\\\/ksproducts.ca\\\/shop\\\/\"},{\"@type\":\"ListItem\",\"position\":3,\"name\":\"Garage Grip &#8211; Professional Grade Non Slip Flooring Cover\"}]},{\"@type\":\"WebSite\",\"@id\":\"https:\\\/\\\/ksproducts.ca\\\/#website\",\"url\":\"https:\\\/\\\/ksproducts.ca\\\/\",\"name\":\"Ks Products\",\"description\":\"Outdoor cooking and living, made easy in Canada\",\"publisher\":{\"@id\":\"https:\\\/\\\/ksproducts.ca\\\/#organization\"},\"potentialAction\":[{\"@type\":\"SearchAction\",\"target\":{\"@type\":\"EntryPoint\",\"urlTemplate\":\"https:\\\/\\\/ksproducts.ca\\\/?s={search_term_string}\"},\"query-input\":{\"@type\":\"PropertyValueSpecification\",\"valueRequired\":true,\"valueName\":\"search_term_string\"}}],\"inLanguage\":\"fr-CA\"},{\"@type\":\"Organization\",\"@id\":\"https:\\\/\\\/ksproducts.ca\\\/#organization\",\"name\":\"Ks Products\",\"url\":\"https:\\\/\\\/ksproducts.ca\\\/\",\"logo\":{\"@type\":\"ImageObject\",\"inLanguage\":\"fr-CA\",\"@id\":\"https:\\\/\\\/ksproducts.ca\\\/#\\\/schema\\\/logo\\\/image\\\/\",\"url\":\"https:\\\/\\\/ksproducts.ca\\\/wp-content\\\/uploads\\\/2023\\\/09\\\/Kennedy-Sales-Logo-header-1.png\",\"contentUrl\":\"https:\\\/\\\/ksproducts.ca\\\/wp-content\\\/uploads\\\/2023\\\/09\\\/Kennedy-Sales-Logo-header-1.png\",\"width\":150,\"height\":77,\"caption\":\"Ks Products\"},\"image\":{\"@id\":\"https:\\\/\\\/ksproducts.ca\\\/#\\\/schema\\\/logo\\\/image\\\/\"}}]}<\/script>\n<!-- \/ Yoast SEO plugin. -->","yoast_head_json":{"title":"Garage Grip - Rev\u00eatement de sol antid\u00e9rapant de qualit\u00e9 professionnelle - Ks Products","description":"GARAGEGRIP\u2122premiumnonslipgarageflooring est fi\u00e8rement fabriqu\u00e9 aux \u00c9tats-Unis.","robots":{"index":"index","follow":"follow","max-snippet":"max-snippet:-1","max-image-preview":"max-image-preview:large","max-video-preview":"max-video-preview:-1"},"canonical":"https:\/\/ksproducts.ca\/fr\/product\/carrelage-de-sol-de-garage\/","og_locale":"fr_CA","og_type":"article","og_title":"Garage Grip - Professional Grade Non Slip Flooring Cover - Ks Products","og_description":"GARAGEGRIP\u2122premiumnonslipgarageflooring is proudly manufactured in the USA","og_url":"https:\/\/ksproducts.ca\/fr\/product\/carrelage-de-sol-de-garage\/","og_site_name":"Ks Products","article_modified_time":"2026-02-02T20:07:34+00:00","og_image":[{"width":1024,"height":683,"url":"https:\/\/ksproducts.ca\/wp-content\/uploads\/2022\/06\/Garage6-jpg.webp","type":"image\/jpeg"}],"twitter_card":"summary_large_image","twitter_misc":{"Estimation du temps de lecture":"1 minute"},"schema":{"@context":"https:\/\/schema.org","@graph":[{"@type":"WebPage","@id":"https:\/\/ksproducts.ca\/product\/garage-floor-tile\/","url":"https:\/\/ksproducts.ca\/product\/garage-floor-tile\/","name":"Garage Grip - Rev\u00eatement de sol antid\u00e9rapant de qualit\u00e9 professionnelle - Ks Products","isPartOf":{"@id":"https:\/\/ksproducts.ca\/#website"},"primaryImageOfPage":{"@id":"https:\/\/ksproducts.ca\/product\/garage-floor-tile\/#primaryimage"},"image":{"@id":"https:\/\/ksproducts.ca\/product\/garage-floor-tile\/#primaryimage"},"thumbnailUrl":"https:\/\/ksproducts.ca\/wp-content\/uploads\/2022\/06\/Garage6-jpg.webp","datePublished":"2022-06-14T18:44:11+00:00","dateModified":"2026-02-02T20:07:34+00:00","description":"GARAGEGRIP\u2122premiumnonslipgarageflooring est fi\u00e8rement fabriqu\u00e9 aux \u00c9tats-Unis.","breadcrumb":{"@id":"https:\/\/ksproducts.ca\/product\/garage-floor-tile\/#breadcrumb"},"inLanguage":"fr-CA","potentialAction":[{"@type":"ReadAction","target":["https:\/\/ksproducts.ca\/product\/garage-floor-tile\/"]}]},{"@type":"ImageObject","inLanguage":"fr-CA","@id":"https:\/\/ksproducts.ca\/product\/garage-floor-tile\/#primaryimage","url":"https:\/\/ksproducts.ca\/wp-content\/uploads\/2022\/06\/Garage6-jpg.webp","contentUrl":"https:\/\/ksproducts.ca\/wp-content\/uploads\/2022\/06\/Garage6-jpg.webp","width":1024,"height":683,"caption":"Garage6 jpg"},{"@type":"BreadcrumbList","@id":"https:\/\/ksproducts.ca\/product\/garage-floor-tile\/#breadcrumb","itemListElement":[{"@type":"ListItem","position":1,"name":"Home","item":"https:\/\/ksproducts.ca\/"},{"@type":"ListItem","position":2,"name":"Shop","item":"https:\/\/ksproducts.ca\/shop\/"},{"@type":"ListItem","position":3,"name":"Garage Grip &#8211; Professional Grade Non Slip Flooring Cover"}]},{"@type":"WebSite","@id":"https:\/\/ksproducts.ca\/#website","url":"https:\/\/ksproducts.ca\/","name":"Produits Ks","description":"Cuisiner et vivre en plein air, c'est facile au Canada","publisher":{"@id":"https:\/\/ksproducts.ca\/#organization"},"potentialAction":[{"@type":"SearchAction","target":{"@type":"EntryPoint","urlTemplate":"https:\/\/ksproducts.ca\/?s={search_term_string}"},"query-input":{"@type":"PropertyValueSpecification","valueRequired":true,"valueName":"search_term_string"}}],"inLanguage":"fr-CA"},{"@type":"Organization","@id":"https:\/\/ksproducts.ca\/#organization","name":"Produits Ks","url":"https:\/\/ksproducts.ca\/","logo":{"@type":"ImageObject","inLanguage":"fr-CA","@id":"https:\/\/ksproducts.ca\/#\/schema\/logo\/image\/","url":"https:\/\/ksproducts.ca\/wp-content\/uploads\/2023\/09\/Kennedy-Sales-Logo-header-1.png","contentUrl":"https:\/\/ksproducts.ca\/wp-content\/uploads\/2023\/09\/Kennedy-Sales-Logo-header-1.png","width":150,"height":77,"caption":"Ks Products"},"image":{"@id":"https:\/\/ksproducts.ca\/#\/schema\/logo\/image\/"}}]}},"_links":{"self":[{"href":"https:\/\/ksproducts.ca\/fr\/wp-json\/wp\/v2\/product\/5129","targetHints":{"allow":["GET"]}}],"collection":[{"href":"https:\/\/ksproducts.ca\/fr\/wp-json\/wp\/v2\/product"}],"about":[{"href":"https:\/\/ksproducts.ca\/fr\/wp-json\/wp\/v2\/types\/product"}],"replies":[{"embeddable":true,"href":"https:\/\/ksproducts.ca\/fr\/wp-json\/wp\/v2\/comments?post=5129"}],"version-history":[{"count":2,"href":"https:\/\/ksproducts.ca\/fr\/wp-json\/wp\/v2\/product\/5129\/revisions"}],"predecessor-version":[{"id":10269,"href":"https:\/\/ksproducts.ca\/fr\/wp-json\/wp\/v2\/product\/5129\/revisions\/10269"}],"wp:featuredmedia":[{"embeddable":true,"href":"https:\/\/ksproducts.ca\/fr\/wp-json\/wp\/v2\/media\/5137"}],"wp:attachment":[{"href":"https:\/\/ksproducts.ca\/fr\/wp-json\/wp\/v2\/media?parent=5129"}],"wp:term":[{"taxonomy":"product_cat","embeddable":true,"href":"https:\/\/ksproducts.ca\/fr\/wp-json\/wp\/v2\/product_cat?post=5129"},{"taxonomy":"product_tag","embeddable":true,"href":"https:\/\/ksproducts.ca\/fr\/wp-json\/wp\/v2\/product_tag?post=5129"}],"curies":[{"name":"wp","href":"https:\/\/api.w.org\/{rel}","templated":true}]}}