{"id":5157,"date":"2022-06-17T18:18:36","date_gmt":"2022-06-17T18:18:36","guid":{"rendered":"http:\/\/localhost\/wordpress\/?post_type=product&#038;p=5157"},"modified":"2025-09-17T19:47:32","modified_gmt":"2025-09-17T19:47:32","slug":"paire-de-rampes-arquees-en-aluminium-extensible","status":"publish","type":"product","link":"https:\/\/ksproducts.ca\/fr\/product\/extending-aluminum-arched-ramp-pair\/","title":{"rendered":"Rampe arqu\u00e9e extensible en aluminium (paire)"},"content":{"rendered":"","protected":false},"excerpt":{"rendered":"<p>Cette paire de rampes arqu\u00e9es en aluminium a une capacit\u00e9 de charge distribu\u00e9e de 1 500 lb et s'\u00e9tend jusqu'\u00e0 pr\u00e8s de 90\u2033 pour permettre le chargement et le d\u00e9chargement d'\u00e9quipements personnels. Elle permet un chargement id\u00e9al pour les tondeuses \u00e0 gazon, les VTT\/v\u00e9los tout-terrain et autres machines de jardinage \u00e0 roues.<\/p>","protected":false},"featured_media":5158,"comment_status":"open","ping_status":"closed","template":"","meta":[],"product_cat":[430],"product_tag":[231,226],"class_list":{"0":"post-5157","1":"product","2":"type-product","3":"status-publish","4":"has-post-thumbnail","6":"product_cat-automotive-gear","7":"product_tag-job-pro","8":"product_tag-job-pro-loading-ramp","9":"product_shipping_class-class-4","11":"first","12":"instock","13":"taxable","14":"shipping-taxable","15":"purchasable","16":"product-type-simple"},"yoast_head":"<!-- This site is optimized with the Yoast SEO plugin v27.3 - https:\/\/yoast.com\/product\/yoast-seo-wordpress\/ -->\n<title>Extending Aluminum Arched Ramp (pair) - Ks Products<\/title>\n<meta name=\"description\" content=\"This pair of Aluminum Arched Ramp pair has a 1,500 lb. distributed load capacity and extends to almost 90&quot; to accommodate the loading and unloading of personal equipment.\" \/>\n<meta name=\"robots\" content=\"index, follow, max-snippet:-1, max-image-preview:large, max-video-preview:-1\" \/>\n<link rel=\"canonical\" href=\"https:\/\/ksproducts.ca\/fr\/product\/paire-de-rampes-arquees-en-aluminium-extensible\/\" \/>\n<meta property=\"og:locale\" content=\"fr_CA\" \/>\n<meta property=\"og:type\" content=\"article\" \/>\n<meta property=\"og:title\" content=\"Extending Aluminum Arched Ramp (pair) - Ks Products\" \/>\n<meta property=\"og:description\" content=\"This pair of Aluminum Arched Ramp pair has a 1,500 lb. distributed load capacity and extends to almost 90&quot; to accommodate the loading and unloading of personal equipment.\" \/>\n<meta property=\"og:url\" content=\"https:\/\/ksproducts.ca\/fr\/product\/paire-de-rampes-arquees-en-aluminium-extensible\/\" \/>\n<meta property=\"og:site_name\" content=\"Ks Products\" \/>\n<meta property=\"article:modified_time\" content=\"2025-09-17T19:47:32+00:00\" \/>\n<meta property=\"og:image\" content=\"https:\/\/ksproducts.ca\/wp-content\/uploads\/2022\/06\/atv-016-scaled-jpg.webp\" \/>\n\t<meta property=\"og:image:width\" content=\"1253\" \/>\n\t<meta property=\"og:image:height\" content=\"1920\" \/>\n\t<meta property=\"og:image:type\" content=\"image\/jpeg\" \/>\n<meta name=\"twitter:card\" content=\"summary_large_image\" \/>\n<script type=\"application\/ld+json\" class=\"yoast-schema-graph\">{\"@context\":\"https:\\\/\\\/schema.org\",\"@graph\":[{\"@type\":\"WebPage\",\"@id\":\"https:\\\/\\\/ksproducts.ca\\\/product\\\/extending-aluminum-arched-ramp-pair\\\/\",\"url\":\"https:\\\/\\\/ksproducts.ca\\\/product\\\/extending-aluminum-arched-ramp-pair\\\/\",\"name\":\"Extending Aluminum Arched Ramp (pair) - Ks Products\",\"isPartOf\":{\"@id\":\"https:\\\/\\\/ksproducts.ca\\\/#website\"},\"primaryImageOfPage\":{\"@id\":\"https:\\\/\\\/ksproducts.ca\\\/product\\\/extending-aluminum-arched-ramp-pair\\\/#primaryimage\"},\"image\":{\"@id\":\"https:\\\/\\\/ksproducts.ca\\\/product\\\/extending-aluminum-arched-ramp-pair\\\/#primaryimage\"},\"thumbnailUrl\":\"https:\\\/\\\/ksproducts.ca\\\/wp-content\\\/uploads\\\/2022\\\/06\\\/atv-016-scaled-jpg.webp\",\"datePublished\":\"2022-06-17T18:18:36+00:00\",\"dateModified\":\"2025-09-17T19:47:32+00:00\",\"description\":\"This pair of Aluminum Arched Ramp pair has a 1,500 lb. distributed load capacity and extends to almost 90\\\" to accommodate the loading and unloading of personal equipment.\",\"breadcrumb\":{\"@id\":\"https:\\\/\\\/ksproducts.ca\\\/product\\\/extending-aluminum-arched-ramp-pair\\\/#breadcrumb\"},\"inLanguage\":\"fr-CA\",\"potentialAction\":[{\"@type\":\"ReadAction\",\"target\":[\"https:\\\/\\\/ksproducts.ca\\\/product\\\/extending-aluminum-arched-ramp-pair\\\/\"]}]},{\"@type\":\"ImageObject\",\"inLanguage\":\"fr-CA\",\"@id\":\"https:\\\/\\\/ksproducts.ca\\\/product\\\/extending-aluminum-arched-ramp-pair\\\/#primaryimage\",\"url\":\"https:\\\/\\\/ksproducts.ca\\\/wp-content\\\/uploads\\\/2022\\\/06\\\/atv-016-scaled-jpg.webp\",\"contentUrl\":\"https:\\\/\\\/ksproducts.ca\\\/wp-content\\\/uploads\\\/2022\\\/06\\\/atv-016-scaled-jpg.webp\",\"width\":1253,\"height\":1920,\"caption\":\"atv 016 scaled jpg\"},{\"@type\":\"BreadcrumbList\",\"@id\":\"https:\\\/\\\/ksproducts.ca\\\/product\\\/extending-aluminum-arched-ramp-pair\\\/#breadcrumb\",\"itemListElement\":[{\"@type\":\"ListItem\",\"position\":1,\"name\":\"Home\",\"item\":\"https:\\\/\\\/ksproducts.ca\\\/\"},{\"@type\":\"ListItem\",\"position\":2,\"name\":\"Shop\",\"item\":\"https:\\\/\\\/ksproducts.ca\\\/shop\\\/\"},{\"@type\":\"ListItem\",\"position\":3,\"name\":\"Extending Aluminum Arched Ramp (pair)\"}]},{\"@type\":\"WebSite\",\"@id\":\"https:\\\/\\\/ksproducts.ca\\\/#website\",\"url\":\"https:\\\/\\\/ksproducts.ca\\\/\",\"name\":\"Ks Products\",\"description\":\"Outdoor cooking and living, made easy in Canada\",\"publisher\":{\"@id\":\"https:\\\/\\\/ksproducts.ca\\\/#organization\"},\"potentialAction\":[{\"@type\":\"SearchAction\",\"target\":{\"@type\":\"EntryPoint\",\"urlTemplate\":\"https:\\\/\\\/ksproducts.ca\\\/?s={search_term_string}\"},\"query-input\":{\"@type\":\"PropertyValueSpecification\",\"valueRequired\":true,\"valueName\":\"search_term_string\"}}],\"inLanguage\":\"fr-CA\"},{\"@type\":\"Organization\",\"@id\":\"https:\\\/\\\/ksproducts.ca\\\/#organization\",\"name\":\"Ks Products\",\"url\":\"https:\\\/\\\/ksproducts.ca\\\/\",\"logo\":{\"@type\":\"ImageObject\",\"inLanguage\":\"fr-CA\",\"@id\":\"https:\\\/\\\/ksproducts.ca\\\/#\\\/schema\\\/logo\\\/image\\\/\",\"url\":\"https:\\\/\\\/ksproducts.ca\\\/wp-content\\\/uploads\\\/2023\\\/09\\\/Kennedy-Sales-Logo-header-1.png\",\"contentUrl\":\"https:\\\/\\\/ksproducts.ca\\\/wp-content\\\/uploads\\\/2023\\\/09\\\/Kennedy-Sales-Logo-header-1.png\",\"width\":150,\"height\":77,\"caption\":\"Ks Products\"},\"image\":{\"@id\":\"https:\\\/\\\/ksproducts.ca\\\/#\\\/schema\\\/logo\\\/image\\\/\"}}]}<\/script>\n<!-- \/ Yoast SEO plugin. -->","yoast_head_json":{"title":"Rampe arqu\u00e9e extensible en aluminium (paire) - Ks Products","description":"Cette paire de rampes arqu\u00e9es en aluminium a une capacit\u00e9 de charge distribu\u00e9e de 1 500 lb et s'\u00e9tend jusqu'\u00e0 pr\u00e8s de 90\" pour permettre le chargement et le d\u00e9chargement de l'\u00e9quipement personnel.","robots":{"index":"index","follow":"follow","max-snippet":"max-snippet:-1","max-image-preview":"max-image-preview:large","max-video-preview":"max-video-preview:-1"},"canonical":"https:\/\/ksproducts.ca\/fr\/product\/paire-de-rampes-arquees-en-aluminium-extensible\/","og_locale":"fr_CA","og_type":"article","og_title":"Extending Aluminum Arched Ramp (pair) - Ks Products","og_description":"This pair of Aluminum Arched Ramp pair has a 1,500 lb. distributed load capacity and extends to almost 90\" to accommodate the loading and unloading of personal equipment.","og_url":"https:\/\/ksproducts.ca\/fr\/product\/paire-de-rampes-arquees-en-aluminium-extensible\/","og_site_name":"Ks Products","article_modified_time":"2025-09-17T19:47:32+00:00","og_image":[{"width":1253,"height":1920,"url":"https:\/\/ksproducts.ca\/wp-content\/uploads\/2022\/06\/atv-016-scaled-jpg.webp","type":"image\/jpeg"}],"twitter_card":"summary_large_image","schema":{"@context":"https:\/\/schema.org","@graph":[{"@type":"WebPage","@id":"https:\/\/ksproducts.ca\/product\/extending-aluminum-arched-ramp-pair\/","url":"https:\/\/ksproducts.ca\/product\/extending-aluminum-arched-ramp-pair\/","name":"Rampe arqu\u00e9e extensible en aluminium (paire) - Ks Products","isPartOf":{"@id":"https:\/\/ksproducts.ca\/#website"},"primaryImageOfPage":{"@id":"https:\/\/ksproducts.ca\/product\/extending-aluminum-arched-ramp-pair\/#primaryimage"},"image":{"@id":"https:\/\/ksproducts.ca\/product\/extending-aluminum-arched-ramp-pair\/#primaryimage"},"thumbnailUrl":"https:\/\/ksproducts.ca\/wp-content\/uploads\/2022\/06\/atv-016-scaled-jpg.webp","datePublished":"2022-06-17T18:18:36+00:00","dateModified":"2025-09-17T19:47:32+00:00","description":"Cette paire de rampes arqu\u00e9es en aluminium a une capacit\u00e9 de charge distribu\u00e9e de 1 500 lb et s'\u00e9tend jusqu'\u00e0 pr\u00e8s de 90\" pour permettre le chargement et le d\u00e9chargement de l'\u00e9quipement personnel.","breadcrumb":{"@id":"https:\/\/ksproducts.ca\/product\/extending-aluminum-arched-ramp-pair\/#breadcrumb"},"inLanguage":"fr-CA","potentialAction":[{"@type":"ReadAction","target":["https:\/\/ksproducts.ca\/product\/extending-aluminum-arched-ramp-pair\/"]}]},{"@type":"ImageObject","inLanguage":"fr-CA","@id":"https:\/\/ksproducts.ca\/product\/extending-aluminum-arched-ramp-pair\/#primaryimage","url":"https:\/\/ksproducts.ca\/wp-content\/uploads\/2022\/06\/atv-016-scaled-jpg.webp","contentUrl":"https:\/\/ksproducts.ca\/wp-content\/uploads\/2022\/06\/atv-016-scaled-jpg.webp","width":1253,"height":1920,"caption":"atv 016 scaled jpg"},{"@type":"BreadcrumbList","@id":"https:\/\/ksproducts.ca\/product\/extending-aluminum-arched-ramp-pair\/#breadcrumb","itemListElement":[{"@type":"ListItem","position":1,"name":"Home","item":"https:\/\/ksproducts.ca\/"},{"@type":"ListItem","position":2,"name":"Shop","item":"https:\/\/ksproducts.ca\/shop\/"},{"@type":"ListItem","position":3,"name":"Extending Aluminum Arched Ramp (pair)"}]},{"@type":"WebSite","@id":"https:\/\/ksproducts.ca\/#website","url":"https:\/\/ksproducts.ca\/","name":"Produits Ks","description":"Cuisiner et vivre en plein air, c'est facile au Canada","publisher":{"@id":"https:\/\/ksproducts.ca\/#organization"},"potentialAction":[{"@type":"SearchAction","target":{"@type":"EntryPoint","urlTemplate":"https:\/\/ksproducts.ca\/?s={search_term_string}"},"query-input":{"@type":"PropertyValueSpecification","valueRequired":true,"valueName":"search_term_string"}}],"inLanguage":"fr-CA"},{"@type":"Organization","@id":"https:\/\/ksproducts.ca\/#organization","name":"Produits Ks","url":"https:\/\/ksproducts.ca\/","logo":{"@type":"ImageObject","inLanguage":"fr-CA","@id":"https:\/\/ksproducts.ca\/#\/schema\/logo\/image\/","url":"https:\/\/ksproducts.ca\/wp-content\/uploads\/2023\/09\/Kennedy-Sales-Logo-header-1.png","contentUrl":"https:\/\/ksproducts.ca\/wp-content\/uploads\/2023\/09\/Kennedy-Sales-Logo-header-1.png","width":150,"height":77,"caption":"Ks Products"},"image":{"@id":"https:\/\/ksproducts.ca\/#\/schema\/logo\/image\/"}}]}},"_links":{"self":[{"href":"https:\/\/ksproducts.ca\/fr\/wp-json\/wp\/v2\/product\/5157","targetHints":{"allow":["GET"]}}],"collection":[{"href":"https:\/\/ksproducts.ca\/fr\/wp-json\/wp\/v2\/product"}],"about":[{"href":"https:\/\/ksproducts.ca\/fr\/wp-json\/wp\/v2\/types\/product"}],"replies":[{"embeddable":true,"href":"https:\/\/ksproducts.ca\/fr\/wp-json\/wp\/v2\/comments?post=5157"}],"version-history":[{"count":1,"href":"https:\/\/ksproducts.ca\/fr\/wp-json\/wp\/v2\/product\/5157\/revisions"}],"predecessor-version":[{"id":10109,"href":"https:\/\/ksproducts.ca\/fr\/wp-json\/wp\/v2\/product\/5157\/revisions\/10109"}],"wp:featuredmedia":[{"embeddable":true,"href":"https:\/\/ksproducts.ca\/fr\/wp-json\/wp\/v2\/media\/5158"}],"wp:attachment":[{"href":"https:\/\/ksproducts.ca\/fr\/wp-json\/wp\/v2\/media?parent=5157"}],"wp:term":[{"taxonomy":"product_cat","embeddable":true,"href":"https:\/\/ksproducts.ca\/fr\/wp-json\/wp\/v2\/product_cat?post=5157"},{"taxonomy":"product_tag","embeddable":true,"href":"https:\/\/ksproducts.ca\/fr\/wp-json\/wp\/v2\/product_tag?post=5157"}],"curies":[{"name":"wp","href":"https:\/\/api.w.org\/{rel}","templated":true}]}}