{"id":5204,"date":"2022-08-16T20:55:00","date_gmt":"2022-08-16T20:55:00","guid":{"rendered":"http:\/\/localhost\/wordpress\/?post_type=product&#038;p=5204"},"modified":"2026-03-06T20:27:19","modified_gmt":"2026-03-06T20:27:19","slug":"12-sacs-de-35-livres","status":"publish","type":"product","link":"https:\/\/ksproducts.ca\/fr\/product\/12-35-lb-bag\/","title":{"rendered":"Sac de frappe Aqua 12\u2033 de 35 lb"},"content":{"rendered":"<div data-content-type=\"row\" data-appearance=\"contained\" data-element=\"main\">\n<div data-enable-parallax=\"0\" data-parallax-speed=\"0.5\" data-background-images=\"{}\" data-video-fallback-src=\"\" data-element=\"inner\" data-pb-style=\"Y1W0293\">\n<div data-content-type=\"html\" data-appearance=\"default\" data-element=\"main\" data-pb-style=\"S15FUIB\" data-decoded=\"true\">\n<h2><strong>Un must dans l'arsenal de tout combattant<\/strong><\/h2>\n<p>Faites passer votre entra\u00eenement au niveau sup\u00e9rieur en pratiquant l'attaque et la d\u00e9fense avec un seul sac. Ce sac hybride de frappe et de balle poss\u00e8de l'absorption d'\u00e9nergie de tous nos sacs d'entra\u00eenement Aqua, mais sa taille et son poids vous permettent de vous entra\u00eener au timing, \u00e0 la pr\u00e9cision et au mouvement.<\/p>\n<p>Construit pour durer, ce sac a la durabilit\u00e9 et le poids n\u00e9cessaires pour supporter tous vos coups de poing puissants, et la taille n\u00e9cessaire pour vous entra\u00eener \u00e0 la vitesse et \u00e0 la synchronisation. Frappez et esquivez ce sac de la taille d'une t\u00eate n'importe o\u00f9 - il est imperm\u00e9able, r\u00e9sistant aux UV et s\u00fbr pour une utilisation en ext\u00e9rieur. Vous voulez un Head Hunter plus l\u00e9ger, avec une surface de frappe plus \u00e9troite et plus de mouvement ? Prenez notre sac de 12 pouces, 35 livres. Tous les sacs b\u00e9n\u00e9ficient d'une garantie limit\u00e9e d'un an.<\/p>\n<h2><strong>Le pouvoir de H2O<\/strong><\/h2>\n<p>Adoptez le sac qui vous permet de faire ressortir le champion qui sommeille en vous ! L'Aqua Training Bag\u00ae exploite la puissance de l'eau de mani\u00e8re simple et innovante gr\u00e2ce \u00e0 sa technologie moderne et \u00e0 sa forme, sa taille et ses mat\u00e9riaux uniques. En utilisant l'eau \u00e0 la place du sable ou d'autres contenus typiques des sacs d'entra\u00eenement, tout le monde, du d\u00e9butant au combattant professionnel, peut faire l'exp\u00e9rience de la boxe cardio sans sacrifier la puissance ou risquer des blessures potentielles dues \u00e0 un point dur. Qui aurait pu imaginer qu'il suffisait de quelques litres d'eau pour am\u00e9liorer consid\u00e9rablement votre strat\u00e9gie de remise en forme ?<\/p>\n<h2><strong>Des s\u00e9ances d'entra\u00eenement intenses \u00e0 tout moment et en tout lieu<\/strong><\/h2>\n<p>Qu'il soit plein ou vide, le sac d'entra\u00eenement Aqua est facile \u00e0 emporter sur n'importe quel site d'entra\u00eenement, ce qui vous permet de vous entra\u00eener dans l'endroit de votre choix. Utilisez-le n'importe o\u00f9 - dans votre cave, votre garage, ou m\u00eame en toute s\u00e9curit\u00e9 \u00e0 l'ext\u00e9rieur lorsqu'il pleut \u00e0 verse ou que le soleil brille, car sa structure unique est imperm\u00e9able et r\u00e9sistante aux UV. Remplissez et videz votre sac en quelques minutes et passez plus de temps \u00e0 frapper les coups qui font ressortir le comp\u00e9titeur qui est en vous !<\/p>\n<p>Les sacs d'entra\u00eenement Aqua constituent la plateforme id\u00e9ale pour permettre \u00e0 chacun de d\u00e9fier le combattant qui sommeille en lui, quel que soit son niveau d'exp\u00e9rience. Que vous soyez un v\u00e9t\u00e9ran de la boxe ou un champion de classe mondiale en devenir, vous \u00eates s\u00fbr de vous rapprocher de vos objectifs avec un sac d'entra\u00eenement aquatique - un coup de poing, un coup de pied et un coup de poing \u00e0 la fois.<\/p>\n<\/div>\n<\/div>\n<\/div>\n<div data-content-type=\"row\" data-appearance=\"contained\" data-element=\"main\">\n<div data-enable-parallax=\"0\" data-parallax-speed=\"0.5\" data-background-images=\"{}\" data-background-type=\"image\" data-video-loop=\"true\" data-video-play-only-visible=\"true\" data-video-lazy-load=\"true\" data-video-fallback-src=\"\" data-element=\"inner\" data-pb-style=\"YLA235U\">\n<div data-content-type=\"html\" data-appearance=\"default\" data-element=\"main\" data-pb-style=\"BRDYF8R\" data-decoded=\"true\">\n<h2><strong>CARACT\u00c9RISTIQUES DE LA BALLE DE CHASSEUR DE T\u00caTE DE 12 POUCES :<\/strong><\/h2>\n<ul>\n<li><strong>POIN\u00c7ONNER AVEC PR\u00c9CISION -<\/strong>Ce n'est pas pour rien qu'on l'appelle \u201cchasseur de t\u00eates\u201d. Cette balle glissante de la taille d'une t\u00eate vous permet d'exercer votre technique et votre pr\u00e9cision en la chassant pendant qu'elle se d\u00e9place. Vous pouvez vous laisser aller \u00e0 une vari\u00e9t\u00e9 de frappes - sa forme ronde vous permet de vous entra\u00eener aux jabs, aux crochets, aux uppercuts et \u00e0 bien d'autres choses encore.<\/li>\n<li><strong>GLISSER, BLOQUER, ESQUIVER -<\/strong>Le mouvement de la balle glissante vous oblige \u00e0 travailler votre mouvement de t\u00eate, votre jeu de jambes, votre vitesse, votre timing et votre d\u00e9fense. Laissez-la se balancer normalement ou demandez \u00e0 un entra\u00eeneur de vous faire deviner o\u00f9 elle va aller.<\/li>\n<li><strong>UNE CONCEPTION UNIQUE QUI ABSORBE LES CHOCS -\u00a0<\/strong>Notre sac rempli d'eau absorbe votre \u00e9nergie cin\u00e9tique, quel que soit le choc que vous lui infligez. Prot\u00e9gez vos mains et vos articulations en optant pour un Aqua Training Bag\u00ae.<\/li>\n<li><strong>BUILT TOUGH -\u00a0<\/strong>Comme tous les sacs d'entra\u00eenement Aqua, le Head Hunter a \u00e9t\u00e9 con\u00e7u pour pouvoir encaisser n'importe quel coup de poing ou de pied, alors donnez-lui tout ce que vous avez ! Fabriqu\u00e9 en vinyle \u00e0 parois \u00e9paisses, c'est un outil d'entra\u00eenement solide et durable qui durera des ann\u00e9es.<\/li>\n<li><strong>\u00c0 EMPORTER PARTOUT -\u00a0<\/strong>Petit, \u00e9tanche et r\u00e9sistant aux UV, affrontez votre sac Head Hunter partout o\u00f9 vous trouverez un endroit o\u00f9 l'accrocher. D\u00e9placez-le \u00e0 l'int\u00e9rieur, \u00e0 l'ext\u00e9rieur, n'importe o\u00f9 pour changer votre routine et garder les choses int\u00e9ressantes.<\/li>\n<\/ul>\n<\/div>\n<\/div>\n<\/div>\n<div data-content-type=\"row\" data-appearance=\"contained\" data-element=\"main\">\n<div data-enable-parallax=\"0\" data-parallax-speed=\"0.5\" data-background-images=\"{}\" data-background-type=\"image\" data-video-loop=\"true\" data-video-play-only-visible=\"true\" data-video-lazy-load=\"true\" data-video-fallback-src=\"\" data-element=\"inner\" data-pb-style=\"B0ICXPN\">\n<div data-content-type=\"html\" data-appearance=\"default\" data-element=\"main\" data-pb-style=\"QFKPO8U\" data-decoded=\"true\">\n<h2><strong>D\u00e9tails de la balle de chasseur de t\u00eates<\/strong><\/h2>\n<ul>\n<li>Ce qui est inclus : Sac de perforation aqua comprim\u00e9, manille pour la suspension, embout de remplissage de tuyau, bouchon suppl\u00e9mentaire<\/li>\n<li>Ce dont vous avez besoin : De l'eau, un syst\u00e8me de montage ou un support de sac de frappe aquatique, des gants de boxe\/des bandages pour les mains, de la d\u00e9termination !<\/li>\n<li>Poids rempli : 35 lbs. \/ 15.88 kgs.<\/li>\n<li>Taille remplie : 12 pouces<\/li>\n<li>Poids \u00e0 l'exp\u00e9dition : 5.5 lbs. \/ 2,5 kgs.<\/li>\n<li>Dimensions d'exp\u00e9dition : 17\u201d x 10\u201d x 10\u201d<\/li>\n<li>R\u00e9sistant aux UV<\/li>\n<li>Imperm\u00e9able \u00e0 l'eau<\/li>\n<li>Sans danger pour l'ext\u00e9rieur<\/li>\n<li>Fabriqu\u00e9 aux \u00c9tats-Unis<\/li>\n<\/ul>\n<\/div>\n<\/div>\n<\/div>\n<div data-content-type=\"row\" data-appearance=\"contained\" data-element=\"main\">\n<div data-enable-parallax=\"0\" data-parallax-speed=\"0.5\" data-background-images=\"{}\" data-background-type=\"image\" data-video-loop=\"true\" data-video-play-only-visible=\"true\" data-video-lazy-load=\"true\" data-video-fallback-src=\"\" data-element=\"inner\" data-pb-style=\"SJ7IMT5\">\n<div data-content-type=\"html\" data-appearance=\"default\" data-element=\"main\" data-pb-style=\"O68LIE4\" data-decoded=\"true\">\n<h2><strong>REMPLIR VOTRE T\u00caTE DE CHASSEUR DE BALLES DE GLISSEMENT :<\/strong><\/h2>\n<p>1. Retirer le bouchon de la valve \u00e0 l'aide d'un tournevis \u00e0 t\u00eate Phillips.<br \/>\n2. Raccordez l'accessoire de remplissage \u00e0 votre tuyau.<br \/>\n3. Avant de mettre l'eau en marche, placez l'embout du tuyau dans le trou de la balle de chasse Head Hunter.<br \/>\n4. Lorsque vous avez rempli la quantit\u00e9 d'eau souhait\u00e9e, fermez l'eau et retirez l'embout du tuyau.<br \/>\n5. Remettre le bouchon de la valve dans le sac et le serrer \u00e0 l'aide du tournevis cruciforme jusqu'\u00e0 ce qu'il soit bien ajust\u00e9.<br \/>\n6. Remplir la t\u00eate d'air \u00e0 l'aide d'une pompe \u00e0 air munie d'une aiguille.<\/p>\n<\/div>\n<\/div>\n<\/div>","protected":false},"excerpt":{"rendered":"<p>Le plus grand de nos Head Hunter, ce sac a \u00e9t\u00e9 con\u00e7u pour supporter tous les coups. Sa conception plus lourde offre moins de balancement et une plus grande surface de frappe. Un Aqua Training Bag\u00ae indispensable pour tout combattant, cet hybride balle de glisse\/sac de frappe vous permet de tout faire.<\/p>","protected":false},"featured_media":7314,"comment_status":"open","ping_status":"closed","template":"","meta":[],"product_cat":[390],"product_tag":[250,251,248,241,245],"class_list":{"0":"post-5204","1":"product","2":"type-product","3":"status-publish","4":"has-post-thumbnail","6":"product_cat-fitness-recreation","7":"product_tag-12-inch","8":"product_tag-35lb","9":"product_tag-black","10":"product_tag-blue","11":"product_tag-training-bag","12":"product_shipping_class-class-2","14":"first","15":"instock","16":"taxable","17":"shipping-taxable","18":"purchasable","19":"product-type-variable"},"yoast_head":"<!-- This site is optimized with the Yoast SEO plugin v27.3 - https:\/\/yoast.com\/product\/yoast-seo-wordpress\/ -->\n<title>12&quot; 35 lb. Aqua Punching Bag - Ks Products<\/title>\n<meta name=\"description\" content=\"The largest of our Head Hunter options, this bag was built to handle every hit. Its heavier design offers less sway and a larger surface area to strike.\" \/>\n<meta name=\"robots\" content=\"index, follow, max-snippet:-1, max-image-preview:large, max-video-preview:-1\" \/>\n<link rel=\"canonical\" href=\"https:\/\/ksproducts.ca\/fr\/product\/12-sacs-de-35-livres\/\" \/>\n<meta property=\"og:locale\" content=\"fr_CA\" \/>\n<meta property=\"og:type\" content=\"article\" \/>\n<meta property=\"og:title\" content=\"12&quot; 35 lb. Aqua Punching Bag - Ks Products\" \/>\n<meta property=\"og:description\" content=\"The largest of our Head Hunter options, this bag was built to handle every hit. Its heavier design offers less sway and a larger surface area to strike.\" \/>\n<meta property=\"og:url\" content=\"https:\/\/ksproducts.ca\/fr\/product\/12-sacs-de-35-livres\/\" \/>\n<meta property=\"og:site_name\" content=\"Ks Products\" \/>\n<meta property=\"article:modified_time\" content=\"2026-03-06T20:27:19+00:00\" \/>\n<meta property=\"og:image\" content=\"https:\/\/ksproducts.ca\/wp-content\/uploads\/2022\/08\/Aqua-Training-Bag-Main-jpg.webp\" \/>\n\t<meta property=\"og:image:width\" content=\"1153\" \/>\n\t<meta property=\"og:image:height\" content=\"1800\" \/>\n\t<meta property=\"og:image:type\" content=\"image\/jpeg\" \/>\n<meta name=\"twitter:card\" content=\"summary_large_image\" \/>\n<meta name=\"twitter:label1\" content=\"Estimation du temps de lecture\" \/>\n\t<meta name=\"twitter:data1\" content=\"4 minutes\" \/>\n<script type=\"application\/ld+json\" class=\"yoast-schema-graph\">{\"@context\":\"https:\\\/\\\/schema.org\",\"@graph\":[{\"@type\":\"WebPage\",\"@id\":\"https:\\\/\\\/ksproducts.ca\\\/product\\\/12-35-lb-bag\\\/\",\"url\":\"https:\\\/\\\/ksproducts.ca\\\/product\\\/12-35-lb-bag\\\/\",\"name\":\"12\\\" 35 lb. Aqua Punching Bag - Ks Products\",\"isPartOf\":{\"@id\":\"https:\\\/\\\/ksproducts.ca\\\/#website\"},\"primaryImageOfPage\":{\"@id\":\"https:\\\/\\\/ksproducts.ca\\\/product\\\/12-35-lb-bag\\\/#primaryimage\"},\"image\":{\"@id\":\"https:\\\/\\\/ksproducts.ca\\\/product\\\/12-35-lb-bag\\\/#primaryimage\"},\"thumbnailUrl\":\"https:\\\/\\\/ksproducts.ca\\\/wp-content\\\/uploads\\\/2022\\\/08\\\/Aqua-Training-Bag-Main-jpg.webp\",\"datePublished\":\"2022-08-16T20:55:00+00:00\",\"dateModified\":\"2026-03-06T20:27:19+00:00\",\"description\":\"The largest of our Head Hunter options, this bag was built to handle every hit. Its heavier design offers less sway and a larger surface area to strike.\",\"breadcrumb\":{\"@id\":\"https:\\\/\\\/ksproducts.ca\\\/product\\\/12-35-lb-bag\\\/#breadcrumb\"},\"inLanguage\":\"fr-CA\",\"potentialAction\":[{\"@type\":\"ReadAction\",\"target\":[\"https:\\\/\\\/ksproducts.ca\\\/product\\\/12-35-lb-bag\\\/\"]}]},{\"@type\":\"ImageObject\",\"inLanguage\":\"fr-CA\",\"@id\":\"https:\\\/\\\/ksproducts.ca\\\/product\\\/12-35-lb-bag\\\/#primaryimage\",\"url\":\"https:\\\/\\\/ksproducts.ca\\\/wp-content\\\/uploads\\\/2022\\\/08\\\/Aqua-Training-Bag-Main-jpg.webp\",\"contentUrl\":\"https:\\\/\\\/ksproducts.ca\\\/wp-content\\\/uploads\\\/2022\\\/08\\\/Aqua-Training-Bag-Main-jpg.webp\",\"width\":1153,\"height\":1800,\"caption\":\"21\\\" 190 lb. Aqua Punching Bag\"},{\"@type\":\"BreadcrumbList\",\"@id\":\"https:\\\/\\\/ksproducts.ca\\\/product\\\/12-35-lb-bag\\\/#breadcrumb\",\"itemListElement\":[{\"@type\":\"ListItem\",\"position\":1,\"name\":\"Home\",\"item\":\"https:\\\/\\\/ksproducts.ca\\\/\"},{\"@type\":\"ListItem\",\"position\":2,\"name\":\"Shop\",\"item\":\"https:\\\/\\\/ksproducts.ca\\\/shop\\\/\"},{\"@type\":\"ListItem\",\"position\":3,\"name\":\"12&#8243; 35 lb. Aqua Punching Bag\"}]},{\"@type\":\"WebSite\",\"@id\":\"https:\\\/\\\/ksproducts.ca\\\/#website\",\"url\":\"https:\\\/\\\/ksproducts.ca\\\/\",\"name\":\"Ks Products\",\"description\":\"Outdoor cooking and living, made easy in Canada\",\"publisher\":{\"@id\":\"https:\\\/\\\/ksproducts.ca\\\/#organization\"},\"potentialAction\":[{\"@type\":\"SearchAction\",\"target\":{\"@type\":\"EntryPoint\",\"urlTemplate\":\"https:\\\/\\\/ksproducts.ca\\\/?s={search_term_string}\"},\"query-input\":{\"@type\":\"PropertyValueSpecification\",\"valueRequired\":true,\"valueName\":\"search_term_string\"}}],\"inLanguage\":\"fr-CA\"},{\"@type\":\"Organization\",\"@id\":\"https:\\\/\\\/ksproducts.ca\\\/#organization\",\"name\":\"Ks Products\",\"url\":\"https:\\\/\\\/ksproducts.ca\\\/\",\"logo\":{\"@type\":\"ImageObject\",\"inLanguage\":\"fr-CA\",\"@id\":\"https:\\\/\\\/ksproducts.ca\\\/#\\\/schema\\\/logo\\\/image\\\/\",\"url\":\"https:\\\/\\\/ksproducts.ca\\\/wp-content\\\/uploads\\\/2023\\\/09\\\/Kennedy-Sales-Logo-header-1.png\",\"contentUrl\":\"https:\\\/\\\/ksproducts.ca\\\/wp-content\\\/uploads\\\/2023\\\/09\\\/Kennedy-Sales-Logo-header-1.png\",\"width\":150,\"height\":77,\"caption\":\"Ks Products\"},\"image\":{\"@id\":\"https:\\\/\\\/ksproducts.ca\\\/#\\\/schema\\\/logo\\\/image\\\/\"}}]}<\/script>\n<!-- \/ Yoast SEO plugin. -->","yoast_head_json":{"title":"Sac de frappe Aqua 12\" 35 lb - Ks Products","description":"Le plus grand de nos sacs Head Hunter, ce sac a \u00e9t\u00e9 con\u00e7u pour supporter tous les coups. Sa conception plus lourde offre moins de balancement et une plus grande surface de frappe.","robots":{"index":"index","follow":"follow","max-snippet":"max-snippet:-1","max-image-preview":"max-image-preview:large","max-video-preview":"max-video-preview:-1"},"canonical":"https:\/\/ksproducts.ca\/fr\/product\/12-sacs-de-35-livres\/","og_locale":"fr_CA","og_type":"article","og_title":"12\" 35 lb. Aqua Punching Bag - Ks Products","og_description":"The largest of our Head Hunter options, this bag was built to handle every hit. Its heavier design offers less sway and a larger surface area to strike.","og_url":"https:\/\/ksproducts.ca\/fr\/product\/12-sacs-de-35-livres\/","og_site_name":"Ks Products","article_modified_time":"2026-03-06T20:27:19+00:00","og_image":[{"width":1153,"height":1800,"url":"https:\/\/ksproducts.ca\/wp-content\/uploads\/2022\/08\/Aqua-Training-Bag-Main-jpg.webp","type":"image\/jpeg"}],"twitter_card":"summary_large_image","twitter_misc":{"Estimation du temps de lecture":"4 minutes"},"schema":{"@context":"https:\/\/schema.org","@graph":[{"@type":"WebPage","@id":"https:\/\/ksproducts.ca\/product\/12-35-lb-bag\/","url":"https:\/\/ksproducts.ca\/product\/12-35-lb-bag\/","name":"Sac de frappe Aqua 12\" 35 lb - Ks Products","isPartOf":{"@id":"https:\/\/ksproducts.ca\/#website"},"primaryImageOfPage":{"@id":"https:\/\/ksproducts.ca\/product\/12-35-lb-bag\/#primaryimage"},"image":{"@id":"https:\/\/ksproducts.ca\/product\/12-35-lb-bag\/#primaryimage"},"thumbnailUrl":"https:\/\/ksproducts.ca\/wp-content\/uploads\/2022\/08\/Aqua-Training-Bag-Main-jpg.webp","datePublished":"2022-08-16T20:55:00+00:00","dateModified":"2026-03-06T20:27:19+00:00","description":"Le plus grand de nos sacs Head Hunter, ce sac a \u00e9t\u00e9 con\u00e7u pour supporter tous les coups. Sa conception plus lourde offre moins de balancement et une plus grande surface de frappe.","breadcrumb":{"@id":"https:\/\/ksproducts.ca\/product\/12-35-lb-bag\/#breadcrumb"},"inLanguage":"fr-CA","potentialAction":[{"@type":"ReadAction","target":["https:\/\/ksproducts.ca\/product\/12-35-lb-bag\/"]}]},{"@type":"ImageObject","inLanguage":"fr-CA","@id":"https:\/\/ksproducts.ca\/product\/12-35-lb-bag\/#primaryimage","url":"https:\/\/ksproducts.ca\/wp-content\/uploads\/2022\/08\/Aqua-Training-Bag-Main-jpg.webp","contentUrl":"https:\/\/ksproducts.ca\/wp-content\/uploads\/2022\/08\/Aqua-Training-Bag-Main-jpg.webp","width":1153,"height":1800,"caption":"21\" 190 lb. Aqua Punching Bag"},{"@type":"BreadcrumbList","@id":"https:\/\/ksproducts.ca\/product\/12-35-lb-bag\/#breadcrumb","itemListElement":[{"@type":"ListItem","position":1,"name":"Home","item":"https:\/\/ksproducts.ca\/"},{"@type":"ListItem","position":2,"name":"Shop","item":"https:\/\/ksproducts.ca\/shop\/"},{"@type":"ListItem","position":3,"name":"12&#8243; 35 lb. Aqua Punching Bag"}]},{"@type":"WebSite","@id":"https:\/\/ksproducts.ca\/#website","url":"https:\/\/ksproducts.ca\/","name":"Produits Ks","description":"Cuisiner et vivre en plein air, c'est facile au Canada","publisher":{"@id":"https:\/\/ksproducts.ca\/#organization"},"potentialAction":[{"@type":"SearchAction","target":{"@type":"EntryPoint","urlTemplate":"https:\/\/ksproducts.ca\/?s={search_term_string}"},"query-input":{"@type":"PropertyValueSpecification","valueRequired":true,"valueName":"search_term_string"}}],"inLanguage":"fr-CA"},{"@type":"Organization","@id":"https:\/\/ksproducts.ca\/#organization","name":"Produits Ks","url":"https:\/\/ksproducts.ca\/","logo":{"@type":"ImageObject","inLanguage":"fr-CA","@id":"https:\/\/ksproducts.ca\/#\/schema\/logo\/image\/","url":"https:\/\/ksproducts.ca\/wp-content\/uploads\/2023\/09\/Kennedy-Sales-Logo-header-1.png","contentUrl":"https:\/\/ksproducts.ca\/wp-content\/uploads\/2023\/09\/Kennedy-Sales-Logo-header-1.png","width":150,"height":77,"caption":"Ks Products"},"image":{"@id":"https:\/\/ksproducts.ca\/#\/schema\/logo\/image\/"}}]}},"_links":{"self":[{"href":"https:\/\/ksproducts.ca\/fr\/wp-json\/wp\/v2\/product\/5204","targetHints":{"allow":["GET"]}}],"collection":[{"href":"https:\/\/ksproducts.ca\/fr\/wp-json\/wp\/v2\/product"}],"about":[{"href":"https:\/\/ksproducts.ca\/fr\/wp-json\/wp\/v2\/types\/product"}],"replies":[{"embeddable":true,"href":"https:\/\/ksproducts.ca\/fr\/wp-json\/wp\/v2\/comments?post=5204"}],"version-history":[{"count":1,"href":"https:\/\/ksproducts.ca\/fr\/wp-json\/wp\/v2\/product\/5204\/revisions"}],"predecessor-version":[{"id":10271,"href":"https:\/\/ksproducts.ca\/fr\/wp-json\/wp\/v2\/product\/5204\/revisions\/10271"}],"wp:featuredmedia":[{"embeddable":true,"href":"https:\/\/ksproducts.ca\/fr\/wp-json\/wp\/v2\/media\/7314"}],"wp:attachment":[{"href":"https:\/\/ksproducts.ca\/fr\/wp-json\/wp\/v2\/media?parent=5204"}],"wp:term":[{"taxonomy":"product_cat","embeddable":true,"href":"https:\/\/ksproducts.ca\/fr\/wp-json\/wp\/v2\/product_cat?post=5204"},{"taxonomy":"product_tag","embeddable":true,"href":"https:\/\/ksproducts.ca\/fr\/wp-json\/wp\/v2\/product_tag?post=5204"}],"curies":[{"name":"wp","href":"https:\/\/api.w.org\/{rel}","templated":true}]}}