{"id":5207,"date":"2022-08-16T21:23:54","date_gmt":"2022-08-16T21:23:54","guid":{"rendered":"http:\/\/localhost\/wordpress\/?post_type=product&#038;p=5207"},"modified":"2026-03-06T20:29:00","modified_gmt":"2026-03-06T20:29:00","slug":"15-sac-de-frappe-aquatique-de-75-lb","status":"publish","type":"product","link":"https:\/\/ksproducts.ca\/fr\/product\/15-75-lb-aqua-punching-bag\/","title":{"rendered":"15\u2033 75 lb. Aqua Punching Bag"},"content":{"rendered":"<div data-content-type=\"row\" data-appearance=\"contained\" data-element=\"main\">\n<div data-enable-parallax=\"0\" data-parallax-speed=\"0.5\" data-background-images=\"{}\" data-video-fallback-src=\"\" data-element=\"inner\" data-pb-style=\"FBICC1L\">\n<div data-content-type=\"html\" data-appearance=\"default\" data-element=\"main\" data-pb-style=\"XA44DGG\" data-decoded=\"true\">\n<h2><strong>Le pouvoir de H2O<\/strong><\/h2>\n<p>Adoptez le sac qui vous permet de faire ressortir le champion qui sommeille en vous ! L'Aqua Training Bag\u00ae exploite la puissance de l'eau de mani\u00e8re simple et innovante gr\u00e2ce \u00e0 sa technologie moderne et \u00e0 sa forme, sa taille et ses mat\u00e9riaux uniques. En utilisant l'eau \u00e0 la place du sable ou d'autres contenus typiques des sacs d'entra\u00eenement, tout le monde, du d\u00e9butant au combattant professionnel, peut faire l'exp\u00e9rience de la boxe cardio sans sacrifier la puissance ou risquer des blessures potentielles dues \u00e0 un point dur. Qui aurait pu imaginer qu'il suffisait de quelques litres d'eau pour am\u00e9liorer consid\u00e9rablement votre strat\u00e9gie de remise en forme ?<\/p>\n<h2><strong>Sp\u00e9cialement con\u00e7u pour des avantages exclusifs<\/strong><\/h2>\n<p>D\u00e9couvrez un tout nouveau niveau de puissance gr\u00e2ce \u00e0 la forme en goutte d'eau et \u00e0 la composition in\u00e9gal\u00e9e de l'Aqua Training Bag ! Son int\u00e9rieur H2O est plus souple qu'un sac traditionnel, il absorbe donc l'\u00e9nergie cin\u00e9tique et vous permet d'utiliser votre force et votre puissance \u00e0 chaque fois que vous frappez. Ex\u00e9cutez diff\u00e9rents coups sans crainte et sans retenue, en sachant que vous ne rencontrerez jamais de point dur redoutable. Vous pouvez m\u00eame ajuster la pression de votre sac en ajoutant plus ou moins d'eau, afin de toujours obtenir un entra\u00eenement adapt\u00e9 \u00e0 vos besoins sp\u00e9cifiques. Ce sac peut supporter tout ce que vous avez, alors ne vous retenez pas, donnez tout ce que vous avez \u00e0 chaque coup, \u00e0 chaque fois !<\/p>\n<h2><strong>Des s\u00e9ances d'entra\u00eenement intenses \u00e0 tout moment et en tout lieu<\/strong><\/h2>\n<p>Qu'il soit plein ou vide, le sac d'entra\u00eenement Aqua est facile \u00e0 emporter sur n'importe quel site d'entra\u00eenement, ce qui vous permet de vous entra\u00eener dans l'endroit de votre choix. Utilisez-le n'importe o\u00f9 - dans votre cave, votre garage, ou m\u00eame en toute s\u00e9curit\u00e9 \u00e0 l'ext\u00e9rieur lorsqu'il pleut \u00e0 verse ou que le soleil brille, car sa structure unique est imperm\u00e9able et r\u00e9sistante aux UV. Remplissez et videz votre sac en quelques minutes et passez plus de temps \u00e0 frapper les coups qui font ressortir le comp\u00e9titeur qui est en vous !<\/p>\n<p>Les sacs d'entra\u00eenement Aqua constituent la plateforme id\u00e9ale pour permettre \u00e0 chacun de d\u00e9fier le combattant qui sommeille en lui, quel que soit son niveau d'exp\u00e9rience. Que vous soyez un v\u00e9t\u00e9ran de la boxe ou un champion de classe mondiale en devenir, vous \u00eates s\u00fbr de vous rapprocher de vos objectifs avec un sac d'entra\u00eenement aquatique - un coup de poing, un coup de pied et un knock-out \u00e0 la fois.<\/p>\n<\/div>\n<\/div>\n<\/div>\n<div data-content-type=\"row\" data-appearance=\"contained\" data-element=\"main\">\n<div data-enable-parallax=\"0\" data-parallax-speed=\"0.5\" data-background-images=\"{}\" data-background-type=\"image\" data-video-loop=\"true\" data-video-play-only-visible=\"true\" data-video-lazy-load=\"true\" data-video-fallback-src=\"\" data-element=\"inner\" data-pb-style=\"NW97TIH\">\n<div data-content-type=\"html\" data-appearance=\"default\" data-element=\"main\" data-pb-style=\"FQ53VJU\" data-decoded=\"true\">\n<h2><strong>Sac de frappe Aqua de 15\u201d de 75 livres caract\u00e9ristiques :<\/strong><\/h2>\n<ul>\n<li><strong>ID\u00c9AL POUR TOUS LES TYPES DE BOXEURS -\u00a0<\/strong>Qu'ils aient 20 ans d'exp\u00e9rience ou qu'ils n'en aient aucune, qu'ils soient champions de boxe ou totalement d\u00e9butants, les gens de tous les niveaux peuvent b\u00e9n\u00e9ficier de l'Aqua Training Bag, quel que soit leur niveau d'expertise.<\/li>\n<li><strong>COULEURS EXCLUSIVES DU SAC -\u00a0<\/strong>Les sacs d'entra\u00eenement Aqua sont disponibles dans une vari\u00e9t\u00e9 de couleurs attrayantes. Chaque sac est tourbillonn\u00e9 individuellement \u00e0 la main et produit avec son propre motif de tourbillon, de sorte qu'il n'y a jamais deux sacs exactement identiques.<\/li>\n<li><strong>CONCEPTION R\u00c9VOLUTIONNAIRE -\u00a0<\/strong>La forme en goutte d'eau et l'int\u00e9rieur rempli d'eau absorbent l'impact de chaque frappe, ce qui vous permet d'effectuer un entra\u00eenement intense et d'am\u00e9liorer votre s\u00e9ance d'entra\u00eenement en g\u00e9n\u00e9ral. Vous ne voudrez plus jamais battre le sable !<\/li>\n<li><strong>CONSTRUIT POUR DURER -\u00a0<\/strong>Fabriqu\u00e9s aux \u00c9tats-Unis avec du vinyle \u00e0 parois \u00e9paisses et des extr\u00e9mit\u00e9s moul\u00e9es par injection, les sacs d'entra\u00eenement Aqua ont \u00e9t\u00e9 con\u00e7us pour r\u00e9sister aux coups les plus violents. Ils sont \u00e9galement r\u00e9sistants aux UV et imperm\u00e9ables.<\/li>\n<li><strong>ULTRA POLYVALENT -\u00a0<\/strong>Le sac portable peut \u00eatre suspendu \u00e0 un support de plafond ou au support de sac de frappe Aqua et peut r\u00e9sister \u00e0 tout ce qui lui est lanc\u00e9. Il est parfait pour les entra\u00eenements de boxe, les arts martiaux mixtes et les amateurs de fitness en g\u00e9n\u00e9ral.<\/li>\n<\/ul>\n<\/div>\n<\/div>\n<\/div>\n<div data-content-type=\"row\" data-appearance=\"contained\" data-element=\"main\">\n<div data-enable-parallax=\"0\" data-parallax-speed=\"0.5\" data-background-images=\"{}\" data-background-type=\"image\" data-video-loop=\"true\" data-video-play-only-visible=\"true\" data-video-lazy-load=\"true\" data-video-fallback-src=\"\" data-element=\"inner\" data-pb-style=\"HUH4NEX\">\n<div data-content-type=\"html\" data-appearance=\"default\" data-element=\"main\" data-pb-style=\"LFPO4RA\" data-decoded=\"true\">\n<h2><strong>D\u00e9tails du sac d'entra\u00eenement Aqua<\/strong><\/h2>\n<ul>\n<li>Ce qui est inclus : Sac de perforation aqua comprim\u00e9, manille pour la suspension, embout de remplissage de tuyau, bouchon suppl\u00e9mentaire<\/li>\n<li>Ce dont vous avez besoin : De l'eau, un syst\u00e8me de montage ou un support de sac de frappe aquatique, des gants de boxe\/des bandages pour les mains, de la d\u00e9termination !<\/li>\n<li>Poids rempli : 75 lbs. \/ 34 kgs.<\/li>\n<li>Rempli Taille : 15 pouces<\/li>\n<li>Poids \u00e0 l'exp\u00e9dition : 9 lbs. \/ 4 kgs<\/li>\n<li>Dimensions d'exp\u00e9dition : 22\u201d x 13\u201d x 13\u201d<\/li>\n<li>R\u00e9sistant aux UV<\/li>\n<li>Imperm\u00e9able \u00e0 l'eau<\/li>\n<li>Sans danger pour l'ext\u00e9rieur<\/li>\n<li>Fabriqu\u00e9 aux \u00c9tats-Unis<\/li>\n<\/ul>\n<\/div>\n<\/div>\n<\/div>\n<div data-content-type=\"row\" data-appearance=\"contained\" data-element=\"main\">\n<div data-enable-parallax=\"0\" data-parallax-speed=\"0.5\" data-background-images=\"{}\" data-background-type=\"image\" data-video-loop=\"true\" data-video-play-only-visible=\"true\" data-video-lazy-load=\"true\" data-video-fallback-src=\"\" data-element=\"inner\" data-pb-style=\"U5M0KA3\">\n<div data-content-type=\"html\" data-appearance=\"default\" data-element=\"main\" data-pb-style=\"KACSTRI\" data-decoded=\"true\">\n<h2><strong>REMPLISSEZ VOTRE SAC DE FRAPPE AQUA :<\/strong><\/h2>\n<p>1. Retirer le bouchon de la valve \u00e0 l'aide d'un tournevis \u00e0 t\u00eate Phillips.<br \/>\n2. Raccordez l'accessoire de remplissage \u00e0 votre tuyau.<br \/>\n3. Avant de mettre l'eau en marche, placez l'embout du tuyau dans le trou de la balle de chasse Head Hunter.<br \/>\n4. Lorsque vous avez rempli la quantit\u00e9 d'eau souhait\u00e9e, fermez l'eau et retirez l'embout du tuyau.<br \/>\n5. Remettre le bouchon de la valve dans le sac et le serrer \u00e0 l'aide du tournevis cruciforme jusqu'\u00e0 ce qu'il soit bien ajust\u00e9.<br \/>\n6. Remplir la t\u00eate d'air \u00e0 l'aide d'une pompe \u00e0 air munie d'une aiguille.<\/p>\n<\/div>\n<\/div>\n<\/div>","protected":false},"excerpt":{"rendered":"<p>Il est temps pour vous d'atteindre vos objectifs de mise en forme, et l'Aqua Punching Bag\u00ae de 15\u201d 75 lb vous aidera \u00e0 atteindre cet objectif et bien plus encore. Avec un sac de frappe qui peut facilement \u00eatre transport\u00e9 avec vous partout o\u00f9 vous voulez vous entra\u00eener - \u00e0 l'int\u00e9rieur ou \u00e0 l'ext\u00e9rieur - ce sac vous permettra de laisser vos excuses derri\u00e8re vous et de faire passer vos s\u00e9ances d'entra\u00eenement \u00e0 un niveau sup\u00e9rieur !<\/p>","protected":false},"featured_media":7314,"comment_status":"open","ping_status":"closed","template":"","meta":[],"product_cat":[390],"product_tag":[253,254,255,245],"class_list":{"0":"post-5207","1":"product","2":"type-product","3":"status-publish","4":"has-post-thumbnail","6":"product_cat-fitness-recreation","7":"product_tag-15-inch","8":"product_tag-75-lb","9":"product_tag-aqua","10":"product_tag-training-bag","11":"product_shipping_class-class-2","13":"first","14":"instock","15":"taxable","16":"shipping-taxable","17":"purchasable","18":"product-type-variable"},"yoast_head":"<!-- This site is optimized with the Yoast SEO plugin v27.4 - https:\/\/yoast.com\/product\/yoast-seo-wordpress\/ -->\n<title>15&quot; 75 lb. Aqua Punching Bag - Ks Products<\/title>\n<meta name=\"robots\" content=\"index, follow, max-snippet:-1, max-image-preview:large, max-video-preview:-1\" \/>\n<link rel=\"canonical\" href=\"https:\/\/ksproducts.ca\/fr\/product\/15-sac-de-frappe-aquatique-de-75-lb\/\" \/>\n<meta property=\"og:locale\" content=\"fr_CA\" \/>\n<meta property=\"og:type\" content=\"article\" \/>\n<meta property=\"og:title\" content=\"15&quot; 75 lb. Aqua Punching Bag - Ks Products\" \/>\n<meta property=\"og:description\" content=\"It\u2019s time for you to start crushing your fitness goals, and the 15\u201d 75 lb. Aqua Punching Bag\u00ae will help you do just that and more. With the punching bag that can easily travel with you anywhere you desire to work out \u2013 indoors or outdoors \u2013 this bag will make you leave the excuses behind and take your workouts to the next level!\" \/>\n<meta property=\"og:url\" content=\"https:\/\/ksproducts.ca\/fr\/product\/15-sac-de-frappe-aquatique-de-75-lb\/\" \/>\n<meta property=\"og:site_name\" content=\"Ks Products\" \/>\n<meta property=\"article:modified_time\" content=\"2026-03-06T20:29:00+00:00\" \/>\n<meta property=\"og:image\" content=\"https:\/\/ksproducts.ca\/wp-content\/uploads\/2022\/08\/Aqua-Training-Bag-Main-jpg.webp\" \/>\n\t<meta property=\"og:image:width\" content=\"1153\" \/>\n\t<meta property=\"og:image:height\" content=\"1800\" \/>\n\t<meta property=\"og:image:type\" content=\"image\/jpeg\" \/>\n<meta name=\"twitter:card\" content=\"summary_large_image\" \/>\n<meta name=\"twitter:label1\" content=\"Estimation du temps de lecture\" \/>\n\t<meta name=\"twitter:data1\" content=\"4 minutes\" \/>\n<script type=\"application\/ld+json\" class=\"yoast-schema-graph\">{\"@context\":\"https:\\\/\\\/schema.org\",\"@graph\":[{\"@type\":\"WebPage\",\"@id\":\"https:\\\/\\\/ksproducts.ca\\\/product\\\/15-75-lb-aqua-punching-bag\\\/\",\"url\":\"https:\\\/\\\/ksproducts.ca\\\/product\\\/15-75-lb-aqua-punching-bag\\\/\",\"name\":\"15\\\" 75 lb. Aqua Punching Bag - Ks Products\",\"isPartOf\":{\"@id\":\"https:\\\/\\\/ksproducts.ca\\\/#website\"},\"primaryImageOfPage\":{\"@id\":\"https:\\\/\\\/ksproducts.ca\\\/product\\\/15-75-lb-aqua-punching-bag\\\/#primaryimage\"},\"image\":{\"@id\":\"https:\\\/\\\/ksproducts.ca\\\/product\\\/15-75-lb-aqua-punching-bag\\\/#primaryimage\"},\"thumbnailUrl\":\"https:\\\/\\\/ksproducts.ca\\\/wp-content\\\/uploads\\\/2022\\\/08\\\/Aqua-Training-Bag-Main-jpg.webp\",\"datePublished\":\"2022-08-16T21:23:54+00:00\",\"dateModified\":\"2026-03-06T20:29:00+00:00\",\"breadcrumb\":{\"@id\":\"https:\\\/\\\/ksproducts.ca\\\/product\\\/15-75-lb-aqua-punching-bag\\\/#breadcrumb\"},\"inLanguage\":\"fr-CA\",\"potentialAction\":[{\"@type\":\"ReadAction\",\"target\":[\"https:\\\/\\\/ksproducts.ca\\\/product\\\/15-75-lb-aqua-punching-bag\\\/\"]}]},{\"@type\":\"ImageObject\",\"inLanguage\":\"fr-CA\",\"@id\":\"https:\\\/\\\/ksproducts.ca\\\/product\\\/15-75-lb-aqua-punching-bag\\\/#primaryimage\",\"url\":\"https:\\\/\\\/ksproducts.ca\\\/wp-content\\\/uploads\\\/2022\\\/08\\\/Aqua-Training-Bag-Main-jpg.webp\",\"contentUrl\":\"https:\\\/\\\/ksproducts.ca\\\/wp-content\\\/uploads\\\/2022\\\/08\\\/Aqua-Training-Bag-Main-jpg.webp\",\"width\":1153,\"height\":1800,\"caption\":\"21\\\" 190 lb. Aqua Punching Bag\"},{\"@type\":\"BreadcrumbList\",\"@id\":\"https:\\\/\\\/ksproducts.ca\\\/product\\\/15-75-lb-aqua-punching-bag\\\/#breadcrumb\",\"itemListElement\":[{\"@type\":\"ListItem\",\"position\":1,\"name\":\"Home\",\"item\":\"https:\\\/\\\/ksproducts.ca\\\/\"},{\"@type\":\"ListItem\",\"position\":2,\"name\":\"Shop\",\"item\":\"https:\\\/\\\/ksproducts.ca\\\/shop\\\/\"},{\"@type\":\"ListItem\",\"position\":3,\"name\":\"15&#8243; 75 lb. Aqua Punching Bag\"}]},{\"@type\":\"WebSite\",\"@id\":\"https:\\\/\\\/ksproducts.ca\\\/#website\",\"url\":\"https:\\\/\\\/ksproducts.ca\\\/\",\"name\":\"Ks Products\",\"description\":\"Outdoor cooking and living, made easy in Canada\",\"publisher\":{\"@id\":\"https:\\\/\\\/ksproducts.ca\\\/#organization\"},\"potentialAction\":[{\"@type\":\"SearchAction\",\"target\":{\"@type\":\"EntryPoint\",\"urlTemplate\":\"https:\\\/\\\/ksproducts.ca\\\/?s={search_term_string}\"},\"query-input\":{\"@type\":\"PropertyValueSpecification\",\"valueRequired\":true,\"valueName\":\"search_term_string\"}}],\"inLanguage\":\"fr-CA\"},{\"@type\":\"Organization\",\"@id\":\"https:\\\/\\\/ksproducts.ca\\\/#organization\",\"name\":\"Ks Products\",\"url\":\"https:\\\/\\\/ksproducts.ca\\\/\",\"logo\":{\"@type\":\"ImageObject\",\"inLanguage\":\"fr-CA\",\"@id\":\"https:\\\/\\\/ksproducts.ca\\\/#\\\/schema\\\/logo\\\/image\\\/\",\"url\":\"https:\\\/\\\/ksproducts.ca\\\/wp-content\\\/uploads\\\/2023\\\/09\\\/Kennedy-Sales-Logo-header-1.png\",\"contentUrl\":\"https:\\\/\\\/ksproducts.ca\\\/wp-content\\\/uploads\\\/2023\\\/09\\\/Kennedy-Sales-Logo-header-1.png\",\"width\":150,\"height\":77,\"caption\":\"Ks Products\"},\"image\":{\"@id\":\"https:\\\/\\\/ksproducts.ca\\\/#\\\/schema\\\/logo\\\/image\\\/\"}}]}<\/script>\n<!-- \/ Yoast SEO plugin. -->","yoast_head_json":{"title":"Sac de frappe Aqua 15\" 75 lb - Ks Products","robots":{"index":"index","follow":"follow","max-snippet":"max-snippet:-1","max-image-preview":"max-image-preview:large","max-video-preview":"max-video-preview:-1"},"canonical":"https:\/\/ksproducts.ca\/fr\/product\/15-sac-de-frappe-aquatique-de-75-lb\/","og_locale":"fr_CA","og_type":"article","og_title":"15\" 75 lb. Aqua Punching Bag - Ks Products","og_description":"It\u2019s time for you to start crushing your fitness goals, and the 15\u201d 75 lb. Aqua Punching Bag\u00ae will help you do just that and more. With the punching bag that can easily travel with you anywhere you desire to work out \u2013 indoors or outdoors \u2013 this bag will make you leave the excuses behind and take your workouts to the next level!","og_url":"https:\/\/ksproducts.ca\/fr\/product\/15-sac-de-frappe-aquatique-de-75-lb\/","og_site_name":"Ks Products","article_modified_time":"2026-03-06T20:29:00+00:00","og_image":[{"width":1153,"height":1800,"url":"https:\/\/ksproducts.ca\/wp-content\/uploads\/2022\/08\/Aqua-Training-Bag-Main-jpg.webp","type":"image\/jpeg"}],"twitter_card":"summary_large_image","twitter_misc":{"Estimation du temps de lecture":"4 minutes"},"schema":{"@context":"https:\/\/schema.org","@graph":[{"@type":"WebPage","@id":"https:\/\/ksproducts.ca\/product\/15-75-lb-aqua-punching-bag\/","url":"https:\/\/ksproducts.ca\/product\/15-75-lb-aqua-punching-bag\/","name":"Sac de frappe Aqua 15\" 75 lb - Ks Products","isPartOf":{"@id":"https:\/\/ksproducts.ca\/#website"},"primaryImageOfPage":{"@id":"https:\/\/ksproducts.ca\/product\/15-75-lb-aqua-punching-bag\/#primaryimage"},"image":{"@id":"https:\/\/ksproducts.ca\/product\/15-75-lb-aqua-punching-bag\/#primaryimage"},"thumbnailUrl":"https:\/\/ksproducts.ca\/wp-content\/uploads\/2022\/08\/Aqua-Training-Bag-Main-jpg.webp","datePublished":"2022-08-16T21:23:54+00:00","dateModified":"2026-03-06T20:29:00+00:00","breadcrumb":{"@id":"https:\/\/ksproducts.ca\/product\/15-75-lb-aqua-punching-bag\/#breadcrumb"},"inLanguage":"fr-CA","potentialAction":[{"@type":"ReadAction","target":["https:\/\/ksproducts.ca\/product\/15-75-lb-aqua-punching-bag\/"]}]},{"@type":"ImageObject","inLanguage":"fr-CA","@id":"https:\/\/ksproducts.ca\/product\/15-75-lb-aqua-punching-bag\/#primaryimage","url":"https:\/\/ksproducts.ca\/wp-content\/uploads\/2022\/08\/Aqua-Training-Bag-Main-jpg.webp","contentUrl":"https:\/\/ksproducts.ca\/wp-content\/uploads\/2022\/08\/Aqua-Training-Bag-Main-jpg.webp","width":1153,"height":1800,"caption":"21\" 190 lb. Aqua Punching Bag"},{"@type":"BreadcrumbList","@id":"https:\/\/ksproducts.ca\/product\/15-75-lb-aqua-punching-bag\/#breadcrumb","itemListElement":[{"@type":"ListItem","position":1,"name":"Home","item":"https:\/\/ksproducts.ca\/"},{"@type":"ListItem","position":2,"name":"Shop","item":"https:\/\/ksproducts.ca\/shop\/"},{"@type":"ListItem","position":3,"name":"15&#8243; 75 lb. Aqua Punching Bag"}]},{"@type":"WebSite","@id":"https:\/\/ksproducts.ca\/#website","url":"https:\/\/ksproducts.ca\/","name":"Produits Ks","description":"Cuisiner et vivre en plein air, c'est facile au Canada","publisher":{"@id":"https:\/\/ksproducts.ca\/#organization"},"potentialAction":[{"@type":"SearchAction","target":{"@type":"EntryPoint","urlTemplate":"https:\/\/ksproducts.ca\/?s={search_term_string}"},"query-input":{"@type":"PropertyValueSpecification","valueRequired":true,"valueName":"search_term_string"}}],"inLanguage":"fr-CA"},{"@type":"Organization","@id":"https:\/\/ksproducts.ca\/#organization","name":"Produits Ks","url":"https:\/\/ksproducts.ca\/","logo":{"@type":"ImageObject","inLanguage":"fr-CA","@id":"https:\/\/ksproducts.ca\/#\/schema\/logo\/image\/","url":"https:\/\/ksproducts.ca\/wp-content\/uploads\/2023\/09\/Kennedy-Sales-Logo-header-1.png","contentUrl":"https:\/\/ksproducts.ca\/wp-content\/uploads\/2023\/09\/Kennedy-Sales-Logo-header-1.png","width":150,"height":77,"caption":"Ks Products"},"image":{"@id":"https:\/\/ksproducts.ca\/#\/schema\/logo\/image\/"}}]}},"_links":{"self":[{"href":"https:\/\/ksproducts.ca\/fr\/wp-json\/wp\/v2\/product\/5207","targetHints":{"allow":["GET"]}}],"collection":[{"href":"https:\/\/ksproducts.ca\/fr\/wp-json\/wp\/v2\/product"}],"about":[{"href":"https:\/\/ksproducts.ca\/fr\/wp-json\/wp\/v2\/types\/product"}],"replies":[{"embeddable":true,"href":"https:\/\/ksproducts.ca\/fr\/wp-json\/wp\/v2\/comments?post=5207"}],"version-history":[{"count":2,"href":"https:\/\/ksproducts.ca\/fr\/wp-json\/wp\/v2\/product\/5207\/revisions"}],"predecessor-version":[{"id":10272,"href":"https:\/\/ksproducts.ca\/fr\/wp-json\/wp\/v2\/product\/5207\/revisions\/10272"}],"wp:featuredmedia":[{"embeddable":true,"href":"https:\/\/ksproducts.ca\/fr\/wp-json\/wp\/v2\/media\/7314"}],"wp:attachment":[{"href":"https:\/\/ksproducts.ca\/fr\/wp-json\/wp\/v2\/media?parent=5207"}],"wp:term":[{"taxonomy":"product_cat","embeddable":true,"href":"https:\/\/ksproducts.ca\/fr\/wp-json\/wp\/v2\/product_cat?post=5207"},{"taxonomy":"product_tag","embeddable":true,"href":"https:\/\/ksproducts.ca\/fr\/wp-json\/wp\/v2\/product_tag?post=5207"}],"curies":[{"name":"wp","href":"https:\/\/api.w.org\/{rel}","templated":true}]}}