{"id":5226,"date":"2022-08-16T22:17:14","date_gmt":"2022-08-16T22:17:14","guid":{"rendered":"http:\/\/localhost\/wordpress\/?post_type=product&#038;p=5226"},"modified":"2026-04-15T02:32:39","modified_gmt":"2026-04-15T02:32:39","slug":"capteur-pour-sac-dentrainement-aquatique","status":"publish","type":"product","link":"https:\/\/ksproducts.ca\/fr\/product\/sensor-for-aqua-training-bag\/","title":{"rendered":"Capteur pour Aqua Training Bag"},"content":{"rendered":"<h2><strong>La technologie qui rel\u00e8ve le niveau.<\/strong><\/h2>\n<p>Avec le capteur Aqua Training Bag\u00ae, vous avez la possibilit\u00e9 de suivre vos progr\u00e8s et de personnaliser vos s\u00e9ances d'entra\u00eenement pour vous assurer d'atteindre votre plein potentiel tour apr\u00e8s tour. Cr\u00e9ez un profil personnalis\u00e9, suivez votre activit\u00e9 quotidienne pendant vos entra\u00eenements, et bien plus encore. Le capteur fournit des donn\u00e9es en temps r\u00e9el qui mesurent votre vitesse, votre force et votre d\u00e9veloppement au fil du temps. Jetez un coup d'\u0153il ci-dessous \u00e0 quelques-unes des caract\u00e9ristiques du Sensor et d\u00e9couvrez pourquoi il s'agit de l'am\u00e9lioration ultime pour tous les niveaux d'entra\u00eenement.<\/p>\n<h2><strong>Capteur pour Aqua Training Bag\u00ae caract\u00e9ristiques :<\/strong><\/h2>\n<ul>\n<li><strong>AM\u00c9LIORER LA QUALIT\u00c9 DE VOTRE FORMATION -\u00a0<\/strong>Reliez votre smartphone \u00e0 notre application GRATUITE pour suivre vos s\u00e9ances d'entra\u00eenement pass\u00e9es et stocker vos donn\u00e9es.<\/li>\n<li><strong>ANALYSE TOUR PAR TOUR -\u00a0<\/strong>Mesurez vos s\u00e9ries avec les indicateurs de force de frappe, de force de frappe la plus \u00e9lev\u00e9e, de calories de frappe et de fr\u00e9quence de frappe.<\/li>\n<li><strong>EXP\u00c9RIENCE UTILISATEUR PERSONNALIS\u00c9E -\u00a0<\/strong>Personnalisez votre entra\u00eenement avec le seuil de puissance, la minuterie et la cloche de d\u00e9part et d'arr\u00eat.<\/li>\n<li><strong>COMPATIBILIT\u00c9 EXCLUSIVE -\u00a0<\/strong>Le capteur de sac d'entra\u00eenement Aqua fonctionne exclusivement avec les sacs d'entra\u00eenement Aqua 15\u201d, 18\u201d et 21\u201d.<\/li>\n<\/ul>","protected":false},"excerpt":{"rendered":"<p>Pr\u00e9parez-vous \u00e0 vivre une exp\u00e9rience d'entra\u00eenement unique. Associ\u00e9 \u00e0 l'Aqua Training Bag\u00ae, le capteur de l'Aqua Training Bag vous permet de tirer le meilleur parti de chaque s\u00e9ance d'entra\u00eenement. Mesurez vos progr\u00e8s au fil du temps gr\u00e2ce aux donn\u00e9es en temps r\u00e9el et \u00e0 la transparence du capteur, ce qui vous permet de maximiser votre rendement \u00e0 chaque fois que vous montez sur le ring.<em>Le capteur ATB est compatible avec les sacs de 15\u201d, 18\u201d et 21\u201d uniquement.<\/em><\/p>","protected":false},"featured_media":5227,"comment_status":"open","ping_status":"closed","template":"","meta":[],"product_cat":[390],"product_tag":[264,263],"class_list":{"0":"post-5226","1":"product","2":"type-product","3":"status-publish","4":"has-post-thumbnail","6":"product_cat-fitness-recreation","7":"product_tag-aqua-training-bag","8":"product_tag-sensor","9":"product_shipping_class-class-1","11":"first","12":"instock","13":"taxable","14":"shipping-taxable","15":"purchasable","16":"product-type-simple"},"yoast_head":"<!-- This site is optimized with the Yoast SEO plugin v27.4 - https:\/\/yoast.com\/product\/yoast-seo-wordpress\/ -->\n<title>Sensor for Aqua Training Bag\u00ae - Ks Products<\/title>\n<meta name=\"description\" content=\"Get ready for a workout experience unlike any other. When paired with the Aqua Training Bag\u00ae, the Aqua Training Bag Sensor gives you the most bang for each and every workout.\" \/>\n<meta name=\"robots\" content=\"index, follow, max-snippet:-1, max-image-preview:large, max-video-preview:-1\" \/>\n<link rel=\"canonical\" href=\"https:\/\/ksproducts.ca\/fr\/product\/capteur-pour-sac-dentrainement-aquatique\/\" \/>\n<meta property=\"og:locale\" content=\"fr_CA\" \/>\n<meta property=\"og:type\" content=\"article\" \/>\n<meta property=\"og:title\" content=\"Sensor for Aqua Training Bag\u00ae - Ks Products\" \/>\n<meta property=\"og:description\" content=\"Get ready for a workout experience unlike any other. When paired with the Aqua Training Bag\u00ae, the Aqua Training Bag Sensor gives you the most bang for each and every workout.\" \/>\n<meta property=\"og:url\" content=\"https:\/\/ksproducts.ca\/fr\/product\/capteur-pour-sac-dentrainement-aquatique\/\" \/>\n<meta property=\"og:site_name\" content=\"Ks Products\" \/>\n<meta property=\"article:modified_time\" content=\"2026-04-15T02:32:39+00:00\" \/>\n<meta property=\"og:image\" content=\"https:\/\/ksproducts.ca\/wp-content\/uploads\/2022\/08\/atb_sensor_hero_7-1-jpg.webp\" \/>\n\t<meta property=\"og:image:width\" content=\"1200\" \/>\n\t<meta property=\"og:image:height\" content=\"1200\" \/>\n\t<meta property=\"og:image:type\" content=\"image\/jpeg\" \/>\n<meta name=\"twitter:card\" content=\"summary_large_image\" \/>\n<meta name=\"twitter:label1\" content=\"Estimation du temps de lecture\" \/>\n\t<meta name=\"twitter:data1\" content=\"1 minute\" \/>\n<script type=\"application\/ld+json\" class=\"yoast-schema-graph\">{\"@context\":\"https:\\\/\\\/schema.org\",\"@graph\":[{\"@type\":\"WebPage\",\"@id\":\"https:\\\/\\\/ksproducts.ca\\\/product\\\/sensor-for-aqua-training-bag\\\/\",\"url\":\"https:\\\/\\\/ksproducts.ca\\\/product\\\/sensor-for-aqua-training-bag\\\/\",\"name\":\"Sensor for Aqua Training Bag\u00ae - Ks Products\",\"isPartOf\":{\"@id\":\"https:\\\/\\\/ksproducts.ca\\\/#website\"},\"primaryImageOfPage\":{\"@id\":\"https:\\\/\\\/ksproducts.ca\\\/product\\\/sensor-for-aqua-training-bag\\\/#primaryimage\"},\"image\":{\"@id\":\"https:\\\/\\\/ksproducts.ca\\\/product\\\/sensor-for-aqua-training-bag\\\/#primaryimage\"},\"thumbnailUrl\":\"https:\\\/\\\/ksproducts.ca\\\/wp-content\\\/uploads\\\/2022\\\/08\\\/atb_sensor_hero_7-1-jpg.webp\",\"datePublished\":\"2022-08-16T22:17:14+00:00\",\"dateModified\":\"2026-04-15T02:32:39+00:00\",\"description\":\"Get ready for a workout experience unlike any other. When paired with the Aqua Training Bag\u00ae, the Aqua Training Bag Sensor gives you the most bang for each and every workout.\",\"breadcrumb\":{\"@id\":\"https:\\\/\\\/ksproducts.ca\\\/product\\\/sensor-for-aqua-training-bag\\\/#breadcrumb\"},\"inLanguage\":\"fr-CA\",\"potentialAction\":[{\"@type\":\"ReadAction\",\"target\":[\"https:\\\/\\\/ksproducts.ca\\\/product\\\/sensor-for-aqua-training-bag\\\/\"]}]},{\"@type\":\"ImageObject\",\"inLanguage\":\"fr-CA\",\"@id\":\"https:\\\/\\\/ksproducts.ca\\\/product\\\/sensor-for-aqua-training-bag\\\/#primaryimage\",\"url\":\"https:\\\/\\\/ksproducts.ca\\\/wp-content\\\/uploads\\\/2022\\\/08\\\/atb_sensor_hero_7-1-jpg.webp\",\"contentUrl\":\"https:\\\/\\\/ksproducts.ca\\\/wp-content\\\/uploads\\\/2022\\\/08\\\/atb_sensor_hero_7-1-jpg.webp\",\"width\":1200,\"height\":1200,\"caption\":\"atb sensor hero 7 1 jpg\"},{\"@type\":\"BreadcrumbList\",\"@id\":\"https:\\\/\\\/ksproducts.ca\\\/product\\\/sensor-for-aqua-training-bag\\\/#breadcrumb\",\"itemListElement\":[{\"@type\":\"ListItem\",\"position\":1,\"name\":\"Home\",\"item\":\"https:\\\/\\\/ksproducts.ca\\\/\"},{\"@type\":\"ListItem\",\"position\":2,\"name\":\"Shop\",\"item\":\"https:\\\/\\\/ksproducts.ca\\\/shop\\\/\"},{\"@type\":\"ListItem\",\"position\":3,\"name\":\"Sensor for Aqua Training Bag\u00ae\"}]},{\"@type\":\"WebSite\",\"@id\":\"https:\\\/\\\/ksproducts.ca\\\/#website\",\"url\":\"https:\\\/\\\/ksproducts.ca\\\/\",\"name\":\"Ks Products\",\"description\":\"Outdoor cooking and living, made easy in Canada\",\"publisher\":{\"@id\":\"https:\\\/\\\/ksproducts.ca\\\/#organization\"},\"potentialAction\":[{\"@type\":\"SearchAction\",\"target\":{\"@type\":\"EntryPoint\",\"urlTemplate\":\"https:\\\/\\\/ksproducts.ca\\\/?s={search_term_string}\"},\"query-input\":{\"@type\":\"PropertyValueSpecification\",\"valueRequired\":true,\"valueName\":\"search_term_string\"}}],\"inLanguage\":\"fr-CA\"},{\"@type\":\"Organization\",\"@id\":\"https:\\\/\\\/ksproducts.ca\\\/#organization\",\"name\":\"Ks Products\",\"url\":\"https:\\\/\\\/ksproducts.ca\\\/\",\"logo\":{\"@type\":\"ImageObject\",\"inLanguage\":\"fr-CA\",\"@id\":\"https:\\\/\\\/ksproducts.ca\\\/#\\\/schema\\\/logo\\\/image\\\/\",\"url\":\"https:\\\/\\\/ksproducts.ca\\\/wp-content\\\/uploads\\\/2023\\\/09\\\/Kennedy-Sales-Logo-header-1.png\",\"contentUrl\":\"https:\\\/\\\/ksproducts.ca\\\/wp-content\\\/uploads\\\/2023\\\/09\\\/Kennedy-Sales-Logo-header-1.png\",\"width\":150,\"height\":77,\"caption\":\"Ks Products\"},\"image\":{\"@id\":\"https:\\\/\\\/ksproducts.ca\\\/#\\\/schema\\\/logo\\\/image\\\/\"}}]}<\/script>\n<!-- \/ Yoast SEO plugin. -->","yoast_head_json":{"title":"Capteur pour Aqua Training Bag\u00ae - Ks Products","description":"Pr\u00e9parez-vous \u00e0 vivre une exp\u00e9rience d'entra\u00eenement unique. Associ\u00e9 \u00e0 l'Aqua Training Bag\u00ae, l'Aqua Training Bag Sensor vous permet de tirer le meilleur parti de chaque s\u00e9ance d'entra\u00eenement.","robots":{"index":"index","follow":"follow","max-snippet":"max-snippet:-1","max-image-preview":"max-image-preview:large","max-video-preview":"max-video-preview:-1"},"canonical":"https:\/\/ksproducts.ca\/fr\/product\/capteur-pour-sac-dentrainement-aquatique\/","og_locale":"fr_CA","og_type":"article","og_title":"Sensor for Aqua Training Bag\u00ae - Ks Products","og_description":"Get ready for a workout experience unlike any other. When paired with the Aqua Training Bag\u00ae, the Aqua Training Bag Sensor gives you the most bang for each and every workout.","og_url":"https:\/\/ksproducts.ca\/fr\/product\/capteur-pour-sac-dentrainement-aquatique\/","og_site_name":"Ks Products","article_modified_time":"2026-04-15T02:32:39+00:00","og_image":[{"width":1200,"height":1200,"url":"https:\/\/ksproducts.ca\/wp-content\/uploads\/2022\/08\/atb_sensor_hero_7-1-jpg.webp","type":"image\/jpeg"}],"twitter_card":"summary_large_image","twitter_misc":{"Estimation du temps de lecture":"1 minute"},"schema":{"@context":"https:\/\/schema.org","@graph":[{"@type":"WebPage","@id":"https:\/\/ksproducts.ca\/product\/sensor-for-aqua-training-bag\/","url":"https:\/\/ksproducts.ca\/product\/sensor-for-aqua-training-bag\/","name":"Capteur pour Aqua Training Bag\u00ae - Ks Products","isPartOf":{"@id":"https:\/\/ksproducts.ca\/#website"},"primaryImageOfPage":{"@id":"https:\/\/ksproducts.ca\/product\/sensor-for-aqua-training-bag\/#primaryimage"},"image":{"@id":"https:\/\/ksproducts.ca\/product\/sensor-for-aqua-training-bag\/#primaryimage"},"thumbnailUrl":"https:\/\/ksproducts.ca\/wp-content\/uploads\/2022\/08\/atb_sensor_hero_7-1-jpg.webp","datePublished":"2022-08-16T22:17:14+00:00","dateModified":"2026-04-15T02:32:39+00:00","description":"Pr\u00e9parez-vous \u00e0 vivre une exp\u00e9rience d'entra\u00eenement unique. Associ\u00e9 \u00e0 l'Aqua Training Bag\u00ae, l'Aqua Training Bag Sensor vous permet de tirer le meilleur parti de chaque s\u00e9ance d'entra\u00eenement.","breadcrumb":{"@id":"https:\/\/ksproducts.ca\/product\/sensor-for-aqua-training-bag\/#breadcrumb"},"inLanguage":"fr-CA","potentialAction":[{"@type":"ReadAction","target":["https:\/\/ksproducts.ca\/product\/sensor-for-aqua-training-bag\/"]}]},{"@type":"ImageObject","inLanguage":"fr-CA","@id":"https:\/\/ksproducts.ca\/product\/sensor-for-aqua-training-bag\/#primaryimage","url":"https:\/\/ksproducts.ca\/wp-content\/uploads\/2022\/08\/atb_sensor_hero_7-1-jpg.webp","contentUrl":"https:\/\/ksproducts.ca\/wp-content\/uploads\/2022\/08\/atb_sensor_hero_7-1-jpg.webp","width":1200,"height":1200,"caption":"atb sensor hero 7 1 jpg"},{"@type":"BreadcrumbList","@id":"https:\/\/ksproducts.ca\/product\/sensor-for-aqua-training-bag\/#breadcrumb","itemListElement":[{"@type":"ListItem","position":1,"name":"Home","item":"https:\/\/ksproducts.ca\/"},{"@type":"ListItem","position":2,"name":"Shop","item":"https:\/\/ksproducts.ca\/shop\/"},{"@type":"ListItem","position":3,"name":"Sensor for Aqua Training Bag\u00ae"}]},{"@type":"WebSite","@id":"https:\/\/ksproducts.ca\/#website","url":"https:\/\/ksproducts.ca\/","name":"Produits Ks","description":"Cuisiner et vivre en plein air, c'est facile au Canada","publisher":{"@id":"https:\/\/ksproducts.ca\/#organization"},"potentialAction":[{"@type":"SearchAction","target":{"@type":"EntryPoint","urlTemplate":"https:\/\/ksproducts.ca\/?s={search_term_string}"},"query-input":{"@type":"PropertyValueSpecification","valueRequired":true,"valueName":"search_term_string"}}],"inLanguage":"fr-CA"},{"@type":"Organization","@id":"https:\/\/ksproducts.ca\/#organization","name":"Produits Ks","url":"https:\/\/ksproducts.ca\/","logo":{"@type":"ImageObject","inLanguage":"fr-CA","@id":"https:\/\/ksproducts.ca\/#\/schema\/logo\/image\/","url":"https:\/\/ksproducts.ca\/wp-content\/uploads\/2023\/09\/Kennedy-Sales-Logo-header-1.png","contentUrl":"https:\/\/ksproducts.ca\/wp-content\/uploads\/2023\/09\/Kennedy-Sales-Logo-header-1.png","width":150,"height":77,"caption":"Ks Products"},"image":{"@id":"https:\/\/ksproducts.ca\/#\/schema\/logo\/image\/"}}]}},"_links":{"self":[{"href":"https:\/\/ksproducts.ca\/fr\/wp-json\/wp\/v2\/product\/5226","targetHints":{"allow":["GET"]}}],"collection":[{"href":"https:\/\/ksproducts.ca\/fr\/wp-json\/wp\/v2\/product"}],"about":[{"href":"https:\/\/ksproducts.ca\/fr\/wp-json\/wp\/v2\/types\/product"}],"replies":[{"embeddable":true,"href":"https:\/\/ksproducts.ca\/fr\/wp-json\/wp\/v2\/comments?post=5226"}],"version-history":[{"count":2,"href":"https:\/\/ksproducts.ca\/fr\/wp-json\/wp\/v2\/product\/5226\/revisions"}],"predecessor-version":[{"id":12007,"href":"https:\/\/ksproducts.ca\/fr\/wp-json\/wp\/v2\/product\/5226\/revisions\/12007"}],"wp:featuredmedia":[{"embeddable":true,"href":"https:\/\/ksproducts.ca\/fr\/wp-json\/wp\/v2\/media\/5227"}],"wp:attachment":[{"href":"https:\/\/ksproducts.ca\/fr\/wp-json\/wp\/v2\/media?parent=5226"}],"wp:term":[{"taxonomy":"product_cat","embeddable":true,"href":"https:\/\/ksproducts.ca\/fr\/wp-json\/wp\/v2\/product_cat?post=5226"},{"taxonomy":"product_tag","embeddable":true,"href":"https:\/\/ksproducts.ca\/fr\/wp-json\/wp\/v2\/product_tag?post=5226"}],"curies":[{"name":"wp","href":"https:\/\/api.w.org\/{rel}","templated":true}]}}