{"id":5231,"date":"2022-08-16T22:21:52","date_gmt":"2022-08-16T22:21:52","guid":{"rendered":"http:\/\/localhost\/wordpress\/?post_type=product&#038;p=5231"},"modified":"2026-04-12T10:33:27","modified_gmt":"2026-04-12T10:33:27","slug":"aqua-bruiser-bag-haymaker-black","status":"publish","type":"product","link":"https:\/\/ksproducts.ca\/fr\/product\/aqua-bruiser-bag-haymaker-black\/","title":{"rendered":"Sac Aqua Bruiser - Haymaker noir"},"content":{"rendered":"<p>Obtenez le sac de frappe humain le plus r\u00e9aliste qu'Aqua Training Bag\u00ae offre - le sac Aqua Bruiser Bag\u00ae de 150 lb rempli d'eau qui a la forme du haut du corps d'un homme de 1,80 m. Contrairement aux autres sacs de frappe, il oscille l\u00e9g\u00e8rement pour ajouter un mouvement r\u00e9aliste \u00e0 votre entra\u00eenement. Contrairement aux autres sacs de frappe, il se balance l\u00e9g\u00e8rement pour ajouter un mouvement r\u00e9aliste \u00e0 votre entra\u00eenement lorsque vous ciblez la t\u00eate et le corps avec des coups de poing et de pied.<\/p>","protected":false},"excerpt":{"rendered":"<div data-content-type=\"row\" data-appearance=\"contained\" data-element=\"main\">\n<div data-enable-parallax=\"0\" data-parallax-speed=\"0.5\" data-background-images=\"{}\" data-video-fallback-src=\"\" data-element=\"inner\" data-pb-style=\"LPNE655\">\n<div data-content-type=\"html\" data-appearance=\"default\" data-element=\"main\" data-pb-style=\"A6M6XHR\" data-decoded=\"true\">\n<h2><strong>LE SAC DE FRAPPE ULTIME DE L'ADVERSAIRE<\/strong><\/h2>\n<p>Procurez-vous l'Aqua Training Bag\u00ae que MMA Gear Addict appelle \u201cl'exp\u00e9rience de frappe la plus r\u00e9aliste de tous les sacs\u201d. Si vous vous entra\u00eenez comme boxeur, combattant MMA, kick boxer ou combattant Muay Thai, d\u00e9veloppez votre technique et votre pr\u00e9cision avec ce sac en forme de torse qui absorbe les coups. Son design r\u00e9volutionnaire s'inscrit dans la tradition des sacs d'entra\u00eenement Aqua, mais avec une forme qui vous permet d'encha\u00eener les combos, de vous entra\u00eener \u00e0 la pr\u00e9cision et m\u00eame d'ajouter des coups de pied \u00e0 votre entra\u00eenement. Comme tous les sacs d'entra\u00eenement Aqua, ses parois \u00e9paisses en vinyle et son int\u00e9rieur rempli d'eau vous prot\u00e8gent des blessures en absorbant vos coups de poing et de pied. Les sacs traditionnels avec du sable d\u00e9veloppent des points durs au fil du temps, mais les sacs d'entra\u00eenement Aqua vous offrent la m\u00eame exp\u00e9rience \u00e0 chaque fois que vous vous entra\u00eenez. Il est parfait pour les combattants et les fanatiques de fitness \u00e0 tous les niveaux, \u00e0 la maison ou dans la salle de sport !<\/p><\/div>\n<\/div>\n<\/div>\n<div data-content-type=\"row\" data-appearance=\"contained\" data-element=\"main\">\n<div data-enable-parallax=\"0\" data-parallax-speed=\"0.5\" data-background-images=\"{}\" data-background-type=\"image\" data-video-loop=\"true\" data-video-play-only-visible=\"true\" data-video-lazy-load=\"true\" data-video-fallback-src=\"\" data-element=\"inner\" data-pb-style=\"MQDQKKW\">\n<div data-content-type=\"html\" data-appearance=\"default\" data-element=\"main\" data-pb-style=\"JPAEWL4\" data-decoded=\"true\">\n<h2><strong>CARACT\u00c9RISTIQUES DU SAC AQUA BRUISER :<\/strong><\/h2>\n<ul>\n<li><strong>ABSORBEUR D'\u00c9NERGIE -\u00a0<\/strong>Contrairement aux sacs traditionnels remplis de sable, qui peuvent d\u00e9velopper des points durs, notre sac rempli d'eau absorbe votre \u00e9nergie cin\u00e9tique, quel que soit l'endroit o\u00f9 vous frappez le sac. Prot\u00e9gez vos mains et vos articulations en optant pour un sac d'entra\u00eenement Aqua.<\/li>\n<li><strong>LA FORME ET LE TOUCHER HUMAINS -\u00a0<\/strong>L'Aqua Bruiser Bag\u00ae a \u00e9t\u00e9 cr\u00e9\u00e9 pour imiter la taille du haut du corps d'un homme de 1,80 m afin que vous puissiez pratiquer tous vos combos \u00e0 la t\u00eate et au corps, qu'il s'agisse de coups de poing ou de coups de pied. Comme il est rempli d'eau, il est, comme le dit un client, \u2019plus facile pour votre corps, mais vous avez l'impression de frapper une vraie personne\u201d.\u201c<\/li>\n<li><strong>CONSTRUIT POUR DURER -\u00a0<\/strong>Fabriqu\u00e9s en vinyle \u00e0 parois \u00e9paisses de qualit\u00e9 commerciale et aux extr\u00e9mit\u00e9s moul\u00e9es par injection, nos sacs sont suffisamment r\u00e9sistants pour supporter n'importe quel abus. Les coups de poing puissants, les coups de pied, les coups d'estoc et m\u00eame les b\u00e2tons de combat sont les bienvenus. Et croyez-nous, vous voudrez porter des gants lorsque vous encha\u00eenerez les rounds.<\/li>\n<li><strong>EASY SETUP -\u00a0<\/strong>Le sac portable peut \u00eatre suspendu \u00e0 une fixation au plafond ou au support Aqua Training Bag et peut supporter tout ce qu'on lui lance - parfait pour l'entra\u00eenement de boxe, les arts martiaux mixtes et la remise en forme en g\u00e9n\u00e9ral.<\/li>\n<li><strong>FABRIQU\u00c9 AUX USA -\u00a0<\/strong>Nous sommes fiers de fabriquer tous nos sacs d'entra\u00eenement Aqua, ici m\u00eame aux \u00c9tats-Unis.<\/li>\n<\/ul>\n<\/div>\n<\/div>\n<\/div>\n<div data-content-type=\"row\" data-appearance=\"contained\" data-element=\"main\">\n<div data-enable-parallax=\"0\" data-parallax-speed=\"0.5\" data-background-images=\"{}\" data-background-type=\"image\" data-video-loop=\"true\" data-video-play-only-visible=\"true\" data-video-lazy-load=\"true\" data-video-fallback-src=\"\" data-element=\"inner\" data-pb-style=\"LT4W531\">\n<div data-content-type=\"html\" data-appearance=\"default\" data-element=\"main\" data-pb-style=\"H1M1KO3\" data-decoded=\"true\">\n<h2><strong>UN ENTRA\u00ceNEMENT DE HAUT NIVEAU GR\u00c2CE \u00c0 L'AQUA TRAINING BAG<\/strong><\/h2>\n<p>L'Aqua Training Bag\u00ae \u00e9tait r\u00e9volutionnaire lors de sa sortie - un sac lourd en forme de goutte d'eau qui absorbe l'\u00e9nergie sous tous les angles - mais nous voulions passer \u00e0 la vitesse sup\u00e9rieure. En cr\u00e9ant une forme de torse, nous offrons aux combattants la m\u00eame technologie que nos Aqua Training Bags, mais maintenant avec la possibilit\u00e9 de cibler la t\u00eate et le corps avec des coups de poing et des coups de pied. La plupart des sacs d'adversaires sont pos\u00e9s sur le sol, ils ne bougent donc pas de fa\u00e7on r\u00e9aliste et s'ils ne sont pas assez lourds, ils peuvent \u00eatre renvers\u00e9s par une frappe puissante. L'Aqua Bruiser Bag\u00ae est suspendu au plafond ou \u00e0 un support, et avec ses 150 livres, il donne juste la bonne quantit\u00e9 d'\u00e9lan. De plus, vous n'aurez jamais \u00e0 craindre qu'il se renverse. Bien s\u00fbr, si vous vous concentrez sur la pr\u00e9cision et que vous ne voulez pas de ce mouvement de balancier, choisissez le harnais de stabilisation Aqua Bruiser Bag. Le corps humain est compos\u00e9 de 65% d'eau. Notre sac en vinyle, rempli d'eau et ayant la forme d'un torse masculin, est le plus proche du combat en chair et en os avec votre adversaire. Le sac Aqua Bruiser est parfait comme seul sac \u00e0 domicile ou comme \u00e9l\u00e9ment de votre \u00e9quipement de gym. Sa forme et son design absorbant l'\u00e9nergie en font le sac id\u00e9al pour les combattants exp\u00e9riment\u00e9s ou les amateurs de fitness \u00e0 domicile.<\/p><\/div>\n<\/div>\n<\/div>\n<div data-content-type=\"row\" data-appearance=\"contained\" data-element=\"main\">\n<div data-enable-parallax=\"0\" data-parallax-speed=\"0.5\" data-background-images=\"{}\" data-background-type=\"image\" data-video-loop=\"true\" data-video-play-only-visible=\"true\" data-video-lazy-load=\"true\" data-video-fallback-src=\"\" data-element=\"inner\" data-pb-style=\"OXRQE85\">\n<div data-content-type=\"html\" data-appearance=\"default\" data-element=\"main\" data-pb-style=\"OL8A777\" data-decoded=\"true\">\n<h2><strong>REMPLIR VOTRE SAC AQUA BRUISER :<\/strong><\/h2>\n<ul>\n<li style=\"list-style-type: none\">\n<ol>1. Retirer le bouchon de la valve \u00e0 l'aide d'un tournevis \u00e0 t\u00eate Phillips.<\/ol>\n<\/li>\n<\/ul>\n<ol>\n<li style=\"list-style-type: none\">\n<ol>2. Raccordez l'accessoire de remplissage \u00e0 votre tuyau.<\/ol>\n<\/li>\n<\/ol>\n<ol>\n<li style=\"list-style-type: none\">\n<ol>3. Avant de d\u00e9marrer l'eau, placez l'embout de l'embout du tuyau dans l'orifice du sac Aqua Bruiser.<\/ol>\n<\/li>\n<\/ol>\n<ol>\n<li style=\"list-style-type: none\">\n<ol>4. Lorsque vous avez rempli la quantit\u00e9 d'eau souhait\u00e9e, fermez l'eau et retirez l'embout du tuyau.<\/ol>\n<\/li>\n<\/ol>\n<ol>\n<li style=\"list-style-type: none\">\n<ol>5. Remettre le bouchon de la valve dans le sac et le serrer \u00e0 l'aide du tournevis cruciforme jusqu'\u00e0 ce qu'il soit bien ajust\u00e9.<\/ol>\n<\/li>\n<\/ol>\n<ol>\u00a0 \u00a0 \u00a0 \u00a0 \u00a0 6. Remplir la t\u00eate d'air \u00e0 l'aide d'une pompe \u00e0 air munie d'une aiguille.<\/ol>\n<\/div>\n<\/div>\n<\/div>\n<p>&nbsp;<\/p>","protected":false},"featured_media":5232,"comment_status":"open","ping_status":"closed","template":"","meta":[],"product_cat":[390],"product_tag":[255,266,267],"class_list":{"0":"post-5231","1":"product","2":"type-product","3":"status-publish","4":"has-post-thumbnail","6":"product_cat-fitness-recreation","7":"product_tag-aqua","8":"product_tag-bruiser-bag","9":"product_tag-mma","10":"product_shipping_class-class-2","12":"first","13":"instock","14":"featured","15":"taxable","16":"shipping-taxable","17":"purchasable","18":"product-type-simple"},"yoast_head":"<!-- This site is optimized with the Yoast SEO plugin v27.3 - https:\/\/yoast.com\/product\/yoast-seo-wordpress\/ -->\n<title>Aqua Bruiser Bag - Haymaker Black - Ks Products<\/title>\n<meta name=\"description\" content=\"Get the Aqua Training Bag\u00ae that MMA Gear Addict calls \u201cthe most realistic striking experience of any bag.\u201d\" \/>\n<meta name=\"robots\" content=\"index, follow, max-snippet:-1, max-image-preview:large, max-video-preview:-1\" \/>\n<link rel=\"canonical\" href=\"https:\/\/ksproducts.ca\/fr\/product\/aqua-bruiser-bag-haymaker-black\/\" \/>\n<meta property=\"og:locale\" content=\"fr_CA\" \/>\n<meta property=\"og:type\" content=\"article\" \/>\n<meta property=\"og:title\" content=\"Aqua Bruiser Bag - Haymaker Black - Ks Products\" \/>\n<meta property=\"og:description\" content=\"Get the Aqua Training Bag\u00ae that MMA Gear Addict calls \u201cthe most realistic striking experience of any bag.\u201d\" \/>\n<meta property=\"og:url\" content=\"https:\/\/ksproducts.ca\/fr\/product\/aqua-bruiser-bag-haymaker-black\/\" \/>\n<meta property=\"og:site_name\" content=\"Ks Products\" \/>\n<meta property=\"article:modified_time\" content=\"2026-04-12T10:33:27+00:00\" \/>\n<meta property=\"og:image\" content=\"https:\/\/ksproducts.ca\/wp-content\/uploads\/2022\/08\/abb150sb-bruiser_qlasiodewfrcsjk-1-jpg.webp\" \/>\n\t<meta property=\"og:image:width\" content=\"1400\" \/>\n\t<meta property=\"og:image:height\" content=\"1400\" \/>\n\t<meta property=\"og:image:type\" content=\"image\/jpeg\" \/>\n<meta name=\"twitter:card\" content=\"summary_large_image\" \/>\n<meta name=\"twitter:label1\" content=\"Estimation du temps de lecture\" \/>\n\t<meta name=\"twitter:data1\" content=\"1 minute\" \/>\n<script type=\"application\/ld+json\" class=\"yoast-schema-graph\">{\"@context\":\"https:\\\/\\\/schema.org\",\"@graph\":[{\"@type\":\"WebPage\",\"@id\":\"https:\\\/\\\/ksproducts.ca\\\/product\\\/aqua-bruiser-bag-haymaker-black\\\/\",\"url\":\"https:\\\/\\\/ksproducts.ca\\\/product\\\/aqua-bruiser-bag-haymaker-black\\\/\",\"name\":\"Aqua Bruiser Bag - Haymaker Black - Ks Products\",\"isPartOf\":{\"@id\":\"https:\\\/\\\/ksproducts.ca\\\/#website\"},\"primaryImageOfPage\":{\"@id\":\"https:\\\/\\\/ksproducts.ca\\\/product\\\/aqua-bruiser-bag-haymaker-black\\\/#primaryimage\"},\"image\":{\"@id\":\"https:\\\/\\\/ksproducts.ca\\\/product\\\/aqua-bruiser-bag-haymaker-black\\\/#primaryimage\"},\"thumbnailUrl\":\"https:\\\/\\\/ksproducts.ca\\\/wp-content\\\/uploads\\\/2022\\\/08\\\/abb150sb-bruiser_qlasiodewfrcsjk-1-jpg.webp\",\"datePublished\":\"2022-08-16T22:21:52+00:00\",\"dateModified\":\"2026-04-12T10:33:27+00:00\",\"description\":\"Get the Aqua Training Bag\u00ae that MMA Gear Addict calls \u201cthe most realistic striking experience of any bag.\u201d\",\"breadcrumb\":{\"@id\":\"https:\\\/\\\/ksproducts.ca\\\/product\\\/aqua-bruiser-bag-haymaker-black\\\/#breadcrumb\"},\"inLanguage\":\"fr-CA\",\"potentialAction\":[{\"@type\":\"ReadAction\",\"target\":[\"https:\\\/\\\/ksproducts.ca\\\/product\\\/aqua-bruiser-bag-haymaker-black\\\/\"]}]},{\"@type\":\"ImageObject\",\"inLanguage\":\"fr-CA\",\"@id\":\"https:\\\/\\\/ksproducts.ca\\\/product\\\/aqua-bruiser-bag-haymaker-black\\\/#primaryimage\",\"url\":\"https:\\\/\\\/ksproducts.ca\\\/wp-content\\\/uploads\\\/2022\\\/08\\\/abb150sb-bruiser_qlasiodewfrcsjk-1-jpg.webp\",\"contentUrl\":\"https:\\\/\\\/ksproducts.ca\\\/wp-content\\\/uploads\\\/2022\\\/08\\\/abb150sb-bruiser_qlasiodewfrcsjk-1-jpg.webp\",\"width\":1400,\"height\":1400,\"caption\":\"abb150sb bruiser qlasiodewfrcsjk 1 jpg\"},{\"@type\":\"BreadcrumbList\",\"@id\":\"https:\\\/\\\/ksproducts.ca\\\/product\\\/aqua-bruiser-bag-haymaker-black\\\/#breadcrumb\",\"itemListElement\":[{\"@type\":\"ListItem\",\"position\":1,\"name\":\"Home\",\"item\":\"https:\\\/\\\/ksproducts.ca\\\/\"},{\"@type\":\"ListItem\",\"position\":2,\"name\":\"Shop\",\"item\":\"https:\\\/\\\/ksproducts.ca\\\/shop\\\/\"},{\"@type\":\"ListItem\",\"position\":3,\"name\":\"Aqua Bruiser Bag &#8211; Haymaker Black\"}]},{\"@type\":\"WebSite\",\"@id\":\"https:\\\/\\\/ksproducts.ca\\\/#website\",\"url\":\"https:\\\/\\\/ksproducts.ca\\\/\",\"name\":\"Ks Products\",\"description\":\"Outdoor cooking and living, made easy in Canada\",\"publisher\":{\"@id\":\"https:\\\/\\\/ksproducts.ca\\\/#organization\"},\"potentialAction\":[{\"@type\":\"SearchAction\",\"target\":{\"@type\":\"EntryPoint\",\"urlTemplate\":\"https:\\\/\\\/ksproducts.ca\\\/?s={search_term_string}\"},\"query-input\":{\"@type\":\"PropertyValueSpecification\",\"valueRequired\":true,\"valueName\":\"search_term_string\"}}],\"inLanguage\":\"fr-CA\"},{\"@type\":\"Organization\",\"@id\":\"https:\\\/\\\/ksproducts.ca\\\/#organization\",\"name\":\"Ks Products\",\"url\":\"https:\\\/\\\/ksproducts.ca\\\/\",\"logo\":{\"@type\":\"ImageObject\",\"inLanguage\":\"fr-CA\",\"@id\":\"https:\\\/\\\/ksproducts.ca\\\/#\\\/schema\\\/logo\\\/image\\\/\",\"url\":\"https:\\\/\\\/ksproducts.ca\\\/wp-content\\\/uploads\\\/2023\\\/09\\\/Kennedy-Sales-Logo-header-1.png\",\"contentUrl\":\"https:\\\/\\\/ksproducts.ca\\\/wp-content\\\/uploads\\\/2023\\\/09\\\/Kennedy-Sales-Logo-header-1.png\",\"width\":150,\"height\":77,\"caption\":\"Ks Products\"},\"image\":{\"@id\":\"https:\\\/\\\/ksproducts.ca\\\/#\\\/schema\\\/logo\\\/image\\\/\"}}]}<\/script>\n<!-- \/ Yoast SEO plugin. -->","yoast_head_json":{"title":"Sac Aqua Bruiser - Haymaker Noir - Ks Products","description":"Obtenez l'Aqua Training Bag\u00ae que MMA Gear Addict appelle \u201cl'exp\u00e9rience de frappe la plus r\u00e9aliste de tous les sacs\u201d.\u201d","robots":{"index":"index","follow":"follow","max-snippet":"max-snippet:-1","max-image-preview":"max-image-preview:large","max-video-preview":"max-video-preview:-1"},"canonical":"https:\/\/ksproducts.ca\/fr\/product\/aqua-bruiser-bag-haymaker-black\/","og_locale":"fr_CA","og_type":"article","og_title":"Aqua Bruiser Bag - Haymaker Black - Ks Products","og_description":"Get the Aqua Training Bag\u00ae that MMA Gear Addict calls \u201cthe most realistic striking experience of any bag.\u201d","og_url":"https:\/\/ksproducts.ca\/fr\/product\/aqua-bruiser-bag-haymaker-black\/","og_site_name":"Ks Products","article_modified_time":"2026-04-12T10:33:27+00:00","og_image":[{"width":1400,"height":1400,"url":"https:\/\/ksproducts.ca\/wp-content\/uploads\/2022\/08\/abb150sb-bruiser_qlasiodewfrcsjk-1-jpg.webp","type":"image\/jpeg"}],"twitter_card":"summary_large_image","twitter_misc":{"Estimation du temps de lecture":"1 minute"},"schema":{"@context":"https:\/\/schema.org","@graph":[{"@type":"WebPage","@id":"https:\/\/ksproducts.ca\/product\/aqua-bruiser-bag-haymaker-black\/","url":"https:\/\/ksproducts.ca\/product\/aqua-bruiser-bag-haymaker-black\/","name":"Sac Aqua Bruiser - Haymaker Noir - Ks Products","isPartOf":{"@id":"https:\/\/ksproducts.ca\/#website"},"primaryImageOfPage":{"@id":"https:\/\/ksproducts.ca\/product\/aqua-bruiser-bag-haymaker-black\/#primaryimage"},"image":{"@id":"https:\/\/ksproducts.ca\/product\/aqua-bruiser-bag-haymaker-black\/#primaryimage"},"thumbnailUrl":"https:\/\/ksproducts.ca\/wp-content\/uploads\/2022\/08\/abb150sb-bruiser_qlasiodewfrcsjk-1-jpg.webp","datePublished":"2022-08-16T22:21:52+00:00","dateModified":"2026-04-12T10:33:27+00:00","description":"Obtenez l'Aqua Training Bag\u00ae que MMA Gear Addict appelle \u201cl'exp\u00e9rience de frappe la plus r\u00e9aliste de tous les sacs\u201d.\u201d","breadcrumb":{"@id":"https:\/\/ksproducts.ca\/product\/aqua-bruiser-bag-haymaker-black\/#breadcrumb"},"inLanguage":"fr-CA","potentialAction":[{"@type":"ReadAction","target":["https:\/\/ksproducts.ca\/product\/aqua-bruiser-bag-haymaker-black\/"]}]},{"@type":"ImageObject","inLanguage":"fr-CA","@id":"https:\/\/ksproducts.ca\/product\/aqua-bruiser-bag-haymaker-black\/#primaryimage","url":"https:\/\/ksproducts.ca\/wp-content\/uploads\/2022\/08\/abb150sb-bruiser_qlasiodewfrcsjk-1-jpg.webp","contentUrl":"https:\/\/ksproducts.ca\/wp-content\/uploads\/2022\/08\/abb150sb-bruiser_qlasiodewfrcsjk-1-jpg.webp","width":1400,"height":1400,"caption":"abb150sb bruiser qlasiodewfrcsjk 1 jpg"},{"@type":"BreadcrumbList","@id":"https:\/\/ksproducts.ca\/product\/aqua-bruiser-bag-haymaker-black\/#breadcrumb","itemListElement":[{"@type":"ListItem","position":1,"name":"Home","item":"https:\/\/ksproducts.ca\/"},{"@type":"ListItem","position":2,"name":"Shop","item":"https:\/\/ksproducts.ca\/shop\/"},{"@type":"ListItem","position":3,"name":"Aqua Bruiser Bag &#8211; Haymaker Black"}]},{"@type":"WebSite","@id":"https:\/\/ksproducts.ca\/#website","url":"https:\/\/ksproducts.ca\/","name":"Produits Ks","description":"Cuisiner et vivre en plein air, c'est facile au Canada","publisher":{"@id":"https:\/\/ksproducts.ca\/#organization"},"potentialAction":[{"@type":"SearchAction","target":{"@type":"EntryPoint","urlTemplate":"https:\/\/ksproducts.ca\/?s={search_term_string}"},"query-input":{"@type":"PropertyValueSpecification","valueRequired":true,"valueName":"search_term_string"}}],"inLanguage":"fr-CA"},{"@type":"Organization","@id":"https:\/\/ksproducts.ca\/#organization","name":"Produits Ks","url":"https:\/\/ksproducts.ca\/","logo":{"@type":"ImageObject","inLanguage":"fr-CA","@id":"https:\/\/ksproducts.ca\/#\/schema\/logo\/image\/","url":"https:\/\/ksproducts.ca\/wp-content\/uploads\/2023\/09\/Kennedy-Sales-Logo-header-1.png","contentUrl":"https:\/\/ksproducts.ca\/wp-content\/uploads\/2023\/09\/Kennedy-Sales-Logo-header-1.png","width":150,"height":77,"caption":"Ks Products"},"image":{"@id":"https:\/\/ksproducts.ca\/#\/schema\/logo\/image\/"}}]}},"_links":{"self":[{"href":"https:\/\/ksproducts.ca\/fr\/wp-json\/wp\/v2\/product\/5231","targetHints":{"allow":["GET"]}}],"collection":[{"href":"https:\/\/ksproducts.ca\/fr\/wp-json\/wp\/v2\/product"}],"about":[{"href":"https:\/\/ksproducts.ca\/fr\/wp-json\/wp\/v2\/types\/product"}],"replies":[{"embeddable":true,"href":"https:\/\/ksproducts.ca\/fr\/wp-json\/wp\/v2\/comments?post=5231"}],"version-history":[{"count":1,"href":"https:\/\/ksproducts.ca\/fr\/wp-json\/wp\/v2\/product\/5231\/revisions"}],"predecessor-version":[{"id":10138,"href":"https:\/\/ksproducts.ca\/fr\/wp-json\/wp\/v2\/product\/5231\/revisions\/10138"}],"wp:featuredmedia":[{"embeddable":true,"href":"https:\/\/ksproducts.ca\/fr\/wp-json\/wp\/v2\/media\/5232"}],"wp:attachment":[{"href":"https:\/\/ksproducts.ca\/fr\/wp-json\/wp\/v2\/media?parent=5231"}],"wp:term":[{"taxonomy":"product_cat","embeddable":true,"href":"https:\/\/ksproducts.ca\/fr\/wp-json\/wp\/v2\/product_cat?post=5231"},{"taxonomy":"product_tag","embeddable":true,"href":"https:\/\/ksproducts.ca\/fr\/wp-json\/wp\/v2\/product_tag?post=5231"}],"curies":[{"name":"wp","href":"https:\/\/api.w.org\/{rel}","templated":true}]}}