{"id":5235,"date":"2022-08-16T22:28:58","date_gmt":"2022-08-16T22:28:58","guid":{"rendered":"http:\/\/localhost\/wordpress\/?post_type=product&#038;p=5235"},"modified":"2026-04-14T23:32:35","modified_gmt":"2026-04-14T23:32:35","slug":"chaine-et-emerillon-pour-sac-lourd","status":"publish","type":"product","link":"https:\/\/ksproducts.ca\/fr\/product\/heavy-bag-chain-and-swivel\/","title":{"rendered":"Cha\u00eene et pivot pour sac lourd"},"content":{"rendered":"<div data-content-type=\"row\" data-appearance=\"contained\" data-element=\"main\">\n<div data-enable-parallax=\"0\" data-parallax-speed=\"0.5\" data-background-images=\"{}\" data-video-fallback-src=\"\" data-element=\"inner\" data-pb-style=\"610884C6ADCAF\">\n<div data-content-type=\"html\" data-appearance=\"default\" data-element=\"main\" data-pb-style=\"610884C6ADCC6\" data-decoded=\"true\">\n<h2><strong>Toute la force sans la torsion<\/strong><\/h2>\n<p>Lorsque vous suspendez votre sac de frappe lourd, vous devez \u00eatre s\u00fbr qu'il supportera le poids sans se tordre, ce qui pourrait endommager la cha\u00eene, la monture ou m\u00eame votre plafond. Nous avons con\u00e7u notre cha\u00eene pour sac de frappe lourd et son \u00e9merillon pour supporter n'importe quel Aqua Training Bag\u00ae ou des sacs de frappe lourds jusqu'\u00e0 200 livres. Avec le pivot int\u00e9gr\u00e9, votre sac peut tourner sans tordre la cha\u00eene. Pesant seulement 4 livres, la cha\u00eene n'ajoutera pas de poids suppl\u00e9mentaire ind\u00e9sirable pour votre support ou votre stand. L'installation est simple, il suffit de connecter la cha\u00eene \u00e0 la manille de votre sac d'entra\u00eenement Aqua et de la suspendre avant de remplir votre sac d'eau. En parlant d'eau, la cha\u00eene et l'\u00e9merillon sont r\u00e9sistants \u00e0 l'eau, vous pouvez donc oublier la rouille ou les piq\u00fbres de surface.<\/p><\/div>\n<\/div>\n<\/div>\n<div data-content-type=\"row\" data-appearance=\"contained\" data-element=\"main\">\n<div data-enable-parallax=\"0\" data-parallax-speed=\"0.5\" data-background-images=\"{}\" data-background-type=\"image\" data-video-loop=\"true\" data-video-play-only-visible=\"true\" data-video-lazy-load=\"true\" data-video-fallback-src=\"\" data-element=\"inner\" data-pb-style=\"610884C6ADCD7\">\n<div data-content-type=\"html\" data-appearance=\"default\" data-element=\"main\" data-pb-style=\"610884C6ADCE7\" data-decoded=\"true\">\n<h2><strong>CHA\u00ceNE DE SAC LOURD ET CARACT\u00c9RISTIQUES PIVOTANTES :<\/strong><\/h2>\n<ul>\n<li><strong>CAPACIT\u00c9 DE 200 LIVRES -\u00a0<\/strong>Con\u00e7ue pour tenir en toute s\u00e9curit\u00e9 n'importe quel Aqua Training Bag\u00ae, la cha\u00eene et le pivot pour sac de frappe lourd peuvent tenir n'importe quel sac de frappe jusqu'\u00e0 200 livres.<\/li>\n<li><strong>LE PIVOT \u00c9VITE LES TORSIONS -<\/strong>Une cha\u00eene qui tourne peut endommager la cha\u00eene, le support et le plafond. L'\u00e9merillon int\u00e9gr\u00e9 garantit que le sac peut tourner sans transf\u00e9rer ce mouvement \u00e0 la cha\u00eene.<\/li>\n<li><strong>CONSTRUIT POUR DURER -\u00a0<\/strong>Une cha\u00eene en acier plaqu\u00e9 et un \u00e9merillon en acier galvanis\u00e9 maintiendront votre sac lourd pendant des ann\u00e9es. R\u00e9sistante \u00e0 l'eau, la cha\u00eene r\u00e9siste \u00e0 la rouille et aux piq\u00fbres de surface.<\/li>\n<li><strong>EASY SETUP -\u00a0<\/strong>Retirez la manille de votre Aqua Training Bag, puis connectez le kit de suspension du sac lourd \u00e0 la manille. Il est pr\u00e9f\u00e9rable d'effectuer cette op\u00e9ration avant d'avoir rempli votre sac d'entra\u00eenement aquatique.<\/li>\n<li><strong>L\u00c9GER -\u00a0<\/strong>La cha\u00eene et l'\u00e9merillon n'ajoutent que quatre livres \u00e0 votre installation, de sorte que vous n'avez pas \u00e0 vous soucier d'ajouter un poids ind\u00e9sirable \u00e0 votre monture ou \u00e0 votre support.<\/li>\n<\/ul>\n<\/div>\n<\/div>\n<\/div>","protected":false},"excerpt":{"rendered":"<p>Con\u00e7ue pour tous les sacs d'entra\u00eenement Aqua, la cha\u00eene en acier 3\u2032 9\u2033 maintient les sacs jusqu'\u00e0 200 livres, tandis que le pivot int\u00e9gr\u00e9 garantit que la cha\u00eene ne se tordra pas pendant votre entra\u00eenement.<\/p>","protected":false},"featured_media":5236,"comment_status":"open","ping_status":"closed","template":"","meta":[],"product_cat":[390],"product_tag":[269,270,259],"class_list":{"0":"post-5235","1":"product","2":"type-product","3":"status-publish","4":"has-post-thumbnail","6":"product_cat-fitness-recreation","7":"product_tag-chain","8":"product_tag-hanging-kit","9":"product_tag-punching-bag","10":"product_shipping_class-class-1","12":"first","13":"instock","14":"taxable","15":"shipping-taxable","16":"purchasable","17":"product-type-simple"},"yoast_head":"<!-- This site is optimized with the Yoast SEO plugin v27.4 - https:\/\/yoast.com\/product\/yoast-seo-wordpress\/ -->\n<title>Heavy Bag Chain and Swivel - Ks Products<\/title>\n<meta name=\"description\" content=\"Designed for all Aqua Training Bags, the 3&#039; 9&quot; steel chain holds bags up to 200 pounds, while the integrated swivel ensures the chain won\u2019t twist during your workout.\" \/>\n<meta name=\"robots\" content=\"index, follow, max-snippet:-1, max-image-preview:large, max-video-preview:-1\" \/>\n<link rel=\"canonical\" href=\"https:\/\/ksproducts.ca\/fr\/product\/chaine-et-emerillon-pour-sac-lourd\/\" \/>\n<meta property=\"og:locale\" content=\"fr_CA\" \/>\n<meta property=\"og:type\" content=\"article\" \/>\n<meta property=\"og:title\" content=\"Heavy Bag Chain and Swivel - Ks Products\" \/>\n<meta property=\"og:description\" content=\"Designed for all Aqua Training Bags, the 3&#039; 9&quot; steel chain holds bags up to 200 pounds, while the integrated swivel ensures the chain won\u2019t twist during your workout.\" \/>\n<meta property=\"og:url\" content=\"https:\/\/ksproducts.ca\/fr\/product\/chaine-et-emerillon-pour-sac-lourd\/\" \/>\n<meta property=\"og:site_name\" content=\"Ks Products\" \/>\n<meta property=\"article:modified_time\" content=\"2026-04-14T23:32:35+00:00\" \/>\n<meta property=\"og:image\" content=\"https:\/\/ksproducts.ca\/wp-content\/uploads\/2022\/08\/ap100-heavy-bag-hanging-kit-chai-1-jpg.webp\" \/>\n\t<meta property=\"og:image:width\" content=\"548\" \/>\n\t<meta property=\"og:image:height\" content=\"548\" \/>\n\t<meta property=\"og:image:type\" content=\"image\/jpeg\" \/>\n<meta name=\"twitter:card\" content=\"summary_large_image\" \/>\n<meta name=\"twitter:label1\" content=\"Estimation du temps de lecture\" \/>\n\t<meta name=\"twitter:data1\" content=\"2 minutes\" \/>\n<script type=\"application\/ld+json\" class=\"yoast-schema-graph\">{\"@context\":\"https:\\\/\\\/schema.org\",\"@graph\":[{\"@type\":\"WebPage\",\"@id\":\"https:\\\/\\\/ksproducts.ca\\\/product\\\/heavy-bag-chain-and-swivel\\\/\",\"url\":\"https:\\\/\\\/ksproducts.ca\\\/product\\\/heavy-bag-chain-and-swivel\\\/\",\"name\":\"Heavy Bag Chain and Swivel - Ks Products\",\"isPartOf\":{\"@id\":\"https:\\\/\\\/ksproducts.ca\\\/#website\"},\"primaryImageOfPage\":{\"@id\":\"https:\\\/\\\/ksproducts.ca\\\/product\\\/heavy-bag-chain-and-swivel\\\/#primaryimage\"},\"image\":{\"@id\":\"https:\\\/\\\/ksproducts.ca\\\/product\\\/heavy-bag-chain-and-swivel\\\/#primaryimage\"},\"thumbnailUrl\":\"https:\\\/\\\/ksproducts.ca\\\/wp-content\\\/uploads\\\/2022\\\/08\\\/ap100-heavy-bag-hanging-kit-chai-1-jpg.webp\",\"datePublished\":\"2022-08-16T22:28:58+00:00\",\"dateModified\":\"2026-04-14T23:32:35+00:00\",\"description\":\"Designed for all Aqua Training Bags, the 3' 9\\\" steel chain holds bags up to 200 pounds, while the integrated swivel ensures the chain won\u2019t twist during your workout.\",\"breadcrumb\":{\"@id\":\"https:\\\/\\\/ksproducts.ca\\\/product\\\/heavy-bag-chain-and-swivel\\\/#breadcrumb\"},\"inLanguage\":\"fr-CA\",\"potentialAction\":[{\"@type\":\"ReadAction\",\"target\":[\"https:\\\/\\\/ksproducts.ca\\\/product\\\/heavy-bag-chain-and-swivel\\\/\"]}]},{\"@type\":\"ImageObject\",\"inLanguage\":\"fr-CA\",\"@id\":\"https:\\\/\\\/ksproducts.ca\\\/product\\\/heavy-bag-chain-and-swivel\\\/#primaryimage\",\"url\":\"https:\\\/\\\/ksproducts.ca\\\/wp-content\\\/uploads\\\/2022\\\/08\\\/ap100-heavy-bag-hanging-kit-chai-1-jpg.webp\",\"contentUrl\":\"https:\\\/\\\/ksproducts.ca\\\/wp-content\\\/uploads\\\/2022\\\/08\\\/ap100-heavy-bag-hanging-kit-chai-1-jpg.webp\",\"width\":548,\"height\":548,\"caption\":\"ap100 heavy bag hanging kit chai 1 jpg\"},{\"@type\":\"BreadcrumbList\",\"@id\":\"https:\\\/\\\/ksproducts.ca\\\/product\\\/heavy-bag-chain-and-swivel\\\/#breadcrumb\",\"itemListElement\":[{\"@type\":\"ListItem\",\"position\":1,\"name\":\"Home\",\"item\":\"https:\\\/\\\/ksproducts.ca\\\/\"},{\"@type\":\"ListItem\",\"position\":2,\"name\":\"Shop\",\"item\":\"https:\\\/\\\/ksproducts.ca\\\/shop\\\/\"},{\"@type\":\"ListItem\",\"position\":3,\"name\":\"Heavy Bag Chain and Swivel\"}]},{\"@type\":\"WebSite\",\"@id\":\"https:\\\/\\\/ksproducts.ca\\\/#website\",\"url\":\"https:\\\/\\\/ksproducts.ca\\\/\",\"name\":\"Ks Products\",\"description\":\"Outdoor cooking and living, made easy in Canada\",\"publisher\":{\"@id\":\"https:\\\/\\\/ksproducts.ca\\\/#organization\"},\"potentialAction\":[{\"@type\":\"SearchAction\",\"target\":{\"@type\":\"EntryPoint\",\"urlTemplate\":\"https:\\\/\\\/ksproducts.ca\\\/?s={search_term_string}\"},\"query-input\":{\"@type\":\"PropertyValueSpecification\",\"valueRequired\":true,\"valueName\":\"search_term_string\"}}],\"inLanguage\":\"fr-CA\"},{\"@type\":\"Organization\",\"@id\":\"https:\\\/\\\/ksproducts.ca\\\/#organization\",\"name\":\"Ks Products\",\"url\":\"https:\\\/\\\/ksproducts.ca\\\/\",\"logo\":{\"@type\":\"ImageObject\",\"inLanguage\":\"fr-CA\",\"@id\":\"https:\\\/\\\/ksproducts.ca\\\/#\\\/schema\\\/logo\\\/image\\\/\",\"url\":\"https:\\\/\\\/ksproducts.ca\\\/wp-content\\\/uploads\\\/2023\\\/09\\\/Kennedy-Sales-Logo-header-1.png\",\"contentUrl\":\"https:\\\/\\\/ksproducts.ca\\\/wp-content\\\/uploads\\\/2023\\\/09\\\/Kennedy-Sales-Logo-header-1.png\",\"width\":150,\"height\":77,\"caption\":\"Ks Products\"},\"image\":{\"@id\":\"https:\\\/\\\/ksproducts.ca\\\/#\\\/schema\\\/logo\\\/image\\\/\"}}]}<\/script>\n<!-- \/ Yoast SEO plugin. -->","yoast_head_json":{"title":"Cha\u00eene et \u00e9merillon pour sac \u00e0 dos - Ks Products","description":"Con\u00e7ue pour tous les sacs d'entra\u00eenement Aqua, la cha\u00eene en acier de 3 pieds 9 pouces peut supporter des sacs jusqu'\u00e0 200 livres, tandis que le pivot int\u00e9gr\u00e9 garantit que la cha\u00eene ne se tordra pas pendant l'entra\u00eenement.","robots":{"index":"index","follow":"follow","max-snippet":"max-snippet:-1","max-image-preview":"max-image-preview:large","max-video-preview":"max-video-preview:-1"},"canonical":"https:\/\/ksproducts.ca\/fr\/product\/chaine-et-emerillon-pour-sac-lourd\/","og_locale":"fr_CA","og_type":"article","og_title":"Heavy Bag Chain and Swivel - Ks Products","og_description":"Designed for all Aqua Training Bags, the 3' 9\" steel chain holds bags up to 200 pounds, while the integrated swivel ensures the chain won\u2019t twist during your workout.","og_url":"https:\/\/ksproducts.ca\/fr\/product\/chaine-et-emerillon-pour-sac-lourd\/","og_site_name":"Ks Products","article_modified_time":"2026-04-14T23:32:35+00:00","og_image":[{"width":548,"height":548,"url":"https:\/\/ksproducts.ca\/wp-content\/uploads\/2022\/08\/ap100-heavy-bag-hanging-kit-chai-1-jpg.webp","type":"image\/jpeg"}],"twitter_card":"summary_large_image","twitter_misc":{"Estimation du temps de lecture":"2 minutes"},"schema":{"@context":"https:\/\/schema.org","@graph":[{"@type":"WebPage","@id":"https:\/\/ksproducts.ca\/product\/heavy-bag-chain-and-swivel\/","url":"https:\/\/ksproducts.ca\/product\/heavy-bag-chain-and-swivel\/","name":"Cha\u00eene et \u00e9merillon pour sac \u00e0 dos - Ks Products","isPartOf":{"@id":"https:\/\/ksproducts.ca\/#website"},"primaryImageOfPage":{"@id":"https:\/\/ksproducts.ca\/product\/heavy-bag-chain-and-swivel\/#primaryimage"},"image":{"@id":"https:\/\/ksproducts.ca\/product\/heavy-bag-chain-and-swivel\/#primaryimage"},"thumbnailUrl":"https:\/\/ksproducts.ca\/wp-content\/uploads\/2022\/08\/ap100-heavy-bag-hanging-kit-chai-1-jpg.webp","datePublished":"2022-08-16T22:28:58+00:00","dateModified":"2026-04-14T23:32:35+00:00","description":"Con\u00e7ue pour tous les sacs d'entra\u00eenement Aqua, la cha\u00eene en acier de 3 pieds 9 pouces peut supporter des sacs jusqu'\u00e0 200 livres, tandis que le pivot int\u00e9gr\u00e9 garantit que la cha\u00eene ne se tordra pas pendant l'entra\u00eenement.","breadcrumb":{"@id":"https:\/\/ksproducts.ca\/product\/heavy-bag-chain-and-swivel\/#breadcrumb"},"inLanguage":"fr-CA","potentialAction":[{"@type":"ReadAction","target":["https:\/\/ksproducts.ca\/product\/heavy-bag-chain-and-swivel\/"]}]},{"@type":"ImageObject","inLanguage":"fr-CA","@id":"https:\/\/ksproducts.ca\/product\/heavy-bag-chain-and-swivel\/#primaryimage","url":"https:\/\/ksproducts.ca\/wp-content\/uploads\/2022\/08\/ap100-heavy-bag-hanging-kit-chai-1-jpg.webp","contentUrl":"https:\/\/ksproducts.ca\/wp-content\/uploads\/2022\/08\/ap100-heavy-bag-hanging-kit-chai-1-jpg.webp","width":548,"height":548,"caption":"ap100 heavy bag hanging kit chai 1 jpg"},{"@type":"BreadcrumbList","@id":"https:\/\/ksproducts.ca\/product\/heavy-bag-chain-and-swivel\/#breadcrumb","itemListElement":[{"@type":"ListItem","position":1,"name":"Home","item":"https:\/\/ksproducts.ca\/"},{"@type":"ListItem","position":2,"name":"Shop","item":"https:\/\/ksproducts.ca\/shop\/"},{"@type":"ListItem","position":3,"name":"Heavy Bag Chain and Swivel"}]},{"@type":"WebSite","@id":"https:\/\/ksproducts.ca\/#website","url":"https:\/\/ksproducts.ca\/","name":"Produits Ks","description":"Cuisiner et vivre en plein air, c'est facile au Canada","publisher":{"@id":"https:\/\/ksproducts.ca\/#organization"},"potentialAction":[{"@type":"SearchAction","target":{"@type":"EntryPoint","urlTemplate":"https:\/\/ksproducts.ca\/?s={search_term_string}"},"query-input":{"@type":"PropertyValueSpecification","valueRequired":true,"valueName":"search_term_string"}}],"inLanguage":"fr-CA"},{"@type":"Organization","@id":"https:\/\/ksproducts.ca\/#organization","name":"Produits Ks","url":"https:\/\/ksproducts.ca\/","logo":{"@type":"ImageObject","inLanguage":"fr-CA","@id":"https:\/\/ksproducts.ca\/#\/schema\/logo\/image\/","url":"https:\/\/ksproducts.ca\/wp-content\/uploads\/2023\/09\/Kennedy-Sales-Logo-header-1.png","contentUrl":"https:\/\/ksproducts.ca\/wp-content\/uploads\/2023\/09\/Kennedy-Sales-Logo-header-1.png","width":150,"height":77,"caption":"Ks Products"},"image":{"@id":"https:\/\/ksproducts.ca\/#\/schema\/logo\/image\/"}}]}},"_links":{"self":[{"href":"https:\/\/ksproducts.ca\/fr\/wp-json\/wp\/v2\/product\/5235","targetHints":{"allow":["GET"]}}],"collection":[{"href":"https:\/\/ksproducts.ca\/fr\/wp-json\/wp\/v2\/product"}],"about":[{"href":"https:\/\/ksproducts.ca\/fr\/wp-json\/wp\/v2\/types\/product"}],"replies":[{"embeddable":true,"href":"https:\/\/ksproducts.ca\/fr\/wp-json\/wp\/v2\/comments?post=5235"}],"version-history":[{"count":1,"href":"https:\/\/ksproducts.ca\/fr\/wp-json\/wp\/v2\/product\/5235\/revisions"}],"predecessor-version":[{"id":10139,"href":"https:\/\/ksproducts.ca\/fr\/wp-json\/wp\/v2\/product\/5235\/revisions\/10139"}],"wp:featuredmedia":[{"embeddable":true,"href":"https:\/\/ksproducts.ca\/fr\/wp-json\/wp\/v2\/media\/5236"}],"wp:attachment":[{"href":"https:\/\/ksproducts.ca\/fr\/wp-json\/wp\/v2\/media?parent=5235"}],"wp:term":[{"taxonomy":"product_cat","embeddable":true,"href":"https:\/\/ksproducts.ca\/fr\/wp-json\/wp\/v2\/product_cat?post=5235"},{"taxonomy":"product_tag","embeddable":true,"href":"https:\/\/ksproducts.ca\/fr\/wp-json\/wp\/v2\/product_tag?post=5235"}],"curies":[{"name":"wp","href":"https:\/\/api.w.org\/{rel}","templated":true}]}}