{"id":5238,"date":"2022-08-16T22:31:58","date_gmt":"2022-08-16T22:31:58","guid":{"rendered":"http:\/\/localhost\/wordpress\/?post_type=product&#038;p=5238"},"modified":"2025-09-17T19:47:13","modified_gmt":"2025-09-17T19:47:13","slug":"le-kit-de-remplacement-du-sac-dentrainement-aqua","status":"publish","type":"product","link":"https:\/\/ksproducts.ca\/fr\/product\/the-aqua-training-bag-replacement-fill-kit\/","title":{"rendered":"Kit de remplissage de remplacement du Aqua Training Bag"},"content":{"rendered":"<div data-content-type=\"row\" data-appearance=\"contained\" data-element=\"main\">\n<div data-enable-parallax=\"0\" data-parallax-speed=\"0.5\" data-background-images=\"{}\" data-background-type=\"image\" data-video-loop=\"true\" data-video-play-only-visible=\"true\" data-video-lazy-load=\"true\" data-video-fallback-src=\"\" data-element=\"inner\" data-pb-style=\"DSE6GY9\">\n<div data-content-type=\"html\" data-appearance=\"default\" data-element=\"main\" data-pb-style=\"I3XG8KK\" data-decoded=\"true\">\n<h2><strong>Remplissez bien votre sac \u00e0 dos<\/strong><\/h2>\n<p>Le kit de remplacement Aqua Training Bag\u00ae est le seul kit de remplacement pour votre Aqua Training Bag. Il comprend un embout de remplissage et un bouchon suppl\u00e9mentaire. Il comprend un embout de remplissage et un bouchon suppl\u00e9mentaire. Pour que votre Aqua Training Bag dure plus longtemps, il est essentiel de le remplir correctement. Bien qu'il s'agisse principalement d'eau, l'ajout d'air pour le maintenir rond \u00e9liminera les \u00e9ventuelles fossettes et l'aidera \u00e0 r\u00e9sister \u00e0 la force de vos s\u00e9ances d'entra\u00eenement. Pour ce faire, assurez-vous que votre sac est \u00e0 temp\u00e9rature ambiante (ou plus chaude) afin qu'il ne soit pas trop rigide. Ensuite, remplissez-le d'air\u00a0<em>avant<\/em>\u00a0que vous remplissez d'eau. Une fois qu'il est rempli d'eau, vissez le bouchon et compl\u00e9tez avec de l'air \u00e0 l'aide d'une aiguille de gonflage.<\/div>\n<\/div>\n<\/div>\n<div data-content-type=\"row\" data-appearance=\"contained\" data-element=\"main\">\n<div data-enable-parallax=\"0\" data-parallax-speed=\"0.5\" data-background-images=\"{}\" data-background-type=\"image\" data-video-loop=\"true\" data-video-play-only-visible=\"true\" data-video-lazy-load=\"true\" data-video-fallback-src=\"\" data-element=\"inner\" data-pb-style=\"HBCHMRR\">\n<div data-content-type=\"html\" data-appearance=\"default\" data-element=\"main\" data-pb-style=\"LDJWWUY\" data-decoded=\"true\">\n<h2><strong>CARACT\u00c9RISTIQUES DU KIT DE REMPLISSAGE DE REMPLACEMENT :<\/strong><\/h2>\n<ul>\n<li><strong>EMBOUT DE REMPLISSAGE DU TUYAU -<\/strong>La buse se fixe \u00e0 n'importe quel tuyau d'arrosage standard pour faciliter le remplissage de votre sac d'entra\u00eenement Aqua.<\/li>\n<li><strong>AQUA TRAINING BAG PLUG -\u00a0<\/strong>Le bouchon est facile \u00e0 visser et \u00e0 d\u00e9visser. Il suffit d'un tournevis cruciforme #2 ou m\u00eame d'une pi\u00e8ce de monnaie. Le bouchon permet \u00e9galement l'insertion d'une aiguille de gonflage afin de remplir votre sac d'air.<\/li>\n<li><strong>LE SEUL KIT DE REMPLACEMENT AUTHENTIQUE -\u00a0<\/strong>C'est le seul et unique kit de remplacement qui convient \u00e0 votre sac d'entra\u00eenement Aqua.<\/li>\n<li><strong>CONTR\u00d4LEZ VOTRE REMPLISSAGE -\u00a0<\/strong>Ce kit vous aide \u00e0 obtenir le bon remplissage pour votre sac. Que vous souhaitiez un sac rond ou plein, ou un sac avec un peu plus d'\u00e9lasticit\u00e9. Tout ce dont vous avez besoin, c'est d'un tuyau d'arrosage et d'une aiguille de gonflage.<\/li>\n<li><strong>FAITES DURER VOTRE SAC -\u00a0<\/strong>Pour que votre sac d'entra\u00eenement Aqua soit durable et sain, veillez \u00e0 le remplir compl\u00e8tement d'eau et d'air \u00e0 l'aide du kit de remplacement.<\/li>\n<\/ul>\n<\/div>\n<\/div>\n<\/div>","protected":false},"excerpt":{"rendered":"<p>Si vous avez \u00e9gar\u00e9 le kit de remplissage d'origine ou si vous avez besoin d'un kit suppl\u00e9mentaire, il s'agit du seul kit de remplacement compatible avec les sacs d'entra\u00eenement Aqua.<\/p>","protected":false},"featured_media":5239,"comment_status":"open","ping_status":"closed","template":"","meta":[],"product_cat":[390],"product_tag":[271],"class_list":{"0":"post-5238","1":"product","2":"type-product","3":"status-publish","4":"has-post-thumbnail","6":"product_cat-fitness-recreation","7":"product_tag-fill-kit","8":"product_shipping_class-class-1","10":"first","11":"outofstock","12":"taxable","13":"shipping-taxable","14":"purchasable","15":"product-type-simple"},"yoast_head":"<!-- This site is optimized with the Yoast SEO plugin v27.4 - https:\/\/yoast.com\/product\/yoast-seo-wordpress\/ -->\n<title>The Aqua Training Bag\u00ae Replacement Fill Kit - Ks Products<\/title>\n<meta name=\"description\" content=\"If you misplaced the original fill kit or need an extra, this is the only replacement fill kit that fits Aqua Training Bags.\" \/>\n<meta name=\"robots\" content=\"index, follow, max-snippet:-1, max-image-preview:large, max-video-preview:-1\" \/>\n<link rel=\"canonical\" href=\"https:\/\/ksproducts.ca\/fr\/product\/le-kit-de-remplacement-du-sac-dentrainement-aqua\/\" \/>\n<meta property=\"og:locale\" content=\"fr_CA\" \/>\n<meta property=\"og:type\" content=\"article\" \/>\n<meta property=\"og:title\" content=\"The Aqua Training Bag\u00ae Replacement Fill Kit - Ks Products\" \/>\n<meta property=\"og:description\" content=\"If you misplaced the original fill kit or need an extra, this is the only replacement fill kit that fits Aqua Training Bags.\" \/>\n<meta property=\"og:url\" content=\"https:\/\/ksproducts.ca\/fr\/product\/le-kit-de-remplacement-du-sac-dentrainement-aqua\/\" \/>\n<meta property=\"og:site_name\" content=\"Ks Products\" \/>\n<meta property=\"article:modified_time\" content=\"2025-09-17T19:47:13+00:00\" \/>\n<meta property=\"og:image\" content=\"https:\/\/ksproducts.ca\/wp-content\/uploads\/2022\/08\/aqua-replacement-fill-kit-1-jpg.webp\" \/>\n\t<meta property=\"og:image:width\" content=\"800\" \/>\n\t<meta property=\"og:image:height\" content=\"800\" \/>\n\t<meta property=\"og:image:type\" content=\"image\/jpeg\" \/>\n<meta name=\"twitter:card\" content=\"summary_large_image\" \/>\n<meta name=\"twitter:label1\" content=\"Estimation du temps de lecture\" \/>\n\t<meta name=\"twitter:data1\" content=\"2 minutes\" \/>\n<script type=\"application\/ld+json\" class=\"yoast-schema-graph\">{\"@context\":\"https:\\\/\\\/schema.org\",\"@graph\":[{\"@type\":\"WebPage\",\"@id\":\"https:\\\/\\\/ksproducts.ca\\\/product\\\/the-aqua-training-bag-replacement-fill-kit\\\/\",\"url\":\"https:\\\/\\\/ksproducts.ca\\\/product\\\/the-aqua-training-bag-replacement-fill-kit\\\/\",\"name\":\"The Aqua Training Bag\u00ae Replacement Fill Kit - Ks Products\",\"isPartOf\":{\"@id\":\"https:\\\/\\\/ksproducts.ca\\\/#website\"},\"primaryImageOfPage\":{\"@id\":\"https:\\\/\\\/ksproducts.ca\\\/product\\\/the-aqua-training-bag-replacement-fill-kit\\\/#primaryimage\"},\"image\":{\"@id\":\"https:\\\/\\\/ksproducts.ca\\\/product\\\/the-aqua-training-bag-replacement-fill-kit\\\/#primaryimage\"},\"thumbnailUrl\":\"https:\\\/\\\/ksproducts.ca\\\/wp-content\\\/uploads\\\/2022\\\/08\\\/aqua-replacement-fill-kit-1-jpg.webp\",\"datePublished\":\"2022-08-16T22:31:58+00:00\",\"dateModified\":\"2025-09-17T19:47:13+00:00\",\"description\":\"If you misplaced the original fill kit or need an extra, this is the only replacement fill kit that fits Aqua Training Bags.\",\"breadcrumb\":{\"@id\":\"https:\\\/\\\/ksproducts.ca\\\/product\\\/the-aqua-training-bag-replacement-fill-kit\\\/#breadcrumb\"},\"inLanguage\":\"fr-CA\",\"potentialAction\":[{\"@type\":\"ReadAction\",\"target\":[\"https:\\\/\\\/ksproducts.ca\\\/product\\\/the-aqua-training-bag-replacement-fill-kit\\\/\"]}]},{\"@type\":\"ImageObject\",\"inLanguage\":\"fr-CA\",\"@id\":\"https:\\\/\\\/ksproducts.ca\\\/product\\\/the-aqua-training-bag-replacement-fill-kit\\\/#primaryimage\",\"url\":\"https:\\\/\\\/ksproducts.ca\\\/wp-content\\\/uploads\\\/2022\\\/08\\\/aqua-replacement-fill-kit-1-jpg.webp\",\"contentUrl\":\"https:\\\/\\\/ksproducts.ca\\\/wp-content\\\/uploads\\\/2022\\\/08\\\/aqua-replacement-fill-kit-1-jpg.webp\",\"width\":800,\"height\":800,\"caption\":\"aqua replacement fill kit 1 jpg\"},{\"@type\":\"BreadcrumbList\",\"@id\":\"https:\\\/\\\/ksproducts.ca\\\/product\\\/the-aqua-training-bag-replacement-fill-kit\\\/#breadcrumb\",\"itemListElement\":[{\"@type\":\"ListItem\",\"position\":1,\"name\":\"Home\",\"item\":\"https:\\\/\\\/ksproducts.ca\\\/\"},{\"@type\":\"ListItem\",\"position\":2,\"name\":\"Shop\",\"item\":\"https:\\\/\\\/ksproducts.ca\\\/shop\\\/\"},{\"@type\":\"ListItem\",\"position\":3,\"name\":\"The Aqua Training Bag\u00ae Replacement Fill Kit\"}]},{\"@type\":\"WebSite\",\"@id\":\"https:\\\/\\\/ksproducts.ca\\\/#website\",\"url\":\"https:\\\/\\\/ksproducts.ca\\\/\",\"name\":\"Ks Products\",\"description\":\"Outdoor cooking and living, made easy in Canada\",\"publisher\":{\"@id\":\"https:\\\/\\\/ksproducts.ca\\\/#organization\"},\"potentialAction\":[{\"@type\":\"SearchAction\",\"target\":{\"@type\":\"EntryPoint\",\"urlTemplate\":\"https:\\\/\\\/ksproducts.ca\\\/?s={search_term_string}\"},\"query-input\":{\"@type\":\"PropertyValueSpecification\",\"valueRequired\":true,\"valueName\":\"search_term_string\"}}],\"inLanguage\":\"fr-CA\"},{\"@type\":\"Organization\",\"@id\":\"https:\\\/\\\/ksproducts.ca\\\/#organization\",\"name\":\"Ks Products\",\"url\":\"https:\\\/\\\/ksproducts.ca\\\/\",\"logo\":{\"@type\":\"ImageObject\",\"inLanguage\":\"fr-CA\",\"@id\":\"https:\\\/\\\/ksproducts.ca\\\/#\\\/schema\\\/logo\\\/image\\\/\",\"url\":\"https:\\\/\\\/ksproducts.ca\\\/wp-content\\\/uploads\\\/2023\\\/09\\\/Kennedy-Sales-Logo-header-1.png\",\"contentUrl\":\"https:\\\/\\\/ksproducts.ca\\\/wp-content\\\/uploads\\\/2023\\\/09\\\/Kennedy-Sales-Logo-header-1.png\",\"width\":150,\"height\":77,\"caption\":\"Ks Products\"},\"image\":{\"@id\":\"https:\\\/\\\/ksproducts.ca\\\/#\\\/schema\\\/logo\\\/image\\\/\"}}]}<\/script>\n<!-- \/ Yoast SEO plugin. -->","yoast_head_json":{"title":"Kit de remplissage de remplacement du Aqua Training Bag\u00ae - Ks Products","description":"Si vous avez \u00e9gar\u00e9 le kit de remplissage d'origine ou si vous avez besoin d'un kit suppl\u00e9mentaire, il s'agit du seul kit de remplacement compatible avec les sacs d'entra\u00eenement Aqua.","robots":{"index":"index","follow":"follow","max-snippet":"max-snippet:-1","max-image-preview":"max-image-preview:large","max-video-preview":"max-video-preview:-1"},"canonical":"https:\/\/ksproducts.ca\/fr\/product\/le-kit-de-remplacement-du-sac-dentrainement-aqua\/","og_locale":"fr_CA","og_type":"article","og_title":"The Aqua Training Bag\u00ae Replacement Fill Kit - Ks Products","og_description":"If you misplaced the original fill kit or need an extra, this is the only replacement fill kit that fits Aqua Training Bags.","og_url":"https:\/\/ksproducts.ca\/fr\/product\/le-kit-de-remplacement-du-sac-dentrainement-aqua\/","og_site_name":"Ks Products","article_modified_time":"2025-09-17T19:47:13+00:00","og_image":[{"width":800,"height":800,"url":"https:\/\/ksproducts.ca\/wp-content\/uploads\/2022\/08\/aqua-replacement-fill-kit-1-jpg.webp","type":"image\/jpeg"}],"twitter_card":"summary_large_image","twitter_misc":{"Estimation du temps de lecture":"2 minutes"},"schema":{"@context":"https:\/\/schema.org","@graph":[{"@type":"WebPage","@id":"https:\/\/ksproducts.ca\/product\/the-aqua-training-bag-replacement-fill-kit\/","url":"https:\/\/ksproducts.ca\/product\/the-aqua-training-bag-replacement-fill-kit\/","name":"Kit de remplissage de remplacement du Aqua Training Bag\u00ae - Ks Products","isPartOf":{"@id":"https:\/\/ksproducts.ca\/#website"},"primaryImageOfPage":{"@id":"https:\/\/ksproducts.ca\/product\/the-aqua-training-bag-replacement-fill-kit\/#primaryimage"},"image":{"@id":"https:\/\/ksproducts.ca\/product\/the-aqua-training-bag-replacement-fill-kit\/#primaryimage"},"thumbnailUrl":"https:\/\/ksproducts.ca\/wp-content\/uploads\/2022\/08\/aqua-replacement-fill-kit-1-jpg.webp","datePublished":"2022-08-16T22:31:58+00:00","dateModified":"2025-09-17T19:47:13+00:00","description":"Si vous avez \u00e9gar\u00e9 le kit de remplissage d'origine ou si vous avez besoin d'un kit suppl\u00e9mentaire, il s'agit du seul kit de remplacement compatible avec les sacs d'entra\u00eenement Aqua.","breadcrumb":{"@id":"https:\/\/ksproducts.ca\/product\/the-aqua-training-bag-replacement-fill-kit\/#breadcrumb"},"inLanguage":"fr-CA","potentialAction":[{"@type":"ReadAction","target":["https:\/\/ksproducts.ca\/product\/the-aqua-training-bag-replacement-fill-kit\/"]}]},{"@type":"ImageObject","inLanguage":"fr-CA","@id":"https:\/\/ksproducts.ca\/product\/the-aqua-training-bag-replacement-fill-kit\/#primaryimage","url":"https:\/\/ksproducts.ca\/wp-content\/uploads\/2022\/08\/aqua-replacement-fill-kit-1-jpg.webp","contentUrl":"https:\/\/ksproducts.ca\/wp-content\/uploads\/2022\/08\/aqua-replacement-fill-kit-1-jpg.webp","width":800,"height":800,"caption":"aqua replacement fill kit 1 jpg"},{"@type":"BreadcrumbList","@id":"https:\/\/ksproducts.ca\/product\/the-aqua-training-bag-replacement-fill-kit\/#breadcrumb","itemListElement":[{"@type":"ListItem","position":1,"name":"Home","item":"https:\/\/ksproducts.ca\/"},{"@type":"ListItem","position":2,"name":"Shop","item":"https:\/\/ksproducts.ca\/shop\/"},{"@type":"ListItem","position":3,"name":"The Aqua Training Bag\u00ae Replacement Fill Kit"}]},{"@type":"WebSite","@id":"https:\/\/ksproducts.ca\/#website","url":"https:\/\/ksproducts.ca\/","name":"Produits Ks","description":"Cuisiner et vivre en plein air, c'est facile au Canada","publisher":{"@id":"https:\/\/ksproducts.ca\/#organization"},"potentialAction":[{"@type":"SearchAction","target":{"@type":"EntryPoint","urlTemplate":"https:\/\/ksproducts.ca\/?s={search_term_string}"},"query-input":{"@type":"PropertyValueSpecification","valueRequired":true,"valueName":"search_term_string"}}],"inLanguage":"fr-CA"},{"@type":"Organization","@id":"https:\/\/ksproducts.ca\/#organization","name":"Produits Ks","url":"https:\/\/ksproducts.ca\/","logo":{"@type":"ImageObject","inLanguage":"fr-CA","@id":"https:\/\/ksproducts.ca\/#\/schema\/logo\/image\/","url":"https:\/\/ksproducts.ca\/wp-content\/uploads\/2023\/09\/Kennedy-Sales-Logo-header-1.png","contentUrl":"https:\/\/ksproducts.ca\/wp-content\/uploads\/2023\/09\/Kennedy-Sales-Logo-header-1.png","width":150,"height":77,"caption":"Ks Products"},"image":{"@id":"https:\/\/ksproducts.ca\/#\/schema\/logo\/image\/"}}]}},"_links":{"self":[{"href":"https:\/\/ksproducts.ca\/fr\/wp-json\/wp\/v2\/product\/5238","targetHints":{"allow":["GET"]}}],"collection":[{"href":"https:\/\/ksproducts.ca\/fr\/wp-json\/wp\/v2\/product"}],"about":[{"href":"https:\/\/ksproducts.ca\/fr\/wp-json\/wp\/v2\/types\/product"}],"replies":[{"embeddable":true,"href":"https:\/\/ksproducts.ca\/fr\/wp-json\/wp\/v2\/comments?post=5238"}],"version-history":[{"count":1,"href":"https:\/\/ksproducts.ca\/fr\/wp-json\/wp\/v2\/product\/5238\/revisions"}],"predecessor-version":[{"id":10140,"href":"https:\/\/ksproducts.ca\/fr\/wp-json\/wp\/v2\/product\/5238\/revisions\/10140"}],"wp:featuredmedia":[{"embeddable":true,"href":"https:\/\/ksproducts.ca\/fr\/wp-json\/wp\/v2\/media\/5239"}],"wp:attachment":[{"href":"https:\/\/ksproducts.ca\/fr\/wp-json\/wp\/v2\/media?parent=5238"}],"wp:term":[{"taxonomy":"product_cat","embeddable":true,"href":"https:\/\/ksproducts.ca\/fr\/wp-json\/wp\/v2\/product_cat?post=5238"},{"taxonomy":"product_tag","embeddable":true,"href":"https:\/\/ksproducts.ca\/fr\/wp-json\/wp\/v2\/product_tag?post=5238"}],"curies":[{"name":"wp","href":"https:\/\/api.w.org\/{rel}","templated":true}]}}