{"id":5469,"date":"2023-03-27T20:33:55","date_gmt":"2023-03-27T20:33:55","guid":{"rendered":"https:\/\/ksproducts.ca\/product\/28-griddle-cooking-station\/"},"modified":"2026-04-03T20:18:53","modified_gmt":"2026-04-03T20:18:53","slug":"28-station-de-cuisson-a-la-plancha","status":"publish","type":"product","link":"https:\/\/ksproducts.ca\/fr\/product\/28-griddle-cooking-station\/","title":{"rendered":"Station de cuisson Blackstone 28inch Griddle"},"content":{"rendered":"<ul>\n<li>34 000 BTU de chaleur gr\u00e2ce \u00e0 deux br\u00fbleurs de type H<\/li>\n<li>Surface de cuisson de 448 pouces carr\u00e9s<\/li>\n<li>Plaque de cuisson en acier lamin\u00e9 \u00e0 froid de calibre 10<\/li>\n<li>2 commandes de chaleur r\u00e9glables avec allumeur int\u00e9gr\u00e9<\/li>\n<li>Syst\u00e8me de gestion de la graisse \u00e0 l'arri\u00e8re<\/li>\n<li>Powder-coated steel frame\u00a0with commercial caster wheels<\/li>\n<li>Fixations pour r\u00e9servoirs de propane<\/li>\n<li>1 (une) \u00e9tag\u00e8re lat\u00e9rale et 1 (un) plateau inf\u00e9rieur pour servir les repas et ranger le mat\u00e9riel<\/li>\n<\/ul>","protected":false},"excerpt":{"rendered":"<p>Une grande puissance dans un design compact, le <strong data-start=\"501\" data-end=\"540\">Blackstone 28\u2033 2-Burner Gas Griddle (gril \u00e0 gaz)<\/strong> paquets <strong data-start=\"547\" data-end=\"562\">34 000 BTU<\/strong> et une surface de cuisson suffisamment grande pour nourrir une foule. Une construction durable et un syst\u00e8me de gestion des graisses \u00e0 l'arri\u00e8re permettent de cuisiner et de nettoyer rapidement et sans probl\u00e8me, quel que soit l'endroit o\u00f9 l'on met le feu.<\/p>","protected":false},"featured_media":5470,"comment_status":"closed","ping_status":"closed","template":"","meta":[],"product_cat":[405,394],"product_tag":[],"class_list":{"0":"post-5469","1":"product","2":"type-product","3":"status-publish","4":"has-post-thumbnail","6":"product_brand-blackstone","7":"product_cat-28-inch-griddle","8":"product_cat-griddles-2","9":"product_shipping_class-class-5","11":"first","12":"instock","13":"purchasable","14":"product-type-simple"},"yoast_head":"<!-- This site is optimized with the Yoast SEO plugin v27.3 - https:\/\/yoast.com\/product\/yoast-seo-wordpress\/ -->\n<title>Blackstone 28inch Griddle Cooking Station - Ks Products<\/title>\n<meta name=\"robots\" content=\"index, follow, max-snippet:-1, max-image-preview:large, max-video-preview:-1\" \/>\n<link rel=\"canonical\" href=\"https:\/\/ksproducts.ca\/fr\/product\/28-station-de-cuisson-a-la-plancha\/\" \/>\n<meta property=\"og:locale\" content=\"fr_CA\" \/>\n<meta property=\"og:type\" content=\"article\" \/>\n<meta property=\"og:title\" content=\"Blackstone 28inch Griddle Cooking Station - Ks Products\" \/>\n<meta property=\"og:description\" content=\"Big power in a compact design, the Blackstone 28&quot; 2-Burner Gas Griddle packs 34,000 BTUs and a cooking surface large enough to feed a crowd. Durable construction and a rear grease management system make cooking and cleanup fast and hassle-free\u2014wherever you fire it up.\" \/>\n<meta property=\"og:url\" content=\"https:\/\/ksproducts.ca\/fr\/product\/28-station-de-cuisson-a-la-plancha\/\" \/>\n<meta property=\"og:site_name\" content=\"Ks Products\" \/>\n<meta property=\"article:modified_time\" content=\"2026-04-03T20:18:53+00:00\" \/>\n<meta property=\"og:image\" content=\"https:\/\/ksproducts.ca\/wp-content\/uploads\/2023\/03\/1517-1-jpg.webp\" \/>\n\t<meta property=\"og:image:width\" content=\"800\" \/>\n\t<meta property=\"og:image:height\" content=\"640\" \/>\n\t<meta property=\"og:image:type\" content=\"image\/jpeg\" \/>\n<meta name=\"twitter:card\" content=\"summary_large_image\" \/>\n<meta name=\"twitter:label1\" content=\"Estimation du temps de lecture\" \/>\n\t<meta name=\"twitter:data1\" content=\"1 minute\" \/>\n<script type=\"application\/ld+json\" class=\"yoast-schema-graph\">{\"@context\":\"https:\\\/\\\/schema.org\",\"@graph\":[{\"@type\":\"WebPage\",\"@id\":\"https:\\\/\\\/ksproducts.ca\\\/product\\\/28-griddle-cooking-station\\\/\",\"url\":\"https:\\\/\\\/ksproducts.ca\\\/product\\\/28-griddle-cooking-station\\\/\",\"name\":\"Blackstone 28inch Griddle Cooking Station - Ks Products\",\"isPartOf\":{\"@id\":\"https:\\\/\\\/ksproducts.ca\\\/#website\"},\"primaryImageOfPage\":{\"@id\":\"https:\\\/\\\/ksproducts.ca\\\/product\\\/28-griddle-cooking-station\\\/#primaryimage\"},\"image\":{\"@id\":\"https:\\\/\\\/ksproducts.ca\\\/product\\\/28-griddle-cooking-station\\\/#primaryimage\"},\"thumbnailUrl\":\"https:\\\/\\\/ksproducts.ca\\\/wp-content\\\/uploads\\\/2023\\\/03\\\/1517-1-jpg.webp\",\"datePublished\":\"2023-03-27T20:33:55+00:00\",\"dateModified\":\"2026-04-03T20:18:53+00:00\",\"breadcrumb\":{\"@id\":\"https:\\\/\\\/ksproducts.ca\\\/product\\\/28-griddle-cooking-station\\\/#breadcrumb\"},\"inLanguage\":\"fr-CA\",\"potentialAction\":[{\"@type\":\"ReadAction\",\"target\":[\"https:\\\/\\\/ksproducts.ca\\\/product\\\/28-griddle-cooking-station\\\/\"]}]},{\"@type\":\"ImageObject\",\"inLanguage\":\"fr-CA\",\"@id\":\"https:\\\/\\\/ksproducts.ca\\\/product\\\/28-griddle-cooking-station\\\/#primaryimage\",\"url\":\"https:\\\/\\\/ksproducts.ca\\\/wp-content\\\/uploads\\\/2023\\\/03\\\/1517-1-jpg.webp\",\"contentUrl\":\"https:\\\/\\\/ksproducts.ca\\\/wp-content\\\/uploads\\\/2023\\\/03\\\/1517-1-jpg.webp\",\"width\":800,\"height\":640,\"caption\":\"1517 1 jpg\"},{\"@type\":\"BreadcrumbList\",\"@id\":\"https:\\\/\\\/ksproducts.ca\\\/product\\\/28-griddle-cooking-station\\\/#breadcrumb\",\"itemListElement\":[{\"@type\":\"ListItem\",\"position\":1,\"name\":\"Home\",\"item\":\"https:\\\/\\\/ksproducts.ca\\\/\"},{\"@type\":\"ListItem\",\"position\":2,\"name\":\"Shop\",\"item\":\"https:\\\/\\\/ksproducts.ca\\\/shop\\\/\"},{\"@type\":\"ListItem\",\"position\":3,\"name\":\"Blackstone 28inch Griddle Cooking Station\"}]},{\"@type\":\"WebSite\",\"@id\":\"https:\\\/\\\/ksproducts.ca\\\/#website\",\"url\":\"https:\\\/\\\/ksproducts.ca\\\/\",\"name\":\"Ks Products\",\"description\":\"Outdoor cooking and living, made easy in Canada\",\"publisher\":{\"@id\":\"https:\\\/\\\/ksproducts.ca\\\/#organization\"},\"potentialAction\":[{\"@type\":\"SearchAction\",\"target\":{\"@type\":\"EntryPoint\",\"urlTemplate\":\"https:\\\/\\\/ksproducts.ca\\\/?s={search_term_string}\"},\"query-input\":{\"@type\":\"PropertyValueSpecification\",\"valueRequired\":true,\"valueName\":\"search_term_string\"}}],\"inLanguage\":\"fr-CA\"},{\"@type\":\"Organization\",\"@id\":\"https:\\\/\\\/ksproducts.ca\\\/#organization\",\"name\":\"Ks Products\",\"url\":\"https:\\\/\\\/ksproducts.ca\\\/\",\"logo\":{\"@type\":\"ImageObject\",\"inLanguage\":\"fr-CA\",\"@id\":\"https:\\\/\\\/ksproducts.ca\\\/#\\\/schema\\\/logo\\\/image\\\/\",\"url\":\"https:\\\/\\\/ksproducts.ca\\\/wp-content\\\/uploads\\\/2023\\\/09\\\/Kennedy-Sales-Logo-header-1.png\",\"contentUrl\":\"https:\\\/\\\/ksproducts.ca\\\/wp-content\\\/uploads\\\/2023\\\/09\\\/Kennedy-Sales-Logo-header-1.png\",\"width\":150,\"height\":77,\"caption\":\"Ks Products\"},\"image\":{\"@id\":\"https:\\\/\\\/ksproducts.ca\\\/#\\\/schema\\\/logo\\\/image\\\/\"}}]}<\/script>\n<!-- \/ Yoast SEO plugin. -->","yoast_head_json":{"title":"Blackstone 28inch Griddle Cooking Station - Ks Products","robots":{"index":"index","follow":"follow","max-snippet":"max-snippet:-1","max-image-preview":"max-image-preview:large","max-video-preview":"max-video-preview:-1"},"canonical":"https:\/\/ksproducts.ca\/fr\/product\/28-station-de-cuisson-a-la-plancha\/","og_locale":"fr_CA","og_type":"article","og_title":"Blackstone 28inch Griddle Cooking Station - Ks Products","og_description":"Big power in a compact design, the Blackstone 28\" 2-Burner Gas Griddle packs 34,000 BTUs and a cooking surface large enough to feed a crowd. Durable construction and a rear grease management system make cooking and cleanup fast and hassle-free\u2014wherever you fire it up.","og_url":"https:\/\/ksproducts.ca\/fr\/product\/28-station-de-cuisson-a-la-plancha\/","og_site_name":"Ks Products","article_modified_time":"2026-04-03T20:18:53+00:00","og_image":[{"width":800,"height":640,"url":"https:\/\/ksproducts.ca\/wp-content\/uploads\/2023\/03\/1517-1-jpg.webp","type":"image\/jpeg"}],"twitter_card":"summary_large_image","twitter_misc":{"Estimation du temps de lecture":"1 minute"},"schema":{"@context":"https:\/\/schema.org","@graph":[{"@type":"WebPage","@id":"https:\/\/ksproducts.ca\/product\/28-griddle-cooking-station\/","url":"https:\/\/ksproducts.ca\/product\/28-griddle-cooking-station\/","name":"Blackstone 28inch Griddle Cooking Station - Ks Products","isPartOf":{"@id":"https:\/\/ksproducts.ca\/#website"},"primaryImageOfPage":{"@id":"https:\/\/ksproducts.ca\/product\/28-griddle-cooking-station\/#primaryimage"},"image":{"@id":"https:\/\/ksproducts.ca\/product\/28-griddle-cooking-station\/#primaryimage"},"thumbnailUrl":"https:\/\/ksproducts.ca\/wp-content\/uploads\/2023\/03\/1517-1-jpg.webp","datePublished":"2023-03-27T20:33:55+00:00","dateModified":"2026-04-03T20:18:53+00:00","breadcrumb":{"@id":"https:\/\/ksproducts.ca\/product\/28-griddle-cooking-station\/#breadcrumb"},"inLanguage":"fr-CA","potentialAction":[{"@type":"ReadAction","target":["https:\/\/ksproducts.ca\/product\/28-griddle-cooking-station\/"]}]},{"@type":"ImageObject","inLanguage":"fr-CA","@id":"https:\/\/ksproducts.ca\/product\/28-griddle-cooking-station\/#primaryimage","url":"https:\/\/ksproducts.ca\/wp-content\/uploads\/2023\/03\/1517-1-jpg.webp","contentUrl":"https:\/\/ksproducts.ca\/wp-content\/uploads\/2023\/03\/1517-1-jpg.webp","width":800,"height":640,"caption":"1517 1 jpg"},{"@type":"BreadcrumbList","@id":"https:\/\/ksproducts.ca\/product\/28-griddle-cooking-station\/#breadcrumb","itemListElement":[{"@type":"ListItem","position":1,"name":"Home","item":"https:\/\/ksproducts.ca\/"},{"@type":"ListItem","position":2,"name":"Shop","item":"https:\/\/ksproducts.ca\/shop\/"},{"@type":"ListItem","position":3,"name":"Blackstone 28inch Griddle Cooking Station"}]},{"@type":"WebSite","@id":"https:\/\/ksproducts.ca\/#website","url":"https:\/\/ksproducts.ca\/","name":"Produits Ks","description":"Cuisiner et vivre en plein air, c'est facile au Canada","publisher":{"@id":"https:\/\/ksproducts.ca\/#organization"},"potentialAction":[{"@type":"SearchAction","target":{"@type":"EntryPoint","urlTemplate":"https:\/\/ksproducts.ca\/?s={search_term_string}"},"query-input":{"@type":"PropertyValueSpecification","valueRequired":true,"valueName":"search_term_string"}}],"inLanguage":"fr-CA"},{"@type":"Organization","@id":"https:\/\/ksproducts.ca\/#organization","name":"Produits Ks","url":"https:\/\/ksproducts.ca\/","logo":{"@type":"ImageObject","inLanguage":"fr-CA","@id":"https:\/\/ksproducts.ca\/#\/schema\/logo\/image\/","url":"https:\/\/ksproducts.ca\/wp-content\/uploads\/2023\/09\/Kennedy-Sales-Logo-header-1.png","contentUrl":"https:\/\/ksproducts.ca\/wp-content\/uploads\/2023\/09\/Kennedy-Sales-Logo-header-1.png","width":150,"height":77,"caption":"Ks Products"},"image":{"@id":"https:\/\/ksproducts.ca\/#\/schema\/logo\/image\/"}}]}},"_links":{"self":[{"href":"https:\/\/ksproducts.ca\/fr\/wp-json\/wp\/v2\/product\/5469","targetHints":{"allow":["GET"]}}],"collection":[{"href":"https:\/\/ksproducts.ca\/fr\/wp-json\/wp\/v2\/product"}],"about":[{"href":"https:\/\/ksproducts.ca\/fr\/wp-json\/wp\/v2\/types\/product"}],"replies":[{"embeddable":true,"href":"https:\/\/ksproducts.ca\/fr\/wp-json\/wp\/v2\/comments?post=5469"}],"version-history":[{"count":3,"href":"https:\/\/ksproducts.ca\/fr\/wp-json\/wp\/v2\/product\/5469\/revisions"}],"predecessor-version":[{"id":10734,"href":"https:\/\/ksproducts.ca\/fr\/wp-json\/wp\/v2\/product\/5469\/revisions\/10734"}],"wp:featuredmedia":[{"embeddable":true,"href":"https:\/\/ksproducts.ca\/fr\/wp-json\/wp\/v2\/media\/5470"}],"wp:attachment":[{"href":"https:\/\/ksproducts.ca\/fr\/wp-json\/wp\/v2\/media?parent=5469"}],"wp:term":[{"taxonomy":"product_cat","embeddable":true,"href":"https:\/\/ksproducts.ca\/fr\/wp-json\/wp\/v2\/product_cat?post=5469"},{"taxonomy":"product_tag","embeddable":true,"href":"https:\/\/ksproducts.ca\/fr\/wp-json\/wp\/v2\/product_tag?post=5469"}],"curies":[{"name":"wp","href":"https:\/\/api.w.org\/{rel}","templated":true}]}}