{"id":5474,"date":"2023-03-27T20:33:55","date_gmt":"2023-03-27T20:33:55","guid":{"rendered":"https:\/\/ksproducts.ca\/product\/28-griddle-grill-or-tailgater-combo-cover\/"},"modified":"2026-04-03T20:18:37","modified_gmt":"2026-04-03T20:18:37","slug":"28-housse-de-gril-ou-de-tailgater-combo","status":"publish","type":"product","link":"https:\/\/ksproducts.ca\/fr\/product\/28-griddle-grill-or-tailgater-combo-cover\/","title":{"rendered":"Blackstone Original Series Classic Cover for 28inch Griddle with Single Shelf (Couvercle classique pour gril de 28 pouces avec une seule \u00e9tag\u00e8re)"},"content":{"rendered":"<ul>\n<li style=\"list-style-type: none;\">\n<ul>\n<li>Con\u00e7ue sur mesure pour s'adapter \u00e0 la plaque de cuisson Blackstone 28\u201d avec \u00e9tag\u00e8re attach\u00e9e<\/li>\n<li>Convient \u00e9galement au Blackstone Tailgater<\/li>\n<li>Toile double couche r\u00e9sistante aux intemp\u00e9ries<\/li>\n<li>Fabriqu\u00e9 en toile tr\u00e8s r\u00e9sistante<\/li>\n<li>Coins renforc\u00e9s<\/li>\n<li>Se fixe solidement sous la base du gril<\/li>\n<li>Cette housse est \u00e9galement compatible avec le Blackstone Tailgater.<\/li>\n<\/ul>\n<\/li>\n<\/ul>\n<p><strong>Note: Does not fit any 28&#8243; griddle with hood or two side shelves<\/strong><\/p>","protected":false},"excerpt":{"rendered":"<p>Prot\u00e9gez votre station de cuisson Blackstone 28\u2033 Griddle par tous les temps gr\u00e2ce \u00e0 cette housse r\u00e9sistante. Construite pour r\u00e9sister aux \u00e9l\u00e9ments, elle est dot\u00e9e de boucles en poly-r\u00e9sine durables qui se clipsent sous la couverture pour la maintenir en place.<\/p>","protected":false},"featured_media":5475,"comment_status":"closed","ping_status":"closed","template":"","meta":[],"product_cat":[436,437],"product_tag":[],"class_list":{"0":"post-5474","1":"product","2":"type-product","3":"status-publish","4":"has-post-thumbnail","6":"product_brand-blackstone","7":"product_cat-accessories","8":"product_cat-covers-cases","9":"product_shipping_class-class-1","11":"first","12":"instock","13":"purchasable","14":"product-type-simple"},"yoast_head":"<!-- This site is optimized with the Yoast SEO plugin v27.3 - https:\/\/yoast.com\/product\/yoast-seo-wordpress\/ -->\n<title>Blackstone Original Series Classic Cover for 28inch Griddle with Single Shelf - Ks Products<\/title>\n<meta name=\"robots\" content=\"index, follow, max-snippet:-1, max-image-preview:large, max-video-preview:-1\" \/>\n<link rel=\"canonical\" href=\"https:\/\/ksproducts.ca\/fr\/product\/28-housse-de-gril-ou-de-tailgater-combo\/\" \/>\n<meta property=\"og:locale\" content=\"fr_CA\" \/>\n<meta property=\"og:type\" content=\"article\" \/>\n<meta property=\"og:title\" content=\"Blackstone Original Series Classic Cover for 28inch Griddle with Single Shelf - Ks Products\" \/>\n<meta property=\"og:description\" content=\"Keep your 28&quot; Blackstone Griddle Cooking Station protected in any weather with this heavy-duty cover. Built to withstand the elements, it features durable poly-resin buckles that clip underneath to keep the cover secure.\" \/>\n<meta property=\"og:url\" content=\"https:\/\/ksproducts.ca\/fr\/product\/28-housse-de-gril-ou-de-tailgater-combo\/\" \/>\n<meta property=\"og:site_name\" content=\"Ks Products\" \/>\n<meta property=\"article:modified_time\" content=\"2026-04-03T20:18:37+00:00\" \/>\n<meta property=\"og:image\" content=\"https:\/\/ksproducts.ca\/wp-content\/uploads\/2023\/03\/1529-2-1-jpg.webp\" \/>\n\t<meta property=\"og:image:width\" content=\"800\" \/>\n\t<meta property=\"og:image:height\" content=\"640\" \/>\n\t<meta property=\"og:image:type\" content=\"image\/jpeg\" \/>\n<meta name=\"twitter:card\" content=\"summary_large_image\" \/>\n<meta name=\"twitter:label1\" content=\"Estimation du temps de lecture\" \/>\n\t<meta name=\"twitter:data1\" content=\"1 minute\" \/>\n<script type=\"application\/ld+json\" class=\"yoast-schema-graph\">{\"@context\":\"https:\\\/\\\/schema.org\",\"@graph\":[{\"@type\":\"WebPage\",\"@id\":\"https:\\\/\\\/ksproducts.ca\\\/product\\\/28-griddle-grill-or-tailgater-combo-cover\\\/\",\"url\":\"https:\\\/\\\/ksproducts.ca\\\/product\\\/28-griddle-grill-or-tailgater-combo-cover\\\/\",\"name\":\"Blackstone Original Series Classic Cover for 28inch Griddle with Single Shelf - Ks Products\",\"isPartOf\":{\"@id\":\"https:\\\/\\\/ksproducts.ca\\\/#website\"},\"primaryImageOfPage\":{\"@id\":\"https:\\\/\\\/ksproducts.ca\\\/product\\\/28-griddle-grill-or-tailgater-combo-cover\\\/#primaryimage\"},\"image\":{\"@id\":\"https:\\\/\\\/ksproducts.ca\\\/product\\\/28-griddle-grill-or-tailgater-combo-cover\\\/#primaryimage\"},\"thumbnailUrl\":\"https:\\\/\\\/ksproducts.ca\\\/wp-content\\\/uploads\\\/2023\\\/03\\\/1529-2-1-jpg.webp\",\"datePublished\":\"2023-03-27T20:33:55+00:00\",\"dateModified\":\"2026-04-03T20:18:37+00:00\",\"breadcrumb\":{\"@id\":\"https:\\\/\\\/ksproducts.ca\\\/product\\\/28-griddle-grill-or-tailgater-combo-cover\\\/#breadcrumb\"},\"inLanguage\":\"fr-CA\",\"potentialAction\":[{\"@type\":\"ReadAction\",\"target\":[\"https:\\\/\\\/ksproducts.ca\\\/product\\\/28-griddle-grill-or-tailgater-combo-cover\\\/\"]}]},{\"@type\":\"ImageObject\",\"inLanguage\":\"fr-CA\",\"@id\":\"https:\\\/\\\/ksproducts.ca\\\/product\\\/28-griddle-grill-or-tailgater-combo-cover\\\/#primaryimage\",\"url\":\"https:\\\/\\\/ksproducts.ca\\\/wp-content\\\/uploads\\\/2023\\\/03\\\/1529-2-1-jpg.webp\",\"contentUrl\":\"https:\\\/\\\/ksproducts.ca\\\/wp-content\\\/uploads\\\/2023\\\/03\\\/1529-2-1-jpg.webp\",\"width\":800,\"height\":640,\"caption\":\"1529 2 1 jpg\"},{\"@type\":\"BreadcrumbList\",\"@id\":\"https:\\\/\\\/ksproducts.ca\\\/product\\\/28-griddle-grill-or-tailgater-combo-cover\\\/#breadcrumb\",\"itemListElement\":[{\"@type\":\"ListItem\",\"position\":1,\"name\":\"Home\",\"item\":\"https:\\\/\\\/ksproducts.ca\\\/\"},{\"@type\":\"ListItem\",\"position\":2,\"name\":\"Shop\",\"item\":\"https:\\\/\\\/ksproducts.ca\\\/shop\\\/\"},{\"@type\":\"ListItem\",\"position\":3,\"name\":\"Blackstone Original Series Classic Cover for 28inch Griddle with Single Shelf\"}]},{\"@type\":\"WebSite\",\"@id\":\"https:\\\/\\\/ksproducts.ca\\\/#website\",\"url\":\"https:\\\/\\\/ksproducts.ca\\\/\",\"name\":\"Ks Products\",\"description\":\"Outdoor cooking and living, made easy in Canada\",\"publisher\":{\"@id\":\"https:\\\/\\\/ksproducts.ca\\\/#organization\"},\"potentialAction\":[{\"@type\":\"SearchAction\",\"target\":{\"@type\":\"EntryPoint\",\"urlTemplate\":\"https:\\\/\\\/ksproducts.ca\\\/?s={search_term_string}\"},\"query-input\":{\"@type\":\"PropertyValueSpecification\",\"valueRequired\":true,\"valueName\":\"search_term_string\"}}],\"inLanguage\":\"fr-CA\"},{\"@type\":\"Organization\",\"@id\":\"https:\\\/\\\/ksproducts.ca\\\/#organization\",\"name\":\"Ks Products\",\"url\":\"https:\\\/\\\/ksproducts.ca\\\/\",\"logo\":{\"@type\":\"ImageObject\",\"inLanguage\":\"fr-CA\",\"@id\":\"https:\\\/\\\/ksproducts.ca\\\/#\\\/schema\\\/logo\\\/image\\\/\",\"url\":\"https:\\\/\\\/ksproducts.ca\\\/wp-content\\\/uploads\\\/2023\\\/09\\\/Kennedy-Sales-Logo-header-1.png\",\"contentUrl\":\"https:\\\/\\\/ksproducts.ca\\\/wp-content\\\/uploads\\\/2023\\\/09\\\/Kennedy-Sales-Logo-header-1.png\",\"width\":150,\"height\":77,\"caption\":\"Ks Products\"},\"image\":{\"@id\":\"https:\\\/\\\/ksproducts.ca\\\/#\\\/schema\\\/logo\\\/image\\\/\"}}]}<\/script>\n<!-- \/ Yoast SEO plugin. -->","yoast_head_json":{"title":"Blackstone Original Series Classic Cover for 28inch Griddle with Single Shelf - Ks Products","robots":{"index":"index","follow":"follow","max-snippet":"max-snippet:-1","max-image-preview":"max-image-preview:large","max-video-preview":"max-video-preview:-1"},"canonical":"https:\/\/ksproducts.ca\/fr\/product\/28-housse-de-gril-ou-de-tailgater-combo\/","og_locale":"fr_CA","og_type":"article","og_title":"Blackstone Original Series Classic Cover for 28inch Griddle with Single Shelf - Ks Products","og_description":"Keep your 28\" Blackstone Griddle Cooking Station protected in any weather with this heavy-duty cover. Built to withstand the elements, it features durable poly-resin buckles that clip underneath to keep the cover secure.","og_url":"https:\/\/ksproducts.ca\/fr\/product\/28-housse-de-gril-ou-de-tailgater-combo\/","og_site_name":"Ks Products","article_modified_time":"2026-04-03T20:18:37+00:00","og_image":[{"width":800,"height":640,"url":"https:\/\/ksproducts.ca\/wp-content\/uploads\/2023\/03\/1529-2-1-jpg.webp","type":"image\/jpeg"}],"twitter_card":"summary_large_image","twitter_misc":{"Estimation du temps de lecture":"1 minute"},"schema":{"@context":"https:\/\/schema.org","@graph":[{"@type":"WebPage","@id":"https:\/\/ksproducts.ca\/product\/28-griddle-grill-or-tailgater-combo-cover\/","url":"https:\/\/ksproducts.ca\/product\/28-griddle-grill-or-tailgater-combo-cover\/","name":"Blackstone Original Series Classic Cover for 28inch Griddle with Single Shelf - Ks Products","isPartOf":{"@id":"https:\/\/ksproducts.ca\/#website"},"primaryImageOfPage":{"@id":"https:\/\/ksproducts.ca\/product\/28-griddle-grill-or-tailgater-combo-cover\/#primaryimage"},"image":{"@id":"https:\/\/ksproducts.ca\/product\/28-griddle-grill-or-tailgater-combo-cover\/#primaryimage"},"thumbnailUrl":"https:\/\/ksproducts.ca\/wp-content\/uploads\/2023\/03\/1529-2-1-jpg.webp","datePublished":"2023-03-27T20:33:55+00:00","dateModified":"2026-04-03T20:18:37+00:00","breadcrumb":{"@id":"https:\/\/ksproducts.ca\/product\/28-griddle-grill-or-tailgater-combo-cover\/#breadcrumb"},"inLanguage":"fr-CA","potentialAction":[{"@type":"ReadAction","target":["https:\/\/ksproducts.ca\/product\/28-griddle-grill-or-tailgater-combo-cover\/"]}]},{"@type":"ImageObject","inLanguage":"fr-CA","@id":"https:\/\/ksproducts.ca\/product\/28-griddle-grill-or-tailgater-combo-cover\/#primaryimage","url":"https:\/\/ksproducts.ca\/wp-content\/uploads\/2023\/03\/1529-2-1-jpg.webp","contentUrl":"https:\/\/ksproducts.ca\/wp-content\/uploads\/2023\/03\/1529-2-1-jpg.webp","width":800,"height":640,"caption":"1529 2 1 jpg"},{"@type":"BreadcrumbList","@id":"https:\/\/ksproducts.ca\/product\/28-griddle-grill-or-tailgater-combo-cover\/#breadcrumb","itemListElement":[{"@type":"ListItem","position":1,"name":"Home","item":"https:\/\/ksproducts.ca\/"},{"@type":"ListItem","position":2,"name":"Shop","item":"https:\/\/ksproducts.ca\/shop\/"},{"@type":"ListItem","position":3,"name":"Blackstone Original Series Classic Cover for 28inch Griddle with Single Shelf"}]},{"@type":"WebSite","@id":"https:\/\/ksproducts.ca\/#website","url":"https:\/\/ksproducts.ca\/","name":"Produits Ks","description":"Cuisiner et vivre en plein air, c'est facile au Canada","publisher":{"@id":"https:\/\/ksproducts.ca\/#organization"},"potentialAction":[{"@type":"SearchAction","target":{"@type":"EntryPoint","urlTemplate":"https:\/\/ksproducts.ca\/?s={search_term_string}"},"query-input":{"@type":"PropertyValueSpecification","valueRequired":true,"valueName":"search_term_string"}}],"inLanguage":"fr-CA"},{"@type":"Organization","@id":"https:\/\/ksproducts.ca\/#organization","name":"Produits Ks","url":"https:\/\/ksproducts.ca\/","logo":{"@type":"ImageObject","inLanguage":"fr-CA","@id":"https:\/\/ksproducts.ca\/#\/schema\/logo\/image\/","url":"https:\/\/ksproducts.ca\/wp-content\/uploads\/2023\/09\/Kennedy-Sales-Logo-header-1.png","contentUrl":"https:\/\/ksproducts.ca\/wp-content\/uploads\/2023\/09\/Kennedy-Sales-Logo-header-1.png","width":150,"height":77,"caption":"Ks Products"},"image":{"@id":"https:\/\/ksproducts.ca\/#\/schema\/logo\/image\/"}}]}},"_links":{"self":[{"href":"https:\/\/ksproducts.ca\/fr\/wp-json\/wp\/v2\/product\/5474","targetHints":{"allow":["GET"]}}],"collection":[{"href":"https:\/\/ksproducts.ca\/fr\/wp-json\/wp\/v2\/product"}],"about":[{"href":"https:\/\/ksproducts.ca\/fr\/wp-json\/wp\/v2\/types\/product"}],"replies":[{"embeddable":true,"href":"https:\/\/ksproducts.ca\/fr\/wp-json\/wp\/v2\/comments?post=5474"}],"version-history":[{"count":5,"href":"https:\/\/ksproducts.ca\/fr\/wp-json\/wp\/v2\/product\/5474\/revisions"}],"predecessor-version":[{"id":10752,"href":"https:\/\/ksproducts.ca\/fr\/wp-json\/wp\/v2\/product\/5474\/revisions\/10752"}],"wp:featuredmedia":[{"embeddable":true,"href":"https:\/\/ksproducts.ca\/fr\/wp-json\/wp\/v2\/media\/5475"}],"wp:attachment":[{"href":"https:\/\/ksproducts.ca\/fr\/wp-json\/wp\/v2\/media?parent=5474"}],"wp:term":[{"taxonomy":"product_cat","embeddable":true,"href":"https:\/\/ksproducts.ca\/fr\/wp-json\/wp\/v2\/product_cat?post=5474"},{"taxonomy":"product_tag","embeddable":true,"href":"https:\/\/ksproducts.ca\/fr\/wp-json\/wp\/v2\/product_tag?post=5474"}],"curies":[{"name":"wp","href":"https:\/\/api.w.org\/{rel}","templated":true}]}}