{"id":5488,"date":"2023-03-27T20:33:55","date_gmt":"2023-03-27T20:33:55","guid":{"rendered":"https:\/\/ksproducts.ca\/product\/22-tabletop-griddle-with-stainless-steel-front-plate\/"},"modified":"2026-04-12T10:33:47","modified_gmt":"2026-04-12T10:33:47","slug":"plancha-22-avec-plaque-frontale-en-acier-inoxydable","status":"publish","type":"product","link":"https:\/\/ksproducts.ca\/fr\/product\/22-tabletop-griddle-with-stainless-steel-front-plate\/","title":{"rendered":"Gril de table Blackstone 22inch Original Series"},"content":{"rendered":"<p>&nbsp;<\/p>\n<ol>\n<li style=\"list-style-type: none;\">\n<ul>\n<li>24 000 BTU de chaleur gr\u00e2ce \u00e0 deux br\u00fbleurs de type H<\/li>\n<\/ul>\n<\/li>\n<\/ol>\n<ul>\n<li style=\"list-style-type: none;\">\n<ul>\n<li>Surface de cuisson r\u00e9sistante de 339 pouces carr\u00e9s<\/li>\n<\/ul>\n<\/li>\n<\/ul>\n<ul>\n<li style=\"list-style-type: none;\">\n<ul>\n<li>Plaque de cuisson en acier lamin\u00e9 \u00e0 froid<\/li>\n<\/ul>\n<\/li>\n<\/ul>\n<ul>\n<li style=\"list-style-type: none;\">\n<ul>\n<li>2 commandes de chaleur r\u00e9glables avec allumeurs int\u00e9gr\u00e9s<\/li>\n<\/ul>\n<\/li>\n<\/ul>\n<ul>\n<li style=\"list-style-type: none;\">\n<ul>\n<li>Syst\u00e8me int\u00e9gr\u00e9 de gestion des graisses<\/li>\n<\/ul>\n<\/li>\n<\/ul>\n<ul>\n<li style=\"list-style-type: none;\">\n<ul>\n<li>Pieds en caoutchouc r\u00e9glables en hauteur pour une meilleure stabilit\u00e9 sur les surfaces irr\u00e9guli\u00e8res<\/li>\n<\/ul>\n<\/li>\n<\/ul>\n<ul>\n<li style=\"list-style-type: none;\"><\/li>\n<\/ul>\n<ul>\n<li style=\"list-style-type: none;\"><\/li>\n<\/ul>","protected":false},"excerpt":{"rendered":"<p>Le gril de table \u00e0 2 br\u00fbleurs au gaz 22\u201d de Blackstone peut \u00eatre emport\u00e9 partout \u00e0 l'ext\u00e9rieur pour des repas copieux et polyvalents. \u00c9quip\u00e9e de deux zones de chaleur ind\u00e9pendantes. Vous aurez le contr\u00f4le total de la plaque de 330 pouces carr\u00e9s pour une cuisson simultan\u00e9e \u00e0 basse et haute temp\u00e9rature.nnLes deux br\u00fbleurs de style \u201cH\u201d assurent une distribution uniforme de la chaleur pour une cuisson optimale sur toute la surface de la plancha. Stable sur toutes les surfaces, des collines herbeuses aux terrains boueux, pour que vous puissiez manger de d\u00e9licieux hamburgers, hot-dogs, steaks, \u0153ufs et bien plus encore ! Pas de stress - facile \u00e0 nettoyer et pour toute la famille.<\/p>","protected":false},"featured_media":5489,"comment_status":"closed","ping_status":"closed","template":"","meta":[],"product_cat":[403,394],"product_tag":[],"class_list":{"0":"post-5488","1":"product","2":"type-product","3":"status-publish","4":"has-post-thumbnail","6":"product_brand-blackstone","7":"product_cat-22-inch-griddle","8":"product_cat-griddles-2","9":"product_shipping_class-class-4","11":"first","12":"instock","13":"purchasable","14":"product-type-simple"},"yoast_head":"<!-- This site is optimized with the Yoast SEO plugin v27.3 - https:\/\/yoast.com\/product\/yoast-seo-wordpress\/ -->\n<title>Blackstone 22inch Original Series Tabletop Griddle - Ks Products<\/title>\n<meta name=\"robots\" content=\"index, follow, max-snippet:-1, max-image-preview:large, max-video-preview:-1\" \/>\n<link rel=\"canonical\" href=\"https:\/\/ksproducts.ca\/fr\/product\/plancha-22-avec-plaque-frontale-en-acier-inoxydable\/\" \/>\n<meta property=\"og:locale\" content=\"fr_CA\" \/>\n<meta property=\"og:type\" content=\"article\" \/>\n<meta property=\"og:title\" content=\"Blackstone 22inch Original Series Tabletop Griddle - Ks Products\" \/>\n<meta property=\"og:description\" content=\"Take the Blackstone 22&#039;&#039; Gas Tabletop 2 Burner Griddle anywhere outdoors for big and versatile meals. Equipped with two independently controlled heat zones. You\u2019ll have full control of the 330 sq. inch plate for simultaneous low and high heat cooking.nnThe two &quot;H&quot; style burners provide even heat distribution for optimal cooking across the whole griddle. Stable on any surface from grassy hills to muddy terrain, so you can eat up delicious burgers, hot dogs, steaks, eggs, and more! No stress - easy to clean and feeds the whole family.\" \/>\n<meta property=\"og:url\" content=\"https:\/\/ksproducts.ca\/fr\/product\/plancha-22-avec-plaque-frontale-en-acier-inoxydable\/\" \/>\n<meta property=\"og:site_name\" content=\"Ks Products\" \/>\n<meta property=\"article:modified_time\" content=\"2026-04-12T10:33:47+00:00\" \/>\n<meta property=\"og:image\" content=\"https:\/\/ksproducts.ca\/wp-content\/uploads\/2023\/03\/1666-6-jpg.webp\" \/>\n\t<meta property=\"og:image:width\" content=\"864\" \/>\n\t<meta property=\"og:image:height\" content=\"858\" \/>\n\t<meta property=\"og:image:type\" content=\"image\/jpeg\" \/>\n<meta name=\"twitter:card\" content=\"summary_large_image\" \/>\n<meta name=\"twitter:label1\" content=\"Estimation du temps de lecture\" \/>\n\t<meta name=\"twitter:data1\" content=\"1 minute\" \/>\n<script type=\"application\/ld+json\" class=\"yoast-schema-graph\">{\"@context\":\"https:\\\/\\\/schema.org\",\"@graph\":[{\"@type\":\"WebPage\",\"@id\":\"https:\\\/\\\/ksproducts.ca\\\/product\\\/22-tabletop-griddle-with-stainless-steel-front-plate\\\/\",\"url\":\"https:\\\/\\\/ksproducts.ca\\\/product\\\/22-tabletop-griddle-with-stainless-steel-front-plate\\\/\",\"name\":\"Blackstone 22inch Original Series Tabletop Griddle - Ks Products\",\"isPartOf\":{\"@id\":\"https:\\\/\\\/ksproducts.ca\\\/#website\"},\"primaryImageOfPage\":{\"@id\":\"https:\\\/\\\/ksproducts.ca\\\/product\\\/22-tabletop-griddle-with-stainless-steel-front-plate\\\/#primaryimage\"},\"image\":{\"@id\":\"https:\\\/\\\/ksproducts.ca\\\/product\\\/22-tabletop-griddle-with-stainless-steel-front-plate\\\/#primaryimage\"},\"thumbnailUrl\":\"https:\\\/\\\/ksproducts.ca\\\/wp-content\\\/uploads\\\/2023\\\/03\\\/1666-6-jpg.webp\",\"datePublished\":\"2023-03-27T20:33:55+00:00\",\"dateModified\":\"2026-04-12T10:33:47+00:00\",\"breadcrumb\":{\"@id\":\"https:\\\/\\\/ksproducts.ca\\\/product\\\/22-tabletop-griddle-with-stainless-steel-front-plate\\\/#breadcrumb\"},\"inLanguage\":\"fr-CA\",\"potentialAction\":[{\"@type\":\"ReadAction\",\"target\":[\"https:\\\/\\\/ksproducts.ca\\\/product\\\/22-tabletop-griddle-with-stainless-steel-front-plate\\\/\"]}]},{\"@type\":\"ImageObject\",\"inLanguage\":\"fr-CA\",\"@id\":\"https:\\\/\\\/ksproducts.ca\\\/product\\\/22-tabletop-griddle-with-stainless-steel-front-plate\\\/#primaryimage\",\"url\":\"https:\\\/\\\/ksproducts.ca\\\/wp-content\\\/uploads\\\/2023\\\/03\\\/1666-6-jpg.webp\",\"contentUrl\":\"https:\\\/\\\/ksproducts.ca\\\/wp-content\\\/uploads\\\/2023\\\/03\\\/1666-6-jpg.webp\",\"width\":864,\"height\":858,\"caption\":\"1666 6 jpg\"},{\"@type\":\"BreadcrumbList\",\"@id\":\"https:\\\/\\\/ksproducts.ca\\\/product\\\/22-tabletop-griddle-with-stainless-steel-front-plate\\\/#breadcrumb\",\"itemListElement\":[{\"@type\":\"ListItem\",\"position\":1,\"name\":\"Home\",\"item\":\"https:\\\/\\\/ksproducts.ca\\\/\"},{\"@type\":\"ListItem\",\"position\":2,\"name\":\"Shop\",\"item\":\"https:\\\/\\\/ksproducts.ca\\\/shop\\\/\"},{\"@type\":\"ListItem\",\"position\":3,\"name\":\"Blackstone 22inch Original Series Tabletop Griddle\"}]},{\"@type\":\"WebSite\",\"@id\":\"https:\\\/\\\/ksproducts.ca\\\/#website\",\"url\":\"https:\\\/\\\/ksproducts.ca\\\/\",\"name\":\"Ks Products\",\"description\":\"Outdoor cooking and living, made easy in Canada\",\"publisher\":{\"@id\":\"https:\\\/\\\/ksproducts.ca\\\/#organization\"},\"potentialAction\":[{\"@type\":\"SearchAction\",\"target\":{\"@type\":\"EntryPoint\",\"urlTemplate\":\"https:\\\/\\\/ksproducts.ca\\\/?s={search_term_string}\"},\"query-input\":{\"@type\":\"PropertyValueSpecification\",\"valueRequired\":true,\"valueName\":\"search_term_string\"}}],\"inLanguage\":\"fr-CA\"},{\"@type\":\"Organization\",\"@id\":\"https:\\\/\\\/ksproducts.ca\\\/#organization\",\"name\":\"Ks Products\",\"url\":\"https:\\\/\\\/ksproducts.ca\\\/\",\"logo\":{\"@type\":\"ImageObject\",\"inLanguage\":\"fr-CA\",\"@id\":\"https:\\\/\\\/ksproducts.ca\\\/#\\\/schema\\\/logo\\\/image\\\/\",\"url\":\"https:\\\/\\\/ksproducts.ca\\\/wp-content\\\/uploads\\\/2023\\\/09\\\/Kennedy-Sales-Logo-header-1.png\",\"contentUrl\":\"https:\\\/\\\/ksproducts.ca\\\/wp-content\\\/uploads\\\/2023\\\/09\\\/Kennedy-Sales-Logo-header-1.png\",\"width\":150,\"height\":77,\"caption\":\"Ks Products\"},\"image\":{\"@id\":\"https:\\\/\\\/ksproducts.ca\\\/#\\\/schema\\\/logo\\\/image\\\/\"}}]}<\/script>\n<!-- \/ Yoast SEO plugin. -->","yoast_head_json":{"title":"Gril de table Blackstone 22inch Original Series - Ks Products","robots":{"index":"index","follow":"follow","max-snippet":"max-snippet:-1","max-image-preview":"max-image-preview:large","max-video-preview":"max-video-preview:-1"},"canonical":"https:\/\/ksproducts.ca\/fr\/product\/plancha-22-avec-plaque-frontale-en-acier-inoxydable\/","og_locale":"fr_CA","og_type":"article","og_title":"Blackstone 22inch Original Series Tabletop Griddle - Ks Products","og_description":"Take the Blackstone 22'' Gas Tabletop 2 Burner Griddle anywhere outdoors for big and versatile meals. Equipped with two independently controlled heat zones. You\u2019ll have full control of the 330 sq. inch plate for simultaneous low and high heat cooking.nnThe two \"H\" style burners provide even heat distribution for optimal cooking across the whole griddle. Stable on any surface from grassy hills to muddy terrain, so you can eat up delicious burgers, hot dogs, steaks, eggs, and more! No stress - easy to clean and feeds the whole family.","og_url":"https:\/\/ksproducts.ca\/fr\/product\/plancha-22-avec-plaque-frontale-en-acier-inoxydable\/","og_site_name":"Ks Products","article_modified_time":"2026-04-12T10:33:47+00:00","og_image":[{"width":864,"height":858,"url":"https:\/\/ksproducts.ca\/wp-content\/uploads\/2023\/03\/1666-6-jpg.webp","type":"image\/jpeg"}],"twitter_card":"summary_large_image","twitter_misc":{"Estimation du temps de lecture":"1 minute"},"schema":{"@context":"https:\/\/schema.org","@graph":[{"@type":"WebPage","@id":"https:\/\/ksproducts.ca\/product\/22-tabletop-griddle-with-stainless-steel-front-plate\/","url":"https:\/\/ksproducts.ca\/product\/22-tabletop-griddle-with-stainless-steel-front-plate\/","name":"Gril de table Blackstone 22inch Original Series - Ks Products","isPartOf":{"@id":"https:\/\/ksproducts.ca\/#website"},"primaryImageOfPage":{"@id":"https:\/\/ksproducts.ca\/product\/22-tabletop-griddle-with-stainless-steel-front-plate\/#primaryimage"},"image":{"@id":"https:\/\/ksproducts.ca\/product\/22-tabletop-griddle-with-stainless-steel-front-plate\/#primaryimage"},"thumbnailUrl":"https:\/\/ksproducts.ca\/wp-content\/uploads\/2023\/03\/1666-6-jpg.webp","datePublished":"2023-03-27T20:33:55+00:00","dateModified":"2026-04-12T10:33:47+00:00","breadcrumb":{"@id":"https:\/\/ksproducts.ca\/product\/22-tabletop-griddle-with-stainless-steel-front-plate\/#breadcrumb"},"inLanguage":"fr-CA","potentialAction":[{"@type":"ReadAction","target":["https:\/\/ksproducts.ca\/product\/22-tabletop-griddle-with-stainless-steel-front-plate\/"]}]},{"@type":"ImageObject","inLanguage":"fr-CA","@id":"https:\/\/ksproducts.ca\/product\/22-tabletop-griddle-with-stainless-steel-front-plate\/#primaryimage","url":"https:\/\/ksproducts.ca\/wp-content\/uploads\/2023\/03\/1666-6-jpg.webp","contentUrl":"https:\/\/ksproducts.ca\/wp-content\/uploads\/2023\/03\/1666-6-jpg.webp","width":864,"height":858,"caption":"1666 6 jpg"},{"@type":"BreadcrumbList","@id":"https:\/\/ksproducts.ca\/product\/22-tabletop-griddle-with-stainless-steel-front-plate\/#breadcrumb","itemListElement":[{"@type":"ListItem","position":1,"name":"Home","item":"https:\/\/ksproducts.ca\/"},{"@type":"ListItem","position":2,"name":"Shop","item":"https:\/\/ksproducts.ca\/shop\/"},{"@type":"ListItem","position":3,"name":"Blackstone 22inch Original Series Tabletop Griddle"}]},{"@type":"WebSite","@id":"https:\/\/ksproducts.ca\/#website","url":"https:\/\/ksproducts.ca\/","name":"Produits Ks","description":"Cuisiner et vivre en plein air, c'est facile au Canada","publisher":{"@id":"https:\/\/ksproducts.ca\/#organization"},"potentialAction":[{"@type":"SearchAction","target":{"@type":"EntryPoint","urlTemplate":"https:\/\/ksproducts.ca\/?s={search_term_string}"},"query-input":{"@type":"PropertyValueSpecification","valueRequired":true,"valueName":"search_term_string"}}],"inLanguage":"fr-CA"},{"@type":"Organization","@id":"https:\/\/ksproducts.ca\/#organization","name":"Produits Ks","url":"https:\/\/ksproducts.ca\/","logo":{"@type":"ImageObject","inLanguage":"fr-CA","@id":"https:\/\/ksproducts.ca\/#\/schema\/logo\/image\/","url":"https:\/\/ksproducts.ca\/wp-content\/uploads\/2023\/09\/Kennedy-Sales-Logo-header-1.png","contentUrl":"https:\/\/ksproducts.ca\/wp-content\/uploads\/2023\/09\/Kennedy-Sales-Logo-header-1.png","width":150,"height":77,"caption":"Ks Products"},"image":{"@id":"https:\/\/ksproducts.ca\/#\/schema\/logo\/image\/"}}]}},"_links":{"self":[{"href":"https:\/\/ksproducts.ca\/fr\/wp-json\/wp\/v2\/product\/5488","targetHints":{"allow":["GET"]}}],"collection":[{"href":"https:\/\/ksproducts.ca\/fr\/wp-json\/wp\/v2\/product"}],"about":[{"href":"https:\/\/ksproducts.ca\/fr\/wp-json\/wp\/v2\/types\/product"}],"replies":[{"embeddable":true,"href":"https:\/\/ksproducts.ca\/fr\/wp-json\/wp\/v2\/comments?post=5488"}],"version-history":[{"count":3,"href":"https:\/\/ksproducts.ca\/fr\/wp-json\/wp\/v2\/product\/5488\/revisions"}],"predecessor-version":[{"id":10776,"href":"https:\/\/ksproducts.ca\/fr\/wp-json\/wp\/v2\/product\/5488\/revisions\/10776"}],"wp:featuredmedia":[{"embeddable":true,"href":"https:\/\/ksproducts.ca\/fr\/wp-json\/wp\/v2\/media\/5489"}],"wp:attachment":[{"href":"https:\/\/ksproducts.ca\/fr\/wp-json\/wp\/v2\/media?parent=5488"}],"wp:term":[{"taxonomy":"product_cat","embeddable":true,"href":"https:\/\/ksproducts.ca\/fr\/wp-json\/wp\/v2\/product_cat?post=5488"},{"taxonomy":"product_tag","embeddable":true,"href":"https:\/\/ksproducts.ca\/fr\/wp-json\/wp\/v2\/product_tag?post=5488"}],"curies":[{"name":"wp","href":"https:\/\/api.w.org\/{rel}","templated":true}]}}