{"id":5518,"date":"2023-03-27T20:33:55","date_gmt":"2023-03-27T20:33:55","guid":{"rendered":"https:\/\/ksproducts.ca\/product\/28-griddle-hard-cover\/"},"modified":"2026-04-17T05:32:47","modified_gmt":"2026-04-17T05:32:47","slug":"28-housse-rigide-pour-plancha","status":"publish","type":"product","link":"https:\/\/ksproducts.ca\/fr\/product\/28-griddle-hard-cover\/","title":{"rendered":"Blackstone Original Series Hard Cover pour gril de 28 pouces"},"content":{"rendered":"<p>&nbsp;<\/p>\n<ul>\n<li>Finition en poudre noire<\/li>\n<li>Deux poign\u00e9es pour une utilisation facile<\/li>\n<li>Supports de suspension pratiques<\/li>\n<li>Compatible avec les plaques de cuisson \u00e0 graisse avant et arri\u00e8re<\/li>\n<\/ul>","protected":false},"excerpt":{"rendered":"<p>Prot\u00e9gez votre plan de travail des intemp\u00e9ries avec la housse rigide pour plan de travail de 28 pouces. La housse rigide comprend deux supports permettant de la suspendre \u00e0 l'arri\u00e8re de la plaque de cuisson lorsqu'elle n'est pas utilis\u00e9e. Deux poign\u00e9es permettent de l'enlever et de la remettre facilement. La housse est compatible avec les plaques de cuisson \u00e0 graisse avant ou arri\u00e8re. Utilisez-la sous la housse souple de la plaque de cuisson 28\u2033 pour emp\u00eacher l'eau de s'accumuler sur le dessus de la plaque.<\/p>","protected":false},"featured_media":5519,"comment_status":"closed","ping_status":"closed","template":"","meta":[],"product_cat":[436,437],"product_tag":[],"class_list":{"0":"post-5518","1":"product","2":"type-product","3":"status-publish","4":"has-post-thumbnail","6":"product_brand-blackstone","7":"product_cat-accessories","8":"product_cat-covers-cases","9":"product_shipping_class-class-2","11":"first","12":"instock","13":"purchasable","14":"product-type-simple"},"yoast_head":"<!-- This site is optimized with the Yoast SEO plugin v27.4 - https:\/\/yoast.com\/product\/yoast-seo-wordpress\/ -->\n<title>Blackstone Original Series Hard Cover for 28inch Griddle - Ks Products<\/title>\n<meta name=\"robots\" content=\"index, follow, max-snippet:-1, max-image-preview:large, max-video-preview:-1\" \/>\n<link rel=\"canonical\" href=\"https:\/\/ksproducts.ca\/fr\/product\/28-housse-rigide-pour-plancha\/\" \/>\n<meta property=\"og:locale\" content=\"fr_CA\" \/>\n<meta property=\"og:type\" content=\"article\" \/>\n<meta property=\"og:title\" content=\"Blackstone Original Series Hard Cover for 28inch Griddle - Ks Products\" \/>\n<meta property=\"og:description\" content=\"Protect your griddle top from the elements with the 28&#039;&#039; Griddle Hard Cover. The hard cover includes two brackets to hang the cover off the back of your griddle when not in use. Two handles make it easy to take off and put on. The hard cover is compatible with front or rear grease griddle tops. Use underneath the 28&quot; Griddle soft cover to stop water from pooling on your griddle top.\" \/>\n<meta property=\"og:url\" content=\"https:\/\/ksproducts.ca\/fr\/product\/28-housse-rigide-pour-plancha\/\" \/>\n<meta property=\"og:site_name\" content=\"Ks Products\" \/>\n<meta property=\"article:modified_time\" content=\"2026-04-17T05:32:47+00:00\" \/>\n<meta property=\"og:image\" content=\"https:\/\/ksproducts.ca\/wp-content\/uploads\/2023\/03\/5003-2-1-jpg.webp\" \/>\n\t<meta property=\"og:image:width\" content=\"970\" \/>\n\t<meta property=\"og:image:height\" content=\"408\" \/>\n\t<meta property=\"og:image:type\" content=\"image\/jpeg\" \/>\n<meta name=\"twitter:card\" content=\"summary_large_image\" \/>\n<meta name=\"twitter:label1\" content=\"Estimation du temps de lecture\" \/>\n\t<meta name=\"twitter:data1\" content=\"1 minute\" \/>\n<script type=\"application\/ld+json\" class=\"yoast-schema-graph\">{\"@context\":\"https:\\\/\\\/schema.org\",\"@graph\":[{\"@type\":\"WebPage\",\"@id\":\"https:\\\/\\\/ksproducts.ca\\\/product\\\/28-griddle-hard-cover\\\/\",\"url\":\"https:\\\/\\\/ksproducts.ca\\\/product\\\/28-griddle-hard-cover\\\/\",\"name\":\"Blackstone Original Series Hard Cover for 28inch Griddle - Ks Products\",\"isPartOf\":{\"@id\":\"https:\\\/\\\/ksproducts.ca\\\/#website\"},\"primaryImageOfPage\":{\"@id\":\"https:\\\/\\\/ksproducts.ca\\\/product\\\/28-griddle-hard-cover\\\/#primaryimage\"},\"image\":{\"@id\":\"https:\\\/\\\/ksproducts.ca\\\/product\\\/28-griddle-hard-cover\\\/#primaryimage\"},\"thumbnailUrl\":\"https:\\\/\\\/ksproducts.ca\\\/wp-content\\\/uploads\\\/2023\\\/03\\\/5003-2-1-jpg.webp\",\"datePublished\":\"2023-03-27T20:33:55+00:00\",\"dateModified\":\"2026-04-17T05:32:47+00:00\",\"breadcrumb\":{\"@id\":\"https:\\\/\\\/ksproducts.ca\\\/product\\\/28-griddle-hard-cover\\\/#breadcrumb\"},\"inLanguage\":\"fr-CA\",\"potentialAction\":[{\"@type\":\"ReadAction\",\"target\":[\"https:\\\/\\\/ksproducts.ca\\\/product\\\/28-griddle-hard-cover\\\/\"]}]},{\"@type\":\"ImageObject\",\"inLanguage\":\"fr-CA\",\"@id\":\"https:\\\/\\\/ksproducts.ca\\\/product\\\/28-griddle-hard-cover\\\/#primaryimage\",\"url\":\"https:\\\/\\\/ksproducts.ca\\\/wp-content\\\/uploads\\\/2023\\\/03\\\/5003-2-1-jpg.webp\",\"contentUrl\":\"https:\\\/\\\/ksproducts.ca\\\/wp-content\\\/uploads\\\/2023\\\/03\\\/5003-2-1-jpg.webp\",\"width\":970,\"height\":408,\"caption\":\"5003 2 1 jpg\"},{\"@type\":\"BreadcrumbList\",\"@id\":\"https:\\\/\\\/ksproducts.ca\\\/product\\\/28-griddle-hard-cover\\\/#breadcrumb\",\"itemListElement\":[{\"@type\":\"ListItem\",\"position\":1,\"name\":\"Home\",\"item\":\"https:\\\/\\\/ksproducts.ca\\\/\"},{\"@type\":\"ListItem\",\"position\":2,\"name\":\"Shop\",\"item\":\"https:\\\/\\\/ksproducts.ca\\\/shop\\\/\"},{\"@type\":\"ListItem\",\"position\":3,\"name\":\"Blackstone Original Series Hard Cover for 28inch Griddle\"}]},{\"@type\":\"WebSite\",\"@id\":\"https:\\\/\\\/ksproducts.ca\\\/#website\",\"url\":\"https:\\\/\\\/ksproducts.ca\\\/\",\"name\":\"Ks Products\",\"description\":\"Outdoor cooking and living, made easy in Canada\",\"publisher\":{\"@id\":\"https:\\\/\\\/ksproducts.ca\\\/#organization\"},\"potentialAction\":[{\"@type\":\"SearchAction\",\"target\":{\"@type\":\"EntryPoint\",\"urlTemplate\":\"https:\\\/\\\/ksproducts.ca\\\/?s={search_term_string}\"},\"query-input\":{\"@type\":\"PropertyValueSpecification\",\"valueRequired\":true,\"valueName\":\"search_term_string\"}}],\"inLanguage\":\"fr-CA\"},{\"@type\":\"Organization\",\"@id\":\"https:\\\/\\\/ksproducts.ca\\\/#organization\",\"name\":\"Ks Products\",\"url\":\"https:\\\/\\\/ksproducts.ca\\\/\",\"logo\":{\"@type\":\"ImageObject\",\"inLanguage\":\"fr-CA\",\"@id\":\"https:\\\/\\\/ksproducts.ca\\\/#\\\/schema\\\/logo\\\/image\\\/\",\"url\":\"https:\\\/\\\/ksproducts.ca\\\/wp-content\\\/uploads\\\/2023\\\/09\\\/Kennedy-Sales-Logo-header-1.png\",\"contentUrl\":\"https:\\\/\\\/ksproducts.ca\\\/wp-content\\\/uploads\\\/2023\\\/09\\\/Kennedy-Sales-Logo-header-1.png\",\"width\":150,\"height\":77,\"caption\":\"Ks Products\"},\"image\":{\"@id\":\"https:\\\/\\\/ksproducts.ca\\\/#\\\/schema\\\/logo\\\/image\\\/\"}}]}<\/script>\n<!-- \/ Yoast SEO plugin. -->","yoast_head_json":{"title":"Blackstone Original Series Hard Cover pour gril de 28 pouces - Ks Products","robots":{"index":"index","follow":"follow","max-snippet":"max-snippet:-1","max-image-preview":"max-image-preview:large","max-video-preview":"max-video-preview:-1"},"canonical":"https:\/\/ksproducts.ca\/fr\/product\/28-housse-rigide-pour-plancha\/","og_locale":"fr_CA","og_type":"article","og_title":"Blackstone Original Series Hard Cover for 28inch Griddle - Ks Products","og_description":"Protect your griddle top from the elements with the 28'' Griddle Hard Cover. The hard cover includes two brackets to hang the cover off the back of your griddle when not in use. Two handles make it easy to take off and put on. The hard cover is compatible with front or rear grease griddle tops. Use underneath the 28\" Griddle soft cover to stop water from pooling on your griddle top.","og_url":"https:\/\/ksproducts.ca\/fr\/product\/28-housse-rigide-pour-plancha\/","og_site_name":"Ks Products","article_modified_time":"2026-04-17T05:32:47+00:00","og_image":[{"width":970,"height":408,"url":"https:\/\/ksproducts.ca\/wp-content\/uploads\/2023\/03\/5003-2-1-jpg.webp","type":"image\/jpeg"}],"twitter_card":"summary_large_image","twitter_misc":{"Estimation du temps de lecture":"1 minute"},"schema":{"@context":"https:\/\/schema.org","@graph":[{"@type":"WebPage","@id":"https:\/\/ksproducts.ca\/product\/28-griddle-hard-cover\/","url":"https:\/\/ksproducts.ca\/product\/28-griddle-hard-cover\/","name":"Blackstone Original Series Hard Cover pour gril de 28 pouces - Ks Products","isPartOf":{"@id":"https:\/\/ksproducts.ca\/#website"},"primaryImageOfPage":{"@id":"https:\/\/ksproducts.ca\/product\/28-griddle-hard-cover\/#primaryimage"},"image":{"@id":"https:\/\/ksproducts.ca\/product\/28-griddle-hard-cover\/#primaryimage"},"thumbnailUrl":"https:\/\/ksproducts.ca\/wp-content\/uploads\/2023\/03\/5003-2-1-jpg.webp","datePublished":"2023-03-27T20:33:55+00:00","dateModified":"2026-04-17T05:32:47+00:00","breadcrumb":{"@id":"https:\/\/ksproducts.ca\/product\/28-griddle-hard-cover\/#breadcrumb"},"inLanguage":"fr-CA","potentialAction":[{"@type":"ReadAction","target":["https:\/\/ksproducts.ca\/product\/28-griddle-hard-cover\/"]}]},{"@type":"ImageObject","inLanguage":"fr-CA","@id":"https:\/\/ksproducts.ca\/product\/28-griddle-hard-cover\/#primaryimage","url":"https:\/\/ksproducts.ca\/wp-content\/uploads\/2023\/03\/5003-2-1-jpg.webp","contentUrl":"https:\/\/ksproducts.ca\/wp-content\/uploads\/2023\/03\/5003-2-1-jpg.webp","width":970,"height":408,"caption":"5003 2 1 jpg"},{"@type":"BreadcrumbList","@id":"https:\/\/ksproducts.ca\/product\/28-griddle-hard-cover\/#breadcrumb","itemListElement":[{"@type":"ListItem","position":1,"name":"Home","item":"https:\/\/ksproducts.ca\/"},{"@type":"ListItem","position":2,"name":"Shop","item":"https:\/\/ksproducts.ca\/shop\/"},{"@type":"ListItem","position":3,"name":"Blackstone Original Series Hard Cover for 28inch Griddle"}]},{"@type":"WebSite","@id":"https:\/\/ksproducts.ca\/#website","url":"https:\/\/ksproducts.ca\/","name":"Produits Ks","description":"Cuisiner et vivre en plein air, c'est facile au Canada","publisher":{"@id":"https:\/\/ksproducts.ca\/#organization"},"potentialAction":[{"@type":"SearchAction","target":{"@type":"EntryPoint","urlTemplate":"https:\/\/ksproducts.ca\/?s={search_term_string}"},"query-input":{"@type":"PropertyValueSpecification","valueRequired":true,"valueName":"search_term_string"}}],"inLanguage":"fr-CA"},{"@type":"Organization","@id":"https:\/\/ksproducts.ca\/#organization","name":"Produits Ks","url":"https:\/\/ksproducts.ca\/","logo":{"@type":"ImageObject","inLanguage":"fr-CA","@id":"https:\/\/ksproducts.ca\/#\/schema\/logo\/image\/","url":"https:\/\/ksproducts.ca\/wp-content\/uploads\/2023\/09\/Kennedy-Sales-Logo-header-1.png","contentUrl":"https:\/\/ksproducts.ca\/wp-content\/uploads\/2023\/09\/Kennedy-Sales-Logo-header-1.png","width":150,"height":77,"caption":"Ks Products"},"image":{"@id":"https:\/\/ksproducts.ca\/#\/schema\/logo\/image\/"}}]}},"_links":{"self":[{"href":"https:\/\/ksproducts.ca\/fr\/wp-json\/wp\/v2\/product\/5518","targetHints":{"allow":["GET"]}}],"collection":[{"href":"https:\/\/ksproducts.ca\/fr\/wp-json\/wp\/v2\/product"}],"about":[{"href":"https:\/\/ksproducts.ca\/fr\/wp-json\/wp\/v2\/types\/product"}],"replies":[{"embeddable":true,"href":"https:\/\/ksproducts.ca\/fr\/wp-json\/wp\/v2\/comments?post=5518"}],"version-history":[{"count":3,"href":"https:\/\/ksproducts.ca\/fr\/wp-json\/wp\/v2\/product\/5518\/revisions"}],"predecessor-version":[{"id":10749,"href":"https:\/\/ksproducts.ca\/fr\/wp-json\/wp\/v2\/product\/5518\/revisions\/10749"}],"wp:featuredmedia":[{"embeddable":true,"href":"https:\/\/ksproducts.ca\/fr\/wp-json\/wp\/v2\/media\/5519"}],"wp:attachment":[{"href":"https:\/\/ksproducts.ca\/fr\/wp-json\/wp\/v2\/media?parent=5518"}],"wp:term":[{"taxonomy":"product_cat","embeddable":true,"href":"https:\/\/ksproducts.ca\/fr\/wp-json\/wp\/v2\/product_cat?post=5518"},{"taxonomy":"product_tag","embeddable":true,"href":"https:\/\/ksproducts.ca\/fr\/wp-json\/wp\/v2\/product_tag?post=5518"}],"curies":[{"name":"wp","href":"https:\/\/api.w.org\/{rel}","templated":true}]}}