{"id":5527,"date":"2023-03-27T20:33:55","date_gmt":"2023-03-27T20:33:55","guid":{"rendered":"https:\/\/ksproducts.ca\/product\/36-griddle-wind-guards\/"},"modified":"2026-03-02T19:14:01","modified_gmt":"2026-03-02T19:14:01","slug":"36-protections-contre-le-vent-de-la-plaque-de-cuisson","status":"publish","type":"product","link":"https:\/\/ksproducts.ca\/fr\/product\/36-griddle-wind-guards\/","title":{"rendered":"36\u2033 Grille de protection contre le vent"},"content":{"rendered":"<ul>\n<li style=\"list-style-type: none;\">\n<ul>\n<li class=\"m_-5968140864542663174m_-8281681968308768618gmail-MsoListParagraphCxSpFirst\">Facile \u00e0 utiliser<\/li>\n<li class=\"m_-5968140864542663174m_-8281681968308768618gmail-MsoListParagraphCxSpFirst\">Facile \u00e0 nettoyer<\/li>\n<li class=\"m_-5968140864542663174m_-8281681968308768618gmail-MsoListParagraphCxSpFirst\">Aide \u00e0 d\u00e9vier le vent de la chambre de combustion<\/li>\n<li class=\"m_-5968140864542663174m_-8281681968308768618gmail-MsoListParagraphCxSpFirst\">Fonctionne avec le gril Blackstone \u00e0 graissage avant et arri\u00e8re<\/li>\n<li class=\"m_-5968140864542663174m_-8281681968308768618gmail-MsoListParagraphCxSpFirst\">Quatre (4) pi\u00e8ces (deux {2} pi\u00e8ces lat\u00e9rales courtes, deux {2} pi\u00e8ces dorsales longues).<\/li>\n<li class=\"m_-5968140864542663174m_-8281681968308768618gmail-MsoListParagraphCxSpFirst\">Pi\u00e8ces longues 17.68?x 3.5?x .47 ?<\/li>\n<li class=\"m_-5968140864542663174m_-8281681968308768618gmail-MsoListParagraphCxSpFirst\">Pi\u00e8ces courtes 15.75?x 3.5?x .43 ?<\/li>\n<\/ul>\n<\/li>\n<\/ul>","protected":false},"excerpt":{"rendered":"<p>Les pare-vent Blackstone aident \u00e0 d\u00e9vier les effets g\u00eanants du vent sur la plaque de cuisson ? Les vents forts peuvent devenir un d\u00e9fi lorsque vous faites des grillades, car ils peuvent diminuer la temp\u00e9rature ou \u00e9teindre les flammes pendant que vous cuisinez. Mais avec les Wind Guards, vous pouvez griller avec plus de contr\u00f4le sans vous soucier des conditions m\u00e9t\u00e9orologiques. Il suffit d'accrocher les pare-vent sur le bord de la plaque et d'utiliser la plaque comme vous le feriez normalement.<\/p>","protected":false},"featured_media":5528,"comment_status":"closed","ping_status":"closed","template":"","meta":[],"product_cat":[441],"product_tag":[],"class_list":{"0":"post-5527","1":"product","2":"type-product","3":"status-publish","4":"has-post-thumbnail","6":"product_cat-essential-extras","7":"product_shipping_class-class-1","9":"first","10":"outofstock","11":"purchasable","12":"product-type-simple"},"yoast_head":"<!-- This site is optimized with the Yoast SEO plugin v27.4 - https:\/\/yoast.com\/product\/yoast-seo-wordpress\/ -->\n<title>36&quot; Griddle Wind Guards - Ks Products<\/title>\n<meta name=\"robots\" content=\"index, follow, max-snippet:-1, max-image-preview:large, max-video-preview:-1\" \/>\n<link rel=\"canonical\" href=\"https:\/\/ksproducts.ca\/fr\/product\/36-protections-contre-le-vent-de-la-plaque-de-cuisson\/\" \/>\n<meta property=\"og:locale\" content=\"fr_CA\" \/>\n<meta property=\"og:type\" content=\"article\" \/>\n<meta property=\"og:title\" content=\"36&quot; Griddle Wind Guards - Ks Products\" \/>\n<meta property=\"og:description\" content=\"The Blackstone Wind Guards help to deflect the annoying effects of wind on the griddle.? Strong winds can become a challenge when griddling as it can decrease the temperature or extinguish the flames while you are cooking. But with the Wind Guards, you can griddle with more control without worry of the weather. Simply hook the Wing Guards over the edge of the griddle top use the griddle as you normally would.\" \/>\n<meta property=\"og:url\" content=\"https:\/\/ksproducts.ca\/fr\/product\/36-protections-contre-le-vent-de-la-plaque-de-cuisson\/\" \/>\n<meta property=\"og:site_name\" content=\"Ks Products\" \/>\n<meta property=\"article:modified_time\" content=\"2026-03-02T19:14:01+00:00\" \/>\n<meta property=\"og:image\" content=\"https:\/\/ksproducts.ca\/wp-content\/uploads\/2023\/03\/5015-1-jpg.webp\" \/>\n\t<meta property=\"og:image:width\" content=\"600\" \/>\n\t<meta property=\"og:image:height\" content=\"600\" \/>\n\t<meta property=\"og:image:type\" content=\"image\/jpeg\" \/>\n<meta name=\"twitter:card\" content=\"summary_large_image\" \/>\n<meta name=\"twitter:label1\" content=\"Estimation du temps de lecture\" \/>\n\t<meta name=\"twitter:data1\" content=\"1 minute\" \/>\n<script type=\"application\/ld+json\" class=\"yoast-schema-graph\">{\"@context\":\"https:\\\/\\\/schema.org\",\"@graph\":[{\"@type\":\"WebPage\",\"@id\":\"https:\\\/\\\/ksproducts.ca\\\/product\\\/36-griddle-wind-guards\\\/\",\"url\":\"https:\\\/\\\/ksproducts.ca\\\/product\\\/36-griddle-wind-guards\\\/\",\"name\":\"36\\\" Griddle Wind Guards - Ks Products\",\"isPartOf\":{\"@id\":\"https:\\\/\\\/ksproducts.ca\\\/#website\"},\"primaryImageOfPage\":{\"@id\":\"https:\\\/\\\/ksproducts.ca\\\/product\\\/36-griddle-wind-guards\\\/#primaryimage\"},\"image\":{\"@id\":\"https:\\\/\\\/ksproducts.ca\\\/product\\\/36-griddle-wind-guards\\\/#primaryimage\"},\"thumbnailUrl\":\"https:\\\/\\\/ksproducts.ca\\\/wp-content\\\/uploads\\\/2023\\\/03\\\/5015-1-jpg.webp\",\"datePublished\":\"2023-03-27T20:33:55+00:00\",\"dateModified\":\"2026-03-02T19:14:01+00:00\",\"breadcrumb\":{\"@id\":\"https:\\\/\\\/ksproducts.ca\\\/product\\\/36-griddle-wind-guards\\\/#breadcrumb\"},\"inLanguage\":\"fr-CA\",\"potentialAction\":[{\"@type\":\"ReadAction\",\"target\":[\"https:\\\/\\\/ksproducts.ca\\\/product\\\/36-griddle-wind-guards\\\/\"]}]},{\"@type\":\"ImageObject\",\"inLanguage\":\"fr-CA\",\"@id\":\"https:\\\/\\\/ksproducts.ca\\\/product\\\/36-griddle-wind-guards\\\/#primaryimage\",\"url\":\"https:\\\/\\\/ksproducts.ca\\\/wp-content\\\/uploads\\\/2023\\\/03\\\/5015-1-jpg.webp\",\"contentUrl\":\"https:\\\/\\\/ksproducts.ca\\\/wp-content\\\/uploads\\\/2023\\\/03\\\/5015-1-jpg.webp\",\"width\":600,\"height\":600,\"caption\":\"5015 1 jpg\"},{\"@type\":\"BreadcrumbList\",\"@id\":\"https:\\\/\\\/ksproducts.ca\\\/product\\\/36-griddle-wind-guards\\\/#breadcrumb\",\"itemListElement\":[{\"@type\":\"ListItem\",\"position\":1,\"name\":\"Home\",\"item\":\"https:\\\/\\\/ksproducts.ca\\\/\"},{\"@type\":\"ListItem\",\"position\":2,\"name\":\"Shop\",\"item\":\"https:\\\/\\\/ksproducts.ca\\\/shop\\\/\"},{\"@type\":\"ListItem\",\"position\":3,\"name\":\"36&#8243; Griddle Wind Guards\"}]},{\"@type\":\"WebSite\",\"@id\":\"https:\\\/\\\/ksproducts.ca\\\/#website\",\"url\":\"https:\\\/\\\/ksproducts.ca\\\/\",\"name\":\"Ks Products\",\"description\":\"Outdoor cooking and living, made easy in Canada\",\"publisher\":{\"@id\":\"https:\\\/\\\/ksproducts.ca\\\/#organization\"},\"potentialAction\":[{\"@type\":\"SearchAction\",\"target\":{\"@type\":\"EntryPoint\",\"urlTemplate\":\"https:\\\/\\\/ksproducts.ca\\\/?s={search_term_string}\"},\"query-input\":{\"@type\":\"PropertyValueSpecification\",\"valueRequired\":true,\"valueName\":\"search_term_string\"}}],\"inLanguage\":\"fr-CA\"},{\"@type\":\"Organization\",\"@id\":\"https:\\\/\\\/ksproducts.ca\\\/#organization\",\"name\":\"Ks Products\",\"url\":\"https:\\\/\\\/ksproducts.ca\\\/\",\"logo\":{\"@type\":\"ImageObject\",\"inLanguage\":\"fr-CA\",\"@id\":\"https:\\\/\\\/ksproducts.ca\\\/#\\\/schema\\\/logo\\\/image\\\/\",\"url\":\"https:\\\/\\\/ksproducts.ca\\\/wp-content\\\/uploads\\\/2023\\\/09\\\/Kennedy-Sales-Logo-header-1.png\",\"contentUrl\":\"https:\\\/\\\/ksproducts.ca\\\/wp-content\\\/uploads\\\/2023\\\/09\\\/Kennedy-Sales-Logo-header-1.png\",\"width\":150,\"height\":77,\"caption\":\"Ks Products\"},\"image\":{\"@id\":\"https:\\\/\\\/ksproducts.ca\\\/#\\\/schema\\\/logo\\\/image\\\/\"}}]}<\/script>\n<!-- \/ Yoast SEO plugin. -->","yoast_head_json":{"title":"Prot\u00e8ge-vent pour gril de 36\" - Ks Products","robots":{"index":"index","follow":"follow","max-snippet":"max-snippet:-1","max-image-preview":"max-image-preview:large","max-video-preview":"max-video-preview:-1"},"canonical":"https:\/\/ksproducts.ca\/fr\/product\/36-protections-contre-le-vent-de-la-plaque-de-cuisson\/","og_locale":"fr_CA","og_type":"article","og_title":"36\" Griddle Wind Guards - Ks Products","og_description":"The Blackstone Wind Guards help to deflect the annoying effects of wind on the griddle.? Strong winds can become a challenge when griddling as it can decrease the temperature or extinguish the flames while you are cooking. But with the Wind Guards, you can griddle with more control without worry of the weather. Simply hook the Wing Guards over the edge of the griddle top use the griddle as you normally would.","og_url":"https:\/\/ksproducts.ca\/fr\/product\/36-protections-contre-le-vent-de-la-plaque-de-cuisson\/","og_site_name":"Ks Products","article_modified_time":"2026-03-02T19:14:01+00:00","og_image":[{"width":600,"height":600,"url":"https:\/\/ksproducts.ca\/wp-content\/uploads\/2023\/03\/5015-1-jpg.webp","type":"image\/jpeg"}],"twitter_card":"summary_large_image","twitter_misc":{"Estimation du temps de lecture":"1 minute"},"schema":{"@context":"https:\/\/schema.org","@graph":[{"@type":"WebPage","@id":"https:\/\/ksproducts.ca\/product\/36-griddle-wind-guards\/","url":"https:\/\/ksproducts.ca\/product\/36-griddle-wind-guards\/","name":"Prot\u00e8ge-vent pour gril de 36\" - Ks Products","isPartOf":{"@id":"https:\/\/ksproducts.ca\/#website"},"primaryImageOfPage":{"@id":"https:\/\/ksproducts.ca\/product\/36-griddle-wind-guards\/#primaryimage"},"image":{"@id":"https:\/\/ksproducts.ca\/product\/36-griddle-wind-guards\/#primaryimage"},"thumbnailUrl":"https:\/\/ksproducts.ca\/wp-content\/uploads\/2023\/03\/5015-1-jpg.webp","datePublished":"2023-03-27T20:33:55+00:00","dateModified":"2026-03-02T19:14:01+00:00","breadcrumb":{"@id":"https:\/\/ksproducts.ca\/product\/36-griddle-wind-guards\/#breadcrumb"},"inLanguage":"fr-CA","potentialAction":[{"@type":"ReadAction","target":["https:\/\/ksproducts.ca\/product\/36-griddle-wind-guards\/"]}]},{"@type":"ImageObject","inLanguage":"fr-CA","@id":"https:\/\/ksproducts.ca\/product\/36-griddle-wind-guards\/#primaryimage","url":"https:\/\/ksproducts.ca\/wp-content\/uploads\/2023\/03\/5015-1-jpg.webp","contentUrl":"https:\/\/ksproducts.ca\/wp-content\/uploads\/2023\/03\/5015-1-jpg.webp","width":600,"height":600,"caption":"5015 1 jpg"},{"@type":"BreadcrumbList","@id":"https:\/\/ksproducts.ca\/product\/36-griddle-wind-guards\/#breadcrumb","itemListElement":[{"@type":"ListItem","position":1,"name":"Home","item":"https:\/\/ksproducts.ca\/"},{"@type":"ListItem","position":2,"name":"Shop","item":"https:\/\/ksproducts.ca\/shop\/"},{"@type":"ListItem","position":3,"name":"36&#8243; Griddle Wind Guards"}]},{"@type":"WebSite","@id":"https:\/\/ksproducts.ca\/#website","url":"https:\/\/ksproducts.ca\/","name":"Produits Ks","description":"Cuisiner et vivre en plein air, c'est facile au Canada","publisher":{"@id":"https:\/\/ksproducts.ca\/#organization"},"potentialAction":[{"@type":"SearchAction","target":{"@type":"EntryPoint","urlTemplate":"https:\/\/ksproducts.ca\/?s={search_term_string}"},"query-input":{"@type":"PropertyValueSpecification","valueRequired":true,"valueName":"search_term_string"}}],"inLanguage":"fr-CA"},{"@type":"Organization","@id":"https:\/\/ksproducts.ca\/#organization","name":"Produits Ks","url":"https:\/\/ksproducts.ca\/","logo":{"@type":"ImageObject","inLanguage":"fr-CA","@id":"https:\/\/ksproducts.ca\/#\/schema\/logo\/image\/","url":"https:\/\/ksproducts.ca\/wp-content\/uploads\/2023\/09\/Kennedy-Sales-Logo-header-1.png","contentUrl":"https:\/\/ksproducts.ca\/wp-content\/uploads\/2023\/09\/Kennedy-Sales-Logo-header-1.png","width":150,"height":77,"caption":"Ks Products"},"image":{"@id":"https:\/\/ksproducts.ca\/#\/schema\/logo\/image\/"}}]}},"_links":{"self":[{"href":"https:\/\/ksproducts.ca\/fr\/wp-json\/wp\/v2\/product\/5527","targetHints":{"allow":["GET"]}}],"collection":[{"href":"https:\/\/ksproducts.ca\/fr\/wp-json\/wp\/v2\/product"}],"about":[{"href":"https:\/\/ksproducts.ca\/fr\/wp-json\/wp\/v2\/types\/product"}],"replies":[{"embeddable":true,"href":"https:\/\/ksproducts.ca\/fr\/wp-json\/wp\/v2\/comments?post=5527"}],"version-history":[{"count":3,"href":"https:\/\/ksproducts.ca\/fr\/wp-json\/wp\/v2\/product\/5527\/revisions"}],"predecessor-version":[{"id":11263,"href":"https:\/\/ksproducts.ca\/fr\/wp-json\/wp\/v2\/product\/5527\/revisions\/11263"}],"wp:featuredmedia":[{"embeddable":true,"href":"https:\/\/ksproducts.ca\/fr\/wp-json\/wp\/v2\/media\/5528"}],"wp:attachment":[{"href":"https:\/\/ksproducts.ca\/fr\/wp-json\/wp\/v2\/media?parent=5527"}],"wp:term":[{"taxonomy":"product_cat","embeddable":true,"href":"https:\/\/ksproducts.ca\/fr\/wp-json\/wp\/v2\/product_cat?post=5527"},{"taxonomy":"product_tag","embeddable":true,"href":"https:\/\/ksproducts.ca\/fr\/wp-json\/wp\/v2\/product_tag?post=5527"}],"curies":[{"name":"wp","href":"https:\/\/api.w.org\/{rel}","templated":true}]}}