{"id":5568,"date":"2023-03-27T21:19:11","date_gmt":"2023-03-27T21:19:11","guid":{"rendered":"https:\/\/ksproducts.ca\/product\/propane-adapter-hose\/"},"modified":"2026-04-04T14:20:21","modified_gmt":"2026-04-04T14:20:21","slug":"tuyau-adaptateur-pour-propane","status":"publish","type":"product","link":"https:\/\/ksproducts.ca\/fr\/product\/propane-adapter-hose\/","title":{"rendered":"Tuyau adaptateur pour propane"},"content":{"rendered":"<ul>\n<li style=\"list-style-type: none\">\n<ul>\n<li>Adapte les grils au propane de 1 livre aux r\u00e9servoirs de propane en vrac (20 livres)<\/li>\n<li>S'\u00e9tend sur 3 pieds<\/li>\n<li>A utiliser avec les grils de table Blackstone 17\u2033 &amp; 22\u2033 et le combin\u00e9 gril et charbon de bois.<\/li>\n<\/ul>\n<\/li>\n<\/ul>","protected":false},"excerpt":{"rendered":"<p>Le tuyau adaptateur pour propane de 3 pieds avec r\u00e9gulateur vous permet de passer d'une bouteille de propane de 1 livre \u00e0 une bouteille de propane en vrac (20 livres). Le connecteur est sp\u00e9cialement con\u00e7u pour fonctionner avec le Blackstone\u00a0<strong>17\u2033 &amp; 22\u2033 Grils de table<\/strong>\u00a0et le\u00a0<strong>Griddle Charcoal Grill Combo.<\/strong><\/p>","protected":false},"featured_media":5569,"comment_status":"closed","ping_status":"closed","template":"","meta":[],"product_cat":[441],"product_tag":[],"class_list":{"0":"post-5568","1":"product","2":"type-product","3":"status-publish","4":"has-post-thumbnail","6":"product_cat-essential-extras","7":"product_shipping_class-class-1","9":"first","10":"instock","11":"purchasable","12":"product-type-simple"},"yoast_head":"<!-- This site is optimized with the Yoast SEO plugin v27.3 - https:\/\/yoast.com\/product\/yoast-seo-wordpress\/ -->\n<title>Propane Adapter Hose - Ks Products<\/title>\n<meta name=\"robots\" content=\"index, follow, max-snippet:-1, max-image-preview:large, max-video-preview:-1\" \/>\n<link rel=\"canonical\" href=\"https:\/\/ksproducts.ca\/fr\/product\/tuyau-adaptateur-pour-propane\/\" \/>\n<meta property=\"og:locale\" content=\"fr_CA\" \/>\n<meta property=\"og:type\" content=\"article\" \/>\n<meta property=\"og:title\" content=\"Propane Adapter Hose - Ks Products\" \/>\n<meta property=\"og:description\" content=\"The 3-foot Propane Adapter Hose with Regulator allows you to switch from a 1 pound propane bottle to a bulk (20 pound) propane tank. The connector is specifically designed to work with the Blackstone\u00a017&quot; &amp; 22&quot; Tabletop Griddles\u00a0and the\u00a0Griddle Charcoal Grill Combo.\" \/>\n<meta property=\"og:url\" content=\"https:\/\/ksproducts.ca\/fr\/product\/tuyau-adaptateur-pour-propane\/\" \/>\n<meta property=\"og:site_name\" content=\"Ks Products\" \/>\n<meta property=\"article:modified_time\" content=\"2026-04-04T14:20:21+00:00\" \/>\n<meta property=\"og:image\" content=\"https:\/\/ksproducts.ca\/wp-content\/uploads\/2023\/03\/5471-1-scaled-11-jpeg.webp\" \/>\n\t<meta property=\"og:image:width\" content=\"1920\" \/>\n\t<meta property=\"og:image:height\" content=\"1721\" \/>\n\t<meta property=\"og:image:type\" content=\"image\/jpeg\" \/>\n<meta name=\"twitter:card\" content=\"summary_large_image\" \/>\n<meta name=\"twitter:label1\" content=\"Estimation du temps de lecture\" \/>\n\t<meta name=\"twitter:data1\" content=\"1 minute\" \/>\n<script type=\"application\/ld+json\" class=\"yoast-schema-graph\">{\"@context\":\"https:\\\/\\\/schema.org\",\"@graph\":[{\"@type\":\"WebPage\",\"@id\":\"https:\\\/\\\/ksproducts.ca\\\/product\\\/propane-adapter-hose\\\/\",\"url\":\"https:\\\/\\\/ksproducts.ca\\\/product\\\/propane-adapter-hose\\\/\",\"name\":\"Propane Adapter Hose - Ks Products\",\"isPartOf\":{\"@id\":\"https:\\\/\\\/ksproducts.ca\\\/#website\"},\"primaryImageOfPage\":{\"@id\":\"https:\\\/\\\/ksproducts.ca\\\/product\\\/propane-adapter-hose\\\/#primaryimage\"},\"image\":{\"@id\":\"https:\\\/\\\/ksproducts.ca\\\/product\\\/propane-adapter-hose\\\/#primaryimage\"},\"thumbnailUrl\":\"https:\\\/\\\/ksproducts.ca\\\/wp-content\\\/uploads\\\/2023\\\/03\\\/5471-1-scaled-11-jpeg.webp\",\"datePublished\":\"2023-03-27T21:19:11+00:00\",\"dateModified\":\"2026-04-04T14:20:21+00:00\",\"breadcrumb\":{\"@id\":\"https:\\\/\\\/ksproducts.ca\\\/product\\\/propane-adapter-hose\\\/#breadcrumb\"},\"inLanguage\":\"fr-CA\",\"potentialAction\":[{\"@type\":\"ReadAction\",\"target\":[\"https:\\\/\\\/ksproducts.ca\\\/product\\\/propane-adapter-hose\\\/\"]}]},{\"@type\":\"ImageObject\",\"inLanguage\":\"fr-CA\",\"@id\":\"https:\\\/\\\/ksproducts.ca\\\/product\\\/propane-adapter-hose\\\/#primaryimage\",\"url\":\"https:\\\/\\\/ksproducts.ca\\\/wp-content\\\/uploads\\\/2023\\\/03\\\/5471-1-scaled-11-jpeg.webp\",\"contentUrl\":\"https:\\\/\\\/ksproducts.ca\\\/wp-content\\\/uploads\\\/2023\\\/03\\\/5471-1-scaled-11-jpeg.webp\",\"width\":1920,\"height\":1721,\"caption\":\"5471 1 scaled 11 jpeg\"},{\"@type\":\"BreadcrumbList\",\"@id\":\"https:\\\/\\\/ksproducts.ca\\\/product\\\/propane-adapter-hose\\\/#breadcrumb\",\"itemListElement\":[{\"@type\":\"ListItem\",\"position\":1,\"name\":\"Home\",\"item\":\"https:\\\/\\\/ksproducts.ca\\\/\"},{\"@type\":\"ListItem\",\"position\":2,\"name\":\"Shop\",\"item\":\"https:\\\/\\\/ksproducts.ca\\\/shop\\\/\"},{\"@type\":\"ListItem\",\"position\":3,\"name\":\"Propane Adapter Hose\"}]},{\"@type\":\"WebSite\",\"@id\":\"https:\\\/\\\/ksproducts.ca\\\/#website\",\"url\":\"https:\\\/\\\/ksproducts.ca\\\/\",\"name\":\"Ks Products\",\"description\":\"Outdoor cooking and living, made easy in Canada\",\"publisher\":{\"@id\":\"https:\\\/\\\/ksproducts.ca\\\/#organization\"},\"potentialAction\":[{\"@type\":\"SearchAction\",\"target\":{\"@type\":\"EntryPoint\",\"urlTemplate\":\"https:\\\/\\\/ksproducts.ca\\\/?s={search_term_string}\"},\"query-input\":{\"@type\":\"PropertyValueSpecification\",\"valueRequired\":true,\"valueName\":\"search_term_string\"}}],\"inLanguage\":\"fr-CA\"},{\"@type\":\"Organization\",\"@id\":\"https:\\\/\\\/ksproducts.ca\\\/#organization\",\"name\":\"Ks Products\",\"url\":\"https:\\\/\\\/ksproducts.ca\\\/\",\"logo\":{\"@type\":\"ImageObject\",\"inLanguage\":\"fr-CA\",\"@id\":\"https:\\\/\\\/ksproducts.ca\\\/#\\\/schema\\\/logo\\\/image\\\/\",\"url\":\"https:\\\/\\\/ksproducts.ca\\\/wp-content\\\/uploads\\\/2023\\\/09\\\/Kennedy-Sales-Logo-header-1.png\",\"contentUrl\":\"https:\\\/\\\/ksproducts.ca\\\/wp-content\\\/uploads\\\/2023\\\/09\\\/Kennedy-Sales-Logo-header-1.png\",\"width\":150,\"height\":77,\"caption\":\"Ks Products\"},\"image\":{\"@id\":\"https:\\\/\\\/ksproducts.ca\\\/#\\\/schema\\\/logo\\\/image\\\/\"}}]}<\/script>\n<!-- \/ Yoast SEO plugin. -->","yoast_head_json":{"title":"Tuyau adaptateur pour propane - Ks Products","robots":{"index":"index","follow":"follow","max-snippet":"max-snippet:-1","max-image-preview":"max-image-preview:large","max-video-preview":"max-video-preview:-1"},"canonical":"https:\/\/ksproducts.ca\/fr\/product\/tuyau-adaptateur-pour-propane\/","og_locale":"fr_CA","og_type":"article","og_title":"Propane Adapter Hose - Ks Products","og_description":"The 3-foot Propane Adapter Hose with Regulator allows you to switch from a 1 pound propane bottle to a bulk (20 pound) propane tank. The connector is specifically designed to work with the Blackstone\u00a017\" & 22\" Tabletop Griddles\u00a0and the\u00a0Griddle Charcoal Grill Combo.","og_url":"https:\/\/ksproducts.ca\/fr\/product\/tuyau-adaptateur-pour-propane\/","og_site_name":"Ks Products","article_modified_time":"2026-04-04T14:20:21+00:00","og_image":[{"width":1920,"height":1721,"url":"https:\/\/ksproducts.ca\/wp-content\/uploads\/2023\/03\/5471-1-scaled-11-jpeg.webp","type":"image\/jpeg"}],"twitter_card":"summary_large_image","twitter_misc":{"Estimation du temps de lecture":"1 minute"},"schema":{"@context":"https:\/\/schema.org","@graph":[{"@type":"WebPage","@id":"https:\/\/ksproducts.ca\/product\/propane-adapter-hose\/","url":"https:\/\/ksproducts.ca\/product\/propane-adapter-hose\/","name":"Tuyau adaptateur pour propane - Ks Products","isPartOf":{"@id":"https:\/\/ksproducts.ca\/#website"},"primaryImageOfPage":{"@id":"https:\/\/ksproducts.ca\/product\/propane-adapter-hose\/#primaryimage"},"image":{"@id":"https:\/\/ksproducts.ca\/product\/propane-adapter-hose\/#primaryimage"},"thumbnailUrl":"https:\/\/ksproducts.ca\/wp-content\/uploads\/2023\/03\/5471-1-scaled-11-jpeg.webp","datePublished":"2023-03-27T21:19:11+00:00","dateModified":"2026-04-04T14:20:21+00:00","breadcrumb":{"@id":"https:\/\/ksproducts.ca\/product\/propane-adapter-hose\/#breadcrumb"},"inLanguage":"fr-CA","potentialAction":[{"@type":"ReadAction","target":["https:\/\/ksproducts.ca\/product\/propane-adapter-hose\/"]}]},{"@type":"ImageObject","inLanguage":"fr-CA","@id":"https:\/\/ksproducts.ca\/product\/propane-adapter-hose\/#primaryimage","url":"https:\/\/ksproducts.ca\/wp-content\/uploads\/2023\/03\/5471-1-scaled-11-jpeg.webp","contentUrl":"https:\/\/ksproducts.ca\/wp-content\/uploads\/2023\/03\/5471-1-scaled-11-jpeg.webp","width":1920,"height":1721,"caption":"5471 1 scaled 11 jpeg"},{"@type":"BreadcrumbList","@id":"https:\/\/ksproducts.ca\/product\/propane-adapter-hose\/#breadcrumb","itemListElement":[{"@type":"ListItem","position":1,"name":"Home","item":"https:\/\/ksproducts.ca\/"},{"@type":"ListItem","position":2,"name":"Shop","item":"https:\/\/ksproducts.ca\/shop\/"},{"@type":"ListItem","position":3,"name":"Propane Adapter Hose"}]},{"@type":"WebSite","@id":"https:\/\/ksproducts.ca\/#website","url":"https:\/\/ksproducts.ca\/","name":"Produits Ks","description":"Cuisiner et vivre en plein air, c'est facile au Canada","publisher":{"@id":"https:\/\/ksproducts.ca\/#organization"},"potentialAction":[{"@type":"SearchAction","target":{"@type":"EntryPoint","urlTemplate":"https:\/\/ksproducts.ca\/?s={search_term_string}"},"query-input":{"@type":"PropertyValueSpecification","valueRequired":true,"valueName":"search_term_string"}}],"inLanguage":"fr-CA"},{"@type":"Organization","@id":"https:\/\/ksproducts.ca\/#organization","name":"Produits Ks","url":"https:\/\/ksproducts.ca\/","logo":{"@type":"ImageObject","inLanguage":"fr-CA","@id":"https:\/\/ksproducts.ca\/#\/schema\/logo\/image\/","url":"https:\/\/ksproducts.ca\/wp-content\/uploads\/2023\/09\/Kennedy-Sales-Logo-header-1.png","contentUrl":"https:\/\/ksproducts.ca\/wp-content\/uploads\/2023\/09\/Kennedy-Sales-Logo-header-1.png","width":150,"height":77,"caption":"Ks Products"},"image":{"@id":"https:\/\/ksproducts.ca\/#\/schema\/logo\/image\/"}}]}},"_links":{"self":[{"href":"https:\/\/ksproducts.ca\/fr\/wp-json\/wp\/v2\/product\/5568","targetHints":{"allow":["GET"]}}],"collection":[{"href":"https:\/\/ksproducts.ca\/fr\/wp-json\/wp\/v2\/product"}],"about":[{"href":"https:\/\/ksproducts.ca\/fr\/wp-json\/wp\/v2\/types\/product"}],"replies":[{"embeddable":true,"href":"https:\/\/ksproducts.ca\/fr\/wp-json\/wp\/v2\/comments?post=5568"}],"version-history":[{"count":2,"href":"https:\/\/ksproducts.ca\/fr\/wp-json\/wp\/v2\/product\/5568\/revisions"}],"predecessor-version":[{"id":10090,"href":"https:\/\/ksproducts.ca\/fr\/wp-json\/wp\/v2\/product\/5568\/revisions\/10090"}],"wp:featuredmedia":[{"embeddable":true,"href":"https:\/\/ksproducts.ca\/fr\/wp-json\/wp\/v2\/media\/5569"}],"wp:attachment":[{"href":"https:\/\/ksproducts.ca\/fr\/wp-json\/wp\/v2\/media?parent=5568"}],"wp:term":[{"taxonomy":"product_cat","embeddable":true,"href":"https:\/\/ksproducts.ca\/fr\/wp-json\/wp\/v2\/product_cat?post=5568"},{"taxonomy":"product_tag","embeddable":true,"href":"https:\/\/ksproducts.ca\/fr\/wp-json\/wp\/v2\/product_tag?post=5568"}],"curies":[{"name":"wp","href":"https:\/\/api.w.org\/{rel}","templated":true}]}}