{"id":5599,"date":"2023-03-27T21:19:14","date_gmt":"2023-03-27T21:19:14","guid":{"rendered":"https:\/\/ksproducts.ca\/product\/tailgater-combo-griddle-grill\/"},"modified":"2026-04-12T10:33:52","modified_gmt":"2026-04-12T10:33:52","slug":"tailgater-combo-griddle-grill","status":"publish","type":"product","link":"https:\/\/ksproducts.ca\/fr\/product\/tailgater-combo-griddle-grill\/","title":{"rendered":"Combo Tailgater (Gril + Grill)"},"content":{"rendered":"<ul>\n<li>1 br\u00fbleur en acier inoxydable de type \u201cH<\/li>\n<li>35 000 BTU de chaleur entre les deux br\u00fbleurs<\/li>\n<li>Surface de cuisson totale de 477 pouces carr\u00e9s, y compris un gril polyvalent et une plaque \u00e0 griller<\/li>\n<li>Deux commandes de chaleur r\u00e9glables avec un allumeur \u00e9lectrique int\u00e9gr\u00e9<\/li>\n<li>Les accessoires Grill Box et Griddle Plate sont inclus.<\/li>\n<li>Acc\u00e8s direct au br\u00fbleur pour les fours hollandais, les po\u00eales \u00e0 frire et les marmites<\/li>\n<li>Double bac \u00e0 graisse extra-large<\/li>\n<li>Pieds r\u00e9glables ind\u00e9pendamment pour une utilisation sur tout type de terrain<\/li>\n<li>Dimensions de la bo\u00eete-37\u2033 L x 20\u2033 H x 18\u2033 L, 78 LBS<\/li>\n<li>Dimensions assembl\u00e9es-37\u2033 L x 20\u2033 H (r\u00e9glable en hauteur) x 18\u2033 L<\/li>\n<\/ul>","protected":false},"excerpt":{"rendered":"<p>Le Blackstone Gas Tailgater Combo en noir avec bo\u00eete \u00e0 grillades s'attaque \u00e0 n'importe quoi, n'importe quand, n'importe o\u00f9. Faites griller du poisson, des hamburgers, du poulet, des steaks et des l\u00e9gumes sur la bo\u00eete \u00e0 grillades. Saisissez des pommes de terre rissol\u00e9es, du bacon et des \u0153ufs sur la plaque de cuisson. Utilisez ensuite le br\u00fbleur direct pour cuisiner avec des marmites, des marmites \u00e0 bouillon et des po\u00eales \u00e0 frire. Avec une puissance de 35 000 BTU, faites de chaque tailgate, camping et sortie dans l'arri\u00e8re-cour l'\u00e9v\u00e9nement des champions ! C'est polyvalent, c'est intense, c'est Blackstone ! Ce combo comprend un support avec deux br\u00fbleurs, une plaque \u00e0 griller et une bo\u00eete \u00e0 grillades.<\/p>","protected":false},"featured_media":5600,"comment_status":"closed","ping_status":"closed","template":"","meta":[],"product_cat":[395],"product_tag":[],"class_list":{"0":"post-5599","1":"product","2":"type-product","3":"status-publish","4":"has-post-thumbnail","6":"product_cat-17-inch-griddle","7":"product_shipping_class-class-4","9":"first","10":"instock","11":"taxable","12":"shipping-taxable","13":"purchasable","14":"product-type-simple"},"yoast_head":"<!-- This site is optimized with the Yoast SEO plugin v27.3 - https:\/\/yoast.com\/product\/yoast-seo-wordpress\/ -->\n<title>Tailgater Combo (Griddle+ Grill) - Ks Products<\/title>\n<meta name=\"robots\" content=\"index, follow, max-snippet:-1, max-image-preview:large, max-video-preview:-1\" \/>\n<link rel=\"canonical\" href=\"https:\/\/ksproducts.ca\/fr\/product\/tailgater-combo-griddle-grill\/\" \/>\n<meta property=\"og:locale\" content=\"fr_CA\" \/>\n<meta property=\"og:type\" content=\"article\" \/>\n<meta property=\"og:title\" content=\"Tailgater Combo (Griddle+ Grill) - Ks Products\" \/>\n<meta property=\"og:description\" content=\"The Blackstone Gas Tailgater Combo in Black with Grill Box tackles anything, anytime, anywhere. Grill up fish, burgers, chicken, steaks, and veggies on the grill box. Sear some hash browns, bacon, and eggs on the griddle plate. Then use the direct burner to cook with dutch ovens, stock pots, and skillets. With 35,000 BTUs of firepower, make any tailgate, campsite, and backyard outing the event of champions! It\u2019s versatile; it\u2019s intense, it\u2019s Blackstone!nnThis combo includes a stand with two burners, a griddle plate, and a grill box.\" \/>\n<meta property=\"og:url\" content=\"https:\/\/ksproducts.ca\/fr\/product\/tailgater-combo-griddle-grill\/\" \/>\n<meta property=\"og:site_name\" content=\"Ks Products\" \/>\n<meta property=\"article:modified_time\" content=\"2026-04-12T10:33:52+00:00\" \/>\n<meta property=\"og:image\" content=\"https:\/\/ksproducts.ca\/wp-content\/uploads\/2023\/03\/1555-jpg.webp\" \/>\n\t<meta property=\"og:image:width\" content=\"1004\" \/>\n\t<meta property=\"og:image:height\" content=\"908\" \/>\n\t<meta property=\"og:image:type\" content=\"image\/jpeg\" \/>\n<meta name=\"twitter:card\" content=\"summary_large_image\" \/>\n<meta name=\"twitter:label1\" content=\"Estimation du temps de lecture\" \/>\n\t<meta name=\"twitter:data1\" content=\"1 minute\" \/>\n<script type=\"application\/ld+json\" class=\"yoast-schema-graph\">{\"@context\":\"https:\\\/\\\/schema.org\",\"@graph\":[{\"@type\":\"WebPage\",\"@id\":\"https:\\\/\\\/ksproducts.ca\\\/product\\\/tailgater-combo-griddle-grill\\\/\",\"url\":\"https:\\\/\\\/ksproducts.ca\\\/product\\\/tailgater-combo-griddle-grill\\\/\",\"name\":\"Tailgater Combo (Griddle+ Grill) - Ks Products\",\"isPartOf\":{\"@id\":\"https:\\\/\\\/ksproducts.ca\\\/#website\"},\"primaryImageOfPage\":{\"@id\":\"https:\\\/\\\/ksproducts.ca\\\/product\\\/tailgater-combo-griddle-grill\\\/#primaryimage\"},\"image\":{\"@id\":\"https:\\\/\\\/ksproducts.ca\\\/product\\\/tailgater-combo-griddle-grill\\\/#primaryimage\"},\"thumbnailUrl\":\"https:\\\/\\\/ksproducts.ca\\\/wp-content\\\/uploads\\\/2023\\\/03\\\/1555-jpg.webp\",\"datePublished\":\"2023-03-27T21:19:14+00:00\",\"dateModified\":\"2026-04-12T10:33:52+00:00\",\"breadcrumb\":{\"@id\":\"https:\\\/\\\/ksproducts.ca\\\/product\\\/tailgater-combo-griddle-grill\\\/#breadcrumb\"},\"inLanguage\":\"fr-CA\",\"potentialAction\":[{\"@type\":\"ReadAction\",\"target\":[\"https:\\\/\\\/ksproducts.ca\\\/product\\\/tailgater-combo-griddle-grill\\\/\"]}]},{\"@type\":\"ImageObject\",\"inLanguage\":\"fr-CA\",\"@id\":\"https:\\\/\\\/ksproducts.ca\\\/product\\\/tailgater-combo-griddle-grill\\\/#primaryimage\",\"url\":\"https:\\\/\\\/ksproducts.ca\\\/wp-content\\\/uploads\\\/2023\\\/03\\\/1555-jpg.webp\",\"contentUrl\":\"https:\\\/\\\/ksproducts.ca\\\/wp-content\\\/uploads\\\/2023\\\/03\\\/1555-jpg.webp\",\"width\":1004,\"height\":908,\"caption\":\"1555 jpg\"},{\"@type\":\"BreadcrumbList\",\"@id\":\"https:\\\/\\\/ksproducts.ca\\\/product\\\/tailgater-combo-griddle-grill\\\/#breadcrumb\",\"itemListElement\":[{\"@type\":\"ListItem\",\"position\":1,\"name\":\"Home\",\"item\":\"https:\\\/\\\/ksproducts.ca\\\/\"},{\"@type\":\"ListItem\",\"position\":2,\"name\":\"Shop\",\"item\":\"https:\\\/\\\/ksproducts.ca\\\/shop\\\/\"},{\"@type\":\"ListItem\",\"position\":3,\"name\":\"Tailgater Combo (Griddle+ Grill)\"}]},{\"@type\":\"WebSite\",\"@id\":\"https:\\\/\\\/ksproducts.ca\\\/#website\",\"url\":\"https:\\\/\\\/ksproducts.ca\\\/\",\"name\":\"Ks Products\",\"description\":\"Outdoor cooking and living, made easy in Canada\",\"publisher\":{\"@id\":\"https:\\\/\\\/ksproducts.ca\\\/#organization\"},\"potentialAction\":[{\"@type\":\"SearchAction\",\"target\":{\"@type\":\"EntryPoint\",\"urlTemplate\":\"https:\\\/\\\/ksproducts.ca\\\/?s={search_term_string}\"},\"query-input\":{\"@type\":\"PropertyValueSpecification\",\"valueRequired\":true,\"valueName\":\"search_term_string\"}}],\"inLanguage\":\"fr-CA\"},{\"@type\":\"Organization\",\"@id\":\"https:\\\/\\\/ksproducts.ca\\\/#organization\",\"name\":\"Ks Products\",\"url\":\"https:\\\/\\\/ksproducts.ca\\\/\",\"logo\":{\"@type\":\"ImageObject\",\"inLanguage\":\"fr-CA\",\"@id\":\"https:\\\/\\\/ksproducts.ca\\\/#\\\/schema\\\/logo\\\/image\\\/\",\"url\":\"https:\\\/\\\/ksproducts.ca\\\/wp-content\\\/uploads\\\/2023\\\/09\\\/Kennedy-Sales-Logo-header-1.png\",\"contentUrl\":\"https:\\\/\\\/ksproducts.ca\\\/wp-content\\\/uploads\\\/2023\\\/09\\\/Kennedy-Sales-Logo-header-1.png\",\"width\":150,\"height\":77,\"caption\":\"Ks Products\"},\"image\":{\"@id\":\"https:\\\/\\\/ksproducts.ca\\\/#\\\/schema\\\/logo\\\/image\\\/\"}}]}<\/script>\n<!-- \/ Yoast SEO plugin. -->","yoast_head_json":{"title":"Tailgater Combo (Gril + Grill) - Ks Products","robots":{"index":"index","follow":"follow","max-snippet":"max-snippet:-1","max-image-preview":"max-image-preview:large","max-video-preview":"max-video-preview:-1"},"canonical":"https:\/\/ksproducts.ca\/fr\/product\/tailgater-combo-griddle-grill\/","og_locale":"fr_CA","og_type":"article","og_title":"Tailgater Combo (Griddle+ Grill) - Ks Products","og_description":"The Blackstone Gas Tailgater Combo in Black with Grill Box tackles anything, anytime, anywhere. Grill up fish, burgers, chicken, steaks, and veggies on the grill box. Sear some hash browns, bacon, and eggs on the griddle plate. Then use the direct burner to cook with dutch ovens, stock pots, and skillets. With 35,000 BTUs of firepower, make any tailgate, campsite, and backyard outing the event of champions! It\u2019s versatile; it\u2019s intense, it\u2019s Blackstone!nnThis combo includes a stand with two burners, a griddle plate, and a grill box.","og_url":"https:\/\/ksproducts.ca\/fr\/product\/tailgater-combo-griddle-grill\/","og_site_name":"Ks Products","article_modified_time":"2026-04-12T10:33:52+00:00","og_image":[{"width":1004,"height":908,"url":"https:\/\/ksproducts.ca\/wp-content\/uploads\/2023\/03\/1555-jpg.webp","type":"image\/jpeg"}],"twitter_card":"summary_large_image","twitter_misc":{"Estimation du temps de lecture":"1 minute"},"schema":{"@context":"https:\/\/schema.org","@graph":[{"@type":"WebPage","@id":"https:\/\/ksproducts.ca\/product\/tailgater-combo-griddle-grill\/","url":"https:\/\/ksproducts.ca\/product\/tailgater-combo-griddle-grill\/","name":"Tailgater Combo (Gril + Grill) - Ks Products","isPartOf":{"@id":"https:\/\/ksproducts.ca\/#website"},"primaryImageOfPage":{"@id":"https:\/\/ksproducts.ca\/product\/tailgater-combo-griddle-grill\/#primaryimage"},"image":{"@id":"https:\/\/ksproducts.ca\/product\/tailgater-combo-griddle-grill\/#primaryimage"},"thumbnailUrl":"https:\/\/ksproducts.ca\/wp-content\/uploads\/2023\/03\/1555-jpg.webp","datePublished":"2023-03-27T21:19:14+00:00","dateModified":"2026-04-12T10:33:52+00:00","breadcrumb":{"@id":"https:\/\/ksproducts.ca\/product\/tailgater-combo-griddle-grill\/#breadcrumb"},"inLanguage":"fr-CA","potentialAction":[{"@type":"ReadAction","target":["https:\/\/ksproducts.ca\/product\/tailgater-combo-griddle-grill\/"]}]},{"@type":"ImageObject","inLanguage":"fr-CA","@id":"https:\/\/ksproducts.ca\/product\/tailgater-combo-griddle-grill\/#primaryimage","url":"https:\/\/ksproducts.ca\/wp-content\/uploads\/2023\/03\/1555-jpg.webp","contentUrl":"https:\/\/ksproducts.ca\/wp-content\/uploads\/2023\/03\/1555-jpg.webp","width":1004,"height":908,"caption":"1555 jpg"},{"@type":"BreadcrumbList","@id":"https:\/\/ksproducts.ca\/product\/tailgater-combo-griddle-grill\/#breadcrumb","itemListElement":[{"@type":"ListItem","position":1,"name":"Home","item":"https:\/\/ksproducts.ca\/"},{"@type":"ListItem","position":2,"name":"Shop","item":"https:\/\/ksproducts.ca\/shop\/"},{"@type":"ListItem","position":3,"name":"Tailgater Combo (Griddle+ Grill)"}]},{"@type":"WebSite","@id":"https:\/\/ksproducts.ca\/#website","url":"https:\/\/ksproducts.ca\/","name":"Produits Ks","description":"Cuisiner et vivre en plein air, c'est facile au Canada","publisher":{"@id":"https:\/\/ksproducts.ca\/#organization"},"potentialAction":[{"@type":"SearchAction","target":{"@type":"EntryPoint","urlTemplate":"https:\/\/ksproducts.ca\/?s={search_term_string}"},"query-input":{"@type":"PropertyValueSpecification","valueRequired":true,"valueName":"search_term_string"}}],"inLanguage":"fr-CA"},{"@type":"Organization","@id":"https:\/\/ksproducts.ca\/#organization","name":"Produits Ks","url":"https:\/\/ksproducts.ca\/","logo":{"@type":"ImageObject","inLanguage":"fr-CA","@id":"https:\/\/ksproducts.ca\/#\/schema\/logo\/image\/","url":"https:\/\/ksproducts.ca\/wp-content\/uploads\/2023\/09\/Kennedy-Sales-Logo-header-1.png","contentUrl":"https:\/\/ksproducts.ca\/wp-content\/uploads\/2023\/09\/Kennedy-Sales-Logo-header-1.png","width":150,"height":77,"caption":"Ks Products"},"image":{"@id":"https:\/\/ksproducts.ca\/#\/schema\/logo\/image\/"}}]}},"_links":{"self":[{"href":"https:\/\/ksproducts.ca\/fr\/wp-json\/wp\/v2\/product\/5599","targetHints":{"allow":["GET"]}}],"collection":[{"href":"https:\/\/ksproducts.ca\/fr\/wp-json\/wp\/v2\/product"}],"about":[{"href":"https:\/\/ksproducts.ca\/fr\/wp-json\/wp\/v2\/types\/product"}],"replies":[{"embeddable":true,"href":"https:\/\/ksproducts.ca\/fr\/wp-json\/wp\/v2\/comments?post=5599"}],"version-history":[{"count":3,"href":"https:\/\/ksproducts.ca\/fr\/wp-json\/wp\/v2\/product\/5599\/revisions"}],"predecessor-version":[{"id":9931,"href":"https:\/\/ksproducts.ca\/fr\/wp-json\/wp\/v2\/product\/5599\/revisions\/9931"}],"wp:featuredmedia":[{"embeddable":true,"href":"https:\/\/ksproducts.ca\/fr\/wp-json\/wp\/v2\/media\/5600"}],"wp:attachment":[{"href":"https:\/\/ksproducts.ca\/fr\/wp-json\/wp\/v2\/media?parent=5599"}],"wp:term":[{"taxonomy":"product_cat","embeddable":true,"href":"https:\/\/ksproducts.ca\/fr\/wp-json\/wp\/v2\/product_cat?post=5599"},{"taxonomy":"product_tag","embeddable":true,"href":"https:\/\/ksproducts.ca\/fr\/wp-json\/wp\/v2\/product_tag?post=5599"}],"curies":[{"name":"wp","href":"https:\/\/api.w.org\/{rel}","templated":true}]}}