{"id":5621,"date":"2023-03-27T21:19:14","date_gmt":"2023-03-27T21:19:14","guid":{"rendered":"https:\/\/ksproducts.ca\/product\/17-22-griddle-stand\/"},"modified":"2026-04-03T19:02:27","modified_gmt":"2026-04-03T19:02:27","slug":"17-22-support-de-plaque-de-cuisson","status":"publish","type":"product","link":"https:\/\/ksproducts.ca\/fr\/product\/17-22-griddle-stand\/","title":{"rendered":"17\u2033 &amp; 22\u2033 Support pour gril"},"content":{"rendered":"<ul>n \t<\/p>\n<li>Convient aux grilles de table 17\u2033 et 22\u2033.<\/li>\n<p>n \t<\/p>\n<li>Construction durable en acier<\/li>\n<p>n \t<\/p>\n<li>Pieds repliables pour un transport facile<\/li>\n<p>n \t<\/p>\n<li>Tablette lat\u00e9rale facilement amovible<\/li>\n<p>n<\/ul>\n<p>nDisclaimer : Ne convient pas aux mod\u00e8les de la s\u00e9rie E<\/p>","protected":false},"excerpt":{"rendered":"<p>Le support Blackstone 17\u2033\/22\u2033 avec \u00e9tag\u00e8re lat\u00e9rale est con\u00e7u pour s'adapter aux grils de table 17\u2033 ou 22\u2033. Pratiquement portable et facile \u00e0 d\u00e9monter, vous pouvez l'emmener partout o\u00f9 vous avez toujours voulu voyager avec votre plancha. Pieds r\u00e9glables pour niveler votre surface sur n'importe quel terrain ou \u00e0 n'importe quelle hauteur. L'\u00e9tag\u00e8re lat\u00e9rale peut \u00eatre facilement enlev\u00e9e ou attach\u00e9e, ce qui rend le rangement petit et pratique.<\/p>","protected":false},"featured_media":5622,"comment_status":"closed","ping_status":"closed","template":"","meta":[],"product_cat":[440],"product_tag":[],"class_list":{"0":"post-5621","1":"product","2":"type-product","3":"status-publish","4":"has-post-thumbnail","6":"product_cat-stands-prep-carts","7":"product_shipping_class-class-3","9":"first","10":"instock","11":"purchasable","12":"product-type-simple"},"yoast_head":"<!-- This site is optimized with the Yoast SEO plugin v27.3 - https:\/\/yoast.com\/product\/yoast-seo-wordpress\/ -->\n<title>17&quot; &amp; 22&quot; Griddle Stand - Ks Products<\/title>\n<meta name=\"robots\" content=\"index, follow, max-snippet:-1, max-image-preview:large, max-video-preview:-1\" \/>\n<link rel=\"canonical\" href=\"https:\/\/ksproducts.ca\/fr\/product\/17-22-support-de-plaque-de-cuisson\/\" \/>\n<meta property=\"og:locale\" content=\"fr_CA\" \/>\n<meta property=\"og:type\" content=\"article\" \/>\n<meta property=\"og:title\" content=\"17&quot; &amp; 22&quot; Griddle Stand - Ks Products\" \/>\n<meta property=\"og:description\" content=\"Blackstone 17&quot;\/22&quot; leg stand with side shelf is made to fit either the 17&quot; or 22&quot; Table Top Griddles. Conveniently portable and easy to break down, take it anywhere you&#039;ve ever wanted to travel with your griddle. Adjustable legs to level your surface on any terrain, or any height. Side shelf can easily be removed or attached making storage small and conveniently.\" \/>\n<meta property=\"og:url\" content=\"https:\/\/ksproducts.ca\/fr\/product\/17-22-support-de-plaque-de-cuisson\/\" \/>\n<meta property=\"og:site_name\" content=\"Ks Products\" \/>\n<meta property=\"article:modified_time\" content=\"2026-04-03T19:02:27+00:00\" \/>\n<meta property=\"og:image\" content=\"https:\/\/ksproducts.ca\/wp-content\/uploads\/2023\/03\/5013-1-jpg.webp\" \/>\n\t<meta property=\"og:image:width\" content=\"600\" \/>\n\t<meta property=\"og:image:height\" content=\"600\" \/>\n\t<meta property=\"og:image:type\" content=\"image\/jpeg\" \/>\n<meta name=\"twitter:card\" content=\"summary_large_image\" \/>\n<script type=\"application\/ld+json\" class=\"yoast-schema-graph\">{\"@context\":\"https:\\\/\\\/schema.org\",\"@graph\":[{\"@type\":\"WebPage\",\"@id\":\"https:\\\/\\\/ksproducts.ca\\\/product\\\/17-22-griddle-stand\\\/\",\"url\":\"https:\\\/\\\/ksproducts.ca\\\/product\\\/17-22-griddle-stand\\\/\",\"name\":\"17\\\" & 22\\\" Griddle Stand - Ks Products\",\"isPartOf\":{\"@id\":\"https:\\\/\\\/ksproducts.ca\\\/#website\"},\"primaryImageOfPage\":{\"@id\":\"https:\\\/\\\/ksproducts.ca\\\/product\\\/17-22-griddle-stand\\\/#primaryimage\"},\"image\":{\"@id\":\"https:\\\/\\\/ksproducts.ca\\\/product\\\/17-22-griddle-stand\\\/#primaryimage\"},\"thumbnailUrl\":\"https:\\\/\\\/ksproducts.ca\\\/wp-content\\\/uploads\\\/2023\\\/03\\\/5013-1-jpg.webp\",\"datePublished\":\"2023-03-27T21:19:14+00:00\",\"dateModified\":\"2026-04-03T19:02:27+00:00\",\"breadcrumb\":{\"@id\":\"https:\\\/\\\/ksproducts.ca\\\/product\\\/17-22-griddle-stand\\\/#breadcrumb\"},\"inLanguage\":\"fr-CA\",\"potentialAction\":[{\"@type\":\"ReadAction\",\"target\":[\"https:\\\/\\\/ksproducts.ca\\\/product\\\/17-22-griddle-stand\\\/\"]}]},{\"@type\":\"ImageObject\",\"inLanguage\":\"fr-CA\",\"@id\":\"https:\\\/\\\/ksproducts.ca\\\/product\\\/17-22-griddle-stand\\\/#primaryimage\",\"url\":\"https:\\\/\\\/ksproducts.ca\\\/wp-content\\\/uploads\\\/2023\\\/03\\\/5013-1-jpg.webp\",\"contentUrl\":\"https:\\\/\\\/ksproducts.ca\\\/wp-content\\\/uploads\\\/2023\\\/03\\\/5013-1-jpg.webp\",\"width\":600,\"height\":600,\"caption\":\"5013 1 jpg\"},{\"@type\":\"BreadcrumbList\",\"@id\":\"https:\\\/\\\/ksproducts.ca\\\/product\\\/17-22-griddle-stand\\\/#breadcrumb\",\"itemListElement\":[{\"@type\":\"ListItem\",\"position\":1,\"name\":\"Home\",\"item\":\"https:\\\/\\\/ksproducts.ca\\\/\"},{\"@type\":\"ListItem\",\"position\":2,\"name\":\"Shop\",\"item\":\"https:\\\/\\\/ksproducts.ca\\\/shop\\\/\"},{\"@type\":\"ListItem\",\"position\":3,\"name\":\"17&#8243; &#038; 22&#8243; Griddle Stand\"}]},{\"@type\":\"WebSite\",\"@id\":\"https:\\\/\\\/ksproducts.ca\\\/#website\",\"url\":\"https:\\\/\\\/ksproducts.ca\\\/\",\"name\":\"Ks Products\",\"description\":\"Outdoor cooking and living, made easy in Canada\",\"publisher\":{\"@id\":\"https:\\\/\\\/ksproducts.ca\\\/#organization\"},\"potentialAction\":[{\"@type\":\"SearchAction\",\"target\":{\"@type\":\"EntryPoint\",\"urlTemplate\":\"https:\\\/\\\/ksproducts.ca\\\/?s={search_term_string}\"},\"query-input\":{\"@type\":\"PropertyValueSpecification\",\"valueRequired\":true,\"valueName\":\"search_term_string\"}}],\"inLanguage\":\"fr-CA\"},{\"@type\":\"Organization\",\"@id\":\"https:\\\/\\\/ksproducts.ca\\\/#organization\",\"name\":\"Ks Products\",\"url\":\"https:\\\/\\\/ksproducts.ca\\\/\",\"logo\":{\"@type\":\"ImageObject\",\"inLanguage\":\"fr-CA\",\"@id\":\"https:\\\/\\\/ksproducts.ca\\\/#\\\/schema\\\/logo\\\/image\\\/\",\"url\":\"https:\\\/\\\/ksproducts.ca\\\/wp-content\\\/uploads\\\/2023\\\/09\\\/Kennedy-Sales-Logo-header-1.png\",\"contentUrl\":\"https:\\\/\\\/ksproducts.ca\\\/wp-content\\\/uploads\\\/2023\\\/09\\\/Kennedy-Sales-Logo-header-1.png\",\"width\":150,\"height\":77,\"caption\":\"Ks Products\"},\"image\":{\"@id\":\"https:\\\/\\\/ksproducts.ca\\\/#\\\/schema\\\/logo\\\/image\\\/\"}}]}<\/script>\n<!-- \/ Yoast SEO plugin. -->","yoast_head_json":{"title":"Support pour gril 17\" et 22\" - Ks Products","robots":{"index":"index","follow":"follow","max-snippet":"max-snippet:-1","max-image-preview":"max-image-preview:large","max-video-preview":"max-video-preview:-1"},"canonical":"https:\/\/ksproducts.ca\/fr\/product\/17-22-support-de-plaque-de-cuisson\/","og_locale":"fr_CA","og_type":"article","og_title":"17\" & 22\" Griddle Stand - Ks Products","og_description":"Blackstone 17\"\/22\" leg stand with side shelf is made to fit either the 17\" or 22\" Table Top Griddles. Conveniently portable and easy to break down, take it anywhere you've ever wanted to travel with your griddle. Adjustable legs to level your surface on any terrain, or any height. Side shelf can easily be removed or attached making storage small and conveniently.","og_url":"https:\/\/ksproducts.ca\/fr\/product\/17-22-support-de-plaque-de-cuisson\/","og_site_name":"Ks Products","article_modified_time":"2026-04-03T19:02:27+00:00","og_image":[{"width":600,"height":600,"url":"https:\/\/ksproducts.ca\/wp-content\/uploads\/2023\/03\/5013-1-jpg.webp","type":"image\/jpeg"}],"twitter_card":"summary_large_image","schema":{"@context":"https:\/\/schema.org","@graph":[{"@type":"WebPage","@id":"https:\/\/ksproducts.ca\/product\/17-22-griddle-stand\/","url":"https:\/\/ksproducts.ca\/product\/17-22-griddle-stand\/","name":"Support pour gril 17\" et 22\" - Ks Products","isPartOf":{"@id":"https:\/\/ksproducts.ca\/#website"},"primaryImageOfPage":{"@id":"https:\/\/ksproducts.ca\/product\/17-22-griddle-stand\/#primaryimage"},"image":{"@id":"https:\/\/ksproducts.ca\/product\/17-22-griddle-stand\/#primaryimage"},"thumbnailUrl":"https:\/\/ksproducts.ca\/wp-content\/uploads\/2023\/03\/5013-1-jpg.webp","datePublished":"2023-03-27T21:19:14+00:00","dateModified":"2026-04-03T19:02:27+00:00","breadcrumb":{"@id":"https:\/\/ksproducts.ca\/product\/17-22-griddle-stand\/#breadcrumb"},"inLanguage":"fr-CA","potentialAction":[{"@type":"ReadAction","target":["https:\/\/ksproducts.ca\/product\/17-22-griddle-stand\/"]}]},{"@type":"ImageObject","inLanguage":"fr-CA","@id":"https:\/\/ksproducts.ca\/product\/17-22-griddle-stand\/#primaryimage","url":"https:\/\/ksproducts.ca\/wp-content\/uploads\/2023\/03\/5013-1-jpg.webp","contentUrl":"https:\/\/ksproducts.ca\/wp-content\/uploads\/2023\/03\/5013-1-jpg.webp","width":600,"height":600,"caption":"5013 1 jpg"},{"@type":"BreadcrumbList","@id":"https:\/\/ksproducts.ca\/product\/17-22-griddle-stand\/#breadcrumb","itemListElement":[{"@type":"ListItem","position":1,"name":"Home","item":"https:\/\/ksproducts.ca\/"},{"@type":"ListItem","position":2,"name":"Shop","item":"https:\/\/ksproducts.ca\/shop\/"},{"@type":"ListItem","position":3,"name":"17&#8243; &#038; 22&#8243; Griddle Stand"}]},{"@type":"WebSite","@id":"https:\/\/ksproducts.ca\/#website","url":"https:\/\/ksproducts.ca\/","name":"Produits Ks","description":"Cuisiner et vivre en plein air, c'est facile au Canada","publisher":{"@id":"https:\/\/ksproducts.ca\/#organization"},"potentialAction":[{"@type":"SearchAction","target":{"@type":"EntryPoint","urlTemplate":"https:\/\/ksproducts.ca\/?s={search_term_string}"},"query-input":{"@type":"PropertyValueSpecification","valueRequired":true,"valueName":"search_term_string"}}],"inLanguage":"fr-CA"},{"@type":"Organization","@id":"https:\/\/ksproducts.ca\/#organization","name":"Produits Ks","url":"https:\/\/ksproducts.ca\/","logo":{"@type":"ImageObject","inLanguage":"fr-CA","@id":"https:\/\/ksproducts.ca\/#\/schema\/logo\/image\/","url":"https:\/\/ksproducts.ca\/wp-content\/uploads\/2023\/09\/Kennedy-Sales-Logo-header-1.png","contentUrl":"https:\/\/ksproducts.ca\/wp-content\/uploads\/2023\/09\/Kennedy-Sales-Logo-header-1.png","width":150,"height":77,"caption":"Ks Products"},"image":{"@id":"https:\/\/ksproducts.ca\/#\/schema\/logo\/image\/"}}]}},"_links":{"self":[{"href":"https:\/\/ksproducts.ca\/fr\/wp-json\/wp\/v2\/product\/5621","targetHints":{"allow":["GET"]}}],"collection":[{"href":"https:\/\/ksproducts.ca\/fr\/wp-json\/wp\/v2\/product"}],"about":[{"href":"https:\/\/ksproducts.ca\/fr\/wp-json\/wp\/v2\/types\/product"}],"replies":[{"embeddable":true,"href":"https:\/\/ksproducts.ca\/fr\/wp-json\/wp\/v2\/comments?post=5621"}],"version-history":[{"count":1,"href":"https:\/\/ksproducts.ca\/fr\/wp-json\/wp\/v2\/product\/5621\/revisions"}],"predecessor-version":[{"id":10098,"href":"https:\/\/ksproducts.ca\/fr\/wp-json\/wp\/v2\/product\/5621\/revisions\/10098"}],"wp:featuredmedia":[{"embeddable":true,"href":"https:\/\/ksproducts.ca\/fr\/wp-json\/wp\/v2\/media\/5622"}],"wp:attachment":[{"href":"https:\/\/ksproducts.ca\/fr\/wp-json\/wp\/v2\/media?parent=5621"}],"wp:term":[{"taxonomy":"product_cat","embeddable":true,"href":"https:\/\/ksproducts.ca\/fr\/wp-json\/wp\/v2\/product_cat?post=5621"},{"taxonomy":"product_tag","embeddable":true,"href":"https:\/\/ksproducts.ca\/fr\/wp-json\/wp\/v2\/product_tag?post=5621"}],"curies":[{"name":"wp","href":"https:\/\/api.w.org\/{rel}","templated":true}]}}