{"id":5628,"date":"2023-03-27T21:19:14","date_gmt":"2023-03-27T21:19:14","guid":{"rendered":"https:\/\/ksproducts.ca\/product\/28-air-fryer-griddle-combo\/"},"modified":"2026-04-16T17:01:41","modified_gmt":"2026-04-16T17:01:41","slug":"28-combinaison-friteuse-plaque-de-cuisson","status":"publish","type":"product","link":"https:\/\/ksproducts.ca\/fr\/product\/28-air-fryer-griddle-combo\/","title":{"rendered":"Blackstone 28inch Griddle Plus Series Griddle with Air Fryer and Hood (gril de 28 pouces avec friteuse et hotte)"},"content":{"rendered":"<ul>\n<li>Plancha pour friteuse \u00e0 air de 28 pouces<\/li>\n<li>Deux zones de cuisson principales \u00e0 commande ind\u00e9pendante avec un total de 34 000 BTU.<\/li>\n<li>Un tiroir actif de friteuse \u00e0 air (4 pintes) et un tiroir chauffant (4 pintes)<\/li>\n<li>Deux \u00e9tag\u00e8res lat\u00e9rales<\/li>\n<li>Bande magn\u00e9tique<\/li>\n<li>Syst\u00e8me de gestion de la graisse \u00e0 l'arri\u00e8re<\/li>\n<\/ul>","protected":false},"excerpt":{"rendered":"<p>Avec la plancha Blackstone 2 feux 28\u2033 avec friteuse \u00e9lectrique et hotte, vous pouvez tout faire : cuire au four, saisir, r\u00f4tir, sauter et frire \u00e0 l'air. Cette plaque combine la simplicit\u00e9 et la facilit\u00e9 de la friture \u00e0 l'air avec l'art pratique de la cuisson au gril pour un m\u00e9lange de styles satisfaisant. 524 pouces carr\u00e9s d'espace de cuisson combin\u00e9s \u00e0 une capacit\u00e9 de friture \u00e0 l'air de 2 pintes pour tout l'espace dont vous avez besoin pour cuisiner des repas pour de grands groupes de personnes. Deux \u00e9tag\u00e8res lat\u00e9rales, une bande magn\u00e9tique pour les accessoires de grillade et des crochets pour les outils offrent un espace de pr\u00e9paration et de stockage pr\u00e9cieux. Une hotte retient la chaleur et r\u00e9duit les \u00e9claboussures, tandis que le syst\u00e8me brevet\u00e9 de gestion des graisses \u00e0 l'arri\u00e8re contr\u00f4le les salissures sur la surface de la plancha. Avec tout ce que vous pouvez faire sur cette plancha, vous serez baveux avant m\u00eame que votre d\u00eener ne soit termin\u00e9. Ce Blackstone aliment\u00e9 au propane et \u00e0 la prise est s\u00fbr d'apporter de nombreux repas d\u00e9licieux \u00e0 la table pour les ann\u00e9es \u00e0 venir.<\/p>","protected":false},"featured_media":8434,"comment_status":"open","ping_status":"closed","template":"","meta":[],"product_cat":[405,394],"product_tag":[],"class_list":{"0":"post-5628","1":"product","2":"type-product","3":"status-publish","4":"has-post-thumbnail","6":"product_brand-blackstone","7":"product_cat-28-inch-griddle","8":"product_cat-griddles-2","9":"product_shipping_class-class-5","11":"first","12":"instock","13":"taxable","14":"shipping-taxable","15":"purchasable","16":"product-type-simple"},"yoast_head":"<!-- This site is optimized with the Yoast SEO plugin v27.4 - https:\/\/yoast.com\/product\/yoast-seo-wordpress\/ -->\n<title>Blackstone 28inch Griddle Plus Series Griddle with Air Fryer and Hood - Ks Products<\/title>\n<meta name=\"robots\" content=\"index, follow, max-snippet:-1, max-image-preview:large, max-video-preview:-1\" \/>\n<link rel=\"canonical\" href=\"https:\/\/ksproducts.ca\/fr\/product\/28-combinaison-friteuse-plaque-de-cuisson\/\" \/>\n<meta property=\"og:locale\" content=\"fr_CA\" \/>\n<meta property=\"og:type\" content=\"article\" \/>\n<meta property=\"og:title\" content=\"Blackstone 28inch Griddle Plus Series Griddle with Air Fryer and Hood - Ks Products\" \/>\n<meta property=\"og:description\" content=\"With the Blackstone 2-Burner 28&quot; Griddle with Electric Air Fryer and Hood, you can do it all: bake, sear, roast, saut\u00e9, and air fry. This griddle combines the simplicity and ease of air frying with the hands-on art of griddling for a satisfying blend of styles. 524 Square inches of cooking space combine with 2 quarts air frying capacity for all the space you need to cook meals for large groups of people. Two side shelves, a magnetic strip for griddling accessories, and tool hooks provide precious prep and storage space. A hood retains heat and reduces splatter while patented rear grease management controls the mess on the griddle surface. With everything you can do on this griddle, you&#039;ll be drooling before your dinner is done. This propane and plug powered Blackstone is sure to bring lots of delicious meals to the table for years to come.\" \/>\n<meta property=\"og:url\" content=\"https:\/\/ksproducts.ca\/fr\/product\/28-combinaison-friteuse-plaque-de-cuisson\/\" \/>\n<meta property=\"og:site_name\" content=\"Ks Products\" \/>\n<meta property=\"article:modified_time\" content=\"2026-04-16T17:01:41+00:00\" \/>\n<meta property=\"og:image\" content=\"https:\/\/ksproducts.ca\/wp-content\/uploads\/2024\/04\/30-Culinary-Blackstone-2-Burner-1.png-1.png\" \/>\n\t<meta property=\"og:image:width\" content=\"400\" \/>\n\t<meta property=\"og:image:height\" content=\"310\" \/>\n\t<meta property=\"og:image:type\" content=\"image\/png\" \/>\n<meta name=\"twitter:card\" content=\"summary_large_image\" \/>\n<meta name=\"twitter:label1\" content=\"Estimation du temps de lecture\" \/>\n\t<meta name=\"twitter:data1\" content=\"1 minute\" \/>\n<script type=\"application\/ld+json\" class=\"yoast-schema-graph\">{\"@context\":\"https:\\\/\\\/schema.org\",\"@graph\":[{\"@type\":\"WebPage\",\"@id\":\"https:\\\/\\\/ksproducts.ca\\\/product\\\/28-air-fryer-griddle-combo\\\/\",\"url\":\"https:\\\/\\\/ksproducts.ca\\\/product\\\/28-air-fryer-griddle-combo\\\/\",\"name\":\"Blackstone 28inch Griddle Plus Series Griddle with Air Fryer and Hood - Ks Products\",\"isPartOf\":{\"@id\":\"https:\\\/\\\/ksproducts.ca\\\/#website\"},\"primaryImageOfPage\":{\"@id\":\"https:\\\/\\\/ksproducts.ca\\\/product\\\/28-air-fryer-griddle-combo\\\/#primaryimage\"},\"image\":{\"@id\":\"https:\\\/\\\/ksproducts.ca\\\/product\\\/28-air-fryer-griddle-combo\\\/#primaryimage\"},\"thumbnailUrl\":\"https:\\\/\\\/ksproducts.ca\\\/wp-content\\\/uploads\\\/2024\\\/04\\\/30-Culinary-Blackstone-2-Burner-1.png-1.png\",\"datePublished\":\"2023-03-27T21:19:14+00:00\",\"dateModified\":\"2026-04-16T17:01:41+00:00\",\"breadcrumb\":{\"@id\":\"https:\\\/\\\/ksproducts.ca\\\/product\\\/28-air-fryer-griddle-combo\\\/#breadcrumb\"},\"inLanguage\":\"fr-CA\",\"potentialAction\":[{\"@type\":\"ReadAction\",\"target\":[\"https:\\\/\\\/ksproducts.ca\\\/product\\\/28-air-fryer-griddle-combo\\\/\"]}]},{\"@type\":\"ImageObject\",\"inLanguage\":\"fr-CA\",\"@id\":\"https:\\\/\\\/ksproducts.ca\\\/product\\\/28-air-fryer-griddle-combo\\\/#primaryimage\",\"url\":\"https:\\\/\\\/ksproducts.ca\\\/wp-content\\\/uploads\\\/2024\\\/04\\\/30-Culinary-Blackstone-2-Burner-1.png-1.png\",\"contentUrl\":\"https:\\\/\\\/ksproducts.ca\\\/wp-content\\\/uploads\\\/2024\\\/04\\\/30-Culinary-Blackstone-2-Burner-1.png-1.png\",\"width\":400,\"height\":310,\"caption\":\"Blackstone 28inch Griddle Plus Series Griddle with Air Fryer and Hood\"},{\"@type\":\"BreadcrumbList\",\"@id\":\"https:\\\/\\\/ksproducts.ca\\\/product\\\/28-air-fryer-griddle-combo\\\/#breadcrumb\",\"itemListElement\":[{\"@type\":\"ListItem\",\"position\":1,\"name\":\"Home\",\"item\":\"https:\\\/\\\/ksproducts.ca\\\/\"},{\"@type\":\"ListItem\",\"position\":2,\"name\":\"Shop\",\"item\":\"https:\\\/\\\/ksproducts.ca\\\/shop\\\/\"},{\"@type\":\"ListItem\",\"position\":3,\"name\":\"Blackstone 28inch Griddle Plus Series Griddle with Air Fryer and Hood\"}]},{\"@type\":\"WebSite\",\"@id\":\"https:\\\/\\\/ksproducts.ca\\\/#website\",\"url\":\"https:\\\/\\\/ksproducts.ca\\\/\",\"name\":\"Ks Products\",\"description\":\"Outdoor cooking and living, made easy in Canada\",\"publisher\":{\"@id\":\"https:\\\/\\\/ksproducts.ca\\\/#organization\"},\"potentialAction\":[{\"@type\":\"SearchAction\",\"target\":{\"@type\":\"EntryPoint\",\"urlTemplate\":\"https:\\\/\\\/ksproducts.ca\\\/?s={search_term_string}\"},\"query-input\":{\"@type\":\"PropertyValueSpecification\",\"valueRequired\":true,\"valueName\":\"search_term_string\"}}],\"inLanguage\":\"fr-CA\"},{\"@type\":\"Organization\",\"@id\":\"https:\\\/\\\/ksproducts.ca\\\/#organization\",\"name\":\"Ks Products\",\"url\":\"https:\\\/\\\/ksproducts.ca\\\/\",\"logo\":{\"@type\":\"ImageObject\",\"inLanguage\":\"fr-CA\",\"@id\":\"https:\\\/\\\/ksproducts.ca\\\/#\\\/schema\\\/logo\\\/image\\\/\",\"url\":\"https:\\\/\\\/ksproducts.ca\\\/wp-content\\\/uploads\\\/2023\\\/09\\\/Kennedy-Sales-Logo-header-1.png\",\"contentUrl\":\"https:\\\/\\\/ksproducts.ca\\\/wp-content\\\/uploads\\\/2023\\\/09\\\/Kennedy-Sales-Logo-header-1.png\",\"width\":150,\"height\":77,\"caption\":\"Ks Products\"},\"image\":{\"@id\":\"https:\\\/\\\/ksproducts.ca\\\/#\\\/schema\\\/logo\\\/image\\\/\"}}]}<\/script>\n<!-- \/ Yoast SEO plugin. -->","yoast_head_json":{"title":"Plancha Blackstone 28 pouces s\u00e9rie Plus avec friteuse \u00e0 air et couvercle - Ks Products","robots":{"index":"index","follow":"follow","max-snippet":"max-snippet:-1","max-image-preview":"max-image-preview:large","max-video-preview":"max-video-preview:-1"},"canonical":"https:\/\/ksproducts.ca\/fr\/product\/28-combinaison-friteuse-plaque-de-cuisson\/","og_locale":"fr_CA","og_type":"article","og_title":"Blackstone 28inch Griddle Plus Series Griddle with Air Fryer and Hood - Ks Products","og_description":"With the Blackstone 2-Burner 28\" Griddle with Electric Air Fryer and Hood, you can do it all: bake, sear, roast, saut\u00e9, and air fry. This griddle combines the simplicity and ease of air frying with the hands-on art of griddling for a satisfying blend of styles. 524 Square inches of cooking space combine with 2 quarts air frying capacity for all the space you need to cook meals for large groups of people. Two side shelves, a magnetic strip for griddling accessories, and tool hooks provide precious prep and storage space. A hood retains heat and reduces splatter while patented rear grease management controls the mess on the griddle surface. With everything you can do on this griddle, you'll be drooling before your dinner is done. This propane and plug powered Blackstone is sure to bring lots of delicious meals to the table for years to come.","og_url":"https:\/\/ksproducts.ca\/fr\/product\/28-combinaison-friteuse-plaque-de-cuisson\/","og_site_name":"Ks Products","article_modified_time":"2026-04-16T17:01:41+00:00","og_image":[{"width":400,"height":310,"url":"https:\/\/ksproducts.ca\/wp-content\/uploads\/2024\/04\/30-Culinary-Blackstone-2-Burner-1.png-1.png","type":"image\/png"}],"twitter_card":"summary_large_image","twitter_misc":{"Estimation du temps de lecture":"1 minute"},"schema":{"@context":"https:\/\/schema.org","@graph":[{"@type":"WebPage","@id":"https:\/\/ksproducts.ca\/product\/28-air-fryer-griddle-combo\/","url":"https:\/\/ksproducts.ca\/product\/28-air-fryer-griddle-combo\/","name":"Plancha Blackstone 28 pouces s\u00e9rie Plus avec friteuse \u00e0 air et couvercle - Ks Products","isPartOf":{"@id":"https:\/\/ksproducts.ca\/#website"},"primaryImageOfPage":{"@id":"https:\/\/ksproducts.ca\/product\/28-air-fryer-griddle-combo\/#primaryimage"},"image":{"@id":"https:\/\/ksproducts.ca\/product\/28-air-fryer-griddle-combo\/#primaryimage"},"thumbnailUrl":"https:\/\/ksproducts.ca\/wp-content\/uploads\/2024\/04\/30-Culinary-Blackstone-2-Burner-1.png-1.png","datePublished":"2023-03-27T21:19:14+00:00","dateModified":"2026-04-16T17:01:41+00:00","breadcrumb":{"@id":"https:\/\/ksproducts.ca\/product\/28-air-fryer-griddle-combo\/#breadcrumb"},"inLanguage":"fr-CA","potentialAction":[{"@type":"ReadAction","target":["https:\/\/ksproducts.ca\/product\/28-air-fryer-griddle-combo\/"]}]},{"@type":"ImageObject","inLanguage":"fr-CA","@id":"https:\/\/ksproducts.ca\/product\/28-air-fryer-griddle-combo\/#primaryimage","url":"https:\/\/ksproducts.ca\/wp-content\/uploads\/2024\/04\/30-Culinary-Blackstone-2-Burner-1.png-1.png","contentUrl":"https:\/\/ksproducts.ca\/wp-content\/uploads\/2024\/04\/30-Culinary-Blackstone-2-Burner-1.png-1.png","width":400,"height":310,"caption":"Blackstone 28inch Griddle Plus Series Griddle with Air Fryer and Hood"},{"@type":"BreadcrumbList","@id":"https:\/\/ksproducts.ca\/product\/28-air-fryer-griddle-combo\/#breadcrumb","itemListElement":[{"@type":"ListItem","position":1,"name":"Home","item":"https:\/\/ksproducts.ca\/"},{"@type":"ListItem","position":2,"name":"Shop","item":"https:\/\/ksproducts.ca\/shop\/"},{"@type":"ListItem","position":3,"name":"Blackstone 28inch Griddle Plus Series Griddle with Air Fryer and Hood"}]},{"@type":"WebSite","@id":"https:\/\/ksproducts.ca\/#website","url":"https:\/\/ksproducts.ca\/","name":"Produits Ks","description":"Cuisiner et vivre en plein air, c'est facile au Canada","publisher":{"@id":"https:\/\/ksproducts.ca\/#organization"},"potentialAction":[{"@type":"SearchAction","target":{"@type":"EntryPoint","urlTemplate":"https:\/\/ksproducts.ca\/?s={search_term_string}"},"query-input":{"@type":"PropertyValueSpecification","valueRequired":true,"valueName":"search_term_string"}}],"inLanguage":"fr-CA"},{"@type":"Organization","@id":"https:\/\/ksproducts.ca\/#organization","name":"Produits Ks","url":"https:\/\/ksproducts.ca\/","logo":{"@type":"ImageObject","inLanguage":"fr-CA","@id":"https:\/\/ksproducts.ca\/#\/schema\/logo\/image\/","url":"https:\/\/ksproducts.ca\/wp-content\/uploads\/2023\/09\/Kennedy-Sales-Logo-header-1.png","contentUrl":"https:\/\/ksproducts.ca\/wp-content\/uploads\/2023\/09\/Kennedy-Sales-Logo-header-1.png","width":150,"height":77,"caption":"Ks Products"},"image":{"@id":"https:\/\/ksproducts.ca\/#\/schema\/logo\/image\/"}}]}},"_links":{"self":[{"href":"https:\/\/ksproducts.ca\/fr\/wp-json\/wp\/v2\/product\/5628","targetHints":{"allow":["GET"]}}],"collection":[{"href":"https:\/\/ksproducts.ca\/fr\/wp-json\/wp\/v2\/product"}],"about":[{"href":"https:\/\/ksproducts.ca\/fr\/wp-json\/wp\/v2\/types\/product"}],"replies":[{"embeddable":true,"href":"https:\/\/ksproducts.ca\/fr\/wp-json\/wp\/v2\/comments?post=5628"}],"version-history":[{"count":6,"href":"https:\/\/ksproducts.ca\/fr\/wp-json\/wp\/v2\/product\/5628\/revisions"}],"predecessor-version":[{"id":10745,"href":"https:\/\/ksproducts.ca\/fr\/wp-json\/wp\/v2\/product\/5628\/revisions\/10745"}],"wp:featuredmedia":[{"embeddable":true,"href":"https:\/\/ksproducts.ca\/fr\/wp-json\/wp\/v2\/media\/8434"}],"wp:attachment":[{"href":"https:\/\/ksproducts.ca\/fr\/wp-json\/wp\/v2\/media?parent=5628"}],"wp:term":[{"taxonomy":"product_cat","embeddable":true,"href":"https:\/\/ksproducts.ca\/fr\/wp-json\/wp\/v2\/product_cat?post=5628"},{"taxonomy":"product_tag","embeddable":true,"href":"https:\/\/ksproducts.ca\/fr\/wp-json\/wp\/v2\/product_tag?post=5628"}],"curies":[{"name":"wp","href":"https:\/\/api.w.org\/{rel}","templated":true}]}}