{"id":5637,"date":"2023-03-27T21:19:14","date_gmt":"2023-03-27T21:19:14","guid":{"rendered":"https:\/\/ksproducts.ca\/product\/28-griddle-cooking-station-with-hard-cover\/"},"modified":"2026-02-02T19:32:43","modified_gmt":"2026-02-02T19:32:43","slug":"28-station-de-cuisson-avec-couvercle-rigide","status":"publish","type":"product","link":"https:\/\/ksproducts.ca\/fr\/product\/28-griddle-cooking-station-with-hard-cover\/","title":{"rendered":"Blackstone 28inch Original Series Griddle Station with Hard Cover (Station de gril de 28 pouces de la s\u00e9rie originale avec couvercle rigide)"},"content":{"rendered":"<ul>\n<li>34 000 BTU de chaleur gr\u00e2ce \u00e0 deux (2) br\u00fbleurs en H<\/li>\n<li>448 Sq. Inch Surface de cuisson<\/li>\n<li>Plaque de gril en acier lamin\u00e9 au carbone de calibre 10<\/li>\n<li>Couverture rigide pour la protection des accessoires<\/li>\n<li>Deux (2) commandes de chaleur r\u00e9glables avec allumeur int\u00e9gr\u00e9<\/li>\n<li>Syst\u00e8me de gestion des graisses \u00e0 l'arri\u00e8reCh\u00e2ssis en acier rev\u00eatu de poudre avec roues pivotantes commerciales<\/li>\n<li>Fixations pour r\u00e9servoirs de propane<\/li>\n<li>Deux (2) \u00e9tag\u00e8res lat\u00e9rales et un (1) plateau inf\u00e9rieur pour servir les repas et ranger le mat\u00e9riel<\/li>\n<\/ul>","protected":false},"excerpt":{"rendered":"<p>Le gril \u00e0 gaz Blackstone \u00e0 2 br\u00fbleurs de 28 po en noir classique est parfait pour les foules, grandes et petites. Avec une surface assez grande pour contenir 44 hot-dogs, vous serez surpris par cette puissance de 34 000 BTU ! Construite avec des mat\u00e9riaux industriels pour une durabilit\u00e9 et une distribution optimale de la chaleur. Comprend maintenant le syst\u00e8me de gestion des graisses \u00e0 l'arri\u00e8re pour une cuisson sans d\u00e9g\u00e2ts et un nettoyage facile. Cuisinez n'importe quoi, n'importe quand, n'importe o\u00f9 !<\/p>","protected":false},"featured_media":8426,"comment_status":"open","ping_status":"closed","template":"","meta":[],"product_cat":[405,428],"product_tag":[],"class_list":{"0":"post-5637","1":"product","2":"type-product","3":"status-publish","4":"has-post-thumbnail","6":"product_brand-blackstone","7":"product_cat-28-inch-griddle","8":"product_cat-outdoor-cooking","9":"product_shipping_class-class-4","11":"first","12":"instock","13":"taxable","14":"shipping-taxable","15":"purchasable","16":"product-type-simple"},"yoast_head":"<!-- This site is optimized with the Yoast SEO plugin v27.3 - https:\/\/yoast.com\/product\/yoast-seo-wordpress\/ -->\n<title>Blackstone 28inch Original Series Griddle Station with Hard Cover - Ks Products<\/title>\n<meta name=\"robots\" content=\"index, follow, max-snippet:-1, max-image-preview:large, max-video-preview:-1\" \/>\n<link rel=\"canonical\" href=\"https:\/\/ksproducts.ca\/fr\/product\/28-station-de-cuisson-avec-couvercle-rigide\/\" \/>\n<meta property=\"og:locale\" content=\"fr_CA\" \/>\n<meta property=\"og:type\" content=\"article\" \/>\n<meta property=\"og:title\" content=\"Blackstone 28inch Original Series Griddle Station with Hard Cover - Ks Products\" \/>\n<meta property=\"og:description\" content=\"The Blackstone 2 Burner 28&#039;&#039; Gas Griddle in Classic Black is perfect for crowds, big and small. With a surface big enough to fit 44 hot dogs, you\u2019ll be amazed by this 34,000 BTU powerhouse! Built with industrial materials for durability and optimal heat distribution. Now includes the rear grease management system for no-mess cooking and easy cleanup. Cook anything, anytime, anywhere!\" \/>\n<meta property=\"og:url\" content=\"https:\/\/ksproducts.ca\/fr\/product\/28-station-de-cuisson-avec-couvercle-rigide\/\" \/>\n<meta property=\"og:site_name\" content=\"Ks Products\" \/>\n<meta property=\"article:modified_time\" content=\"2026-02-02T19:32:43+00:00\" \/>\n<meta property=\"og:image\" content=\"https:\/\/ksproducts.ca\/wp-content\/uploads\/2024\/04\/1924-1-jpg.webp\" \/>\n\t<meta property=\"og:image:width\" content=\"720\" \/>\n\t<meta property=\"og:image:height\" content=\"720\" \/>\n\t<meta property=\"og:image:type\" content=\"image\/jpeg\" \/>\n<meta name=\"twitter:card\" content=\"summary_large_image\" \/>\n<meta name=\"twitter:label1\" content=\"Estimation du temps de lecture\" \/>\n\t<meta name=\"twitter:data1\" content=\"1 minute\" \/>\n<script type=\"application\/ld+json\" class=\"yoast-schema-graph\">{\"@context\":\"https:\\\/\\\/schema.org\",\"@graph\":[{\"@type\":\"WebPage\",\"@id\":\"https:\\\/\\\/ksproducts.ca\\\/product\\\/28-griddle-cooking-station-with-hard-cover\\\/\",\"url\":\"https:\\\/\\\/ksproducts.ca\\\/product\\\/28-griddle-cooking-station-with-hard-cover\\\/\",\"name\":\"Blackstone 28inch Original Series Griddle Station with Hard Cover - Ks Products\",\"isPartOf\":{\"@id\":\"https:\\\/\\\/ksproducts.ca\\\/#website\"},\"primaryImageOfPage\":{\"@id\":\"https:\\\/\\\/ksproducts.ca\\\/product\\\/28-griddle-cooking-station-with-hard-cover\\\/#primaryimage\"},\"image\":{\"@id\":\"https:\\\/\\\/ksproducts.ca\\\/product\\\/28-griddle-cooking-station-with-hard-cover\\\/#primaryimage\"},\"thumbnailUrl\":\"https:\\\/\\\/ksproducts.ca\\\/wp-content\\\/uploads\\\/2024\\\/04\\\/1924-1-jpg.webp\",\"datePublished\":\"2023-03-27T21:19:14+00:00\",\"dateModified\":\"2026-02-02T19:32:43+00:00\",\"breadcrumb\":{\"@id\":\"https:\\\/\\\/ksproducts.ca\\\/product\\\/28-griddle-cooking-station-with-hard-cover\\\/#breadcrumb\"},\"inLanguage\":\"fr-CA\",\"potentialAction\":[{\"@type\":\"ReadAction\",\"target\":[\"https:\\\/\\\/ksproducts.ca\\\/product\\\/28-griddle-cooking-station-with-hard-cover\\\/\"]}]},{\"@type\":\"ImageObject\",\"inLanguage\":\"fr-CA\",\"@id\":\"https:\\\/\\\/ksproducts.ca\\\/product\\\/28-griddle-cooking-station-with-hard-cover\\\/#primaryimage\",\"url\":\"https:\\\/\\\/ksproducts.ca\\\/wp-content\\\/uploads\\\/2024\\\/04\\\/1924-1-jpg.webp\",\"contentUrl\":\"https:\\\/\\\/ksproducts.ca\\\/wp-content\\\/uploads\\\/2024\\\/04\\\/1924-1-jpg.webp\",\"width\":720,\"height\":720,\"caption\":\"Blackstone 28inch Original Series Griddle Station with Hard Cover\"},{\"@type\":\"BreadcrumbList\",\"@id\":\"https:\\\/\\\/ksproducts.ca\\\/product\\\/28-griddle-cooking-station-with-hard-cover\\\/#breadcrumb\",\"itemListElement\":[{\"@type\":\"ListItem\",\"position\":1,\"name\":\"Home\",\"item\":\"https:\\\/\\\/ksproducts.ca\\\/\"},{\"@type\":\"ListItem\",\"position\":2,\"name\":\"Shop\",\"item\":\"https:\\\/\\\/ksproducts.ca\\\/shop\\\/\"},{\"@type\":\"ListItem\",\"position\":3,\"name\":\"Blackstone 28inch Original Series Griddle Station with Hard Cover\"}]},{\"@type\":\"WebSite\",\"@id\":\"https:\\\/\\\/ksproducts.ca\\\/#website\",\"url\":\"https:\\\/\\\/ksproducts.ca\\\/\",\"name\":\"Ks Products\",\"description\":\"Outdoor cooking and living, made easy in Canada\",\"publisher\":{\"@id\":\"https:\\\/\\\/ksproducts.ca\\\/#organization\"},\"potentialAction\":[{\"@type\":\"SearchAction\",\"target\":{\"@type\":\"EntryPoint\",\"urlTemplate\":\"https:\\\/\\\/ksproducts.ca\\\/?s={search_term_string}\"},\"query-input\":{\"@type\":\"PropertyValueSpecification\",\"valueRequired\":true,\"valueName\":\"search_term_string\"}}],\"inLanguage\":\"fr-CA\"},{\"@type\":\"Organization\",\"@id\":\"https:\\\/\\\/ksproducts.ca\\\/#organization\",\"name\":\"Ks Products\",\"url\":\"https:\\\/\\\/ksproducts.ca\\\/\",\"logo\":{\"@type\":\"ImageObject\",\"inLanguage\":\"fr-CA\",\"@id\":\"https:\\\/\\\/ksproducts.ca\\\/#\\\/schema\\\/logo\\\/image\\\/\",\"url\":\"https:\\\/\\\/ksproducts.ca\\\/wp-content\\\/uploads\\\/2023\\\/09\\\/Kennedy-Sales-Logo-header-1.png\",\"contentUrl\":\"https:\\\/\\\/ksproducts.ca\\\/wp-content\\\/uploads\\\/2023\\\/09\\\/Kennedy-Sales-Logo-header-1.png\",\"width\":150,\"height\":77,\"caption\":\"Ks Products\"},\"image\":{\"@id\":\"https:\\\/\\\/ksproducts.ca\\\/#\\\/schema\\\/logo\\\/image\\\/\"}}]}<\/script>\n<!-- \/ Yoast SEO plugin. -->","yoast_head_json":{"title":"Blackstone 28inch Original Series Griddle Station with Hard Cover - Ks Products","robots":{"index":"index","follow":"follow","max-snippet":"max-snippet:-1","max-image-preview":"max-image-preview:large","max-video-preview":"max-video-preview:-1"},"canonical":"https:\/\/ksproducts.ca\/fr\/product\/28-station-de-cuisson-avec-couvercle-rigide\/","og_locale":"fr_CA","og_type":"article","og_title":"Blackstone 28inch Original Series Griddle Station with Hard Cover - Ks Products","og_description":"The Blackstone 2 Burner 28'' Gas Griddle in Classic Black is perfect for crowds, big and small. With a surface big enough to fit 44 hot dogs, you\u2019ll be amazed by this 34,000 BTU powerhouse! Built with industrial materials for durability and optimal heat distribution. Now includes the rear grease management system for no-mess cooking and easy cleanup. Cook anything, anytime, anywhere!","og_url":"https:\/\/ksproducts.ca\/fr\/product\/28-station-de-cuisson-avec-couvercle-rigide\/","og_site_name":"Ks Products","article_modified_time":"2026-02-02T19:32:43+00:00","og_image":[{"width":720,"height":720,"url":"https:\/\/ksproducts.ca\/wp-content\/uploads\/2024\/04\/1924-1-jpg.webp","type":"image\/jpeg"}],"twitter_card":"summary_large_image","twitter_misc":{"Estimation du temps de lecture":"1 minute"},"schema":{"@context":"https:\/\/schema.org","@graph":[{"@type":"WebPage","@id":"https:\/\/ksproducts.ca\/product\/28-griddle-cooking-station-with-hard-cover\/","url":"https:\/\/ksproducts.ca\/product\/28-griddle-cooking-station-with-hard-cover\/","name":"Blackstone 28inch Original Series Griddle Station with Hard Cover - Ks Products","isPartOf":{"@id":"https:\/\/ksproducts.ca\/#website"},"primaryImageOfPage":{"@id":"https:\/\/ksproducts.ca\/product\/28-griddle-cooking-station-with-hard-cover\/#primaryimage"},"image":{"@id":"https:\/\/ksproducts.ca\/product\/28-griddle-cooking-station-with-hard-cover\/#primaryimage"},"thumbnailUrl":"https:\/\/ksproducts.ca\/wp-content\/uploads\/2024\/04\/1924-1-jpg.webp","datePublished":"2023-03-27T21:19:14+00:00","dateModified":"2026-02-02T19:32:43+00:00","breadcrumb":{"@id":"https:\/\/ksproducts.ca\/product\/28-griddle-cooking-station-with-hard-cover\/#breadcrumb"},"inLanguage":"fr-CA","potentialAction":[{"@type":"ReadAction","target":["https:\/\/ksproducts.ca\/product\/28-griddle-cooking-station-with-hard-cover\/"]}]},{"@type":"ImageObject","inLanguage":"fr-CA","@id":"https:\/\/ksproducts.ca\/product\/28-griddle-cooking-station-with-hard-cover\/#primaryimage","url":"https:\/\/ksproducts.ca\/wp-content\/uploads\/2024\/04\/1924-1-jpg.webp","contentUrl":"https:\/\/ksproducts.ca\/wp-content\/uploads\/2024\/04\/1924-1-jpg.webp","width":720,"height":720,"caption":"Blackstone 28inch Original Series Griddle Station with Hard Cover"},{"@type":"BreadcrumbList","@id":"https:\/\/ksproducts.ca\/product\/28-griddle-cooking-station-with-hard-cover\/#breadcrumb","itemListElement":[{"@type":"ListItem","position":1,"name":"Home","item":"https:\/\/ksproducts.ca\/"},{"@type":"ListItem","position":2,"name":"Shop","item":"https:\/\/ksproducts.ca\/shop\/"},{"@type":"ListItem","position":3,"name":"Blackstone 28inch Original Series Griddle Station with Hard Cover"}]},{"@type":"WebSite","@id":"https:\/\/ksproducts.ca\/#website","url":"https:\/\/ksproducts.ca\/","name":"Produits Ks","description":"Cuisiner et vivre en plein air, c'est facile au Canada","publisher":{"@id":"https:\/\/ksproducts.ca\/#organization"},"potentialAction":[{"@type":"SearchAction","target":{"@type":"EntryPoint","urlTemplate":"https:\/\/ksproducts.ca\/?s={search_term_string}"},"query-input":{"@type":"PropertyValueSpecification","valueRequired":true,"valueName":"search_term_string"}}],"inLanguage":"fr-CA"},{"@type":"Organization","@id":"https:\/\/ksproducts.ca\/#organization","name":"Produits Ks","url":"https:\/\/ksproducts.ca\/","logo":{"@type":"ImageObject","inLanguage":"fr-CA","@id":"https:\/\/ksproducts.ca\/#\/schema\/logo\/image\/","url":"https:\/\/ksproducts.ca\/wp-content\/uploads\/2023\/09\/Kennedy-Sales-Logo-header-1.png","contentUrl":"https:\/\/ksproducts.ca\/wp-content\/uploads\/2023\/09\/Kennedy-Sales-Logo-header-1.png","width":150,"height":77,"caption":"Ks Products"},"image":{"@id":"https:\/\/ksproducts.ca\/#\/schema\/logo\/image\/"}}]}},"_links":{"self":[{"href":"https:\/\/ksproducts.ca\/fr\/wp-json\/wp\/v2\/product\/5637","targetHints":{"allow":["GET"]}}],"collection":[{"href":"https:\/\/ksproducts.ca\/fr\/wp-json\/wp\/v2\/product"}],"about":[{"href":"https:\/\/ksproducts.ca\/fr\/wp-json\/wp\/v2\/types\/product"}],"replies":[{"embeddable":true,"href":"https:\/\/ksproducts.ca\/fr\/wp-json\/wp\/v2\/comments?post=5637"}],"version-history":[{"count":4,"href":"https:\/\/ksproducts.ca\/fr\/wp-json\/wp\/v2\/product\/5637\/revisions"}],"predecessor-version":[{"id":10695,"href":"https:\/\/ksproducts.ca\/fr\/wp-json\/wp\/v2\/product\/5637\/revisions\/10695"}],"wp:featuredmedia":[{"embeddable":true,"href":"https:\/\/ksproducts.ca\/fr\/wp-json\/wp\/v2\/media\/8426"}],"wp:attachment":[{"href":"https:\/\/ksproducts.ca\/fr\/wp-json\/wp\/v2\/media?parent=5637"}],"wp:term":[{"taxonomy":"product_cat","embeddable":true,"href":"https:\/\/ksproducts.ca\/fr\/wp-json\/wp\/v2\/product_cat?post=5637"},{"taxonomy":"product_tag","embeddable":true,"href":"https:\/\/ksproducts.ca\/fr\/wp-json\/wp\/v2\/product_tag?post=5637"}],"curies":[{"name":"wp","href":"https:\/\/api.w.org\/{rel}","templated":true}]}}