{"id":5661,"date":"2023-03-27T21:25:56","date_gmt":"2023-03-27T21:25:56","guid":{"rendered":"https:\/\/ksproducts.ca\/product\/12-round-topper\/"},"modified":"2026-04-21T14:01:17","modified_gmt":"2026-04-21T14:01:17","slug":"12-rond-topper","status":"publish","type":"product","link":"https:\/\/ksproducts.ca\/fr\/product\/12-round-topper\/","title":{"rendered":"12\u2033 Round Topper"},"content":{"rendered":"<p>12\u2033 Couvercle \u00e0 r\u00f4tir rondLave-vaisselleChauffage en acier inoxydableParfait pour faire fondre le fromage sur les hamburgers et les sandwichs, et pour cuire \u00e0 la vapeur toutes sortes de l\u00e9gumes<\/p>","protected":false},"excerpt":{"rendered":"<p>Faites fondre votre c\u0153ur \u00e0 la vapeur avec le couvercle \u00e0 badigeonner rond de 12 pouces de Blackstone Signature. Ce d\u00f4me de r\u00f4tissage est l'accessoire parfait pour toutes les grillades. Ce d\u00f4me de 12 pouces est id\u00e9al pour cuisiner pour de petits groupes ou quelques personnes \u00e0 la fois. Faites fondre rapidement le fromage et cuisez les l\u00e9gumes \u00e0 la vapeur gr\u00e2ce \u00e0 ce d\u00f4me r\u00e9sistant au lave-vaisselle. La poign\u00e9e r\u00e9sistante \u00e0 la chaleur est indispensable pour s'assurer que vos mains ne se br\u00fblent pas lorsque vous d\u00e9placez votre d\u00f4me sur la plaque de cuisson. Le couvercle \u00e0 badigeonner rond de 12 pouces de Blackstone Signature sera le compl\u00e9ment parfait de votre collection d'outils pour grillades et un cadeau id\u00e9al pour tout amateur de grillades.<\/p>","protected":false},"featured_media":8408,"comment_status":"open","ping_status":"closed","template":"","meta":[],"product_cat":[441],"product_tag":[],"class_list":{"0":"post-5661","1":"product","2":"type-product","3":"status-publish","4":"has-post-thumbnail","6":"product_cat-essential-extras","7":"product_shipping_class-class-1","9":"first","10":"instock","11":"taxable","12":"shipping-taxable","13":"purchasable","14":"product-type-simple"},"yoast_head":"<!-- This site is optimized with the Yoast SEO plugin v27.4 - https:\/\/yoast.com\/product\/yoast-seo-wordpress\/ -->\n<title>12&quot; Round Topper - Ks Products<\/title>\n<meta name=\"robots\" content=\"index, follow, max-snippet:-1, max-image-preview:large, max-video-preview:-1\" \/>\n<link rel=\"canonical\" href=\"https:\/\/ksproducts.ca\/fr\/product\/12-rond-topper\/\" \/>\n<meta property=\"og:locale\" content=\"fr_CA\" \/>\n<meta property=\"og:type\" content=\"article\" \/>\n<meta property=\"og:title\" content=\"12&quot; Round Topper - Ks Products\" \/>\n<meta property=\"og:description\" content=\"Steam and melt your heart away with the Blackstone Signature 12-Inch Round Basting Cover. This Basting Dome is the perfect griddle accessory for all your grilling and griddling needs. This 12-inch dome is great for cooking for small groups or a couple people at a time. Quickly melt cheese and steam veggies with this dishwasher safe basting dome. The heat resistant handle is a necessity for making sure your hands don&#039;t get burned when moving your basting cover on and off the griddle. The Blackstone Signature 12-Inch Round Basting Cover will make the perfect addition to your griddle tool collection and is a great gift for any griddle enthusiast.\" \/>\n<meta property=\"og:url\" content=\"https:\/\/ksproducts.ca\/fr\/product\/12-rond-topper\/\" \/>\n<meta property=\"og:site_name\" content=\"Ks Products\" \/>\n<meta property=\"article:modified_time\" content=\"2026-04-21T14:01:17+00:00\" \/>\n<meta property=\"og:image\" content=\"https:\/\/ksproducts.ca\/wp-content\/uploads\/2024\/04\/5200-1-jpg.webp\" \/>\n\t<meta property=\"og:image:width\" content=\"1024\" \/>\n\t<meta property=\"og:image:height\" content=\"1024\" \/>\n\t<meta property=\"og:image:type\" content=\"image\/jpeg\" \/>\n<meta name=\"twitter:card\" content=\"summary_large_image\" \/>\n<meta name=\"twitter:label1\" content=\"Estimation du temps de lecture\" \/>\n\t<meta name=\"twitter:data1\" content=\"1 minute\" \/>\n<script type=\"application\/ld+json\" class=\"yoast-schema-graph\">{\"@context\":\"https:\\\/\\\/schema.org\",\"@graph\":[{\"@type\":\"WebPage\",\"@id\":\"https:\\\/\\\/ksproducts.ca\\\/product\\\/12-round-topper\\\/\",\"url\":\"https:\\\/\\\/ksproducts.ca\\\/product\\\/12-round-topper\\\/\",\"name\":\"12\\\" Round Topper - Ks Products\",\"isPartOf\":{\"@id\":\"https:\\\/\\\/ksproducts.ca\\\/#website\"},\"primaryImageOfPage\":{\"@id\":\"https:\\\/\\\/ksproducts.ca\\\/product\\\/12-round-topper\\\/#primaryimage\"},\"image\":{\"@id\":\"https:\\\/\\\/ksproducts.ca\\\/product\\\/12-round-topper\\\/#primaryimage\"},\"thumbnailUrl\":\"https:\\\/\\\/ksproducts.ca\\\/wp-content\\\/uploads\\\/2024\\\/04\\\/5200-1-jpg.webp\",\"datePublished\":\"2023-03-27T21:25:56+00:00\",\"dateModified\":\"2026-04-21T14:01:17+00:00\",\"breadcrumb\":{\"@id\":\"https:\\\/\\\/ksproducts.ca\\\/product\\\/12-round-topper\\\/#breadcrumb\"},\"inLanguage\":\"fr-CA\",\"potentialAction\":[{\"@type\":\"ReadAction\",\"target\":[\"https:\\\/\\\/ksproducts.ca\\\/product\\\/12-round-topper\\\/\"]}]},{\"@type\":\"ImageObject\",\"inLanguage\":\"fr-CA\",\"@id\":\"https:\\\/\\\/ksproducts.ca\\\/product\\\/12-round-topper\\\/#primaryimage\",\"url\":\"https:\\\/\\\/ksproducts.ca\\\/wp-content\\\/uploads\\\/2024\\\/04\\\/5200-1-jpg.webp\",\"contentUrl\":\"https:\\\/\\\/ksproducts.ca\\\/wp-content\\\/uploads\\\/2024\\\/04\\\/5200-1-jpg.webp\",\"width\":1024,\"height\":1024,\"caption\":\"12\\\" Round Topper\"},{\"@type\":\"BreadcrumbList\",\"@id\":\"https:\\\/\\\/ksproducts.ca\\\/product\\\/12-round-topper\\\/#breadcrumb\",\"itemListElement\":[{\"@type\":\"ListItem\",\"position\":1,\"name\":\"Home\",\"item\":\"https:\\\/\\\/ksproducts.ca\\\/\"},{\"@type\":\"ListItem\",\"position\":2,\"name\":\"Shop\",\"item\":\"https:\\\/\\\/ksproducts.ca\\\/shop\\\/\"},{\"@type\":\"ListItem\",\"position\":3,\"name\":\"12&#8243; Round Topper\"}]},{\"@type\":\"WebSite\",\"@id\":\"https:\\\/\\\/ksproducts.ca\\\/#website\",\"url\":\"https:\\\/\\\/ksproducts.ca\\\/\",\"name\":\"Ks Products\",\"description\":\"Outdoor cooking and living, made easy in Canada\",\"publisher\":{\"@id\":\"https:\\\/\\\/ksproducts.ca\\\/#organization\"},\"potentialAction\":[{\"@type\":\"SearchAction\",\"target\":{\"@type\":\"EntryPoint\",\"urlTemplate\":\"https:\\\/\\\/ksproducts.ca\\\/?s={search_term_string}\"},\"query-input\":{\"@type\":\"PropertyValueSpecification\",\"valueRequired\":true,\"valueName\":\"search_term_string\"}}],\"inLanguage\":\"fr-CA\"},{\"@type\":\"Organization\",\"@id\":\"https:\\\/\\\/ksproducts.ca\\\/#organization\",\"name\":\"Ks Products\",\"url\":\"https:\\\/\\\/ksproducts.ca\\\/\",\"logo\":{\"@type\":\"ImageObject\",\"inLanguage\":\"fr-CA\",\"@id\":\"https:\\\/\\\/ksproducts.ca\\\/#\\\/schema\\\/logo\\\/image\\\/\",\"url\":\"https:\\\/\\\/ksproducts.ca\\\/wp-content\\\/uploads\\\/2023\\\/09\\\/Kennedy-Sales-Logo-header-1.png\",\"contentUrl\":\"https:\\\/\\\/ksproducts.ca\\\/wp-content\\\/uploads\\\/2023\\\/09\\\/Kennedy-Sales-Logo-header-1.png\",\"width\":150,\"height\":77,\"caption\":\"Ks Products\"},\"image\":{\"@id\":\"https:\\\/\\\/ksproducts.ca\\\/#\\\/schema\\\/logo\\\/image\\\/\"}}]}<\/script>\n<!-- \/ Yoast SEO plugin. -->","yoast_head_json":{"title":"Plaque de finition ronde de 12\" - Ks Products","robots":{"index":"index","follow":"follow","max-snippet":"max-snippet:-1","max-image-preview":"max-image-preview:large","max-video-preview":"max-video-preview:-1"},"canonical":"https:\/\/ksproducts.ca\/fr\/product\/12-rond-topper\/","og_locale":"fr_CA","og_type":"article","og_title":"12\" Round Topper - Ks Products","og_description":"Steam and melt your heart away with the Blackstone Signature 12-Inch Round Basting Cover. This Basting Dome is the perfect griddle accessory for all your grilling and griddling needs. This 12-inch dome is great for cooking for small groups or a couple people at a time. Quickly melt cheese and steam veggies with this dishwasher safe basting dome. The heat resistant handle is a necessity for making sure your hands don't get burned when moving your basting cover on and off the griddle. The Blackstone Signature 12-Inch Round Basting Cover will make the perfect addition to your griddle tool collection and is a great gift for any griddle enthusiast.","og_url":"https:\/\/ksproducts.ca\/fr\/product\/12-rond-topper\/","og_site_name":"Ks Products","article_modified_time":"2026-04-21T14:01:17+00:00","og_image":[{"width":1024,"height":1024,"url":"https:\/\/ksproducts.ca\/wp-content\/uploads\/2024\/04\/5200-1-jpg.webp","type":"image\/jpeg"}],"twitter_card":"summary_large_image","twitter_misc":{"Estimation du temps de lecture":"1 minute"},"schema":{"@context":"https:\/\/schema.org","@graph":[{"@type":"WebPage","@id":"https:\/\/ksproducts.ca\/product\/12-round-topper\/","url":"https:\/\/ksproducts.ca\/product\/12-round-topper\/","name":"Plaque de finition ronde de 12\" - Ks Products","isPartOf":{"@id":"https:\/\/ksproducts.ca\/#website"},"primaryImageOfPage":{"@id":"https:\/\/ksproducts.ca\/product\/12-round-topper\/#primaryimage"},"image":{"@id":"https:\/\/ksproducts.ca\/product\/12-round-topper\/#primaryimage"},"thumbnailUrl":"https:\/\/ksproducts.ca\/wp-content\/uploads\/2024\/04\/5200-1-jpg.webp","datePublished":"2023-03-27T21:25:56+00:00","dateModified":"2026-04-21T14:01:17+00:00","breadcrumb":{"@id":"https:\/\/ksproducts.ca\/product\/12-round-topper\/#breadcrumb"},"inLanguage":"fr-CA","potentialAction":[{"@type":"ReadAction","target":["https:\/\/ksproducts.ca\/product\/12-round-topper\/"]}]},{"@type":"ImageObject","inLanguage":"fr-CA","@id":"https:\/\/ksproducts.ca\/product\/12-round-topper\/#primaryimage","url":"https:\/\/ksproducts.ca\/wp-content\/uploads\/2024\/04\/5200-1-jpg.webp","contentUrl":"https:\/\/ksproducts.ca\/wp-content\/uploads\/2024\/04\/5200-1-jpg.webp","width":1024,"height":1024,"caption":"12\" Round Topper"},{"@type":"BreadcrumbList","@id":"https:\/\/ksproducts.ca\/product\/12-round-topper\/#breadcrumb","itemListElement":[{"@type":"ListItem","position":1,"name":"Home","item":"https:\/\/ksproducts.ca\/"},{"@type":"ListItem","position":2,"name":"Shop","item":"https:\/\/ksproducts.ca\/shop\/"},{"@type":"ListItem","position":3,"name":"12&#8243; Round Topper"}]},{"@type":"WebSite","@id":"https:\/\/ksproducts.ca\/#website","url":"https:\/\/ksproducts.ca\/","name":"Produits Ks","description":"Cuisiner et vivre en plein air, c'est facile au Canada","publisher":{"@id":"https:\/\/ksproducts.ca\/#organization"},"potentialAction":[{"@type":"SearchAction","target":{"@type":"EntryPoint","urlTemplate":"https:\/\/ksproducts.ca\/?s={search_term_string}"},"query-input":{"@type":"PropertyValueSpecification","valueRequired":true,"valueName":"search_term_string"}}],"inLanguage":"fr-CA"},{"@type":"Organization","@id":"https:\/\/ksproducts.ca\/#organization","name":"Produits Ks","url":"https:\/\/ksproducts.ca\/","logo":{"@type":"ImageObject","inLanguage":"fr-CA","@id":"https:\/\/ksproducts.ca\/#\/schema\/logo\/image\/","url":"https:\/\/ksproducts.ca\/wp-content\/uploads\/2023\/09\/Kennedy-Sales-Logo-header-1.png","contentUrl":"https:\/\/ksproducts.ca\/wp-content\/uploads\/2023\/09\/Kennedy-Sales-Logo-header-1.png","width":150,"height":77,"caption":"Ks Products"},"image":{"@id":"https:\/\/ksproducts.ca\/#\/schema\/logo\/image\/"}}]}},"_links":{"self":[{"href":"https:\/\/ksproducts.ca\/fr\/wp-json\/wp\/v2\/product\/5661","targetHints":{"allow":["GET"]}}],"collection":[{"href":"https:\/\/ksproducts.ca\/fr\/wp-json\/wp\/v2\/product"}],"about":[{"href":"https:\/\/ksproducts.ca\/fr\/wp-json\/wp\/v2\/types\/product"}],"replies":[{"embeddable":true,"href":"https:\/\/ksproducts.ca\/fr\/wp-json\/wp\/v2\/comments?post=5661"}],"version-history":[{"count":2,"href":"https:\/\/ksproducts.ca\/fr\/wp-json\/wp\/v2\/product\/5661\/revisions"}],"predecessor-version":[{"id":8409,"href":"https:\/\/ksproducts.ca\/fr\/wp-json\/wp\/v2\/product\/5661\/revisions\/8409"}],"wp:featuredmedia":[{"embeddable":true,"href":"https:\/\/ksproducts.ca\/fr\/wp-json\/wp\/v2\/media\/8408"}],"wp:attachment":[{"href":"https:\/\/ksproducts.ca\/fr\/wp-json\/wp\/v2\/media?parent=5661"}],"wp:term":[{"taxonomy":"product_cat","embeddable":true,"href":"https:\/\/ksproducts.ca\/fr\/wp-json\/wp\/v2\/product_cat?post=5661"},{"taxonomy":"product_tag","embeddable":true,"href":"https:\/\/ksproducts.ca\/fr\/wp-json\/wp\/v2\/product_tag?post=5661"}],"curies":[{"name":"wp","href":"https:\/\/api.w.org\/{rel}","templated":true}]}}