{"id":5681,"date":"2023-03-27T21:28:24","date_gmt":"2023-03-27T21:28:24","guid":{"rendered":"https:\/\/ksproducts.ca\/product\/griddle-bundle-carry-bag-only-for-17-or-22-tabletop-griddles\/"},"modified":"2026-04-16T12:32:16","modified_gmt":"2026-04-16T12:32:16","slug":"sac-de-transport-de-lensemble-de-grilles-uniquement-pour-les-grilles-de-table-17-ou-22","status":"publish","type":"product","link":"https:\/\/ksproducts.ca\/fr\/product\/griddle-bundle-carry-bag-only-for-17-or-22-tabletop-griddles\/","title":{"rendered":"Sac de transport de l'ensemble de grilles UNIQUEMENT (pour les grilles de table de 17\u2033 ou 22\u2033)"},"content":{"rendered":"<p>Con\u00e7ue pour s'adapter \u00e0 la plaque de gril de table de 17 ou 22\u2033, avec hotte et support (vendus s\u00e9par\u00e9ment)Fabriqu\u00e9e en polyester 600 D tr\u00e8s r\u00e9sistantPoign\u00e9e et fermeture \u00e0 glissi\u00e8re tr\u00e8s r\u00e9sistantesR\u00e9sistance aux intemp\u00e9ries pour prot\u00e9ger votre investissement<\/p>","protected":false},"excerpt":{"rendered":"<p>Sac de transport pour gril con\u00e7u sur mesure pour le gril de table Blackstone 17\u2033 ou 22\u2033, avec la hotte et le support (vendus s\u00e9par\u00e9ment). Prot\u00e9gez votre investissement avec ce sac robuste fabriqu\u00e9 en polyester 600 D. Il est \u00e9quip\u00e9 d'une fermeture \u00e9clair durable et d'une poign\u00e9e pour faciliter le transport de votre plancha dans vos endroits pr\u00e9f\u00e9r\u00e9s!R\u00e9sistant aux intemp\u00e9ries.<\/p>","protected":false},"featured_media":8404,"comment_status":"open","ping_status":"closed","template":"","meta":[],"product_cat":[437],"product_tag":[],"class_list":{"0":"post-5681","1":"product","2":"type-product","3":"status-publish","4":"has-post-thumbnail","6":"product_cat-covers-cases","7":"product_shipping_class-class-1","9":"first","10":"instock","11":"taxable","12":"shipping-taxable","13":"purchasable","14":"product-type-simple"},"yoast_head":"<!-- This site is optimized with the Yoast SEO plugin v27.4 - https:\/\/yoast.com\/product\/yoast-seo-wordpress\/ -->\n<title>Griddle Bundle Carry Bag ONLY (for 17&quot; or 22&quot; Tabletop Griddles) - Ks Products<\/title>\n<meta name=\"robots\" content=\"index, follow, max-snippet:-1, max-image-preview:large, max-video-preview:-1\" \/>\n<link rel=\"canonical\" href=\"https:\/\/ksproducts.ca\/fr\/product\/sac-de-transport-de-lensemble-de-grilles-uniquement-pour-les-grilles-de-table-17-ou-22\/\" \/>\n<meta property=\"og:locale\" content=\"fr_CA\" \/>\n<meta property=\"og:type\" content=\"article\" \/>\n<meta property=\"og:title\" content=\"Griddle Bundle Carry Bag ONLY (for 17&quot; or 22&quot; Tabletop Griddles) - Ks Products\" \/>\n<meta property=\"og:description\" content=\"Custom designed Griddle Bundle Carry bag to fit the Blackstone 17&quot; or 22&quot; Tabletop Griddle, with hood and stand (sold separately). Protect your investment with this heavy duty bag made with 600 D Polyester. Featured with a durable zipper and handle to make transporting an ease to bring your griddle to your favorite locations!Weather Resistant.\" \/>\n<meta property=\"og:url\" content=\"https:\/\/ksproducts.ca\/fr\/product\/sac-de-transport-de-lensemble-de-grilles-uniquement-pour-les-grilles-de-table-17-ou-22\/\" \/>\n<meta property=\"og:site_name\" content=\"Ks Products\" \/>\n<meta property=\"article:modified_time\" content=\"2026-04-16T12:32:16+00:00\" \/>\n<meta property=\"og:image\" content=\"https:\/\/ksproducts.ca\/wp-content\/uploads\/2024\/04\/5035-1-jpg.webp\" \/>\n\t<meta property=\"og:image:width\" content=\"800\" \/>\n\t<meta property=\"og:image:height\" content=\"640\" \/>\n\t<meta property=\"og:image:type\" content=\"image\/jpeg\" \/>\n<meta name=\"twitter:card\" content=\"summary_large_image\" \/>\n<meta name=\"twitter:label1\" content=\"Estimation du temps de lecture\" \/>\n\t<meta name=\"twitter:data1\" content=\"1 minute\" \/>\n<script type=\"application\/ld+json\" class=\"yoast-schema-graph\">{\"@context\":\"https:\\\/\\\/schema.org\",\"@graph\":[{\"@type\":\"WebPage\",\"@id\":\"https:\\\/\\\/ksproducts.ca\\\/product\\\/griddle-bundle-carry-bag-only-for-17-or-22-tabletop-griddles\\\/\",\"url\":\"https:\\\/\\\/ksproducts.ca\\\/product\\\/griddle-bundle-carry-bag-only-for-17-or-22-tabletop-griddles\\\/\",\"name\":\"Griddle Bundle Carry Bag ONLY (for 17\\\" or 22\\\" Tabletop Griddles) - Ks Products\",\"isPartOf\":{\"@id\":\"https:\\\/\\\/ksproducts.ca\\\/#website\"},\"primaryImageOfPage\":{\"@id\":\"https:\\\/\\\/ksproducts.ca\\\/product\\\/griddle-bundle-carry-bag-only-for-17-or-22-tabletop-griddles\\\/#primaryimage\"},\"image\":{\"@id\":\"https:\\\/\\\/ksproducts.ca\\\/product\\\/griddle-bundle-carry-bag-only-for-17-or-22-tabletop-griddles\\\/#primaryimage\"},\"thumbnailUrl\":\"https:\\\/\\\/ksproducts.ca\\\/wp-content\\\/uploads\\\/2024\\\/04\\\/5035-1-jpg.webp\",\"datePublished\":\"2023-03-27T21:28:24+00:00\",\"dateModified\":\"2026-04-16T12:32:16+00:00\",\"breadcrumb\":{\"@id\":\"https:\\\/\\\/ksproducts.ca\\\/product\\\/griddle-bundle-carry-bag-only-for-17-or-22-tabletop-griddles\\\/#breadcrumb\"},\"inLanguage\":\"fr-CA\",\"potentialAction\":[{\"@type\":\"ReadAction\",\"target\":[\"https:\\\/\\\/ksproducts.ca\\\/product\\\/griddle-bundle-carry-bag-only-for-17-or-22-tabletop-griddles\\\/\"]}]},{\"@type\":\"ImageObject\",\"inLanguage\":\"fr-CA\",\"@id\":\"https:\\\/\\\/ksproducts.ca\\\/product\\\/griddle-bundle-carry-bag-only-for-17-or-22-tabletop-griddles\\\/#primaryimage\",\"url\":\"https:\\\/\\\/ksproducts.ca\\\/wp-content\\\/uploads\\\/2024\\\/04\\\/5035-1-jpg.webp\",\"contentUrl\":\"https:\\\/\\\/ksproducts.ca\\\/wp-content\\\/uploads\\\/2024\\\/04\\\/5035-1-jpg.webp\",\"width\":800,\"height\":640,\"caption\":\"Griddle Bundle Carry Bag ONLY (for 17\\\" or 22\\\" Tabletop Griddles)\"},{\"@type\":\"BreadcrumbList\",\"@id\":\"https:\\\/\\\/ksproducts.ca\\\/product\\\/griddle-bundle-carry-bag-only-for-17-or-22-tabletop-griddles\\\/#breadcrumb\",\"itemListElement\":[{\"@type\":\"ListItem\",\"position\":1,\"name\":\"Home\",\"item\":\"https:\\\/\\\/ksproducts.ca\\\/\"},{\"@type\":\"ListItem\",\"position\":2,\"name\":\"Shop\",\"item\":\"https:\\\/\\\/ksproducts.ca\\\/shop\\\/\"},{\"@type\":\"ListItem\",\"position\":3,\"name\":\"Griddle Bundle Carry Bag ONLY (for 17&#8243; or 22&#8243; Tabletop Griddles)\"}]},{\"@type\":\"WebSite\",\"@id\":\"https:\\\/\\\/ksproducts.ca\\\/#website\",\"url\":\"https:\\\/\\\/ksproducts.ca\\\/\",\"name\":\"Ks Products\",\"description\":\"Outdoor cooking and living, made easy in Canada\",\"publisher\":{\"@id\":\"https:\\\/\\\/ksproducts.ca\\\/#organization\"},\"potentialAction\":[{\"@type\":\"SearchAction\",\"target\":{\"@type\":\"EntryPoint\",\"urlTemplate\":\"https:\\\/\\\/ksproducts.ca\\\/?s={search_term_string}\"},\"query-input\":{\"@type\":\"PropertyValueSpecification\",\"valueRequired\":true,\"valueName\":\"search_term_string\"}}],\"inLanguage\":\"fr-CA\"},{\"@type\":\"Organization\",\"@id\":\"https:\\\/\\\/ksproducts.ca\\\/#organization\",\"name\":\"Ks Products\",\"url\":\"https:\\\/\\\/ksproducts.ca\\\/\",\"logo\":{\"@type\":\"ImageObject\",\"inLanguage\":\"fr-CA\",\"@id\":\"https:\\\/\\\/ksproducts.ca\\\/#\\\/schema\\\/logo\\\/image\\\/\",\"url\":\"https:\\\/\\\/ksproducts.ca\\\/wp-content\\\/uploads\\\/2023\\\/09\\\/Kennedy-Sales-Logo-header-1.png\",\"contentUrl\":\"https:\\\/\\\/ksproducts.ca\\\/wp-content\\\/uploads\\\/2023\\\/09\\\/Kennedy-Sales-Logo-header-1.png\",\"width\":150,\"height\":77,\"caption\":\"Ks Products\"},\"image\":{\"@id\":\"https:\\\/\\\/ksproducts.ca\\\/#\\\/schema\\\/logo\\\/image\\\/\"}}]}<\/script>\n<!-- \/ Yoast SEO plugin. -->","yoast_head_json":{"title":"Sac de transport pour gril SEULEMENT (pour gril de table de 17\" ou 22\") - Ks Products","robots":{"index":"index","follow":"follow","max-snippet":"max-snippet:-1","max-image-preview":"max-image-preview:large","max-video-preview":"max-video-preview:-1"},"canonical":"https:\/\/ksproducts.ca\/fr\/product\/sac-de-transport-de-lensemble-de-grilles-uniquement-pour-les-grilles-de-table-17-ou-22\/","og_locale":"fr_CA","og_type":"article","og_title":"Griddle Bundle Carry Bag ONLY (for 17\" or 22\" Tabletop Griddles) - Ks Products","og_description":"Custom designed Griddle Bundle Carry bag to fit the Blackstone 17\" or 22\" Tabletop Griddle, with hood and stand (sold separately). Protect your investment with this heavy duty bag made with 600 D Polyester. Featured with a durable zipper and handle to make transporting an ease to bring your griddle to your favorite locations!Weather Resistant.","og_url":"https:\/\/ksproducts.ca\/fr\/product\/sac-de-transport-de-lensemble-de-grilles-uniquement-pour-les-grilles-de-table-17-ou-22\/","og_site_name":"Ks Products","article_modified_time":"2026-04-16T12:32:16+00:00","og_image":[{"width":800,"height":640,"url":"https:\/\/ksproducts.ca\/wp-content\/uploads\/2024\/04\/5035-1-jpg.webp","type":"image\/jpeg"}],"twitter_card":"summary_large_image","twitter_misc":{"Estimation du temps de lecture":"1 minute"},"schema":{"@context":"https:\/\/schema.org","@graph":[{"@type":"WebPage","@id":"https:\/\/ksproducts.ca\/product\/griddle-bundle-carry-bag-only-for-17-or-22-tabletop-griddles\/","url":"https:\/\/ksproducts.ca\/product\/griddle-bundle-carry-bag-only-for-17-or-22-tabletop-griddles\/","name":"Sac de transport pour gril SEULEMENT (pour gril de table de 17\" ou 22\") - Ks Products","isPartOf":{"@id":"https:\/\/ksproducts.ca\/#website"},"primaryImageOfPage":{"@id":"https:\/\/ksproducts.ca\/product\/griddle-bundle-carry-bag-only-for-17-or-22-tabletop-griddles\/#primaryimage"},"image":{"@id":"https:\/\/ksproducts.ca\/product\/griddle-bundle-carry-bag-only-for-17-or-22-tabletop-griddles\/#primaryimage"},"thumbnailUrl":"https:\/\/ksproducts.ca\/wp-content\/uploads\/2024\/04\/5035-1-jpg.webp","datePublished":"2023-03-27T21:28:24+00:00","dateModified":"2026-04-16T12:32:16+00:00","breadcrumb":{"@id":"https:\/\/ksproducts.ca\/product\/griddle-bundle-carry-bag-only-for-17-or-22-tabletop-griddles\/#breadcrumb"},"inLanguage":"fr-CA","potentialAction":[{"@type":"ReadAction","target":["https:\/\/ksproducts.ca\/product\/griddle-bundle-carry-bag-only-for-17-or-22-tabletop-griddles\/"]}]},{"@type":"ImageObject","inLanguage":"fr-CA","@id":"https:\/\/ksproducts.ca\/product\/griddle-bundle-carry-bag-only-for-17-or-22-tabletop-griddles\/#primaryimage","url":"https:\/\/ksproducts.ca\/wp-content\/uploads\/2024\/04\/5035-1-jpg.webp","contentUrl":"https:\/\/ksproducts.ca\/wp-content\/uploads\/2024\/04\/5035-1-jpg.webp","width":800,"height":640,"caption":"Griddle Bundle Carry Bag ONLY (for 17\" or 22\" Tabletop Griddles)"},{"@type":"BreadcrumbList","@id":"https:\/\/ksproducts.ca\/product\/griddle-bundle-carry-bag-only-for-17-or-22-tabletop-griddles\/#breadcrumb","itemListElement":[{"@type":"ListItem","position":1,"name":"Home","item":"https:\/\/ksproducts.ca\/"},{"@type":"ListItem","position":2,"name":"Shop","item":"https:\/\/ksproducts.ca\/shop\/"},{"@type":"ListItem","position":3,"name":"Griddle Bundle Carry Bag ONLY (for 17&#8243; or 22&#8243; Tabletop Griddles)"}]},{"@type":"WebSite","@id":"https:\/\/ksproducts.ca\/#website","url":"https:\/\/ksproducts.ca\/","name":"Produits Ks","description":"Cuisiner et vivre en plein air, c'est facile au Canada","publisher":{"@id":"https:\/\/ksproducts.ca\/#organization"},"potentialAction":[{"@type":"SearchAction","target":{"@type":"EntryPoint","urlTemplate":"https:\/\/ksproducts.ca\/?s={search_term_string}"},"query-input":{"@type":"PropertyValueSpecification","valueRequired":true,"valueName":"search_term_string"}}],"inLanguage":"fr-CA"},{"@type":"Organization","@id":"https:\/\/ksproducts.ca\/#organization","name":"Produits Ks","url":"https:\/\/ksproducts.ca\/","logo":{"@type":"ImageObject","inLanguage":"fr-CA","@id":"https:\/\/ksproducts.ca\/#\/schema\/logo\/image\/","url":"https:\/\/ksproducts.ca\/wp-content\/uploads\/2023\/09\/Kennedy-Sales-Logo-header-1.png","contentUrl":"https:\/\/ksproducts.ca\/wp-content\/uploads\/2023\/09\/Kennedy-Sales-Logo-header-1.png","width":150,"height":77,"caption":"Ks Products"},"image":{"@id":"https:\/\/ksproducts.ca\/#\/schema\/logo\/image\/"}}]}},"_links":{"self":[{"href":"https:\/\/ksproducts.ca\/fr\/wp-json\/wp\/v2\/product\/5681","targetHints":{"allow":["GET"]}}],"collection":[{"href":"https:\/\/ksproducts.ca\/fr\/wp-json\/wp\/v2\/product"}],"about":[{"href":"https:\/\/ksproducts.ca\/fr\/wp-json\/wp\/v2\/types\/product"}],"replies":[{"embeddable":true,"href":"https:\/\/ksproducts.ca\/fr\/wp-json\/wp\/v2\/comments?post=5681"}],"version-history":[{"count":2,"href":"https:\/\/ksproducts.ca\/fr\/wp-json\/wp\/v2\/product\/5681\/revisions"}],"predecessor-version":[{"id":8405,"href":"https:\/\/ksproducts.ca\/fr\/wp-json\/wp\/v2\/product\/5681\/revisions\/8405"}],"wp:featuredmedia":[{"embeddable":true,"href":"https:\/\/ksproducts.ca\/fr\/wp-json\/wp\/v2\/media\/8404"}],"wp:attachment":[{"href":"https:\/\/ksproducts.ca\/fr\/wp-json\/wp\/v2\/media?parent=5681"}],"wp:term":[{"taxonomy":"product_cat","embeddable":true,"href":"https:\/\/ksproducts.ca\/fr\/wp-json\/wp\/v2\/product_cat?post=5681"},{"taxonomy":"product_tag","embeddable":true,"href":"https:\/\/ksproducts.ca\/fr\/wp-json\/wp\/v2\/product_tag?post=5681"}],"curies":[{"name":"wp","href":"https:\/\/api.w.org\/{rel}","templated":true}]}}