{"id":5695,"date":"2023-03-27T21:28:52","date_gmt":"2023-03-27T21:28:52","guid":{"rendered":"https:\/\/ksproducts.ca\/product\/egg-ring-set-8-pcs\/"},"modified":"2026-04-10T21:33:21","modified_gmt":"2026-04-10T21:33:21","slug":"jeu-danneaux-doeuf-8-pcs","status":"publish","type":"product","link":"https:\/\/ksproducts.ca\/fr\/product\/egg-ring-set-8-pcs\/","title":{"rendered":"Jeu d'anneaux d'\u0153uf (8 pi\u00e8ces)"},"content":{"rendered":"<p>Comprend quatre (4) anneaux circulaires et quatre (4) anneaux carr\u00e9sUtiliser comme forme pour les saucisses, les \u0153ufs, les g\u00e2teaux au crabe, les cr\u00eapes et plus encoreLes formes sont de taille uniformeChaque anneau est fabriqu\u00e9 en siliconeLes anneaux sont tous lavables au lave-vaisselle<\/p>","protected":false},"excerpt":{"rendered":"<p>Les anneaux d'\u0153uf Blackstone sont un moyen infaillible de donner \u00e0 vos sandwichs aux \u0153ufs et \u00e0 la saucisse l'impression qu'ils ont \u00e9t\u00e9 pr\u00e9par\u00e9s par un vrai chef dans un caf\u00e9. L'ensemble d'anneaux d'\u0153uf comprend 8 anneaux d'\u0153uf : 4 cercles et 4 carr\u00e9s. Utilisez les anneaux d'\u0153uf pour former des galettes de saucisse, des omelettes, des g\u00e2teaux au crabe, des cr\u00eapes, des pommes de terre rissol\u00e9es et bien plus encore ! Accompagnez vos cr\u00e9ations d'un bagel, d'un muffin anglais ou d'un croissant, et vos sandwichs de petit-d\u00e9jeuner parfaitement pr\u00e9par\u00e9s feront parler d'eux. Chaque anneau en silicone peut \u00eatre lav\u00e9 au lave-vaisselle pour vous faciliter la t\u00e2che une fois que vous avez fini de vous servir de la plaque.<\/p>","protected":false},"featured_media":8394,"comment_status":"closed","ping_status":"closed","template":"","meta":[],"product_cat":[438],"product_tag":[],"class_list":{"0":"post-5695","1":"product","2":"type-product","3":"status-publish","4":"has-post-thumbnail","6":"product_cat-tools-kits","7":"product_shipping_class-class-1","9":"first","10":"instock","11":"taxable","12":"shipping-taxable","13":"purchasable","14":"product-type-simple"},"yoast_head":"<!-- This site is optimized with the Yoast SEO plugin v27.3 - https:\/\/yoast.com\/product\/yoast-seo-wordpress\/ -->\n<title>Egg Ring Set (8 pcs) - Ks Products<\/title>\n<meta name=\"robots\" content=\"index, follow, max-snippet:-1, max-image-preview:large, max-video-preview:-1\" \/>\n<link rel=\"canonical\" href=\"https:\/\/ksproducts.ca\/fr\/product\/jeu-danneaux-doeuf-8-pcs\/\" \/>\n<meta property=\"og:locale\" content=\"fr_CA\" \/>\n<meta property=\"og:type\" content=\"article\" \/>\n<meta property=\"og:title\" content=\"Egg Ring Set (8 pcs) - Ks Products\" \/>\n<meta property=\"og:description\" content=\"Blackstone Egg Rings are a surefire way to make your egg and sausage breakfast sandwiches look as though they were prepared by a real chef at a caf\u00e9. The Egg Ring Bundle comes with 8 egg rings: 4 circle, and 4 square. Use the egg rings as a form for sausage patties, omelets, crab cakes, pancakes, hash browns, and more! Pair your creations with a bagel, English muffin, or croissant, and your perfectly prepared breakfast sandwiches will be the talk of the town. Each silicone ring is dishwasher safe for your convenience once you\u2019re done at the griddle.\" \/>\n<meta property=\"og:url\" content=\"https:\/\/ksproducts.ca\/fr\/product\/jeu-danneaux-doeuf-8-pcs\/\" \/>\n<meta property=\"og:site_name\" content=\"Ks Products\" \/>\n<meta property=\"article:modified_time\" content=\"2026-04-10T21:33:21+00:00\" \/>\n<meta property=\"og:image\" content=\"https:\/\/ksproducts.ca\/wp-content\/uploads\/2024\/04\/5274-1-jpg.webp\" \/>\n\t<meta property=\"og:image:width\" content=\"698\" \/>\n\t<meta property=\"og:image:height\" content=\"698\" \/>\n\t<meta property=\"og:image:type\" content=\"image\/jpeg\" \/>\n<meta name=\"twitter:card\" content=\"summary_large_image\" \/>\n<meta name=\"twitter:label1\" content=\"Estimation du temps de lecture\" \/>\n\t<meta name=\"twitter:data1\" content=\"1 minute\" \/>\n<script type=\"application\/ld+json\" class=\"yoast-schema-graph\">{\"@context\":\"https:\\\/\\\/schema.org\",\"@graph\":[{\"@type\":\"WebPage\",\"@id\":\"https:\\\/\\\/ksproducts.ca\\\/product\\\/egg-ring-set-8-pcs\\\/\",\"url\":\"https:\\\/\\\/ksproducts.ca\\\/product\\\/egg-ring-set-8-pcs\\\/\",\"name\":\"Egg Ring Set (8 pcs) - Ks Products\",\"isPartOf\":{\"@id\":\"https:\\\/\\\/ksproducts.ca\\\/#website\"},\"primaryImageOfPage\":{\"@id\":\"https:\\\/\\\/ksproducts.ca\\\/product\\\/egg-ring-set-8-pcs\\\/#primaryimage\"},\"image\":{\"@id\":\"https:\\\/\\\/ksproducts.ca\\\/product\\\/egg-ring-set-8-pcs\\\/#primaryimage\"},\"thumbnailUrl\":\"https:\\\/\\\/ksproducts.ca\\\/wp-content\\\/uploads\\\/2024\\\/04\\\/5274-1-jpg.webp\",\"datePublished\":\"2023-03-27T21:28:52+00:00\",\"dateModified\":\"2026-04-10T21:33:21+00:00\",\"breadcrumb\":{\"@id\":\"https:\\\/\\\/ksproducts.ca\\\/product\\\/egg-ring-set-8-pcs\\\/#breadcrumb\"},\"inLanguage\":\"fr-CA\",\"potentialAction\":[{\"@type\":\"ReadAction\",\"target\":[\"https:\\\/\\\/ksproducts.ca\\\/product\\\/egg-ring-set-8-pcs\\\/\"]}]},{\"@type\":\"ImageObject\",\"inLanguage\":\"fr-CA\",\"@id\":\"https:\\\/\\\/ksproducts.ca\\\/product\\\/egg-ring-set-8-pcs\\\/#primaryimage\",\"url\":\"https:\\\/\\\/ksproducts.ca\\\/wp-content\\\/uploads\\\/2024\\\/04\\\/5274-1-jpg.webp\",\"contentUrl\":\"https:\\\/\\\/ksproducts.ca\\\/wp-content\\\/uploads\\\/2024\\\/04\\\/5274-1-jpg.webp\",\"width\":698,\"height\":698,\"caption\":\"Egg Ring Set (8 pcs)\"},{\"@type\":\"BreadcrumbList\",\"@id\":\"https:\\\/\\\/ksproducts.ca\\\/product\\\/egg-ring-set-8-pcs\\\/#breadcrumb\",\"itemListElement\":[{\"@type\":\"ListItem\",\"position\":1,\"name\":\"Home\",\"item\":\"https:\\\/\\\/ksproducts.ca\\\/\"},{\"@type\":\"ListItem\",\"position\":2,\"name\":\"Shop\",\"item\":\"https:\\\/\\\/ksproducts.ca\\\/shop\\\/\"},{\"@type\":\"ListItem\",\"position\":3,\"name\":\"Egg Ring Set (8 pcs)\"}]},{\"@type\":\"WebSite\",\"@id\":\"https:\\\/\\\/ksproducts.ca\\\/#website\",\"url\":\"https:\\\/\\\/ksproducts.ca\\\/\",\"name\":\"Ks Products\",\"description\":\"Outdoor cooking and living, made easy in Canada\",\"publisher\":{\"@id\":\"https:\\\/\\\/ksproducts.ca\\\/#organization\"},\"potentialAction\":[{\"@type\":\"SearchAction\",\"target\":{\"@type\":\"EntryPoint\",\"urlTemplate\":\"https:\\\/\\\/ksproducts.ca\\\/?s={search_term_string}\"},\"query-input\":{\"@type\":\"PropertyValueSpecification\",\"valueRequired\":true,\"valueName\":\"search_term_string\"}}],\"inLanguage\":\"fr-CA\"},{\"@type\":\"Organization\",\"@id\":\"https:\\\/\\\/ksproducts.ca\\\/#organization\",\"name\":\"Ks Products\",\"url\":\"https:\\\/\\\/ksproducts.ca\\\/\",\"logo\":{\"@type\":\"ImageObject\",\"inLanguage\":\"fr-CA\",\"@id\":\"https:\\\/\\\/ksproducts.ca\\\/#\\\/schema\\\/logo\\\/image\\\/\",\"url\":\"https:\\\/\\\/ksproducts.ca\\\/wp-content\\\/uploads\\\/2023\\\/09\\\/Kennedy-Sales-Logo-header-1.png\",\"contentUrl\":\"https:\\\/\\\/ksproducts.ca\\\/wp-content\\\/uploads\\\/2023\\\/09\\\/Kennedy-Sales-Logo-header-1.png\",\"width\":150,\"height\":77,\"caption\":\"Ks Products\"},\"image\":{\"@id\":\"https:\\\/\\\/ksproducts.ca\\\/#\\\/schema\\\/logo\\\/image\\\/\"}}]}<\/script>\n<!-- \/ Yoast SEO plugin. -->","yoast_head_json":{"title":"Jeu d'anneaux d'\u0153uf (8 pi\u00e8ces) - Ks Products","robots":{"index":"index","follow":"follow","max-snippet":"max-snippet:-1","max-image-preview":"max-image-preview:large","max-video-preview":"max-video-preview:-1"},"canonical":"https:\/\/ksproducts.ca\/fr\/product\/jeu-danneaux-doeuf-8-pcs\/","og_locale":"fr_CA","og_type":"article","og_title":"Egg Ring Set (8 pcs) - Ks Products","og_description":"Blackstone Egg Rings are a surefire way to make your egg and sausage breakfast sandwiches look as though they were prepared by a real chef at a caf\u00e9. The Egg Ring Bundle comes with 8 egg rings: 4 circle, and 4 square. Use the egg rings as a form for sausage patties, omelets, crab cakes, pancakes, hash browns, and more! Pair your creations with a bagel, English muffin, or croissant, and your perfectly prepared breakfast sandwiches will be the talk of the town. Each silicone ring is dishwasher safe for your convenience once you\u2019re done at the griddle.","og_url":"https:\/\/ksproducts.ca\/fr\/product\/jeu-danneaux-doeuf-8-pcs\/","og_site_name":"Ks Products","article_modified_time":"2026-04-10T21:33:21+00:00","og_image":[{"width":698,"height":698,"url":"https:\/\/ksproducts.ca\/wp-content\/uploads\/2024\/04\/5274-1-jpg.webp","type":"image\/jpeg"}],"twitter_card":"summary_large_image","twitter_misc":{"Estimation du temps de lecture":"1 minute"},"schema":{"@context":"https:\/\/schema.org","@graph":[{"@type":"WebPage","@id":"https:\/\/ksproducts.ca\/product\/egg-ring-set-8-pcs\/","url":"https:\/\/ksproducts.ca\/product\/egg-ring-set-8-pcs\/","name":"Jeu d'anneaux d'\u0153uf (8 pi\u00e8ces) - Ks Products","isPartOf":{"@id":"https:\/\/ksproducts.ca\/#website"},"primaryImageOfPage":{"@id":"https:\/\/ksproducts.ca\/product\/egg-ring-set-8-pcs\/#primaryimage"},"image":{"@id":"https:\/\/ksproducts.ca\/product\/egg-ring-set-8-pcs\/#primaryimage"},"thumbnailUrl":"https:\/\/ksproducts.ca\/wp-content\/uploads\/2024\/04\/5274-1-jpg.webp","datePublished":"2023-03-27T21:28:52+00:00","dateModified":"2026-04-10T21:33:21+00:00","breadcrumb":{"@id":"https:\/\/ksproducts.ca\/product\/egg-ring-set-8-pcs\/#breadcrumb"},"inLanguage":"fr-CA","potentialAction":[{"@type":"ReadAction","target":["https:\/\/ksproducts.ca\/product\/egg-ring-set-8-pcs\/"]}]},{"@type":"ImageObject","inLanguage":"fr-CA","@id":"https:\/\/ksproducts.ca\/product\/egg-ring-set-8-pcs\/#primaryimage","url":"https:\/\/ksproducts.ca\/wp-content\/uploads\/2024\/04\/5274-1-jpg.webp","contentUrl":"https:\/\/ksproducts.ca\/wp-content\/uploads\/2024\/04\/5274-1-jpg.webp","width":698,"height":698,"caption":"Egg Ring Set (8 pcs)"},{"@type":"BreadcrumbList","@id":"https:\/\/ksproducts.ca\/product\/egg-ring-set-8-pcs\/#breadcrumb","itemListElement":[{"@type":"ListItem","position":1,"name":"Home","item":"https:\/\/ksproducts.ca\/"},{"@type":"ListItem","position":2,"name":"Shop","item":"https:\/\/ksproducts.ca\/shop\/"},{"@type":"ListItem","position":3,"name":"Egg Ring Set (8 pcs)"}]},{"@type":"WebSite","@id":"https:\/\/ksproducts.ca\/#website","url":"https:\/\/ksproducts.ca\/","name":"Produits Ks","description":"Cuisiner et vivre en plein air, c'est facile au Canada","publisher":{"@id":"https:\/\/ksproducts.ca\/#organization"},"potentialAction":[{"@type":"SearchAction","target":{"@type":"EntryPoint","urlTemplate":"https:\/\/ksproducts.ca\/?s={search_term_string}"},"query-input":{"@type":"PropertyValueSpecification","valueRequired":true,"valueName":"search_term_string"}}],"inLanguage":"fr-CA"},{"@type":"Organization","@id":"https:\/\/ksproducts.ca\/#organization","name":"Produits Ks","url":"https:\/\/ksproducts.ca\/","logo":{"@type":"ImageObject","inLanguage":"fr-CA","@id":"https:\/\/ksproducts.ca\/#\/schema\/logo\/image\/","url":"https:\/\/ksproducts.ca\/wp-content\/uploads\/2023\/09\/Kennedy-Sales-Logo-header-1.png","contentUrl":"https:\/\/ksproducts.ca\/wp-content\/uploads\/2023\/09\/Kennedy-Sales-Logo-header-1.png","width":150,"height":77,"caption":"Ks Products"},"image":{"@id":"https:\/\/ksproducts.ca\/#\/schema\/logo\/image\/"}}]}},"_links":{"self":[{"href":"https:\/\/ksproducts.ca\/fr\/wp-json\/wp\/v2\/product\/5695","targetHints":{"allow":["GET"]}}],"collection":[{"href":"https:\/\/ksproducts.ca\/fr\/wp-json\/wp\/v2\/product"}],"about":[{"href":"https:\/\/ksproducts.ca\/fr\/wp-json\/wp\/v2\/types\/product"}],"replies":[{"embeddable":true,"href":"https:\/\/ksproducts.ca\/fr\/wp-json\/wp\/v2\/comments?post=5695"}],"version-history":[{"count":1,"href":"https:\/\/ksproducts.ca\/fr\/wp-json\/wp\/v2\/product\/5695\/revisions"}],"predecessor-version":[{"id":8395,"href":"https:\/\/ksproducts.ca\/fr\/wp-json\/wp\/v2\/product\/5695\/revisions\/8395"}],"wp:featuredmedia":[{"embeddable":true,"href":"https:\/\/ksproducts.ca\/fr\/wp-json\/wp\/v2\/media\/8394"}],"wp:attachment":[{"href":"https:\/\/ksproducts.ca\/fr\/wp-json\/wp\/v2\/media?parent=5695"}],"wp:term":[{"taxonomy":"product_cat","embeddable":true,"href":"https:\/\/ksproducts.ca\/fr\/wp-json\/wp\/v2\/product_cat?post=5695"},{"taxonomy":"product_tag","embeddable":true,"href":"https:\/\/ksproducts.ca\/fr\/wp-json\/wp\/v2\/product_tag?post=5695"}],"curies":[{"name":"wp","href":"https:\/\/api.w.org\/{rel}","templated":true}]}}