{"id":5712,"date":"2023-03-27T21:29:17","date_gmt":"2023-03-27T21:29:17","guid":{"rendered":"https:\/\/ksproducts.ca\/product\/blackstone-signature-series-wide-spatula-2-pack\/"},"modified":"2026-04-14T23:32:20","modified_gmt":"2026-04-14T23:32:20","slug":"blackstone-signature-series-wide-spatula-2-packs","status":"publish","type":"product","link":"https:\/\/ksproducts.ca\/fr\/product\/blackstone-signature-series-wide-spatula-2-pack\/","title":{"rendered":"Spatule pour gril Blackstone Signature Series - 2pk"},"content":{"rendered":"<ul>\n<li>Spatule en acier inoxydable durable<\/li>\n<li>Poign\u00e9e ergonomique de conception nouvelle<\/li>\n<li>Poign\u00e9e antid\u00e9rapante<\/li>\n<li>Poign\u00e9e r\u00e9sistante \u00e0 la chaleur<\/li>\n<li>Ouvre-bouteille incorpor\u00e9 dans la poign\u00e9e<\/li>\n<\/ul>","protected":false},"excerpt":{"rendered":"<p>La spatule \u00e0 griller Signature est fabriqu\u00e9e en acier inoxydable durable, pour que vous puissiez griller pendant longtemps. Cette spatule \u00e9tonnante est dot\u00e9e d'une poign\u00e9e ergonomique antid\u00e9rapante et d'un manche r\u00e9sistant \u00e0 la chaleur, ce qui vous permet de vous approcher de votre plaque de cuisson sans que votre manche ne chauffe ou que vous ne vous sentiez mal \u00e0 l'aise. La lame est en acier inoxydable durable, avec des bords biseaut\u00e9s parfaits pour hacher et gratter, et glisse facilement sous les aliments. Et le plus beau, c'est que le bout du manche sert \u00e9galement de poign\u00e9e. L'extr\u00e9mit\u00e9 du manche sert \u00e9galement de d\u00e9capsuleur, ce qui vous permet d'ouvrir un verre sans quitter la plaque de cuisson. Vous ne voudrez pas manquer d'ajouter cette spatule \u00e9tonnante \u00e0 votre collection d'outils Blackstone.<\/p>","protected":false},"featured_media":8374,"comment_status":"closed","ping_status":"closed","template":"","meta":[],"product_cat":[436,438],"product_tag":[],"class_list":{"0":"post-5712","1":"product","2":"type-product","3":"status-publish","4":"has-post-thumbnail","6":"product_brand-blackstone","7":"product_cat-accessories","8":"product_cat-tools-kits","9":"product_shipping_class-class-1","11":"first","12":"instock","13":"taxable","14":"shipping-taxable","15":"purchasable","16":"product-type-simple"},"yoast_head":"<!-- This site is optimized with the Yoast SEO plugin v27.4 - https:\/\/yoast.com\/product\/yoast-seo-wordpress\/ -->\n<title>Blackstone Signature Series Griddle Spatula - 2pk - Ks Products<\/title>\n<meta name=\"robots\" content=\"index, follow, max-snippet:-1, max-image-preview:large, max-video-preview:-1\" \/>\n<link rel=\"canonical\" href=\"https:\/\/ksproducts.ca\/fr\/product\/blackstone-signature-series-wide-spatula-2-packs\/\" \/>\n<meta property=\"og:locale\" content=\"fr_CA\" \/>\n<meta property=\"og:type\" content=\"article\" \/>\n<meta property=\"og:title\" content=\"Blackstone Signature Series Griddle Spatula - 2pk - Ks Products\" \/>\n<meta property=\"og:description\" content=\"Signature Griddle Spatula is made of durable stainless steel, so you can griddle for a long time to come. This amazing spatula features an ergonomic slip-resistant grip and heat resistant handle, allowing you to get right up to your griddle without your handle getting hot, or you getting uncomfortable. The blade is made of durable stainless steel with beveled edges perfect for chopping and scraping and easily slides under food. The best part? The tip of the handle doubles as a bottle opener, so you can crack open a drink without ever leaving the griddle. You won\u2019t want to skip out on adding this amazing spatula to your collection of Blackstone tools.\" \/>\n<meta property=\"og:url\" content=\"https:\/\/ksproducts.ca\/fr\/product\/blackstone-signature-series-wide-spatula-2-packs\/\" \/>\n<meta property=\"og:site_name\" content=\"Ks Products\" \/>\n<meta property=\"article:modified_time\" content=\"2026-04-14T23:32:20+00:00\" \/>\n<meta property=\"og:image\" content=\"https:\/\/ksproducts.ca\/wp-content\/uploads\/2024\/04\/5229-2-jpg.webp\" \/>\n\t<meta property=\"og:image:width\" content=\"1000\" \/>\n\t<meta property=\"og:image:height\" content=\"800\" \/>\n\t<meta property=\"og:image:type\" content=\"image\/jpeg\" \/>\n<meta name=\"twitter:card\" content=\"summary_large_image\" \/>\n<meta name=\"twitter:label1\" content=\"Estimation du temps de lecture\" \/>\n\t<meta name=\"twitter:data1\" content=\"1 minute\" \/>\n<script type=\"application\/ld+json\" class=\"yoast-schema-graph\">{\"@context\":\"https:\\\/\\\/schema.org\",\"@graph\":[{\"@type\":\"WebPage\",\"@id\":\"https:\\\/\\\/ksproducts.ca\\\/product\\\/blackstone-signature-series-wide-spatula-2-pack\\\/\",\"url\":\"https:\\\/\\\/ksproducts.ca\\\/product\\\/blackstone-signature-series-wide-spatula-2-pack\\\/\",\"name\":\"Blackstone Signature Series Griddle Spatula - 2pk - Ks Products\",\"isPartOf\":{\"@id\":\"https:\\\/\\\/ksproducts.ca\\\/#website\"},\"primaryImageOfPage\":{\"@id\":\"https:\\\/\\\/ksproducts.ca\\\/product\\\/blackstone-signature-series-wide-spatula-2-pack\\\/#primaryimage\"},\"image\":{\"@id\":\"https:\\\/\\\/ksproducts.ca\\\/product\\\/blackstone-signature-series-wide-spatula-2-pack\\\/#primaryimage\"},\"thumbnailUrl\":\"https:\\\/\\\/ksproducts.ca\\\/wp-content\\\/uploads\\\/2024\\\/04\\\/5229-2-jpg.webp\",\"datePublished\":\"2023-03-27T21:29:17+00:00\",\"dateModified\":\"2026-04-14T23:32:20+00:00\",\"breadcrumb\":{\"@id\":\"https:\\\/\\\/ksproducts.ca\\\/product\\\/blackstone-signature-series-wide-spatula-2-pack\\\/#breadcrumb\"},\"inLanguage\":\"fr-CA\",\"potentialAction\":[{\"@type\":\"ReadAction\",\"target\":[\"https:\\\/\\\/ksproducts.ca\\\/product\\\/blackstone-signature-series-wide-spatula-2-pack\\\/\"]}]},{\"@type\":\"ImageObject\",\"inLanguage\":\"fr-CA\",\"@id\":\"https:\\\/\\\/ksproducts.ca\\\/product\\\/blackstone-signature-series-wide-spatula-2-pack\\\/#primaryimage\",\"url\":\"https:\\\/\\\/ksproducts.ca\\\/wp-content\\\/uploads\\\/2024\\\/04\\\/5229-2-jpg.webp\",\"contentUrl\":\"https:\\\/\\\/ksproducts.ca\\\/wp-content\\\/uploads\\\/2024\\\/04\\\/5229-2-jpg.webp\",\"width\":1000,\"height\":800,\"caption\":\"Blackstone Signature Series Griddle Spatula - 2pk\"},{\"@type\":\"BreadcrumbList\",\"@id\":\"https:\\\/\\\/ksproducts.ca\\\/product\\\/blackstone-signature-series-wide-spatula-2-pack\\\/#breadcrumb\",\"itemListElement\":[{\"@type\":\"ListItem\",\"position\":1,\"name\":\"Home\",\"item\":\"https:\\\/\\\/ksproducts.ca\\\/\"},{\"@type\":\"ListItem\",\"position\":2,\"name\":\"Shop\",\"item\":\"https:\\\/\\\/ksproducts.ca\\\/shop\\\/\"},{\"@type\":\"ListItem\",\"position\":3,\"name\":\"Blackstone Signature Series Griddle Spatula &#8211; 2pk\"}]},{\"@type\":\"WebSite\",\"@id\":\"https:\\\/\\\/ksproducts.ca\\\/#website\",\"url\":\"https:\\\/\\\/ksproducts.ca\\\/\",\"name\":\"Ks Products\",\"description\":\"Outdoor cooking and living, made easy in Canada\",\"publisher\":{\"@id\":\"https:\\\/\\\/ksproducts.ca\\\/#organization\"},\"potentialAction\":[{\"@type\":\"SearchAction\",\"target\":{\"@type\":\"EntryPoint\",\"urlTemplate\":\"https:\\\/\\\/ksproducts.ca\\\/?s={search_term_string}\"},\"query-input\":{\"@type\":\"PropertyValueSpecification\",\"valueRequired\":true,\"valueName\":\"search_term_string\"}}],\"inLanguage\":\"fr-CA\"},{\"@type\":\"Organization\",\"@id\":\"https:\\\/\\\/ksproducts.ca\\\/#organization\",\"name\":\"Ks Products\",\"url\":\"https:\\\/\\\/ksproducts.ca\\\/\",\"logo\":{\"@type\":\"ImageObject\",\"inLanguage\":\"fr-CA\",\"@id\":\"https:\\\/\\\/ksproducts.ca\\\/#\\\/schema\\\/logo\\\/image\\\/\",\"url\":\"https:\\\/\\\/ksproducts.ca\\\/wp-content\\\/uploads\\\/2023\\\/09\\\/Kennedy-Sales-Logo-header-1.png\",\"contentUrl\":\"https:\\\/\\\/ksproducts.ca\\\/wp-content\\\/uploads\\\/2023\\\/09\\\/Kennedy-Sales-Logo-header-1.png\",\"width\":150,\"height\":77,\"caption\":\"Ks Products\"},\"image\":{\"@id\":\"https:\\\/\\\/ksproducts.ca\\\/#\\\/schema\\\/logo\\\/image\\\/\"}}]}<\/script>\n<!-- \/ Yoast SEO plugin. -->","yoast_head_json":{"title":"Spatule pour gril Blackstone Signature Series - 2pk - Ks Products","robots":{"index":"index","follow":"follow","max-snippet":"max-snippet:-1","max-image-preview":"max-image-preview:large","max-video-preview":"max-video-preview:-1"},"canonical":"https:\/\/ksproducts.ca\/fr\/product\/blackstone-signature-series-wide-spatula-2-packs\/","og_locale":"fr_CA","og_type":"article","og_title":"Blackstone Signature Series Griddle Spatula - 2pk - Ks Products","og_description":"Signature Griddle Spatula is made of durable stainless steel, so you can griddle for a long time to come. This amazing spatula features an ergonomic slip-resistant grip and heat resistant handle, allowing you to get right up to your griddle without your handle getting hot, or you getting uncomfortable. The blade is made of durable stainless steel with beveled edges perfect for chopping and scraping and easily slides under food. The best part? The tip of the handle doubles as a bottle opener, so you can crack open a drink without ever leaving the griddle. You won\u2019t want to skip out on adding this amazing spatula to your collection of Blackstone tools.","og_url":"https:\/\/ksproducts.ca\/fr\/product\/blackstone-signature-series-wide-spatula-2-packs\/","og_site_name":"Ks Products","article_modified_time":"2026-04-14T23:32:20+00:00","og_image":[{"width":1000,"height":800,"url":"https:\/\/ksproducts.ca\/wp-content\/uploads\/2024\/04\/5229-2-jpg.webp","type":"image\/jpeg"}],"twitter_card":"summary_large_image","twitter_misc":{"Estimation du temps de lecture":"1 minute"},"schema":{"@context":"https:\/\/schema.org","@graph":[{"@type":"WebPage","@id":"https:\/\/ksproducts.ca\/product\/blackstone-signature-series-wide-spatula-2-pack\/","url":"https:\/\/ksproducts.ca\/product\/blackstone-signature-series-wide-spatula-2-pack\/","name":"Spatule pour gril Blackstone Signature Series - 2pk - Ks Products","isPartOf":{"@id":"https:\/\/ksproducts.ca\/#website"},"primaryImageOfPage":{"@id":"https:\/\/ksproducts.ca\/product\/blackstone-signature-series-wide-spatula-2-pack\/#primaryimage"},"image":{"@id":"https:\/\/ksproducts.ca\/product\/blackstone-signature-series-wide-spatula-2-pack\/#primaryimage"},"thumbnailUrl":"https:\/\/ksproducts.ca\/wp-content\/uploads\/2024\/04\/5229-2-jpg.webp","datePublished":"2023-03-27T21:29:17+00:00","dateModified":"2026-04-14T23:32:20+00:00","breadcrumb":{"@id":"https:\/\/ksproducts.ca\/product\/blackstone-signature-series-wide-spatula-2-pack\/#breadcrumb"},"inLanguage":"fr-CA","potentialAction":[{"@type":"ReadAction","target":["https:\/\/ksproducts.ca\/product\/blackstone-signature-series-wide-spatula-2-pack\/"]}]},{"@type":"ImageObject","inLanguage":"fr-CA","@id":"https:\/\/ksproducts.ca\/product\/blackstone-signature-series-wide-spatula-2-pack\/#primaryimage","url":"https:\/\/ksproducts.ca\/wp-content\/uploads\/2024\/04\/5229-2-jpg.webp","contentUrl":"https:\/\/ksproducts.ca\/wp-content\/uploads\/2024\/04\/5229-2-jpg.webp","width":1000,"height":800,"caption":"Blackstone Signature Series Griddle Spatula - 2pk"},{"@type":"BreadcrumbList","@id":"https:\/\/ksproducts.ca\/product\/blackstone-signature-series-wide-spatula-2-pack\/#breadcrumb","itemListElement":[{"@type":"ListItem","position":1,"name":"Home","item":"https:\/\/ksproducts.ca\/"},{"@type":"ListItem","position":2,"name":"Shop","item":"https:\/\/ksproducts.ca\/shop\/"},{"@type":"ListItem","position":3,"name":"Blackstone Signature Series Griddle Spatula &#8211; 2pk"}]},{"@type":"WebSite","@id":"https:\/\/ksproducts.ca\/#website","url":"https:\/\/ksproducts.ca\/","name":"Produits Ks","description":"Cuisiner et vivre en plein air, c'est facile au Canada","publisher":{"@id":"https:\/\/ksproducts.ca\/#organization"},"potentialAction":[{"@type":"SearchAction","target":{"@type":"EntryPoint","urlTemplate":"https:\/\/ksproducts.ca\/?s={search_term_string}"},"query-input":{"@type":"PropertyValueSpecification","valueRequired":true,"valueName":"search_term_string"}}],"inLanguage":"fr-CA"},{"@type":"Organization","@id":"https:\/\/ksproducts.ca\/#organization","name":"Produits Ks","url":"https:\/\/ksproducts.ca\/","logo":{"@type":"ImageObject","inLanguage":"fr-CA","@id":"https:\/\/ksproducts.ca\/#\/schema\/logo\/image\/","url":"https:\/\/ksproducts.ca\/wp-content\/uploads\/2023\/09\/Kennedy-Sales-Logo-header-1.png","contentUrl":"https:\/\/ksproducts.ca\/wp-content\/uploads\/2023\/09\/Kennedy-Sales-Logo-header-1.png","width":150,"height":77,"caption":"Ks Products"},"image":{"@id":"https:\/\/ksproducts.ca\/#\/schema\/logo\/image\/"}}]}},"_links":{"self":[{"href":"https:\/\/ksproducts.ca\/fr\/wp-json\/wp\/v2\/product\/5712","targetHints":{"allow":["GET"]}}],"collection":[{"href":"https:\/\/ksproducts.ca\/fr\/wp-json\/wp\/v2\/product"}],"about":[{"href":"https:\/\/ksproducts.ca\/fr\/wp-json\/wp\/v2\/types\/product"}],"replies":[{"embeddable":true,"href":"https:\/\/ksproducts.ca\/fr\/wp-json\/wp\/v2\/comments?post=5712"}],"version-history":[{"count":4,"href":"https:\/\/ksproducts.ca\/fr\/wp-json\/wp\/v2\/product\/5712\/revisions"}],"predecessor-version":[{"id":10643,"href":"https:\/\/ksproducts.ca\/fr\/wp-json\/wp\/v2\/product\/5712\/revisions\/10643"}],"wp:featuredmedia":[{"embeddable":true,"href":"https:\/\/ksproducts.ca\/fr\/wp-json\/wp\/v2\/media\/8374"}],"wp:attachment":[{"href":"https:\/\/ksproducts.ca\/fr\/wp-json\/wp\/v2\/media?parent=5712"}],"wp:term":[{"taxonomy":"product_cat","embeddable":true,"href":"https:\/\/ksproducts.ca\/fr\/wp-json\/wp\/v2\/product_cat?post=5712"},{"taxonomy":"product_tag","embeddable":true,"href":"https:\/\/ksproducts.ca\/fr\/wp-json\/wp\/v2\/product_tag?post=5712"}],"curies":[{"name":"wp","href":"https:\/\/api.w.org\/{rel}","templated":true}]}}