{"id":5719,"date":"2023-03-27T21:29:17","date_gmt":"2023-03-27T21:29:17","guid":{"rendered":"https:\/\/ksproducts.ca\/product\/side-shelf-cutting-board\/"},"modified":"2026-04-10T21:33:05","modified_gmt":"2026-04-10T21:33:05","slug":"plateau-lateral-planche-a-decouper","status":"publish","type":"product","link":"https:\/\/ksproducts.ca\/fr\/product\/side-shelf-cutting-board\/","title":{"rendered":"PLATEAU LAT\u00c9RAL PLANCHE \u00c0 D\u00c9COUPER"},"content":{"rendered":"<p>R\u00e9sistant \u00e0 la chaleurS'enclenche en placeS'enl\u00e8ve facilement pour le stockage et le nettoyageVient au lave-vaisselleConvient aux grils Blackstone 36\u2033, Pro Series et Rangetop<\/p>","protected":false},"excerpt":{"rendered":"<p>La planche \u00e0 d\u00e9couper Blackstone est un accessoire g\u00e9nial pour votre plaque de cuisson Blackstone 36\u2033, Pro Series, ou Rangetop. Plus besoin de faire des allers-retours pour couper quelque chose - vous pouvez couper, trancher et d\u00e9couper directement \u00e0 partir de votre plancha ! Cette planche \u00e0 d\u00e9couper se fixe sur l'\u00e9tag\u00e8re lat\u00e9rale du support, ce qui vous permet d'acc\u00e9der facilement \u00e0 une zone de pr\u00e9paration. Coupez les l\u00e9gumes, les viandes et les herbes pour n'importe quelle recette de la plancha Blackstone. S'enl\u00e8ve pour faciliter le nettoyage et le rangement.<\/p>","protected":false},"featured_media":8371,"comment_status":"closed","ping_status":"closed","template":"","meta":[],"product_cat":[441],"product_tag":[],"class_list":{"0":"post-5719","1":"product","2":"type-product","3":"status-publish","4":"has-post-thumbnail","6":"product_cat-essential-extras","7":"product_shipping_class-class-1","9":"first","10":"instock","11":"taxable","12":"shipping-taxable","13":"purchasable","14":"product-type-simple"},"yoast_head":"<!-- This site is optimized with the Yoast SEO plugin v27.3 - https:\/\/yoast.com\/product\/yoast-seo-wordpress\/ -->\n<title>SIDE SHELF CUTTING BOARD - Ks Products<\/title>\n<meta name=\"robots\" content=\"index, follow, max-snippet:-1, max-image-preview:large, max-video-preview:-1\" \/>\n<link rel=\"canonical\" href=\"https:\/\/ksproducts.ca\/fr\/product\/plateau-lateral-planche-a-decouper\/\" \/>\n<meta property=\"og:locale\" content=\"fr_CA\" \/>\n<meta property=\"og:type\" content=\"article\" \/>\n<meta property=\"og:title\" content=\"SIDE SHELF CUTTING BOARD - Ks Products\" \/>\n<meta property=\"og:description\" content=\"The Blackstone Side Shelf Cutting Board is a brilliant accessory for your Blackstone 36&quot;, Pro Series, or Rangetop Griddle. No need to walk back and forth to cut something up - you can chop, slice, and dice right from your griddle! This cutting board locks into the stand&#039;s side shelf giving you easy access to a prepping area. Chop veggies, meats, and herbs for any Blackstone griddle recipe. Remove for easy cleanup and storage.\" \/>\n<meta property=\"og:url\" content=\"https:\/\/ksproducts.ca\/fr\/product\/plateau-lateral-planche-a-decouper\/\" \/>\n<meta property=\"og:site_name\" content=\"Ks Products\" \/>\n<meta property=\"article:modified_time\" content=\"2026-04-10T21:33:05+00:00\" \/>\n<meta property=\"og:image\" content=\"https:\/\/ksproducts.ca\/wp-content\/uploads\/2024\/04\/5163-1-jpg.webp\" \/>\n\t<meta property=\"og:image:width\" content=\"1024\" \/>\n\t<meta property=\"og:image:height\" content=\"762\" \/>\n\t<meta property=\"og:image:type\" content=\"image\/jpeg\" \/>\n<meta name=\"twitter:card\" content=\"summary_large_image\" \/>\n<meta name=\"twitter:label1\" content=\"Estimation du temps de lecture\" \/>\n\t<meta name=\"twitter:data1\" content=\"1 minute\" \/>\n<script type=\"application\/ld+json\" class=\"yoast-schema-graph\">{\"@context\":\"https:\\\/\\\/schema.org\",\"@graph\":[{\"@type\":\"WebPage\",\"@id\":\"https:\\\/\\\/ksproducts.ca\\\/product\\\/side-shelf-cutting-board\\\/\",\"url\":\"https:\\\/\\\/ksproducts.ca\\\/product\\\/side-shelf-cutting-board\\\/\",\"name\":\"SIDE SHELF CUTTING BOARD - Ks Products\",\"isPartOf\":{\"@id\":\"https:\\\/\\\/ksproducts.ca\\\/#website\"},\"primaryImageOfPage\":{\"@id\":\"https:\\\/\\\/ksproducts.ca\\\/product\\\/side-shelf-cutting-board\\\/#primaryimage\"},\"image\":{\"@id\":\"https:\\\/\\\/ksproducts.ca\\\/product\\\/side-shelf-cutting-board\\\/#primaryimage\"},\"thumbnailUrl\":\"https:\\\/\\\/ksproducts.ca\\\/wp-content\\\/uploads\\\/2024\\\/04\\\/5163-1-jpg.webp\",\"datePublished\":\"2023-03-27T21:29:17+00:00\",\"dateModified\":\"2026-04-10T21:33:05+00:00\",\"breadcrumb\":{\"@id\":\"https:\\\/\\\/ksproducts.ca\\\/product\\\/side-shelf-cutting-board\\\/#breadcrumb\"},\"inLanguage\":\"fr-CA\",\"potentialAction\":[{\"@type\":\"ReadAction\",\"target\":[\"https:\\\/\\\/ksproducts.ca\\\/product\\\/side-shelf-cutting-board\\\/\"]}]},{\"@type\":\"ImageObject\",\"inLanguage\":\"fr-CA\",\"@id\":\"https:\\\/\\\/ksproducts.ca\\\/product\\\/side-shelf-cutting-board\\\/#primaryimage\",\"url\":\"https:\\\/\\\/ksproducts.ca\\\/wp-content\\\/uploads\\\/2024\\\/04\\\/5163-1-jpg.webp\",\"contentUrl\":\"https:\\\/\\\/ksproducts.ca\\\/wp-content\\\/uploads\\\/2024\\\/04\\\/5163-1-jpg.webp\",\"width\":1024,\"height\":762,\"caption\":\"Side Shelf with Built-in Cutting Board and Paper Towel Holders\"},{\"@type\":\"BreadcrumbList\",\"@id\":\"https:\\\/\\\/ksproducts.ca\\\/product\\\/side-shelf-cutting-board\\\/#breadcrumb\",\"itemListElement\":[{\"@type\":\"ListItem\",\"position\":1,\"name\":\"Home\",\"item\":\"https:\\\/\\\/ksproducts.ca\\\/\"},{\"@type\":\"ListItem\",\"position\":2,\"name\":\"Shop\",\"item\":\"https:\\\/\\\/ksproducts.ca\\\/shop\\\/\"},{\"@type\":\"ListItem\",\"position\":3,\"name\":\"SIDE SHELF CUTTING BOARD\"}]},{\"@type\":\"WebSite\",\"@id\":\"https:\\\/\\\/ksproducts.ca\\\/#website\",\"url\":\"https:\\\/\\\/ksproducts.ca\\\/\",\"name\":\"Ks Products\",\"description\":\"Outdoor cooking and living, made easy in Canada\",\"publisher\":{\"@id\":\"https:\\\/\\\/ksproducts.ca\\\/#organization\"},\"potentialAction\":[{\"@type\":\"SearchAction\",\"target\":{\"@type\":\"EntryPoint\",\"urlTemplate\":\"https:\\\/\\\/ksproducts.ca\\\/?s={search_term_string}\"},\"query-input\":{\"@type\":\"PropertyValueSpecification\",\"valueRequired\":true,\"valueName\":\"search_term_string\"}}],\"inLanguage\":\"fr-CA\"},{\"@type\":\"Organization\",\"@id\":\"https:\\\/\\\/ksproducts.ca\\\/#organization\",\"name\":\"Ks Products\",\"url\":\"https:\\\/\\\/ksproducts.ca\\\/\",\"logo\":{\"@type\":\"ImageObject\",\"inLanguage\":\"fr-CA\",\"@id\":\"https:\\\/\\\/ksproducts.ca\\\/#\\\/schema\\\/logo\\\/image\\\/\",\"url\":\"https:\\\/\\\/ksproducts.ca\\\/wp-content\\\/uploads\\\/2023\\\/09\\\/Kennedy-Sales-Logo-header-1.png\",\"contentUrl\":\"https:\\\/\\\/ksproducts.ca\\\/wp-content\\\/uploads\\\/2023\\\/09\\\/Kennedy-Sales-Logo-header-1.png\",\"width\":150,\"height\":77,\"caption\":\"Ks Products\"},\"image\":{\"@id\":\"https:\\\/\\\/ksproducts.ca\\\/#\\\/schema\\\/logo\\\/image\\\/\"}}]}<\/script>\n<!-- \/ Yoast SEO plugin. -->","yoast_head_json":{"title":"Planche \u00e0 d\u00e9couper pour \u00e9tag\u00e8res lat\u00e9rales - Ks Products","robots":{"index":"index","follow":"follow","max-snippet":"max-snippet:-1","max-image-preview":"max-image-preview:large","max-video-preview":"max-video-preview:-1"},"canonical":"https:\/\/ksproducts.ca\/fr\/product\/plateau-lateral-planche-a-decouper\/","og_locale":"fr_CA","og_type":"article","og_title":"SIDE SHELF CUTTING BOARD - Ks Products","og_description":"The Blackstone Side Shelf Cutting Board is a brilliant accessory for your Blackstone 36\", Pro Series, or Rangetop Griddle. No need to walk back and forth to cut something up - you can chop, slice, and dice right from your griddle! This cutting board locks into the stand's side shelf giving you easy access to a prepping area. Chop veggies, meats, and herbs for any Blackstone griddle recipe. Remove for easy cleanup and storage.","og_url":"https:\/\/ksproducts.ca\/fr\/product\/plateau-lateral-planche-a-decouper\/","og_site_name":"Ks Products","article_modified_time":"2026-04-10T21:33:05+00:00","og_image":[{"width":1024,"height":762,"url":"https:\/\/ksproducts.ca\/wp-content\/uploads\/2024\/04\/5163-1-jpg.webp","type":"image\/jpeg"}],"twitter_card":"summary_large_image","twitter_misc":{"Estimation du temps de lecture":"1 minute"},"schema":{"@context":"https:\/\/schema.org","@graph":[{"@type":"WebPage","@id":"https:\/\/ksproducts.ca\/product\/side-shelf-cutting-board\/","url":"https:\/\/ksproducts.ca\/product\/side-shelf-cutting-board\/","name":"Planche \u00e0 d\u00e9couper pour \u00e9tag\u00e8res lat\u00e9rales - Ks Products","isPartOf":{"@id":"https:\/\/ksproducts.ca\/#website"},"primaryImageOfPage":{"@id":"https:\/\/ksproducts.ca\/product\/side-shelf-cutting-board\/#primaryimage"},"image":{"@id":"https:\/\/ksproducts.ca\/product\/side-shelf-cutting-board\/#primaryimage"},"thumbnailUrl":"https:\/\/ksproducts.ca\/wp-content\/uploads\/2024\/04\/5163-1-jpg.webp","datePublished":"2023-03-27T21:29:17+00:00","dateModified":"2026-04-10T21:33:05+00:00","breadcrumb":{"@id":"https:\/\/ksproducts.ca\/product\/side-shelf-cutting-board\/#breadcrumb"},"inLanguage":"fr-CA","potentialAction":[{"@type":"ReadAction","target":["https:\/\/ksproducts.ca\/product\/side-shelf-cutting-board\/"]}]},{"@type":"ImageObject","inLanguage":"fr-CA","@id":"https:\/\/ksproducts.ca\/product\/side-shelf-cutting-board\/#primaryimage","url":"https:\/\/ksproducts.ca\/wp-content\/uploads\/2024\/04\/5163-1-jpg.webp","contentUrl":"https:\/\/ksproducts.ca\/wp-content\/uploads\/2024\/04\/5163-1-jpg.webp","width":1024,"height":762,"caption":"Side Shelf with Built-in Cutting Board and Paper Towel Holders"},{"@type":"BreadcrumbList","@id":"https:\/\/ksproducts.ca\/product\/side-shelf-cutting-board\/#breadcrumb","itemListElement":[{"@type":"ListItem","position":1,"name":"Home","item":"https:\/\/ksproducts.ca\/"},{"@type":"ListItem","position":2,"name":"Shop","item":"https:\/\/ksproducts.ca\/shop\/"},{"@type":"ListItem","position":3,"name":"SIDE SHELF CUTTING BOARD"}]},{"@type":"WebSite","@id":"https:\/\/ksproducts.ca\/#website","url":"https:\/\/ksproducts.ca\/","name":"Produits Ks","description":"Cuisiner et vivre en plein air, c'est facile au Canada","publisher":{"@id":"https:\/\/ksproducts.ca\/#organization"},"potentialAction":[{"@type":"SearchAction","target":{"@type":"EntryPoint","urlTemplate":"https:\/\/ksproducts.ca\/?s={search_term_string}"},"query-input":{"@type":"PropertyValueSpecification","valueRequired":true,"valueName":"search_term_string"}}],"inLanguage":"fr-CA"},{"@type":"Organization","@id":"https:\/\/ksproducts.ca\/#organization","name":"Produits Ks","url":"https:\/\/ksproducts.ca\/","logo":{"@type":"ImageObject","inLanguage":"fr-CA","@id":"https:\/\/ksproducts.ca\/#\/schema\/logo\/image\/","url":"https:\/\/ksproducts.ca\/wp-content\/uploads\/2023\/09\/Kennedy-Sales-Logo-header-1.png","contentUrl":"https:\/\/ksproducts.ca\/wp-content\/uploads\/2023\/09\/Kennedy-Sales-Logo-header-1.png","width":150,"height":77,"caption":"Ks Products"},"image":{"@id":"https:\/\/ksproducts.ca\/#\/schema\/logo\/image\/"}}]}},"_links":{"self":[{"href":"https:\/\/ksproducts.ca\/fr\/wp-json\/wp\/v2\/product\/5719","targetHints":{"allow":["GET"]}}],"collection":[{"href":"https:\/\/ksproducts.ca\/fr\/wp-json\/wp\/v2\/product"}],"about":[{"href":"https:\/\/ksproducts.ca\/fr\/wp-json\/wp\/v2\/types\/product"}],"replies":[{"embeddable":true,"href":"https:\/\/ksproducts.ca\/fr\/wp-json\/wp\/v2\/comments?post=5719"}],"version-history":[{"count":2,"href":"https:\/\/ksproducts.ca\/fr\/wp-json\/wp\/v2\/product\/5719\/revisions"}],"predecessor-version":[{"id":10110,"href":"https:\/\/ksproducts.ca\/fr\/wp-json\/wp\/v2\/product\/5719\/revisions\/10110"}],"wp:featuredmedia":[{"embeddable":true,"href":"https:\/\/ksproducts.ca\/fr\/wp-json\/wp\/v2\/media\/8371"}],"wp:attachment":[{"href":"https:\/\/ksproducts.ca\/fr\/wp-json\/wp\/v2\/media?parent=5719"}],"wp:term":[{"taxonomy":"product_cat","embeddable":true,"href":"https:\/\/ksproducts.ca\/fr\/wp-json\/wp\/v2\/product_cat?post=5719"},{"taxonomy":"product_tag","embeddable":true,"href":"https:\/\/ksproducts.ca\/fr\/wp-json\/wp\/v2\/product_tag?post=5719"}],"curies":[{"name":"wp","href":"https:\/\/api.w.org\/{rel}","templated":true}]}}