{"id":5721,"date":"2023-03-27T21:29:17","date_gmt":"2023-03-27T21:29:17","guid":{"rendered":"https:\/\/ksproducts.ca\/product\/36-griddle-accessory-side-shelf\/"},"modified":"2026-01-30T19:44:01","modified_gmt":"2026-01-30T19:44:01","slug":"36-tablette-laterale-pour-les-accessoires-de-la-plaque-de-cuisson","status":"publish","type":"product","link":"https:\/\/ksproducts.ca\/fr\/product\/36-griddle-accessory-side-shelf\/","title":{"rendered":"Blackstone 36inch Griddle Accessory Side Shelf with Built-in Cutting Board, and Garbage Bag and Paper Towel Holders (\u00e9tag\u00e8re lat\u00e9rale pour gril de 36 pouces avec planche \u00e0 d\u00e9couper int\u00e9gr\u00e9e et supports pour sacs \u00e0 ordures et essuie-tout)"},"content":{"rendered":"<ul>\n<li>Built-in Cutting Board<\/li>\n<li>Built-in Garbage Bag Holder<\/li>\n<li>Built-in Paper Towel Holder<\/li>\n<li>Includes Dishwasher Safe Cutting Board<\/li>\n<li>Fits on Blackstone 36\u201d Griddle Cooking Station with Lower Shelves<\/li>\n<\/ul>","protected":false},"excerpt":{"rendered":"<p>Donnez \u00e0 votre plaque de cuisson Blackstone de 36 pouces l'am\u00e9lioration que vous et votre plaque m\u00e9ritez avec l'\u00e9tag\u00e8re lat\u00e9rale pour accessoires Blackstone de 36 pouces. Con\u00e7ue avec soin, cette \u00e9tag\u00e8re am\u00e9lior\u00e9e rend la cuisson sur la plaque plus agr\u00e9able et plus pratique gr\u00e2ce \u00e0 une planche \u00e0 d\u00e9couper, un porte-sac \u00e0 ordures et un porte-essuie-tout int\u00e9gr\u00e9s. La planche \u00e0 d\u00e9couper se soul\u00e8ve facilement pour d\u00e9placer l'ingr\u00e9dient pr\u00e9par\u00e9 vers la plaque de cuisson ou pour d\u00e9poser les restes directement dans le sac \u00e0 ordures situ\u00e9 en dessous. Il suffit de retirer l'\u00e9tag\u00e8re d'origine du c\u00f4t\u00e9 droit et de la remplacer par l'\u00e9tag\u00e8re lat\u00e9rale accessoire Blackstone de 36\u201d pour commencer \u00e0 cuisiner en toute tranquillit\u00e9. *S'adapte \u00e0 la station de cuisson Blackstone 36\u201d avec tablettes inf\u00e9rieures.<\/p>","protected":false},"featured_media":8364,"comment_status":"closed","ping_status":"closed","template":"","meta":[],"product_cat":[436,441],"product_tag":[],"class_list":{"0":"post-5721","1":"product","2":"type-product","3":"status-publish","4":"has-post-thumbnail","6":"product_brand-blackstone","7":"product_cat-accessories","8":"product_cat-essential-extras","9":"product_shipping_class-class-2","11":"first","12":"instock","13":"taxable","14":"shipping-taxable","15":"purchasable","16":"product-type-simple"},"yoast_head":"<!-- This site is optimized with the Yoast SEO plugin v27.3 - https:\/\/yoast.com\/product\/yoast-seo-wordpress\/ -->\n<title>Blackstone 36inch Griddle Accessory Side Shelf with Built-in Cutting Board, and Garbage Bag and Paper Towel Holders - Ks Products<\/title>\n<meta name=\"robots\" content=\"index, follow, max-snippet:-1, max-image-preview:large, max-video-preview:-1\" \/>\n<link rel=\"canonical\" href=\"https:\/\/ksproducts.ca\/fr\/product\/36-tablette-laterale-pour-les-accessoires-de-la-plaque-de-cuisson\/\" \/>\n<meta property=\"og:locale\" content=\"fr_CA\" \/>\n<meta property=\"og:type\" content=\"article\" \/>\n<meta property=\"og:title\" content=\"Blackstone 36inch Griddle Accessory Side Shelf with Built-in Cutting Board, and Garbage Bag and Paper Towel Holders - Ks Products\" \/>\n<meta property=\"og:description\" content=\"Give your Blackstone 36\u201d Griddle the upgrade you and it deserves with the Blackstone 36\u201d Accessory Side Shelf. Thoughtfully designed, the upgraded shelf makes cooking on the griddle more enjoyable and convenient with a built-in cutting board, garbage bag holder, and paper towel holder. The cutting board easily lifts out to move the prepared ingredient to the griddle or to drop scraps directly into the garbage bag below. Simply remove the original right-side shelf and replace it with the Blackstone 36\u201d Accessory Side Shelf to begin cooking with less hassle. *Fits on Blackstone 36\u201d Griddle Cooking Station with lower shelves.\" \/>\n<meta property=\"og:url\" content=\"https:\/\/ksproducts.ca\/fr\/product\/36-tablette-laterale-pour-les-accessoires-de-la-plaque-de-cuisson\/\" \/>\n<meta property=\"og:site_name\" content=\"Ks Products\" \/>\n<meta property=\"article:modified_time\" content=\"2026-01-30T19:44:01+00:00\" \/>\n<meta property=\"og:image\" content=\"https:\/\/ksproducts.ca\/wp-content\/uploads\/2024\/04\/5012-1-jpg.webp\" \/>\n\t<meta property=\"og:image:width\" content=\"984\" \/>\n\t<meta property=\"og:image:height\" content=\"635\" \/>\n\t<meta property=\"og:image:type\" content=\"image\/jpeg\" \/>\n<meta name=\"twitter:card\" content=\"summary_large_image\" \/>\n<meta name=\"twitter:label1\" content=\"Estimation du temps de lecture\" \/>\n\t<meta name=\"twitter:data1\" content=\"1 minute\" \/>\n<script type=\"application\/ld+json\" class=\"yoast-schema-graph\">{\"@context\":\"https:\\\/\\\/schema.org\",\"@graph\":[{\"@type\":\"WebPage\",\"@id\":\"https:\\\/\\\/ksproducts.ca\\\/product\\\/36-griddle-accessory-side-shelf\\\/\",\"url\":\"https:\\\/\\\/ksproducts.ca\\\/product\\\/36-griddle-accessory-side-shelf\\\/\",\"name\":\"Blackstone 36inch Griddle Accessory Side Shelf with Built-in Cutting Board, and Garbage Bag and Paper Towel Holders - Ks Products\",\"isPartOf\":{\"@id\":\"https:\\\/\\\/ksproducts.ca\\\/#website\"},\"primaryImageOfPage\":{\"@id\":\"https:\\\/\\\/ksproducts.ca\\\/product\\\/36-griddle-accessory-side-shelf\\\/#primaryimage\"},\"image\":{\"@id\":\"https:\\\/\\\/ksproducts.ca\\\/product\\\/36-griddle-accessory-side-shelf\\\/#primaryimage\"},\"thumbnailUrl\":\"https:\\\/\\\/ksproducts.ca\\\/wp-content\\\/uploads\\\/2024\\\/04\\\/5012-1-jpg.webp\",\"datePublished\":\"2023-03-27T21:29:17+00:00\",\"dateModified\":\"2026-01-30T19:44:01+00:00\",\"breadcrumb\":{\"@id\":\"https:\\\/\\\/ksproducts.ca\\\/product\\\/36-griddle-accessory-side-shelf\\\/#breadcrumb\"},\"inLanguage\":\"fr-CA\",\"potentialAction\":[{\"@type\":\"ReadAction\",\"target\":[\"https:\\\/\\\/ksproducts.ca\\\/product\\\/36-griddle-accessory-side-shelf\\\/\"]}]},{\"@type\":\"ImageObject\",\"inLanguage\":\"fr-CA\",\"@id\":\"https:\\\/\\\/ksproducts.ca\\\/product\\\/36-griddle-accessory-side-shelf\\\/#primaryimage\",\"url\":\"https:\\\/\\\/ksproducts.ca\\\/wp-content\\\/uploads\\\/2024\\\/04\\\/5012-1-jpg.webp\",\"contentUrl\":\"https:\\\/\\\/ksproducts.ca\\\/wp-content\\\/uploads\\\/2024\\\/04\\\/5012-1-jpg.webp\",\"width\":984,\"height\":635,\"caption\":\"Blackstone 36inch Griddle Accessory Side Shelf with Built-in Cutting Board, and Garbage Bag and Paper Towel Holders\"},{\"@type\":\"BreadcrumbList\",\"@id\":\"https:\\\/\\\/ksproducts.ca\\\/product\\\/36-griddle-accessory-side-shelf\\\/#breadcrumb\",\"itemListElement\":[{\"@type\":\"ListItem\",\"position\":1,\"name\":\"Home\",\"item\":\"https:\\\/\\\/ksproducts.ca\\\/\"},{\"@type\":\"ListItem\",\"position\":2,\"name\":\"Shop\",\"item\":\"https:\\\/\\\/ksproducts.ca\\\/shop\\\/\"},{\"@type\":\"ListItem\",\"position\":3,\"name\":\"Blackstone 36inch Griddle Accessory Side Shelf with Built-in Cutting Board, and Garbage Bag and Paper Towel Holders\"}]},{\"@type\":\"WebSite\",\"@id\":\"https:\\\/\\\/ksproducts.ca\\\/#website\",\"url\":\"https:\\\/\\\/ksproducts.ca\\\/\",\"name\":\"Ks Products\",\"description\":\"Outdoor cooking and living, made easy in Canada\",\"publisher\":{\"@id\":\"https:\\\/\\\/ksproducts.ca\\\/#organization\"},\"potentialAction\":[{\"@type\":\"SearchAction\",\"target\":{\"@type\":\"EntryPoint\",\"urlTemplate\":\"https:\\\/\\\/ksproducts.ca\\\/?s={search_term_string}\"},\"query-input\":{\"@type\":\"PropertyValueSpecification\",\"valueRequired\":true,\"valueName\":\"search_term_string\"}}],\"inLanguage\":\"fr-CA\"},{\"@type\":\"Organization\",\"@id\":\"https:\\\/\\\/ksproducts.ca\\\/#organization\",\"name\":\"Ks Products\",\"url\":\"https:\\\/\\\/ksproducts.ca\\\/\",\"logo\":{\"@type\":\"ImageObject\",\"inLanguage\":\"fr-CA\",\"@id\":\"https:\\\/\\\/ksproducts.ca\\\/#\\\/schema\\\/logo\\\/image\\\/\",\"url\":\"https:\\\/\\\/ksproducts.ca\\\/wp-content\\\/uploads\\\/2023\\\/09\\\/Kennedy-Sales-Logo-header-1.png\",\"contentUrl\":\"https:\\\/\\\/ksproducts.ca\\\/wp-content\\\/uploads\\\/2023\\\/09\\\/Kennedy-Sales-Logo-header-1.png\",\"width\":150,\"height\":77,\"caption\":\"Ks Products\"},\"image\":{\"@id\":\"https:\\\/\\\/ksproducts.ca\\\/#\\\/schema\\\/logo\\\/image\\\/\"}}]}<\/script>\n<!-- \/ Yoast SEO plugin. -->","yoast_head_json":{"title":"Blackstone 36inch Griddle Accessory Side Shelf with Built-in Cutting Board, and Garbage Bag and Paper Towel Holders - Ks Products","robots":{"index":"index","follow":"follow","max-snippet":"max-snippet:-1","max-image-preview":"max-image-preview:large","max-video-preview":"max-video-preview:-1"},"canonical":"https:\/\/ksproducts.ca\/fr\/product\/36-tablette-laterale-pour-les-accessoires-de-la-plaque-de-cuisson\/","og_locale":"fr_CA","og_type":"article","og_title":"Blackstone 36inch Griddle Accessory Side Shelf with Built-in Cutting Board, and Garbage Bag and Paper Towel Holders - Ks Products","og_description":"Give your Blackstone 36\u201d Griddle the upgrade you and it deserves with the Blackstone 36\u201d Accessory Side Shelf. Thoughtfully designed, the upgraded shelf makes cooking on the griddle more enjoyable and convenient with a built-in cutting board, garbage bag holder, and paper towel holder. The cutting board easily lifts out to move the prepared ingredient to the griddle or to drop scraps directly into the garbage bag below. Simply remove the original right-side shelf and replace it with the Blackstone 36\u201d Accessory Side Shelf to begin cooking with less hassle. *Fits on Blackstone 36\u201d Griddle Cooking Station with lower shelves.","og_url":"https:\/\/ksproducts.ca\/fr\/product\/36-tablette-laterale-pour-les-accessoires-de-la-plaque-de-cuisson\/","og_site_name":"Ks Products","article_modified_time":"2026-01-30T19:44:01+00:00","og_image":[{"width":984,"height":635,"url":"https:\/\/ksproducts.ca\/wp-content\/uploads\/2024\/04\/5012-1-jpg.webp","type":"image\/jpeg"}],"twitter_card":"summary_large_image","twitter_misc":{"Estimation du temps de lecture":"1 minute"},"schema":{"@context":"https:\/\/schema.org","@graph":[{"@type":"WebPage","@id":"https:\/\/ksproducts.ca\/product\/36-griddle-accessory-side-shelf\/","url":"https:\/\/ksproducts.ca\/product\/36-griddle-accessory-side-shelf\/","name":"Blackstone 36inch Griddle Accessory Side Shelf with Built-in Cutting Board, and Garbage Bag and Paper Towel Holders - Ks Products","isPartOf":{"@id":"https:\/\/ksproducts.ca\/#website"},"primaryImageOfPage":{"@id":"https:\/\/ksproducts.ca\/product\/36-griddle-accessory-side-shelf\/#primaryimage"},"image":{"@id":"https:\/\/ksproducts.ca\/product\/36-griddle-accessory-side-shelf\/#primaryimage"},"thumbnailUrl":"https:\/\/ksproducts.ca\/wp-content\/uploads\/2024\/04\/5012-1-jpg.webp","datePublished":"2023-03-27T21:29:17+00:00","dateModified":"2026-01-30T19:44:01+00:00","breadcrumb":{"@id":"https:\/\/ksproducts.ca\/product\/36-griddle-accessory-side-shelf\/#breadcrumb"},"inLanguage":"fr-CA","potentialAction":[{"@type":"ReadAction","target":["https:\/\/ksproducts.ca\/product\/36-griddle-accessory-side-shelf\/"]}]},{"@type":"ImageObject","inLanguage":"fr-CA","@id":"https:\/\/ksproducts.ca\/product\/36-griddle-accessory-side-shelf\/#primaryimage","url":"https:\/\/ksproducts.ca\/wp-content\/uploads\/2024\/04\/5012-1-jpg.webp","contentUrl":"https:\/\/ksproducts.ca\/wp-content\/uploads\/2024\/04\/5012-1-jpg.webp","width":984,"height":635,"caption":"Blackstone 36inch Griddle Accessory Side Shelf with Built-in Cutting Board, and Garbage Bag and Paper Towel Holders"},{"@type":"BreadcrumbList","@id":"https:\/\/ksproducts.ca\/product\/36-griddle-accessory-side-shelf\/#breadcrumb","itemListElement":[{"@type":"ListItem","position":1,"name":"Home","item":"https:\/\/ksproducts.ca\/"},{"@type":"ListItem","position":2,"name":"Shop","item":"https:\/\/ksproducts.ca\/shop\/"},{"@type":"ListItem","position":3,"name":"Blackstone 36inch Griddle Accessory Side Shelf with Built-in Cutting Board, and Garbage Bag and Paper Towel Holders"}]},{"@type":"WebSite","@id":"https:\/\/ksproducts.ca\/#website","url":"https:\/\/ksproducts.ca\/","name":"Produits Ks","description":"Cuisiner et vivre en plein air, c'est facile au Canada","publisher":{"@id":"https:\/\/ksproducts.ca\/#organization"},"potentialAction":[{"@type":"SearchAction","target":{"@type":"EntryPoint","urlTemplate":"https:\/\/ksproducts.ca\/?s={search_term_string}"},"query-input":{"@type":"PropertyValueSpecification","valueRequired":true,"valueName":"search_term_string"}}],"inLanguage":"fr-CA"},{"@type":"Organization","@id":"https:\/\/ksproducts.ca\/#organization","name":"Produits Ks","url":"https:\/\/ksproducts.ca\/","logo":{"@type":"ImageObject","inLanguage":"fr-CA","@id":"https:\/\/ksproducts.ca\/#\/schema\/logo\/image\/","url":"https:\/\/ksproducts.ca\/wp-content\/uploads\/2023\/09\/Kennedy-Sales-Logo-header-1.png","contentUrl":"https:\/\/ksproducts.ca\/wp-content\/uploads\/2023\/09\/Kennedy-Sales-Logo-header-1.png","width":150,"height":77,"caption":"Ks Products"},"image":{"@id":"https:\/\/ksproducts.ca\/#\/schema\/logo\/image\/"}}]}},"_links":{"self":[{"href":"https:\/\/ksproducts.ca\/fr\/wp-json\/wp\/v2\/product\/5721","targetHints":{"allow":["GET"]}}],"collection":[{"href":"https:\/\/ksproducts.ca\/fr\/wp-json\/wp\/v2\/product"}],"about":[{"href":"https:\/\/ksproducts.ca\/fr\/wp-json\/wp\/v2\/types\/product"}],"replies":[{"embeddable":true,"href":"https:\/\/ksproducts.ca\/fr\/wp-json\/wp\/v2\/comments?post=5721"}],"version-history":[{"count":3,"href":"https:\/\/ksproducts.ca\/fr\/wp-json\/wp\/v2\/product\/5721\/revisions"}],"predecessor-version":[{"id":10645,"href":"https:\/\/ksproducts.ca\/fr\/wp-json\/wp\/v2\/product\/5721\/revisions\/10645"}],"wp:featuredmedia":[{"embeddable":true,"href":"https:\/\/ksproducts.ca\/fr\/wp-json\/wp\/v2\/media\/8364"}],"wp:attachment":[{"href":"https:\/\/ksproducts.ca\/fr\/wp-json\/wp\/v2\/media?parent=5721"}],"wp:term":[{"taxonomy":"product_cat","embeddable":true,"href":"https:\/\/ksproducts.ca\/fr\/wp-json\/wp\/v2\/product_cat?post=5721"},{"taxonomy":"product_tag","embeddable":true,"href":"https:\/\/ksproducts.ca\/fr\/wp-json\/wp\/v2\/product_tag?post=5721"}],"curies":[{"name":"wp","href":"https:\/\/api.w.org\/{rel}","templated":true}]}}