{"id":5750,"date":"2023-03-27T21:30:13","date_gmt":"2023-03-27T21:30:13","guid":{"rendered":"https:\/\/ksproducts.ca\/product\/proseries-36-griddle-cover\/"},"modified":"2026-04-12T11:02:09","modified_gmt":"2026-04-12T11:02:09","slug":"proseries-36-couvercle-de-plancha","status":"publish","type":"product","link":"https:\/\/ksproducts.ca\/fr\/product\/proseries-36-griddle-cover\/","title":{"rendered":"PROSERIES 36\u2033 COUVERCLE DE PLANCHA"},"content":{"rendered":"<ul>\n<li>Con\u00e7ue pour s'adapter \u00e0 la plaque de cuisson ProSeries 36\u2033 et \u00e0 la friteuse 36\u2033.<\/li>\n<li>Deux (2) fermetures \u00e0 glissi\u00e8re avec protection pour un acc\u00e8s facile \u00e0 l'avant du gril<\/li>\n<li>Sangles en nylon gris avec clips en plastique gris pour un maintien s\u00fbr<\/li>\n<li>R\u00e9sistant aux intemp\u00e9ries pour une protection contre les conditions climatiques extr\u00eames<\/li>\n<li>Disponible en magasin uniquement<\/li>\n<\/ul>","protected":false},"excerpt":{"rendered":"<p>Prot\u00e9gez votre gril ProSeries avec la housse de gril de luxe 36\u2033 con\u00e7ue sur mesure. Cette housse offre un acc\u00e8s facile aux armoires avant du gril, une toile r\u00e9sistante aux intemp\u00e9ries avec des coins renforc\u00e9s et des boucles durables en r\u00e9sine poly\u00e9thyl\u00e8ne \u00e0 haute r\u00e9sistance aux chocs. Les sangles sont bien ajust\u00e9es et vous pouvez vous d\u00e9tendre en gardant votre ProSeries dans un \u00e9tat impeccable.<strong>Cette housse convient \u00e0 la friteuse \u00e0 air 36\u2033, article # 1868<\/strong>Dimensions : 70 1\/2\u2033 de largeur x 36\u2033 de hauteur x 26 1\/2\u2033 de profondeur<\/p>","protected":false},"featured_media":8360,"comment_status":"closed","ping_status":"closed","template":"","meta":[],"product_cat":[437],"product_tag":[],"class_list":{"0":"post-5750","1":"product","2":"type-product","3":"status-publish","4":"has-post-thumbnail","6":"product_cat-covers-cases","7":"product_shipping_class-class-1","9":"first","10":"instock","11":"taxable","12":"shipping-taxable","13":"purchasable","14":"product-type-simple"},"yoast_head":"<!-- This site is optimized with the Yoast SEO plugin v27.3 - https:\/\/yoast.com\/product\/yoast-seo-wordpress\/ -->\n<title>PROSERIES 36&quot; GRIDDLE COVER - Ks Products<\/title>\n<meta name=\"robots\" content=\"index, follow, max-snippet:-1, max-image-preview:large, max-video-preview:-1\" \/>\n<link rel=\"canonical\" href=\"https:\/\/ksproducts.ca\/fr\/product\/proseries-36-couvercle-de-plancha\/\" \/>\n<meta property=\"og:locale\" content=\"fr_CA\" \/>\n<meta property=\"og:type\" content=\"article\" \/>\n<meta property=\"og:title\" content=\"PROSERIES 36&quot; GRIDDLE COVER - Ks Products\" \/>\n<meta property=\"og:description\" content=\"Protect your ProSeries Griddle with the custom designed 36&quot; Deluxe Griddle Cover. This cover features easy access to the front cabinets on the Griddle, weather resistant heavy duty canvas with reinforced corners, and durable buckles made of high impact poly resin. Cinch the straps for a secure fit and you can relax about keeping your ProSeries in pristine condition.This cover fits the 36&quot; Air Fryer, Item # 1868Dimensions: 70 1\/2&quot; Wide x 36&quot; Tall x 26 1\/2&quot; Deep\" \/>\n<meta property=\"og:url\" content=\"https:\/\/ksproducts.ca\/fr\/product\/proseries-36-couvercle-de-plancha\/\" \/>\n<meta property=\"og:site_name\" content=\"Ks Products\" \/>\n<meta property=\"article:modified_time\" content=\"2026-04-12T11:02:09+00:00\" \/>\n<meta property=\"og:image\" content=\"https:\/\/ksproducts.ca\/wp-content\/uploads\/2024\/04\/5005-1-jpg.webp\" \/>\n\t<meta property=\"og:image:width\" content=\"798\" \/>\n\t<meta property=\"og:image:height\" content=\"580\" \/>\n\t<meta property=\"og:image:type\" content=\"image\/jpeg\" \/>\n<meta name=\"twitter:card\" content=\"summary_large_image\" \/>\n<meta name=\"twitter:label1\" content=\"Estimation du temps de lecture\" \/>\n\t<meta name=\"twitter:data1\" content=\"1 minute\" \/>\n<script type=\"application\/ld+json\" class=\"yoast-schema-graph\">{\"@context\":\"https:\\\/\\\/schema.org\",\"@graph\":[{\"@type\":\"WebPage\",\"@id\":\"https:\\\/\\\/ksproducts.ca\\\/product\\\/proseries-36-griddle-cover\\\/\",\"url\":\"https:\\\/\\\/ksproducts.ca\\\/product\\\/proseries-36-griddle-cover\\\/\",\"name\":\"PROSERIES 36\\\" GRIDDLE COVER - Ks Products\",\"isPartOf\":{\"@id\":\"https:\\\/\\\/ksproducts.ca\\\/#website\"},\"primaryImageOfPage\":{\"@id\":\"https:\\\/\\\/ksproducts.ca\\\/product\\\/proseries-36-griddle-cover\\\/#primaryimage\"},\"image\":{\"@id\":\"https:\\\/\\\/ksproducts.ca\\\/product\\\/proseries-36-griddle-cover\\\/#primaryimage\"},\"thumbnailUrl\":\"https:\\\/\\\/ksproducts.ca\\\/wp-content\\\/uploads\\\/2024\\\/04\\\/5005-1-jpg.webp\",\"datePublished\":\"2023-03-27T21:30:13+00:00\",\"dateModified\":\"2026-04-12T11:02:09+00:00\",\"breadcrumb\":{\"@id\":\"https:\\\/\\\/ksproducts.ca\\\/product\\\/proseries-36-griddle-cover\\\/#breadcrumb\"},\"inLanguage\":\"fr-CA\",\"potentialAction\":[{\"@type\":\"ReadAction\",\"target\":[\"https:\\\/\\\/ksproducts.ca\\\/product\\\/proseries-36-griddle-cover\\\/\"]}]},{\"@type\":\"ImageObject\",\"inLanguage\":\"fr-CA\",\"@id\":\"https:\\\/\\\/ksproducts.ca\\\/product\\\/proseries-36-griddle-cover\\\/#primaryimage\",\"url\":\"https:\\\/\\\/ksproducts.ca\\\/wp-content\\\/uploads\\\/2024\\\/04\\\/5005-1-jpg.webp\",\"contentUrl\":\"https:\\\/\\\/ksproducts.ca\\\/wp-content\\\/uploads\\\/2024\\\/04\\\/5005-1-jpg.webp\",\"width\":798,\"height\":580,\"caption\":\"PROSERIES 36\\\" GRIDDLE COVER\"},{\"@type\":\"BreadcrumbList\",\"@id\":\"https:\\\/\\\/ksproducts.ca\\\/product\\\/proseries-36-griddle-cover\\\/#breadcrumb\",\"itemListElement\":[{\"@type\":\"ListItem\",\"position\":1,\"name\":\"Home\",\"item\":\"https:\\\/\\\/ksproducts.ca\\\/\"},{\"@type\":\"ListItem\",\"position\":2,\"name\":\"Shop\",\"item\":\"https:\\\/\\\/ksproducts.ca\\\/shop\\\/\"},{\"@type\":\"ListItem\",\"position\":3,\"name\":\"PROSERIES 36&#8243; GRIDDLE COVER\"}]},{\"@type\":\"WebSite\",\"@id\":\"https:\\\/\\\/ksproducts.ca\\\/#website\",\"url\":\"https:\\\/\\\/ksproducts.ca\\\/\",\"name\":\"Ks Products\",\"description\":\"Outdoor cooking and living, made easy in Canada\",\"publisher\":{\"@id\":\"https:\\\/\\\/ksproducts.ca\\\/#organization\"},\"potentialAction\":[{\"@type\":\"SearchAction\",\"target\":{\"@type\":\"EntryPoint\",\"urlTemplate\":\"https:\\\/\\\/ksproducts.ca\\\/?s={search_term_string}\"},\"query-input\":{\"@type\":\"PropertyValueSpecification\",\"valueRequired\":true,\"valueName\":\"search_term_string\"}}],\"inLanguage\":\"fr-CA\"},{\"@type\":\"Organization\",\"@id\":\"https:\\\/\\\/ksproducts.ca\\\/#organization\",\"name\":\"Ks Products\",\"url\":\"https:\\\/\\\/ksproducts.ca\\\/\",\"logo\":{\"@type\":\"ImageObject\",\"inLanguage\":\"fr-CA\",\"@id\":\"https:\\\/\\\/ksproducts.ca\\\/#\\\/schema\\\/logo\\\/image\\\/\",\"url\":\"https:\\\/\\\/ksproducts.ca\\\/wp-content\\\/uploads\\\/2023\\\/09\\\/Kennedy-Sales-Logo-header-1.png\",\"contentUrl\":\"https:\\\/\\\/ksproducts.ca\\\/wp-content\\\/uploads\\\/2023\\\/09\\\/Kennedy-Sales-Logo-header-1.png\",\"width\":150,\"height\":77,\"caption\":\"Ks Products\"},\"image\":{\"@id\":\"https:\\\/\\\/ksproducts.ca\\\/#\\\/schema\\\/logo\\\/image\\\/\"}}]}<\/script>\n<!-- \/ Yoast SEO plugin. -->","yoast_head_json":{"title":"PROSERIES 36\" GRIDDLE COVER - Ks Products","robots":{"index":"index","follow":"follow","max-snippet":"max-snippet:-1","max-image-preview":"max-image-preview:large","max-video-preview":"max-video-preview:-1"},"canonical":"https:\/\/ksproducts.ca\/fr\/product\/proseries-36-couvercle-de-plancha\/","og_locale":"fr_CA","og_type":"article","og_title":"PROSERIES 36\" GRIDDLE COVER - Ks Products","og_description":"Protect your ProSeries Griddle with the custom designed 36\" Deluxe Griddle Cover. This cover features easy access to the front cabinets on the Griddle, weather resistant heavy duty canvas with reinforced corners, and durable buckles made of high impact poly resin. Cinch the straps for a secure fit and you can relax about keeping your ProSeries in pristine condition.This cover fits the 36\" Air Fryer, Item # 1868Dimensions: 70 1\/2\" Wide x 36\" Tall x 26 1\/2\" Deep","og_url":"https:\/\/ksproducts.ca\/fr\/product\/proseries-36-couvercle-de-plancha\/","og_site_name":"Ks Products","article_modified_time":"2026-04-12T11:02:09+00:00","og_image":[{"width":798,"height":580,"url":"https:\/\/ksproducts.ca\/wp-content\/uploads\/2024\/04\/5005-1-jpg.webp","type":"image\/jpeg"}],"twitter_card":"summary_large_image","twitter_misc":{"Estimation du temps de lecture":"1 minute"},"schema":{"@context":"https:\/\/schema.org","@graph":[{"@type":"WebPage","@id":"https:\/\/ksproducts.ca\/product\/proseries-36-griddle-cover\/","url":"https:\/\/ksproducts.ca\/product\/proseries-36-griddle-cover\/","name":"PROSERIES 36\" GRIDDLE COVER - Ks Products","isPartOf":{"@id":"https:\/\/ksproducts.ca\/#website"},"primaryImageOfPage":{"@id":"https:\/\/ksproducts.ca\/product\/proseries-36-griddle-cover\/#primaryimage"},"image":{"@id":"https:\/\/ksproducts.ca\/product\/proseries-36-griddle-cover\/#primaryimage"},"thumbnailUrl":"https:\/\/ksproducts.ca\/wp-content\/uploads\/2024\/04\/5005-1-jpg.webp","datePublished":"2023-03-27T21:30:13+00:00","dateModified":"2026-04-12T11:02:09+00:00","breadcrumb":{"@id":"https:\/\/ksproducts.ca\/product\/proseries-36-griddle-cover\/#breadcrumb"},"inLanguage":"fr-CA","potentialAction":[{"@type":"ReadAction","target":["https:\/\/ksproducts.ca\/product\/proseries-36-griddle-cover\/"]}]},{"@type":"ImageObject","inLanguage":"fr-CA","@id":"https:\/\/ksproducts.ca\/product\/proseries-36-griddle-cover\/#primaryimage","url":"https:\/\/ksproducts.ca\/wp-content\/uploads\/2024\/04\/5005-1-jpg.webp","contentUrl":"https:\/\/ksproducts.ca\/wp-content\/uploads\/2024\/04\/5005-1-jpg.webp","width":798,"height":580,"caption":"PROSERIES 36\" GRIDDLE COVER"},{"@type":"BreadcrumbList","@id":"https:\/\/ksproducts.ca\/product\/proseries-36-griddle-cover\/#breadcrumb","itemListElement":[{"@type":"ListItem","position":1,"name":"Home","item":"https:\/\/ksproducts.ca\/"},{"@type":"ListItem","position":2,"name":"Shop","item":"https:\/\/ksproducts.ca\/shop\/"},{"@type":"ListItem","position":3,"name":"PROSERIES 36&#8243; GRIDDLE COVER"}]},{"@type":"WebSite","@id":"https:\/\/ksproducts.ca\/#website","url":"https:\/\/ksproducts.ca\/","name":"Produits Ks","description":"Cuisiner et vivre en plein air, c'est facile au Canada","publisher":{"@id":"https:\/\/ksproducts.ca\/#organization"},"potentialAction":[{"@type":"SearchAction","target":{"@type":"EntryPoint","urlTemplate":"https:\/\/ksproducts.ca\/?s={search_term_string}"},"query-input":{"@type":"PropertyValueSpecification","valueRequired":true,"valueName":"search_term_string"}}],"inLanguage":"fr-CA"},{"@type":"Organization","@id":"https:\/\/ksproducts.ca\/#organization","name":"Produits Ks","url":"https:\/\/ksproducts.ca\/","logo":{"@type":"ImageObject","inLanguage":"fr-CA","@id":"https:\/\/ksproducts.ca\/#\/schema\/logo\/image\/","url":"https:\/\/ksproducts.ca\/wp-content\/uploads\/2023\/09\/Kennedy-Sales-Logo-header-1.png","contentUrl":"https:\/\/ksproducts.ca\/wp-content\/uploads\/2023\/09\/Kennedy-Sales-Logo-header-1.png","width":150,"height":77,"caption":"Ks Products"},"image":{"@id":"https:\/\/ksproducts.ca\/#\/schema\/logo\/image\/"}}]}},"_links":{"self":[{"href":"https:\/\/ksproducts.ca\/fr\/wp-json\/wp\/v2\/product\/5750","targetHints":{"allow":["GET"]}}],"collection":[{"href":"https:\/\/ksproducts.ca\/fr\/wp-json\/wp\/v2\/product"}],"about":[{"href":"https:\/\/ksproducts.ca\/fr\/wp-json\/wp\/v2\/types\/product"}],"replies":[{"embeddable":true,"href":"https:\/\/ksproducts.ca\/fr\/wp-json\/wp\/v2\/comments?post=5750"}],"version-history":[{"count":2,"href":"https:\/\/ksproducts.ca\/fr\/wp-json\/wp\/v2\/product\/5750\/revisions"}],"predecessor-version":[{"id":9815,"href":"https:\/\/ksproducts.ca\/fr\/wp-json\/wp\/v2\/product\/5750\/revisions\/9815"}],"wp:featuredmedia":[{"embeddable":true,"href":"https:\/\/ksproducts.ca\/fr\/wp-json\/wp\/v2\/media\/8360"}],"wp:attachment":[{"href":"https:\/\/ksproducts.ca\/fr\/wp-json\/wp\/v2\/media?parent=5750"}],"wp:term":[{"taxonomy":"product_cat","embeddable":true,"href":"https:\/\/ksproducts.ca\/fr\/wp-json\/wp\/v2\/product_cat?post=5750"},{"taxonomy":"product_tag","embeddable":true,"href":"https:\/\/ksproducts.ca\/fr\/wp-json\/wp\/v2\/product_tag?post=5750"}],"curies":[{"name":"wp","href":"https:\/\/api.w.org\/{rel}","templated":true}]}}