{"id":5757,"date":"2023-03-27T21:30:13","date_gmt":"2023-03-27T21:30:13","guid":{"rendered":"https:\/\/ksproducts.ca\/product\/blackstone-28-proseries-griddle-cover-2\/"},"modified":"2026-04-04T16:18:54","modified_gmt":"2026-04-04T16:18:54","slug":"blackstone-28-proseries-griddle-cover-2","status":"publish","type":"product","link":"https:\/\/ksproducts.ca\/fr\/product\/blackstone-28-proseries-griddle-cover-2\/","title":{"rendered":"Blackstone Professional Series Soft Cover for 28inch Griddle (housse souple pour gril de 28 pouces)"},"content":{"rendered":"<ul>\n<li style=\"list-style-type: none;\">\n<ul>\n<li>Con\u00e7u pour s'adapter \u00e0 la friteuse ProSeries 28\u2033 et \u00e0 la friteuse \u00e0 air 28\u2033.<\/li>\n<li>Deux fermetures \u00e0 glissi\u00e8re pour faciliter l'acc\u00e8s aux portes avant de la plaque de cuisson<\/li>\n<li>Fabriqu\u00e9 en polyester 600D tr\u00e8s r\u00e9sistant avec des coins renforc\u00e9s<\/li>\n<li>Boucles en polyr\u00e9sine r\u00e9sistantes et \u00e0 fort impact pour un maintien s\u00fbr<\/li>\n<li>Sangles de serrage pour un ajustement plus serr\u00e9 et plus s\u00fbr<\/li>\n<li>R\u00e9sistant aux intemp\u00e9ries et \u00e0 l'eau pour une protection contre les conditions extr\u00eames<\/li>\n<li>Convient aux plaques de cuisson jusqu'\u00e0 59\u2033 de large<\/li>\n<li>Le style ProSeries s'harmonise parfaitement avec votre gril ProSeries 28\u2033.<\/li>\n<\/ul>\n<\/li>\n<\/ul>\n<p>&nbsp;<\/p>","protected":false},"excerpt":{"rendered":"<p>N'oubliez pas de couvrir et de prot\u00e9ger votre plancha Blackstone avec la housse Blackstone 28-Inch ProSeries Griddle Cover. Cette housse est con\u00e7ue pour s'adapter \u00e0 la plancha ProSeries 28-Inch et est dot\u00e9e de nombreuses caract\u00e9ristiques. Le mat\u00e9riau robuste, les coins renforc\u00e9s et la r\u00e9sistance aux intemp\u00e9ries prouvent que cette housse est faite pour durer. Elle est \u00e9galement dot\u00e9e de deux fermetures \u00e0 glissi\u00e8re pour faciliter l'acc\u00e8s \u00e0 l'avant du meuble, ainsi que de sangles s\u00e9curis\u00e9es avec des boucles durables en r\u00e9sine de poly\u00e9thyl\u00e8ne \u00e0 haute r\u00e9sistance aux chocs. Traitez bien votre plancha et assurez-vous de la couvrir avec la housse Blackstone 28-Inch ProSeries Griddle Cover.<\/p>","protected":false},"featured_media":5758,"comment_status":"closed","ping_status":"closed","template":"","meta":[],"product_cat":[436,437],"product_tag":[],"class_list":{"0":"post-5757","1":"product","2":"type-product","3":"status-publish","4":"has-post-thumbnail","6":"product_brand-blackstone","7":"product_cat-accessories","8":"product_cat-covers-cases","9":"product_shipping_class-class-1","11":"first","12":"instock","13":"purchasable","14":"product-type-simple"},"yoast_head":"<!-- This site is optimized with the Yoast SEO plugin v27.3 - https:\/\/yoast.com\/product\/yoast-seo-wordpress\/ -->\n<title>Blackstone Professional Series Soft Cover for 28inch Griddle - Ks Products<\/title>\n<meta name=\"robots\" content=\"index, follow, max-snippet:-1, max-image-preview:large, max-video-preview:-1\" \/>\n<link rel=\"canonical\" href=\"https:\/\/ksproducts.ca\/fr\/product\/blackstone-28-proseries-griddle-cover-2\/\" \/>\n<meta property=\"og:locale\" content=\"fr_CA\" \/>\n<meta property=\"og:type\" content=\"article\" \/>\n<meta property=\"og:title\" content=\"Blackstone Professional Series Soft Cover for 28inch Griddle - Ks Products\" \/>\n<meta property=\"og:description\" content=\"Don&#039;t forget to keep your Blackstone griddle covered and protected with the Blackstone 28-Inch ProSeries Griddle Cover This cover is custom designed to fit the ProSeries 28-Inch Griddle and is packed with features. The heavy duty material, reinforced corners, and weather resistance prove that this griddle cover is built to last. It also features two zippers for easy front cabinet access, as well as secure straps with durable, high impact poly resin buckles. Treat your griddle right and make sure you cover it with the Blackstone 28-Inch ProSeries Griddle Cover.\" \/>\n<meta property=\"og:url\" content=\"https:\/\/ksproducts.ca\/fr\/product\/blackstone-28-proseries-griddle-cover-2\/\" \/>\n<meta property=\"og:site_name\" content=\"Ks Products\" \/>\n<meta property=\"article:modified_time\" content=\"2026-04-04T16:18:54+00:00\" \/>\n<meta property=\"og:image\" content=\"https:\/\/ksproducts.ca\/wp-content\/uploads\/2023\/03\/5284-jpeg.webp\" \/>\n\t<meta property=\"og:image:width\" content=\"612\" \/>\n\t<meta property=\"og:image:height\" content=\"612\" \/>\n\t<meta property=\"og:image:type\" content=\"image\/jpeg\" \/>\n<meta name=\"twitter:card\" content=\"summary_large_image\" \/>\n<meta name=\"twitter:label1\" content=\"Estimation du temps de lecture\" \/>\n\t<meta name=\"twitter:data1\" content=\"1 minute\" \/>\n<script type=\"application\/ld+json\" class=\"yoast-schema-graph\">{\"@context\":\"https:\\\/\\\/schema.org\",\"@graph\":[{\"@type\":\"WebPage\",\"@id\":\"https:\\\/\\\/ksproducts.ca\\\/product\\\/blackstone-28-proseries-griddle-cover-2\\\/\",\"url\":\"https:\\\/\\\/ksproducts.ca\\\/product\\\/blackstone-28-proseries-griddle-cover-2\\\/\",\"name\":\"Blackstone Professional Series Soft Cover for 28inch Griddle - Ks Products\",\"isPartOf\":{\"@id\":\"https:\\\/\\\/ksproducts.ca\\\/#website\"},\"primaryImageOfPage\":{\"@id\":\"https:\\\/\\\/ksproducts.ca\\\/product\\\/blackstone-28-proseries-griddle-cover-2\\\/#primaryimage\"},\"image\":{\"@id\":\"https:\\\/\\\/ksproducts.ca\\\/product\\\/blackstone-28-proseries-griddle-cover-2\\\/#primaryimage\"},\"thumbnailUrl\":\"https:\\\/\\\/ksproducts.ca\\\/wp-content\\\/uploads\\\/2023\\\/03\\\/5284-jpeg.webp\",\"datePublished\":\"2023-03-27T21:30:13+00:00\",\"dateModified\":\"2026-04-04T16:18:54+00:00\",\"breadcrumb\":{\"@id\":\"https:\\\/\\\/ksproducts.ca\\\/product\\\/blackstone-28-proseries-griddle-cover-2\\\/#breadcrumb\"},\"inLanguage\":\"fr-CA\",\"potentialAction\":[{\"@type\":\"ReadAction\",\"target\":[\"https:\\\/\\\/ksproducts.ca\\\/product\\\/blackstone-28-proseries-griddle-cover-2\\\/\"]}]},{\"@type\":\"ImageObject\",\"inLanguage\":\"fr-CA\",\"@id\":\"https:\\\/\\\/ksproducts.ca\\\/product\\\/blackstone-28-proseries-griddle-cover-2\\\/#primaryimage\",\"url\":\"https:\\\/\\\/ksproducts.ca\\\/wp-content\\\/uploads\\\/2023\\\/03\\\/5284-jpeg.webp\",\"contentUrl\":\"https:\\\/\\\/ksproducts.ca\\\/wp-content\\\/uploads\\\/2023\\\/03\\\/5284-jpeg.webp\",\"width\":612,\"height\":612,\"caption\":\"5284 jpeg\"},{\"@type\":\"BreadcrumbList\",\"@id\":\"https:\\\/\\\/ksproducts.ca\\\/product\\\/blackstone-28-proseries-griddle-cover-2\\\/#breadcrumb\",\"itemListElement\":[{\"@type\":\"ListItem\",\"position\":1,\"name\":\"Home\",\"item\":\"https:\\\/\\\/ksproducts.ca\\\/\"},{\"@type\":\"ListItem\",\"position\":2,\"name\":\"Shop\",\"item\":\"https:\\\/\\\/ksproducts.ca\\\/shop\\\/\"},{\"@type\":\"ListItem\",\"position\":3,\"name\":\"Blackstone Professional Series Soft Cover for 28inch Griddle\"}]},{\"@type\":\"WebSite\",\"@id\":\"https:\\\/\\\/ksproducts.ca\\\/#website\",\"url\":\"https:\\\/\\\/ksproducts.ca\\\/\",\"name\":\"Ks Products\",\"description\":\"Outdoor cooking and living, made easy in Canada\",\"publisher\":{\"@id\":\"https:\\\/\\\/ksproducts.ca\\\/#organization\"},\"potentialAction\":[{\"@type\":\"SearchAction\",\"target\":{\"@type\":\"EntryPoint\",\"urlTemplate\":\"https:\\\/\\\/ksproducts.ca\\\/?s={search_term_string}\"},\"query-input\":{\"@type\":\"PropertyValueSpecification\",\"valueRequired\":true,\"valueName\":\"search_term_string\"}}],\"inLanguage\":\"fr-CA\"},{\"@type\":\"Organization\",\"@id\":\"https:\\\/\\\/ksproducts.ca\\\/#organization\",\"name\":\"Ks Products\",\"url\":\"https:\\\/\\\/ksproducts.ca\\\/\",\"logo\":{\"@type\":\"ImageObject\",\"inLanguage\":\"fr-CA\",\"@id\":\"https:\\\/\\\/ksproducts.ca\\\/#\\\/schema\\\/logo\\\/image\\\/\",\"url\":\"https:\\\/\\\/ksproducts.ca\\\/wp-content\\\/uploads\\\/2023\\\/09\\\/Kennedy-Sales-Logo-header-1.png\",\"contentUrl\":\"https:\\\/\\\/ksproducts.ca\\\/wp-content\\\/uploads\\\/2023\\\/09\\\/Kennedy-Sales-Logo-header-1.png\",\"width\":150,\"height\":77,\"caption\":\"Ks Products\"},\"image\":{\"@id\":\"https:\\\/\\\/ksproducts.ca\\\/#\\\/schema\\\/logo\\\/image\\\/\"}}]}<\/script>\n<!-- \/ Yoast SEO plugin. -->","yoast_head_json":{"title":"Blackstone Professional Series Soft Cover for 28inch Griddle - Ks Products","robots":{"index":"index","follow":"follow","max-snippet":"max-snippet:-1","max-image-preview":"max-image-preview:large","max-video-preview":"max-video-preview:-1"},"canonical":"https:\/\/ksproducts.ca\/fr\/product\/blackstone-28-proseries-griddle-cover-2\/","og_locale":"fr_CA","og_type":"article","og_title":"Blackstone Professional Series Soft Cover for 28inch Griddle - Ks Products","og_description":"Don't forget to keep your Blackstone griddle covered and protected with the Blackstone 28-Inch ProSeries Griddle Cover This cover is custom designed to fit the ProSeries 28-Inch Griddle and is packed with features. The heavy duty material, reinforced corners, and weather resistance prove that this griddle cover is built to last. It also features two zippers for easy front cabinet access, as well as secure straps with durable, high impact poly resin buckles. Treat your griddle right and make sure you cover it with the Blackstone 28-Inch ProSeries Griddle Cover.","og_url":"https:\/\/ksproducts.ca\/fr\/product\/blackstone-28-proseries-griddle-cover-2\/","og_site_name":"Ks Products","article_modified_time":"2026-04-04T16:18:54+00:00","og_image":[{"width":612,"height":612,"url":"https:\/\/ksproducts.ca\/wp-content\/uploads\/2023\/03\/5284-jpeg.webp","type":"image\/jpeg"}],"twitter_card":"summary_large_image","twitter_misc":{"Estimation du temps de lecture":"1 minute"},"schema":{"@context":"https:\/\/schema.org","@graph":[{"@type":"WebPage","@id":"https:\/\/ksproducts.ca\/product\/blackstone-28-proseries-griddle-cover-2\/","url":"https:\/\/ksproducts.ca\/product\/blackstone-28-proseries-griddle-cover-2\/","name":"Blackstone Professional Series Soft Cover for 28inch Griddle - Ks Products","isPartOf":{"@id":"https:\/\/ksproducts.ca\/#website"},"primaryImageOfPage":{"@id":"https:\/\/ksproducts.ca\/product\/blackstone-28-proseries-griddle-cover-2\/#primaryimage"},"image":{"@id":"https:\/\/ksproducts.ca\/product\/blackstone-28-proseries-griddle-cover-2\/#primaryimage"},"thumbnailUrl":"https:\/\/ksproducts.ca\/wp-content\/uploads\/2023\/03\/5284-jpeg.webp","datePublished":"2023-03-27T21:30:13+00:00","dateModified":"2026-04-04T16:18:54+00:00","breadcrumb":{"@id":"https:\/\/ksproducts.ca\/product\/blackstone-28-proseries-griddle-cover-2\/#breadcrumb"},"inLanguage":"fr-CA","potentialAction":[{"@type":"ReadAction","target":["https:\/\/ksproducts.ca\/product\/blackstone-28-proseries-griddle-cover-2\/"]}]},{"@type":"ImageObject","inLanguage":"fr-CA","@id":"https:\/\/ksproducts.ca\/product\/blackstone-28-proseries-griddle-cover-2\/#primaryimage","url":"https:\/\/ksproducts.ca\/wp-content\/uploads\/2023\/03\/5284-jpeg.webp","contentUrl":"https:\/\/ksproducts.ca\/wp-content\/uploads\/2023\/03\/5284-jpeg.webp","width":612,"height":612,"caption":"5284 jpeg"},{"@type":"BreadcrumbList","@id":"https:\/\/ksproducts.ca\/product\/blackstone-28-proseries-griddle-cover-2\/#breadcrumb","itemListElement":[{"@type":"ListItem","position":1,"name":"Home","item":"https:\/\/ksproducts.ca\/"},{"@type":"ListItem","position":2,"name":"Shop","item":"https:\/\/ksproducts.ca\/shop\/"},{"@type":"ListItem","position":3,"name":"Blackstone Professional Series Soft Cover for 28inch Griddle"}]},{"@type":"WebSite","@id":"https:\/\/ksproducts.ca\/#website","url":"https:\/\/ksproducts.ca\/","name":"Produits Ks","description":"Cuisiner et vivre en plein air, c'est facile au Canada","publisher":{"@id":"https:\/\/ksproducts.ca\/#organization"},"potentialAction":[{"@type":"SearchAction","target":{"@type":"EntryPoint","urlTemplate":"https:\/\/ksproducts.ca\/?s={search_term_string}"},"query-input":{"@type":"PropertyValueSpecification","valueRequired":true,"valueName":"search_term_string"}}],"inLanguage":"fr-CA"},{"@type":"Organization","@id":"https:\/\/ksproducts.ca\/#organization","name":"Produits Ks","url":"https:\/\/ksproducts.ca\/","logo":{"@type":"ImageObject","inLanguage":"fr-CA","@id":"https:\/\/ksproducts.ca\/#\/schema\/logo\/image\/","url":"https:\/\/ksproducts.ca\/wp-content\/uploads\/2023\/09\/Kennedy-Sales-Logo-header-1.png","contentUrl":"https:\/\/ksproducts.ca\/wp-content\/uploads\/2023\/09\/Kennedy-Sales-Logo-header-1.png","width":150,"height":77,"caption":"Ks Products"},"image":{"@id":"https:\/\/ksproducts.ca\/#\/schema\/logo\/image\/"}}]}},"_links":{"self":[{"href":"https:\/\/ksproducts.ca\/fr\/wp-json\/wp\/v2\/product\/5757","targetHints":{"allow":["GET"]}}],"collection":[{"href":"https:\/\/ksproducts.ca\/fr\/wp-json\/wp\/v2\/product"}],"about":[{"href":"https:\/\/ksproducts.ca\/fr\/wp-json\/wp\/v2\/types\/product"}],"replies":[{"embeddable":true,"href":"https:\/\/ksproducts.ca\/fr\/wp-json\/wp\/v2\/comments?post=5757"}],"version-history":[{"count":4,"href":"https:\/\/ksproducts.ca\/fr\/wp-json\/wp\/v2\/product\/5757\/revisions"}],"predecessor-version":[{"id":10641,"href":"https:\/\/ksproducts.ca\/fr\/wp-json\/wp\/v2\/product\/5757\/revisions\/10641"}],"wp:featuredmedia":[{"embeddable":true,"href":"https:\/\/ksproducts.ca\/fr\/wp-json\/wp\/v2\/media\/5758"}],"wp:attachment":[{"href":"https:\/\/ksproducts.ca\/fr\/wp-json\/wp\/v2\/media?parent=5757"}],"wp:term":[{"taxonomy":"product_cat","embeddable":true,"href":"https:\/\/ksproducts.ca\/fr\/wp-json\/wp\/v2\/product_cat?post=5757"},{"taxonomy":"product_tag","embeddable":true,"href":"https:\/\/ksproducts.ca\/fr\/wp-json\/wp\/v2\/product_tag?post=5757"}],"curies":[{"name":"wp","href":"https:\/\/api.w.org\/{rel}","templated":true}]}}