{"id":5779,"date":"2023-03-27T21:33:20","date_gmt":"2023-03-27T21:33:20","guid":{"rendered":"https:\/\/ksproducts.ca\/product\/extra-large-griddle-press\/"},"modified":"2026-04-04T15:32:29","modified_gmt":"2026-04-04T15:32:29","slug":"presse-grille-extra-large","status":"publish","type":"product","link":"https:\/\/ksproducts.ca\/fr\/product\/extra-large-griddle-press\/","title":{"rendered":"Blackstone Signature Series Large Griddle Press"},"content":{"rendered":"<ul>\n<li>Base en fonte<\/li>\n<li>10\u2033 x 10\u2033 x 4\u2033<\/li>\n<li>Rainures sur la face inf\u00e9rieure<\/li>\n<li>Poign\u00e9e r\u00e9sistante \u00e0 la chaleur<\/li>\n<li>Poign\u00e9e en caoutchouc pour \u00e9viter de glisser<\/li>\n<\/ul>","protected":false},"excerpt":{"rendered":"<p>Am\u00e9liorez votre jeu de grillage et de cuisson avec la presse \u00e0 griller Blackstone Signature. Vos sandwichs et vos hamburgers n'ont jamais eu l'air (ou le go\u00fbt) aussi bons. La presse \u00e0 griller Blackstone Signature est fabriqu\u00e9e en fonte de gros calibre, ce qui est parfait pour donner \u00e0 votre hamburger le petit plus qui lui manquait. Gr\u00e2ce \u00e0 sa poign\u00e9e en caoutchouc r\u00e9sistant \u00e0 la chaleur, vous n'aurez pas \u00e0 craindre de glisser. Cet outil indispensable est exactement ce dont vous avez besoin pour passer \u00e0 la vitesse sup\u00e9rieure. Comme les professionnels, faites cuire uniform\u00e9ment vos aliments pr\u00e9f\u00e9r\u00e9s tels que le bacon, les hamburgers, les saucisses et bien plus encore avec notre presse \u00e0 griller.<\/p>","protected":false},"featured_media":8339,"comment_status":"closed","ping_status":"closed","template":"","meta":[],"product_cat":[436,441],"product_tag":[],"class_list":{"0":"post-5779","1":"product","2":"type-product","3":"status-publish","4":"has-post-thumbnail","6":"product_brand-blackstone","7":"product_cat-accessories","8":"product_cat-essential-extras","9":"product_shipping_class-class-1","11":"first","12":"instock","13":"taxable","14":"shipping-taxable","15":"purchasable","16":"product-type-simple"},"yoast_head":"<!-- This site is optimized with the Yoast SEO plugin v27.3 - https:\/\/yoast.com\/product\/yoast-seo-wordpress\/ -->\n<title>Blackstone Signature Series Large Griddle Press - Ks Products<\/title>\n<meta name=\"robots\" content=\"index, follow, max-snippet:-1, max-image-preview:large, max-video-preview:-1\" \/>\n<link rel=\"canonical\" href=\"https:\/\/ksproducts.ca\/fr\/product\/presse-grille-extra-large\/\" \/>\n<meta property=\"og:locale\" content=\"fr_CA\" \/>\n<meta property=\"og:type\" content=\"article\" \/>\n<meta property=\"og:title\" content=\"Blackstone Signature Series Large Griddle Press - Ks Products\" \/>\n<meta property=\"og:description\" content=\"Step up your griddling and grilling game with the Blackstone Signature Griddle Press. Your sandwiches and burgers never looked (or tasted) so good. The Blackstone Signature Griddle Press is crafted with heavy-gauge cast iron, which is perfect for giving that burger the extra something it&#039;s been missing. With a heat-resistant, rubber-grip handle, you don&#039;t have to worry about slipping. This must-have tool is exactly what you need to take your cooking to the next level. Just like the professionals, evenly cook your favorite foods like bacon, burgers, sausage, and so much more with our griddle press.\" \/>\n<meta property=\"og:url\" content=\"https:\/\/ksproducts.ca\/fr\/product\/presse-grille-extra-large\/\" \/>\n<meta property=\"og:site_name\" content=\"Ks Products\" \/>\n<meta property=\"article:modified_time\" content=\"2026-04-04T15:32:29+00:00\" \/>\n<meta property=\"og:image\" content=\"https:\/\/ksproducts.ca\/wp-content\/uploads\/2024\/04\/5236-jpg.webp\" \/>\n\t<meta property=\"og:image:width\" content=\"1024\" \/>\n\t<meta property=\"og:image:height\" content=\"1024\" \/>\n\t<meta property=\"og:image:type\" content=\"image\/jpeg\" \/>\n<meta name=\"twitter:card\" content=\"summary_large_image\" \/>\n<meta name=\"twitter:label1\" content=\"Estimation du temps de lecture\" \/>\n\t<meta name=\"twitter:data1\" content=\"1 minute\" \/>\n<script type=\"application\/ld+json\" class=\"yoast-schema-graph\">{\"@context\":\"https:\\\/\\\/schema.org\",\"@graph\":[{\"@type\":\"WebPage\",\"@id\":\"https:\\\/\\\/ksproducts.ca\\\/product\\\/extra-large-griddle-press\\\/\",\"url\":\"https:\\\/\\\/ksproducts.ca\\\/product\\\/extra-large-griddle-press\\\/\",\"name\":\"Blackstone Signature Series Large Griddle Press - Ks Products\",\"isPartOf\":{\"@id\":\"https:\\\/\\\/ksproducts.ca\\\/#website\"},\"primaryImageOfPage\":{\"@id\":\"https:\\\/\\\/ksproducts.ca\\\/product\\\/extra-large-griddle-press\\\/#primaryimage\"},\"image\":{\"@id\":\"https:\\\/\\\/ksproducts.ca\\\/product\\\/extra-large-griddle-press\\\/#primaryimage\"},\"thumbnailUrl\":\"https:\\\/\\\/ksproducts.ca\\\/wp-content\\\/uploads\\\/2024\\\/04\\\/5236-jpg.webp\",\"datePublished\":\"2023-03-27T21:33:20+00:00\",\"dateModified\":\"2026-04-04T15:32:29+00:00\",\"breadcrumb\":{\"@id\":\"https:\\\/\\\/ksproducts.ca\\\/product\\\/extra-large-griddle-press\\\/#breadcrumb\"},\"inLanguage\":\"fr-CA\",\"potentialAction\":[{\"@type\":\"ReadAction\",\"target\":[\"https:\\\/\\\/ksproducts.ca\\\/product\\\/extra-large-griddle-press\\\/\"]}]},{\"@type\":\"ImageObject\",\"inLanguage\":\"fr-CA\",\"@id\":\"https:\\\/\\\/ksproducts.ca\\\/product\\\/extra-large-griddle-press\\\/#primaryimage\",\"url\":\"https:\\\/\\\/ksproducts.ca\\\/wp-content\\\/uploads\\\/2024\\\/04\\\/5236-jpg.webp\",\"contentUrl\":\"https:\\\/\\\/ksproducts.ca\\\/wp-content\\\/uploads\\\/2024\\\/04\\\/5236-jpg.webp\",\"width\":1024,\"height\":1024,\"caption\":\"Blackstone Signature Series Large Griddle Press\"},{\"@type\":\"BreadcrumbList\",\"@id\":\"https:\\\/\\\/ksproducts.ca\\\/product\\\/extra-large-griddle-press\\\/#breadcrumb\",\"itemListElement\":[{\"@type\":\"ListItem\",\"position\":1,\"name\":\"Home\",\"item\":\"https:\\\/\\\/ksproducts.ca\\\/\"},{\"@type\":\"ListItem\",\"position\":2,\"name\":\"Shop\",\"item\":\"https:\\\/\\\/ksproducts.ca\\\/shop\\\/\"},{\"@type\":\"ListItem\",\"position\":3,\"name\":\"Blackstone Signature Series Large Griddle Press\"}]},{\"@type\":\"WebSite\",\"@id\":\"https:\\\/\\\/ksproducts.ca\\\/#website\",\"url\":\"https:\\\/\\\/ksproducts.ca\\\/\",\"name\":\"Ks Products\",\"description\":\"Outdoor cooking and living, made easy in Canada\",\"publisher\":{\"@id\":\"https:\\\/\\\/ksproducts.ca\\\/#organization\"},\"potentialAction\":[{\"@type\":\"SearchAction\",\"target\":{\"@type\":\"EntryPoint\",\"urlTemplate\":\"https:\\\/\\\/ksproducts.ca\\\/?s={search_term_string}\"},\"query-input\":{\"@type\":\"PropertyValueSpecification\",\"valueRequired\":true,\"valueName\":\"search_term_string\"}}],\"inLanguage\":\"fr-CA\"},{\"@type\":\"Organization\",\"@id\":\"https:\\\/\\\/ksproducts.ca\\\/#organization\",\"name\":\"Ks Products\",\"url\":\"https:\\\/\\\/ksproducts.ca\\\/\",\"logo\":{\"@type\":\"ImageObject\",\"inLanguage\":\"fr-CA\",\"@id\":\"https:\\\/\\\/ksproducts.ca\\\/#\\\/schema\\\/logo\\\/image\\\/\",\"url\":\"https:\\\/\\\/ksproducts.ca\\\/wp-content\\\/uploads\\\/2023\\\/09\\\/Kennedy-Sales-Logo-header-1.png\",\"contentUrl\":\"https:\\\/\\\/ksproducts.ca\\\/wp-content\\\/uploads\\\/2023\\\/09\\\/Kennedy-Sales-Logo-header-1.png\",\"width\":150,\"height\":77,\"caption\":\"Ks Products\"},\"image\":{\"@id\":\"https:\\\/\\\/ksproducts.ca\\\/#\\\/schema\\\/logo\\\/image\\\/\"}}]}<\/script>\n<!-- \/ Yoast SEO plugin. -->","yoast_head_json":{"title":"Blackstone Signature Series Large Griddle Press - Ks Products","robots":{"index":"index","follow":"follow","max-snippet":"max-snippet:-1","max-image-preview":"max-image-preview:large","max-video-preview":"max-video-preview:-1"},"canonical":"https:\/\/ksproducts.ca\/fr\/product\/presse-grille-extra-large\/","og_locale":"fr_CA","og_type":"article","og_title":"Blackstone Signature Series Large Griddle Press - Ks Products","og_description":"Step up your griddling and grilling game with the Blackstone Signature Griddle Press. Your sandwiches and burgers never looked (or tasted) so good. The Blackstone Signature Griddle Press is crafted with heavy-gauge cast iron, which is perfect for giving that burger the extra something it's been missing. With a heat-resistant, rubber-grip handle, you don't have to worry about slipping. This must-have tool is exactly what you need to take your cooking to the next level. Just like the professionals, evenly cook your favorite foods like bacon, burgers, sausage, and so much more with our griddle press.","og_url":"https:\/\/ksproducts.ca\/fr\/product\/presse-grille-extra-large\/","og_site_name":"Ks Products","article_modified_time":"2026-04-04T15:32:29+00:00","og_image":[{"width":1024,"height":1024,"url":"https:\/\/ksproducts.ca\/wp-content\/uploads\/2024\/04\/5236-jpg.webp","type":"image\/jpeg"}],"twitter_card":"summary_large_image","twitter_misc":{"Estimation du temps de lecture":"1 minute"},"schema":{"@context":"https:\/\/schema.org","@graph":[{"@type":"WebPage","@id":"https:\/\/ksproducts.ca\/product\/extra-large-griddle-press\/","url":"https:\/\/ksproducts.ca\/product\/extra-large-griddle-press\/","name":"Blackstone Signature Series Large Griddle Press - Ks Products","isPartOf":{"@id":"https:\/\/ksproducts.ca\/#website"},"primaryImageOfPage":{"@id":"https:\/\/ksproducts.ca\/product\/extra-large-griddle-press\/#primaryimage"},"image":{"@id":"https:\/\/ksproducts.ca\/product\/extra-large-griddle-press\/#primaryimage"},"thumbnailUrl":"https:\/\/ksproducts.ca\/wp-content\/uploads\/2024\/04\/5236-jpg.webp","datePublished":"2023-03-27T21:33:20+00:00","dateModified":"2026-04-04T15:32:29+00:00","breadcrumb":{"@id":"https:\/\/ksproducts.ca\/product\/extra-large-griddle-press\/#breadcrumb"},"inLanguage":"fr-CA","potentialAction":[{"@type":"ReadAction","target":["https:\/\/ksproducts.ca\/product\/extra-large-griddle-press\/"]}]},{"@type":"ImageObject","inLanguage":"fr-CA","@id":"https:\/\/ksproducts.ca\/product\/extra-large-griddle-press\/#primaryimage","url":"https:\/\/ksproducts.ca\/wp-content\/uploads\/2024\/04\/5236-jpg.webp","contentUrl":"https:\/\/ksproducts.ca\/wp-content\/uploads\/2024\/04\/5236-jpg.webp","width":1024,"height":1024,"caption":"Blackstone Signature Series Large Griddle Press"},{"@type":"BreadcrumbList","@id":"https:\/\/ksproducts.ca\/product\/extra-large-griddle-press\/#breadcrumb","itemListElement":[{"@type":"ListItem","position":1,"name":"Home","item":"https:\/\/ksproducts.ca\/"},{"@type":"ListItem","position":2,"name":"Shop","item":"https:\/\/ksproducts.ca\/shop\/"},{"@type":"ListItem","position":3,"name":"Blackstone Signature Series Large Griddle Press"}]},{"@type":"WebSite","@id":"https:\/\/ksproducts.ca\/#website","url":"https:\/\/ksproducts.ca\/","name":"Produits Ks","description":"Cuisiner et vivre en plein air, c'est facile au Canada","publisher":{"@id":"https:\/\/ksproducts.ca\/#organization"},"potentialAction":[{"@type":"SearchAction","target":{"@type":"EntryPoint","urlTemplate":"https:\/\/ksproducts.ca\/?s={search_term_string}"},"query-input":{"@type":"PropertyValueSpecification","valueRequired":true,"valueName":"search_term_string"}}],"inLanguage":"fr-CA"},{"@type":"Organization","@id":"https:\/\/ksproducts.ca\/#organization","name":"Produits Ks","url":"https:\/\/ksproducts.ca\/","logo":{"@type":"ImageObject","inLanguage":"fr-CA","@id":"https:\/\/ksproducts.ca\/#\/schema\/logo\/image\/","url":"https:\/\/ksproducts.ca\/wp-content\/uploads\/2023\/09\/Kennedy-Sales-Logo-header-1.png","contentUrl":"https:\/\/ksproducts.ca\/wp-content\/uploads\/2023\/09\/Kennedy-Sales-Logo-header-1.png","width":150,"height":77,"caption":"Ks Products"},"image":{"@id":"https:\/\/ksproducts.ca\/#\/schema\/logo\/image\/"}}]}},"_links":{"self":[{"href":"https:\/\/ksproducts.ca\/fr\/wp-json\/wp\/v2\/product\/5779","targetHints":{"allow":["GET"]}}],"collection":[{"href":"https:\/\/ksproducts.ca\/fr\/wp-json\/wp\/v2\/product"}],"about":[{"href":"https:\/\/ksproducts.ca\/fr\/wp-json\/wp\/v2\/types\/product"}],"replies":[{"embeddable":true,"href":"https:\/\/ksproducts.ca\/fr\/wp-json\/wp\/v2\/comments?post=5779"}],"version-history":[{"count":5,"href":"https:\/\/ksproducts.ca\/fr\/wp-json\/wp\/v2\/product\/5779\/revisions"}],"predecessor-version":[{"id":10635,"href":"https:\/\/ksproducts.ca\/fr\/wp-json\/wp\/v2\/product\/5779\/revisions\/10635"}],"wp:featuredmedia":[{"embeddable":true,"href":"https:\/\/ksproducts.ca\/fr\/wp-json\/wp\/v2\/media\/8339"}],"wp:attachment":[{"href":"https:\/\/ksproducts.ca\/fr\/wp-json\/wp\/v2\/media?parent=5779"}],"wp:term":[{"taxonomy":"product_cat","embeddable":true,"href":"https:\/\/ksproducts.ca\/fr\/wp-json\/wp\/v2\/product_cat?post=5779"},{"taxonomy":"product_tag","embeddable":true,"href":"https:\/\/ksproducts.ca\/fr\/wp-json\/wp\/v2\/product_tag?post=5779"}],"curies":[{"name":"wp","href":"https:\/\/api.w.org\/{rel}","templated":true}]}}