{"id":5783,"date":"2023-03-27T21:33:20","date_gmt":"2023-03-27T21:33:20","guid":{"rendered":"https:\/\/ksproducts.ca\/product\/egg-ring-omelet-kit\/"},"modified":"2025-09-18T13:11:08","modified_gmt":"2025-09-18T13:11:08","slug":"kit-omelette-anneau-doeufs","status":"publish","type":"product","link":"https:\/\/ksproducts.ca\/fr\/product\/egg-ring-omelet-kit\/","title":{"rendered":"KIT D'ANNEAUX D'OEUFS ET D'OMELETTES"},"content":{"rendered":"<ul>\n<li>3 anneaux d'\u0153uf ronds (4 pouces de diam\u00e8tre)<\/li>\n<li>3 anneaux d'\u0153uf carr\u00e9s (4 pouces de diam\u00e8tre)<\/li>\n<li>1 anneau \u00e0 omelette (8in de diam\u00e8tre)<\/li>\n<li>Lavable au lave-vaisselle<\/li>\n<\/ul>","protected":false},"excerpt":{"rendered":"<p>Attention \u00e0 tous les amateurs de petit-d\u00e9jeuner - les outils dont vous avez besoin pour pr\u00e9parer des \u0153ufs parfaits, des galettes de saucisses, des pommes de terre rissol\u00e9es, des cr\u00eapes et bien d'autres choses encore sont l\u00e0 ! Fabriqu\u00e9 en acier inoxydable et en silicone de haute qualit\u00e9, vous recevrez trois anneaux \u00e0 \u0153ufs ronds, trois anneaux \u00e0 \u0153ufs carr\u00e9s et un grand anneau \u00e0 omelette. Vous aurez tout ce qu'il vous faut pour pr\u00e9parer un petit-d\u00e9jeuner gr\u00e9sillant ! Lorsque vous aurez fini de cuisiner, mettez-les au lave-vaisselle pour un nettoyage simple et facile.<\/p>","protected":false},"featured_media":10117,"comment_status":"closed","ping_status":"closed","template":"","meta":[],"product_cat":[438],"product_tag":[],"class_list":{"0":"post-5783","1":"product","2":"type-product","3":"status-publish","4":"has-post-thumbnail","6":"product_cat-tools-kits","7":"product_shipping_class-class-1","9":"first","10":"instock","11":"taxable","12":"shipping-taxable","13":"purchasable","14":"product-type-simple"},"yoast_head":"<!-- This site is optimized with the Yoast SEO plugin v27.4 - https:\/\/yoast.com\/product\/yoast-seo-wordpress\/ -->\n<title>EGG RING &amp; OMELET KIT - Ks Products<\/title>\n<meta name=\"robots\" content=\"index, follow, max-snippet:-1, max-image-preview:large, max-video-preview:-1\" \/>\n<link rel=\"canonical\" href=\"https:\/\/ksproducts.ca\/fr\/product\/kit-omelette-anneau-doeufs\/\" \/>\n<meta property=\"og:locale\" content=\"fr_CA\" \/>\n<meta property=\"og:type\" content=\"article\" \/>\n<meta property=\"og:title\" content=\"EGG RING &amp; OMELET KIT - Ks Products\" \/>\n<meta property=\"og:description\" content=\"Attention all breakfast lovers \u2013 the tools you need to make the perfect eggs, sausage patties, hash browns, pancakes and more are here! The Egg Ring and Omelet Kit is just what you need to complete your culinary conquest of breakfast!Made from a high-quality stainless steel and silicone you\u2019ll receive three round egg rings, three square egg rings, and one large omelet ring. You\u2019ll have what you need make a sizzling breakfast! Then when you are done cooking, throw them in the dishwasher for a simple and easy clean up.\" \/>\n<meta property=\"og:url\" content=\"https:\/\/ksproducts.ca\/fr\/product\/kit-omelette-anneau-doeufs\/\" \/>\n<meta property=\"og:site_name\" content=\"Ks Products\" \/>\n<meta property=\"article:modified_time\" content=\"2025-09-18T13:11:08+00:00\" \/>\n<meta property=\"og:image\" content=\"https:\/\/ksproducts.ca\/wp-content\/uploads\/2023\/03\/5515_OmeletEggRingKit_General_01.jpg\" \/>\n\t<meta property=\"og:image:width\" content=\"800\" \/>\n\t<meta property=\"og:image:height\" content=\"800\" \/>\n\t<meta property=\"og:image:type\" content=\"image\/jpeg\" \/>\n<meta name=\"twitter:card\" content=\"summary_large_image\" \/>\n<meta name=\"twitter:label1\" content=\"Estimation du temps de lecture\" \/>\n\t<meta name=\"twitter:data1\" content=\"1 minute\" \/>\n<script type=\"application\/ld+json\" class=\"yoast-schema-graph\">{\"@context\":\"https:\\\/\\\/schema.org\",\"@graph\":[{\"@type\":\"WebPage\",\"@id\":\"https:\\\/\\\/ksproducts.ca\\\/product\\\/egg-ring-omelet-kit\\\/\",\"url\":\"https:\\\/\\\/ksproducts.ca\\\/product\\\/egg-ring-omelet-kit\\\/\",\"name\":\"EGG RING & OMELET KIT - Ks Products\",\"isPartOf\":{\"@id\":\"https:\\\/\\\/ksproducts.ca\\\/#website\"},\"primaryImageOfPage\":{\"@id\":\"https:\\\/\\\/ksproducts.ca\\\/product\\\/egg-ring-omelet-kit\\\/#primaryimage\"},\"image\":{\"@id\":\"https:\\\/\\\/ksproducts.ca\\\/product\\\/egg-ring-omelet-kit\\\/#primaryimage\"},\"thumbnailUrl\":\"https:\\\/\\\/ksproducts.ca\\\/wp-content\\\/uploads\\\/2023\\\/03\\\/5515_OmeletEggRingKit_General_01.jpg\",\"datePublished\":\"2023-03-27T21:33:20+00:00\",\"dateModified\":\"2025-09-18T13:11:08+00:00\",\"breadcrumb\":{\"@id\":\"https:\\\/\\\/ksproducts.ca\\\/product\\\/egg-ring-omelet-kit\\\/#breadcrumb\"},\"inLanguage\":\"fr-CA\",\"potentialAction\":[{\"@type\":\"ReadAction\",\"target\":[\"https:\\\/\\\/ksproducts.ca\\\/product\\\/egg-ring-omelet-kit\\\/\"]}]},{\"@type\":\"ImageObject\",\"inLanguage\":\"fr-CA\",\"@id\":\"https:\\\/\\\/ksproducts.ca\\\/product\\\/egg-ring-omelet-kit\\\/#primaryimage\",\"url\":\"https:\\\/\\\/ksproducts.ca\\\/wp-content\\\/uploads\\\/2023\\\/03\\\/5515_OmeletEggRingKit_General_01.jpg\",\"contentUrl\":\"https:\\\/\\\/ksproducts.ca\\\/wp-content\\\/uploads\\\/2023\\\/03\\\/5515_OmeletEggRingKit_General_01.jpg\",\"width\":800,\"height\":800,\"caption\":\"EGG RING & OMELET KIT\"},{\"@type\":\"BreadcrumbList\",\"@id\":\"https:\\\/\\\/ksproducts.ca\\\/product\\\/egg-ring-omelet-kit\\\/#breadcrumb\",\"itemListElement\":[{\"@type\":\"ListItem\",\"position\":1,\"name\":\"Home\",\"item\":\"https:\\\/\\\/ksproducts.ca\\\/\"},{\"@type\":\"ListItem\",\"position\":2,\"name\":\"Shop\",\"item\":\"https:\\\/\\\/ksproducts.ca\\\/shop\\\/\"},{\"@type\":\"ListItem\",\"position\":3,\"name\":\"EGG RING &#038; OMELET KIT\"}]},{\"@type\":\"WebSite\",\"@id\":\"https:\\\/\\\/ksproducts.ca\\\/#website\",\"url\":\"https:\\\/\\\/ksproducts.ca\\\/\",\"name\":\"Ks Products\",\"description\":\"Outdoor cooking and living, made easy in Canada\",\"publisher\":{\"@id\":\"https:\\\/\\\/ksproducts.ca\\\/#organization\"},\"potentialAction\":[{\"@type\":\"SearchAction\",\"target\":{\"@type\":\"EntryPoint\",\"urlTemplate\":\"https:\\\/\\\/ksproducts.ca\\\/?s={search_term_string}\"},\"query-input\":{\"@type\":\"PropertyValueSpecification\",\"valueRequired\":true,\"valueName\":\"search_term_string\"}}],\"inLanguage\":\"fr-CA\"},{\"@type\":\"Organization\",\"@id\":\"https:\\\/\\\/ksproducts.ca\\\/#organization\",\"name\":\"Ks Products\",\"url\":\"https:\\\/\\\/ksproducts.ca\\\/\",\"logo\":{\"@type\":\"ImageObject\",\"inLanguage\":\"fr-CA\",\"@id\":\"https:\\\/\\\/ksproducts.ca\\\/#\\\/schema\\\/logo\\\/image\\\/\",\"url\":\"https:\\\/\\\/ksproducts.ca\\\/wp-content\\\/uploads\\\/2023\\\/09\\\/Kennedy-Sales-Logo-header-1.png\",\"contentUrl\":\"https:\\\/\\\/ksproducts.ca\\\/wp-content\\\/uploads\\\/2023\\\/09\\\/Kennedy-Sales-Logo-header-1.png\",\"width\":150,\"height\":77,\"caption\":\"Ks Products\"},\"image\":{\"@id\":\"https:\\\/\\\/ksproducts.ca\\\/#\\\/schema\\\/logo\\\/image\\\/\"}}]}<\/script>\n<!-- \/ Yoast SEO plugin. -->","yoast_head_json":{"title":"KIT ANNEAU D'OEUF ET OMELET - Ks Products","robots":{"index":"index","follow":"follow","max-snippet":"max-snippet:-1","max-image-preview":"max-image-preview:large","max-video-preview":"max-video-preview:-1"},"canonical":"https:\/\/ksproducts.ca\/fr\/product\/kit-omelette-anneau-doeufs\/","og_locale":"fr_CA","og_type":"article","og_title":"EGG RING & OMELET KIT - Ks Products","og_description":"Attention all breakfast lovers \u2013 the tools you need to make the perfect eggs, sausage patties, hash browns, pancakes and more are here! The Egg Ring and Omelet Kit is just what you need to complete your culinary conquest of breakfast!Made from a high-quality stainless steel and silicone you\u2019ll receive three round egg rings, three square egg rings, and one large omelet ring. You\u2019ll have what you need make a sizzling breakfast! Then when you are done cooking, throw them in the dishwasher for a simple and easy clean up.","og_url":"https:\/\/ksproducts.ca\/fr\/product\/kit-omelette-anneau-doeufs\/","og_site_name":"Ks Products","article_modified_time":"2025-09-18T13:11:08+00:00","og_image":[{"width":800,"height":800,"url":"https:\/\/ksproducts.ca\/wp-content\/uploads\/2023\/03\/5515_OmeletEggRingKit_General_01.jpg","type":"image\/jpeg"}],"twitter_card":"summary_large_image","twitter_misc":{"Estimation du temps de lecture":"1 minute"},"schema":{"@context":"https:\/\/schema.org","@graph":[{"@type":"WebPage","@id":"https:\/\/ksproducts.ca\/product\/egg-ring-omelet-kit\/","url":"https:\/\/ksproducts.ca\/product\/egg-ring-omelet-kit\/","name":"KIT ANNEAU D'OEUF ET OMELET - Ks Products","isPartOf":{"@id":"https:\/\/ksproducts.ca\/#website"},"primaryImageOfPage":{"@id":"https:\/\/ksproducts.ca\/product\/egg-ring-omelet-kit\/#primaryimage"},"image":{"@id":"https:\/\/ksproducts.ca\/product\/egg-ring-omelet-kit\/#primaryimage"},"thumbnailUrl":"https:\/\/ksproducts.ca\/wp-content\/uploads\/2023\/03\/5515_OmeletEggRingKit_General_01.jpg","datePublished":"2023-03-27T21:33:20+00:00","dateModified":"2025-09-18T13:11:08+00:00","breadcrumb":{"@id":"https:\/\/ksproducts.ca\/product\/egg-ring-omelet-kit\/#breadcrumb"},"inLanguage":"fr-CA","potentialAction":[{"@type":"ReadAction","target":["https:\/\/ksproducts.ca\/product\/egg-ring-omelet-kit\/"]}]},{"@type":"ImageObject","inLanguage":"fr-CA","@id":"https:\/\/ksproducts.ca\/product\/egg-ring-omelet-kit\/#primaryimage","url":"https:\/\/ksproducts.ca\/wp-content\/uploads\/2023\/03\/5515_OmeletEggRingKit_General_01.jpg","contentUrl":"https:\/\/ksproducts.ca\/wp-content\/uploads\/2023\/03\/5515_OmeletEggRingKit_General_01.jpg","width":800,"height":800,"caption":"EGG RING & OMELET KIT"},{"@type":"BreadcrumbList","@id":"https:\/\/ksproducts.ca\/product\/egg-ring-omelet-kit\/#breadcrumb","itemListElement":[{"@type":"ListItem","position":1,"name":"Home","item":"https:\/\/ksproducts.ca\/"},{"@type":"ListItem","position":2,"name":"Shop","item":"https:\/\/ksproducts.ca\/shop\/"},{"@type":"ListItem","position":3,"name":"EGG RING &#038; OMELET KIT"}]},{"@type":"WebSite","@id":"https:\/\/ksproducts.ca\/#website","url":"https:\/\/ksproducts.ca\/","name":"Produits Ks","description":"Cuisiner et vivre en plein air, c'est facile au Canada","publisher":{"@id":"https:\/\/ksproducts.ca\/#organization"},"potentialAction":[{"@type":"SearchAction","target":{"@type":"EntryPoint","urlTemplate":"https:\/\/ksproducts.ca\/?s={search_term_string}"},"query-input":{"@type":"PropertyValueSpecification","valueRequired":true,"valueName":"search_term_string"}}],"inLanguage":"fr-CA"},{"@type":"Organization","@id":"https:\/\/ksproducts.ca\/#organization","name":"Produits Ks","url":"https:\/\/ksproducts.ca\/","logo":{"@type":"ImageObject","inLanguage":"fr-CA","@id":"https:\/\/ksproducts.ca\/#\/schema\/logo\/image\/","url":"https:\/\/ksproducts.ca\/wp-content\/uploads\/2023\/09\/Kennedy-Sales-Logo-header-1.png","contentUrl":"https:\/\/ksproducts.ca\/wp-content\/uploads\/2023\/09\/Kennedy-Sales-Logo-header-1.png","width":150,"height":77,"caption":"Ks Products"},"image":{"@id":"https:\/\/ksproducts.ca\/#\/schema\/logo\/image\/"}}]}},"_links":{"self":[{"href":"https:\/\/ksproducts.ca\/fr\/wp-json\/wp\/v2\/product\/5783","targetHints":{"allow":["GET"]}}],"collection":[{"href":"https:\/\/ksproducts.ca\/fr\/wp-json\/wp\/v2\/product"}],"about":[{"href":"https:\/\/ksproducts.ca\/fr\/wp-json\/wp\/v2\/types\/product"}],"replies":[{"embeddable":true,"href":"https:\/\/ksproducts.ca\/fr\/wp-json\/wp\/v2\/comments?post=5783"}],"version-history":[{"count":2,"href":"https:\/\/ksproducts.ca\/fr\/wp-json\/wp\/v2\/product\/5783\/revisions"}],"predecessor-version":[{"id":10118,"href":"https:\/\/ksproducts.ca\/fr\/wp-json\/wp\/v2\/product\/5783\/revisions\/10118"}],"wp:featuredmedia":[{"embeddable":true,"href":"https:\/\/ksproducts.ca\/fr\/wp-json\/wp\/v2\/media\/10117"}],"wp:attachment":[{"href":"https:\/\/ksproducts.ca\/fr\/wp-json\/wp\/v2\/media?parent=5783"}],"wp:term":[{"taxonomy":"product_cat","embeddable":true,"href":"https:\/\/ksproducts.ca\/fr\/wp-json\/wp\/v2\/product_cat?post=5783"},{"taxonomy":"product_tag","embeddable":true,"href":"https:\/\/ksproducts.ca\/fr\/wp-json\/wp\/v2\/product_tag?post=5783"}],"curies":[{"name":"wp","href":"https:\/\/api.w.org\/{rel}","templated":true}]}}