{"id":5785,"date":"2023-03-27T21:33:20","date_gmt":"2023-03-27T21:33:20","guid":{"rendered":"https:\/\/ksproducts.ca\/product\/tool-holder-combo\/"},"modified":"2026-04-14T22:32:06","modified_gmt":"2026-04-14T22:32:06","slug":"porte-outils-combo","status":"publish","type":"product","link":"https:\/\/ksproducts.ca\/fr\/product\/tool-holder-combo\/","title":{"rendered":"Blackstone 4-piece Tool Holder Set with 1 Spatula Tool Rack and 3 Magnetic Hooks (Ensemble de porte-outils 4 pi\u00e8ces avec 1 spatule et 3 crochets magn\u00e9tiques)"},"content":{"rendered":"<ul>\n<li>Les crochets magn\u00e9tiques permettent de personnaliser l'acc\u00e8s et le rangement des outils de la plaque de cuisson.<\/li>\n<li>Le porte-outils peut \u00eatre plac\u00e9 sur le bord arri\u00e8re de la plaque de cuisson pour ranger les spatules, les grattoirs, etc.<\/li>\n<li>Fabriqu\u00e9 en acier inoxydable durable<\/li>\n<li>Facile \u00e0 nettoyer<\/li>\n<li>Porte-outils de haute qualit\u00e9<\/li>\n<\/ul>","protected":false},"excerpt":{"rendered":"<p>Le Blackstone Tool Holder Combo est ce dont tout utilisateur de plaque de cuisson a besoin pour organiser son espace et ses outils. Ce combo de supports d'outils comprend 1 support d'outils pour plancha et 3 crochets magn\u00e9tiques. Utilisez les crochets magn\u00e9tiques pour suspendre vos ustensiles de cuisine \u00e0 port\u00e9e de main. La taille et la forme des crochets permettent de personnaliser l'acc\u00e8s aux outils de la plaque. Placez le porte-outils sur le bord arri\u00e8re de votre plaque de cuisson pour cr\u00e9er un endroit pratique o\u00f9 ranger vos spatules, grattoirs et autres ustensiles de cuisine. Une fois que vous aurez adopt\u00e9 ces porte-outils, vous vous demanderez comment vous avez pu cuisiner sans eux.<\/p>","protected":false},"featured_media":8332,"comment_status":"closed","ping_status":"closed","template":"","meta":[],"product_cat":[436,438],"product_tag":[],"class_list":{"0":"post-5785","1":"product","2":"type-product","3":"status-publish","4":"has-post-thumbnail","6":"product_brand-blackstone","7":"product_cat-accessories","8":"product_cat-tools-kits","9":"product_shipping_class-class-1","11":"first","12":"instock","13":"taxable","14":"shipping-taxable","15":"purchasable","16":"product-type-simple"},"yoast_head":"<!-- This site is optimized with the Yoast SEO plugin v27.4 - https:\/\/yoast.com\/product\/yoast-seo-wordpress\/ -->\n<title>Blackstone 4-piece Tool Holder Set with 1 Spatula Tool Rack and 3 Magnetic Hooks - Ks Products<\/title>\n<meta name=\"robots\" content=\"index, follow, max-snippet:-1, max-image-preview:large, max-video-preview:-1\" \/>\n<link rel=\"canonical\" href=\"https:\/\/ksproducts.ca\/fr\/product\/porte-outils-combo\/\" \/>\n<meta property=\"og:locale\" content=\"fr_CA\" \/>\n<meta property=\"og:type\" content=\"article\" \/>\n<meta property=\"og:title\" content=\"Blackstone 4-piece Tool Holder Set with 1 Spatula Tool Rack and 3 Magnetic Hooks - Ks Products\" \/>\n<meta property=\"og:description\" content=\"The Blackstone Tool Holder Combo is what every griddle user needs in their life to keep their griddle space and tools organized. This Tool Holder Combo comes with 1 griddle tool rack and 3 magnetic hooks. Use the magnetic tool hooks to hang your griddle utensils within easy reach. The size and shape of the tool hooks allow for customizable and convenient griddle tool access. Place the tool rack on the back edge of your griddle to create a convenient spot to hold your spatulas, scrapers, and other griddle tools. Once you get a hold of these griddle tool holders, you&#039;ll wonder how you ever griddled without them.\" \/>\n<meta property=\"og:url\" content=\"https:\/\/ksproducts.ca\/fr\/product\/porte-outils-combo\/\" \/>\n<meta property=\"og:site_name\" content=\"Ks Products\" \/>\n<meta property=\"article:modified_time\" content=\"2026-04-14T22:32:06+00:00\" \/>\n<meta property=\"og:image\" content=\"https:\/\/ksproducts.ca\/wp-content\/uploads\/2024\/04\/5285-jpg.webp\" \/>\n\t<meta property=\"og:image:width\" content=\"698\" \/>\n\t<meta property=\"og:image:height\" content=\"698\" \/>\n\t<meta property=\"og:image:type\" content=\"image\/jpeg\" \/>\n<meta name=\"twitter:card\" content=\"summary_large_image\" \/>\n<meta name=\"twitter:label1\" content=\"Estimation du temps de lecture\" \/>\n\t<meta name=\"twitter:data1\" content=\"1 minute\" \/>\n<script type=\"application\/ld+json\" class=\"yoast-schema-graph\">{\"@context\":\"https:\\\/\\\/schema.org\",\"@graph\":[{\"@type\":\"WebPage\",\"@id\":\"https:\\\/\\\/ksproducts.ca\\\/product\\\/tool-holder-combo\\\/\",\"url\":\"https:\\\/\\\/ksproducts.ca\\\/product\\\/tool-holder-combo\\\/\",\"name\":\"Blackstone 4-piece Tool Holder Set with 1 Spatula Tool Rack and 3 Magnetic Hooks - Ks Products\",\"isPartOf\":{\"@id\":\"https:\\\/\\\/ksproducts.ca\\\/#website\"},\"primaryImageOfPage\":{\"@id\":\"https:\\\/\\\/ksproducts.ca\\\/product\\\/tool-holder-combo\\\/#primaryimage\"},\"image\":{\"@id\":\"https:\\\/\\\/ksproducts.ca\\\/product\\\/tool-holder-combo\\\/#primaryimage\"},\"thumbnailUrl\":\"https:\\\/\\\/ksproducts.ca\\\/wp-content\\\/uploads\\\/2024\\\/04\\\/5285-jpg.webp\",\"datePublished\":\"2023-03-27T21:33:20+00:00\",\"dateModified\":\"2026-04-14T22:32:06+00:00\",\"breadcrumb\":{\"@id\":\"https:\\\/\\\/ksproducts.ca\\\/product\\\/tool-holder-combo\\\/#breadcrumb\"},\"inLanguage\":\"fr-CA\",\"potentialAction\":[{\"@type\":\"ReadAction\",\"target\":[\"https:\\\/\\\/ksproducts.ca\\\/product\\\/tool-holder-combo\\\/\"]}]},{\"@type\":\"ImageObject\",\"inLanguage\":\"fr-CA\",\"@id\":\"https:\\\/\\\/ksproducts.ca\\\/product\\\/tool-holder-combo\\\/#primaryimage\",\"url\":\"https:\\\/\\\/ksproducts.ca\\\/wp-content\\\/uploads\\\/2024\\\/04\\\/5285-jpg.webp\",\"contentUrl\":\"https:\\\/\\\/ksproducts.ca\\\/wp-content\\\/uploads\\\/2024\\\/04\\\/5285-jpg.webp\",\"width\":698,\"height\":698,\"caption\":\"Blackstone 3 Magnetic Hooks\"},{\"@type\":\"BreadcrumbList\",\"@id\":\"https:\\\/\\\/ksproducts.ca\\\/product\\\/tool-holder-combo\\\/#breadcrumb\",\"itemListElement\":[{\"@type\":\"ListItem\",\"position\":1,\"name\":\"Home\",\"item\":\"https:\\\/\\\/ksproducts.ca\\\/\"},{\"@type\":\"ListItem\",\"position\":2,\"name\":\"Shop\",\"item\":\"https:\\\/\\\/ksproducts.ca\\\/shop\\\/\"},{\"@type\":\"ListItem\",\"position\":3,\"name\":\"Blackstone 4-piece Tool Holder Set with 1 Spatula Tool Rack and 3 Magnetic Hooks\"}]},{\"@type\":\"WebSite\",\"@id\":\"https:\\\/\\\/ksproducts.ca\\\/#website\",\"url\":\"https:\\\/\\\/ksproducts.ca\\\/\",\"name\":\"Ks Products\",\"description\":\"Outdoor cooking and living, made easy in Canada\",\"publisher\":{\"@id\":\"https:\\\/\\\/ksproducts.ca\\\/#organization\"},\"potentialAction\":[{\"@type\":\"SearchAction\",\"target\":{\"@type\":\"EntryPoint\",\"urlTemplate\":\"https:\\\/\\\/ksproducts.ca\\\/?s={search_term_string}\"},\"query-input\":{\"@type\":\"PropertyValueSpecification\",\"valueRequired\":true,\"valueName\":\"search_term_string\"}}],\"inLanguage\":\"fr-CA\"},{\"@type\":\"Organization\",\"@id\":\"https:\\\/\\\/ksproducts.ca\\\/#organization\",\"name\":\"Ks Products\",\"url\":\"https:\\\/\\\/ksproducts.ca\\\/\",\"logo\":{\"@type\":\"ImageObject\",\"inLanguage\":\"fr-CA\",\"@id\":\"https:\\\/\\\/ksproducts.ca\\\/#\\\/schema\\\/logo\\\/image\\\/\",\"url\":\"https:\\\/\\\/ksproducts.ca\\\/wp-content\\\/uploads\\\/2023\\\/09\\\/Kennedy-Sales-Logo-header-1.png\",\"contentUrl\":\"https:\\\/\\\/ksproducts.ca\\\/wp-content\\\/uploads\\\/2023\\\/09\\\/Kennedy-Sales-Logo-header-1.png\",\"width\":150,\"height\":77,\"caption\":\"Ks Products\"},\"image\":{\"@id\":\"https:\\\/\\\/ksproducts.ca\\\/#\\\/schema\\\/logo\\\/image\\\/\"}}]}<\/script>\n<!-- \/ Yoast SEO plugin. -->","yoast_head_json":{"title":"Blackstone 4-piece Tool Holder Set with 1 Spatula Tool Rack and 3 Magnetic Hooks - Ks Products","robots":{"index":"index","follow":"follow","max-snippet":"max-snippet:-1","max-image-preview":"max-image-preview:large","max-video-preview":"max-video-preview:-1"},"canonical":"https:\/\/ksproducts.ca\/fr\/product\/porte-outils-combo\/","og_locale":"fr_CA","og_type":"article","og_title":"Blackstone 4-piece Tool Holder Set with 1 Spatula Tool Rack and 3 Magnetic Hooks - Ks Products","og_description":"The Blackstone Tool Holder Combo is what every griddle user needs in their life to keep their griddle space and tools organized. This Tool Holder Combo comes with 1 griddle tool rack and 3 magnetic hooks. Use the magnetic tool hooks to hang your griddle utensils within easy reach. The size and shape of the tool hooks allow for customizable and convenient griddle tool access. Place the tool rack on the back edge of your griddle to create a convenient spot to hold your spatulas, scrapers, and other griddle tools. Once you get a hold of these griddle tool holders, you'll wonder how you ever griddled without them.","og_url":"https:\/\/ksproducts.ca\/fr\/product\/porte-outils-combo\/","og_site_name":"Ks Products","article_modified_time":"2026-04-14T22:32:06+00:00","og_image":[{"width":698,"height":698,"url":"https:\/\/ksproducts.ca\/wp-content\/uploads\/2024\/04\/5285-jpg.webp","type":"image\/jpeg"}],"twitter_card":"summary_large_image","twitter_misc":{"Estimation du temps de lecture":"1 minute"},"schema":{"@context":"https:\/\/schema.org","@graph":[{"@type":"WebPage","@id":"https:\/\/ksproducts.ca\/product\/tool-holder-combo\/","url":"https:\/\/ksproducts.ca\/product\/tool-holder-combo\/","name":"Blackstone 4-piece Tool Holder Set with 1 Spatula Tool Rack and 3 Magnetic Hooks - Ks Products","isPartOf":{"@id":"https:\/\/ksproducts.ca\/#website"},"primaryImageOfPage":{"@id":"https:\/\/ksproducts.ca\/product\/tool-holder-combo\/#primaryimage"},"image":{"@id":"https:\/\/ksproducts.ca\/product\/tool-holder-combo\/#primaryimage"},"thumbnailUrl":"https:\/\/ksproducts.ca\/wp-content\/uploads\/2024\/04\/5285-jpg.webp","datePublished":"2023-03-27T21:33:20+00:00","dateModified":"2026-04-14T22:32:06+00:00","breadcrumb":{"@id":"https:\/\/ksproducts.ca\/product\/tool-holder-combo\/#breadcrumb"},"inLanguage":"fr-CA","potentialAction":[{"@type":"ReadAction","target":["https:\/\/ksproducts.ca\/product\/tool-holder-combo\/"]}]},{"@type":"ImageObject","inLanguage":"fr-CA","@id":"https:\/\/ksproducts.ca\/product\/tool-holder-combo\/#primaryimage","url":"https:\/\/ksproducts.ca\/wp-content\/uploads\/2024\/04\/5285-jpg.webp","contentUrl":"https:\/\/ksproducts.ca\/wp-content\/uploads\/2024\/04\/5285-jpg.webp","width":698,"height":698,"caption":"Blackstone 3 Magnetic Hooks"},{"@type":"BreadcrumbList","@id":"https:\/\/ksproducts.ca\/product\/tool-holder-combo\/#breadcrumb","itemListElement":[{"@type":"ListItem","position":1,"name":"Home","item":"https:\/\/ksproducts.ca\/"},{"@type":"ListItem","position":2,"name":"Shop","item":"https:\/\/ksproducts.ca\/shop\/"},{"@type":"ListItem","position":3,"name":"Blackstone 4-piece Tool Holder Set with 1 Spatula Tool Rack and 3 Magnetic Hooks"}]},{"@type":"WebSite","@id":"https:\/\/ksproducts.ca\/#website","url":"https:\/\/ksproducts.ca\/","name":"Produits Ks","description":"Cuisiner et vivre en plein air, c'est facile au Canada","publisher":{"@id":"https:\/\/ksproducts.ca\/#organization"},"potentialAction":[{"@type":"SearchAction","target":{"@type":"EntryPoint","urlTemplate":"https:\/\/ksproducts.ca\/?s={search_term_string}"},"query-input":{"@type":"PropertyValueSpecification","valueRequired":true,"valueName":"search_term_string"}}],"inLanguage":"fr-CA"},{"@type":"Organization","@id":"https:\/\/ksproducts.ca\/#organization","name":"Produits Ks","url":"https:\/\/ksproducts.ca\/","logo":{"@type":"ImageObject","inLanguage":"fr-CA","@id":"https:\/\/ksproducts.ca\/#\/schema\/logo\/image\/","url":"https:\/\/ksproducts.ca\/wp-content\/uploads\/2023\/09\/Kennedy-Sales-Logo-header-1.png","contentUrl":"https:\/\/ksproducts.ca\/wp-content\/uploads\/2023\/09\/Kennedy-Sales-Logo-header-1.png","width":150,"height":77,"caption":"Ks Products"},"image":{"@id":"https:\/\/ksproducts.ca\/#\/schema\/logo\/image\/"}}]}},"_links":{"self":[{"href":"https:\/\/ksproducts.ca\/fr\/wp-json\/wp\/v2\/product\/5785","targetHints":{"allow":["GET"]}}],"collection":[{"href":"https:\/\/ksproducts.ca\/fr\/wp-json\/wp\/v2\/product"}],"about":[{"href":"https:\/\/ksproducts.ca\/fr\/wp-json\/wp\/v2\/types\/product"}],"replies":[{"embeddable":true,"href":"https:\/\/ksproducts.ca\/fr\/wp-json\/wp\/v2\/comments?post=5785"}],"version-history":[{"count":5,"href":"https:\/\/ksproducts.ca\/fr\/wp-json\/wp\/v2\/product\/5785\/revisions"}],"predecessor-version":[{"id":10637,"href":"https:\/\/ksproducts.ca\/fr\/wp-json\/wp\/v2\/product\/5785\/revisions\/10637"}],"wp:featuredmedia":[{"embeddable":true,"href":"https:\/\/ksproducts.ca\/fr\/wp-json\/wp\/v2\/media\/8332"}],"wp:attachment":[{"href":"https:\/\/ksproducts.ca\/fr\/wp-json\/wp\/v2\/media?parent=5785"}],"wp:term":[{"taxonomy":"product_cat","embeddable":true,"href":"https:\/\/ksproducts.ca\/fr\/wp-json\/wp\/v2\/product_cat?post=5785"},{"taxonomy":"product_tag","embeddable":true,"href":"https:\/\/ksproducts.ca\/fr\/wp-json\/wp\/v2\/product_tag?post=5785"}],"curies":[{"name":"wp","href":"https:\/\/api.w.org\/{rel}","templated":true}]}}