{"id":5790,"date":"2023-03-27T21:41:15","date_gmt":"2023-03-27T21:41:15","guid":{"rendered":"https:\/\/ksproducts.ca\/product\/silicone-spatula-mat-2-pk\/"},"modified":"2026-04-16T12:32:11","modified_gmt":"2026-04-16T12:32:11","slug":"spatule-en-silicone-mat-2-pk","status":"publish","type":"product","link":"https:\/\/ksproducts.ca\/fr\/product\/silicone-spatula-mat-2-pk\/","title":{"rendered":"Tapis de spatule en silicone Blackstone Original Series"},"content":{"rendered":"<ul>\n<li>Fabriqu\u00e9 en silicone 100%<\/li>\n<li>Prot\u00e8ge les plans de travail ou les plateaux de gril des spatules, couteaux et pinces ab\u00eem\u00e9s.<\/li>\n<li>La r\u00e9sistance \u00e0 la chaleur vous permet de placer le tapis juste \u00e0 c\u00f4t\u00e9 de votre plaque de cuisson.<\/li>\n<li>Facile \u00e0 nettoyer pour votre confort<\/li>\n<li>Le crochet int\u00e9gr\u00e9 permet de ranger ou d'acc\u00e9der \u00e0 la plaque de cuisson<\/li>\n<\/ul>","protected":false},"excerpt":{"rendered":"<p>Le tapis \u00e0 spatule en silicone 100% de Blackstone a \u00e9t\u00e9 con\u00e7u pour vous. Il n'a jamais \u00e9t\u00e9 aussi facile de garder vos surfaces propres lorsque vous faites des grillades, qu'il s'agisse de votre comptoir ou de l'\u00e9tag\u00e8re lat\u00e9rale de la plaque de cuisson, gr\u00e2ce au tapis \u00e0 spatule Blackstone. Le tapis \u00e0 spatule en silicone Blackstone est fabriqu\u00e9 en silicone 100% et pr\u00e9sente de nombreuses caract\u00e9ristiques. C'est l'endroit id\u00e9al pour reposer les outils de la plaque de cuisson lorsqu'ils ne sont pas utilis\u00e9s. Il est r\u00e9sistant \u00e0 la chaleur, ce qui vous permet de le poser juste \u00e0 c\u00f4t\u00e9 de votre plan de travail. Il est \u00e9galement facile \u00e0 nettoyer et dispose d'un crochet int\u00e9gr\u00e9 qui vous permet de le suspendre pour le ranger ou de l'accrocher pr\u00e8s de votre plaque de cuisson pour plus de commodit\u00e9. Il n'y a jamais eu de d\u00e9cision plus facile \u00e0 prendre pour garder votre plan de travail propre.<\/p>","protected":false},"featured_media":8327,"comment_status":"closed","ping_status":"closed","template":"","meta":[],"product_cat":[436,441],"product_tag":[],"class_list":{"0":"post-5790","1":"product","2":"type-product","3":"status-publish","4":"has-post-thumbnail","6":"product_brand-blackstone","7":"product_cat-accessories","8":"product_cat-essential-extras","9":"product_shipping_class-class-1","11":"first","12":"instock","13":"taxable","14":"shipping-taxable","15":"purchasable","16":"product-type-simple"},"yoast_head":"<!-- This site is optimized with the Yoast SEO plugin v27.4 - https:\/\/yoast.com\/product\/yoast-seo-wordpress\/ -->\n<title>Blackstone Original Series Silicone Spatula Mat - Ks Products<\/title>\n<meta name=\"robots\" content=\"index, follow, max-snippet:-1, max-image-preview:large, max-video-preview:-1\" \/>\n<link rel=\"canonical\" href=\"https:\/\/ksproducts.ca\/fr\/product\/spatule-en-silicone-mat-2-pk\/\" \/>\n<meta property=\"og:locale\" content=\"fr_CA\" \/>\n<meta property=\"og:type\" content=\"article\" \/>\n<meta property=\"og:title\" content=\"Blackstone Original Series Silicone Spatula Mat - Ks Products\" \/>\n<meta property=\"og:description\" content=\"Blackstone&#039;s 100% Silicone Spatula Mat is designed with you in mind. Keeping your surfaces clean while griddling, whether your countertop or griddle side shelf, has never been easier with the Blackstone Spatula Mat. The Blackstone Silicone Spatula Mat is made with 100% silicone and is packed with features. It\u2019s the perfect place to rest your griddle tools while not in use. It is heat resistant, which allows you to rest it right next to your griddle top. It is also easy to clean, and features a built-in hanger, so you can hang the mat up for storage, or by your griddle for your convenience. There&#039;s never been an easier decision to make in keeping your griddle area clean.\" \/>\n<meta property=\"og:url\" content=\"https:\/\/ksproducts.ca\/fr\/product\/spatule-en-silicone-mat-2-pk\/\" \/>\n<meta property=\"og:site_name\" content=\"Ks Products\" \/>\n<meta property=\"article:modified_time\" content=\"2026-04-16T12:32:11+00:00\" \/>\n<meta property=\"og:image\" content=\"https:\/\/ksproducts.ca\/wp-content\/uploads\/2024\/04\/5097-jpg.webp\" \/>\n\t<meta property=\"og:image:width\" content=\"864\" \/>\n\t<meta property=\"og:image:height\" content=\"864\" \/>\n\t<meta property=\"og:image:type\" content=\"image\/jpeg\" \/>\n<meta name=\"twitter:card\" content=\"summary_large_image\" \/>\n<meta name=\"twitter:label1\" content=\"Estimation du temps de lecture\" \/>\n\t<meta name=\"twitter:data1\" content=\"1 minute\" \/>\n<script type=\"application\/ld+json\" class=\"yoast-schema-graph\">{\"@context\":\"https:\\\/\\\/schema.org\",\"@graph\":[{\"@type\":\"WebPage\",\"@id\":\"https:\\\/\\\/ksproducts.ca\\\/product\\\/silicone-spatula-mat-2-pk\\\/\",\"url\":\"https:\\\/\\\/ksproducts.ca\\\/product\\\/silicone-spatula-mat-2-pk\\\/\",\"name\":\"Blackstone Original Series Silicone Spatula Mat - Ks Products\",\"isPartOf\":{\"@id\":\"https:\\\/\\\/ksproducts.ca\\\/#website\"},\"primaryImageOfPage\":{\"@id\":\"https:\\\/\\\/ksproducts.ca\\\/product\\\/silicone-spatula-mat-2-pk\\\/#primaryimage\"},\"image\":{\"@id\":\"https:\\\/\\\/ksproducts.ca\\\/product\\\/silicone-spatula-mat-2-pk\\\/#primaryimage\"},\"thumbnailUrl\":\"https:\\\/\\\/ksproducts.ca\\\/wp-content\\\/uploads\\\/2024\\\/04\\\/5097-jpg.webp\",\"datePublished\":\"2023-03-27T21:41:15+00:00\",\"dateModified\":\"2026-04-16T12:32:11+00:00\",\"breadcrumb\":{\"@id\":\"https:\\\/\\\/ksproducts.ca\\\/product\\\/silicone-spatula-mat-2-pk\\\/#breadcrumb\"},\"inLanguage\":\"fr-CA\",\"potentialAction\":[{\"@type\":\"ReadAction\",\"target\":[\"https:\\\/\\\/ksproducts.ca\\\/product\\\/silicone-spatula-mat-2-pk\\\/\"]}]},{\"@type\":\"ImageObject\",\"inLanguage\":\"fr-CA\",\"@id\":\"https:\\\/\\\/ksproducts.ca\\\/product\\\/silicone-spatula-mat-2-pk\\\/#primaryimage\",\"url\":\"https:\\\/\\\/ksproducts.ca\\\/wp-content\\\/uploads\\\/2024\\\/04\\\/5097-jpg.webp\",\"contentUrl\":\"https:\\\/\\\/ksproducts.ca\\\/wp-content\\\/uploads\\\/2024\\\/04\\\/5097-jpg.webp\",\"width\":864,\"height\":864,\"caption\":\"Blackstone Original Series Silicone Spatula Mat\"},{\"@type\":\"BreadcrumbList\",\"@id\":\"https:\\\/\\\/ksproducts.ca\\\/product\\\/silicone-spatula-mat-2-pk\\\/#breadcrumb\",\"itemListElement\":[{\"@type\":\"ListItem\",\"position\":1,\"name\":\"Home\",\"item\":\"https:\\\/\\\/ksproducts.ca\\\/\"},{\"@type\":\"ListItem\",\"position\":2,\"name\":\"Shop\",\"item\":\"https:\\\/\\\/ksproducts.ca\\\/shop\\\/\"},{\"@type\":\"ListItem\",\"position\":3,\"name\":\"Blackstone Original Series Silicone Spatula Mat\"}]},{\"@type\":\"WebSite\",\"@id\":\"https:\\\/\\\/ksproducts.ca\\\/#website\",\"url\":\"https:\\\/\\\/ksproducts.ca\\\/\",\"name\":\"Ks Products\",\"description\":\"Outdoor cooking and living, made easy in Canada\",\"publisher\":{\"@id\":\"https:\\\/\\\/ksproducts.ca\\\/#organization\"},\"potentialAction\":[{\"@type\":\"SearchAction\",\"target\":{\"@type\":\"EntryPoint\",\"urlTemplate\":\"https:\\\/\\\/ksproducts.ca\\\/?s={search_term_string}\"},\"query-input\":{\"@type\":\"PropertyValueSpecification\",\"valueRequired\":true,\"valueName\":\"search_term_string\"}}],\"inLanguage\":\"fr-CA\"},{\"@type\":\"Organization\",\"@id\":\"https:\\\/\\\/ksproducts.ca\\\/#organization\",\"name\":\"Ks Products\",\"url\":\"https:\\\/\\\/ksproducts.ca\\\/\",\"logo\":{\"@type\":\"ImageObject\",\"inLanguage\":\"fr-CA\",\"@id\":\"https:\\\/\\\/ksproducts.ca\\\/#\\\/schema\\\/logo\\\/image\\\/\",\"url\":\"https:\\\/\\\/ksproducts.ca\\\/wp-content\\\/uploads\\\/2023\\\/09\\\/Kennedy-Sales-Logo-header-1.png\",\"contentUrl\":\"https:\\\/\\\/ksproducts.ca\\\/wp-content\\\/uploads\\\/2023\\\/09\\\/Kennedy-Sales-Logo-header-1.png\",\"width\":150,\"height\":77,\"caption\":\"Ks Products\"},\"image\":{\"@id\":\"https:\\\/\\\/ksproducts.ca\\\/#\\\/schema\\\/logo\\\/image\\\/\"}}]}<\/script>\n<!-- \/ Yoast SEO plugin. -->","yoast_head_json":{"title":"Spatule en silicone Blackstone Original Series - Ks Products","robots":{"index":"index","follow":"follow","max-snippet":"max-snippet:-1","max-image-preview":"max-image-preview:large","max-video-preview":"max-video-preview:-1"},"canonical":"https:\/\/ksproducts.ca\/fr\/product\/spatule-en-silicone-mat-2-pk\/","og_locale":"fr_CA","og_type":"article","og_title":"Blackstone Original Series Silicone Spatula Mat - Ks Products","og_description":"Blackstone's 100% Silicone Spatula Mat is designed with you in mind. Keeping your surfaces clean while griddling, whether your countertop or griddle side shelf, has never been easier with the Blackstone Spatula Mat. The Blackstone Silicone Spatula Mat is made with 100% silicone and is packed with features. It\u2019s the perfect place to rest your griddle tools while not in use. It is heat resistant, which allows you to rest it right next to your griddle top. It is also easy to clean, and features a built-in hanger, so you can hang the mat up for storage, or by your griddle for your convenience. There's never been an easier decision to make in keeping your griddle area clean.","og_url":"https:\/\/ksproducts.ca\/fr\/product\/spatule-en-silicone-mat-2-pk\/","og_site_name":"Ks Products","article_modified_time":"2026-04-16T12:32:11+00:00","og_image":[{"width":864,"height":864,"url":"https:\/\/ksproducts.ca\/wp-content\/uploads\/2024\/04\/5097-jpg.webp","type":"image\/jpeg"}],"twitter_card":"summary_large_image","twitter_misc":{"Estimation du temps de lecture":"1 minute"},"schema":{"@context":"https:\/\/schema.org","@graph":[{"@type":"WebPage","@id":"https:\/\/ksproducts.ca\/product\/silicone-spatula-mat-2-pk\/","url":"https:\/\/ksproducts.ca\/product\/silicone-spatula-mat-2-pk\/","name":"Spatule en silicone Blackstone Original Series - Ks Products","isPartOf":{"@id":"https:\/\/ksproducts.ca\/#website"},"primaryImageOfPage":{"@id":"https:\/\/ksproducts.ca\/product\/silicone-spatula-mat-2-pk\/#primaryimage"},"image":{"@id":"https:\/\/ksproducts.ca\/product\/silicone-spatula-mat-2-pk\/#primaryimage"},"thumbnailUrl":"https:\/\/ksproducts.ca\/wp-content\/uploads\/2024\/04\/5097-jpg.webp","datePublished":"2023-03-27T21:41:15+00:00","dateModified":"2026-04-16T12:32:11+00:00","breadcrumb":{"@id":"https:\/\/ksproducts.ca\/product\/silicone-spatula-mat-2-pk\/#breadcrumb"},"inLanguage":"fr-CA","potentialAction":[{"@type":"ReadAction","target":["https:\/\/ksproducts.ca\/product\/silicone-spatula-mat-2-pk\/"]}]},{"@type":"ImageObject","inLanguage":"fr-CA","@id":"https:\/\/ksproducts.ca\/product\/silicone-spatula-mat-2-pk\/#primaryimage","url":"https:\/\/ksproducts.ca\/wp-content\/uploads\/2024\/04\/5097-jpg.webp","contentUrl":"https:\/\/ksproducts.ca\/wp-content\/uploads\/2024\/04\/5097-jpg.webp","width":864,"height":864,"caption":"Blackstone Original Series Silicone Spatula Mat"},{"@type":"BreadcrumbList","@id":"https:\/\/ksproducts.ca\/product\/silicone-spatula-mat-2-pk\/#breadcrumb","itemListElement":[{"@type":"ListItem","position":1,"name":"Home","item":"https:\/\/ksproducts.ca\/"},{"@type":"ListItem","position":2,"name":"Shop","item":"https:\/\/ksproducts.ca\/shop\/"},{"@type":"ListItem","position":3,"name":"Blackstone Original Series Silicone Spatula Mat"}]},{"@type":"WebSite","@id":"https:\/\/ksproducts.ca\/#website","url":"https:\/\/ksproducts.ca\/","name":"Produits Ks","description":"Cuisiner et vivre en plein air, c'est facile au Canada","publisher":{"@id":"https:\/\/ksproducts.ca\/#organization"},"potentialAction":[{"@type":"SearchAction","target":{"@type":"EntryPoint","urlTemplate":"https:\/\/ksproducts.ca\/?s={search_term_string}"},"query-input":{"@type":"PropertyValueSpecification","valueRequired":true,"valueName":"search_term_string"}}],"inLanguage":"fr-CA"},{"@type":"Organization","@id":"https:\/\/ksproducts.ca\/#organization","name":"Produits Ks","url":"https:\/\/ksproducts.ca\/","logo":{"@type":"ImageObject","inLanguage":"fr-CA","@id":"https:\/\/ksproducts.ca\/#\/schema\/logo\/image\/","url":"https:\/\/ksproducts.ca\/wp-content\/uploads\/2023\/09\/Kennedy-Sales-Logo-header-1.png","contentUrl":"https:\/\/ksproducts.ca\/wp-content\/uploads\/2023\/09\/Kennedy-Sales-Logo-header-1.png","width":150,"height":77,"caption":"Ks Products"},"image":{"@id":"https:\/\/ksproducts.ca\/#\/schema\/logo\/image\/"}}]}},"_links":{"self":[{"href":"https:\/\/ksproducts.ca\/fr\/wp-json\/wp\/v2\/product\/5790","targetHints":{"allow":["GET"]}}],"collection":[{"href":"https:\/\/ksproducts.ca\/fr\/wp-json\/wp\/v2\/product"}],"about":[{"href":"https:\/\/ksproducts.ca\/fr\/wp-json\/wp\/v2\/types\/product"}],"replies":[{"embeddable":true,"href":"https:\/\/ksproducts.ca\/fr\/wp-json\/wp\/v2\/comments?post=5790"}],"version-history":[{"count":4,"href":"https:\/\/ksproducts.ca\/fr\/wp-json\/wp\/v2\/product\/5790\/revisions"}],"predecessor-version":[{"id":10633,"href":"https:\/\/ksproducts.ca\/fr\/wp-json\/wp\/v2\/product\/5790\/revisions\/10633"}],"wp:featuredmedia":[{"embeddable":true,"href":"https:\/\/ksproducts.ca\/fr\/wp-json\/wp\/v2\/media\/8327"}],"wp:attachment":[{"href":"https:\/\/ksproducts.ca\/fr\/wp-json\/wp\/v2\/media?parent=5790"}],"wp:term":[{"taxonomy":"product_cat","embeddable":true,"href":"https:\/\/ksproducts.ca\/fr\/wp-json\/wp\/v2\/product_cat?post=5790"},{"taxonomy":"product_tag","embeddable":true,"href":"https:\/\/ksproducts.ca\/fr\/wp-json\/wp\/v2\/product_tag?post=5790"}],"curies":[{"name":"wp","href":"https:\/\/api.w.org\/{rel}","templated":true}]}}