{"id":5802,"date":"2023-03-27T21:41:16","date_gmt":"2023-03-27T21:41:16","guid":{"rendered":"https:\/\/ksproducts.ca\/product\/prep-serve-store-cart-adventure-ready\/"},"modified":"2026-02-04T17:06:56","modified_gmt":"2026-02-04T17:06:56","slug":"preparer-servir-stocker-chariot-aventure-pret","status":"publish","type":"product","link":"https:\/\/ksproducts.ca\/fr\/product\/prep-serve-store-cart-adventure-ready\/","title":{"rendered":"Blackstone Adventure Ready Series Chariot portable pour pr\u00e9parer, servir et ranger"},"content":{"rendered":"<ul>\n<li>Conception compacte et pliable<\/li>\n<li>\u00c9tag\u00e8res en tissu rabattables<\/li>\n<li>Table d'appoint int\u00e9gr\u00e9e<\/li>\n<li>Porte-serviettes en papier<\/li>\n<li>Porte-sac \u00e0 ordures<\/li>\n<li>Poign\u00e9e de transport robuste Adventure read<\/li>\n<\/ul>","protected":false},"excerpt":{"rendered":"<div class=\"description\">L'aspect pratique et la portabilit\u00e9 ont trouv\u00e9 un terrain d'entente dans ce chariot de pr\u00e9paration pliable tout-en-un. Le nouveau chariot Adventure Ready Prep\/Serve &amp; Store est \u00e9quip\u00e9 d'une table d'appoint int\u00e9gr\u00e9e, d'un porte-sac \u00e0 ordures et d'un porte-essuie-tout. Avec six \u00e9tag\u00e8res en tissu pliables suspendues, gardez tout ce dont vous avez besoin pour pr\u00e9parer et servir \u00e0 port\u00e9e de main. Apr\u00e8s le repas, pliez l'ensemble du chariot dans une mallette de transport portable et poursuivez votre route !<\/div>\n<div class=\"product-options no-options\">\n<div id=\"extend-offer\"><\/div>\n<\/div>","protected":false},"featured_media":8319,"comment_status":"closed","ping_status":"closed","template":"","meta":[],"product_cat":[436,440],"product_tag":[],"class_list":{"0":"post-5802","1":"product","2":"type-product","3":"status-publish","4":"has-post-thumbnail","6":"product_brand-blackstone","7":"product_cat-accessories","8":"product_cat-stands-prep-carts","9":"product_shipping_class-class-4","11":"first","12":"outofstock","13":"taxable","14":"shipping-taxable","15":"purchasable","16":"product-type-simple"},"yoast_head":"<!-- This site is optimized with the Yoast SEO plugin v27.4 - https:\/\/yoast.com\/product\/yoast-seo-wordpress\/ -->\n<title>Blackstone Adventure Ready Series Portable Prep Serve and Store Cart - Ks Products<\/title>\n<meta name=\"robots\" content=\"index, follow, max-snippet:-1, max-image-preview:large, max-video-preview:-1\" \/>\n<link rel=\"canonical\" href=\"https:\/\/ksproducts.ca\/fr\/product\/preparer-servir-stocker-chariot-aventure-pret\/\" \/>\n<meta property=\"og:locale\" content=\"fr_CA\" \/>\n<meta property=\"og:type\" content=\"article\" \/>\n<meta property=\"og:title\" content=\"Blackstone Adventure Ready Series Portable Prep Serve and Store Cart - Ks Products\" \/>\n<meta property=\"og:description\" content=\"Practicality and portability have found a common ground in this all-in-one collapsible prep cart. The new Adventure Ready Prep\/Serve &amp; Store Cart comes with an integrated side table, a garbage bag holder, and a paper towel holder. With six hanging collapsible fabric shelves, keep everything you need to prep and serve within arm\u2019s reach. After your meal, fold the whole cart into a portable carrying case and be on your way!\" \/>\n<meta property=\"og:url\" content=\"https:\/\/ksproducts.ca\/fr\/product\/preparer-servir-stocker-chariot-aventure-pret\/\" \/>\n<meta property=\"og:site_name\" content=\"Ks Products\" \/>\n<meta property=\"article:modified_time\" content=\"2026-02-04T17:06:56+00:00\" \/>\n<meta property=\"og:image\" content=\"https:\/\/ksproducts.ca\/wp-content\/uploads\/2024\/04\/1961-jpg.webp\" \/>\n\t<meta property=\"og:image:width\" content=\"1024\" \/>\n\t<meta property=\"og:image:height\" content=\"951\" \/>\n\t<meta property=\"og:image:type\" content=\"image\/jpeg\" \/>\n<meta name=\"twitter:card\" content=\"summary_large_image\" \/>\n<meta name=\"twitter:label1\" content=\"Estimation du temps de lecture\" \/>\n\t<meta name=\"twitter:data1\" content=\"1 minute\" \/>\n<script type=\"application\/ld+json\" class=\"yoast-schema-graph\">{\"@context\":\"https:\\\/\\\/schema.org\",\"@graph\":[{\"@type\":\"WebPage\",\"@id\":\"https:\\\/\\\/ksproducts.ca\\\/product\\\/prep-serve-store-cart-adventure-ready\\\/\",\"url\":\"https:\\\/\\\/ksproducts.ca\\\/product\\\/prep-serve-store-cart-adventure-ready\\\/\",\"name\":\"Blackstone Adventure Ready Series Portable Prep Serve and Store Cart - Ks Products\",\"isPartOf\":{\"@id\":\"https:\\\/\\\/ksproducts.ca\\\/#website\"},\"primaryImageOfPage\":{\"@id\":\"https:\\\/\\\/ksproducts.ca\\\/product\\\/prep-serve-store-cart-adventure-ready\\\/#primaryimage\"},\"image\":{\"@id\":\"https:\\\/\\\/ksproducts.ca\\\/product\\\/prep-serve-store-cart-adventure-ready\\\/#primaryimage\"},\"thumbnailUrl\":\"https:\\\/\\\/ksproducts.ca\\\/wp-content\\\/uploads\\\/2024\\\/04\\\/1961-jpg.webp\",\"datePublished\":\"2023-03-27T21:41:16+00:00\",\"dateModified\":\"2026-02-04T17:06:56+00:00\",\"breadcrumb\":{\"@id\":\"https:\\\/\\\/ksproducts.ca\\\/product\\\/prep-serve-store-cart-adventure-ready\\\/#breadcrumb\"},\"inLanguage\":\"fr-CA\",\"potentialAction\":[{\"@type\":\"ReadAction\",\"target\":[\"https:\\\/\\\/ksproducts.ca\\\/product\\\/prep-serve-store-cart-adventure-ready\\\/\"]}]},{\"@type\":\"ImageObject\",\"inLanguage\":\"fr-CA\",\"@id\":\"https:\\\/\\\/ksproducts.ca\\\/product\\\/prep-serve-store-cart-adventure-ready\\\/#primaryimage\",\"url\":\"https:\\\/\\\/ksproducts.ca\\\/wp-content\\\/uploads\\\/2024\\\/04\\\/1961-jpg.webp\",\"contentUrl\":\"https:\\\/\\\/ksproducts.ca\\\/wp-content\\\/uploads\\\/2024\\\/04\\\/1961-jpg.webp\",\"width\":1024,\"height\":951,\"caption\":\"Blackstone Adventure Ready Series Portable Prep, Serve, and Store Cart\"},{\"@type\":\"BreadcrumbList\",\"@id\":\"https:\\\/\\\/ksproducts.ca\\\/product\\\/prep-serve-store-cart-adventure-ready\\\/#breadcrumb\",\"itemListElement\":[{\"@type\":\"ListItem\",\"position\":1,\"name\":\"Home\",\"item\":\"https:\\\/\\\/ksproducts.ca\\\/\"},{\"@type\":\"ListItem\",\"position\":2,\"name\":\"Shop\",\"item\":\"https:\\\/\\\/ksproducts.ca\\\/shop\\\/\"},{\"@type\":\"ListItem\",\"position\":3,\"name\":\"Blackstone Adventure Ready Series Portable Prep Serve and Store Cart\"}]},{\"@type\":\"WebSite\",\"@id\":\"https:\\\/\\\/ksproducts.ca\\\/#website\",\"url\":\"https:\\\/\\\/ksproducts.ca\\\/\",\"name\":\"Ks Products\",\"description\":\"Outdoor cooking and living, made easy in Canada\",\"publisher\":{\"@id\":\"https:\\\/\\\/ksproducts.ca\\\/#organization\"},\"potentialAction\":[{\"@type\":\"SearchAction\",\"target\":{\"@type\":\"EntryPoint\",\"urlTemplate\":\"https:\\\/\\\/ksproducts.ca\\\/?s={search_term_string}\"},\"query-input\":{\"@type\":\"PropertyValueSpecification\",\"valueRequired\":true,\"valueName\":\"search_term_string\"}}],\"inLanguage\":\"fr-CA\"},{\"@type\":\"Organization\",\"@id\":\"https:\\\/\\\/ksproducts.ca\\\/#organization\",\"name\":\"Ks Products\",\"url\":\"https:\\\/\\\/ksproducts.ca\\\/\",\"logo\":{\"@type\":\"ImageObject\",\"inLanguage\":\"fr-CA\",\"@id\":\"https:\\\/\\\/ksproducts.ca\\\/#\\\/schema\\\/logo\\\/image\\\/\",\"url\":\"https:\\\/\\\/ksproducts.ca\\\/wp-content\\\/uploads\\\/2023\\\/09\\\/Kennedy-Sales-Logo-header-1.png\",\"contentUrl\":\"https:\\\/\\\/ksproducts.ca\\\/wp-content\\\/uploads\\\/2023\\\/09\\\/Kennedy-Sales-Logo-header-1.png\",\"width\":150,\"height\":77,\"caption\":\"Ks Products\"},\"image\":{\"@id\":\"https:\\\/\\\/ksproducts.ca\\\/#\\\/schema\\\/logo\\\/image\\\/\"}}]}<\/script>\n<!-- \/ Yoast SEO plugin. -->","yoast_head_json":{"title":"Blackstone Adventure Ready Series Chariot portable pour pr\u00e9parer, servir et stocker - Ks Products","robots":{"index":"index","follow":"follow","max-snippet":"max-snippet:-1","max-image-preview":"max-image-preview:large","max-video-preview":"max-video-preview:-1"},"canonical":"https:\/\/ksproducts.ca\/fr\/product\/preparer-servir-stocker-chariot-aventure-pret\/","og_locale":"fr_CA","og_type":"article","og_title":"Blackstone Adventure Ready Series Portable Prep Serve and Store Cart - Ks Products","og_description":"Practicality and portability have found a common ground in this all-in-one collapsible prep cart. The new Adventure Ready Prep\/Serve &amp; Store Cart comes with an integrated side table, a garbage bag holder, and a paper towel holder. With six hanging collapsible fabric shelves, keep everything you need to prep and serve within arm\u2019s reach. After your meal, fold the whole cart into a portable carrying case and be on your way!","og_url":"https:\/\/ksproducts.ca\/fr\/product\/preparer-servir-stocker-chariot-aventure-pret\/","og_site_name":"Ks Products","article_modified_time":"2026-02-04T17:06:56+00:00","og_image":[{"width":1024,"height":951,"url":"https:\/\/ksproducts.ca\/wp-content\/uploads\/2024\/04\/1961-jpg.webp","type":"image\/jpeg"}],"twitter_card":"summary_large_image","twitter_misc":{"Estimation du temps de lecture":"1 minute"},"schema":{"@context":"https:\/\/schema.org","@graph":[{"@type":"WebPage","@id":"https:\/\/ksproducts.ca\/product\/prep-serve-store-cart-adventure-ready\/","url":"https:\/\/ksproducts.ca\/product\/prep-serve-store-cart-adventure-ready\/","name":"Blackstone Adventure Ready Series Chariot portable pour pr\u00e9parer, servir et stocker - Ks Products","isPartOf":{"@id":"https:\/\/ksproducts.ca\/#website"},"primaryImageOfPage":{"@id":"https:\/\/ksproducts.ca\/product\/prep-serve-store-cart-adventure-ready\/#primaryimage"},"image":{"@id":"https:\/\/ksproducts.ca\/product\/prep-serve-store-cart-adventure-ready\/#primaryimage"},"thumbnailUrl":"https:\/\/ksproducts.ca\/wp-content\/uploads\/2024\/04\/1961-jpg.webp","datePublished":"2023-03-27T21:41:16+00:00","dateModified":"2026-02-04T17:06:56+00:00","breadcrumb":{"@id":"https:\/\/ksproducts.ca\/product\/prep-serve-store-cart-adventure-ready\/#breadcrumb"},"inLanguage":"fr-CA","potentialAction":[{"@type":"ReadAction","target":["https:\/\/ksproducts.ca\/product\/prep-serve-store-cart-adventure-ready\/"]}]},{"@type":"ImageObject","inLanguage":"fr-CA","@id":"https:\/\/ksproducts.ca\/product\/prep-serve-store-cart-adventure-ready\/#primaryimage","url":"https:\/\/ksproducts.ca\/wp-content\/uploads\/2024\/04\/1961-jpg.webp","contentUrl":"https:\/\/ksproducts.ca\/wp-content\/uploads\/2024\/04\/1961-jpg.webp","width":1024,"height":951,"caption":"Blackstone Adventure Ready Series Portable Prep, Serve, and Store Cart"},{"@type":"BreadcrumbList","@id":"https:\/\/ksproducts.ca\/product\/prep-serve-store-cart-adventure-ready\/#breadcrumb","itemListElement":[{"@type":"ListItem","position":1,"name":"Home","item":"https:\/\/ksproducts.ca\/"},{"@type":"ListItem","position":2,"name":"Shop","item":"https:\/\/ksproducts.ca\/shop\/"},{"@type":"ListItem","position":3,"name":"Blackstone Adventure Ready Series Portable Prep Serve and Store Cart"}]},{"@type":"WebSite","@id":"https:\/\/ksproducts.ca\/#website","url":"https:\/\/ksproducts.ca\/","name":"Produits Ks","description":"Cuisiner et vivre en plein air, c'est facile au Canada","publisher":{"@id":"https:\/\/ksproducts.ca\/#organization"},"potentialAction":[{"@type":"SearchAction","target":{"@type":"EntryPoint","urlTemplate":"https:\/\/ksproducts.ca\/?s={search_term_string}"},"query-input":{"@type":"PropertyValueSpecification","valueRequired":true,"valueName":"search_term_string"}}],"inLanguage":"fr-CA"},{"@type":"Organization","@id":"https:\/\/ksproducts.ca\/#organization","name":"Produits Ks","url":"https:\/\/ksproducts.ca\/","logo":{"@type":"ImageObject","inLanguage":"fr-CA","@id":"https:\/\/ksproducts.ca\/#\/schema\/logo\/image\/","url":"https:\/\/ksproducts.ca\/wp-content\/uploads\/2023\/09\/Kennedy-Sales-Logo-header-1.png","contentUrl":"https:\/\/ksproducts.ca\/wp-content\/uploads\/2023\/09\/Kennedy-Sales-Logo-header-1.png","width":150,"height":77,"caption":"Ks Products"},"image":{"@id":"https:\/\/ksproducts.ca\/#\/schema\/logo\/image\/"}}]}},"_links":{"self":[{"href":"https:\/\/ksproducts.ca\/fr\/wp-json\/wp\/v2\/product\/5802","targetHints":{"allow":["GET"]}}],"collection":[{"href":"https:\/\/ksproducts.ca\/fr\/wp-json\/wp\/v2\/product"}],"about":[{"href":"https:\/\/ksproducts.ca\/fr\/wp-json\/wp\/v2\/types\/product"}],"replies":[{"embeddable":true,"href":"https:\/\/ksproducts.ca\/fr\/wp-json\/wp\/v2\/comments?post=5802"}],"version-history":[{"count":4,"href":"https:\/\/ksproducts.ca\/fr\/wp-json\/wp\/v2\/product\/5802\/revisions"}],"predecessor-version":[{"id":10704,"href":"https:\/\/ksproducts.ca\/fr\/wp-json\/wp\/v2\/product\/5802\/revisions\/10704"}],"wp:featuredmedia":[{"embeddable":true,"href":"https:\/\/ksproducts.ca\/fr\/wp-json\/wp\/v2\/media\/8319"}],"wp:attachment":[{"href":"https:\/\/ksproducts.ca\/fr\/wp-json\/wp\/v2\/media?parent=5802"}],"wp:term":[{"taxonomy":"product_cat","embeddable":true,"href":"https:\/\/ksproducts.ca\/fr\/wp-json\/wp\/v2\/product_cat?post=5802"},{"taxonomy":"product_tag","embeddable":true,"href":"https:\/\/ksproducts.ca\/fr\/wp-json\/wp\/v2\/product_tag?post=5802"}],"curies":[{"name":"wp","href":"https:\/\/api.w.org\/{rel}","templated":true}]}}