{"id":5806,"date":"2023-03-27T21:41:16","date_gmt":"2023-03-27T21:41:16","guid":{"rendered":"https:\/\/ksproducts.ca\/product\/culinary-series-griddle-basics-kit\/"},"modified":"2026-04-14T22:02:13","modified_gmt":"2026-04-14T22:02:13","slug":"kit-de-base-pour-plancha-de-la-serie-culinaire","status":"publish","type":"product","link":"https:\/\/ksproducts.ca\/fr\/product\/culinary-series-griddle-basics-kit\/","title":{"rendered":"KIT DE BASE POUR PLANCHA DE LA S\u00c9RIE CULINAIRE"},"content":{"rendered":"<ul>\n<li>S\u00e9rie culinaire Styling<\/li>\n<li>Lames durables en acier inoxydable<\/li>\n<li>Poign\u00e9e antid\u00e9rapante<\/li>\n<li>Spatule pour gril (Qt\u00e9 2)<\/li>\n<li>Grattoir angulaire (Qt\u00e9 1)<\/li>\n<\/ul>","protected":false},"excerpt":{"rendered":"<p>Commencez avec les bons outils en vous procurant le kit de base pour plancha de la s\u00e9rie Culinary. Avec les deux spatules en acier inoxydable, vous pouvez cuire et m\u00e9langer des hamburgers, des cr\u00eapes, des steaks et bien plus encore. Lorsque vous avez termin\u00e9, le grattoir angulaire vous permettra de vous assurer que votre plan de travail est propre et pr\u00eat \u00e0 fonctionner la prochaine fois en vous aidant \u00e0 enlever les restes de salet\u00e9 qui se sont accumul\u00e9s sur votre plan de travail. Le grattoir a un bord biseaut\u00e9 et peut donc \u00e9galement \u00eatre utilis\u00e9 comme hachoir !<\/p>","protected":false},"featured_media":8317,"comment_status":"closed","ping_status":"closed","template":"","meta":[],"product_cat":[438],"product_tag":[404],"class_list":{"0":"post-5806","1":"product","2":"type-product","3":"status-publish","4":"has-post-thumbnail","6":"product_cat-tools-kits","7":"product_tag-griddle-week","8":"product_shipping_class-class-1","10":"first","11":"instock","12":"taxable","13":"shipping-taxable","14":"purchasable","15":"product-type-simple"},"yoast_head":"<!-- This site is optimized with the Yoast SEO plugin v27.4 - https:\/\/yoast.com\/product\/yoast-seo-wordpress\/ -->\n<title>CULINARY SERIES GRIDDLE BASICS KIT - Ks Products<\/title>\n<meta name=\"robots\" content=\"index, follow, max-snippet:-1, max-image-preview:large, max-video-preview:-1\" \/>\n<link rel=\"canonical\" href=\"https:\/\/ksproducts.ca\/fr\/product\/kit-de-base-pour-plancha-de-la-serie-culinaire\/\" \/>\n<meta property=\"og:locale\" content=\"fr_CA\" \/>\n<meta property=\"og:type\" content=\"article\" \/>\n<meta property=\"og:title\" content=\"CULINARY SERIES GRIDDLE BASICS KIT - Ks Products\" \/>\n<meta property=\"og:description\" content=\"Get started with the right tools and get the Culinary Series Griddle Basics Kit. With the two stainless steel spatulas you can cook and toss burgers, pancakes, steaks, and so much more.Then when you are done, angled scraper will ensure you griddle is clean and ready to go the next time around by helping you remove the leftover gunk caked to your griddle. The scraper has a beveled edge so it can also be used as a food chopper!\" \/>\n<meta property=\"og:url\" content=\"https:\/\/ksproducts.ca\/fr\/product\/kit-de-base-pour-plancha-de-la-serie-culinaire\/\" \/>\n<meta property=\"og:site_name\" content=\"Ks Products\" \/>\n<meta property=\"article:modified_time\" content=\"2026-04-14T22:02:13+00:00\" \/>\n<meta property=\"og:image\" content=\"https:\/\/ksproducts.ca\/wp-content\/uploads\/2024\/04\/5404-jpg.webp\" \/>\n\t<meta property=\"og:image:width\" content=\"1024\" \/>\n\t<meta property=\"og:image:height\" content=\"663\" \/>\n\t<meta property=\"og:image:type\" content=\"image\/jpeg\" \/>\n<meta name=\"twitter:card\" content=\"summary_large_image\" \/>\n<script type=\"application\/ld+json\" class=\"yoast-schema-graph\">{\"@context\":\"https:\\\/\\\/schema.org\",\"@graph\":[{\"@type\":\"WebPage\",\"@id\":\"https:\\\/\\\/ksproducts.ca\\\/product\\\/culinary-series-griddle-basics-kit\\\/\",\"url\":\"https:\\\/\\\/ksproducts.ca\\\/product\\\/culinary-series-griddle-basics-kit\\\/\",\"name\":\"CULINARY SERIES GRIDDLE BASICS KIT - Ks Products\",\"isPartOf\":{\"@id\":\"https:\\\/\\\/ksproducts.ca\\\/#website\"},\"primaryImageOfPage\":{\"@id\":\"https:\\\/\\\/ksproducts.ca\\\/product\\\/culinary-series-griddle-basics-kit\\\/#primaryimage\"},\"image\":{\"@id\":\"https:\\\/\\\/ksproducts.ca\\\/product\\\/culinary-series-griddle-basics-kit\\\/#primaryimage\"},\"thumbnailUrl\":\"https:\\\/\\\/ksproducts.ca\\\/wp-content\\\/uploads\\\/2024\\\/04\\\/5404-jpg.webp\",\"datePublished\":\"2023-03-27T21:41:16+00:00\",\"dateModified\":\"2026-04-14T22:02:13+00:00\",\"breadcrumb\":{\"@id\":\"https:\\\/\\\/ksproducts.ca\\\/product\\\/culinary-series-griddle-basics-kit\\\/#breadcrumb\"},\"inLanguage\":\"fr-CA\",\"potentialAction\":[{\"@type\":\"ReadAction\",\"target\":[\"https:\\\/\\\/ksproducts.ca\\\/product\\\/culinary-series-griddle-basics-kit\\\/\"]}]},{\"@type\":\"ImageObject\",\"inLanguage\":\"fr-CA\",\"@id\":\"https:\\\/\\\/ksproducts.ca\\\/product\\\/culinary-series-griddle-basics-kit\\\/#primaryimage\",\"url\":\"https:\\\/\\\/ksproducts.ca\\\/wp-content\\\/uploads\\\/2024\\\/04\\\/5404-jpg.webp\",\"contentUrl\":\"https:\\\/\\\/ksproducts.ca\\\/wp-content\\\/uploads\\\/2024\\\/04\\\/5404-jpg.webp\",\"width\":1024,\"height\":663,\"caption\":\"CULINARY SERIES GRIDDLE BASICS KIT\"},{\"@type\":\"BreadcrumbList\",\"@id\":\"https:\\\/\\\/ksproducts.ca\\\/product\\\/culinary-series-griddle-basics-kit\\\/#breadcrumb\",\"itemListElement\":[{\"@type\":\"ListItem\",\"position\":1,\"name\":\"Home\",\"item\":\"https:\\\/\\\/ksproducts.ca\\\/\"},{\"@type\":\"ListItem\",\"position\":2,\"name\":\"Shop\",\"item\":\"https:\\\/\\\/ksproducts.ca\\\/shop\\\/\"},{\"@type\":\"ListItem\",\"position\":3,\"name\":\"CULINARY SERIES GRIDDLE BASICS KIT\"}]},{\"@type\":\"WebSite\",\"@id\":\"https:\\\/\\\/ksproducts.ca\\\/#website\",\"url\":\"https:\\\/\\\/ksproducts.ca\\\/\",\"name\":\"Ks Products\",\"description\":\"Outdoor cooking and living, made easy in Canada\",\"publisher\":{\"@id\":\"https:\\\/\\\/ksproducts.ca\\\/#organization\"},\"potentialAction\":[{\"@type\":\"SearchAction\",\"target\":{\"@type\":\"EntryPoint\",\"urlTemplate\":\"https:\\\/\\\/ksproducts.ca\\\/?s={search_term_string}\"},\"query-input\":{\"@type\":\"PropertyValueSpecification\",\"valueRequired\":true,\"valueName\":\"search_term_string\"}}],\"inLanguage\":\"fr-CA\"},{\"@type\":\"Organization\",\"@id\":\"https:\\\/\\\/ksproducts.ca\\\/#organization\",\"name\":\"Ks Products\",\"url\":\"https:\\\/\\\/ksproducts.ca\\\/\",\"logo\":{\"@type\":\"ImageObject\",\"inLanguage\":\"fr-CA\",\"@id\":\"https:\\\/\\\/ksproducts.ca\\\/#\\\/schema\\\/logo\\\/image\\\/\",\"url\":\"https:\\\/\\\/ksproducts.ca\\\/wp-content\\\/uploads\\\/2023\\\/09\\\/Kennedy-Sales-Logo-header-1.png\",\"contentUrl\":\"https:\\\/\\\/ksproducts.ca\\\/wp-content\\\/uploads\\\/2023\\\/09\\\/Kennedy-Sales-Logo-header-1.png\",\"width\":150,\"height\":77,\"caption\":\"Ks Products\"},\"image\":{\"@id\":\"https:\\\/\\\/ksproducts.ca\\\/#\\\/schema\\\/logo\\\/image\\\/\"}}]}<\/script>\n<!-- \/ Yoast SEO plugin. -->","yoast_head_json":{"title":"KIT DE BASE POUR GRILLE DE LA S\u00c9RIE CULINAIRE - Ks Products","robots":{"index":"index","follow":"follow","max-snippet":"max-snippet:-1","max-image-preview":"max-image-preview:large","max-video-preview":"max-video-preview:-1"},"canonical":"https:\/\/ksproducts.ca\/fr\/product\/kit-de-base-pour-plancha-de-la-serie-culinaire\/","og_locale":"fr_CA","og_type":"article","og_title":"CULINARY SERIES GRIDDLE BASICS KIT - Ks Products","og_description":"Get started with the right tools and get the Culinary Series Griddle Basics Kit. With the two stainless steel spatulas you can cook and toss burgers, pancakes, steaks, and so much more.Then when you are done, angled scraper will ensure you griddle is clean and ready to go the next time around by helping you remove the leftover gunk caked to your griddle. The scraper has a beveled edge so it can also be used as a food chopper!","og_url":"https:\/\/ksproducts.ca\/fr\/product\/kit-de-base-pour-plancha-de-la-serie-culinaire\/","og_site_name":"Ks Products","article_modified_time":"2026-04-14T22:02:13+00:00","og_image":[{"width":1024,"height":663,"url":"https:\/\/ksproducts.ca\/wp-content\/uploads\/2024\/04\/5404-jpg.webp","type":"image\/jpeg"}],"twitter_card":"summary_large_image","schema":{"@context":"https:\/\/schema.org","@graph":[{"@type":"WebPage","@id":"https:\/\/ksproducts.ca\/product\/culinary-series-griddle-basics-kit\/","url":"https:\/\/ksproducts.ca\/product\/culinary-series-griddle-basics-kit\/","name":"KIT DE BASE POUR GRILLE DE LA S\u00c9RIE CULINAIRE - Ks Products","isPartOf":{"@id":"https:\/\/ksproducts.ca\/#website"},"primaryImageOfPage":{"@id":"https:\/\/ksproducts.ca\/product\/culinary-series-griddle-basics-kit\/#primaryimage"},"image":{"@id":"https:\/\/ksproducts.ca\/product\/culinary-series-griddle-basics-kit\/#primaryimage"},"thumbnailUrl":"https:\/\/ksproducts.ca\/wp-content\/uploads\/2024\/04\/5404-jpg.webp","datePublished":"2023-03-27T21:41:16+00:00","dateModified":"2026-04-14T22:02:13+00:00","breadcrumb":{"@id":"https:\/\/ksproducts.ca\/product\/culinary-series-griddle-basics-kit\/#breadcrumb"},"inLanguage":"fr-CA","potentialAction":[{"@type":"ReadAction","target":["https:\/\/ksproducts.ca\/product\/culinary-series-griddle-basics-kit\/"]}]},{"@type":"ImageObject","inLanguage":"fr-CA","@id":"https:\/\/ksproducts.ca\/product\/culinary-series-griddle-basics-kit\/#primaryimage","url":"https:\/\/ksproducts.ca\/wp-content\/uploads\/2024\/04\/5404-jpg.webp","contentUrl":"https:\/\/ksproducts.ca\/wp-content\/uploads\/2024\/04\/5404-jpg.webp","width":1024,"height":663,"caption":"CULINARY SERIES GRIDDLE BASICS KIT"},{"@type":"BreadcrumbList","@id":"https:\/\/ksproducts.ca\/product\/culinary-series-griddle-basics-kit\/#breadcrumb","itemListElement":[{"@type":"ListItem","position":1,"name":"Home","item":"https:\/\/ksproducts.ca\/"},{"@type":"ListItem","position":2,"name":"Shop","item":"https:\/\/ksproducts.ca\/shop\/"},{"@type":"ListItem","position":3,"name":"CULINARY SERIES GRIDDLE BASICS KIT"}]},{"@type":"WebSite","@id":"https:\/\/ksproducts.ca\/#website","url":"https:\/\/ksproducts.ca\/","name":"Produits Ks","description":"Cuisiner et vivre en plein air, c'est facile au Canada","publisher":{"@id":"https:\/\/ksproducts.ca\/#organization"},"potentialAction":[{"@type":"SearchAction","target":{"@type":"EntryPoint","urlTemplate":"https:\/\/ksproducts.ca\/?s={search_term_string}"},"query-input":{"@type":"PropertyValueSpecification","valueRequired":true,"valueName":"search_term_string"}}],"inLanguage":"fr-CA"},{"@type":"Organization","@id":"https:\/\/ksproducts.ca\/#organization","name":"Produits Ks","url":"https:\/\/ksproducts.ca\/","logo":{"@type":"ImageObject","inLanguage":"fr-CA","@id":"https:\/\/ksproducts.ca\/#\/schema\/logo\/image\/","url":"https:\/\/ksproducts.ca\/wp-content\/uploads\/2023\/09\/Kennedy-Sales-Logo-header-1.png","contentUrl":"https:\/\/ksproducts.ca\/wp-content\/uploads\/2023\/09\/Kennedy-Sales-Logo-header-1.png","width":150,"height":77,"caption":"Ks Products"},"image":{"@id":"https:\/\/ksproducts.ca\/#\/schema\/logo\/image\/"}}]}},"_links":{"self":[{"href":"https:\/\/ksproducts.ca\/fr\/wp-json\/wp\/v2\/product\/5806","targetHints":{"allow":["GET"]}}],"collection":[{"href":"https:\/\/ksproducts.ca\/fr\/wp-json\/wp\/v2\/product"}],"about":[{"href":"https:\/\/ksproducts.ca\/fr\/wp-json\/wp\/v2\/types\/product"}],"replies":[{"embeddable":true,"href":"https:\/\/ksproducts.ca\/fr\/wp-json\/wp\/v2\/comments?post=5806"}],"version-history":[{"count":1,"href":"https:\/\/ksproducts.ca\/fr\/wp-json\/wp\/v2\/product\/5806\/revisions"}],"predecessor-version":[{"id":8318,"href":"https:\/\/ksproducts.ca\/fr\/wp-json\/wp\/v2\/product\/5806\/revisions\/8318"}],"wp:featuredmedia":[{"embeddable":true,"href":"https:\/\/ksproducts.ca\/fr\/wp-json\/wp\/v2\/media\/8317"}],"wp:attachment":[{"href":"https:\/\/ksproducts.ca\/fr\/wp-json\/wp\/v2\/media?parent=5806"}],"wp:term":[{"taxonomy":"product_cat","embeddable":true,"href":"https:\/\/ksproducts.ca\/fr\/wp-json\/wp\/v2\/product_cat?post=5806"},{"taxonomy":"product_tag","embeddable":true,"href":"https:\/\/ksproducts.ca\/fr\/wp-json\/wp\/v2\/product_tag?post=5806"}],"curies":[{"name":"wp","href":"https:\/\/api.w.org\/{rel}","templated":true}]}}