{"id":5816,"date":"2023-03-27T21:41:30","date_gmt":"2023-03-27T21:41:30","guid":{"rendered":"https:\/\/ksproducts.ca\/product\/blackstone-deluxe-stainless-steel-6-piece-spatula-griddle-kit\/"},"modified":"2026-04-14T20:01:21","modified_gmt":"2026-04-14T20:01:21","slug":"blackstone-deluxe-stainless-steel-6-piece-spatula-griddle-kit","status":"publish","type":"product","link":"https:\/\/ksproducts.ca\/fr\/product\/blackstone-deluxe-stainless-steel-6-piece-spatula-griddle-kit\/","title":{"rendered":"Kit de gril \u00e0 spatule de luxe 6 pi\u00e8ces Blackstone"},"content":{"rendered":"<ul>\n<li>Spatule \u00e0 hamburger extra-large 5\u2033 (5\u2033 Extra Wide Hamburger Spatula)<\/li>\n<li>(2) Spatules de 3\u2033 de large<\/li>\n<li>14\u2033 Pince<\/li>\n<li>Distributeur de liquide 32 oz. Distributeur de liquide<\/li>\n<\/ul>","protected":false},"excerpt":{"rendered":"<p>L'ensemble de cuisine de luxe 6 pi\u00e8ces pour l'ext\u00e9rieur est un ustensile de cuisine de haute qualit\u00e9 qui compl\u00e8te toute cuisine d'ext\u00e9rieur. Les diff\u00e9rents outils permettent de tout cuisiner, des hamburgers monstrueux aux steaks massifs, en passant par des montagnes de saut\u00e9s ou des tas de petits-d\u00e9jeuners. Chaque outil est durable et fabriqu\u00e9 avec des poign\u00e9es en bois et de l'acier inoxydable bross\u00e9 de gros calibre.<\/p>","protected":false},"featured_media":8307,"comment_status":"closed","ping_status":"closed","template":"","meta":[],"product_cat":[436,438],"product_tag":[],"class_list":{"0":"post-5816","1":"product","2":"type-product","3":"status-publish","4":"has-post-thumbnail","6":"product_brand-blackstone","7":"product_cat-accessories","8":"product_cat-tools-kits","9":"product_shipping_class-class-1","11":"first","12":"outofstock","13":"taxable","14":"shipping-taxable","15":"purchasable","16":"product-type-simple"},"yoast_head":"<!-- This site is optimized with the Yoast SEO plugin v27.4 - https:\/\/yoast.com\/product\/yoast-seo-wordpress\/ -->\n<title>Blackstone 6-piece Deluxe Spatula Griddle Kit - Ks Products<\/title>\n<meta name=\"robots\" content=\"index, follow, max-snippet:-1, max-image-preview:large, max-video-preview:-1\" \/>\n<link rel=\"canonical\" href=\"https:\/\/ksproducts.ca\/fr\/product\/blackstone-deluxe-stainless-steel-6-piece-spatula-griddle-kit\/\" \/>\n<meta property=\"og:locale\" content=\"fr_CA\" \/>\n<meta property=\"og:type\" content=\"article\" \/>\n<meta property=\"og:title\" content=\"Blackstone 6-piece Deluxe Spatula Griddle Kit - Ks Products\" \/>\n<meta property=\"og:description\" content=\"The 6-Piece Deluxe Outdoor Cooking Set is high quality outdoor cooking ware completing any outdoor kitchen. The various tools make it easy to cook anything, from monster burgers to massive steaks to mountains of stir fry or heaps of breakfast. Each tool is durable and constructed of wood handles and heavy gauge brushed stainless steel.\" \/>\n<meta property=\"og:url\" content=\"https:\/\/ksproducts.ca\/fr\/product\/blackstone-deluxe-stainless-steel-6-piece-spatula-griddle-kit\/\" \/>\n<meta property=\"og:site_name\" content=\"Ks Products\" \/>\n<meta property=\"article:modified_time\" content=\"2026-04-14T20:01:21+00:00\" \/>\n<meta property=\"og:image\" content=\"https:\/\/ksproducts.ca\/wp-content\/uploads\/2024\/04\/5069-3-jpeg.webp\" \/>\n\t<meta property=\"og:image:width\" content=\"1500\" \/>\n\t<meta property=\"og:image:height\" content=\"1313\" \/>\n\t<meta property=\"og:image:type\" content=\"image\/jpeg\" \/>\n<meta name=\"twitter:card\" content=\"summary_large_image\" \/>\n<meta name=\"twitter:label1\" content=\"Estimation du temps de lecture\" \/>\n\t<meta name=\"twitter:data1\" content=\"1 minute\" \/>\n<script type=\"application\/ld+json\" class=\"yoast-schema-graph\">{\"@context\":\"https:\\\/\\\/schema.org\",\"@graph\":[{\"@type\":\"WebPage\",\"@id\":\"https:\\\/\\\/ksproducts.ca\\\/product\\\/blackstone-deluxe-stainless-steel-6-piece-spatula-griddle-kit\\\/\",\"url\":\"https:\\\/\\\/ksproducts.ca\\\/product\\\/blackstone-deluxe-stainless-steel-6-piece-spatula-griddle-kit\\\/\",\"name\":\"Blackstone 6-piece Deluxe Spatula Griddle Kit - Ks Products\",\"isPartOf\":{\"@id\":\"https:\\\/\\\/ksproducts.ca\\\/#website\"},\"primaryImageOfPage\":{\"@id\":\"https:\\\/\\\/ksproducts.ca\\\/product\\\/blackstone-deluxe-stainless-steel-6-piece-spatula-griddle-kit\\\/#primaryimage\"},\"image\":{\"@id\":\"https:\\\/\\\/ksproducts.ca\\\/product\\\/blackstone-deluxe-stainless-steel-6-piece-spatula-griddle-kit\\\/#primaryimage\"},\"thumbnailUrl\":\"https:\\\/\\\/ksproducts.ca\\\/wp-content\\\/uploads\\\/2024\\\/04\\\/5069-3-jpeg.webp\",\"datePublished\":\"2023-03-27T21:41:30+00:00\",\"dateModified\":\"2026-04-14T20:01:21+00:00\",\"breadcrumb\":{\"@id\":\"https:\\\/\\\/ksproducts.ca\\\/product\\\/blackstone-deluxe-stainless-steel-6-piece-spatula-griddle-kit\\\/#breadcrumb\"},\"inLanguage\":\"fr-CA\",\"potentialAction\":[{\"@type\":\"ReadAction\",\"target\":[\"https:\\\/\\\/ksproducts.ca\\\/product\\\/blackstone-deluxe-stainless-steel-6-piece-spatula-griddle-kit\\\/\"]}]},{\"@type\":\"ImageObject\",\"inLanguage\":\"fr-CA\",\"@id\":\"https:\\\/\\\/ksproducts.ca\\\/product\\\/blackstone-deluxe-stainless-steel-6-piece-spatula-griddle-kit\\\/#primaryimage\",\"url\":\"https:\\\/\\\/ksproducts.ca\\\/wp-content\\\/uploads\\\/2024\\\/04\\\/5069-3-jpeg.webp\",\"contentUrl\":\"https:\\\/\\\/ksproducts.ca\\\/wp-content\\\/uploads\\\/2024\\\/04\\\/5069-3-jpeg.webp\",\"width\":1500,\"height\":1313,\"caption\":\"Blackstone 6-piece Deluxe Spatula Griddle Kit\"},{\"@type\":\"BreadcrumbList\",\"@id\":\"https:\\\/\\\/ksproducts.ca\\\/product\\\/blackstone-deluxe-stainless-steel-6-piece-spatula-griddle-kit\\\/#breadcrumb\",\"itemListElement\":[{\"@type\":\"ListItem\",\"position\":1,\"name\":\"Home\",\"item\":\"https:\\\/\\\/ksproducts.ca\\\/\"},{\"@type\":\"ListItem\",\"position\":2,\"name\":\"Shop\",\"item\":\"https:\\\/\\\/ksproducts.ca\\\/shop\\\/\"},{\"@type\":\"ListItem\",\"position\":3,\"name\":\"Blackstone 6-piece Deluxe Spatula Griddle Kit\"}]},{\"@type\":\"WebSite\",\"@id\":\"https:\\\/\\\/ksproducts.ca\\\/#website\",\"url\":\"https:\\\/\\\/ksproducts.ca\\\/\",\"name\":\"Ks Products\",\"description\":\"Outdoor cooking and living, made easy in Canada\",\"publisher\":{\"@id\":\"https:\\\/\\\/ksproducts.ca\\\/#organization\"},\"potentialAction\":[{\"@type\":\"SearchAction\",\"target\":{\"@type\":\"EntryPoint\",\"urlTemplate\":\"https:\\\/\\\/ksproducts.ca\\\/?s={search_term_string}\"},\"query-input\":{\"@type\":\"PropertyValueSpecification\",\"valueRequired\":true,\"valueName\":\"search_term_string\"}}],\"inLanguage\":\"fr-CA\"},{\"@type\":\"Organization\",\"@id\":\"https:\\\/\\\/ksproducts.ca\\\/#organization\",\"name\":\"Ks Products\",\"url\":\"https:\\\/\\\/ksproducts.ca\\\/\",\"logo\":{\"@type\":\"ImageObject\",\"inLanguage\":\"fr-CA\",\"@id\":\"https:\\\/\\\/ksproducts.ca\\\/#\\\/schema\\\/logo\\\/image\\\/\",\"url\":\"https:\\\/\\\/ksproducts.ca\\\/wp-content\\\/uploads\\\/2023\\\/09\\\/Kennedy-Sales-Logo-header-1.png\",\"contentUrl\":\"https:\\\/\\\/ksproducts.ca\\\/wp-content\\\/uploads\\\/2023\\\/09\\\/Kennedy-Sales-Logo-header-1.png\",\"width\":150,\"height\":77,\"caption\":\"Ks Products\"},\"image\":{\"@id\":\"https:\\\/\\\/ksproducts.ca\\\/#\\\/schema\\\/logo\\\/image\\\/\"}}]}<\/script>\n<!-- \/ Yoast SEO plugin. -->","yoast_head_json":{"title":"Kit de gril \u00e0 spatule de luxe 6 pi\u00e8ces Blackstone - Ks Products","robots":{"index":"index","follow":"follow","max-snippet":"max-snippet:-1","max-image-preview":"max-image-preview:large","max-video-preview":"max-video-preview:-1"},"canonical":"https:\/\/ksproducts.ca\/fr\/product\/blackstone-deluxe-stainless-steel-6-piece-spatula-griddle-kit\/","og_locale":"fr_CA","og_type":"article","og_title":"Blackstone 6-piece Deluxe Spatula Griddle Kit - Ks Products","og_description":"The 6-Piece Deluxe Outdoor Cooking Set is high quality outdoor cooking ware completing any outdoor kitchen. The various tools make it easy to cook anything, from monster burgers to massive steaks to mountains of stir fry or heaps of breakfast. Each tool is durable and constructed of wood handles and heavy gauge brushed stainless steel.","og_url":"https:\/\/ksproducts.ca\/fr\/product\/blackstone-deluxe-stainless-steel-6-piece-spatula-griddle-kit\/","og_site_name":"Ks Products","article_modified_time":"2026-04-14T20:01:21+00:00","og_image":[{"width":1500,"height":1313,"url":"https:\/\/ksproducts.ca\/wp-content\/uploads\/2024\/04\/5069-3-jpeg.webp","type":"image\/jpeg"}],"twitter_card":"summary_large_image","twitter_misc":{"Estimation du temps de lecture":"1 minute"},"schema":{"@context":"https:\/\/schema.org","@graph":[{"@type":"WebPage","@id":"https:\/\/ksproducts.ca\/product\/blackstone-deluxe-stainless-steel-6-piece-spatula-griddle-kit\/","url":"https:\/\/ksproducts.ca\/product\/blackstone-deluxe-stainless-steel-6-piece-spatula-griddle-kit\/","name":"Kit de gril \u00e0 spatule de luxe 6 pi\u00e8ces Blackstone - Ks Products","isPartOf":{"@id":"https:\/\/ksproducts.ca\/#website"},"primaryImageOfPage":{"@id":"https:\/\/ksproducts.ca\/product\/blackstone-deluxe-stainless-steel-6-piece-spatula-griddle-kit\/#primaryimage"},"image":{"@id":"https:\/\/ksproducts.ca\/product\/blackstone-deluxe-stainless-steel-6-piece-spatula-griddle-kit\/#primaryimage"},"thumbnailUrl":"https:\/\/ksproducts.ca\/wp-content\/uploads\/2024\/04\/5069-3-jpeg.webp","datePublished":"2023-03-27T21:41:30+00:00","dateModified":"2026-04-14T20:01:21+00:00","breadcrumb":{"@id":"https:\/\/ksproducts.ca\/product\/blackstone-deluxe-stainless-steel-6-piece-spatula-griddle-kit\/#breadcrumb"},"inLanguage":"fr-CA","potentialAction":[{"@type":"ReadAction","target":["https:\/\/ksproducts.ca\/product\/blackstone-deluxe-stainless-steel-6-piece-spatula-griddle-kit\/"]}]},{"@type":"ImageObject","inLanguage":"fr-CA","@id":"https:\/\/ksproducts.ca\/product\/blackstone-deluxe-stainless-steel-6-piece-spatula-griddle-kit\/#primaryimage","url":"https:\/\/ksproducts.ca\/wp-content\/uploads\/2024\/04\/5069-3-jpeg.webp","contentUrl":"https:\/\/ksproducts.ca\/wp-content\/uploads\/2024\/04\/5069-3-jpeg.webp","width":1500,"height":1313,"caption":"Blackstone 6-piece Deluxe Spatula Griddle Kit"},{"@type":"BreadcrumbList","@id":"https:\/\/ksproducts.ca\/product\/blackstone-deluxe-stainless-steel-6-piece-spatula-griddle-kit\/#breadcrumb","itemListElement":[{"@type":"ListItem","position":1,"name":"Home","item":"https:\/\/ksproducts.ca\/"},{"@type":"ListItem","position":2,"name":"Shop","item":"https:\/\/ksproducts.ca\/shop\/"},{"@type":"ListItem","position":3,"name":"Blackstone 6-piece Deluxe Spatula Griddle Kit"}]},{"@type":"WebSite","@id":"https:\/\/ksproducts.ca\/#website","url":"https:\/\/ksproducts.ca\/","name":"Produits Ks","description":"Cuisiner et vivre en plein air, c'est facile au Canada","publisher":{"@id":"https:\/\/ksproducts.ca\/#organization"},"potentialAction":[{"@type":"SearchAction","target":{"@type":"EntryPoint","urlTemplate":"https:\/\/ksproducts.ca\/?s={search_term_string}"},"query-input":{"@type":"PropertyValueSpecification","valueRequired":true,"valueName":"search_term_string"}}],"inLanguage":"fr-CA"},{"@type":"Organization","@id":"https:\/\/ksproducts.ca\/#organization","name":"Produits Ks","url":"https:\/\/ksproducts.ca\/","logo":{"@type":"ImageObject","inLanguage":"fr-CA","@id":"https:\/\/ksproducts.ca\/#\/schema\/logo\/image\/","url":"https:\/\/ksproducts.ca\/wp-content\/uploads\/2023\/09\/Kennedy-Sales-Logo-header-1.png","contentUrl":"https:\/\/ksproducts.ca\/wp-content\/uploads\/2023\/09\/Kennedy-Sales-Logo-header-1.png","width":150,"height":77,"caption":"Ks Products"},"image":{"@id":"https:\/\/ksproducts.ca\/#\/schema\/logo\/image\/"}}]}},"_links":{"self":[{"href":"https:\/\/ksproducts.ca\/fr\/wp-json\/wp\/v2\/product\/5816","targetHints":{"allow":["GET"]}}],"collection":[{"href":"https:\/\/ksproducts.ca\/fr\/wp-json\/wp\/v2\/product"}],"about":[{"href":"https:\/\/ksproducts.ca\/fr\/wp-json\/wp\/v2\/types\/product"}],"replies":[{"embeddable":true,"href":"https:\/\/ksproducts.ca\/fr\/wp-json\/wp\/v2\/comments?post=5816"}],"version-history":[{"count":5,"href":"https:\/\/ksproducts.ca\/fr\/wp-json\/wp\/v2\/product\/5816\/revisions"}],"predecessor-version":[{"id":10631,"href":"https:\/\/ksproducts.ca\/fr\/wp-json\/wp\/v2\/product\/5816\/revisions\/10631"}],"wp:featuredmedia":[{"embeddable":true,"href":"https:\/\/ksproducts.ca\/fr\/wp-json\/wp\/v2\/media\/8307"}],"wp:attachment":[{"href":"https:\/\/ksproducts.ca\/fr\/wp-json\/wp\/v2\/media?parent=5816"}],"wp:term":[{"taxonomy":"product_cat","embeddable":true,"href":"https:\/\/ksproducts.ca\/fr\/wp-json\/wp\/v2\/product_cat?post=5816"},{"taxonomy":"product_tag","embeddable":true,"href":"https:\/\/ksproducts.ca\/fr\/wp-json\/wp\/v2\/product_tag?post=5816"}],"curies":[{"name":"wp","href":"https:\/\/api.w.org\/{rel}","templated":true}]}}