{"id":5836,"date":"2023-03-27T21:42:19","date_gmt":"2023-03-27T21:42:19","guid":{"rendered":"https:\/\/ksproducts.ca\/product\/culinary-series-square-basting-dome\/"},"modified":"2026-04-04T14:20:08","modified_gmt":"2026-04-04T14:20:08","slug":"serie-culinaire-dome-a-rotir-carre","status":"publish","type":"product","link":"https:\/\/ksproducts.ca\/fr\/product\/culinary-series-square-basting-dome\/","title":{"rendered":"Blackstone Culinary Series Couvercle \u00e0 r\u00f4tir en forme de d\u00f4me"},"content":{"rendered":"<ul>\n<li>Anse \u00e0 badigeonner carr\u00e9e de 10\u201d x 10<\/li>\n<li>Construction en acier inoxydable<\/li>\n<li>Poign\u00e9e r\u00e9sistante \u00e0 la chaleur<\/li>\n<li>Faire fondre rapidement le fromage sur les hamburgers<\/li>\n<li>L\u00e9gumes \u00e0 la vapeur<\/li>\n<li>Pr\u00e9venir les \u00e9claboussures de graisse<\/li>\n<li>Lavable au lave-vaisselle<\/li>\n<li>Cadeau id\u00e9al pour tout amateur de barbecue ou de grillade<\/li>\n<\/ul>","protected":false},"excerpt":{"rendered":"<p>Utilisez le couvercle rond \u00e0 badigeonner Blackstone 10\u2033 pour faire fondre le fromage rapidement et facilement sur les hamburgers ou les Philly Cheesesteaks. Faites cuire les l\u00e9gumes \u00e0 la vapeur et cr\u00e9ez un environnement semblable \u00e0 celui d'un four pour r\u00e9duire le temps de cuisson. La poign\u00e9e r\u00e9sistante \u00e0 la chaleur reste froide au toucher. Parfait pour une utilisation sur une plaque ou un gril.<\/p>","protected":false},"featured_media":8293,"comment_status":"closed","ping_status":"closed","template":"","meta":[],"product_cat":[436,441],"product_tag":[],"class_list":{"0":"post-5836","1":"product","2":"type-product","3":"status-publish","4":"has-post-thumbnail","6":"product_brand-blackstone","7":"product_cat-accessories","8":"product_cat-essential-extras","9":"product_shipping_class-class-1","11":"first","12":"instock","13":"taxable","14":"shipping-taxable","15":"purchasable","16":"product-type-simple"},"yoast_head":"<!-- This site is optimized with the Yoast SEO plugin v27.3 - https:\/\/yoast.com\/product\/yoast-seo-wordpress\/ -->\n<title>Blackstone Culinary Series Dome Basting Cover - Ks Products<\/title>\n<meta name=\"robots\" content=\"index, follow, max-snippet:-1, max-image-preview:large, max-video-preview:-1\" \/>\n<link rel=\"canonical\" href=\"https:\/\/ksproducts.ca\/fr\/product\/serie-culinaire-dome-a-rotir-carre\/\" \/>\n<meta property=\"og:locale\" content=\"fr_CA\" \/>\n<meta property=\"og:type\" content=\"article\" \/>\n<meta property=\"og:title\" content=\"Blackstone Culinary Series Dome Basting Cover - Ks Products\" \/>\n<meta property=\"og:description\" content=\"Use the Blackstone 10&quot; Round Basting Cover to melt cheese quickly and easily on hamburgers or Philly Cheesesteaks.\u00a0Steam vegetables\u00a0and create an oven like environment to\u00a0reduce cooking time. The heat-resistant handle will stay cool to the touch. Perfect for use on a\u00a0griddle or grill.Dishwasher Safe\" \/>\n<meta property=\"og:url\" content=\"https:\/\/ksproducts.ca\/fr\/product\/serie-culinaire-dome-a-rotir-carre\/\" \/>\n<meta property=\"og:site_name\" content=\"Ks Products\" \/>\n<meta property=\"article:modified_time\" content=\"2026-04-04T14:20:08+00:00\" \/>\n<meta property=\"og:image\" content=\"https:\/\/ksproducts.ca\/wp-content\/uploads\/2024\/04\/5327.png\" \/>\n\t<meta property=\"og:image:width\" content=\"337\" \/>\n\t<meta property=\"og:image:height\" content=\"310\" \/>\n\t<meta property=\"og:image:type\" content=\"image\/png\" \/>\n<meta name=\"twitter:card\" content=\"summary_large_image\" \/>\n<meta name=\"twitter:label1\" content=\"Estimation du temps de lecture\" \/>\n\t<meta name=\"twitter:data1\" content=\"1 minute\" \/>\n<script type=\"application\/ld+json\" class=\"yoast-schema-graph\">{\"@context\":\"https:\\\/\\\/schema.org\",\"@graph\":[{\"@type\":\"WebPage\",\"@id\":\"https:\\\/\\\/ksproducts.ca\\\/product\\\/culinary-series-square-basting-dome\\\/\",\"url\":\"https:\\\/\\\/ksproducts.ca\\\/product\\\/culinary-series-square-basting-dome\\\/\",\"name\":\"Blackstone Culinary Series Dome Basting Cover - Ks Products\",\"isPartOf\":{\"@id\":\"https:\\\/\\\/ksproducts.ca\\\/#website\"},\"primaryImageOfPage\":{\"@id\":\"https:\\\/\\\/ksproducts.ca\\\/product\\\/culinary-series-square-basting-dome\\\/#primaryimage\"},\"image\":{\"@id\":\"https:\\\/\\\/ksproducts.ca\\\/product\\\/culinary-series-square-basting-dome\\\/#primaryimage\"},\"thumbnailUrl\":\"https:\\\/\\\/ksproducts.ca\\\/wp-content\\\/uploads\\\/2024\\\/04\\\/5327.png\",\"datePublished\":\"2023-03-27T21:42:19+00:00\",\"dateModified\":\"2026-04-04T14:20:08+00:00\",\"breadcrumb\":{\"@id\":\"https:\\\/\\\/ksproducts.ca\\\/product\\\/culinary-series-square-basting-dome\\\/#breadcrumb\"},\"inLanguage\":\"fr-CA\",\"potentialAction\":[{\"@type\":\"ReadAction\",\"target\":[\"https:\\\/\\\/ksproducts.ca\\\/product\\\/culinary-series-square-basting-dome\\\/\"]}]},{\"@type\":\"ImageObject\",\"inLanguage\":\"fr-CA\",\"@id\":\"https:\\\/\\\/ksproducts.ca\\\/product\\\/culinary-series-square-basting-dome\\\/#primaryimage\",\"url\":\"https:\\\/\\\/ksproducts.ca\\\/wp-content\\\/uploads\\\/2024\\\/04\\\/5327.png\",\"contentUrl\":\"https:\\\/\\\/ksproducts.ca\\\/wp-content\\\/uploads\\\/2024\\\/04\\\/5327.png\",\"width\":337,\"height\":310,\"caption\":\"Blackstone 22inch E-Series Electric Tabletop Griddle\"},{\"@type\":\"BreadcrumbList\",\"@id\":\"https:\\\/\\\/ksproducts.ca\\\/product\\\/culinary-series-square-basting-dome\\\/#breadcrumb\",\"itemListElement\":[{\"@type\":\"ListItem\",\"position\":1,\"name\":\"Home\",\"item\":\"https:\\\/\\\/ksproducts.ca\\\/\"},{\"@type\":\"ListItem\",\"position\":2,\"name\":\"Shop\",\"item\":\"https:\\\/\\\/ksproducts.ca\\\/shop\\\/\"},{\"@type\":\"ListItem\",\"position\":3,\"name\":\"Blackstone Culinary Series Dome Basting Cover\"}]},{\"@type\":\"WebSite\",\"@id\":\"https:\\\/\\\/ksproducts.ca\\\/#website\",\"url\":\"https:\\\/\\\/ksproducts.ca\\\/\",\"name\":\"Ks Products\",\"description\":\"Outdoor cooking and living, made easy in Canada\",\"publisher\":{\"@id\":\"https:\\\/\\\/ksproducts.ca\\\/#organization\"},\"potentialAction\":[{\"@type\":\"SearchAction\",\"target\":{\"@type\":\"EntryPoint\",\"urlTemplate\":\"https:\\\/\\\/ksproducts.ca\\\/?s={search_term_string}\"},\"query-input\":{\"@type\":\"PropertyValueSpecification\",\"valueRequired\":true,\"valueName\":\"search_term_string\"}}],\"inLanguage\":\"fr-CA\"},{\"@type\":\"Organization\",\"@id\":\"https:\\\/\\\/ksproducts.ca\\\/#organization\",\"name\":\"Ks Products\",\"url\":\"https:\\\/\\\/ksproducts.ca\\\/\",\"logo\":{\"@type\":\"ImageObject\",\"inLanguage\":\"fr-CA\",\"@id\":\"https:\\\/\\\/ksproducts.ca\\\/#\\\/schema\\\/logo\\\/image\\\/\",\"url\":\"https:\\\/\\\/ksproducts.ca\\\/wp-content\\\/uploads\\\/2023\\\/09\\\/Kennedy-Sales-Logo-header-1.png\",\"contentUrl\":\"https:\\\/\\\/ksproducts.ca\\\/wp-content\\\/uploads\\\/2023\\\/09\\\/Kennedy-Sales-Logo-header-1.png\",\"width\":150,\"height\":77,\"caption\":\"Ks Products\"},\"image\":{\"@id\":\"https:\\\/\\\/ksproducts.ca\\\/#\\\/schema\\\/logo\\\/image\\\/\"}}]}<\/script>\n<!-- \/ Yoast SEO plugin. -->","yoast_head_json":{"title":"Blackstone Culinary Series Dome Basting Cover - Ks Products","robots":{"index":"index","follow":"follow","max-snippet":"max-snippet:-1","max-image-preview":"max-image-preview:large","max-video-preview":"max-video-preview:-1"},"canonical":"https:\/\/ksproducts.ca\/fr\/product\/serie-culinaire-dome-a-rotir-carre\/","og_locale":"fr_CA","og_type":"article","og_title":"Blackstone Culinary Series Dome Basting Cover - Ks Products","og_description":"Use the Blackstone 10\" Round Basting Cover to melt cheese quickly and easily on hamburgers or Philly Cheesesteaks.\u00a0Steam vegetables\u00a0and create an oven like environment to\u00a0reduce cooking time. The heat-resistant handle will stay cool to the touch. Perfect for use on a\u00a0griddle or grill.Dishwasher Safe","og_url":"https:\/\/ksproducts.ca\/fr\/product\/serie-culinaire-dome-a-rotir-carre\/","og_site_name":"Ks Products","article_modified_time":"2026-04-04T14:20:08+00:00","og_image":[{"width":337,"height":310,"url":"https:\/\/ksproducts.ca\/wp-content\/uploads\/2024\/04\/5327.png","type":"image\/png"}],"twitter_card":"summary_large_image","twitter_misc":{"Estimation du temps de lecture":"1 minute"},"schema":{"@context":"https:\/\/schema.org","@graph":[{"@type":"WebPage","@id":"https:\/\/ksproducts.ca\/product\/culinary-series-square-basting-dome\/","url":"https:\/\/ksproducts.ca\/product\/culinary-series-square-basting-dome\/","name":"Blackstone Culinary Series Dome Basting Cover - Ks Products","isPartOf":{"@id":"https:\/\/ksproducts.ca\/#website"},"primaryImageOfPage":{"@id":"https:\/\/ksproducts.ca\/product\/culinary-series-square-basting-dome\/#primaryimage"},"image":{"@id":"https:\/\/ksproducts.ca\/product\/culinary-series-square-basting-dome\/#primaryimage"},"thumbnailUrl":"https:\/\/ksproducts.ca\/wp-content\/uploads\/2024\/04\/5327.png","datePublished":"2023-03-27T21:42:19+00:00","dateModified":"2026-04-04T14:20:08+00:00","breadcrumb":{"@id":"https:\/\/ksproducts.ca\/product\/culinary-series-square-basting-dome\/#breadcrumb"},"inLanguage":"fr-CA","potentialAction":[{"@type":"ReadAction","target":["https:\/\/ksproducts.ca\/product\/culinary-series-square-basting-dome\/"]}]},{"@type":"ImageObject","inLanguage":"fr-CA","@id":"https:\/\/ksproducts.ca\/product\/culinary-series-square-basting-dome\/#primaryimage","url":"https:\/\/ksproducts.ca\/wp-content\/uploads\/2024\/04\/5327.png","contentUrl":"https:\/\/ksproducts.ca\/wp-content\/uploads\/2024\/04\/5327.png","width":337,"height":310,"caption":"Blackstone 22inch E-Series Electric Tabletop Griddle"},{"@type":"BreadcrumbList","@id":"https:\/\/ksproducts.ca\/product\/culinary-series-square-basting-dome\/#breadcrumb","itemListElement":[{"@type":"ListItem","position":1,"name":"Home","item":"https:\/\/ksproducts.ca\/"},{"@type":"ListItem","position":2,"name":"Shop","item":"https:\/\/ksproducts.ca\/shop\/"},{"@type":"ListItem","position":3,"name":"Blackstone Culinary Series Dome Basting Cover"}]},{"@type":"WebSite","@id":"https:\/\/ksproducts.ca\/#website","url":"https:\/\/ksproducts.ca\/","name":"Produits Ks","description":"Cuisiner et vivre en plein air, c'est facile au Canada","publisher":{"@id":"https:\/\/ksproducts.ca\/#organization"},"potentialAction":[{"@type":"SearchAction","target":{"@type":"EntryPoint","urlTemplate":"https:\/\/ksproducts.ca\/?s={search_term_string}"},"query-input":{"@type":"PropertyValueSpecification","valueRequired":true,"valueName":"search_term_string"}}],"inLanguage":"fr-CA"},{"@type":"Organization","@id":"https:\/\/ksproducts.ca\/#organization","name":"Produits Ks","url":"https:\/\/ksproducts.ca\/","logo":{"@type":"ImageObject","inLanguage":"fr-CA","@id":"https:\/\/ksproducts.ca\/#\/schema\/logo\/image\/","url":"https:\/\/ksproducts.ca\/wp-content\/uploads\/2023\/09\/Kennedy-Sales-Logo-header-1.png","contentUrl":"https:\/\/ksproducts.ca\/wp-content\/uploads\/2023\/09\/Kennedy-Sales-Logo-header-1.png","width":150,"height":77,"caption":"Ks Products"},"image":{"@id":"https:\/\/ksproducts.ca\/#\/schema\/logo\/image\/"}}]}},"_links":{"self":[{"href":"https:\/\/ksproducts.ca\/fr\/wp-json\/wp\/v2\/product\/5836","targetHints":{"allow":["GET"]}}],"collection":[{"href":"https:\/\/ksproducts.ca\/fr\/wp-json\/wp\/v2\/product"}],"about":[{"href":"https:\/\/ksproducts.ca\/fr\/wp-json\/wp\/v2\/types\/product"}],"replies":[{"embeddable":true,"href":"https:\/\/ksproducts.ca\/fr\/wp-json\/wp\/v2\/comments?post=5836"}],"version-history":[{"count":4,"href":"https:\/\/ksproducts.ca\/fr\/wp-json\/wp\/v2\/product\/5836\/revisions"}],"predecessor-version":[{"id":10626,"href":"https:\/\/ksproducts.ca\/fr\/wp-json\/wp\/v2\/product\/5836\/revisions\/10626"}],"wp:featuredmedia":[{"embeddable":true,"href":"https:\/\/ksproducts.ca\/fr\/wp-json\/wp\/v2\/media\/8293"}],"wp:attachment":[{"href":"https:\/\/ksproducts.ca\/fr\/wp-json\/wp\/v2\/media?parent=5836"}],"wp:term":[{"taxonomy":"product_cat","embeddable":true,"href":"https:\/\/ksproducts.ca\/fr\/wp-json\/wp\/v2\/product_cat?post=5836"},{"taxonomy":"product_tag","embeddable":true,"href":"https:\/\/ksproducts.ca\/fr\/wp-json\/wp\/v2\/product_tag?post=5836"}],"curies":[{"name":"wp","href":"https:\/\/api.w.org\/{rel}","templated":true}]}}