{"id":5838,"date":"2023-03-27T21:42:19","date_gmt":"2023-03-27T21:42:19","guid":{"rendered":"https:\/\/ksproducts.ca\/product\/culinary-series-burger-kit-4pc\/"},"modified":"2026-04-11T10:01:55","modified_gmt":"2026-04-11T10:01:55","slug":"serie-culinaire-kit-burger-4pc","status":"publish","type":"product","link":"https:\/\/ksproducts.ca\/fr\/product\/culinary-series-burger-kit-4pc\/","title":{"rendered":"Blackstone Culinary Series 4-Piece Smash Burger Accessory Kit (Kit d'accessoires Smash Burger)"},"content":{"rendered":"<ul>\n<li>Une (1) spatule pour gril XL<\/li>\n<li>Poign\u00e9es en plastique r\u00e9sistant \u00e0 la chaleur<\/li>\n<li>Papier sulfuris\u00e9 antiadh\u00e9sif 8 \u201dx8\u201d (25)<\/li>\n<li>Un (1) outil de pressage et de saisie des burgers<\/li>\n<li>Un d\u00f4me \u00e0 badigeonner de 12\u201d de diam\u00e8tre<\/li>\n<\/ul>","protected":false},"excerpt":{"rendered":"<p>Presser, assaisonner et retourner, telle est la formule en trois \u00e9tapes de Blackstone pour obtenir un hamburger parfaitement d\u00e9licieux. Ce kit comprend l'outil Press &amp; Sear Burger, un d\u00f4me d'arrosage de 12 pouces, une spatule \u00e0 hamburger XL et du papier sulfuris\u00e9 antiadh\u00e9sif de 8 x 8 pouces (25 feuilles). En pressant et en saisissant vos hamburgers, vous en emprisonnez toute la saveur, tout en cr\u00e9ant cette cro\u00fbte de hamburger tr\u00e8s convoit\u00e9e. La large spatule \u00e0 hamburger Blackstone est id\u00e9ale pour retourner ces hamburgers et steaks monstrueux. Le papier sulfuris\u00e9 est parfait pour tapisser vos ustensiles de cuisine et pr\u00e9parer des hamburgers. Ce papier parchemin est s\u00fbr jusqu'\u00e0 420 degr\u00e9s Fahrenheit. De plus, sa nature r\u00e9sistante \u00e0 la graisse et \u00e0 l'humidit\u00e9 le rend id\u00e9al pour la cuisson du poisson et le r\u00f4tissage des l\u00e9gumes.<\/p>","protected":false},"featured_media":8291,"comment_status":"closed","ping_status":"closed","template":"","meta":[],"product_cat":[436,438],"product_tag":[404],"class_list":{"0":"post-5838","1":"product","2":"type-product","3":"status-publish","4":"has-post-thumbnail","6":"product_brand-blackstone","7":"product_cat-accessories","8":"product_cat-tools-kits","9":"product_tag-griddle-week","10":"product_shipping_class-class-1","12":"first","13":"instock","14":"taxable","15":"shipping-taxable","16":"purchasable","17":"product-type-simple"},"yoast_head":"<!-- This site is optimized with the Yoast SEO plugin v27.3 - https:\/\/yoast.com\/product\/yoast-seo-wordpress\/ -->\n<title>Blackstone Culinary Series 4-Piece Smash Burger Accessory Kit - Ks Products<\/title>\n<meta name=\"robots\" content=\"index, follow, max-snippet:-1, max-image-preview:large, max-video-preview:-1\" \/>\n<link rel=\"canonical\" href=\"https:\/\/ksproducts.ca\/fr\/product\/serie-culinaire-kit-burger-4pc\/\" \/>\n<meta property=\"og:locale\" content=\"fr_CA\" \/>\n<meta property=\"og:type\" content=\"article\" \/>\n<meta property=\"og:title\" content=\"Blackstone Culinary Series 4-Piece Smash Burger Accessory Kit - Ks Products\" \/>\n<meta property=\"og:description\" content=\"Press, season, and flip, the three step Blackstone formula to a perfectly delicious hamburger. This kit features our Press &amp; Sear Burger Tool, 12\u201d Basting Dome, XL Hamburger Spatula, and 8\u201dx8\u201d Non-Stick Parchment Paper (25 sheets).The act of smashing your burger is a technique used around the world in the best burger joints. By pressing and searing your burgers you lock in all the flavor, while simultaneously creating that coveted smash burger crust. The Blackstone heavy duty wide Hamburger Spatula is ideal for flipping over those monster burgers and steaks. The parchment paper is perfect for lining your cookware and making smash burgers. This parchment paper is safe up to 420 degrees Fahrenheit.\u00a0Plus, its grease and moisture-resistant nature makes it\u00a0great for cooking fish and roasting vegetables.\" \/>\n<meta property=\"og:url\" content=\"https:\/\/ksproducts.ca\/fr\/product\/serie-culinaire-kit-burger-4pc\/\" \/>\n<meta property=\"og:site_name\" content=\"Ks Products\" \/>\n<meta property=\"article:modified_time\" content=\"2026-04-11T10:01:55+00:00\" \/>\n<meta property=\"og:image\" content=\"https:\/\/ksproducts.ca\/wp-content\/uploads\/2024\/04\/5326-1-jpg.webp\" \/>\n\t<meta property=\"og:image:width\" content=\"587\" \/>\n\t<meta property=\"og:image:height\" content=\"586\" \/>\n\t<meta property=\"og:image:type\" content=\"image\/jpeg\" \/>\n<meta name=\"twitter:card\" content=\"summary_large_image\" \/>\n<meta name=\"twitter:label1\" content=\"Estimation du temps de lecture\" \/>\n\t<meta name=\"twitter:data1\" content=\"1 minute\" \/>\n<script type=\"application\/ld+json\" class=\"yoast-schema-graph\">{\"@context\":\"https:\\\/\\\/schema.org\",\"@graph\":[{\"@type\":\"WebPage\",\"@id\":\"https:\\\/\\\/ksproducts.ca\\\/product\\\/culinary-series-burger-kit-4pc\\\/\",\"url\":\"https:\\\/\\\/ksproducts.ca\\\/product\\\/culinary-series-burger-kit-4pc\\\/\",\"name\":\"Blackstone Culinary Series 4-Piece Smash Burger Accessory Kit - Ks Products\",\"isPartOf\":{\"@id\":\"https:\\\/\\\/ksproducts.ca\\\/#website\"},\"primaryImageOfPage\":{\"@id\":\"https:\\\/\\\/ksproducts.ca\\\/product\\\/culinary-series-burger-kit-4pc\\\/#primaryimage\"},\"image\":{\"@id\":\"https:\\\/\\\/ksproducts.ca\\\/product\\\/culinary-series-burger-kit-4pc\\\/#primaryimage\"},\"thumbnailUrl\":\"https:\\\/\\\/ksproducts.ca\\\/wp-content\\\/uploads\\\/2024\\\/04\\\/5326-1-jpg.webp\",\"datePublished\":\"2023-03-27T21:42:19+00:00\",\"dateModified\":\"2026-04-11T10:01:55+00:00\",\"breadcrumb\":{\"@id\":\"https:\\\/\\\/ksproducts.ca\\\/product\\\/culinary-series-burger-kit-4pc\\\/#breadcrumb\"},\"inLanguage\":\"fr-CA\",\"potentialAction\":[{\"@type\":\"ReadAction\",\"target\":[\"https:\\\/\\\/ksproducts.ca\\\/product\\\/culinary-series-burger-kit-4pc\\\/\"]}]},{\"@type\":\"ImageObject\",\"inLanguage\":\"fr-CA\",\"@id\":\"https:\\\/\\\/ksproducts.ca\\\/product\\\/culinary-series-burger-kit-4pc\\\/#primaryimage\",\"url\":\"https:\\\/\\\/ksproducts.ca\\\/wp-content\\\/uploads\\\/2024\\\/04\\\/5326-1-jpg.webp\",\"contentUrl\":\"https:\\\/\\\/ksproducts.ca\\\/wp-content\\\/uploads\\\/2024\\\/04\\\/5326-1-jpg.webp\",\"width\":587,\"height\":586,\"caption\":\"Blackstone Culinary Series 4-Piece Smash Burger Accessory Kit\"},{\"@type\":\"BreadcrumbList\",\"@id\":\"https:\\\/\\\/ksproducts.ca\\\/product\\\/culinary-series-burger-kit-4pc\\\/#breadcrumb\",\"itemListElement\":[{\"@type\":\"ListItem\",\"position\":1,\"name\":\"Home\",\"item\":\"https:\\\/\\\/ksproducts.ca\\\/\"},{\"@type\":\"ListItem\",\"position\":2,\"name\":\"Shop\",\"item\":\"https:\\\/\\\/ksproducts.ca\\\/shop\\\/\"},{\"@type\":\"ListItem\",\"position\":3,\"name\":\"Blackstone Culinary Series 4-Piece Smash Burger Accessory Kit\"}]},{\"@type\":\"WebSite\",\"@id\":\"https:\\\/\\\/ksproducts.ca\\\/#website\",\"url\":\"https:\\\/\\\/ksproducts.ca\\\/\",\"name\":\"Ks Products\",\"description\":\"Outdoor cooking and living, made easy in Canada\",\"publisher\":{\"@id\":\"https:\\\/\\\/ksproducts.ca\\\/#organization\"},\"potentialAction\":[{\"@type\":\"SearchAction\",\"target\":{\"@type\":\"EntryPoint\",\"urlTemplate\":\"https:\\\/\\\/ksproducts.ca\\\/?s={search_term_string}\"},\"query-input\":{\"@type\":\"PropertyValueSpecification\",\"valueRequired\":true,\"valueName\":\"search_term_string\"}}],\"inLanguage\":\"fr-CA\"},{\"@type\":\"Organization\",\"@id\":\"https:\\\/\\\/ksproducts.ca\\\/#organization\",\"name\":\"Ks Products\",\"url\":\"https:\\\/\\\/ksproducts.ca\\\/\",\"logo\":{\"@type\":\"ImageObject\",\"inLanguage\":\"fr-CA\",\"@id\":\"https:\\\/\\\/ksproducts.ca\\\/#\\\/schema\\\/logo\\\/image\\\/\",\"url\":\"https:\\\/\\\/ksproducts.ca\\\/wp-content\\\/uploads\\\/2023\\\/09\\\/Kennedy-Sales-Logo-header-1.png\",\"contentUrl\":\"https:\\\/\\\/ksproducts.ca\\\/wp-content\\\/uploads\\\/2023\\\/09\\\/Kennedy-Sales-Logo-header-1.png\",\"width\":150,\"height\":77,\"caption\":\"Ks Products\"},\"image\":{\"@id\":\"https:\\\/\\\/ksproducts.ca\\\/#\\\/schema\\\/logo\\\/image\\\/\"}}]}<\/script>\n<!-- \/ Yoast SEO plugin. -->","yoast_head_json":{"title":"Blackstone Culinary Series 4-Piece Smash Burger Accessory Kit - Ks Products","robots":{"index":"index","follow":"follow","max-snippet":"max-snippet:-1","max-image-preview":"max-image-preview:large","max-video-preview":"max-video-preview:-1"},"canonical":"https:\/\/ksproducts.ca\/fr\/product\/serie-culinaire-kit-burger-4pc\/","og_locale":"fr_CA","og_type":"article","og_title":"Blackstone Culinary Series 4-Piece Smash Burger Accessory Kit - Ks Products","og_description":"Press, season, and flip, the three step Blackstone formula to a perfectly delicious hamburger. This kit features our Press &amp; Sear Burger Tool, 12\u201d Basting Dome, XL Hamburger Spatula, and 8\u201dx8\u201d Non-Stick Parchment Paper (25 sheets).The act of smashing your burger is a technique used around the world in the best burger joints. By pressing and searing your burgers you lock in all the flavor, while simultaneously creating that coveted smash burger crust. The Blackstone heavy duty wide Hamburger Spatula is ideal for flipping over those monster burgers and steaks. The parchment paper is perfect for lining your cookware and making smash burgers. This parchment paper is safe up to 420 degrees Fahrenheit.\u00a0Plus, its grease and moisture-resistant nature makes it\u00a0great for cooking fish and roasting vegetables.","og_url":"https:\/\/ksproducts.ca\/fr\/product\/serie-culinaire-kit-burger-4pc\/","og_site_name":"Ks Products","article_modified_time":"2026-04-11T10:01:55+00:00","og_image":[{"width":587,"height":586,"url":"https:\/\/ksproducts.ca\/wp-content\/uploads\/2024\/04\/5326-1-jpg.webp","type":"image\/jpeg"}],"twitter_card":"summary_large_image","twitter_misc":{"Estimation du temps de lecture":"1 minute"},"schema":{"@context":"https:\/\/schema.org","@graph":[{"@type":"WebPage","@id":"https:\/\/ksproducts.ca\/product\/culinary-series-burger-kit-4pc\/","url":"https:\/\/ksproducts.ca\/product\/culinary-series-burger-kit-4pc\/","name":"Blackstone Culinary Series 4-Piece Smash Burger Accessory Kit - Ks Products","isPartOf":{"@id":"https:\/\/ksproducts.ca\/#website"},"primaryImageOfPage":{"@id":"https:\/\/ksproducts.ca\/product\/culinary-series-burger-kit-4pc\/#primaryimage"},"image":{"@id":"https:\/\/ksproducts.ca\/product\/culinary-series-burger-kit-4pc\/#primaryimage"},"thumbnailUrl":"https:\/\/ksproducts.ca\/wp-content\/uploads\/2024\/04\/5326-1-jpg.webp","datePublished":"2023-03-27T21:42:19+00:00","dateModified":"2026-04-11T10:01:55+00:00","breadcrumb":{"@id":"https:\/\/ksproducts.ca\/product\/culinary-series-burger-kit-4pc\/#breadcrumb"},"inLanguage":"fr-CA","potentialAction":[{"@type":"ReadAction","target":["https:\/\/ksproducts.ca\/product\/culinary-series-burger-kit-4pc\/"]}]},{"@type":"ImageObject","inLanguage":"fr-CA","@id":"https:\/\/ksproducts.ca\/product\/culinary-series-burger-kit-4pc\/#primaryimage","url":"https:\/\/ksproducts.ca\/wp-content\/uploads\/2024\/04\/5326-1-jpg.webp","contentUrl":"https:\/\/ksproducts.ca\/wp-content\/uploads\/2024\/04\/5326-1-jpg.webp","width":587,"height":586,"caption":"Blackstone Culinary Series 4-Piece Smash Burger Accessory Kit"},{"@type":"BreadcrumbList","@id":"https:\/\/ksproducts.ca\/product\/culinary-series-burger-kit-4pc\/#breadcrumb","itemListElement":[{"@type":"ListItem","position":1,"name":"Home","item":"https:\/\/ksproducts.ca\/"},{"@type":"ListItem","position":2,"name":"Shop","item":"https:\/\/ksproducts.ca\/shop\/"},{"@type":"ListItem","position":3,"name":"Blackstone Culinary Series 4-Piece Smash Burger Accessory Kit"}]},{"@type":"WebSite","@id":"https:\/\/ksproducts.ca\/#website","url":"https:\/\/ksproducts.ca\/","name":"Produits Ks","description":"Cuisiner et vivre en plein air, c'est facile au Canada","publisher":{"@id":"https:\/\/ksproducts.ca\/#organization"},"potentialAction":[{"@type":"SearchAction","target":{"@type":"EntryPoint","urlTemplate":"https:\/\/ksproducts.ca\/?s={search_term_string}"},"query-input":{"@type":"PropertyValueSpecification","valueRequired":true,"valueName":"search_term_string"}}],"inLanguage":"fr-CA"},{"@type":"Organization","@id":"https:\/\/ksproducts.ca\/#organization","name":"Produits Ks","url":"https:\/\/ksproducts.ca\/","logo":{"@type":"ImageObject","inLanguage":"fr-CA","@id":"https:\/\/ksproducts.ca\/#\/schema\/logo\/image\/","url":"https:\/\/ksproducts.ca\/wp-content\/uploads\/2023\/09\/Kennedy-Sales-Logo-header-1.png","contentUrl":"https:\/\/ksproducts.ca\/wp-content\/uploads\/2023\/09\/Kennedy-Sales-Logo-header-1.png","width":150,"height":77,"caption":"Ks Products"},"image":{"@id":"https:\/\/ksproducts.ca\/#\/schema\/logo\/image\/"}}]}},"_links":{"self":[{"href":"https:\/\/ksproducts.ca\/fr\/wp-json\/wp\/v2\/product\/5838","targetHints":{"allow":["GET"]}}],"collection":[{"href":"https:\/\/ksproducts.ca\/fr\/wp-json\/wp\/v2\/product"}],"about":[{"href":"https:\/\/ksproducts.ca\/fr\/wp-json\/wp\/v2\/types\/product"}],"replies":[{"embeddable":true,"href":"https:\/\/ksproducts.ca\/fr\/wp-json\/wp\/v2\/comments?post=5838"}],"version-history":[{"count":3,"href":"https:\/\/ksproducts.ca\/fr\/wp-json\/wp\/v2\/product\/5838\/revisions"}],"predecessor-version":[{"id":10628,"href":"https:\/\/ksproducts.ca\/fr\/wp-json\/wp\/v2\/product\/5838\/revisions\/10628"}],"wp:featuredmedia":[{"embeddable":true,"href":"https:\/\/ksproducts.ca\/fr\/wp-json\/wp\/v2\/media\/8291"}],"wp:attachment":[{"href":"https:\/\/ksproducts.ca\/fr\/wp-json\/wp\/v2\/media?parent=5838"}],"wp:term":[{"taxonomy":"product_cat","embeddable":true,"href":"https:\/\/ksproducts.ca\/fr\/wp-json\/wp\/v2\/product_cat?post=5838"},{"taxonomy":"product_tag","embeddable":true,"href":"https:\/\/ksproducts.ca\/fr\/wp-json\/wp\/v2\/product_tag?post=5838"}],"curies":[{"name":"wp","href":"https:\/\/api.w.org\/{rel}","templated":true}]}}