{"id":5859,"date":"2023-03-27T21:42:38","date_gmt":"2023-03-27T21:42:38","guid":{"rendered":"https:\/\/ksproducts.ca\/product\/e-series-3-pc-griddle-tool-kit\/"},"modified":"2026-01-14T17:09:14","modified_gmt":"2026-01-14T17:09:14","slug":"kit-doutils-pour-plaques-de-cuisson-serie-e-3-pieces","status":"publish","type":"product","link":"https:\/\/ksproducts.ca\/fr\/product\/e-series-3-pc-griddle-tool-kit\/","title":{"rendered":"E-SERIES 3 PC GRIDDLE TOOL KIT"},"content":{"rendered":"<ul>\n<li>Lavable au lave-vaisselle<\/li>\n<li>R\u00e9sistant \u00e0 la chaleur<\/li>\n<li>Compatible avec l'induction<\/li>\n<li>Compatible avec les produits antiadh\u00e9sifs<\/li>\n<li>Spatules \u00e0 bords biseaut\u00e9s<\/li>\n<li>(1) paire de pinces<\/li>\n<li>(2) spatules<\/li>\n<\/ul>","protected":false},"excerpt":{"rendered":"<p>Sp\u00e9cialement con\u00e7u pour nos nouvelles plaques de cuisson de la s\u00e9rie E, cet ensemble de trois pi\u00e8ces vous permettra de cuisiner comme un pro sans craindre de rayer ou d'endommager votre plaque. Lorsque vous avez termin\u00e9, passez-les simplement au lave-vaisselle pour un nettoyage simple et facile.<\/p>","protected":false},"featured_media":8281,"comment_status":"closed","ping_status":"closed","template":"","meta":[],"product_cat":[438],"product_tag":[],"class_list":{"0":"post-5859","1":"product","2":"type-product","3":"status-publish","4":"has-post-thumbnail","6":"product_cat-tools-kits","7":"product_shipping_class-class-1","9":"first","10":"instock","11":"taxable","12":"shipping-taxable","13":"purchasable","14":"product-type-simple"},"yoast_head":"<!-- This site is optimized with the Yoast SEO plugin v27.3 - https:\/\/yoast.com\/product\/yoast-seo-wordpress\/ -->\n<title>E-SERIES 3 PC GRIDDLE TOOL KIT - Ks Products<\/title>\n<meta name=\"robots\" content=\"index, follow, max-snippet:-1, max-image-preview:large, max-video-preview:-1\" \/>\n<link rel=\"canonical\" href=\"https:\/\/ksproducts.ca\/fr\/product\/kit-doutils-pour-plaques-de-cuisson-serie-e-3-pieces\/\" \/>\n<meta property=\"og:locale\" content=\"fr_CA\" \/>\n<meta property=\"og:type\" content=\"article\" \/>\n<meta property=\"og:title\" content=\"E-SERIES 3 PC GRIDDLE TOOL KIT - Ks Products\" \/>\n<meta property=\"og:description\" content=\"Specifically designed to go with our new E-Series griddles, this three-piece set will make sure you can cook like a pro without the fear of scratching or damaging your griddle.Made of a heat resistant nylon, these are the perfect tools to chop, flip, maneuver, and scrape food around the griddle. Then when you are done, simply run them through the dishwasher for a simple and easy clean-up.\" \/>\n<meta property=\"og:url\" content=\"https:\/\/ksproducts.ca\/fr\/product\/kit-doutils-pour-plaques-de-cuisson-serie-e-3-pieces\/\" \/>\n<meta property=\"og:site_name\" content=\"Ks Products\" \/>\n<meta property=\"article:modified_time\" content=\"2026-01-14T17:09:14+00:00\" \/>\n<meta property=\"og:image\" content=\"https:\/\/ksproducts.ca\/wp-content\/uploads\/2024\/04\/8203-jpeg.webp\" \/>\n\t<meta property=\"og:image:width\" content=\"329\" \/>\n\t<meta property=\"og:image:height\" content=\"330\" \/>\n\t<meta property=\"og:image:type\" content=\"image\/jpeg\" \/>\n<meta name=\"twitter:card\" content=\"summary_large_image\" \/>\n<meta name=\"twitter:label1\" content=\"Estimation du temps de lecture\" \/>\n\t<meta name=\"twitter:data1\" content=\"1 minute\" \/>\n<script type=\"application\/ld+json\" class=\"yoast-schema-graph\">{\"@context\":\"https:\\\/\\\/schema.org\",\"@graph\":[{\"@type\":\"WebPage\",\"@id\":\"https:\\\/\\\/ksproducts.ca\\\/product\\\/e-series-3-pc-griddle-tool-kit\\\/\",\"url\":\"https:\\\/\\\/ksproducts.ca\\\/product\\\/e-series-3-pc-griddle-tool-kit\\\/\",\"name\":\"E-SERIES 3 PC GRIDDLE TOOL KIT - Ks Products\",\"isPartOf\":{\"@id\":\"https:\\\/\\\/ksproducts.ca\\\/#website\"},\"primaryImageOfPage\":{\"@id\":\"https:\\\/\\\/ksproducts.ca\\\/product\\\/e-series-3-pc-griddle-tool-kit\\\/#primaryimage\"},\"image\":{\"@id\":\"https:\\\/\\\/ksproducts.ca\\\/product\\\/e-series-3-pc-griddle-tool-kit\\\/#primaryimage\"},\"thumbnailUrl\":\"https:\\\/\\\/ksproducts.ca\\\/wp-content\\\/uploads\\\/2024\\\/04\\\/8203-jpeg.webp\",\"datePublished\":\"2023-03-27T21:42:38+00:00\",\"dateModified\":\"2026-01-14T17:09:14+00:00\",\"breadcrumb\":{\"@id\":\"https:\\\/\\\/ksproducts.ca\\\/product\\\/e-series-3-pc-griddle-tool-kit\\\/#breadcrumb\"},\"inLanguage\":\"fr-CA\",\"potentialAction\":[{\"@type\":\"ReadAction\",\"target\":[\"https:\\\/\\\/ksproducts.ca\\\/product\\\/e-series-3-pc-griddle-tool-kit\\\/\"]}]},{\"@type\":\"ImageObject\",\"inLanguage\":\"fr-CA\",\"@id\":\"https:\\\/\\\/ksproducts.ca\\\/product\\\/e-series-3-pc-griddle-tool-kit\\\/#primaryimage\",\"url\":\"https:\\\/\\\/ksproducts.ca\\\/wp-content\\\/uploads\\\/2024\\\/04\\\/8203-jpeg.webp\",\"contentUrl\":\"https:\\\/\\\/ksproducts.ca\\\/wp-content\\\/uploads\\\/2024\\\/04\\\/8203-jpeg.webp\",\"width\":329,\"height\":330,\"caption\":\"Blackstone E-Series 3-Piece Accessory Kit\"},{\"@type\":\"BreadcrumbList\",\"@id\":\"https:\\\/\\\/ksproducts.ca\\\/product\\\/e-series-3-pc-griddle-tool-kit\\\/#breadcrumb\",\"itemListElement\":[{\"@type\":\"ListItem\",\"position\":1,\"name\":\"Home\",\"item\":\"https:\\\/\\\/ksproducts.ca\\\/\"},{\"@type\":\"ListItem\",\"position\":2,\"name\":\"Shop\",\"item\":\"https:\\\/\\\/ksproducts.ca\\\/shop\\\/\"},{\"@type\":\"ListItem\",\"position\":3,\"name\":\"E-SERIES 3 PC GRIDDLE TOOL KIT\"}]},{\"@type\":\"WebSite\",\"@id\":\"https:\\\/\\\/ksproducts.ca\\\/#website\",\"url\":\"https:\\\/\\\/ksproducts.ca\\\/\",\"name\":\"Ks Products\",\"description\":\"Outdoor cooking and living, made easy in Canada\",\"publisher\":{\"@id\":\"https:\\\/\\\/ksproducts.ca\\\/#organization\"},\"potentialAction\":[{\"@type\":\"SearchAction\",\"target\":{\"@type\":\"EntryPoint\",\"urlTemplate\":\"https:\\\/\\\/ksproducts.ca\\\/?s={search_term_string}\"},\"query-input\":{\"@type\":\"PropertyValueSpecification\",\"valueRequired\":true,\"valueName\":\"search_term_string\"}}],\"inLanguage\":\"fr-CA\"},{\"@type\":\"Organization\",\"@id\":\"https:\\\/\\\/ksproducts.ca\\\/#organization\",\"name\":\"Ks Products\",\"url\":\"https:\\\/\\\/ksproducts.ca\\\/\",\"logo\":{\"@type\":\"ImageObject\",\"inLanguage\":\"fr-CA\",\"@id\":\"https:\\\/\\\/ksproducts.ca\\\/#\\\/schema\\\/logo\\\/image\\\/\",\"url\":\"https:\\\/\\\/ksproducts.ca\\\/wp-content\\\/uploads\\\/2023\\\/09\\\/Kennedy-Sales-Logo-header-1.png\",\"contentUrl\":\"https:\\\/\\\/ksproducts.ca\\\/wp-content\\\/uploads\\\/2023\\\/09\\\/Kennedy-Sales-Logo-header-1.png\",\"width\":150,\"height\":77,\"caption\":\"Ks Products\"},\"image\":{\"@id\":\"https:\\\/\\\/ksproducts.ca\\\/#\\\/schema\\\/logo\\\/image\\\/\"}}]}<\/script>\n<!-- \/ Yoast SEO plugin. -->","yoast_head_json":{"title":"E-SERIES 3 PC GRIDDLE TOOL KIT - Ks Products","robots":{"index":"index","follow":"follow","max-snippet":"max-snippet:-1","max-image-preview":"max-image-preview:large","max-video-preview":"max-video-preview:-1"},"canonical":"https:\/\/ksproducts.ca\/fr\/product\/kit-doutils-pour-plaques-de-cuisson-serie-e-3-pieces\/","og_locale":"fr_CA","og_type":"article","og_title":"E-SERIES 3 PC GRIDDLE TOOL KIT - Ks Products","og_description":"Specifically designed to go with our new E-Series griddles, this three-piece set will make sure you can cook like a pro without the fear of scratching or damaging your griddle.Made of a heat resistant nylon, these are the perfect tools to chop, flip, maneuver, and scrape food around the griddle. Then when you are done, simply run them through the dishwasher for a simple and easy clean-up.","og_url":"https:\/\/ksproducts.ca\/fr\/product\/kit-doutils-pour-plaques-de-cuisson-serie-e-3-pieces\/","og_site_name":"Ks Products","article_modified_time":"2026-01-14T17:09:14+00:00","og_image":[{"width":329,"height":330,"url":"https:\/\/ksproducts.ca\/wp-content\/uploads\/2024\/04\/8203-jpeg.webp","type":"image\/jpeg"}],"twitter_card":"summary_large_image","twitter_misc":{"Estimation du temps de lecture":"1 minute"},"schema":{"@context":"https:\/\/schema.org","@graph":[{"@type":"WebPage","@id":"https:\/\/ksproducts.ca\/product\/e-series-3-pc-griddle-tool-kit\/","url":"https:\/\/ksproducts.ca\/product\/e-series-3-pc-griddle-tool-kit\/","name":"E-SERIES 3 PC GRIDDLE TOOL KIT - Ks Products","isPartOf":{"@id":"https:\/\/ksproducts.ca\/#website"},"primaryImageOfPage":{"@id":"https:\/\/ksproducts.ca\/product\/e-series-3-pc-griddle-tool-kit\/#primaryimage"},"image":{"@id":"https:\/\/ksproducts.ca\/product\/e-series-3-pc-griddle-tool-kit\/#primaryimage"},"thumbnailUrl":"https:\/\/ksproducts.ca\/wp-content\/uploads\/2024\/04\/8203-jpeg.webp","datePublished":"2023-03-27T21:42:38+00:00","dateModified":"2026-01-14T17:09:14+00:00","breadcrumb":{"@id":"https:\/\/ksproducts.ca\/product\/e-series-3-pc-griddle-tool-kit\/#breadcrumb"},"inLanguage":"fr-CA","potentialAction":[{"@type":"ReadAction","target":["https:\/\/ksproducts.ca\/product\/e-series-3-pc-griddle-tool-kit\/"]}]},{"@type":"ImageObject","inLanguage":"fr-CA","@id":"https:\/\/ksproducts.ca\/product\/e-series-3-pc-griddle-tool-kit\/#primaryimage","url":"https:\/\/ksproducts.ca\/wp-content\/uploads\/2024\/04\/8203-jpeg.webp","contentUrl":"https:\/\/ksproducts.ca\/wp-content\/uploads\/2024\/04\/8203-jpeg.webp","width":329,"height":330,"caption":"Blackstone E-Series 3-Piece Accessory Kit"},{"@type":"BreadcrumbList","@id":"https:\/\/ksproducts.ca\/product\/e-series-3-pc-griddle-tool-kit\/#breadcrumb","itemListElement":[{"@type":"ListItem","position":1,"name":"Home","item":"https:\/\/ksproducts.ca\/"},{"@type":"ListItem","position":2,"name":"Shop","item":"https:\/\/ksproducts.ca\/shop\/"},{"@type":"ListItem","position":3,"name":"E-SERIES 3 PC GRIDDLE TOOL KIT"}]},{"@type":"WebSite","@id":"https:\/\/ksproducts.ca\/#website","url":"https:\/\/ksproducts.ca\/","name":"Produits Ks","description":"Cuisiner et vivre en plein air, c'est facile au Canada","publisher":{"@id":"https:\/\/ksproducts.ca\/#organization"},"potentialAction":[{"@type":"SearchAction","target":{"@type":"EntryPoint","urlTemplate":"https:\/\/ksproducts.ca\/?s={search_term_string}"},"query-input":{"@type":"PropertyValueSpecification","valueRequired":true,"valueName":"search_term_string"}}],"inLanguage":"fr-CA"},{"@type":"Organization","@id":"https:\/\/ksproducts.ca\/#organization","name":"Produits Ks","url":"https:\/\/ksproducts.ca\/","logo":{"@type":"ImageObject","inLanguage":"fr-CA","@id":"https:\/\/ksproducts.ca\/#\/schema\/logo\/image\/","url":"https:\/\/ksproducts.ca\/wp-content\/uploads\/2023\/09\/Kennedy-Sales-Logo-header-1.png","contentUrl":"https:\/\/ksproducts.ca\/wp-content\/uploads\/2023\/09\/Kennedy-Sales-Logo-header-1.png","width":150,"height":77,"caption":"Ks Products"},"image":{"@id":"https:\/\/ksproducts.ca\/#\/schema\/logo\/image\/"}}]}},"_links":{"self":[{"href":"https:\/\/ksproducts.ca\/fr\/wp-json\/wp\/v2\/product\/5859","targetHints":{"allow":["GET"]}}],"collection":[{"href":"https:\/\/ksproducts.ca\/fr\/wp-json\/wp\/v2\/product"}],"about":[{"href":"https:\/\/ksproducts.ca\/fr\/wp-json\/wp\/v2\/types\/product"}],"replies":[{"embeddable":true,"href":"https:\/\/ksproducts.ca\/fr\/wp-json\/wp\/v2\/comments?post=5859"}],"version-history":[{"count":2,"href":"https:\/\/ksproducts.ca\/fr\/wp-json\/wp\/v2\/product\/5859\/revisions"}],"predecessor-version":[{"id":9809,"href":"https:\/\/ksproducts.ca\/fr\/wp-json\/wp\/v2\/product\/5859\/revisions\/9809"}],"wp:featuredmedia":[{"embeddable":true,"href":"https:\/\/ksproducts.ca\/fr\/wp-json\/wp\/v2\/media\/8281"}],"wp:attachment":[{"href":"https:\/\/ksproducts.ca\/fr\/wp-json\/wp\/v2\/media?parent=5859"}],"wp:term":[{"taxonomy":"product_cat","embeddable":true,"href":"https:\/\/ksproducts.ca\/fr\/wp-json\/wp\/v2\/product_cat?post=5859"},{"taxonomy":"product_tag","embeddable":true,"href":"https:\/\/ksproducts.ca\/fr\/wp-json\/wp\/v2\/product_tag?post=5859"}],"curies":[{"name":"wp","href":"https:\/\/api.w.org\/{rel}","templated":true}]}}