{"id":5902,"date":"2023-03-27T21:44:06","date_gmt":"2023-03-27T21:44:06","guid":{"rendered":"https:\/\/ksproducts.ca\/product\/infrared-thermometer-and-probe-combo\/"},"modified":"2026-04-11T10:03:30","modified_gmt":"2026-04-11T10:03:30","slug":"thermometre-infrarouge-et-sonde-combines","status":"publish","type":"product","link":"https:\/\/ksproducts.ca\/fr\/product\/infrared-thermometer-and-probe-combo\/","title":{"rendered":"THERMOM\u00c8TRE INFRAROUGE ET SONDE COMBIN\u00c9S"},"content":{"rendered":"<ul>\n<li>Grand \u00e9cran LCD, pour une lecture facile des temp\u00e9ratures<\/li>\n<li>Mesure en degr\u00e9s Celsius ou Fahrenheit<\/li>\n<li>\u201cThermom\u00e8tre infrarouge \u201dpoint-and-shoot\" pour d\u00e9terminer la temp\u00e9rature de surface de la plaque de cuisson<\/li>\n<li>Sonde pliable pour d\u00e9terminer la temp\u00e9rature interne des aliments<\/li>\n<\/ul>","protected":false},"excerpt":{"rendered":"<p>Ne devinez plus la temp\u00e9rature de vos aliments et utilisez le thermom\u00e8tre infrarouge. Ce thermom\u00e8tre vous permet de \u201cpointer et tirer\u201d pour obtenir une lecture de la temp\u00e9rature sur n'importe quelle surface. Ensuite, pendant que vous cuisinez, utilisez la sonde pliable pour d\u00e9terminer la temp\u00e9rature interne de l'aliment. Vous n'aurez plus besoin d'esp\u00e9rer que les aliments soient cuits ou d'\u00eatre surpris par la naus\u00e9e lorsque vous couperez votre steak. Gr\u00e2ce \u00e0 cet outil pratique, vous n'aurez plus besoin de deviner ce qui se passe dans votre cuisine !<\/p>","protected":false},"featured_media":8247,"comment_status":"closed","ping_status":"closed","template":"","meta":[],"product_cat":[441],"product_tag":[],"class_list":{"0":"post-5902","1":"product","2":"type-product","3":"status-publish","4":"has-post-thumbnail","6":"product_cat-essential-extras","7":"product_shipping_class-class-1","9":"first","10":"instock","11":"featured","12":"taxable","13":"shipping-taxable","14":"purchasable","15":"product-type-simple"},"yoast_head":"<!-- This site is optimized with the Yoast SEO plugin v27.3 - https:\/\/yoast.com\/product\/yoast-seo-wordpress\/ -->\n<title>INFRARED THERMOMETER AND PROBE COMBO - Ks Products<\/title>\n<meta name=\"robots\" content=\"index, follow, max-snippet:-1, max-image-preview:large, max-video-preview:-1\" \/>\n<link rel=\"canonical\" href=\"https:\/\/ksproducts.ca\/fr\/product\/thermometre-infrarouge-et-sonde-combines\/\" \/>\n<meta property=\"og:locale\" content=\"fr_CA\" \/>\n<meta property=\"og:type\" content=\"article\" \/>\n<meta property=\"og:title\" content=\"INFRARED THERMOMETER AND PROBE COMBO - Ks Products\" \/>\n<meta property=\"og:description\" content=\"Stop guessing the temperature of your food and use the Infrared Thermometer. This thermometer allows you to \u201cpoint and shoot\u201d to get a read of the temperature on any surface. Then while you are cooking, use the collapsible probe to determine the internal temperature of the food. You can also freeze the last taken temperature for quick reference.You will no longer need to \u201chope the food is done\u201d or be nauseously surprised when cutting into your steak. Take the guessing out of your cooking with this handy tool!\" \/>\n<meta property=\"og:url\" content=\"https:\/\/ksproducts.ca\/fr\/product\/thermometre-infrarouge-et-sonde-combines\/\" \/>\n<meta property=\"og:site_name\" content=\"Ks Products\" \/>\n<meta property=\"article:modified_time\" content=\"2026-04-11T10:03:30+00:00\" \/>\n<meta property=\"og:image\" content=\"https:\/\/ksproducts.ca\/wp-content\/uploads\/2024\/04\/5400_InfaredThermometer_OnWhite-jpg.webp\" \/>\n\t<meta property=\"og:image:width\" content=\"1024\" \/>\n\t<meta property=\"og:image:height\" content=\"1023\" \/>\n\t<meta property=\"og:image:type\" content=\"image\/jpeg\" \/>\n<meta name=\"twitter:card\" content=\"summary_large_image\" \/>\n<script type=\"application\/ld+json\" class=\"yoast-schema-graph\">{\"@context\":\"https:\\\/\\\/schema.org\",\"@graph\":[{\"@type\":\"WebPage\",\"@id\":\"https:\\\/\\\/ksproducts.ca\\\/product\\\/infrared-thermometer-and-probe-combo\\\/\",\"url\":\"https:\\\/\\\/ksproducts.ca\\\/product\\\/infrared-thermometer-and-probe-combo\\\/\",\"name\":\"INFRARED THERMOMETER AND PROBE COMBO - Ks Products\",\"isPartOf\":{\"@id\":\"https:\\\/\\\/ksproducts.ca\\\/#website\"},\"primaryImageOfPage\":{\"@id\":\"https:\\\/\\\/ksproducts.ca\\\/product\\\/infrared-thermometer-and-probe-combo\\\/#primaryimage\"},\"image\":{\"@id\":\"https:\\\/\\\/ksproducts.ca\\\/product\\\/infrared-thermometer-and-probe-combo\\\/#primaryimage\"},\"thumbnailUrl\":\"https:\\\/\\\/ksproducts.ca\\\/wp-content\\\/uploads\\\/2024\\\/04\\\/5400_InfaredThermometer_OnWhite-jpg.webp\",\"datePublished\":\"2023-03-27T21:44:06+00:00\",\"dateModified\":\"2026-04-11T10:03:30+00:00\",\"breadcrumb\":{\"@id\":\"https:\\\/\\\/ksproducts.ca\\\/product\\\/infrared-thermometer-and-probe-combo\\\/#breadcrumb\"},\"inLanguage\":\"fr-CA\",\"potentialAction\":[{\"@type\":\"ReadAction\",\"target\":[\"https:\\\/\\\/ksproducts.ca\\\/product\\\/infrared-thermometer-and-probe-combo\\\/\"]}]},{\"@type\":\"ImageObject\",\"inLanguage\":\"fr-CA\",\"@id\":\"https:\\\/\\\/ksproducts.ca\\\/product\\\/infrared-thermometer-and-probe-combo\\\/#primaryimage\",\"url\":\"https:\\\/\\\/ksproducts.ca\\\/wp-content\\\/uploads\\\/2024\\\/04\\\/5400_InfaredThermometer_OnWhite-jpg.webp\",\"contentUrl\":\"https:\\\/\\\/ksproducts.ca\\\/wp-content\\\/uploads\\\/2024\\\/04\\\/5400_InfaredThermometer_OnWhite-jpg.webp\",\"width\":1024,\"height\":1023,\"caption\":\"Blackstone Original Series Infrared Thermometer with Probe digital screen and buttons\"},{\"@type\":\"BreadcrumbList\",\"@id\":\"https:\\\/\\\/ksproducts.ca\\\/product\\\/infrared-thermometer-and-probe-combo\\\/#breadcrumb\",\"itemListElement\":[{\"@type\":\"ListItem\",\"position\":1,\"name\":\"Home\",\"item\":\"https:\\\/\\\/ksproducts.ca\\\/\"},{\"@type\":\"ListItem\",\"position\":2,\"name\":\"Shop\",\"item\":\"https:\\\/\\\/ksproducts.ca\\\/shop\\\/\"},{\"@type\":\"ListItem\",\"position\":3,\"name\":\"INFRARED THERMOMETER AND PROBE COMBO\"}]},{\"@type\":\"WebSite\",\"@id\":\"https:\\\/\\\/ksproducts.ca\\\/#website\",\"url\":\"https:\\\/\\\/ksproducts.ca\\\/\",\"name\":\"Ks Products\",\"description\":\"Outdoor cooking and living, made easy in Canada\",\"publisher\":{\"@id\":\"https:\\\/\\\/ksproducts.ca\\\/#organization\"},\"potentialAction\":[{\"@type\":\"SearchAction\",\"target\":{\"@type\":\"EntryPoint\",\"urlTemplate\":\"https:\\\/\\\/ksproducts.ca\\\/?s={search_term_string}\"},\"query-input\":{\"@type\":\"PropertyValueSpecification\",\"valueRequired\":true,\"valueName\":\"search_term_string\"}}],\"inLanguage\":\"fr-CA\"},{\"@type\":\"Organization\",\"@id\":\"https:\\\/\\\/ksproducts.ca\\\/#organization\",\"name\":\"Ks Products\",\"url\":\"https:\\\/\\\/ksproducts.ca\\\/\",\"logo\":{\"@type\":\"ImageObject\",\"inLanguage\":\"fr-CA\",\"@id\":\"https:\\\/\\\/ksproducts.ca\\\/#\\\/schema\\\/logo\\\/image\\\/\",\"url\":\"https:\\\/\\\/ksproducts.ca\\\/wp-content\\\/uploads\\\/2023\\\/09\\\/Kennedy-Sales-Logo-header-1.png\",\"contentUrl\":\"https:\\\/\\\/ksproducts.ca\\\/wp-content\\\/uploads\\\/2023\\\/09\\\/Kennedy-Sales-Logo-header-1.png\",\"width\":150,\"height\":77,\"caption\":\"Ks Products\"},\"image\":{\"@id\":\"https:\\\/\\\/ksproducts.ca\\\/#\\\/schema\\\/logo\\\/image\\\/\"}}]}<\/script>\n<!-- \/ Yoast SEO plugin. -->","yoast_head_json":{"title":"THERMOM\u00c8TRE INFRAROUGE ET SONDAGE COMBO - Ks Products","robots":{"index":"index","follow":"follow","max-snippet":"max-snippet:-1","max-image-preview":"max-image-preview:large","max-video-preview":"max-video-preview:-1"},"canonical":"https:\/\/ksproducts.ca\/fr\/product\/thermometre-infrarouge-et-sonde-combines\/","og_locale":"fr_CA","og_type":"article","og_title":"INFRARED THERMOMETER AND PROBE COMBO - Ks Products","og_description":"Stop guessing the temperature of your food and use the Infrared Thermometer. This thermometer allows you to \u201cpoint and shoot\u201d to get a read of the temperature on any surface. Then while you are cooking, use the collapsible probe to determine the internal temperature of the food. You can also freeze the last taken temperature for quick reference.You will no longer need to \u201chope the food is done\u201d or be nauseously surprised when cutting into your steak. Take the guessing out of your cooking with this handy tool!","og_url":"https:\/\/ksproducts.ca\/fr\/product\/thermometre-infrarouge-et-sonde-combines\/","og_site_name":"Ks Products","article_modified_time":"2026-04-11T10:03:30+00:00","og_image":[{"width":1024,"height":1023,"url":"https:\/\/ksproducts.ca\/wp-content\/uploads\/2024\/04\/5400_InfaredThermometer_OnWhite-jpg.webp","type":"image\/jpeg"}],"twitter_card":"summary_large_image","schema":{"@context":"https:\/\/schema.org","@graph":[{"@type":"WebPage","@id":"https:\/\/ksproducts.ca\/product\/infrared-thermometer-and-probe-combo\/","url":"https:\/\/ksproducts.ca\/product\/infrared-thermometer-and-probe-combo\/","name":"THERMOM\u00c8TRE INFRAROUGE ET SONDAGE COMBO - Ks Products","isPartOf":{"@id":"https:\/\/ksproducts.ca\/#website"},"primaryImageOfPage":{"@id":"https:\/\/ksproducts.ca\/product\/infrared-thermometer-and-probe-combo\/#primaryimage"},"image":{"@id":"https:\/\/ksproducts.ca\/product\/infrared-thermometer-and-probe-combo\/#primaryimage"},"thumbnailUrl":"https:\/\/ksproducts.ca\/wp-content\/uploads\/2024\/04\/5400_InfaredThermometer_OnWhite-jpg.webp","datePublished":"2023-03-27T21:44:06+00:00","dateModified":"2026-04-11T10:03:30+00:00","breadcrumb":{"@id":"https:\/\/ksproducts.ca\/product\/infrared-thermometer-and-probe-combo\/#breadcrumb"},"inLanguage":"fr-CA","potentialAction":[{"@type":"ReadAction","target":["https:\/\/ksproducts.ca\/product\/infrared-thermometer-and-probe-combo\/"]}]},{"@type":"ImageObject","inLanguage":"fr-CA","@id":"https:\/\/ksproducts.ca\/product\/infrared-thermometer-and-probe-combo\/#primaryimage","url":"https:\/\/ksproducts.ca\/wp-content\/uploads\/2024\/04\/5400_InfaredThermometer_OnWhite-jpg.webp","contentUrl":"https:\/\/ksproducts.ca\/wp-content\/uploads\/2024\/04\/5400_InfaredThermometer_OnWhite-jpg.webp","width":1024,"height":1023,"caption":"Blackstone Original Series Infrared Thermometer with Probe digital screen and buttons"},{"@type":"BreadcrumbList","@id":"https:\/\/ksproducts.ca\/product\/infrared-thermometer-and-probe-combo\/#breadcrumb","itemListElement":[{"@type":"ListItem","position":1,"name":"Home","item":"https:\/\/ksproducts.ca\/"},{"@type":"ListItem","position":2,"name":"Shop","item":"https:\/\/ksproducts.ca\/shop\/"},{"@type":"ListItem","position":3,"name":"INFRARED THERMOMETER AND PROBE COMBO"}]},{"@type":"WebSite","@id":"https:\/\/ksproducts.ca\/#website","url":"https:\/\/ksproducts.ca\/","name":"Produits Ks","description":"Cuisiner et vivre en plein air, c'est facile au Canada","publisher":{"@id":"https:\/\/ksproducts.ca\/#organization"},"potentialAction":[{"@type":"SearchAction","target":{"@type":"EntryPoint","urlTemplate":"https:\/\/ksproducts.ca\/?s={search_term_string}"},"query-input":{"@type":"PropertyValueSpecification","valueRequired":true,"valueName":"search_term_string"}}],"inLanguage":"fr-CA"},{"@type":"Organization","@id":"https:\/\/ksproducts.ca\/#organization","name":"Produits Ks","url":"https:\/\/ksproducts.ca\/","logo":{"@type":"ImageObject","inLanguage":"fr-CA","@id":"https:\/\/ksproducts.ca\/#\/schema\/logo\/image\/","url":"https:\/\/ksproducts.ca\/wp-content\/uploads\/2023\/09\/Kennedy-Sales-Logo-header-1.png","contentUrl":"https:\/\/ksproducts.ca\/wp-content\/uploads\/2023\/09\/Kennedy-Sales-Logo-header-1.png","width":150,"height":77,"caption":"Ks Products"},"image":{"@id":"https:\/\/ksproducts.ca\/#\/schema\/logo\/image\/"}}]}},"_links":{"self":[{"href":"https:\/\/ksproducts.ca\/fr\/wp-json\/wp\/v2\/product\/5902","targetHints":{"allow":["GET"]}}],"collection":[{"href":"https:\/\/ksproducts.ca\/fr\/wp-json\/wp\/v2\/product"}],"about":[{"href":"https:\/\/ksproducts.ca\/fr\/wp-json\/wp\/v2\/types\/product"}],"replies":[{"embeddable":true,"href":"https:\/\/ksproducts.ca\/fr\/wp-json\/wp\/v2\/comments?post=5902"}],"version-history":[{"count":1,"href":"https:\/\/ksproducts.ca\/fr\/wp-json\/wp\/v2\/product\/5902\/revisions"}],"predecessor-version":[{"id":8248,"href":"https:\/\/ksproducts.ca\/fr\/wp-json\/wp\/v2\/product\/5902\/revisions\/8248"}],"wp:featuredmedia":[{"embeddable":true,"href":"https:\/\/ksproducts.ca\/fr\/wp-json\/wp\/v2\/media\/8247"}],"wp:attachment":[{"href":"https:\/\/ksproducts.ca\/fr\/wp-json\/wp\/v2\/media?parent=5902"}],"wp:term":[{"taxonomy":"product_cat","embeddable":true,"href":"https:\/\/ksproducts.ca\/fr\/wp-json\/wp\/v2\/product_cat?post=5902"},{"taxonomy":"product_tag","embeddable":true,"href":"https:\/\/ksproducts.ca\/fr\/wp-json\/wp\/v2\/product_tag?post=5902"}],"curies":[{"name":"wp","href":"https:\/\/api.w.org\/{rel}","templated":true}]}}