{"id":5929,"date":"2023-03-27T21:44:46","date_gmt":"2023-03-27T21:44:46","guid":{"rendered":"https:\/\/ksproducts.ca\/product\/culinary-series-cleaning-kit\/"},"modified":"2026-04-03T20:19:32","modified_gmt":"2026-04-03T20:19:32","slug":"kit-de-nettoyage-de-la-serie-culinaire","status":"publish","type":"product","link":"https:\/\/ksproducts.ca\/fr\/product\/culinary-series-cleaning-kit\/","title":{"rendered":"Kit de nettoyage de la s\u00e9rie culinaire"},"content":{"rendered":"<ul>\n<li>La spatule est dot\u00e9e d'un manche durable et r\u00e9sistant \u00e0 la chaleur et d'une lame en acier inoxydable tr\u00e8s r\u00e9sistante.<\/li>\n<li>Crochet pratique int\u00e9gr\u00e9 \u00e0 la spatule<\/li>\n<li>Conception rigide et robuste<\/li>\n<li>Garantie limit\u00e9e de 1 an<\/li>\n<li>Lavable au lave-vaisselle<\/li>\n<\/ul>","protected":false},"excerpt":{"rendered":"<p>Nettoyez en profondeur le dessus de votre plan de travail avec le kit de nettoyage pour plan de travail 8 pi\u00e8ces de la s\u00e9rie Culinary. Ce kit comprend un grattoir en acier inoxydable robuste de 6 pouces pour enlever les d\u00e9bris, les aliments cuits et autres r\u00e9sidus. Le kit de nettoyage de grilles 10 pi\u00e8ces comprend \u00e9galement une poign\u00e9e et 6 tampons \u00e0 r\u00e9curer con\u00e7us pour nettoyer les grilles, qu'elles soient humides ou s\u00e8ches. Les tampons rempla\u00e7ables r\u00e9sistent \u00e0 l'encrassement et se rincent facilement. Enfin, ce kit comprend une autre poign\u00e9e et 2 briques de nettoyage, con\u00e7ues pour nettoyer les grilles des plaques de cuisson ou des grils et aider \u00e0 \u00e9liminer la salet\u00e9 cuite. Peut \u00eatre utilis\u00e9 sur des surfaces chaudes ou froides.<\/p>","protected":false},"featured_media":8213,"comment_status":"closed","ping_status":"closed","template":"","meta":[],"product_cat":[439],"product_tag":[],"class_list":{"0":"post-5929","1":"product","2":"type-product","3":"status-publish","4":"has-post-thumbnail","6":"product_cat-conditioners-cleaning","7":"product_shipping_class-class-1","9":"first","10":"instock","11":"taxable","12":"shipping-taxable","13":"purchasable","14":"product-type-simple"},"yoast_head":"<!-- This site is optimized with the Yoast SEO plugin v27.3 - https:\/\/yoast.com\/product\/yoast-seo-wordpress\/ -->\n<title>Culinary Series Cleaning Kit - Ks Products<\/title>\n<meta name=\"robots\" content=\"index, follow, max-snippet:-1, max-image-preview:large, max-video-preview:-1\" \/>\n<link rel=\"canonical\" href=\"https:\/\/ksproducts.ca\/fr\/product\/kit-de-nettoyage-de-la-serie-culinaire\/\" \/>\n<meta property=\"og:locale\" content=\"fr_CA\" \/>\n<meta property=\"og:type\" content=\"article\" \/>\n<meta property=\"og:title\" content=\"Culinary Series Cleaning Kit - Ks Products\" \/>\n<meta property=\"og:description\" content=\"Deep clean your dirty griddle top with the Culinary Series 8 Piece Griddle Cleaning Kit. This kit includes one 6-inch heavy-duty stainless steel Griddle Scraper to remove debris, cooked-on food, and other residues. The 10 Piece Griddle Cleaning Kit also features a Handle and 6 Scour Pads designed to clean griddle tops, wet or dry. The replaceable pads resist clogging and rinse clean. Last, but not least, this kit includes another Handle with 2 Cleaning Bricks, which is designed to clean griddle or grill grates and help remove cooked-on grime. Can be used on hot or cold surfaces.\" \/>\n<meta property=\"og:url\" content=\"https:\/\/ksproducts.ca\/fr\/product\/kit-de-nettoyage-de-la-serie-culinaire\/\" \/>\n<meta property=\"og:site_name\" content=\"Ks Products\" \/>\n<meta property=\"article:modified_time\" content=\"2026-04-03T20:19:32+00:00\" \/>\n<meta property=\"og:image\" content=\"https:\/\/ksproducts.ca\/wp-content\/uploads\/2024\/04\/5323_CleaningKit_Clipped.png\" \/>\n\t<meta property=\"og:image:width\" content=\"800\" \/>\n\t<meta property=\"og:image:height\" content=\"775\" \/>\n\t<meta property=\"og:image:type\" content=\"image\/png\" \/>\n<meta name=\"twitter:card\" content=\"summary_large_image\" \/>\n<script type=\"application\/ld+json\" class=\"yoast-schema-graph\">{\"@context\":\"https:\\\/\\\/schema.org\",\"@graph\":[{\"@type\":\"WebPage\",\"@id\":\"https:\\\/\\\/ksproducts.ca\\\/product\\\/culinary-series-cleaning-kit\\\/\",\"url\":\"https:\\\/\\\/ksproducts.ca\\\/product\\\/culinary-series-cleaning-kit\\\/\",\"name\":\"Culinary Series Cleaning Kit - Ks Products\",\"isPartOf\":{\"@id\":\"https:\\\/\\\/ksproducts.ca\\\/#website\"},\"primaryImageOfPage\":{\"@id\":\"https:\\\/\\\/ksproducts.ca\\\/product\\\/culinary-series-cleaning-kit\\\/#primaryimage\"},\"image\":{\"@id\":\"https:\\\/\\\/ksproducts.ca\\\/product\\\/culinary-series-cleaning-kit\\\/#primaryimage\"},\"thumbnailUrl\":\"https:\\\/\\\/ksproducts.ca\\\/wp-content\\\/uploads\\\/2024\\\/04\\\/5323_CleaningKit_Clipped.png\",\"datePublished\":\"2023-03-27T21:44:46+00:00\",\"dateModified\":\"2026-04-03T20:19:32+00:00\",\"breadcrumb\":{\"@id\":\"https:\\\/\\\/ksproducts.ca\\\/product\\\/culinary-series-cleaning-kit\\\/#breadcrumb\"},\"inLanguage\":\"fr-CA\",\"potentialAction\":[{\"@type\":\"ReadAction\",\"target\":[\"https:\\\/\\\/ksproducts.ca\\\/product\\\/culinary-series-cleaning-kit\\\/\"]}]},{\"@type\":\"ImageObject\",\"inLanguage\":\"fr-CA\",\"@id\":\"https:\\\/\\\/ksproducts.ca\\\/product\\\/culinary-series-cleaning-kit\\\/#primaryimage\",\"url\":\"https:\\\/\\\/ksproducts.ca\\\/wp-content\\\/uploads\\\/2024\\\/04\\\/5323_CleaningKit_Clipped.png\",\"contentUrl\":\"https:\\\/\\\/ksproducts.ca\\\/wp-content\\\/uploads\\\/2024\\\/04\\\/5323_CleaningKit_Clipped.png\",\"width\":800,\"height\":775,\"caption\":\"Culinary Series Cleaning Kit\"},{\"@type\":\"BreadcrumbList\",\"@id\":\"https:\\\/\\\/ksproducts.ca\\\/product\\\/culinary-series-cleaning-kit\\\/#breadcrumb\",\"itemListElement\":[{\"@type\":\"ListItem\",\"position\":1,\"name\":\"Home\",\"item\":\"https:\\\/\\\/ksproducts.ca\\\/\"},{\"@type\":\"ListItem\",\"position\":2,\"name\":\"Shop\",\"item\":\"https:\\\/\\\/ksproducts.ca\\\/shop\\\/\"},{\"@type\":\"ListItem\",\"position\":3,\"name\":\"Culinary Series Cleaning Kit\"}]},{\"@type\":\"WebSite\",\"@id\":\"https:\\\/\\\/ksproducts.ca\\\/#website\",\"url\":\"https:\\\/\\\/ksproducts.ca\\\/\",\"name\":\"Ks Products\",\"description\":\"Outdoor cooking and living, made easy in Canada\",\"publisher\":{\"@id\":\"https:\\\/\\\/ksproducts.ca\\\/#organization\"},\"potentialAction\":[{\"@type\":\"SearchAction\",\"target\":{\"@type\":\"EntryPoint\",\"urlTemplate\":\"https:\\\/\\\/ksproducts.ca\\\/?s={search_term_string}\"},\"query-input\":{\"@type\":\"PropertyValueSpecification\",\"valueRequired\":true,\"valueName\":\"search_term_string\"}}],\"inLanguage\":\"fr-CA\"},{\"@type\":\"Organization\",\"@id\":\"https:\\\/\\\/ksproducts.ca\\\/#organization\",\"name\":\"Ks Products\",\"url\":\"https:\\\/\\\/ksproducts.ca\\\/\",\"logo\":{\"@type\":\"ImageObject\",\"inLanguage\":\"fr-CA\",\"@id\":\"https:\\\/\\\/ksproducts.ca\\\/#\\\/schema\\\/logo\\\/image\\\/\",\"url\":\"https:\\\/\\\/ksproducts.ca\\\/wp-content\\\/uploads\\\/2023\\\/09\\\/Kennedy-Sales-Logo-header-1.png\",\"contentUrl\":\"https:\\\/\\\/ksproducts.ca\\\/wp-content\\\/uploads\\\/2023\\\/09\\\/Kennedy-Sales-Logo-header-1.png\",\"width\":150,\"height\":77,\"caption\":\"Ks Products\"},\"image\":{\"@id\":\"https:\\\/\\\/ksproducts.ca\\\/#\\\/schema\\\/logo\\\/image\\\/\"}}]}<\/script>\n<!-- \/ Yoast SEO plugin. -->","yoast_head_json":{"title":"Kit de nettoyage de la s\u00e9rie culinaire - Ks Products","robots":{"index":"index","follow":"follow","max-snippet":"max-snippet:-1","max-image-preview":"max-image-preview:large","max-video-preview":"max-video-preview:-1"},"canonical":"https:\/\/ksproducts.ca\/fr\/product\/kit-de-nettoyage-de-la-serie-culinaire\/","og_locale":"fr_CA","og_type":"article","og_title":"Culinary Series Cleaning Kit - Ks Products","og_description":"Deep clean your dirty griddle top with the Culinary Series 8 Piece Griddle Cleaning Kit. This kit includes one 6-inch heavy-duty stainless steel Griddle Scraper to remove debris, cooked-on food, and other residues. The 10 Piece Griddle Cleaning Kit also features a Handle and 6 Scour Pads designed to clean griddle tops, wet or dry. The replaceable pads resist clogging and rinse clean. Last, but not least, this kit includes another Handle with 2 Cleaning Bricks, which is designed to clean griddle or grill grates and help remove cooked-on grime. Can be used on hot or cold surfaces.","og_url":"https:\/\/ksproducts.ca\/fr\/product\/kit-de-nettoyage-de-la-serie-culinaire\/","og_site_name":"Ks Products","article_modified_time":"2026-04-03T20:19:32+00:00","og_image":[{"width":800,"height":775,"url":"https:\/\/ksproducts.ca\/wp-content\/uploads\/2024\/04\/5323_CleaningKit_Clipped.png","type":"image\/png"}],"twitter_card":"summary_large_image","schema":{"@context":"https:\/\/schema.org","@graph":[{"@type":"WebPage","@id":"https:\/\/ksproducts.ca\/product\/culinary-series-cleaning-kit\/","url":"https:\/\/ksproducts.ca\/product\/culinary-series-cleaning-kit\/","name":"Kit de nettoyage de la s\u00e9rie culinaire - Ks Products","isPartOf":{"@id":"https:\/\/ksproducts.ca\/#website"},"primaryImageOfPage":{"@id":"https:\/\/ksproducts.ca\/product\/culinary-series-cleaning-kit\/#primaryimage"},"image":{"@id":"https:\/\/ksproducts.ca\/product\/culinary-series-cleaning-kit\/#primaryimage"},"thumbnailUrl":"https:\/\/ksproducts.ca\/wp-content\/uploads\/2024\/04\/5323_CleaningKit_Clipped.png","datePublished":"2023-03-27T21:44:46+00:00","dateModified":"2026-04-03T20:19:32+00:00","breadcrumb":{"@id":"https:\/\/ksproducts.ca\/product\/culinary-series-cleaning-kit\/#breadcrumb"},"inLanguage":"fr-CA","potentialAction":[{"@type":"ReadAction","target":["https:\/\/ksproducts.ca\/product\/culinary-series-cleaning-kit\/"]}]},{"@type":"ImageObject","inLanguage":"fr-CA","@id":"https:\/\/ksproducts.ca\/product\/culinary-series-cleaning-kit\/#primaryimage","url":"https:\/\/ksproducts.ca\/wp-content\/uploads\/2024\/04\/5323_CleaningKit_Clipped.png","contentUrl":"https:\/\/ksproducts.ca\/wp-content\/uploads\/2024\/04\/5323_CleaningKit_Clipped.png","width":800,"height":775,"caption":"Culinary Series Cleaning Kit"},{"@type":"BreadcrumbList","@id":"https:\/\/ksproducts.ca\/product\/culinary-series-cleaning-kit\/#breadcrumb","itemListElement":[{"@type":"ListItem","position":1,"name":"Home","item":"https:\/\/ksproducts.ca\/"},{"@type":"ListItem","position":2,"name":"Shop","item":"https:\/\/ksproducts.ca\/shop\/"},{"@type":"ListItem","position":3,"name":"Culinary Series Cleaning Kit"}]},{"@type":"WebSite","@id":"https:\/\/ksproducts.ca\/#website","url":"https:\/\/ksproducts.ca\/","name":"Produits Ks","description":"Cuisiner et vivre en plein air, c'est facile au Canada","publisher":{"@id":"https:\/\/ksproducts.ca\/#organization"},"potentialAction":[{"@type":"SearchAction","target":{"@type":"EntryPoint","urlTemplate":"https:\/\/ksproducts.ca\/?s={search_term_string}"},"query-input":{"@type":"PropertyValueSpecification","valueRequired":true,"valueName":"search_term_string"}}],"inLanguage":"fr-CA"},{"@type":"Organization","@id":"https:\/\/ksproducts.ca\/#organization","name":"Produits Ks","url":"https:\/\/ksproducts.ca\/","logo":{"@type":"ImageObject","inLanguage":"fr-CA","@id":"https:\/\/ksproducts.ca\/#\/schema\/logo\/image\/","url":"https:\/\/ksproducts.ca\/wp-content\/uploads\/2023\/09\/Kennedy-Sales-Logo-header-1.png","contentUrl":"https:\/\/ksproducts.ca\/wp-content\/uploads\/2023\/09\/Kennedy-Sales-Logo-header-1.png","width":150,"height":77,"caption":"Ks Products"},"image":{"@id":"https:\/\/ksproducts.ca\/#\/schema\/logo\/image\/"}}]}},"_links":{"self":[{"href":"https:\/\/ksproducts.ca\/fr\/wp-json\/wp\/v2\/product\/5929","targetHints":{"allow":["GET"]}}],"collection":[{"href":"https:\/\/ksproducts.ca\/fr\/wp-json\/wp\/v2\/product"}],"about":[{"href":"https:\/\/ksproducts.ca\/fr\/wp-json\/wp\/v2\/types\/product"}],"replies":[{"embeddable":true,"href":"https:\/\/ksproducts.ca\/fr\/wp-json\/wp\/v2\/comments?post=5929"}],"version-history":[{"count":1,"href":"https:\/\/ksproducts.ca\/fr\/wp-json\/wp\/v2\/product\/5929\/revisions"}],"predecessor-version":[{"id":8214,"href":"https:\/\/ksproducts.ca\/fr\/wp-json\/wp\/v2\/product\/5929\/revisions\/8214"}],"wp:featuredmedia":[{"embeddable":true,"href":"https:\/\/ksproducts.ca\/fr\/wp-json\/wp\/v2\/media\/8213"}],"wp:attachment":[{"href":"https:\/\/ksproducts.ca\/fr\/wp-json\/wp\/v2\/media?parent=5929"}],"wp:term":[{"taxonomy":"product_cat","embeddable":true,"href":"https:\/\/ksproducts.ca\/fr\/wp-json\/wp\/v2\/product_cat?post=5929"},{"taxonomy":"product_tag","embeddable":true,"href":"https:\/\/ksproducts.ca\/fr\/wp-json\/wp\/v2\/product_tag?post=5929"}],"curies":[{"name":"wp","href":"https:\/\/api.w.org\/{rel}","templated":true}]}}