{"id":5937,"date":"2023-03-27T21:44:46","date_gmt":"2023-03-27T21:44:46","guid":{"rendered":"https:\/\/ksproducts.ca\/product\/culinary-series-griddle-kit-6-pc\/"},"modified":"2026-04-15T04:00:44","modified_gmt":"2026-04-15T04:00:44","slug":"serie-culinaire-kit-de-plaques-de-cuisson-6-pieces","status":"publish","type":"product","link":"https:\/\/ksproducts.ca\/fr\/product\/culinary-series-griddle-kit-6-pc\/","title":{"rendered":"Kit d'accessoires pour gril Culinary Series 6 pi\u00e8ces de Blackstone"},"content":{"rendered":"<ul>\n<li>2 Bouteilles en plastique \u00e0 presser<\/li>\n<li>1 paire de pinces<\/li>\n<li>2 spatules pour gril<\/li>\n<li>1 Grattoir angulaire<\/li>\n<\/ul>","protected":false},"excerpt":{"rendered":"<p>Le kit de gril 6 pi\u00e8ces de la s\u00e9rie culinaire est le compl\u00e9ment parfait \u00e0 votre exp\u00e9rience culinaire Blackstone. La pince en acier inoxydable de 14 pouces est l'outil id\u00e9al pour soulever les aliments d\u00e9licats et les grosses pi\u00e8ces de viande. Utilisez la bouteille de sauce\/liquide de 32 oz pour contenir de l'eau ou de l'huile afin d'ajouter de l'humidit\u00e9 et de la saveur \u00e0 la demande. En utilisant ces m\u00eames liquides, vous pouvez refroidir une plaque chaude, cuire des l\u00e9gumes \u00e0 la vapeur et m\u00eame enlever les aliments cuits.La spatule grattoir est un outil qui vous permet de nettoyer ou d'enlever facilement la graisse de votre plaque. Deux spatules de qualit\u00e9 professionnelle facilitent le retournement des hamburgers, des cr\u00eapes et des l\u00e9gumes.<\/p>","protected":false},"featured_media":8205,"comment_status":"closed","ping_status":"closed","template":"","meta":[],"product_cat":[436,438],"product_tag":[],"class_list":{"0":"post-5937","1":"product","2":"type-product","3":"status-publish","4":"has-post-thumbnail","6":"product_brand-blackstone","7":"product_cat-accessories","8":"product_cat-tools-kits","9":"product_shipping_class-class-1","11":"first","12":"instock","13":"sale","14":"taxable","15":"shipping-taxable","16":"purchasable","17":"product-type-simple"},"yoast_head":"<!-- This site is optimized with the Yoast SEO plugin v27.4 - https:\/\/yoast.com\/product\/yoast-seo-wordpress\/ -->\n<title>Blackstone 6-piece Culinary Series Griddle Accessory Kit - Ks Products<\/title>\n<meta name=\"robots\" content=\"index, follow, max-snippet:-1, max-image-preview:large, max-video-preview:-1\" \/>\n<link rel=\"canonical\" href=\"https:\/\/ksproducts.ca\/fr\/product\/serie-culinaire-kit-de-plaques-de-cuisson-6-pieces\/\" \/>\n<meta property=\"og:locale\" content=\"fr_CA\" \/>\n<meta property=\"og:type\" content=\"article\" \/>\n<meta property=\"og:title\" content=\"Blackstone 6-piece Culinary Series Griddle Accessory Kit - Ks Products\" \/>\n<meta property=\"og:description\" content=\"The Culinary Series 6 Piece Griddle Kit is the perfect add-on to your Blackstone cooking experience. 14-inch Stainless Steel Tongs are an ideal tool to lift delicate foods, as well as large cuts of meat. Use the 32 oz. Sauce\/Liquid Bottle to hold water or oil so you can add moisture and flavor on demand. Using these same liquids, you can cool down a hot griddle, steam veggies, and even remove cooked-on food.The Spatula Scraper is a tool that makes it easy for you to clean or remove grease off your griddle. Two professional-grade spatulas make flipping burgers, pancakes, veggies a breeze.\" \/>\n<meta property=\"og:url\" content=\"https:\/\/ksproducts.ca\/fr\/product\/serie-culinaire-kit-de-plaques-de-cuisson-6-pieces\/\" \/>\n<meta property=\"og:site_name\" content=\"Ks Products\" \/>\n<meta property=\"article:modified_time\" content=\"2026-04-15T04:00:44+00:00\" \/>\n<meta property=\"og:image\" content=\"https:\/\/ksproducts.ca\/wp-content\/uploads\/2024\/04\/5322_Culinary6pcGriddleKit_01-jpg.webp\" \/>\n\t<meta property=\"og:image:width\" content=\"800\" \/>\n\t<meta property=\"og:image:height\" content=\"800\" \/>\n\t<meta property=\"og:image:type\" content=\"image\/jpeg\" \/>\n<meta name=\"twitter:card\" content=\"summary_large_image\" \/>\n<meta name=\"twitter:label1\" content=\"Estimation du temps de lecture\" \/>\n\t<meta name=\"twitter:data1\" content=\"1 minute\" \/>\n<script type=\"application\/ld+json\" class=\"yoast-schema-graph\">{\"@context\":\"https:\\\/\\\/schema.org\",\"@graph\":[{\"@type\":\"WebPage\",\"@id\":\"https:\\\/\\\/ksproducts.ca\\\/product\\\/culinary-series-griddle-kit-6-pc\\\/\",\"url\":\"https:\\\/\\\/ksproducts.ca\\\/product\\\/culinary-series-griddle-kit-6-pc\\\/\",\"name\":\"Blackstone 6-piece Culinary Series Griddle Accessory Kit - Ks Products\",\"isPartOf\":{\"@id\":\"https:\\\/\\\/ksproducts.ca\\\/#website\"},\"primaryImageOfPage\":{\"@id\":\"https:\\\/\\\/ksproducts.ca\\\/product\\\/culinary-series-griddle-kit-6-pc\\\/#primaryimage\"},\"image\":{\"@id\":\"https:\\\/\\\/ksproducts.ca\\\/product\\\/culinary-series-griddle-kit-6-pc\\\/#primaryimage\"},\"thumbnailUrl\":\"https:\\\/\\\/ksproducts.ca\\\/wp-content\\\/uploads\\\/2024\\\/04\\\/5322_Culinary6pcGriddleKit_01-jpg.webp\",\"datePublished\":\"2023-03-27T21:44:46+00:00\",\"dateModified\":\"2026-04-15T04:00:44+00:00\",\"breadcrumb\":{\"@id\":\"https:\\\/\\\/ksproducts.ca\\\/product\\\/culinary-series-griddle-kit-6-pc\\\/#breadcrumb\"},\"inLanguage\":\"fr-CA\",\"potentialAction\":[{\"@type\":\"ReadAction\",\"target\":[\"https:\\\/\\\/ksproducts.ca\\\/product\\\/culinary-series-griddle-kit-6-pc\\\/\"]}]},{\"@type\":\"ImageObject\",\"inLanguage\":\"fr-CA\",\"@id\":\"https:\\\/\\\/ksproducts.ca\\\/product\\\/culinary-series-griddle-kit-6-pc\\\/#primaryimage\",\"url\":\"https:\\\/\\\/ksproducts.ca\\\/wp-content\\\/uploads\\\/2024\\\/04\\\/5322_Culinary6pcGriddleKit_01-jpg.webp\",\"contentUrl\":\"https:\\\/\\\/ksproducts.ca\\\/wp-content\\\/uploads\\\/2024\\\/04\\\/5322_Culinary6pcGriddleKit_01-jpg.webp\",\"width\":800,\"height\":800,\"caption\":\"Blackstone 6-piece Culinary Series Griddle Accessory Kit\"},{\"@type\":\"BreadcrumbList\",\"@id\":\"https:\\\/\\\/ksproducts.ca\\\/product\\\/culinary-series-griddle-kit-6-pc\\\/#breadcrumb\",\"itemListElement\":[{\"@type\":\"ListItem\",\"position\":1,\"name\":\"Home\",\"item\":\"https:\\\/\\\/ksproducts.ca\\\/\"},{\"@type\":\"ListItem\",\"position\":2,\"name\":\"Shop\",\"item\":\"https:\\\/\\\/ksproducts.ca\\\/shop\\\/\"},{\"@type\":\"ListItem\",\"position\":3,\"name\":\"Blackstone 6-piece Culinary Series Griddle Accessory Kit\"}]},{\"@type\":\"WebSite\",\"@id\":\"https:\\\/\\\/ksproducts.ca\\\/#website\",\"url\":\"https:\\\/\\\/ksproducts.ca\\\/\",\"name\":\"Ks Products\",\"description\":\"Outdoor cooking and living, made easy in Canada\",\"publisher\":{\"@id\":\"https:\\\/\\\/ksproducts.ca\\\/#organization\"},\"potentialAction\":[{\"@type\":\"SearchAction\",\"target\":{\"@type\":\"EntryPoint\",\"urlTemplate\":\"https:\\\/\\\/ksproducts.ca\\\/?s={search_term_string}\"},\"query-input\":{\"@type\":\"PropertyValueSpecification\",\"valueRequired\":true,\"valueName\":\"search_term_string\"}}],\"inLanguage\":\"fr-CA\"},{\"@type\":\"Organization\",\"@id\":\"https:\\\/\\\/ksproducts.ca\\\/#organization\",\"name\":\"Ks Products\",\"url\":\"https:\\\/\\\/ksproducts.ca\\\/\",\"logo\":{\"@type\":\"ImageObject\",\"inLanguage\":\"fr-CA\",\"@id\":\"https:\\\/\\\/ksproducts.ca\\\/#\\\/schema\\\/logo\\\/image\\\/\",\"url\":\"https:\\\/\\\/ksproducts.ca\\\/wp-content\\\/uploads\\\/2023\\\/09\\\/Kennedy-Sales-Logo-header-1.png\",\"contentUrl\":\"https:\\\/\\\/ksproducts.ca\\\/wp-content\\\/uploads\\\/2023\\\/09\\\/Kennedy-Sales-Logo-header-1.png\",\"width\":150,\"height\":77,\"caption\":\"Ks Products\"},\"image\":{\"@id\":\"https:\\\/\\\/ksproducts.ca\\\/#\\\/schema\\\/logo\\\/image\\\/\"}}]}<\/script>\n<!-- \/ Yoast SEO plugin. -->","yoast_head_json":{"title":"Kit d'accessoires pour gril Culinary Series 6 pi\u00e8ces de Blackstone - Ks Products","robots":{"index":"index","follow":"follow","max-snippet":"max-snippet:-1","max-image-preview":"max-image-preview:large","max-video-preview":"max-video-preview:-1"},"canonical":"https:\/\/ksproducts.ca\/fr\/product\/serie-culinaire-kit-de-plaques-de-cuisson-6-pieces\/","og_locale":"fr_CA","og_type":"article","og_title":"Blackstone 6-piece Culinary Series Griddle Accessory Kit - Ks Products","og_description":"The Culinary Series 6 Piece Griddle Kit is the perfect add-on to your Blackstone cooking experience. 14-inch Stainless Steel Tongs are an ideal tool to lift delicate foods, as well as large cuts of meat. Use the 32 oz. Sauce\/Liquid Bottle to hold water or oil so you can add moisture and flavor on demand. Using these same liquids, you can cool down a hot griddle, steam veggies, and even remove cooked-on food.The Spatula Scraper is a tool that makes it easy for you to clean or remove grease off your griddle. Two professional-grade spatulas make flipping burgers, pancakes, veggies a breeze.","og_url":"https:\/\/ksproducts.ca\/fr\/product\/serie-culinaire-kit-de-plaques-de-cuisson-6-pieces\/","og_site_name":"Ks Products","article_modified_time":"2026-04-15T04:00:44+00:00","og_image":[{"width":800,"height":800,"url":"https:\/\/ksproducts.ca\/wp-content\/uploads\/2024\/04\/5322_Culinary6pcGriddleKit_01-jpg.webp","type":"image\/jpeg"}],"twitter_card":"summary_large_image","twitter_misc":{"Estimation du temps de lecture":"1 minute"},"schema":{"@context":"https:\/\/schema.org","@graph":[{"@type":"WebPage","@id":"https:\/\/ksproducts.ca\/product\/culinary-series-griddle-kit-6-pc\/","url":"https:\/\/ksproducts.ca\/product\/culinary-series-griddle-kit-6-pc\/","name":"Kit d'accessoires pour gril Culinary Series 6 pi\u00e8ces de Blackstone - Ks Products","isPartOf":{"@id":"https:\/\/ksproducts.ca\/#website"},"primaryImageOfPage":{"@id":"https:\/\/ksproducts.ca\/product\/culinary-series-griddle-kit-6-pc\/#primaryimage"},"image":{"@id":"https:\/\/ksproducts.ca\/product\/culinary-series-griddle-kit-6-pc\/#primaryimage"},"thumbnailUrl":"https:\/\/ksproducts.ca\/wp-content\/uploads\/2024\/04\/5322_Culinary6pcGriddleKit_01-jpg.webp","datePublished":"2023-03-27T21:44:46+00:00","dateModified":"2026-04-15T04:00:44+00:00","breadcrumb":{"@id":"https:\/\/ksproducts.ca\/product\/culinary-series-griddle-kit-6-pc\/#breadcrumb"},"inLanguage":"fr-CA","potentialAction":[{"@type":"ReadAction","target":["https:\/\/ksproducts.ca\/product\/culinary-series-griddle-kit-6-pc\/"]}]},{"@type":"ImageObject","inLanguage":"fr-CA","@id":"https:\/\/ksproducts.ca\/product\/culinary-series-griddle-kit-6-pc\/#primaryimage","url":"https:\/\/ksproducts.ca\/wp-content\/uploads\/2024\/04\/5322_Culinary6pcGriddleKit_01-jpg.webp","contentUrl":"https:\/\/ksproducts.ca\/wp-content\/uploads\/2024\/04\/5322_Culinary6pcGriddleKit_01-jpg.webp","width":800,"height":800,"caption":"Blackstone 6-piece Culinary Series Griddle Accessory Kit"},{"@type":"BreadcrumbList","@id":"https:\/\/ksproducts.ca\/product\/culinary-series-griddle-kit-6-pc\/#breadcrumb","itemListElement":[{"@type":"ListItem","position":1,"name":"Home","item":"https:\/\/ksproducts.ca\/"},{"@type":"ListItem","position":2,"name":"Shop","item":"https:\/\/ksproducts.ca\/shop\/"},{"@type":"ListItem","position":3,"name":"Blackstone 6-piece Culinary Series Griddle Accessory Kit"}]},{"@type":"WebSite","@id":"https:\/\/ksproducts.ca\/#website","url":"https:\/\/ksproducts.ca\/","name":"Produits Ks","description":"Cuisiner et vivre en plein air, c'est facile au Canada","publisher":{"@id":"https:\/\/ksproducts.ca\/#organization"},"potentialAction":[{"@type":"SearchAction","target":{"@type":"EntryPoint","urlTemplate":"https:\/\/ksproducts.ca\/?s={search_term_string}"},"query-input":{"@type":"PropertyValueSpecification","valueRequired":true,"valueName":"search_term_string"}}],"inLanguage":"fr-CA"},{"@type":"Organization","@id":"https:\/\/ksproducts.ca\/#organization","name":"Produits Ks","url":"https:\/\/ksproducts.ca\/","logo":{"@type":"ImageObject","inLanguage":"fr-CA","@id":"https:\/\/ksproducts.ca\/#\/schema\/logo\/image\/","url":"https:\/\/ksproducts.ca\/wp-content\/uploads\/2023\/09\/Kennedy-Sales-Logo-header-1.png","contentUrl":"https:\/\/ksproducts.ca\/wp-content\/uploads\/2023\/09\/Kennedy-Sales-Logo-header-1.png","width":150,"height":77,"caption":"Ks Products"},"image":{"@id":"https:\/\/ksproducts.ca\/#\/schema\/logo\/image\/"}}]}},"_links":{"self":[{"href":"https:\/\/ksproducts.ca\/fr\/wp-json\/wp\/v2\/product\/5937","targetHints":{"allow":["GET"]}}],"collection":[{"href":"https:\/\/ksproducts.ca\/fr\/wp-json\/wp\/v2\/product"}],"about":[{"href":"https:\/\/ksproducts.ca\/fr\/wp-json\/wp\/v2\/types\/product"}],"replies":[{"embeddable":true,"href":"https:\/\/ksproducts.ca\/fr\/wp-json\/wp\/v2\/comments?post=5937"}],"version-history":[{"count":5,"href":"https:\/\/ksproducts.ca\/fr\/wp-json\/wp\/v2\/product\/5937\/revisions"}],"predecessor-version":[{"id":10616,"href":"https:\/\/ksproducts.ca\/fr\/wp-json\/wp\/v2\/product\/5937\/revisions\/10616"}],"wp:featuredmedia":[{"embeddable":true,"href":"https:\/\/ksproducts.ca\/fr\/wp-json\/wp\/v2\/media\/8205"}],"wp:attachment":[{"href":"https:\/\/ksproducts.ca\/fr\/wp-json\/wp\/v2\/media?parent=5937"}],"wp:term":[{"taxonomy":"product_cat","embeddable":true,"href":"https:\/\/ksproducts.ca\/fr\/wp-json\/wp\/v2\/product_cat?post=5937"},{"taxonomy":"product_tag","embeddable":true,"href":"https:\/\/ksproducts.ca\/fr\/wp-json\/wp\/v2\/product_tag?post=5937"}],"curies":[{"name":"wp","href":"https:\/\/api.w.org\/{rel}","templated":true}]}}