{"id":5954,"date":"2023-03-27T21:45:53","date_gmt":"2023-03-27T21:45:53","guid":{"rendered":"https:\/\/ksproducts.ca\/product\/blackstone-gridle-refurb-kit-with-plastic-handle\/"},"modified":"2026-04-04T16:17:46","modified_gmt":"2026-04-04T16:17:46","slug":"kit-de-remise-en-etat-de-la-grille-blackstone-avec-poignee-en-plastique","status":"publish","type":"product","link":"https:\/\/ksproducts.ca\/fr\/product\/blackstone-gridle-refurb-kit-with-plastic-handle\/","title":{"rendered":"Kit de remise \u00e0 neuf de la plaque de cuisson Blackstone avec grattoir et brique de nettoyage"},"content":{"rendered":"<p>Kit de remise \u00e0 neuf du gril Blackstone avec poign\u00e9e en plastique.<\/p>","protected":false},"excerpt":{"rendered":"<p>Le kit de remise \u00e0 neuf de la plaque de cuisson Blackstone avec poign\u00e9es en plastique est s\u00fbr de garder votre plaque de cuisson comme neuve ! Assurez-vous que le dessus de votre grille est \u00e9tincelant de propret\u00e9 en combinant notre grattoir classique pour grilles avec notre brique de nettoyage et notre poign\u00e9e. Votre plancha m\u00e9rite que l'on prenne soin d'elle et qu'on la garde en parfait \u00e9tat, alors faites une faveur \u00e0 votre cuisine d'arri\u00e8re-cour et achetez ce kit tout-en-un d\u00e8s aujourd'hui !<\/p>","protected":false},"featured_media":8221,"comment_status":"closed","ping_status":"closed","template":"","meta":[],"product_cat":[436,439],"product_tag":[],"class_list":{"0":"post-5954","1":"product","2":"type-product","3":"status-publish","4":"has-post-thumbnail","6":"product_brand-blackstone","7":"product_cat-accessories","8":"product_cat-conditioners-cleaning","9":"product_shipping_class-class-1","11":"first","12":"instock","13":"taxable","14":"shipping-taxable","15":"purchasable","16":"product-type-simple"},"yoast_head":"<!-- This site is optimized with the Yoast SEO plugin v27.3 - https:\/\/yoast.com\/product\/yoast-seo-wordpress\/ -->\n<title>Blackstone Griddle Refurbishment Kit with Scraper and Cleaning Brick - Ks Products<\/title>\n<meta name=\"robots\" content=\"index, follow, max-snippet:-1, max-image-preview:large, max-video-preview:-1\" \/>\n<link rel=\"canonical\" href=\"https:\/\/ksproducts.ca\/fr\/product\/kit-de-remise-en-etat-de-la-grille-blackstone-avec-poignee-en-plastique\/\" \/>\n<meta property=\"og:locale\" content=\"fr_CA\" \/>\n<meta property=\"og:type\" content=\"article\" \/>\n<meta property=\"og:title\" content=\"Blackstone Griddle Refurbishment Kit with Scraper and Cleaning Brick - Ks Products\" \/>\n<meta property=\"og:description\" content=\"The Blackstone Griddle Refurbishment Kit with Plastic Handles is sure to keep your griddle looking good as new! Make sure your griddle top is sparkling clean by combining our classic griddle scraper with our cleaning brick and handle combo. Your griddle deserves to be taken care of and kept in tip-top shape, so do your backyard kitchen a favor and pick up this all-in-one kit today!\" \/>\n<meta property=\"og:url\" content=\"https:\/\/ksproducts.ca\/fr\/product\/kit-de-remise-en-etat-de-la-grille-blackstone-avec-poignee-en-plastique\/\" \/>\n<meta property=\"og:site_name\" content=\"Ks Products\" \/>\n<meta property=\"article:modified_time\" content=\"2026-04-04T16:17:46+00:00\" \/>\n<meta property=\"og:image\" content=\"https:\/\/ksproducts.ca\/wp-content\/uploads\/2024\/04\/5064_RefurbishSet_Main_005-jpg.webp\" \/>\n\t<meta property=\"og:image:width\" content=\"800\" \/>\n\t<meta property=\"og:image:height\" content=\"800\" \/>\n\t<meta property=\"og:image:type\" content=\"image\/jpeg\" \/>\n<meta name=\"twitter:card\" content=\"summary_large_image\" \/>\n<meta name=\"twitter:label1\" content=\"Estimation du temps de lecture\" \/>\n\t<meta name=\"twitter:data1\" content=\"1 minute\" \/>\n<script type=\"application\/ld+json\" class=\"yoast-schema-graph\">{\"@context\":\"https:\\\/\\\/schema.org\",\"@graph\":[{\"@type\":\"WebPage\",\"@id\":\"https:\\\/\\\/ksproducts.ca\\\/product\\\/blackstone-gridle-refurb-kit-with-plastic-handle\\\/\",\"url\":\"https:\\\/\\\/ksproducts.ca\\\/product\\\/blackstone-gridle-refurb-kit-with-plastic-handle\\\/\",\"name\":\"Blackstone Griddle Refurbishment Kit with Scraper and Cleaning Brick - Ks Products\",\"isPartOf\":{\"@id\":\"https:\\\/\\\/ksproducts.ca\\\/#website\"},\"primaryImageOfPage\":{\"@id\":\"https:\\\/\\\/ksproducts.ca\\\/product\\\/blackstone-gridle-refurb-kit-with-plastic-handle\\\/#primaryimage\"},\"image\":{\"@id\":\"https:\\\/\\\/ksproducts.ca\\\/product\\\/blackstone-gridle-refurb-kit-with-plastic-handle\\\/#primaryimage\"},\"thumbnailUrl\":\"https:\\\/\\\/ksproducts.ca\\\/wp-content\\\/uploads\\\/2024\\\/04\\\/5064_RefurbishSet_Main_005-jpg.webp\",\"datePublished\":\"2023-03-27T21:45:53+00:00\",\"dateModified\":\"2026-04-04T16:17:46+00:00\",\"breadcrumb\":{\"@id\":\"https:\\\/\\\/ksproducts.ca\\\/product\\\/blackstone-gridle-refurb-kit-with-plastic-handle\\\/#breadcrumb\"},\"inLanguage\":\"fr-CA\",\"potentialAction\":[{\"@type\":\"ReadAction\",\"target\":[\"https:\\\/\\\/ksproducts.ca\\\/product\\\/blackstone-gridle-refurb-kit-with-plastic-handle\\\/\"]}]},{\"@type\":\"ImageObject\",\"inLanguage\":\"fr-CA\",\"@id\":\"https:\\\/\\\/ksproducts.ca\\\/product\\\/blackstone-gridle-refurb-kit-with-plastic-handle\\\/#primaryimage\",\"url\":\"https:\\\/\\\/ksproducts.ca\\\/wp-content\\\/uploads\\\/2024\\\/04\\\/5064_RefurbishSet_Main_005-jpg.webp\",\"contentUrl\":\"https:\\\/\\\/ksproducts.ca\\\/wp-content\\\/uploads\\\/2024\\\/04\\\/5064_RefurbishSet_Main_005-jpg.webp\",\"width\":800,\"height\":800,\"caption\":\"Blackstone Griddle Refurbishment Kit with Scraper and Cleaning Brick\"},{\"@type\":\"BreadcrumbList\",\"@id\":\"https:\\\/\\\/ksproducts.ca\\\/product\\\/blackstone-gridle-refurb-kit-with-plastic-handle\\\/#breadcrumb\",\"itemListElement\":[{\"@type\":\"ListItem\",\"position\":1,\"name\":\"Home\",\"item\":\"https:\\\/\\\/ksproducts.ca\\\/\"},{\"@type\":\"ListItem\",\"position\":2,\"name\":\"Shop\",\"item\":\"https:\\\/\\\/ksproducts.ca\\\/shop\\\/\"},{\"@type\":\"ListItem\",\"position\":3,\"name\":\"Blackstone Griddle Refurbishment Kit with Scraper and Cleaning Brick\"}]},{\"@type\":\"WebSite\",\"@id\":\"https:\\\/\\\/ksproducts.ca\\\/#website\",\"url\":\"https:\\\/\\\/ksproducts.ca\\\/\",\"name\":\"Ks Products\",\"description\":\"Outdoor cooking and living, made easy in Canada\",\"publisher\":{\"@id\":\"https:\\\/\\\/ksproducts.ca\\\/#organization\"},\"potentialAction\":[{\"@type\":\"SearchAction\",\"target\":{\"@type\":\"EntryPoint\",\"urlTemplate\":\"https:\\\/\\\/ksproducts.ca\\\/?s={search_term_string}\"},\"query-input\":{\"@type\":\"PropertyValueSpecification\",\"valueRequired\":true,\"valueName\":\"search_term_string\"}}],\"inLanguage\":\"fr-CA\"},{\"@type\":\"Organization\",\"@id\":\"https:\\\/\\\/ksproducts.ca\\\/#organization\",\"name\":\"Ks Products\",\"url\":\"https:\\\/\\\/ksproducts.ca\\\/\",\"logo\":{\"@type\":\"ImageObject\",\"inLanguage\":\"fr-CA\",\"@id\":\"https:\\\/\\\/ksproducts.ca\\\/#\\\/schema\\\/logo\\\/image\\\/\",\"url\":\"https:\\\/\\\/ksproducts.ca\\\/wp-content\\\/uploads\\\/2023\\\/09\\\/Kennedy-Sales-Logo-header-1.png\",\"contentUrl\":\"https:\\\/\\\/ksproducts.ca\\\/wp-content\\\/uploads\\\/2023\\\/09\\\/Kennedy-Sales-Logo-header-1.png\",\"width\":150,\"height\":77,\"caption\":\"Ks Products\"},\"image\":{\"@id\":\"https:\\\/\\\/ksproducts.ca\\\/#\\\/schema\\\/logo\\\/image\\\/\"}}]}<\/script>\n<!-- \/ Yoast SEO plugin. -->","yoast_head_json":{"title":"Kit de r\u00e9novation de gril Blackstone avec grattoir et brique de nettoyage - Ks Products","robots":{"index":"index","follow":"follow","max-snippet":"max-snippet:-1","max-image-preview":"max-image-preview:large","max-video-preview":"max-video-preview:-1"},"canonical":"https:\/\/ksproducts.ca\/fr\/product\/kit-de-remise-en-etat-de-la-grille-blackstone-avec-poignee-en-plastique\/","og_locale":"fr_CA","og_type":"article","og_title":"Blackstone Griddle Refurbishment Kit with Scraper and Cleaning Brick - Ks Products","og_description":"The Blackstone Griddle Refurbishment Kit with Plastic Handles is sure to keep your griddle looking good as new! Make sure your griddle top is sparkling clean by combining our classic griddle scraper with our cleaning brick and handle combo. Your griddle deserves to be taken care of and kept in tip-top shape, so do your backyard kitchen a favor and pick up this all-in-one kit today!","og_url":"https:\/\/ksproducts.ca\/fr\/product\/kit-de-remise-en-etat-de-la-grille-blackstone-avec-poignee-en-plastique\/","og_site_name":"Ks Products","article_modified_time":"2026-04-04T16:17:46+00:00","og_image":[{"width":800,"height":800,"url":"https:\/\/ksproducts.ca\/wp-content\/uploads\/2024\/04\/5064_RefurbishSet_Main_005-jpg.webp","type":"image\/jpeg"}],"twitter_card":"summary_large_image","twitter_misc":{"Estimation du temps de lecture":"1 minute"},"schema":{"@context":"https:\/\/schema.org","@graph":[{"@type":"WebPage","@id":"https:\/\/ksproducts.ca\/product\/blackstone-gridle-refurb-kit-with-plastic-handle\/","url":"https:\/\/ksproducts.ca\/product\/blackstone-gridle-refurb-kit-with-plastic-handle\/","name":"Kit de r\u00e9novation de gril Blackstone avec grattoir et brique de nettoyage - Ks Products","isPartOf":{"@id":"https:\/\/ksproducts.ca\/#website"},"primaryImageOfPage":{"@id":"https:\/\/ksproducts.ca\/product\/blackstone-gridle-refurb-kit-with-plastic-handle\/#primaryimage"},"image":{"@id":"https:\/\/ksproducts.ca\/product\/blackstone-gridle-refurb-kit-with-plastic-handle\/#primaryimage"},"thumbnailUrl":"https:\/\/ksproducts.ca\/wp-content\/uploads\/2024\/04\/5064_RefurbishSet_Main_005-jpg.webp","datePublished":"2023-03-27T21:45:53+00:00","dateModified":"2026-04-04T16:17:46+00:00","breadcrumb":{"@id":"https:\/\/ksproducts.ca\/product\/blackstone-gridle-refurb-kit-with-plastic-handle\/#breadcrumb"},"inLanguage":"fr-CA","potentialAction":[{"@type":"ReadAction","target":["https:\/\/ksproducts.ca\/product\/blackstone-gridle-refurb-kit-with-plastic-handle\/"]}]},{"@type":"ImageObject","inLanguage":"fr-CA","@id":"https:\/\/ksproducts.ca\/product\/blackstone-gridle-refurb-kit-with-plastic-handle\/#primaryimage","url":"https:\/\/ksproducts.ca\/wp-content\/uploads\/2024\/04\/5064_RefurbishSet_Main_005-jpg.webp","contentUrl":"https:\/\/ksproducts.ca\/wp-content\/uploads\/2024\/04\/5064_RefurbishSet_Main_005-jpg.webp","width":800,"height":800,"caption":"Blackstone Griddle Refurbishment Kit with Scraper and Cleaning Brick"},{"@type":"BreadcrumbList","@id":"https:\/\/ksproducts.ca\/product\/blackstone-gridle-refurb-kit-with-plastic-handle\/#breadcrumb","itemListElement":[{"@type":"ListItem","position":1,"name":"Home","item":"https:\/\/ksproducts.ca\/"},{"@type":"ListItem","position":2,"name":"Shop","item":"https:\/\/ksproducts.ca\/shop\/"},{"@type":"ListItem","position":3,"name":"Blackstone Griddle Refurbishment Kit with Scraper and Cleaning Brick"}]},{"@type":"WebSite","@id":"https:\/\/ksproducts.ca\/#website","url":"https:\/\/ksproducts.ca\/","name":"Produits Ks","description":"Cuisiner et vivre en plein air, c'est facile au Canada","publisher":{"@id":"https:\/\/ksproducts.ca\/#organization"},"potentialAction":[{"@type":"SearchAction","target":{"@type":"EntryPoint","urlTemplate":"https:\/\/ksproducts.ca\/?s={search_term_string}"},"query-input":{"@type":"PropertyValueSpecification","valueRequired":true,"valueName":"search_term_string"}}],"inLanguage":"fr-CA"},{"@type":"Organization","@id":"https:\/\/ksproducts.ca\/#organization","name":"Produits Ks","url":"https:\/\/ksproducts.ca\/","logo":{"@type":"ImageObject","inLanguage":"fr-CA","@id":"https:\/\/ksproducts.ca\/#\/schema\/logo\/image\/","url":"https:\/\/ksproducts.ca\/wp-content\/uploads\/2023\/09\/Kennedy-Sales-Logo-header-1.png","contentUrl":"https:\/\/ksproducts.ca\/wp-content\/uploads\/2023\/09\/Kennedy-Sales-Logo-header-1.png","width":150,"height":77,"caption":"Ks Products"},"image":{"@id":"https:\/\/ksproducts.ca\/#\/schema\/logo\/image\/"}}]}},"_links":{"self":[{"href":"https:\/\/ksproducts.ca\/fr\/wp-json\/wp\/v2\/product\/5954","targetHints":{"allow":["GET"]}}],"collection":[{"href":"https:\/\/ksproducts.ca\/fr\/wp-json\/wp\/v2\/product"}],"about":[{"href":"https:\/\/ksproducts.ca\/fr\/wp-json\/wp\/v2\/types\/product"}],"replies":[{"embeddable":true,"href":"https:\/\/ksproducts.ca\/fr\/wp-json\/wp\/v2\/comments?post=5954"}],"version-history":[{"count":3,"href":"https:\/\/ksproducts.ca\/fr\/wp-json\/wp\/v2\/product\/5954\/revisions"}],"predecessor-version":[{"id":10624,"href":"https:\/\/ksproducts.ca\/fr\/wp-json\/wp\/v2\/product\/5954\/revisions\/10624"}],"wp:featuredmedia":[{"embeddable":true,"href":"https:\/\/ksproducts.ca\/fr\/wp-json\/wp\/v2\/media\/8221"}],"wp:attachment":[{"href":"https:\/\/ksproducts.ca\/fr\/wp-json\/wp\/v2\/media?parent=5954"}],"wp:term":[{"taxonomy":"product_cat","embeddable":true,"href":"https:\/\/ksproducts.ca\/fr\/wp-json\/wp\/v2\/product_cat?post=5954"},{"taxonomy":"product_tag","embeddable":true,"href":"https:\/\/ksproducts.ca\/fr\/wp-json\/wp\/v2\/product_tag?post=5954"}],"curies":[{"name":"wp","href":"https:\/\/api.w.org\/{rel}","templated":true}]}}