{"id":5966,"date":"2023-03-27T21:46:19","date_gmt":"2023-03-27T21:46:19","guid":{"rendered":"https:\/\/ksproducts.ca\/product\/36-griddle-hood-soft-cover-2\/"},"modified":"2026-04-04T16:17:58","modified_gmt":"2026-04-04T16:17:58","slug":"36-capot-souple-de-la-hotte-de-la-plaque-de-cuisson-2","status":"publish","type":"product","link":"https:\/\/ksproducts.ca\/fr\/product\/36-griddle-hood-soft-cover-2\/","title":{"rendered":"Blackstone Original Series Soft Cover for 36inch Griddle with Hood (housse souple pour plaque de cuisson de 36 pouces avec hotte)"},"content":{"rendered":"","protected":false},"excerpt":{"rendered":"<p>L'entretien de votre plaque de cuisson de 36\u201d devient un jeu d'enfant gr\u00e2ce \u00e0 cette housse r\u00e9sistante aux intemp\u00e9ries. Elle est dot\u00e9e de boucles durables qui se clipsent sur les c\u00f4t\u00e9s, de sorte que votre housse reste en place m\u00eame en cas de vents violents, ann\u00e9e apr\u00e8s ann\u00e9e.<\/p>\n<p>&nbsp;<\/p>\n<p>&nbsp;<\/p>\n<p>&nbsp;<\/p>\n<p>&nbsp;<\/p>","protected":false},"featured_media":5967,"comment_status":"closed","ping_status":"closed","template":"","meta":[],"product_cat":[436,437],"product_tag":[],"class_list":{"0":"post-5966","1":"product","2":"type-product","3":"status-publish","4":"has-post-thumbnail","6":"product_brand-blackstone","7":"product_cat-accessories","8":"product_cat-covers-cases","9":"product_shipping_class-class-1","11":"first","12":"instock","13":"purchasable","14":"product-type-simple"},"yoast_head":"<!-- This site is optimized with the Yoast SEO plugin v27.3 - https:\/\/yoast.com\/product\/yoast-seo-wordpress\/ -->\n<title>Blackstone Original Series Soft Cover for 36inch Griddle with Hood - Ks Products<\/title>\n<meta name=\"robots\" content=\"index, follow, max-snippet:-1, max-image-preview:large, max-video-preview:-1\" \/>\n<link rel=\"canonical\" href=\"https:\/\/ksproducts.ca\/fr\/product\/36-capot-souple-de-la-hotte-de-la-plaque-de-cuisson-2\/\" \/>\n<meta property=\"og:locale\" content=\"fr_CA\" \/>\n<meta property=\"og:type\" content=\"article\" \/>\n<meta property=\"og:title\" content=\"Blackstone Original Series Soft Cover for 36inch Griddle with Hood - Ks Products\" \/>\n<meta property=\"og:description\" content=\"Make taking care of your 36\u201d griddle a cinch with the weather-resistant cover, it has durable buckles that clip on the sides so your griddle cover will stay put even in high winds year after year.  &nbsp;  &nbsp;  &nbsp;  &nbsp;\" \/>\n<meta property=\"og:url\" content=\"https:\/\/ksproducts.ca\/fr\/product\/36-capot-souple-de-la-hotte-de-la-plaque-de-cuisson-2\/\" \/>\n<meta property=\"og:site_name\" content=\"Ks Products\" \/>\n<meta property=\"article:modified_time\" content=\"2026-04-04T16:17:58+00:00\" \/>\n<meta property=\"og:image\" content=\"https:\/\/ksproducts.ca\/wp-content\/uploads\/2023\/03\/5482_28_GriddleSationCover_01_4455a5e5-18eb-492d-b4e9-7ee1d308b593_1024x1024-jpg.webp\" \/>\n\t<meta property=\"og:image:width\" content=\"1024\" \/>\n\t<meta property=\"og:image:height\" content=\"814\" \/>\n\t<meta property=\"og:image:type\" content=\"image\/jpeg\" \/>\n<meta name=\"twitter:card\" content=\"summary_large_image\" \/>\n<meta name=\"twitter:label1\" content=\"Estimation du temps de lecture\" \/>\n\t<meta name=\"twitter:data1\" content=\"1 minute\" \/>\n<script type=\"application\/ld+json\" class=\"yoast-schema-graph\">{\"@context\":\"https:\\\/\\\/schema.org\",\"@graph\":[{\"@type\":\"WebPage\",\"@id\":\"https:\\\/\\\/ksproducts.ca\\\/product\\\/36-griddle-hood-soft-cover-2\\\/\",\"url\":\"https:\\\/\\\/ksproducts.ca\\\/product\\\/36-griddle-hood-soft-cover-2\\\/\",\"name\":\"Blackstone Original Series Soft Cover for 36inch Griddle with Hood - Ks Products\",\"isPartOf\":{\"@id\":\"https:\\\/\\\/ksproducts.ca\\\/#website\"},\"primaryImageOfPage\":{\"@id\":\"https:\\\/\\\/ksproducts.ca\\\/product\\\/36-griddle-hood-soft-cover-2\\\/#primaryimage\"},\"image\":{\"@id\":\"https:\\\/\\\/ksproducts.ca\\\/product\\\/36-griddle-hood-soft-cover-2\\\/#primaryimage\"},\"thumbnailUrl\":\"https:\\\/\\\/ksproducts.ca\\\/wp-content\\\/uploads\\\/2023\\\/03\\\/5482_28_GriddleSationCover_01_4455a5e5-18eb-492d-b4e9-7ee1d308b593_1024x1024-jpg.webp\",\"datePublished\":\"2023-03-27T21:46:19+00:00\",\"dateModified\":\"2026-04-04T16:17:58+00:00\",\"breadcrumb\":{\"@id\":\"https:\\\/\\\/ksproducts.ca\\\/product\\\/36-griddle-hood-soft-cover-2\\\/#breadcrumb\"},\"inLanguage\":\"fr-CA\",\"potentialAction\":[{\"@type\":\"ReadAction\",\"target\":[\"https:\\\/\\\/ksproducts.ca\\\/product\\\/36-griddle-hood-soft-cover-2\\\/\"]}]},{\"@type\":\"ImageObject\",\"inLanguage\":\"fr-CA\",\"@id\":\"https:\\\/\\\/ksproducts.ca\\\/product\\\/36-griddle-hood-soft-cover-2\\\/#primaryimage\",\"url\":\"https:\\\/\\\/ksproducts.ca\\\/wp-content\\\/uploads\\\/2023\\\/03\\\/5482_28_GriddleSationCover_01_4455a5e5-18eb-492d-b4e9-7ee1d308b593_1024x1024-jpg.webp\",\"contentUrl\":\"https:\\\/\\\/ksproducts.ca\\\/wp-content\\\/uploads\\\/2023\\\/03\\\/5482_28_GriddleSationCover_01_4455a5e5-18eb-492d-b4e9-7ee1d308b593_1024x1024-jpg.webp\",\"width\":1024,\"height\":814,\"caption\":\"5482 28 GriddleSationCover 01 4455a5e5 18eb 492d b4e9 7ee1d308b593 1024x1024 jpg\"},{\"@type\":\"BreadcrumbList\",\"@id\":\"https:\\\/\\\/ksproducts.ca\\\/product\\\/36-griddle-hood-soft-cover-2\\\/#breadcrumb\",\"itemListElement\":[{\"@type\":\"ListItem\",\"position\":1,\"name\":\"Home\",\"item\":\"https:\\\/\\\/ksproducts.ca\\\/\"},{\"@type\":\"ListItem\",\"position\":2,\"name\":\"Shop\",\"item\":\"https:\\\/\\\/ksproducts.ca\\\/shop\\\/\"},{\"@type\":\"ListItem\",\"position\":3,\"name\":\"Blackstone Original Series Soft Cover for 36inch Griddle with Hood\"}]},{\"@type\":\"WebSite\",\"@id\":\"https:\\\/\\\/ksproducts.ca\\\/#website\",\"url\":\"https:\\\/\\\/ksproducts.ca\\\/\",\"name\":\"Ks Products\",\"description\":\"Outdoor cooking and living, made easy in Canada\",\"publisher\":{\"@id\":\"https:\\\/\\\/ksproducts.ca\\\/#organization\"},\"potentialAction\":[{\"@type\":\"SearchAction\",\"target\":{\"@type\":\"EntryPoint\",\"urlTemplate\":\"https:\\\/\\\/ksproducts.ca\\\/?s={search_term_string}\"},\"query-input\":{\"@type\":\"PropertyValueSpecification\",\"valueRequired\":true,\"valueName\":\"search_term_string\"}}],\"inLanguage\":\"fr-CA\"},{\"@type\":\"Organization\",\"@id\":\"https:\\\/\\\/ksproducts.ca\\\/#organization\",\"name\":\"Ks Products\",\"url\":\"https:\\\/\\\/ksproducts.ca\\\/\",\"logo\":{\"@type\":\"ImageObject\",\"inLanguage\":\"fr-CA\",\"@id\":\"https:\\\/\\\/ksproducts.ca\\\/#\\\/schema\\\/logo\\\/image\\\/\",\"url\":\"https:\\\/\\\/ksproducts.ca\\\/wp-content\\\/uploads\\\/2023\\\/09\\\/Kennedy-Sales-Logo-header-1.png\",\"contentUrl\":\"https:\\\/\\\/ksproducts.ca\\\/wp-content\\\/uploads\\\/2023\\\/09\\\/Kennedy-Sales-Logo-header-1.png\",\"width\":150,\"height\":77,\"caption\":\"Ks Products\"},\"image\":{\"@id\":\"https:\\\/\\\/ksproducts.ca\\\/#\\\/schema\\\/logo\\\/image\\\/\"}}]}<\/script>\n<!-- \/ Yoast SEO plugin. -->","yoast_head_json":{"title":"Blackstone Original Series Soft Cover for 36inch Griddle with Hood - Ks Products","robots":{"index":"index","follow":"follow","max-snippet":"max-snippet:-1","max-image-preview":"max-image-preview:large","max-video-preview":"max-video-preview:-1"},"canonical":"https:\/\/ksproducts.ca\/fr\/product\/36-capot-souple-de-la-hotte-de-la-plaque-de-cuisson-2\/","og_locale":"fr_CA","og_type":"article","og_title":"Blackstone Original Series Soft Cover for 36inch Griddle with Hood - Ks Products","og_description":"Make taking care of your 36\u201d griddle a cinch with the weather-resistant cover, it has durable buckles that clip on the sides so your griddle cover will stay put even in high winds year after year.  &nbsp;  &nbsp;  &nbsp;  &nbsp;","og_url":"https:\/\/ksproducts.ca\/fr\/product\/36-capot-souple-de-la-hotte-de-la-plaque-de-cuisson-2\/","og_site_name":"Ks Products","article_modified_time":"2026-04-04T16:17:58+00:00","og_image":[{"width":1024,"height":814,"url":"https:\/\/ksproducts.ca\/wp-content\/uploads\/2023\/03\/5482_28_GriddleSationCover_01_4455a5e5-18eb-492d-b4e9-7ee1d308b593_1024x1024-jpg.webp","type":"image\/jpeg"}],"twitter_card":"summary_large_image","twitter_misc":{"Estimation du temps de lecture":"1 minute"},"schema":{"@context":"https:\/\/schema.org","@graph":[{"@type":"WebPage","@id":"https:\/\/ksproducts.ca\/product\/36-griddle-hood-soft-cover-2\/","url":"https:\/\/ksproducts.ca\/product\/36-griddle-hood-soft-cover-2\/","name":"Blackstone Original Series Soft Cover for 36inch Griddle with Hood - Ks Products","isPartOf":{"@id":"https:\/\/ksproducts.ca\/#website"},"primaryImageOfPage":{"@id":"https:\/\/ksproducts.ca\/product\/36-griddle-hood-soft-cover-2\/#primaryimage"},"image":{"@id":"https:\/\/ksproducts.ca\/product\/36-griddle-hood-soft-cover-2\/#primaryimage"},"thumbnailUrl":"https:\/\/ksproducts.ca\/wp-content\/uploads\/2023\/03\/5482_28_GriddleSationCover_01_4455a5e5-18eb-492d-b4e9-7ee1d308b593_1024x1024-jpg.webp","datePublished":"2023-03-27T21:46:19+00:00","dateModified":"2026-04-04T16:17:58+00:00","breadcrumb":{"@id":"https:\/\/ksproducts.ca\/product\/36-griddle-hood-soft-cover-2\/#breadcrumb"},"inLanguage":"fr-CA","potentialAction":[{"@type":"ReadAction","target":["https:\/\/ksproducts.ca\/product\/36-griddle-hood-soft-cover-2\/"]}]},{"@type":"ImageObject","inLanguage":"fr-CA","@id":"https:\/\/ksproducts.ca\/product\/36-griddle-hood-soft-cover-2\/#primaryimage","url":"https:\/\/ksproducts.ca\/wp-content\/uploads\/2023\/03\/5482_28_GriddleSationCover_01_4455a5e5-18eb-492d-b4e9-7ee1d308b593_1024x1024-jpg.webp","contentUrl":"https:\/\/ksproducts.ca\/wp-content\/uploads\/2023\/03\/5482_28_GriddleSationCover_01_4455a5e5-18eb-492d-b4e9-7ee1d308b593_1024x1024-jpg.webp","width":1024,"height":814,"caption":"5482 28 GriddleSationCover 01 4455a5e5 18eb 492d b4e9 7ee1d308b593 1024x1024 jpg"},{"@type":"BreadcrumbList","@id":"https:\/\/ksproducts.ca\/product\/36-griddle-hood-soft-cover-2\/#breadcrumb","itemListElement":[{"@type":"ListItem","position":1,"name":"Home","item":"https:\/\/ksproducts.ca\/"},{"@type":"ListItem","position":2,"name":"Shop","item":"https:\/\/ksproducts.ca\/shop\/"},{"@type":"ListItem","position":3,"name":"Blackstone Original Series Soft Cover for 36inch Griddle with Hood"}]},{"@type":"WebSite","@id":"https:\/\/ksproducts.ca\/#website","url":"https:\/\/ksproducts.ca\/","name":"Produits Ks","description":"Cuisiner et vivre en plein air, c'est facile au Canada","publisher":{"@id":"https:\/\/ksproducts.ca\/#organization"},"potentialAction":[{"@type":"SearchAction","target":{"@type":"EntryPoint","urlTemplate":"https:\/\/ksproducts.ca\/?s={search_term_string}"},"query-input":{"@type":"PropertyValueSpecification","valueRequired":true,"valueName":"search_term_string"}}],"inLanguage":"fr-CA"},{"@type":"Organization","@id":"https:\/\/ksproducts.ca\/#organization","name":"Produits Ks","url":"https:\/\/ksproducts.ca\/","logo":{"@type":"ImageObject","inLanguage":"fr-CA","@id":"https:\/\/ksproducts.ca\/#\/schema\/logo\/image\/","url":"https:\/\/ksproducts.ca\/wp-content\/uploads\/2023\/09\/Kennedy-Sales-Logo-header-1.png","contentUrl":"https:\/\/ksproducts.ca\/wp-content\/uploads\/2023\/09\/Kennedy-Sales-Logo-header-1.png","width":150,"height":77,"caption":"Ks Products"},"image":{"@id":"https:\/\/ksproducts.ca\/#\/schema\/logo\/image\/"}}]}},"_links":{"self":[{"href":"https:\/\/ksproducts.ca\/fr\/wp-json\/wp\/v2\/product\/5966","targetHints":{"allow":["GET"]}}],"collection":[{"href":"https:\/\/ksproducts.ca\/fr\/wp-json\/wp\/v2\/product"}],"about":[{"href":"https:\/\/ksproducts.ca\/fr\/wp-json\/wp\/v2\/types\/product"}],"replies":[{"embeddable":true,"href":"https:\/\/ksproducts.ca\/fr\/wp-json\/wp\/v2\/comments?post=5966"}],"version-history":[{"count":3,"href":"https:\/\/ksproducts.ca\/fr\/wp-json\/wp\/v2\/product\/5966\/revisions"}],"predecessor-version":[{"id":10771,"href":"https:\/\/ksproducts.ca\/fr\/wp-json\/wp\/v2\/product\/5966\/revisions\/10771"}],"wp:featuredmedia":[{"embeddable":true,"href":"https:\/\/ksproducts.ca\/fr\/wp-json\/wp\/v2\/media\/5967"}],"wp:attachment":[{"href":"https:\/\/ksproducts.ca\/fr\/wp-json\/wp\/v2\/media?parent=5966"}],"wp:term":[{"taxonomy":"product_cat","embeddable":true,"href":"https:\/\/ksproducts.ca\/fr\/wp-json\/wp\/v2\/product_cat?post=5966"},{"taxonomy":"product_tag","embeddable":true,"href":"https:\/\/ksproducts.ca\/fr\/wp-json\/wp\/v2\/product_tag?post=5966"}],"curies":[{"name":"wp","href":"https:\/\/api.w.org\/{rel}","templated":true}]}}