{"id":5984,"date":"2023-03-27T21:46:59","date_gmt":"2023-03-27T21:46:59","guid":{"rendered":"https:\/\/ksproducts.ca\/product\/culinary-series-breakfast-kit\/"},"modified":"2026-04-03T20:18:50","modified_gmt":"2026-04-03T20:18:50","slug":"kit-petit-dejeuner-serie-culinaire","status":"publish","type":"product","link":"https:\/\/ksproducts.ca\/fr\/product\/culinary-series-breakfast-kit\/","title":{"rendered":"Blackstone Culinary Series 8-Piece Breakfast Accessory Kit (Kit d'accessoires pour petit-d\u00e9jeuner)"},"content":{"rendered":"<p id=\"preview-overview\" class=\"SectionTitle-PDP__w60qju-0 kPNdTO preview-title\">\n<div class=\"styles__OverviewWrapper-btr0es-1 likchK overviewWrapper\">\n<div class=\"specs\">\n<ul class=\"bullets\">\n<li>Kit petit-d\u00e9jeuner pour cr\u00eapes, pancakes, \u0153ufs, bacon, etc.<\/li>\n<li>1 Anneau \u00e0 omelette (8 pouces de diam\u00e8tre, acier inoxydable, manche en caoutchouc)<\/li>\n<li>1 Distributeur de p\u00e2te \u00e0 cr\u00eapes (4 tasses ou 1 pinte)<\/li>\n<li>1 \u00c9taleur de cr\u00eapes (bois de h\u00eatre)<\/li>\n<li>4 Anneaux \u00e0 \u0153ufs (diam\u00e8tre de 4 pouces, acier inoxydable, poign\u00e9e en caoutchouc)<\/li>\n<li>1 R\u00f4tissoire et presse \u00e0 bacon en fonte pr\u00e9-assaisonn\u00e9e (poign\u00e9e en plastique r\u00e9sistant \u00e0 la chaleur)<\/li>\n<\/ul>\n<\/div>\n<\/div>","protected":false},"excerpt":{"rendered":"<p id=\"preview-overview\" class=\"SectionTitle-PDP__w60qju-0 kPNdTO preview-title\"><span style=\"font-size: 16px;\">Les petits d\u00e9jeuners sont meilleurs avec le kit de petit d\u00e9jeuner culinaire Blackstone (8 pi\u00e8ces). Cuisinez des cr\u00eapes et des pancakes avec pr\u00e9cision gr\u00e2ce au distributeur de p\u00e2te et \u00e0 l'\u00e9taleur. Savourez des omelettes garnies de bacon en utilisant la presse \u00e0 griller et l'anneau de 8 pouces. Quel que soit votre style de petit-d\u00e9jeuner, ce kit contient tout ce dont vous avez besoin pour pr\u00e9parer un petit-d\u00e9jeuner rapide et facile pour toute la famille. Fabriqu\u00e9 en plastique de haute qualit\u00e9, en acier inoxydable et en fonte, vous obtenez les meilleurs outils pour de meilleurs matins. Mais ces outils ne se contentent pas de faire leur apparition dans la matin\u00e9e. Utilisez la presse \u00e0 bacon en fonte pour \u00e9craser les hamburgers, saisir les pieux ou \u00e9craser l'ail r\u00f4ti. Utilisez les anneaux \u00e0 \u0153ufs et \u00e0 omelettes pour fa\u00e7onner des galettes ou des g\u00e2teaux \u00e0 la plancha. Et bien d'autres choses encore ! Il s'agit d'un kit polyvalent et bien \u00e9quilibr\u00e9 que vous utiliserez encore et encore.<\/span><\/p>","protected":false},"featured_media":8172,"comment_status":"closed","ping_status":"closed","template":"","meta":[],"product_cat":[436,438],"product_tag":[],"class_list":{"0":"post-5984","1":"product","2":"type-product","3":"status-publish","4":"has-post-thumbnail","6":"product_brand-blackstone","7":"product_cat-accessories","8":"product_cat-tools-kits","9":"product_shipping_class-class-1","11":"first","12":"instock","13":"taxable","14":"shipping-taxable","15":"purchasable","16":"product-type-simple"},"yoast_head":"<!-- This site is optimized with the Yoast SEO plugin v27.3 - https:\/\/yoast.com\/product\/yoast-seo-wordpress\/ -->\n<title>Blackstone Culinary Series 8-Piece Breakfast Accessory Kit - Ks Products<\/title>\n<meta name=\"robots\" content=\"index, follow, max-snippet:-1, max-image-preview:large, max-video-preview:-1\" \/>\n<link rel=\"canonical\" href=\"https:\/\/ksproducts.ca\/fr\/product\/kit-petit-dejeuner-serie-culinaire\/\" \/>\n<meta property=\"og:locale\" content=\"fr_CA\" \/>\n<meta property=\"og:type\" content=\"article\" \/>\n<meta property=\"og:title\" content=\"Blackstone Culinary Series 8-Piece Breakfast Accessory Kit - Ks Products\" \/>\n<meta property=\"og:description\" content=\"Breakfasts are better with the Blackstone culinary breakfast kit (8 pc). Cook crepes and pancakes with precision using the batter dispenser and spreader. Savor bacon topped omelets using the griddle press and 8-inch ring. No matter your breakfasting style this kit has everything you need to make the entire family a breakfast quick and easy. Made from high-quality plastic, stainless steel, and cast iron, you&#039;re getting the best tools for better mornings. But these don&#039;t only make an appearance in the AM. Use the cast iron bacon press for smash burgers, searing stakes, or crushing roasted garlic. Use the egg and omelet rings, to shape patties or griddle cakes. And so much more! This is a well-rounded versatile kit you will use time and time again.\" \/>\n<meta property=\"og:url\" content=\"https:\/\/ksproducts.ca\/fr\/product\/kit-petit-dejeuner-serie-culinaire\/\" \/>\n<meta property=\"og:site_name\" content=\"Ks Products\" \/>\n<meta property=\"article:modified_time\" content=\"2026-04-03T20:18:50+00:00\" \/>\n<meta property=\"og:image\" content=\"https:\/\/ksproducts.ca\/wp-content\/uploads\/2024\/04\/5324_CulinaryBreakfastKit_Group_OnWhite_01-jpg.webp\" \/>\n\t<meta property=\"og:image:width\" content=\"1025\" \/>\n\t<meta property=\"og:image:height\" content=\"1025\" \/>\n\t<meta property=\"og:image:type\" content=\"image\/jpeg\" \/>\n<meta name=\"twitter:card\" content=\"summary_large_image\" \/>\n<meta name=\"twitter:label1\" content=\"Estimation du temps de lecture\" \/>\n\t<meta name=\"twitter:data1\" content=\"1 minute\" \/>\n<script type=\"application\/ld+json\" class=\"yoast-schema-graph\">{\"@context\":\"https:\\\/\\\/schema.org\",\"@graph\":[{\"@type\":\"WebPage\",\"@id\":\"https:\\\/\\\/ksproducts.ca\\\/product\\\/culinary-series-breakfast-kit\\\/\",\"url\":\"https:\\\/\\\/ksproducts.ca\\\/product\\\/culinary-series-breakfast-kit\\\/\",\"name\":\"Blackstone Culinary Series 8-Piece Breakfast Accessory Kit - Ks Products\",\"isPartOf\":{\"@id\":\"https:\\\/\\\/ksproducts.ca\\\/#website\"},\"primaryImageOfPage\":{\"@id\":\"https:\\\/\\\/ksproducts.ca\\\/product\\\/culinary-series-breakfast-kit\\\/#primaryimage\"},\"image\":{\"@id\":\"https:\\\/\\\/ksproducts.ca\\\/product\\\/culinary-series-breakfast-kit\\\/#primaryimage\"},\"thumbnailUrl\":\"https:\\\/\\\/ksproducts.ca\\\/wp-content\\\/uploads\\\/2024\\\/04\\\/5324_CulinaryBreakfastKit_Group_OnWhite_01-jpg.webp\",\"datePublished\":\"2023-03-27T21:46:59+00:00\",\"dateModified\":\"2026-04-03T20:18:50+00:00\",\"breadcrumb\":{\"@id\":\"https:\\\/\\\/ksproducts.ca\\\/product\\\/culinary-series-breakfast-kit\\\/#breadcrumb\"},\"inLanguage\":\"fr-CA\",\"potentialAction\":[{\"@type\":\"ReadAction\",\"target\":[\"https:\\\/\\\/ksproducts.ca\\\/product\\\/culinary-series-breakfast-kit\\\/\"]}]},{\"@type\":\"ImageObject\",\"inLanguage\":\"fr-CA\",\"@id\":\"https:\\\/\\\/ksproducts.ca\\\/product\\\/culinary-series-breakfast-kit\\\/#primaryimage\",\"url\":\"https:\\\/\\\/ksproducts.ca\\\/wp-content\\\/uploads\\\/2024\\\/04\\\/5324_CulinaryBreakfastKit_Group_OnWhite_01-jpg.webp\",\"contentUrl\":\"https:\\\/\\\/ksproducts.ca\\\/wp-content\\\/uploads\\\/2024\\\/04\\\/5324_CulinaryBreakfastKit_Group_OnWhite_01-jpg.webp\",\"width\":1025,\"height\":1025,\"caption\":\"Blackstone Culinary Series 8-Piece Breakfast Accessory Kit\"},{\"@type\":\"BreadcrumbList\",\"@id\":\"https:\\\/\\\/ksproducts.ca\\\/product\\\/culinary-series-breakfast-kit\\\/#breadcrumb\",\"itemListElement\":[{\"@type\":\"ListItem\",\"position\":1,\"name\":\"Home\",\"item\":\"https:\\\/\\\/ksproducts.ca\\\/\"},{\"@type\":\"ListItem\",\"position\":2,\"name\":\"Shop\",\"item\":\"https:\\\/\\\/ksproducts.ca\\\/shop\\\/\"},{\"@type\":\"ListItem\",\"position\":3,\"name\":\"Blackstone Culinary Series 8-Piece Breakfast Accessory Kit\"}]},{\"@type\":\"WebSite\",\"@id\":\"https:\\\/\\\/ksproducts.ca\\\/#website\",\"url\":\"https:\\\/\\\/ksproducts.ca\\\/\",\"name\":\"Ks Products\",\"description\":\"Outdoor cooking and living, made easy in Canada\",\"publisher\":{\"@id\":\"https:\\\/\\\/ksproducts.ca\\\/#organization\"},\"potentialAction\":[{\"@type\":\"SearchAction\",\"target\":{\"@type\":\"EntryPoint\",\"urlTemplate\":\"https:\\\/\\\/ksproducts.ca\\\/?s={search_term_string}\"},\"query-input\":{\"@type\":\"PropertyValueSpecification\",\"valueRequired\":true,\"valueName\":\"search_term_string\"}}],\"inLanguage\":\"fr-CA\"},{\"@type\":\"Organization\",\"@id\":\"https:\\\/\\\/ksproducts.ca\\\/#organization\",\"name\":\"Ks Products\",\"url\":\"https:\\\/\\\/ksproducts.ca\\\/\",\"logo\":{\"@type\":\"ImageObject\",\"inLanguage\":\"fr-CA\",\"@id\":\"https:\\\/\\\/ksproducts.ca\\\/#\\\/schema\\\/logo\\\/image\\\/\",\"url\":\"https:\\\/\\\/ksproducts.ca\\\/wp-content\\\/uploads\\\/2023\\\/09\\\/Kennedy-Sales-Logo-header-1.png\",\"contentUrl\":\"https:\\\/\\\/ksproducts.ca\\\/wp-content\\\/uploads\\\/2023\\\/09\\\/Kennedy-Sales-Logo-header-1.png\",\"width\":150,\"height\":77,\"caption\":\"Ks Products\"},\"image\":{\"@id\":\"https:\\\/\\\/ksproducts.ca\\\/#\\\/schema\\\/logo\\\/image\\\/\"}}]}<\/script>\n<!-- \/ Yoast SEO plugin. -->","yoast_head_json":{"title":"Blackstone Culinary Series 8-Piece Breakfast Accessory Kit - Ks Products","robots":{"index":"index","follow":"follow","max-snippet":"max-snippet:-1","max-image-preview":"max-image-preview:large","max-video-preview":"max-video-preview:-1"},"canonical":"https:\/\/ksproducts.ca\/fr\/product\/kit-petit-dejeuner-serie-culinaire\/","og_locale":"fr_CA","og_type":"article","og_title":"Blackstone Culinary Series 8-Piece Breakfast Accessory Kit - Ks Products","og_description":"Breakfasts are better with the Blackstone culinary breakfast kit (8 pc). Cook crepes and pancakes with precision using the batter dispenser and spreader. Savor bacon topped omelets using the griddle press and 8-inch ring. No matter your breakfasting style this kit has everything you need to make the entire family a breakfast quick and easy. Made from high-quality plastic, stainless steel, and cast iron, you're getting the best tools for better mornings. But these don't only make an appearance in the AM. Use the cast iron bacon press for smash burgers, searing stakes, or crushing roasted garlic. Use the egg and omelet rings, to shape patties or griddle cakes. And so much more! This is a well-rounded versatile kit you will use time and time again.","og_url":"https:\/\/ksproducts.ca\/fr\/product\/kit-petit-dejeuner-serie-culinaire\/","og_site_name":"Ks Products","article_modified_time":"2026-04-03T20:18:50+00:00","og_image":[{"width":1025,"height":1025,"url":"https:\/\/ksproducts.ca\/wp-content\/uploads\/2024\/04\/5324_CulinaryBreakfastKit_Group_OnWhite_01-jpg.webp","type":"image\/jpeg"}],"twitter_card":"summary_large_image","twitter_misc":{"Estimation du temps de lecture":"1 minute"},"schema":{"@context":"https:\/\/schema.org","@graph":[{"@type":"WebPage","@id":"https:\/\/ksproducts.ca\/product\/culinary-series-breakfast-kit\/","url":"https:\/\/ksproducts.ca\/product\/culinary-series-breakfast-kit\/","name":"Blackstone Culinary Series 8-Piece Breakfast Accessory Kit - Ks Products","isPartOf":{"@id":"https:\/\/ksproducts.ca\/#website"},"primaryImageOfPage":{"@id":"https:\/\/ksproducts.ca\/product\/culinary-series-breakfast-kit\/#primaryimage"},"image":{"@id":"https:\/\/ksproducts.ca\/product\/culinary-series-breakfast-kit\/#primaryimage"},"thumbnailUrl":"https:\/\/ksproducts.ca\/wp-content\/uploads\/2024\/04\/5324_CulinaryBreakfastKit_Group_OnWhite_01-jpg.webp","datePublished":"2023-03-27T21:46:59+00:00","dateModified":"2026-04-03T20:18:50+00:00","breadcrumb":{"@id":"https:\/\/ksproducts.ca\/product\/culinary-series-breakfast-kit\/#breadcrumb"},"inLanguage":"fr-CA","potentialAction":[{"@type":"ReadAction","target":["https:\/\/ksproducts.ca\/product\/culinary-series-breakfast-kit\/"]}]},{"@type":"ImageObject","inLanguage":"fr-CA","@id":"https:\/\/ksproducts.ca\/product\/culinary-series-breakfast-kit\/#primaryimage","url":"https:\/\/ksproducts.ca\/wp-content\/uploads\/2024\/04\/5324_CulinaryBreakfastKit_Group_OnWhite_01-jpg.webp","contentUrl":"https:\/\/ksproducts.ca\/wp-content\/uploads\/2024\/04\/5324_CulinaryBreakfastKit_Group_OnWhite_01-jpg.webp","width":1025,"height":1025,"caption":"Blackstone Culinary Series 8-Piece Breakfast Accessory Kit"},{"@type":"BreadcrumbList","@id":"https:\/\/ksproducts.ca\/product\/culinary-series-breakfast-kit\/#breadcrumb","itemListElement":[{"@type":"ListItem","position":1,"name":"Home","item":"https:\/\/ksproducts.ca\/"},{"@type":"ListItem","position":2,"name":"Shop","item":"https:\/\/ksproducts.ca\/shop\/"},{"@type":"ListItem","position":3,"name":"Blackstone Culinary Series 8-Piece Breakfast Accessory Kit"}]},{"@type":"WebSite","@id":"https:\/\/ksproducts.ca\/#website","url":"https:\/\/ksproducts.ca\/","name":"Produits Ks","description":"Cuisiner et vivre en plein air, c'est facile au Canada","publisher":{"@id":"https:\/\/ksproducts.ca\/#organization"},"potentialAction":[{"@type":"SearchAction","target":{"@type":"EntryPoint","urlTemplate":"https:\/\/ksproducts.ca\/?s={search_term_string}"},"query-input":{"@type":"PropertyValueSpecification","valueRequired":true,"valueName":"search_term_string"}}],"inLanguage":"fr-CA"},{"@type":"Organization","@id":"https:\/\/ksproducts.ca\/#organization","name":"Produits Ks","url":"https:\/\/ksproducts.ca\/","logo":{"@type":"ImageObject","inLanguage":"fr-CA","@id":"https:\/\/ksproducts.ca\/#\/schema\/logo\/image\/","url":"https:\/\/ksproducts.ca\/wp-content\/uploads\/2023\/09\/Kennedy-Sales-Logo-header-1.png","contentUrl":"https:\/\/ksproducts.ca\/wp-content\/uploads\/2023\/09\/Kennedy-Sales-Logo-header-1.png","width":150,"height":77,"caption":"Ks Products"},"image":{"@id":"https:\/\/ksproducts.ca\/#\/schema\/logo\/image\/"}}]}},"_links":{"self":[{"href":"https:\/\/ksproducts.ca\/fr\/wp-json\/wp\/v2\/product\/5984","targetHints":{"allow":["GET"]}}],"collection":[{"href":"https:\/\/ksproducts.ca\/fr\/wp-json\/wp\/v2\/product"}],"about":[{"href":"https:\/\/ksproducts.ca\/fr\/wp-json\/wp\/v2\/types\/product"}],"replies":[{"embeddable":true,"href":"https:\/\/ksproducts.ca\/fr\/wp-json\/wp\/v2\/comments?post=5984"}],"version-history":[{"count":5,"href":"https:\/\/ksproducts.ca\/fr\/wp-json\/wp\/v2\/product\/5984\/revisions"}],"predecessor-version":[{"id":10622,"href":"https:\/\/ksproducts.ca\/fr\/wp-json\/wp\/v2\/product\/5984\/revisions\/10622"}],"wp:featuredmedia":[{"embeddable":true,"href":"https:\/\/ksproducts.ca\/fr\/wp-json\/wp\/v2\/media\/8172"}],"wp:attachment":[{"href":"https:\/\/ksproducts.ca\/fr\/wp-json\/wp\/v2\/media?parent=5984"}],"wp:term":[{"taxonomy":"product_cat","embeddable":true,"href":"https:\/\/ksproducts.ca\/fr\/wp-json\/wp\/v2\/product_cat?post=5984"},{"taxonomy":"product_tag","embeddable":true,"href":"https:\/\/ksproducts.ca\/fr\/wp-json\/wp\/v2\/product_tag?post=5984"}],"curies":[{"name":"wp","href":"https:\/\/api.w.org\/{rel}","templated":true}]}}