{"id":6025,"date":"2023-03-27T21:50:47","date_gmt":"2023-03-27T21:50:47","guid":{"rendered":"https:\/\/ksproducts.ca\/product\/blackstone-utility-apron-bib-style\/"},"modified":"2026-03-02T19:15:01","modified_gmt":"2026-03-02T19:15:01","slug":"tablier-utilitaire-blackstone-style-bavette","status":"publish","type":"product","link":"https:\/\/ksproducts.ca\/fr\/product\/blackstone-utility-apron-bib-style\/","title":{"rendered":"Tablier utilitaire \u00e0 bavette Blackstone avec sangle de cou r\u00e9glable et grandes poches"},"content":{"rendered":"<p>Tablier utilitaire Blackstone (style bavette)<\/p>","protected":false},"excerpt":{"rendered":"<p>Le tablier utilitaire Blackstone est enfin arriv\u00e9. Si vous vous consid\u00e9rez comme un chef Blackstone, pourquoi ne pas en avoir l'air ? Deux grandes poches pour bouteilles ou \u00e9pices vous permettent de pr\u00e9parer facilement tous les repas que vous pouvez imaginer. Deux boucles utilitaires pour les pinces ou les spatules vous permettent d'avoir les outils dont vous avez besoin \u00e0 port\u00e9e de main. Le but de ce produit \u00e9tant de vous prot\u00e9ger de la graisse et des \u00e9claboussures de nourriture, ce tablier en coton 100% est lavable en machine. Sortez et montrez \u00e0 votre famille qui est le vrai chef Blackstone avec le tout nouveau tablier utilitaire Blackstone.<\/p>","protected":false},"featured_media":8143,"comment_status":"closed","ping_status":"closed","template":"","meta":[],"product_cat":[436,441],"product_tag":[],"class_list":{"0":"post-6025","1":"product","2":"type-product","3":"status-publish","4":"has-post-thumbnail","6":"product_brand-blackstone","7":"product_cat-accessories","8":"product_cat-essential-extras","9":"product_shipping_class-class-1","11":"first","12":"instock","13":"taxable","14":"shipping-taxable","15":"purchasable","16":"product-type-simple"},"yoast_head":"<!-- This site is optimized with the Yoast SEO plugin v27.3 - https:\/\/yoast.com\/product\/yoast-seo-wordpress\/ -->\n<title>Blackstone Bib-Style Utility Apron with Adjustable Neck Strap and Large Pockets - Ks Products<\/title>\n<meta name=\"robots\" content=\"index, follow, max-snippet:-1, max-image-preview:large, max-video-preview:-1\" \/>\n<link rel=\"canonical\" href=\"https:\/\/ksproducts.ca\/fr\/product\/tablier-utilitaire-blackstone-style-bavette\/\" \/>\n<meta property=\"og:locale\" content=\"fr_CA\" \/>\n<meta property=\"og:type\" content=\"article\" \/>\n<meta property=\"og:title\" content=\"Blackstone Bib-Style Utility Apron with Adjustable Neck Strap and Large Pockets - Ks Products\" \/>\n<meta property=\"og:description\" content=\"The Blackstone Utility Apron is finally here. If you consider yourself a Blackstone Chef, why not look the part? Two large pockets for bottles or spices help you make any meal you can imagine with ease. Two utility loops for tongs or spatulas give you the tools you need at your fingertips. The purpose of this product is to shield yourself from grease and food splatter so we made this 100% cotton apron machine washable for your convenience. Get outside and show your family who the real Blackstone Chef is with the all new Blackstone Utility Apron.\" \/>\n<meta property=\"og:url\" content=\"https:\/\/ksproducts.ca\/fr\/product\/tablier-utilitaire-blackstone-style-bavette\/\" \/>\n<meta property=\"og:site_name\" content=\"Ks Products\" \/>\n<meta property=\"article:modified_time\" content=\"2026-03-02T19:15:01+00:00\" \/>\n<meta property=\"og:image\" content=\"https:\/\/ksproducts.ca\/wp-content\/uploads\/2024\/04\/3047_BlackUtilityApron_05_1024x1-1-jpg.webp\" \/>\n\t<meta property=\"og:image:width\" content=\"970\" \/>\n\t<meta property=\"og:image:height\" content=\"1024\" \/>\n\t<meta property=\"og:image:type\" content=\"image\/jpeg\" \/>\n<meta name=\"twitter:card\" content=\"summary_large_image\" \/>\n<meta name=\"twitter:label1\" content=\"Estimation du temps de lecture\" \/>\n\t<meta name=\"twitter:data1\" content=\"1 minute\" \/>\n<script type=\"application\/ld+json\" class=\"yoast-schema-graph\">{\"@context\":\"https:\\\/\\\/schema.org\",\"@graph\":[{\"@type\":\"WebPage\",\"@id\":\"https:\\\/\\\/ksproducts.ca\\\/product\\\/blackstone-utility-apron-bib-style\\\/\",\"url\":\"https:\\\/\\\/ksproducts.ca\\\/product\\\/blackstone-utility-apron-bib-style\\\/\",\"name\":\"Blackstone Bib-Style Utility Apron with Adjustable Neck Strap and Large Pockets - Ks Products\",\"isPartOf\":{\"@id\":\"https:\\\/\\\/ksproducts.ca\\\/#website\"},\"primaryImageOfPage\":{\"@id\":\"https:\\\/\\\/ksproducts.ca\\\/product\\\/blackstone-utility-apron-bib-style\\\/#primaryimage\"},\"image\":{\"@id\":\"https:\\\/\\\/ksproducts.ca\\\/product\\\/blackstone-utility-apron-bib-style\\\/#primaryimage\"},\"thumbnailUrl\":\"https:\\\/\\\/ksproducts.ca\\\/wp-content\\\/uploads\\\/2024\\\/04\\\/3047_BlackUtilityApron_05_1024x1-1-jpg.webp\",\"datePublished\":\"2023-03-27T21:50:47+00:00\",\"dateModified\":\"2026-03-02T19:15:01+00:00\",\"breadcrumb\":{\"@id\":\"https:\\\/\\\/ksproducts.ca\\\/product\\\/blackstone-utility-apron-bib-style\\\/#breadcrumb\"},\"inLanguage\":\"fr-CA\",\"potentialAction\":[{\"@type\":\"ReadAction\",\"target\":[\"https:\\\/\\\/ksproducts.ca\\\/product\\\/blackstone-utility-apron-bib-style\\\/\"]}]},{\"@type\":\"ImageObject\",\"inLanguage\":\"fr-CA\",\"@id\":\"https:\\\/\\\/ksproducts.ca\\\/product\\\/blackstone-utility-apron-bib-style\\\/#primaryimage\",\"url\":\"https:\\\/\\\/ksproducts.ca\\\/wp-content\\\/uploads\\\/2024\\\/04\\\/3047_BlackUtilityApron_05_1024x1-1-jpg.webp\",\"contentUrl\":\"https:\\\/\\\/ksproducts.ca\\\/wp-content\\\/uploads\\\/2024\\\/04\\\/3047_BlackUtilityApron_05_1024x1-1-jpg.webp\",\"width\":970,\"height\":1024,\"caption\":\"Blackstone Bib-Style Utility Apron with Adjustable Neck Strap and Large Pockets\"},{\"@type\":\"BreadcrumbList\",\"@id\":\"https:\\\/\\\/ksproducts.ca\\\/product\\\/blackstone-utility-apron-bib-style\\\/#breadcrumb\",\"itemListElement\":[{\"@type\":\"ListItem\",\"position\":1,\"name\":\"Home\",\"item\":\"https:\\\/\\\/ksproducts.ca\\\/\"},{\"@type\":\"ListItem\",\"position\":2,\"name\":\"Shop\",\"item\":\"https:\\\/\\\/ksproducts.ca\\\/shop\\\/\"},{\"@type\":\"ListItem\",\"position\":3,\"name\":\"Blackstone Bib-Style Utility Apron with Adjustable Neck Strap and Large Pockets\"}]},{\"@type\":\"WebSite\",\"@id\":\"https:\\\/\\\/ksproducts.ca\\\/#website\",\"url\":\"https:\\\/\\\/ksproducts.ca\\\/\",\"name\":\"Ks Products\",\"description\":\"Outdoor cooking and living, made easy in Canada\",\"publisher\":{\"@id\":\"https:\\\/\\\/ksproducts.ca\\\/#organization\"},\"potentialAction\":[{\"@type\":\"SearchAction\",\"target\":{\"@type\":\"EntryPoint\",\"urlTemplate\":\"https:\\\/\\\/ksproducts.ca\\\/?s={search_term_string}\"},\"query-input\":{\"@type\":\"PropertyValueSpecification\",\"valueRequired\":true,\"valueName\":\"search_term_string\"}}],\"inLanguage\":\"fr-CA\"},{\"@type\":\"Organization\",\"@id\":\"https:\\\/\\\/ksproducts.ca\\\/#organization\",\"name\":\"Ks Products\",\"url\":\"https:\\\/\\\/ksproducts.ca\\\/\",\"logo\":{\"@type\":\"ImageObject\",\"inLanguage\":\"fr-CA\",\"@id\":\"https:\\\/\\\/ksproducts.ca\\\/#\\\/schema\\\/logo\\\/image\\\/\",\"url\":\"https:\\\/\\\/ksproducts.ca\\\/wp-content\\\/uploads\\\/2023\\\/09\\\/Kennedy-Sales-Logo-header-1.png\",\"contentUrl\":\"https:\\\/\\\/ksproducts.ca\\\/wp-content\\\/uploads\\\/2023\\\/09\\\/Kennedy-Sales-Logo-header-1.png\",\"width\":150,\"height\":77,\"caption\":\"Ks Products\"},\"image\":{\"@id\":\"https:\\\/\\\/ksproducts.ca\\\/#\\\/schema\\\/logo\\\/image\\\/\"}}]}<\/script>\n<!-- \/ Yoast SEO plugin. -->","yoast_head_json":{"title":"Tablier utilitaire \u00e0 bavette Blackstone avec courroie de cou r\u00e9glable et grandes poches - Ks Products","robots":{"index":"index","follow":"follow","max-snippet":"max-snippet:-1","max-image-preview":"max-image-preview:large","max-video-preview":"max-video-preview:-1"},"canonical":"https:\/\/ksproducts.ca\/fr\/product\/tablier-utilitaire-blackstone-style-bavette\/","og_locale":"fr_CA","og_type":"article","og_title":"Blackstone Bib-Style Utility Apron with Adjustable Neck Strap and Large Pockets - Ks Products","og_description":"The Blackstone Utility Apron is finally here. If you consider yourself a Blackstone Chef, why not look the part? Two large pockets for bottles or spices help you make any meal you can imagine with ease. Two utility loops for tongs or spatulas give you the tools you need at your fingertips. The purpose of this product is to shield yourself from grease and food splatter so we made this 100% cotton apron machine washable for your convenience. Get outside and show your family who the real Blackstone Chef is with the all new Blackstone Utility Apron.","og_url":"https:\/\/ksproducts.ca\/fr\/product\/tablier-utilitaire-blackstone-style-bavette\/","og_site_name":"Ks Products","article_modified_time":"2026-03-02T19:15:01+00:00","og_image":[{"width":970,"height":1024,"url":"https:\/\/ksproducts.ca\/wp-content\/uploads\/2024\/04\/3047_BlackUtilityApron_05_1024x1-1-jpg.webp","type":"image\/jpeg"}],"twitter_card":"summary_large_image","twitter_misc":{"Estimation du temps de lecture":"1 minute"},"schema":{"@context":"https:\/\/schema.org","@graph":[{"@type":"WebPage","@id":"https:\/\/ksproducts.ca\/product\/blackstone-utility-apron-bib-style\/","url":"https:\/\/ksproducts.ca\/product\/blackstone-utility-apron-bib-style\/","name":"Tablier utilitaire \u00e0 bavette Blackstone avec courroie de cou r\u00e9glable et grandes poches - Ks Products","isPartOf":{"@id":"https:\/\/ksproducts.ca\/#website"},"primaryImageOfPage":{"@id":"https:\/\/ksproducts.ca\/product\/blackstone-utility-apron-bib-style\/#primaryimage"},"image":{"@id":"https:\/\/ksproducts.ca\/product\/blackstone-utility-apron-bib-style\/#primaryimage"},"thumbnailUrl":"https:\/\/ksproducts.ca\/wp-content\/uploads\/2024\/04\/3047_BlackUtilityApron_05_1024x1-1-jpg.webp","datePublished":"2023-03-27T21:50:47+00:00","dateModified":"2026-03-02T19:15:01+00:00","breadcrumb":{"@id":"https:\/\/ksproducts.ca\/product\/blackstone-utility-apron-bib-style\/#breadcrumb"},"inLanguage":"fr-CA","potentialAction":[{"@type":"ReadAction","target":["https:\/\/ksproducts.ca\/product\/blackstone-utility-apron-bib-style\/"]}]},{"@type":"ImageObject","inLanguage":"fr-CA","@id":"https:\/\/ksproducts.ca\/product\/blackstone-utility-apron-bib-style\/#primaryimage","url":"https:\/\/ksproducts.ca\/wp-content\/uploads\/2024\/04\/3047_BlackUtilityApron_05_1024x1-1-jpg.webp","contentUrl":"https:\/\/ksproducts.ca\/wp-content\/uploads\/2024\/04\/3047_BlackUtilityApron_05_1024x1-1-jpg.webp","width":970,"height":1024,"caption":"Blackstone Bib-Style Utility Apron with Adjustable Neck Strap and Large Pockets"},{"@type":"BreadcrumbList","@id":"https:\/\/ksproducts.ca\/product\/blackstone-utility-apron-bib-style\/#breadcrumb","itemListElement":[{"@type":"ListItem","position":1,"name":"Home","item":"https:\/\/ksproducts.ca\/"},{"@type":"ListItem","position":2,"name":"Shop","item":"https:\/\/ksproducts.ca\/shop\/"},{"@type":"ListItem","position":3,"name":"Blackstone Bib-Style Utility Apron with Adjustable Neck Strap and Large Pockets"}]},{"@type":"WebSite","@id":"https:\/\/ksproducts.ca\/#website","url":"https:\/\/ksproducts.ca\/","name":"Produits Ks","description":"Cuisiner et vivre en plein air, c'est facile au Canada","publisher":{"@id":"https:\/\/ksproducts.ca\/#organization"},"potentialAction":[{"@type":"SearchAction","target":{"@type":"EntryPoint","urlTemplate":"https:\/\/ksproducts.ca\/?s={search_term_string}"},"query-input":{"@type":"PropertyValueSpecification","valueRequired":true,"valueName":"search_term_string"}}],"inLanguage":"fr-CA"},{"@type":"Organization","@id":"https:\/\/ksproducts.ca\/#organization","name":"Produits Ks","url":"https:\/\/ksproducts.ca\/","logo":{"@type":"ImageObject","inLanguage":"fr-CA","@id":"https:\/\/ksproducts.ca\/#\/schema\/logo\/image\/","url":"https:\/\/ksproducts.ca\/wp-content\/uploads\/2023\/09\/Kennedy-Sales-Logo-header-1.png","contentUrl":"https:\/\/ksproducts.ca\/wp-content\/uploads\/2023\/09\/Kennedy-Sales-Logo-header-1.png","width":150,"height":77,"caption":"Ks Products"},"image":{"@id":"https:\/\/ksproducts.ca\/#\/schema\/logo\/image\/"}}]}},"_links":{"self":[{"href":"https:\/\/ksproducts.ca\/fr\/wp-json\/wp\/v2\/product\/6025","targetHints":{"allow":["GET"]}}],"collection":[{"href":"https:\/\/ksproducts.ca\/fr\/wp-json\/wp\/v2\/product"}],"about":[{"href":"https:\/\/ksproducts.ca\/fr\/wp-json\/wp\/v2\/types\/product"}],"replies":[{"embeddable":true,"href":"https:\/\/ksproducts.ca\/fr\/wp-json\/wp\/v2\/comments?post=6025"}],"version-history":[{"count":3,"href":"https:\/\/ksproducts.ca\/fr\/wp-json\/wp\/v2\/product\/6025\/revisions"}],"predecessor-version":[{"id":10607,"href":"https:\/\/ksproducts.ca\/fr\/wp-json\/wp\/v2\/product\/6025\/revisions\/10607"}],"wp:featuredmedia":[{"embeddable":true,"href":"https:\/\/ksproducts.ca\/fr\/wp-json\/wp\/v2\/media\/8143"}],"wp:attachment":[{"href":"https:\/\/ksproducts.ca\/fr\/wp-json\/wp\/v2\/media?parent=6025"}],"wp:term":[{"taxonomy":"product_cat","embeddable":true,"href":"https:\/\/ksproducts.ca\/fr\/wp-json\/wp\/v2\/product_cat?post=6025"},{"taxonomy":"product_tag","embeddable":true,"href":"https:\/\/ksproducts.ca\/fr\/wp-json\/wp\/v2\/product_tag?post=6025"}],"curies":[{"name":"wp","href":"https:\/\/api.w.org\/{rel}","templated":true}]}}