{"id":6033,"date":"2023-03-27T21:51:04","date_gmt":"2023-03-27T21:51:04","guid":{"rendered":"https:\/\/ksproducts.ca\/product\/22in-tabletop-griddle-w-hood-carry-bag\/"},"modified":"2026-04-16T00:34:16","modified_gmt":"2026-04-16T00:34:16","slug":"plaque-de-cuisson-de-table-22in-avec-sac-de-transport-pour-le-capot","status":"publish","type":"product","link":"https:\/\/ksproducts.ca\/fr\/product\/22in-tabletop-griddle-w-hood-carry-bag\/","title":{"rendered":"Blackstone Original Series Carrying Bag for 22inch Griddle (sac de transport pour gril de 22 pouces)"},"content":{"rendered":"<p>Prot\u00e9gez votre plaque de cuisson de 22 pouces Blackstone avec ce sac de transport Blackstone personnalis\u00e9. Ce sac fourre-tout est suffisamment grand pour accueillir votre plaque de cuisson de 22 pouces Blackstone avec un capot ou une couverture rigide. Fabriqu\u00e9 avec une toile r\u00e9sistante aux intemp\u00e9ries et des fermetures \u00e0 glissi\u00e8re robustes pour une grande durabilit\u00e9.Convient au mod\u00e8le# 1813<\/p>","protected":false},"excerpt":{"rendered":"<p>Prot\u00e9gez votre plaque de cuisson de 22 pouces Blackstone avec ce sac de transport Blackstone personnalis\u00e9. Ce sac fourre-tout est suffisamment grand pour accueillir votre plaque de cuisson de 22 pouces Blackstone avec un capot ou une couverture rigide. Fabriqu\u00e9 avec une toile r\u00e9sistante aux intemp\u00e9ries et des fermetures \u00e0 glissi\u00e8re robustes pour une grande durabilit\u00e9.Convient au mod\u00e8le# 1813<\/p>","protected":false},"featured_media":8135,"comment_status":"closed","ping_status":"closed","template":"","meta":[],"product_cat":[436,437],"product_tag":[],"class_list":{"0":"post-6033","1":"product","2":"type-product","3":"status-publish","4":"has-post-thumbnail","6":"product_brand-blackstone","7":"product_cat-accessories","8":"product_cat-covers-cases","9":"product_shipping_class-class-1","11":"first","12":"instock","13":"sale","14":"taxable","15":"shipping-taxable","16":"purchasable","17":"product-type-simple"},"yoast_head":"<!-- This site is optimized with the Yoast SEO plugin v27.4 - https:\/\/yoast.com\/product\/yoast-seo-wordpress\/ -->\n<title>Blackstone Original Series Carrying Bag for 22inch Griddle - Ks Products<\/title>\n<meta name=\"robots\" content=\"index, follow, max-snippet:-1, max-image-preview:large, max-video-preview:-1\" \/>\n<link rel=\"canonical\" href=\"https:\/\/ksproducts.ca\/fr\/product\/plaque-de-cuisson-de-table-22in-avec-sac-de-transport-pour-le-capot\/\" \/>\n<meta property=\"og:locale\" content=\"fr_CA\" \/>\n<meta property=\"og:type\" content=\"article\" \/>\n<meta property=\"og:title\" content=\"Blackstone Original Series Carrying Bag for 22inch Griddle - Ks Products\" \/>\n<meta property=\"og:description\" content=\"Protect your Blackstone 22 in. tabletop griddle with this custom-designed Blackstone Carry Bag. This tote bag is large enough to fit your Blackstone 22 in. tabletop griddle with a hood or hard cover. Made with weather-resistant canvas and heavy-duty zippers for great durability.Fits Model# 1813\" \/>\n<meta property=\"og:url\" content=\"https:\/\/ksproducts.ca\/fr\/product\/plaque-de-cuisson-de-table-22in-avec-sac-de-transport-pour-le-capot\/\" \/>\n<meta property=\"og:site_name\" content=\"Ks Products\" \/>\n<meta property=\"article:modified_time\" content=\"2026-04-16T00:34:16+00:00\" \/>\n<meta property=\"og:image\" content=\"https:\/\/ksproducts.ca\/wp-content\/uploads\/2024\/04\/5510-jpg.webp\" \/>\n\t<meta property=\"og:image:width\" content=\"1024\" \/>\n\t<meta property=\"og:image:height\" content=\"1007\" \/>\n\t<meta property=\"og:image:type\" content=\"image\/jpeg\" \/>\n<meta name=\"twitter:card\" content=\"summary_large_image\" \/>\n<meta name=\"twitter:label1\" content=\"Estimation du temps de lecture\" \/>\n\t<meta name=\"twitter:data1\" content=\"1 minute\" \/>\n<script type=\"application\/ld+json\" class=\"yoast-schema-graph\">{\"@context\":\"https:\\\/\\\/schema.org\",\"@graph\":[{\"@type\":\"WebPage\",\"@id\":\"https:\\\/\\\/ksproducts.ca\\\/product\\\/22in-tabletop-griddle-w-hood-carry-bag\\\/\",\"url\":\"https:\\\/\\\/ksproducts.ca\\\/product\\\/22in-tabletop-griddle-w-hood-carry-bag\\\/\",\"name\":\"Blackstone Original Series Carrying Bag for 22inch Griddle - Ks Products\",\"isPartOf\":{\"@id\":\"https:\\\/\\\/ksproducts.ca\\\/#website\"},\"primaryImageOfPage\":{\"@id\":\"https:\\\/\\\/ksproducts.ca\\\/product\\\/22in-tabletop-griddle-w-hood-carry-bag\\\/#primaryimage\"},\"image\":{\"@id\":\"https:\\\/\\\/ksproducts.ca\\\/product\\\/22in-tabletop-griddle-w-hood-carry-bag\\\/#primaryimage\"},\"thumbnailUrl\":\"https:\\\/\\\/ksproducts.ca\\\/wp-content\\\/uploads\\\/2024\\\/04\\\/5510-jpg.webp\",\"datePublished\":\"2023-03-27T21:51:04+00:00\",\"dateModified\":\"2026-04-16T00:34:16+00:00\",\"breadcrumb\":{\"@id\":\"https:\\\/\\\/ksproducts.ca\\\/product\\\/22in-tabletop-griddle-w-hood-carry-bag\\\/#breadcrumb\"},\"inLanguage\":\"fr-CA\",\"potentialAction\":[{\"@type\":\"ReadAction\",\"target\":[\"https:\\\/\\\/ksproducts.ca\\\/product\\\/22in-tabletop-griddle-w-hood-carry-bag\\\/\"]}]},{\"@type\":\"ImageObject\",\"inLanguage\":\"fr-CA\",\"@id\":\"https:\\\/\\\/ksproducts.ca\\\/product\\\/22in-tabletop-griddle-w-hood-carry-bag\\\/#primaryimage\",\"url\":\"https:\\\/\\\/ksproducts.ca\\\/wp-content\\\/uploads\\\/2024\\\/04\\\/5510-jpg.webp\",\"contentUrl\":\"https:\\\/\\\/ksproducts.ca\\\/wp-content\\\/uploads\\\/2024\\\/04\\\/5510-jpg.webp\",\"width\":1024,\"height\":1007,\"caption\":\"Blackstone Original Series Carrying Bag for 22inch Griddle\"},{\"@type\":\"BreadcrumbList\",\"@id\":\"https:\\\/\\\/ksproducts.ca\\\/product\\\/22in-tabletop-griddle-w-hood-carry-bag\\\/#breadcrumb\",\"itemListElement\":[{\"@type\":\"ListItem\",\"position\":1,\"name\":\"Home\",\"item\":\"https:\\\/\\\/ksproducts.ca\\\/\"},{\"@type\":\"ListItem\",\"position\":2,\"name\":\"Shop\",\"item\":\"https:\\\/\\\/ksproducts.ca\\\/shop\\\/\"},{\"@type\":\"ListItem\",\"position\":3,\"name\":\"Blackstone Original Series Carrying Bag for 22inch Griddle\"}]},{\"@type\":\"WebSite\",\"@id\":\"https:\\\/\\\/ksproducts.ca\\\/#website\",\"url\":\"https:\\\/\\\/ksproducts.ca\\\/\",\"name\":\"Ks Products\",\"description\":\"Outdoor cooking and living, made easy in Canada\",\"publisher\":{\"@id\":\"https:\\\/\\\/ksproducts.ca\\\/#organization\"},\"potentialAction\":[{\"@type\":\"SearchAction\",\"target\":{\"@type\":\"EntryPoint\",\"urlTemplate\":\"https:\\\/\\\/ksproducts.ca\\\/?s={search_term_string}\"},\"query-input\":{\"@type\":\"PropertyValueSpecification\",\"valueRequired\":true,\"valueName\":\"search_term_string\"}}],\"inLanguage\":\"fr-CA\"},{\"@type\":\"Organization\",\"@id\":\"https:\\\/\\\/ksproducts.ca\\\/#organization\",\"name\":\"Ks Products\",\"url\":\"https:\\\/\\\/ksproducts.ca\\\/\",\"logo\":{\"@type\":\"ImageObject\",\"inLanguage\":\"fr-CA\",\"@id\":\"https:\\\/\\\/ksproducts.ca\\\/#\\\/schema\\\/logo\\\/image\\\/\",\"url\":\"https:\\\/\\\/ksproducts.ca\\\/wp-content\\\/uploads\\\/2023\\\/09\\\/Kennedy-Sales-Logo-header-1.png\",\"contentUrl\":\"https:\\\/\\\/ksproducts.ca\\\/wp-content\\\/uploads\\\/2023\\\/09\\\/Kennedy-Sales-Logo-header-1.png\",\"width\":150,\"height\":77,\"caption\":\"Ks Products\"},\"image\":{\"@id\":\"https:\\\/\\\/ksproducts.ca\\\/#\\\/schema\\\/logo\\\/image\\\/\"}}]}<\/script>\n<!-- \/ Yoast SEO plugin. -->","yoast_head_json":{"title":"Blackstone Original Series Sac de transport pour gril de 22 pouces - Ks Products","robots":{"index":"index","follow":"follow","max-snippet":"max-snippet:-1","max-image-preview":"max-image-preview:large","max-video-preview":"max-video-preview:-1"},"canonical":"https:\/\/ksproducts.ca\/fr\/product\/plaque-de-cuisson-de-table-22in-avec-sac-de-transport-pour-le-capot\/","og_locale":"fr_CA","og_type":"article","og_title":"Blackstone Original Series Carrying Bag for 22inch Griddle - Ks Products","og_description":"Protect your Blackstone 22 in. tabletop griddle with this custom-designed Blackstone Carry Bag. This tote bag is large enough to fit your Blackstone 22 in. tabletop griddle with a hood or hard cover. Made with weather-resistant canvas and heavy-duty zippers for great durability.Fits Model# 1813","og_url":"https:\/\/ksproducts.ca\/fr\/product\/plaque-de-cuisson-de-table-22in-avec-sac-de-transport-pour-le-capot\/","og_site_name":"Ks Products","article_modified_time":"2026-04-16T00:34:16+00:00","og_image":[{"width":1024,"height":1007,"url":"https:\/\/ksproducts.ca\/wp-content\/uploads\/2024\/04\/5510-jpg.webp","type":"image\/jpeg"}],"twitter_card":"summary_large_image","twitter_misc":{"Estimation du temps de lecture":"1 minute"},"schema":{"@context":"https:\/\/schema.org","@graph":[{"@type":"WebPage","@id":"https:\/\/ksproducts.ca\/product\/22in-tabletop-griddle-w-hood-carry-bag\/","url":"https:\/\/ksproducts.ca\/product\/22in-tabletop-griddle-w-hood-carry-bag\/","name":"Blackstone Original Series Sac de transport pour gril de 22 pouces - Ks Products","isPartOf":{"@id":"https:\/\/ksproducts.ca\/#website"},"primaryImageOfPage":{"@id":"https:\/\/ksproducts.ca\/product\/22in-tabletop-griddle-w-hood-carry-bag\/#primaryimage"},"image":{"@id":"https:\/\/ksproducts.ca\/product\/22in-tabletop-griddle-w-hood-carry-bag\/#primaryimage"},"thumbnailUrl":"https:\/\/ksproducts.ca\/wp-content\/uploads\/2024\/04\/5510-jpg.webp","datePublished":"2023-03-27T21:51:04+00:00","dateModified":"2026-04-16T00:34:16+00:00","breadcrumb":{"@id":"https:\/\/ksproducts.ca\/product\/22in-tabletop-griddle-w-hood-carry-bag\/#breadcrumb"},"inLanguage":"fr-CA","potentialAction":[{"@type":"ReadAction","target":["https:\/\/ksproducts.ca\/product\/22in-tabletop-griddle-w-hood-carry-bag\/"]}]},{"@type":"ImageObject","inLanguage":"fr-CA","@id":"https:\/\/ksproducts.ca\/product\/22in-tabletop-griddle-w-hood-carry-bag\/#primaryimage","url":"https:\/\/ksproducts.ca\/wp-content\/uploads\/2024\/04\/5510-jpg.webp","contentUrl":"https:\/\/ksproducts.ca\/wp-content\/uploads\/2024\/04\/5510-jpg.webp","width":1024,"height":1007,"caption":"Blackstone Original Series Carrying Bag for 22inch Griddle"},{"@type":"BreadcrumbList","@id":"https:\/\/ksproducts.ca\/product\/22in-tabletop-griddle-w-hood-carry-bag\/#breadcrumb","itemListElement":[{"@type":"ListItem","position":1,"name":"Home","item":"https:\/\/ksproducts.ca\/"},{"@type":"ListItem","position":2,"name":"Shop","item":"https:\/\/ksproducts.ca\/shop\/"},{"@type":"ListItem","position":3,"name":"Blackstone Original Series Carrying Bag for 22inch Griddle"}]},{"@type":"WebSite","@id":"https:\/\/ksproducts.ca\/#website","url":"https:\/\/ksproducts.ca\/","name":"Produits Ks","description":"Cuisiner et vivre en plein air, c'est facile au Canada","publisher":{"@id":"https:\/\/ksproducts.ca\/#organization"},"potentialAction":[{"@type":"SearchAction","target":{"@type":"EntryPoint","urlTemplate":"https:\/\/ksproducts.ca\/?s={search_term_string}"},"query-input":{"@type":"PropertyValueSpecification","valueRequired":true,"valueName":"search_term_string"}}],"inLanguage":"fr-CA"},{"@type":"Organization","@id":"https:\/\/ksproducts.ca\/#organization","name":"Produits Ks","url":"https:\/\/ksproducts.ca\/","logo":{"@type":"ImageObject","inLanguage":"fr-CA","@id":"https:\/\/ksproducts.ca\/#\/schema\/logo\/image\/","url":"https:\/\/ksproducts.ca\/wp-content\/uploads\/2023\/09\/Kennedy-Sales-Logo-header-1.png","contentUrl":"https:\/\/ksproducts.ca\/wp-content\/uploads\/2023\/09\/Kennedy-Sales-Logo-header-1.png","width":150,"height":77,"caption":"Ks Products"},"image":{"@id":"https:\/\/ksproducts.ca\/#\/schema\/logo\/image\/"}}]}},"_links":{"self":[{"href":"https:\/\/ksproducts.ca\/fr\/wp-json\/wp\/v2\/product\/6033","targetHints":{"allow":["GET"]}}],"collection":[{"href":"https:\/\/ksproducts.ca\/fr\/wp-json\/wp\/v2\/product"}],"about":[{"href":"https:\/\/ksproducts.ca\/fr\/wp-json\/wp\/v2\/types\/product"}],"replies":[{"embeddable":true,"href":"https:\/\/ksproducts.ca\/fr\/wp-json\/wp\/v2\/comments?post=6033"}],"version-history":[{"count":3,"href":"https:\/\/ksproducts.ca\/fr\/wp-json\/wp\/v2\/product\/6033\/revisions"}],"predecessor-version":[{"id":10605,"href":"https:\/\/ksproducts.ca\/fr\/wp-json\/wp\/v2\/product\/6033\/revisions\/10605"}],"wp:featuredmedia":[{"embeddable":true,"href":"https:\/\/ksproducts.ca\/fr\/wp-json\/wp\/v2\/media\/8135"}],"wp:attachment":[{"href":"https:\/\/ksproducts.ca\/fr\/wp-json\/wp\/v2\/media?parent=6033"}],"wp:term":[{"taxonomy":"product_cat","embeddable":true,"href":"https:\/\/ksproducts.ca\/fr\/wp-json\/wp\/v2\/product_cat?post=6033"},{"taxonomy":"product_tag","embeddable":true,"href":"https:\/\/ksproducts.ca\/fr\/wp-json\/wp\/v2\/product_tag?post=6033"}],"curies":[{"name":"wp","href":"https:\/\/api.w.org\/{rel}","templated":true}]}}