{"id":6045,"date":"2023-03-27T21:51:04","date_gmt":"2023-03-27T21:51:04","guid":{"rendered":"https:\/\/ksproducts.ca\/product\/pizza-oven-conversion-kit-for-blackstone-22-griddles\/"},"modified":"2026-04-10T21:33:54","modified_gmt":"2026-04-10T21:33:54","slug":"kit-de-conversion-de-four-a-pizza-pour-les-plaques-de-cuisson-blackstone-22","status":"publish","type":"product","link":"https:\/\/ksproducts.ca\/fr\/product\/pizza-oven-conversion-kit-for-blackstone-22-griddles\/","title":{"rendered":"Kit d'extension pour four \u00e0 pizza portable Blackstone Adventure Ready Series"},"content":{"rendered":"<ul class=\"product-features\">\n<li>\n<div id=\"ember3644\" class=\"ember-view\"><span class=\"_value-text_xztep4\" title=\"Technologie brevet\u00e9e 2Stone : Pierres de cordi\u00e9rite sup\u00e9rieures et inf\u00e9rieures pour un chauffage homog\u00e8ne et constant\">Technologie brevet\u00e9e 2Stone : Pierres de cordi\u00e9rite sup\u00e9rieures et inf\u00e9rieures pour un chauffage homog\u00e8ne et constant<\/span><\/div>\n<\/li>\n<\/ul>\n<ul class=\"product-features\">\n<li>\n<div id=\"ember3645\" class=\"ember-view\"><span class=\"_value-text_xztep4\" title=\"La pierre \u00e0 pizza en cordi\u00e9rite de 15 pouces permet de cuire jusqu&#039;\u00e0 15 pouces de pizza.\">La pierre \u00e0 pizza en cordi\u00e9rite de 15 pouces permet de cuire jusqu'\u00e0 15 pouces de pizza.<\/span><\/div>\n<\/li>\n<\/ul>\n<ul class=\"product-features\">\n<li>\n<div id=\"ember3646\" class=\"ember-view\"><span class=\"_value-text_xztep4\" title=\"Porte avant thermor\u00e9tractable\">Porte avant thermor\u00e9tractable<\/span><\/div>\n<\/li>\n<\/ul>\n<ul class=\"product-features\">\n<li>\n<div id=\"ember3647\" class=\"ember-view\"><span class=\"_value-text_xztep4\" title=\"Thermom\u00e8tre int\u00e9gr\u00e9\">Thermom\u00e8tre int\u00e9gr\u00e9<\/span><\/div>\n<\/li>\n<\/ul>\n<ul class=\"product-features\">\n<li>\n<div id=\"ember3648\" class=\"ember-view\"><span class=\"_value-text_xztep4\" title=\"A utiliser avec les plaques de cuisson de table Blackstone 22\u201d (non incluses)\">A utiliser avec les plaques de cuisson de table Blackstone 22\u201d (non incluses)<\/span><\/div>\n<\/li>\n<\/ul>\n<h2>FAQ<\/h2>\n<p><strong>Combien de temps faut-il pour cuire une pizza ?<\/strong>La dur\u00e9e moyenne est de 6 minutes.<strong>Qu'est-ce que la technologie brevet\u00e9e 2Stone ?<\/strong>Il y a deux pierres dans le four. L'une est le lieu o\u00f9 repose la pizza pendant la cuisson, et l'autre se trouve juste au-dessus d'elle. Cette technologie brevet\u00e9e vous offre une meilleure exp\u00e9rience de cuisson.<strong>Combien de pizzas peut-on cuire avec une bouteille de propane de 1 lb ?<\/strong>Vous pouvez cuire 8 \u00e0 10 pizzas avec une bouteille de propane de 1 lb.<strong>Combien de temps faut-il pour transformer votre plancha en four \u00e0 pizza ?<\/strong>Vous pouvez transformer votre plancha en four \u00e0 pizza en moins de 30 minutes. Une fois le bouclier thermique install\u00e9, quelques minutes suffisent pour passer de la plancha au four \u00e0 pizza. Voil\u00e0 qui change la donne !<\/p>","protected":false},"excerpt":{"rendered":"<p>Ce four \u00e0 pizza portable est le compl\u00e9ment id\u00e9al de toute cuisine de patio, de toute f\u00eate ou de toute aventure en plein air. La technologie brevet\u00e9e \u00e0 deux pierres permet de cuire uniform\u00e9ment jusqu'\u00e0 15 pouces de pizza. Le thermom\u00e8tre int\u00e9gr\u00e9 et la porte avant qui retient la chaleur vous aident \u00e0 cuire vos pizzas \u00e0 la perfection, \u00e0 chaque fois.<\/p>","protected":false},"featured_media":8118,"comment_status":"closed","ping_status":"closed","template":"","meta":[],"product_cat":[428,406],"product_tag":[],"class_list":{"0":"post-6045","1":"product","2":"type-product","3":"status-publish","4":"has-post-thumbnail","6":"product_brand-blackstone","7":"product_cat-outdoor-cooking","8":"product_cat-pizza","9":"product_shipping_class-class-4","11":"first","12":"instock","13":"taxable","14":"shipping-taxable","15":"purchasable","16":"product-type-simple"},"yoast_head":"<!-- This site is optimized with the Yoast SEO plugin v27.3 - https:\/\/yoast.com\/product\/yoast-seo-wordpress\/ -->\n<title>Blackstone Adventure Ready Series Portable Pizza Oven Add-on Kit - Ks Products<\/title>\n<meta name=\"robots\" content=\"index, follow, max-snippet:-1, max-image-preview:large, max-video-preview:-1\" \/>\n<link rel=\"canonical\" href=\"https:\/\/ksproducts.ca\/fr\/product\/kit-de-conversion-de-four-a-pizza-pour-les-plaques-de-cuisson-blackstone-22\/\" \/>\n<meta property=\"og:locale\" content=\"fr_CA\" \/>\n<meta property=\"og:type\" content=\"article\" \/>\n<meta property=\"og:title\" content=\"Blackstone Adventure Ready Series Portable Pizza Oven Add-on Kit - Ks Products\" \/>\n<meta property=\"og:description\" content=\"This Portable Pizza Oven is the perfect addition to any patio kitchen, tailgating party, or outdoor adventure. Cook up to a 15-in. pizza evenly thanks to the patented two stone technology. The built-in thermometer and heat-retaining front door help you to cook your pizzas to perfection, every time.\" \/>\n<meta property=\"og:url\" content=\"https:\/\/ksproducts.ca\/fr\/product\/kit-de-conversion-de-four-a-pizza-pour-les-plaques-de-cuisson-blackstone-22\/\" \/>\n<meta property=\"og:site_name\" content=\"Ks Products\" \/>\n<meta property=\"article:modified_time\" content=\"2026-04-10T21:33:54+00:00\" \/>\n<meta property=\"og:image\" content=\"https:\/\/ksproducts.ca\/wp-content\/uploads\/2024\/04\/6960_PizzaOvenConvertionKit_Clipped_01.png\" \/>\n\t<meta property=\"og:image:width\" content=\"800\" \/>\n\t<meta property=\"og:image:height\" content=\"453\" \/>\n\t<meta property=\"og:image:type\" content=\"image\/png\" \/>\n<meta name=\"twitter:card\" content=\"summary_large_image\" \/>\n<meta name=\"twitter:label1\" content=\"Estimation du temps de lecture\" \/>\n\t<meta name=\"twitter:data1\" content=\"1 minute\" \/>\n<script type=\"application\/ld+json\" class=\"yoast-schema-graph\">{\"@context\":\"https:\\\/\\\/schema.org\",\"@graph\":[{\"@type\":\"WebPage\",\"@id\":\"https:\\\/\\\/ksproducts.ca\\\/product\\\/pizza-oven-conversion-kit-for-blackstone-22-griddles\\\/\",\"url\":\"https:\\\/\\\/ksproducts.ca\\\/product\\\/pizza-oven-conversion-kit-for-blackstone-22-griddles\\\/\",\"name\":\"Blackstone Adventure Ready Series Portable Pizza Oven Add-on Kit - Ks Products\",\"isPartOf\":{\"@id\":\"https:\\\/\\\/ksproducts.ca\\\/#website\"},\"primaryImageOfPage\":{\"@id\":\"https:\\\/\\\/ksproducts.ca\\\/product\\\/pizza-oven-conversion-kit-for-blackstone-22-griddles\\\/#primaryimage\"},\"image\":{\"@id\":\"https:\\\/\\\/ksproducts.ca\\\/product\\\/pizza-oven-conversion-kit-for-blackstone-22-griddles\\\/#primaryimage\"},\"thumbnailUrl\":\"https:\\\/\\\/ksproducts.ca\\\/wp-content\\\/uploads\\\/2024\\\/04\\\/6960_PizzaOvenConvertionKit_Clipped_01.png\",\"datePublished\":\"2023-03-27T21:51:04+00:00\",\"dateModified\":\"2026-04-10T21:33:54+00:00\",\"breadcrumb\":{\"@id\":\"https:\\\/\\\/ksproducts.ca\\\/product\\\/pizza-oven-conversion-kit-for-blackstone-22-griddles\\\/#breadcrumb\"},\"inLanguage\":\"fr-CA\",\"potentialAction\":[{\"@type\":\"ReadAction\",\"target\":[\"https:\\\/\\\/ksproducts.ca\\\/product\\\/pizza-oven-conversion-kit-for-blackstone-22-griddles\\\/\"]}]},{\"@type\":\"ImageObject\",\"inLanguage\":\"fr-CA\",\"@id\":\"https:\\\/\\\/ksproducts.ca\\\/product\\\/pizza-oven-conversion-kit-for-blackstone-22-griddles\\\/#primaryimage\",\"url\":\"https:\\\/\\\/ksproducts.ca\\\/wp-content\\\/uploads\\\/2024\\\/04\\\/6960_PizzaOvenConvertionKit_Clipped_01.png\",\"contentUrl\":\"https:\\\/\\\/ksproducts.ca\\\/wp-content\\\/uploads\\\/2024\\\/04\\\/6960_PizzaOvenConvertionKit_Clipped_01.png\",\"width\":800,\"height\":453,\"caption\":\"Blackstone Adventure Ready Series Series Portable Pizza Oven Add-on Kit\"},{\"@type\":\"BreadcrumbList\",\"@id\":\"https:\\\/\\\/ksproducts.ca\\\/product\\\/pizza-oven-conversion-kit-for-blackstone-22-griddles\\\/#breadcrumb\",\"itemListElement\":[{\"@type\":\"ListItem\",\"position\":1,\"name\":\"Home\",\"item\":\"https:\\\/\\\/ksproducts.ca\\\/\"},{\"@type\":\"ListItem\",\"position\":2,\"name\":\"Shop\",\"item\":\"https:\\\/\\\/ksproducts.ca\\\/shop\\\/\"},{\"@type\":\"ListItem\",\"position\":3,\"name\":\"Blackstone Adventure Ready Series Portable Pizza Oven Add-on Kit\"}]},{\"@type\":\"WebSite\",\"@id\":\"https:\\\/\\\/ksproducts.ca\\\/#website\",\"url\":\"https:\\\/\\\/ksproducts.ca\\\/\",\"name\":\"Ks Products\",\"description\":\"Outdoor cooking and living, made easy in Canada\",\"publisher\":{\"@id\":\"https:\\\/\\\/ksproducts.ca\\\/#organization\"},\"potentialAction\":[{\"@type\":\"SearchAction\",\"target\":{\"@type\":\"EntryPoint\",\"urlTemplate\":\"https:\\\/\\\/ksproducts.ca\\\/?s={search_term_string}\"},\"query-input\":{\"@type\":\"PropertyValueSpecification\",\"valueRequired\":true,\"valueName\":\"search_term_string\"}}],\"inLanguage\":\"fr-CA\"},{\"@type\":\"Organization\",\"@id\":\"https:\\\/\\\/ksproducts.ca\\\/#organization\",\"name\":\"Ks Products\",\"url\":\"https:\\\/\\\/ksproducts.ca\\\/\",\"logo\":{\"@type\":\"ImageObject\",\"inLanguage\":\"fr-CA\",\"@id\":\"https:\\\/\\\/ksproducts.ca\\\/#\\\/schema\\\/logo\\\/image\\\/\",\"url\":\"https:\\\/\\\/ksproducts.ca\\\/wp-content\\\/uploads\\\/2023\\\/09\\\/Kennedy-Sales-Logo-header-1.png\",\"contentUrl\":\"https:\\\/\\\/ksproducts.ca\\\/wp-content\\\/uploads\\\/2023\\\/09\\\/Kennedy-Sales-Logo-header-1.png\",\"width\":150,\"height\":77,\"caption\":\"Ks Products\"},\"image\":{\"@id\":\"https:\\\/\\\/ksproducts.ca\\\/#\\\/schema\\\/logo\\\/image\\\/\"}}]}<\/script>\n<!-- \/ Yoast SEO plugin. -->","yoast_head_json":{"title":"Kit d'extension pour four \u00e0 pizza portable Blackstone Adventure Ready Series - Ks Products","robots":{"index":"index","follow":"follow","max-snippet":"max-snippet:-1","max-image-preview":"max-image-preview:large","max-video-preview":"max-video-preview:-1"},"canonical":"https:\/\/ksproducts.ca\/fr\/product\/kit-de-conversion-de-four-a-pizza-pour-les-plaques-de-cuisson-blackstone-22\/","og_locale":"fr_CA","og_type":"article","og_title":"Blackstone Adventure Ready Series Portable Pizza Oven Add-on Kit - Ks Products","og_description":"This Portable Pizza Oven is the perfect addition to any patio kitchen, tailgating party, or outdoor adventure. Cook up to a 15-in. pizza evenly thanks to the patented two stone technology. The built-in thermometer and heat-retaining front door help you to cook your pizzas to perfection, every time.","og_url":"https:\/\/ksproducts.ca\/fr\/product\/kit-de-conversion-de-four-a-pizza-pour-les-plaques-de-cuisson-blackstone-22\/","og_site_name":"Ks Products","article_modified_time":"2026-04-10T21:33:54+00:00","og_image":[{"width":800,"height":453,"url":"https:\/\/ksproducts.ca\/wp-content\/uploads\/2024\/04\/6960_PizzaOvenConvertionKit_Clipped_01.png","type":"image\/png"}],"twitter_card":"summary_large_image","twitter_misc":{"Estimation du temps de lecture":"1 minute"},"schema":{"@context":"https:\/\/schema.org","@graph":[{"@type":"WebPage","@id":"https:\/\/ksproducts.ca\/product\/pizza-oven-conversion-kit-for-blackstone-22-griddles\/","url":"https:\/\/ksproducts.ca\/product\/pizza-oven-conversion-kit-for-blackstone-22-griddles\/","name":"Kit d'extension pour four \u00e0 pizza portable Blackstone Adventure Ready Series - Ks Products","isPartOf":{"@id":"https:\/\/ksproducts.ca\/#website"},"primaryImageOfPage":{"@id":"https:\/\/ksproducts.ca\/product\/pizza-oven-conversion-kit-for-blackstone-22-griddles\/#primaryimage"},"image":{"@id":"https:\/\/ksproducts.ca\/product\/pizza-oven-conversion-kit-for-blackstone-22-griddles\/#primaryimage"},"thumbnailUrl":"https:\/\/ksproducts.ca\/wp-content\/uploads\/2024\/04\/6960_PizzaOvenConvertionKit_Clipped_01.png","datePublished":"2023-03-27T21:51:04+00:00","dateModified":"2026-04-10T21:33:54+00:00","breadcrumb":{"@id":"https:\/\/ksproducts.ca\/product\/pizza-oven-conversion-kit-for-blackstone-22-griddles\/#breadcrumb"},"inLanguage":"fr-CA","potentialAction":[{"@type":"ReadAction","target":["https:\/\/ksproducts.ca\/product\/pizza-oven-conversion-kit-for-blackstone-22-griddles\/"]}]},{"@type":"ImageObject","inLanguage":"fr-CA","@id":"https:\/\/ksproducts.ca\/product\/pizza-oven-conversion-kit-for-blackstone-22-griddles\/#primaryimage","url":"https:\/\/ksproducts.ca\/wp-content\/uploads\/2024\/04\/6960_PizzaOvenConvertionKit_Clipped_01.png","contentUrl":"https:\/\/ksproducts.ca\/wp-content\/uploads\/2024\/04\/6960_PizzaOvenConvertionKit_Clipped_01.png","width":800,"height":453,"caption":"Blackstone Adventure Ready Series Series Portable Pizza Oven Add-on Kit"},{"@type":"BreadcrumbList","@id":"https:\/\/ksproducts.ca\/product\/pizza-oven-conversion-kit-for-blackstone-22-griddles\/#breadcrumb","itemListElement":[{"@type":"ListItem","position":1,"name":"Home","item":"https:\/\/ksproducts.ca\/"},{"@type":"ListItem","position":2,"name":"Shop","item":"https:\/\/ksproducts.ca\/shop\/"},{"@type":"ListItem","position":3,"name":"Blackstone Adventure Ready Series Portable Pizza Oven Add-on Kit"}]},{"@type":"WebSite","@id":"https:\/\/ksproducts.ca\/#website","url":"https:\/\/ksproducts.ca\/","name":"Produits Ks","description":"Cuisiner et vivre en plein air, c'est facile au Canada","publisher":{"@id":"https:\/\/ksproducts.ca\/#organization"},"potentialAction":[{"@type":"SearchAction","target":{"@type":"EntryPoint","urlTemplate":"https:\/\/ksproducts.ca\/?s={search_term_string}"},"query-input":{"@type":"PropertyValueSpecification","valueRequired":true,"valueName":"search_term_string"}}],"inLanguage":"fr-CA"},{"@type":"Organization","@id":"https:\/\/ksproducts.ca\/#organization","name":"Produits Ks","url":"https:\/\/ksproducts.ca\/","logo":{"@type":"ImageObject","inLanguage":"fr-CA","@id":"https:\/\/ksproducts.ca\/#\/schema\/logo\/image\/","url":"https:\/\/ksproducts.ca\/wp-content\/uploads\/2023\/09\/Kennedy-Sales-Logo-header-1.png","contentUrl":"https:\/\/ksproducts.ca\/wp-content\/uploads\/2023\/09\/Kennedy-Sales-Logo-header-1.png","width":150,"height":77,"caption":"Ks Products"},"image":{"@id":"https:\/\/ksproducts.ca\/#\/schema\/logo\/image\/"}}]}},"_links":{"self":[{"href":"https:\/\/ksproducts.ca\/fr\/wp-json\/wp\/v2\/product\/6045","targetHints":{"allow":["GET"]}}],"collection":[{"href":"https:\/\/ksproducts.ca\/fr\/wp-json\/wp\/v2\/product"}],"about":[{"href":"https:\/\/ksproducts.ca\/fr\/wp-json\/wp\/v2\/types\/product"}],"replies":[{"embeddable":true,"href":"https:\/\/ksproducts.ca\/fr\/wp-json\/wp\/v2\/comments?post=6045"}],"version-history":[{"count":4,"href":"https:\/\/ksproducts.ca\/fr\/wp-json\/wp\/v2\/product\/6045\/revisions"}],"predecessor-version":[{"id":10603,"href":"https:\/\/ksproducts.ca\/fr\/wp-json\/wp\/v2\/product\/6045\/revisions\/10603"}],"wp:featuredmedia":[{"embeddable":true,"href":"https:\/\/ksproducts.ca\/fr\/wp-json\/wp\/v2\/media\/8118"}],"wp:attachment":[{"href":"https:\/\/ksproducts.ca\/fr\/wp-json\/wp\/v2\/media?parent=6045"}],"wp:term":[{"taxonomy":"product_cat","embeddable":true,"href":"https:\/\/ksproducts.ca\/fr\/wp-json\/wp\/v2\/product_cat?post=6045"},{"taxonomy":"product_tag","embeddable":true,"href":"https:\/\/ksproducts.ca\/fr\/wp-json\/wp\/v2\/product_tag?post=6045"}],"curies":[{"name":"wp","href":"https:\/\/api.w.org\/{rel}","templated":true}]}}